{"id":8519,"date":"2021-04-28T14:22:02","date_gmt":"2021-04-28T11:22:02","guid":{"rendered":"https:\/\/sachviet.eu\/shop\/harry-potter-ngoai-truyen-set-3-quyen\/"},"modified":"2021-06-13T18:23:15","modified_gmt":"2021-06-13T15:23:15","slug":"harry-potter-ngoai-truyen-set-3-quyen","status":"publish","type":"product","link":"https:\/\/sachviet.eu\/en\/shop\/harry-potter-ngoai-truyen-set-3-quyen\/","title":{"rendered":"Harry Potter Ngo\u1ea1i Truy\u1ec7n &#8211; set 3 quy\u1ec3n"},"content":{"rendered":"<p>1. SINH V\u1eacT HUY\u1ec0N B\u00cd V\u00c0 N\u01a0I T\u00ccM RA CH\u00daNG<\/p>\n<p>Th\u1ebf gi\u1edbi ph\u00f9 th\u1ee7y h\u1eb3n s\u1ebd nh\u00e0m ch\u00e1n \u0111i r\u1ea5t nhi\u1ec1u n\u1ebfu kh\u00f4ng c\u00f3 Nh\u00e2n M\u00e3, Nh\u00e2n Ng\u01b0, B\u1ea1ch K\u1ef3 M\u00e3, R\u1ed3ng&#8230; v\u00e0 h\u00e0ng tr\u0103m lo\u00e0i sinh v\u1eadt huy\u1ec1n b\u00ed \u0111\u1ea7y s\u1ee9c m\u1ea1nh. Th\u1ebf nh\u01b0ng ch\u00fang s\u1ed1ng \u1edf \u0111\u00e2u, t\u1eadp t\u00ednh ra sao?<\/p>\n<p>Th\u1eadt th\u00fa v\u1ecb khi nh\u1eadn ra nh\u1eefng sinh v\u1eadt t\u1eebng \u0111\u01b0\u1ee3c nh\u1eafc \u0111\u1ebfn trong b\u1ed9 Harry ch\u00ednh truy\u1ec7n, c\u0169ng nh\u01b0 l\u00e0m quen v\u1edbi nh\u1eefng sinh v\u1eadt m\u1edbi tinh!<br \/>\nM\u1ed9t t\u00e1c ph\u1ea9m kh\u00f4ng th\u1ec3 thi\u1ebfu \u0111\u1ed1i v\u1edbi c\u00e1c Potterhead<\/p>\n<p>2. NH\u1eeeNG CHUY\u1ec6N K\u1ec2 C\u1ee6A BEEDLE NG\u01af\u1edcI H\u00c1T RONG<\/p>\n<p>Nh\u1eefng chuy\u1ec7n k\u1ec3 c\u1ee7a Beedle Ng\u01b0\u1eddi H\u00e1t Rong g\u1ed3m n\u0103m c\u00e2u chuy\u1ec7n th\u1ea7n ti\u00ean v\u1edbi nh\u1eefng ph\u00e9p thu\u1eadt l\u1ea1 l\u00f9ng \u0111\u1ed9c \u0111\u00e1o, nh\u1eefng t\u00ecnh hu\u1ed1ng c\u0103ng th\u1eb3ng h\u1ed3i h\u1ed9p s\u1ebd l\u00e0m say m\u00ea \u0111\u1ed9c gi\u1ea3 c\u1ee7a m\u1ecdi l\u1ee9a tu\u1ed5i. \u0110\u1eb7c bi\u1ec7t sau m\u1ed7i c\u00e2u chuy\u1ec7n c\u00f3 ph\u1ea7n b\u00ecnh lu\u1eadn c\u1ee7a gi\u00e1o s\u01b0 Albus Dumbledore. V\u1edbi nh\u1eefng suy ngh\u0129 s\u00e2u s\u1eafc \u00fd nh\u1ecb v\u00e0 ph\u1ea7n h\u00e9 l\u1ed9 th\u00f4ng tin v\u1ec1 cu\u1ed9c s\u1ed1ng t\u1ea1i tr\u01b0\u1eddng Hogwarts, nh\u1eefng l\u1eddi b\u00e0n c\u1ee7a gi\u00e1o s\u01b0 hy v\u1ecdng s\u1ebd \u0111\u01b0\u1ee3c d\u00e2n Muggles v\u00e0 gi\u1edbi ph\u00f9 th\u1ee7y y\u00eau th\u00edch nh\u01b0 nhau.<\/p>\n<p>S\u00e1ch c\u00f3 nhi\u1ec1u minh h\u1ecda \u0111\u1eb9p, r\u1ea5t \u0111\u01b0\u1ee3c y\u00eau th\u00edch trong gi\u1edd \u0111\u1ecdc s\u00e1ch tr\u01b0\u1edbc khi ng\u1ee7 \u1edf c\u00e1c gia \u0111\u00ecnh ph\u00f9 th\u1ee7y nhi\u1ec1u th\u1ebf k\u1ef7 qua.<\/p>\n<p>3. QUIDDITCH QUA C\u00c1C TH\u1edcI \u0110\u1ea0I<\/p>\n<p>Th\u1ebf gi\u1edbi ph\u00f9 th\u1ee7y c\u1ee7a Harry Potter m\u1ed9t l\u1ea7n n\u1eefa h\u00e9 c\u1eeda cho \u0111\u1ed9c gi\u1ea3 t\u00f2 m\u00f2: M\u00f4n Quidditch m\u00e0 Harry v\u00e0 Ron \u0111\u1ec1u say m\u00ea b\u1eaft ngu\u1ed3n t\u1eeb \u0111\u00e2u? Lu\u1eadt ch\u01a1i th\u1ebf n\u00e0o? \u0110\u1ed9i &#8220;\u0110\u1ea1i b\u00e1c Chudney&#8221; m\u00e0 Ron c\u00f3 \u00e1p ph\u00edch d\u00e1n \u0111\u1ea7y ph\u00f2ng ng\u1ee7 c\u00f3 g\u00ec l\u1ee3i h\u1ea1i?<\/p>\n<p>M\u00e0 quan tr\u1ecdng nh\u1ee9t: L\u00e0m sao c\u1ee5 Dumbledore m\u01b0\u1ee3n \u0111\u01b0\u1ee3c cu\u1ed1n s\u00e1ch ai c\u0169ng th\u00edch n\u00e0y t\u1eeb tay b\u00e0 th\u1ee7 th\u01b0 Pinch \u0111\u1ec3 cho d\u00e2n Muggle \u0111\u1ecdc k\u00e9 kia ch\u1edb?<\/p>\n<p>M\u1ed9t cu\u1ed1n s\u00e1ch kh\u00f4ng th\u1ec3 thi\u1ebfu c\u1ee7a c\u00e1c Potterhead.<\/p>\n","protected":false},"excerpt":{"rendered":"<p>1. SINH V\u1eacT HUY\u1ec0N B\u00cd V\u00c0 N\u01a0I T\u00ccM RA CH\u00daNG<\/p>\n<p>Th\u1ebf gi\u1edbi ph\u00f9 th\u1ee7y h\u1eb3n s\u1ebd nh\u00e0m ch\u00e1n \u0111i r\u1ea5t nhi\u1ec1u n\u1ebfu kh\u00f4ng c\u00f3 Nh\u00e2n M\u00e3, Nh\u00e2n Ng\u01b0, B\u1ea1ch K\u1ef3 M\u00e3, R\u1ed3ng&#8230; v\u00e0 h\u00e0ng tr\u0103m lo\u00e0i sinh v\u1eadt huy\u1ec1n b\u00ed \u0111\u1ea7y s\u1ee9c m\u1ea1nh. Th\u1ebf nh\u01b0ng ch\u00fang s\u1ed1ng \u1edf \u0111\u00e2u, t\u1eadp t\u00ednh ra sao?<\/p>\n<p>Th\u1eadt th\u00fa v\u1ecb khi nh\u1eadn ra nh\u1eefng sinh v\u1eadt t\u1eebng \u0111\u01b0\u1ee3c nh\u1eafc \u0111\u1ebfn trong b\u1ed9 Harry ch\u00ednh truy\u1ec7n, c\u0169ng nh\u01b0 l\u00e0m quen v\u1edbi nh\u1eefng sinh v\u1eadt m\u1edbi tinh!<br \/>\nM\u1ed9t t\u00e1c ph\u1ea9m kh\u00f4ng th\u1ec3 thi\u1ebfu \u0111\u1ed1i v\u1edbi c\u00e1c Potterhead<\/p>\n<p>2. NH\u1eeeNG CHUY\u1ec6N K\u1ec2 C\u1ee6A BEEDLE NG\u01af\u1edcI H\u00c1T RONG<\/p>\n<p>Nh\u1eefng chuy\u1ec7n k\u1ec3 c\u1ee7a Beedle Ng\u01b0\u1eddi H\u00e1t Rong g\u1ed3m n\u0103m c\u00e2u chuy\u1ec7n th\u1ea7n ti\u00ean v\u1edbi nh\u1eefng ph\u00e9p thu\u1eadt l\u1ea1 l\u00f9ng \u0111\u1ed9c \u0111\u00e1o, nh\u1eefng t\u00ecnh hu\u1ed1ng c\u0103ng th\u1eb3ng h\u1ed3i h\u1ed9p s\u1ebd l\u00e0m say m\u00ea \u0111\u1ed9c gi\u1ea3 c\u1ee7a m\u1ecdi l\u1ee9a tu\u1ed5i. \u0110\u1eb7c bi\u1ec7t sau m\u1ed7i c\u00e2u chuy\u1ec7n c\u00f3 ph\u1ea7n b\u00ecnh lu\u1eadn c\u1ee7a gi\u00e1o s\u01b0 Albus Dumbledore. V\u1edbi nh\u1eefng suy ngh\u0129 s\u00e2u s\u1eafc \u00fd nh\u1ecb v\u00e0 ph\u1ea7n h\u00e9 l\u1ed9 th\u00f4ng tin v\u1ec1 cu\u1ed9c s\u1ed1ng t\u1ea1i tr\u01b0\u1eddng Hogwarts, nh\u1eefng l\u1eddi b\u00e0n c\u1ee7a gi\u00e1o s\u01b0 hy v\u1ecdng s\u1ebd \u0111\u01b0\u1ee3c d\u00e2n Muggles v\u00e0 gi\u1edbi ph\u00f9 th\u1ee7y y\u00eau th\u00edch nh\u01b0 nhau.<\/p>\n<p>S\u00e1ch c\u00f3 nhi\u1ec1u minh h\u1ecda \u0111\u1eb9p, r\u1ea5t \u0111\u01b0\u1ee3c y\u00eau th\u00edch trong gi\u1edd \u0111\u1ecdc s\u00e1ch tr\u01b0\u1edbc khi ng\u1ee7 \u1edf c\u00e1c gia \u0111\u00ecnh ph\u00f9 th\u1ee7y nhi\u1ec1u th\u1ebf k\u1ef7 qua.<\/p>\n<p>3. QUIDDITCH QUA C\u00c1C TH\u1edcI \u0110\u1ea0I<\/p>\n<p>Th\u1ebf gi\u1edbi ph\u00f9 th\u1ee7y c\u1ee7a Harry Potter m\u1ed9t l\u1ea7n n\u1eefa h\u00e9 c\u1eeda cho \u0111\u1ed9c gi\u1ea3 t\u00f2 m\u00f2: M\u00f4n Quidditch m\u00e0 Harry v\u00e0 Ron \u0111\u1ec1u say m\u00ea b\u1eaft ngu\u1ed3n t\u1eeb \u0111\u00e2u? Lu\u1eadt ch\u01a1i th\u1ebf n\u00e0o? \u0110\u1ed9i &#8220;\u0110\u1ea1i b\u00e1c Chudney&#8221; m\u00e0 Ron c\u00f3 \u00e1p ph\u00edch d\u00e1n \u0111\u1ea7y ph\u00f2ng ng\u1ee7 c\u00f3 g\u00ec l\u1ee3i h\u1ea1i?<\/p>\n<p>M\u00e0 quan tr\u1ecdng nh\u1ee9t: L\u00e0m sao c\u1ee5 Dumbledore m\u01b0\u1ee3n \u0111\u01b0\u1ee3c cu\u1ed1n s\u00e1ch ai c\u0169ng th\u00edch n\u00e0y t\u1eeb tay b\u00e0 th\u1ee7 th\u01b0 Pinch \u0111\u1ec3 cho d\u00e2n Muggle \u0111\u1ecdc k\u00e9 kia ch\u1edb?<\/p>\n<p>M\u1ed9t cu\u1ed1n s\u00e1ch kh\u00f4ng th\u1ec3 thi\u1ebfu c\u1ee7a c\u00e1c Potterhead.<\/p>\n","protected":false},"featured_media":8514,"template":"","meta":{"_acf_changed":false},"product_brand":[],"product_cat":[15,74],"product_tag":[],"class_list":{"0":"post-8519","1":"product","2":"type-product","3":"status-publish","4":"has-post-thumbnail","6":"product_cat-sach-danh-cho-nguoi-lon","7":"product_cat-vien-tuong-kiem-hiep","9":"first","10":"outofstock","11":"taxable","12":"shipping-taxable","13":"purchasable","14":"product-type-simple"},"supplier_id":null,"supplier_sku":"","barcode":null,"atum_controlled":true,"out_stock_date":"2021-06-13 15:23:15","out_stock_threshold":null,"inheritable":false,"inbound_stock":0,"stock_on_hold":0,"sold_today":0,"sales_last_days":0,"reserved_stock":0,"customer_returns":0,"warehouse_damage":0,"lost_in_post":0,"other_logs":0,"out_stock_days":1690,"lost_sales":0,"has_location":false,"update_date":"2026-01-28T23:10:42","atum_locations":[],"atum_stock_status":"outofstock","restock_status":false,"low_stock_amount":"","sales_update_date":"2026-01-28T23:10:42","calc_backorders":null,"acf":{"publisher":{"ID":1517,"post_author":"1","post_date":"2021-02-17 01:14:41","post_date_gmt":"2021-02-16 23:14:41","post_content":"","post_title":"NXB Tr\u1ebb","post_excerpt":"","post_status":"publish","comment_status":"closed","ping_status":"closed","post_password":"","post_name":"nxb-tre","to_ping":"","pinged":"","post_modified":"2021-02-17 01:14:41","post_modified_gmt":"2021-02-16 23:14:41","post_content_filtered":"","post_parent":0,"guid":"https:\/\/sachviet.eu\/nha-phat-hanh\/nxb-tre\/","menu_order":0,"post_type":"publisher","post_mime_type":"","comment_count":"0","filter":"raw"}},"_links":{"self":[{"href":"https:\/\/sachviet.eu\/en\/wp-json\/wp\/v2\/product\/8519","targetHints":{"allow":["GET"]}}],"collection":[{"href":"https:\/\/sachviet.eu\/en\/wp-json\/wp\/v2\/product"}],"about":[{"href":"https:\/\/sachviet.eu\/en\/wp-json\/wp\/v2\/types\/product"}],"wp:featuredmedia":[{"embeddable":true,"href":"https:\/\/sachviet.eu\/en\/wp-json\/wp\/v2\/media\/8514"}],"wp:attachment":[{"href":"https:\/\/sachviet.eu\/en\/wp-json\/wp\/v2\/media?parent=8519"}],"wp:term":[{"taxonomy":"product_brand","embeddable":true,"href":"https:\/\/sachviet.eu\/en\/wp-json\/wp\/v2\/product_brand?post=8519"},{"taxonomy":"product_cat","embeddable":true,"href":"https:\/\/sachviet.eu\/en\/wp-json\/wp\/v2\/product_cat?post=8519"},{"taxonomy":"product_tag","embeddable":true,"href":"https:\/\/sachviet.eu\/en\/wp-json\/wp\/v2\/product_tag?post=8519"}],"curies":[{"name":"wp","href":"https:\/\/api.w.org\/{rel}","templated":true}]}}