{"id":8513,"date":"2021-04-28T14:21:44","date_gmt":"2021-04-28T11:21:44","guid":{"rendered":"https:\/\/sachviet.eu\/shop\/truyen-ke-hang-dem-cho-be-10-minute-set-2-quyen\/"},"modified":"2022-02-10T15:53:14","modified_gmt":"2022-02-10T13:53:14","slug":"truyen-ke-hang-dem-cho-be-10-minute-set-2-quyen","status":"publish","type":"product","link":"https:\/\/sachviet.eu\/en\/shop\/truyen-ke-hang-dem-cho-be-10-minute-set-2-quyen\/","title":{"rendered":"Truy\u1ec7n k\u1ec3 h\u1eb1ng \u0111\u00eam cho b\u00e9 &#8211; 10 Minute &#8211; Set 2 quy\u1ec3n"},"content":{"rendered":"<p>S\u00e1ch b\u00eca c\u1ee9ng \u2013 d\u00e0y h\u01a1n 200tr c\u01a1 \u1ea1!<br \/>\nB\u1ed9 truy\u1ec7n n\u00e0y \u0111\u01b0\u1ee3c vi\u1ebft d\u01b0\u1edbi d\u1ea1ng song ng\u1eef Anh \u2013 Vi\u1ec7t gi\u00fap b\u00e9 \u0111\u1ecdc ti\u1ebfng Anh m\u1ed9t c\u00e1ch hi\u1ec7u_qu\u1ea3 v\u00e0 b\u1ed5 sung v\u1ed1n t\u1eeb r\u1ea5t t\u1ef1 nhi\u00ean.<br \/>\nN\u1ed9i dung d\u1ec5 th\u01b0\u01a1ng, mang t\u00ednh nh\u00e2n v\u0103n s\u00e2u s\u1eafc l\u1ed3ng gh\u00e9p th\u00f4ng \u0111i\u1ec7p qua nhi\u1ec1u tuy\u1ebfn nh\u00e2n v\u1eadt, con v\u1eadt g\u1ea7n g\u0169i.<br \/>\nM\u1ed7i cu\u1ed1n s\u00e1ch t\u1ed5ng h\u1ee3p g\u1ea7n 20 c\u00e2u chuy\u1ec7n nh\u1ecf th\u00fa v\u1ecb xoay quanh: G\u00e0 m\u00e1i \u0110\u1ecf, G\u00e0 con, Ch\u00e2u Ch\u1ea5u, Ki\u1ebfn, c\u1eadu b\u00e9 ch\u0103n c\u1eebu\u2026. Th\u00f4ng qua nh\u1eefng t\u00ecnh hu\u1ed1ng truy\u1ec7n, b\u00e9 s\u1ebd h\u1ecdc \u0111\u01b0\u1ee3c nh\u1eefng k\u1ef9 n\u0103ng c\u01b0 x\u1eed l\u1ecbch s\u1ef1, bi\u1ebft quan t\u00e2m v\u00e0 bao dung, chia s\u1ebb v\u00e0 t\u00f4n tr\u1ecdng, b\u00ecnh t\u0129nh t\u1ef1 gi\u1ea3i quy\u1ebft kh\u00f3 kh\u0103n v\u00e0 \u0111\u1eb7c bi\u1ec7t hi\u1ec3u v\u00e0 t\u00f4n tr\u1ecdng thi\u00ean nhi\u00ean, y\u00eau th\u01b0\u01a1ng m\u1ecdi ng\u01b0\u1eddi xung quanh.<br \/>\nT\u1eeb \u0111\u00f3 t\u1ea1o d\u1ef1ng cho con k\u1ef9 n\u0103ng s\u1ed1ng v\u00e0 h\u00ecnh th\u00e0nh th\u00f3i quen t\u1ed1t<br \/>\nH\u00ecnh \u1ea3nh minh h\u1ecda t\u01b0\u01a1i s\u00e1ng, \u0111\u00e1ng y\u00eau, ng\u00f4n t\u1eeb t\u00edch c\u1ef1c, ng\u1eafn g\u1ecdn v\u00e0 gi\u00e0u s\u1ee9c g\u1ee3i, r\u1ea5t ph\u00f9 h\u1ee3p v\u1edbi t\u00e2m l\u00fd c\u1ee7a c\u00e1c b\u1ea1n nh\u1ecf. <\/p>\n","protected":false},"excerpt":{"rendered":"<p>B\u1ed9 truy\u1ec7n n\u00e0y \u0111\u01b0\u1ee3c vi\u1ebft d\u01b0\u1edbi d\u1ea1ng song ng\u1eef Anh \u2013 Vi\u1ec7t gi\u00fap b\u00e9 \u0111\u1ecdc ti\u1ebfng Anh m\u1ed9t c\u00e1ch hi\u1ec7u_qu\u1ea3 v\u00e0 b\u1ed5 sung v\u1ed1n t\u1eeb r\u1ea5t t\u1ef1 nhi\u00ean.<br \/>\nN\u1ed9i dung d\u1ec5 th\u01b0\u01a1ng, mang t\u00ednh nh\u00e2n v\u0103n s\u00e2u s\u1eafc l\u1ed3ng gh\u00e9p th\u00f4ng \u0111i\u1ec7p qua nhi\u1ec1u tuy\u1ebfn nh\u00e2n v\u1eadt, con v\u1eadt g\u1ea7n g\u0169i.<br \/>\nM\u1ed7i cu\u1ed1n s\u00e1ch t\u1ed5ng h\u1ee3p g\u1ea7n 20 c\u00e2u chuy\u1ec7n nh\u1ecf th\u00fa v\u1ecb xoay quanh: G\u00e0 m\u00e1i \u0110\u1ecf, G\u00e0 con, Ch\u00e2u Ch\u1ea5u, Ki\u1ebfn, c\u1eadu b\u00e9 ch\u0103n c\u1eebu\u2026. Th\u00f4ng qua nh\u1eefng t\u00ecnh hu\u1ed1ng truy\u1ec7n, b\u00e9 s\u1ebd h\u1ecdc \u0111\u01b0\u1ee3c nh\u1eefng k\u1ef9 n\u0103ng c\u01b0 x\u1eed l\u1ecbch s\u1ef1, bi\u1ebft quan t\u00e2m v\u00e0 bao dung, chia s\u1ebb v\u00e0 t\u00f4n tr\u1ecdng, b\u00ecnh t\u0129nh t\u1ef1 gi\u1ea3i quy\u1ebft kh\u00f3 kh\u0103n v\u00e0 \u0111\u1eb7c bi\u1ec7t hi\u1ec3u v\u00e0 t\u00f4n tr\u1ecdng thi\u00ean nhi\u00ean, y\u00eau th\u01b0\u01a1ng m\u1ecdi ng\u01b0\u1eddi xung quanh.<br \/>\nT\u1eeb \u0111\u00f3 t\u1ea1o d\u1ef1ng cho con k\u1ef9 n\u0103ng s\u1ed1ng v\u00e0 h\u00ecnh th\u00e0nh th\u00f3i quen t\u1ed1t<br \/>\nH\u00ecnh \u1ea3nh minh h\u1ecda t\u01b0\u01a1i s\u00e1ng, \u0111\u00e1ng y\u00eau, ng\u00f4n t\u1eeb t\u00edch c\u1ef1c, ng\u1eafn g\u1ecdn v\u00e0 gi\u00e0u s\u1ee9c g\u1ee3i, r\u1ea5t ph\u00f9 h\u1ee3p v\u1edbi t\u00e2m l\u00fd c\u1ee7a c\u00e1c b\u1ea1n nh\u1ecf.<\/p>\n","protected":false},"featured_media":8504,"template":"","meta":{"_acf_changed":false},"product_brand":[],"product_cat":[25,17,39,26],"product_tag":[],"class_list":{"0":"post-8513","1":"product","2":"type-product","3":"status-publish","4":"has-post-thumbnail","6":"product_cat-nhi-dong-6-tuoi-12-tuoi","7":"product_cat-sach-danh-cho-cac-be","8":"product_cat-sach-song-ngu-anh-viet","9":"product_cat-thieu-nien-11-tuoi-18-tuoi","11":"first","12":"outofstock","13":"taxable","14":"shipping-taxable","15":"purchasable","16":"product-type-simple"},"supplier_id":null,"supplier_sku":"","barcode":null,"atum_controlled":true,"out_stock_date":"2022-02-10 11:53:14","out_stock_threshold":null,"inheritable":false,"inbound_stock":0,"stock_on_hold":0,"sold_today":0,"sales_last_days":0,"reserved_stock":0,"customer_returns":0,"warehouse_damage":0,"lost_in_post":0,"other_logs":0,"out_stock_days":1448,"lost_sales":0,"has_location":false,"update_date":"2026-01-28T23:10:42","atum_locations":[],"atum_stock_status":"outofstock","restock_status":false,"low_stock_amount":"","sales_update_date":"2026-01-28T23:10:42","calc_backorders":null,"acf":{"publisher":{"ID":8503,"post_author":"1","post_date":"2021-04-28 14:21:36","post_date_gmt":"2021-04-28 11:21:36","post_content":"","post_title":"\u00c1 Ch\u00e2u Education","post_excerpt":"","post_status":"publish","comment_status":"closed","ping_status":"closed","post_password":"","post_name":"a-chau-education","to_ping":"","pinged":"","post_modified":"2021-04-28 14:21:36","post_modified_gmt":"2021-04-28 11:21:36","post_content_filtered":"","post_parent":0,"guid":"https:\/\/sachviet.eu\/nha-phat-hanh\/a-chau-education\/","menu_order":0,"post_type":"publisher","post_mime_type":"","comment_count":"0","filter":"raw"}},"_links":{"self":[{"href":"https:\/\/sachviet.eu\/en\/wp-json\/wp\/v2\/product\/8513","targetHints":{"allow":["GET"]}}],"collection":[{"href":"https:\/\/sachviet.eu\/en\/wp-json\/wp\/v2\/product"}],"about":[{"href":"https:\/\/sachviet.eu\/en\/wp-json\/wp\/v2\/types\/product"}],"wp:featuredmedia":[{"embeddable":true,"href":"https:\/\/sachviet.eu\/en\/wp-json\/wp\/v2\/media\/8504"}],"wp:attachment":[{"href":"https:\/\/sachviet.eu\/en\/wp-json\/wp\/v2\/media?parent=8513"}],"wp:term":[{"taxonomy":"product_brand","embeddable":true,"href":"https:\/\/sachviet.eu\/en\/wp-json\/wp\/v2\/product_brand?post=8513"},{"taxonomy":"product_cat","embeddable":true,"href":"https:\/\/sachviet.eu\/en\/wp-json\/wp\/v2\/product_cat?post=8513"},{"taxonomy":"product_tag","embeddable":true,"href":"https:\/\/sachviet.eu\/en\/wp-json\/wp\/v2\/product_tag?post=8513"}],"curies":[{"name":"wp","href":"https:\/\/api.w.org\/{rel}","templated":true}]}}