{"id":8488,"date":"2021-04-28T14:20:51","date_gmt":"2021-04-28T11:20:51","guid":{"rendered":"https:\/\/sachviet.eu\/shop\/doi-ngan-dung-ngu-dai-tai-ban\/"},"modified":"2023-04-11T16:38:42","modified_gmt":"2023-04-11T13:38:42","slug":"doi-ngan-dung-ngu-dai-tai-ban","status":"publish","type":"product","link":"https:\/\/sachviet.eu\/en\/shop\/doi-ngan-dung-ngu-dai-tai-ban\/","title":{"rendered":"\u0110\u1eddi Ng\u1eafn \u0110\u1eebng Ng\u1ee7 D\u00e0i (T\u00e1i B\u1ea3n)"},"content":{"rendered":"<p>\u201cM\u1ecdi l\u1ef1a ch\u1ecdn \u0111\u1ec1u gi\u00e1 tr\u1ecb. M\u1ecdi b\u01b0\u1edbc \u0111i \u0111\u1ec1u quan tr\u1ecdng. Cu\u1ed9c s\u1ed1ng v\u1eabn di\u1ec5n ra theo c\u00e1ch c\u1ee7a n\u00f3, kh\u00f4ng ph\u1ea3i theo c\u00e1ch c\u1ee7a ta. H\u00e3y ki\u00ean nh\u1eabn. Tin t\u01b0\u1edfng. H\u00e3y gi\u1ed1ng nh\u01b0 ng\u01b0\u1eddi th\u1ee3 c\u1eaft \u0111\u00e1, \u0111\u1ec1u \u0111\u1eb7n t\u1eebng nh\u1ecbp, ng\u00e0y qua ng\u00e0y. Cu\u1ed1i c\u00f9ng, m\u1ed9t nh\u00e1t c\u1eaft duy nh\u1ea5t s\u1ebd ph\u00e1 v\u1ee1 t\u1ea3ng \u0111\u00e1 v\u00e0 l\u1ed9 ra vi\u00ean kim c\u01b0\u01a1ng. Ng\u01b0\u1eddi tr\u00e0n \u0111\u1ea7y nhi\u1ec7t huy\u1ebft v\u00e0 t\u1eadn t\u00e2m v\u1edbi vi\u1ec7c m\u00ecnh l\u00e0m kh\u00f4ng bao gi\u1edd b\u1ecb ch\u1ed1i b\u1ecf. S\u1ef1 th\u1eadt l\u00e0 th\u1ebf.\u201d<\/p>\n<p>B\u1eb1ng nh\u1eefng l\u1eddi chia s\u1ebb th\u1eadt ng\u1eafn g\u1ecdn, d\u1ec5 hi\u1ec3u v\u1ec1 nh\u1eefng tr\u1ea3i nghi\u1ec7m v\u00e0 suy ng\u1eabm trong \u0111\u1eddi, Robin Sharma ti\u1ebfp t\u1ee5c phong c\u00e1ch vi\u1ebft c\u1ee7a \u00f4ng t\u1eeb cu\u1ed1n s\u00e1ch \u0110i\u1ec1u v\u0129 \u0111\u1ea1i \u0111\u1eddi th\u01b0\u1eddng \u0111\u1ec3 mang \u0111\u1ebfn cho \u0111\u1ed9c gi\u1ea3 nh\u1eefng b\u00e0i vi\u1ebft nh\u01b0 l\u1eddi t\u00e2m s\u1ef1, v\u1eeba ch\u00e2n th\u00e0nh v\u1eeba s\u00e2u s\u1eafc.<\/p>\n","protected":false},"excerpt":{"rendered":"<p>\u201cM\u1ecdi l\u1ef1a ch\u1ecdn \u0111\u1ec1u gi\u00e1 tr\u1ecb. M\u1ecdi b\u01b0\u1edbc \u0111i \u0111\u1ec1u quan tr\u1ecdng. Cu\u1ed9c s\u1ed1ng v\u1eabn di\u1ec5n ra theo c\u00e1ch c\u1ee7a n\u00f3, kh\u00f4ng ph\u1ea3i theo c\u00e1ch c\u1ee7a ta. H\u00e3y ki\u00ean nh\u1eabn. Tin t\u01b0\u1edfng. H\u00e3y gi\u1ed1ng nh\u01b0 ng\u01b0\u1eddi th\u1ee3 c\u1eaft \u0111\u00e1, \u0111\u1ec1u \u0111\u1eb7n t\u1eebng nh\u1ecbp, ng\u00e0y qua ng\u00e0y. Cu\u1ed1i c\u00f9ng, m\u1ed9t nh\u00e1t c\u1eaft duy nh\u1ea5t s\u1ebd ph\u00e1 v\u1ee1 t\u1ea3ng \u0111\u00e1 v\u00e0 l\u1ed9 ra vi\u00ean kim c\u01b0\u01a1ng. Ng\u01b0\u1eddi tr\u00e0n \u0111\u1ea7y nhi\u1ec7t huy\u1ebft v\u00e0 t\u1eadn t\u00e2m v\u1edbi vi\u1ec7c m\u00ecnh l\u00e0m kh\u00f4ng bao gi\u1edd b\u1ecb ch\u1ed1i b\u1ecf. S\u1ef1 th\u1eadt l\u00e0 th\u1ebf.\u201d<\/p>\n<p>B\u1eb1ng nh\u1eefng l\u1eddi chia s\u1ebb th\u1eadt ng\u1eafn g\u1ecdn, d\u1ec5 hi\u1ec3u v\u1ec1 nh\u1eefng tr\u1ea3i nghi\u1ec7m v\u00e0 suy ng\u1eabm trong \u0111\u1eddi, Robin Sharma ti\u1ebfp t\u1ee5c phong c\u00e1ch vi\u1ebft c\u1ee7a \u00f4ng t\u1eeb cu\u1ed1n s\u00e1ch \u0110i\u1ec1u v\u0129 \u0111\u1ea1i \u0111\u1eddi th\u01b0\u1eddng \u0111\u1ec3 mang \u0111\u1ebfn cho \u0111\u1ed9c gi\u1ea3 nh\u1eefng b\u00e0i vi\u1ebft nh\u01b0 l\u1eddi t\u00e2m s\u1ef1, v\u1eeba ch\u00e2n th\u00e0nh v\u1eeba s\u00e2u s\u1eafc.<\/p>\n","protected":false},"featured_media":8487,"template":"","meta":{"_acf_changed":false},"product_brand":[],"product_cat":[15,46],"product_tag":[],"class_list":{"0":"post-8488","1":"product","2":"type-product","3":"status-publish","4":"has-post-thumbnail","6":"product_cat-sach-danh-cho-nguoi-lon","7":"product_cat-ky-nang-song","9":"first","10":"outofstock","11":"taxable","12":"shipping-taxable","13":"purchasable","14":"product-type-simple"},"supplier_id":null,"supplier_sku":"","barcode":null,"atum_controlled":true,"out_stock_date":"2023-04-11 13:38:42","out_stock_threshold":null,"inheritable":false,"inbound_stock":0,"stock_on_hold":0,"sold_today":0,"sales_last_days":0,"reserved_stock":0,"customer_returns":0,"warehouse_damage":0,"lost_in_post":0,"other_logs":0,"out_stock_days":1023,"lost_sales":0,"has_location":false,"update_date":"2026-01-28T23:10:42","atum_locations":[],"atum_stock_status":"outofstock","restock_status":false,"low_stock_amount":"","sales_update_date":"2026-01-28T23:10:42","calc_backorders":null,"acf":{"publisher":{"ID":1517,"post_author":"1","post_date":"2021-02-17 01:14:41","post_date_gmt":"2021-02-16 23:14:41","post_content":"","post_title":"NXB Tr\u1ebb","post_excerpt":"","post_status":"publish","comment_status":"closed","ping_status":"closed","post_password":"","post_name":"nxb-tre","to_ping":"","pinged":"","post_modified":"2021-02-17 01:14:41","post_modified_gmt":"2021-02-16 23:14:41","post_content_filtered":"","post_parent":0,"guid":"https:\/\/sachviet.eu\/nha-phat-hanh\/nxb-tre\/","menu_order":0,"post_type":"publisher","post_mime_type":"","comment_count":"0","filter":"raw"}},"_links":{"self":[{"href":"https:\/\/sachviet.eu\/en\/wp-json\/wp\/v2\/product\/8488","targetHints":{"allow":["GET"]}}],"collection":[{"href":"https:\/\/sachviet.eu\/en\/wp-json\/wp\/v2\/product"}],"about":[{"href":"https:\/\/sachviet.eu\/en\/wp-json\/wp\/v2\/types\/product"}],"wp:featuredmedia":[{"embeddable":true,"href":"https:\/\/sachviet.eu\/en\/wp-json\/wp\/v2\/media\/8487"}],"wp:attachment":[{"href":"https:\/\/sachviet.eu\/en\/wp-json\/wp\/v2\/media?parent=8488"}],"wp:term":[{"taxonomy":"product_brand","embeddable":true,"href":"https:\/\/sachviet.eu\/en\/wp-json\/wp\/v2\/product_brand?post=8488"},{"taxonomy":"product_cat","embeddable":true,"href":"https:\/\/sachviet.eu\/en\/wp-json\/wp\/v2\/product_cat?post=8488"},{"taxonomy":"product_tag","embeddable":true,"href":"https:\/\/sachviet.eu\/en\/wp-json\/wp\/v2\/product_tag?post=8488"}],"curies":[{"name":"wp","href":"https:\/\/api.w.org\/{rel}","templated":true}]}}