{"id":8484,"date":"2021-04-28T14:20:43","date_gmt":"2021-04-28T11:20:43","guid":{"rendered":"https:\/\/sachviet.eu\/shop\/hai-so-phan-bia-cung-huy-hoang\/"},"modified":"2021-07-26T19:33:52","modified_gmt":"2021-07-26T16:33:52","slug":"hai-so-phan-bia-cung-huy-hoang","status":"publish","type":"product","link":"https:\/\/sachviet.eu\/en\/shop\/hai-so-phan-bia-cung-huy-hoang\/","title":{"rendered":"Hai s\u1ed1 ph\u1eadn &#8211; (B\u00eca c\u1ee9ng &#8211; Huy Ho\u00e0ng)"},"content":{"rendered":"<p>\u201cHai s\u1ed1 ph\u1eadn\u201d kh\u00f4ng ch\u1ec9 \u0111\u01a1n thu\u1ea7n l\u00e0 m\u1ed9t cu\u1ed1n ti\u1ec3u thuy\u1ebft, \u0111\u00e2y c\u00f3 th\u1ec3 xem l\u00e0 &#8220;th\u00e1nh kinh&#8221; cho nh\u1eefng ng\u01b0\u1eddi \u0111\u1ecdc v\u00e0 suy ng\u1eabm, nh\u1eefng ai kh\u00f4ng d\u1ec5 d\u00e3i, kh\u00f4ng ch\u1ea5p nh\u1eadn l\u1ed1i m\u00f2n.<br \/>\n\u201cHai s\u1ed1 ph\u1eadn\u201d l\u00e0m rung \u0111\u1ed9ng m\u1ecdi tr\u00e1i tim qu\u1ea3 c\u1ea3m, n\u00f3 c\u00f3 th\u1ec3 l\u00e0m thay \u0111\u1ed5i c\u1ea3 cu\u1ed9c \u0111\u1eddi b\u1ea1n. \u0110\u1ecdc cu\u1ed1n s\u00e1ch n\u00e0y, b\u1ea1n s\u1ebd b\u1ecb chi ph\u1ed1i b\u1edfi c\u00e1 t\u00ednh c\u1ee7a hai nh\u00e2n v\u1eadt ch\u00ednh, ho\u1eb7c b\u1ea1n l\u00e0 Kane, ho\u1eb7c s\u1ebd l\u00e0 Abel, kh\u00f4ng th\u1ec3 n\u00e0o nh\u1ea7m l\u1eabn. V\u00e0 \u0111i\u1ec1u \u0111\u00f3 s\u1ebd khi\u1ebfn b\u1ea1n th\u1ea5y \u0111\u01b0\u1ee3c ch\u00ednh m\u00ecnh.<br \/>\nKhi b\u1ea1n y\u00eau th\u00edch t\u00e1c ph\u1ea9m n\u00e0y, ng\u01b0\u1eddi ta s\u1ebd nh\u00ecn ra c\u00e1 t\u00ednh v\u00e0 t\u00e2m h\u1ed3n th\u00fa v\u1ecb c\u1ee7a b\u1ea1n!<br \/>\n\u201cN\u1ebfu c\u00f3 gi\u1ea3i th\u01b0\u1edfng Nobel v\u1ec1 kh\u1ea3 n\u0103ng k\u1ec3 chuy\u1ec7n, gi\u1ea3i th\u01b0\u1edfng \u0111\u00f3 ch\u1eafc ch\u1eafn s\u1ebd thu\u1ed9c v\u1ec1 Archer.\u201d<br \/>\n &#8211; Daily Telegraph-<br \/>\n(\u201cHai s\u1ed1 ph\u1eadn\u201d (Kane &amp; Abel) l\u00e0 c\u00e2u chuy\u1ec7n v\u1ec1 hai ng\u01b0\u1eddi \u0111\u00e0n \u00f4ng \u0111i t\u00ecm vinh quang. William Kane l\u00e0 con m\u1ed9t tri\u1ec7u ph\u00fa n\u1ed5i ti\u1ebfng tr\u00ean \u0111\u1ea5t M\u1ef9, l\u1edbn l\u00ean trong nhung l\u1ee5a c\u1ee7a th\u1ebf gi\u1edbi th\u01b0\u1ee3ng l\u01b0u. Wladek Koskiewicz l\u00e0 \u0111\u1ee9a tr\u1ebb kh\u00f4ng r\u00f5 xu\u1ea5t th\u00e2n, \u0111\u01b0\u1ee3c gia \u0111\u00ecnh ng\u01b0\u1eddi b\u1eaby th\u00fa nh\u1eb7t v\u1ec1 nu\u00f4i. M\u1ed9t ng\u01b0\u1eddi \u0111\u01b0\u1ee3c \u1ea5n \u0111\u1ecbnh \u0111\u1ec3 tr\u1edf th\u00e0nh ch\u1ee7 ng\u00e2n h\u00e0ng khi l\u1edbn l\u00ean, ng\u01b0\u1eddi kia nh\u1eadp c\u01b0 v\u00e0o M\u1ef9 c\u00f9ng \u0111o\u00e0n ng\u01b0\u1eddi ngh\u00e8o kh\u1ed5.<br \/>\nTr\u1ea3i qua h\u01a1n s\u00e1u m\u01b0\u01a1i n\u0103m v\u1edbi bi\u1ebft bao bi\u1ebfn \u0111\u1ed9ng, hai con ng\u01b0\u1eddi gi\u00e0u ho\u00e0i b\u00e3o mi\u1ec7t m\u00e0i x\u00e2y d\u1ef1ng v\u1eadn m\u1ec7nh c\u1ee7a m\u00ecnh . \u201cHai s\u1ed1 ph\u1eadn\u201d n\u00f3i v\u1ec1 n\u1ed7i kh\u00e1t khao ch\u00e1y b\u1ecfng, nh\u1eefng ngh\u0129a c\u1eed, nh\u1eefng m\u1ed1i th\u00e2m th\u00f9, t\u1eebng b\u01b0\u1edbc \u0111\u01b0\u1eddng phi\u00eau l\u01b0u, hi\u1ec7n th\u1ef1c th\u1ebf gi\u1edbi v\u00e0 nh\u1eefng g\u00f3c khu\u1ea5t&#8230; m\u00ea ho\u1eb7c ng\u01b0\u1eddi \u0111\u1ecdc b\u1eb1ng ng\u00f4n t\u1eeb c\u00f4 \u0111\u1ecdng, hai m\u1ea1ch truy\u1ec7n song song \u0111\u01b0\u1ee3c x\u00e2y d\u1ef1ng tinh t\u1ebf t\u1eeb nh\u1eefng chi ti\u1ebft nh\u1ecf nh\u1ea5t.) <\/p>\n","protected":false},"excerpt":{"rendered":"<p>\u201cHai s\u1ed1 ph\u1eadn\u201d kh\u00f4ng ch\u1ec9 \u0111\u01a1n thu\u1ea7n l\u00e0 m\u1ed9t cu\u1ed1n ti\u1ec3u thuy\u1ebft, \u0111\u00e2y c\u00f3 th\u1ec3 xem l\u00e0 &#8220;th\u00e1nh kinh&#8221; cho nh\u1eefng ng\u01b0\u1eddi \u0111\u1ecdc v\u00e0 suy ng\u1eabm, nh\u1eefng ai kh\u00f4ng d\u1ec5 d\u00e3i, kh\u00f4ng ch\u1ea5p nh\u1eadn l\u1ed1i m\u00f2n.<br \/>\n\u201cHai s\u1ed1 ph\u1eadn\u201d l\u00e0m rung \u0111\u1ed9ng m\u1ecdi tr\u00e1i tim qu\u1ea3 c\u1ea3m, n\u00f3 c\u00f3 th\u1ec3 l\u00e0m thay \u0111\u1ed5i c\u1ea3 cu\u1ed9c \u0111\u1eddi b\u1ea1n. \u0110\u1ecdc cu\u1ed1n s\u00e1ch n\u00e0y, b\u1ea1n s\u1ebd b\u1ecb chi ph\u1ed1i b\u1edfi c\u00e1 t\u00ednh c\u1ee7a hai nh\u00e2n v\u1eadt ch\u00ednh, ho\u1eb7c b\u1ea1n l\u00e0 Kane, ho\u1eb7c s\u1ebd l\u00e0 Abel, kh\u00f4ng th\u1ec3 n\u00e0o nh\u1ea7m l\u1eabn. V\u00e0 \u0111i\u1ec1u \u0111\u00f3 s\u1ebd khi\u1ebfn b\u1ea1n th\u1ea5y \u0111\u01b0\u1ee3c ch\u00ednh m\u00ecnh.<br \/>\nKhi b\u1ea1n y\u00eau th\u00edch t\u00e1c ph\u1ea9m n\u00e0y, ng\u01b0\u1eddi ta s\u1ebd nh\u00ecn ra c\u00e1 t\u00ednh v\u00e0 t\u00e2m h\u1ed3n th\u00fa v\u1ecb c\u1ee7a b\u1ea1n!<br \/>\n\u201cN\u1ebfu c\u00f3 gi\u1ea3i th\u01b0\u1edfng Nobel v\u1ec1 kh\u1ea3 n\u0103ng k\u1ec3 chuy\u1ec7n, gi\u1ea3i th\u01b0\u1edfng \u0111\u00f3 ch\u1eafc ch\u1eafn s\u1ebd thu\u1ed9c v\u1ec1 Archer.\u201d<br \/>\n &#8211; Daily Telegraph-<br \/>\n(\u201cHai s\u1ed1 ph\u1eadn\u201d (Kane &amp; Abel) l\u00e0 c\u00e2u chuy\u1ec7n v\u1ec1 hai ng\u01b0\u1eddi \u0111\u00e0n \u00f4ng \u0111i t\u00ecm vinh quang. William Kane l\u00e0 con m\u1ed9t tri\u1ec7u ph\u00fa n\u1ed5i ti\u1ebfng tr\u00ean \u0111\u1ea5t M\u1ef9, l\u1edbn l\u00ean trong nhung l\u1ee5a c\u1ee7a th\u1ebf gi\u1edbi th\u01b0\u1ee3ng l\u01b0u. Wladek Koskiewicz l\u00e0 \u0111\u1ee9a tr\u1ebb kh\u00f4ng r\u00f5 xu\u1ea5t th\u00e2n, \u0111\u01b0\u1ee3c gia \u0111\u00ecnh ng\u01b0\u1eddi b\u1eaby th\u00fa nh\u1eb7t v\u1ec1 nu\u00f4i. M\u1ed9t ng\u01b0\u1eddi \u0111\u01b0\u1ee3c \u1ea5n \u0111\u1ecbnh \u0111\u1ec3 tr\u1edf th\u00e0nh ch\u1ee7 ng\u00e2n h\u00e0ng khi l\u1edbn l\u00ean, ng\u01b0\u1eddi kia nh\u1eadp c\u01b0 v\u00e0o M\u1ef9 c\u00f9ng \u0111o\u00e0n ng\u01b0\u1eddi ngh\u00e8o kh\u1ed5.<br \/>\nTr\u1ea3i qua h\u01a1n s\u00e1u m\u01b0\u01a1i n\u0103m v\u1edbi bi\u1ebft bao bi\u1ebfn \u0111\u1ed9ng, hai con ng\u01b0\u1eddi gi\u00e0u ho\u00e0i b\u00e3o mi\u1ec7t m\u00e0i x\u00e2y d\u1ef1ng v\u1eadn m\u1ec7nh c\u1ee7a m\u00ecnh . \u201cHai s\u1ed1 ph\u1eadn\u201d n\u00f3i v\u1ec1 n\u1ed7i kh\u00e1t khao ch\u00e1y b\u1ecfng, nh\u1eefng ngh\u0129a c\u1eed, nh\u1eefng m\u1ed1i th\u00e2m th\u00f9, t\u1eebng b\u01b0\u1edbc \u0111\u01b0\u1eddng phi\u00eau l\u01b0u, hi\u1ec7n th\u1ef1c th\u1ebf gi\u1edbi v\u00e0 nh\u1eefng g\u00f3c khu\u1ea5t&#8230; m\u00ea ho\u1eb7c ng\u01b0\u1eddi \u0111\u1ecdc b\u1eb1ng ng\u00f4n t\u1eeb c\u00f4 \u0111\u1ecdng, hai m\u1ea1ch truy\u1ec7n song song \u0111\u01b0\u1ee3c x\u00e2y d\u1ef1ng tinh t\u1ebf t\u1eeb nh\u1eefng chi ti\u1ebft nh\u1ecf nh\u1ea5t.)<\/p>\n","protected":false},"featured_media":8473,"template":"","meta":{"_acf_changed":false},"product_brand":[],"product_cat":[15,45,77],"product_tag":[],"class_list":{"0":"post-8484","1":"product","2":"type-product","3":"status-publish","4":"has-post-thumbnail","6":"product_cat-sach-danh-cho-nguoi-lon","7":"product_cat-tieu-thuyet","8":"product_cat-van-hoc-kinh-dien","10":"first","11":"outofstock","12":"taxable","13":"shipping-taxable","14":"purchasable","15":"product-type-simple"},"supplier_id":null,"supplier_sku":"","barcode":null,"atum_controlled":true,"out_stock_date":"2021-07-26 16:33:52","out_stock_threshold":null,"inheritable":false,"inbound_stock":0,"stock_on_hold":0,"sold_today":0,"sales_last_days":0,"reserved_stock":0,"customer_returns":0,"warehouse_damage":0,"lost_in_post":0,"other_logs":0,"out_stock_days":1647,"lost_sales":0,"has_location":false,"update_date":"2026-01-28T23:10:42","atum_locations":[],"atum_stock_status":"outofstock","restock_status":false,"low_stock_amount":"","sales_update_date":"2026-01-28T23:10:42","calc_backorders":null,"acf":{"publisher":{"ID":1472,"post_author":"1","post_date":"2021-02-17 01:12:50","post_date_gmt":"2021-02-16 23:12:50","post_content":"","post_title":"Huy Ho\u00e0ng Bookstore","post_excerpt":"","post_status":"publish","comment_status":"closed","ping_status":"closed","post_password":"","post_name":"huy-hoang-bookstore","to_ping":"","pinged":"","post_modified":"2021-02-17 01:12:50","post_modified_gmt":"2021-02-16 23:12:50","post_content_filtered":"","post_parent":0,"guid":"https:\/\/sachviet.eu\/nha-phat-hanh\/huy-hoang-bookstore\/","menu_order":0,"post_type":"publisher","post_mime_type":"","comment_count":"0","filter":"raw"}},"_links":{"self":[{"href":"https:\/\/sachviet.eu\/en\/wp-json\/wp\/v2\/product\/8484","targetHints":{"allow":["GET"]}}],"collection":[{"href":"https:\/\/sachviet.eu\/en\/wp-json\/wp\/v2\/product"}],"about":[{"href":"https:\/\/sachviet.eu\/en\/wp-json\/wp\/v2\/types\/product"}],"wp:featuredmedia":[{"embeddable":true,"href":"https:\/\/sachviet.eu\/en\/wp-json\/wp\/v2\/media\/8473"}],"wp:attachment":[{"href":"https:\/\/sachviet.eu\/en\/wp-json\/wp\/v2\/media?parent=8484"}],"wp:term":[{"taxonomy":"product_brand","embeddable":true,"href":"https:\/\/sachviet.eu\/en\/wp-json\/wp\/v2\/product_brand?post=8484"},{"taxonomy":"product_cat","embeddable":true,"href":"https:\/\/sachviet.eu\/en\/wp-json\/wp\/v2\/product_cat?post=8484"},{"taxonomy":"product_tag","embeddable":true,"href":"https:\/\/sachviet.eu\/en\/wp-json\/wp\/v2\/product_tag?post=8484"}],"curies":[{"name":"wp","href":"https:\/\/api.w.org\/{rel}","templated":true}]}}