{"id":8439,"date":"2021-04-28T14:18:17","date_gmt":"2021-04-28T11:18:17","guid":{"rendered":"https:\/\/sachviet.eu\/shop\/bam-thay-tuong-co-thay-vu-den-tim-tai-ban-2021\/"},"modified":"2022-12-15T14:11:14","modified_gmt":"2022-12-15T12:11:14","slug":"bam-thay-tuong-co-thay-vu-den-tim-tai-ban-2021","status":"publish","type":"product","link":"https:\/\/sachviet.eu\/en\/shop\/bam-thay-tuong-co-thay-vu-den-tim-tai-ban-2021\/","title":{"rendered":"B\u1ea9m Th\u1ea7y T\u01b0\u1eddng, C\u00f3 Th\u1ea7y V\u0169 \u0110\u1ebfn T\u00ecm! &#8211; T\u00e1i B\u1ea3n 2021"},"content":{"rendered":"<p>B\u1ea9m Th\u1ea7y T\u01b0\u1eddng, C\u00f3 Th\u1ea7y V\u0169 \u0110\u1ebfn T\u00ecm!<\/p>\n<p>C\u00e2u chuy\u1ec7n h\u00e0ng ng\u00e0y v\u1ec1 m\u1ed9t anh th\u1ea7y \u0111\u1ed3 v\u00e0 m\u1ed9t anh th\u1ea7y lang.<\/p>\n<p>Kh\u00f4ng \u1ed3n \u00e0o, huy\u00ean n\u00e1o, nh\u01b0 m\u1ed9t \u00e1ng v\u0103n xu\u00f4i nh\u1eb9 nh\u00e0ng, v\u1edbi b\u1ed1i c\u1ea3nh l\u00e0ng qu\u00ea Vi\u1ec7t Nam ng\u00e0y x\u01b0a c\u0169, \u0111\u00e2y ch\u1ec9 l\u00e0 nh\u1eefng chuy\u1ec7n t\u00ecnh tang nho nh\u1ecf, linh tinh v\u1ee5n v\u1eb7t c\u1ee7a hai anh v\u00e0 m\u1ecdi ng\u01b0\u1eddi xung quanh.<\/p>\n<p>Ch\u01b0\u01a1ng \u0111\u1ea7u ti\u00ean c\u1ee7a cu\u1ed1n s\u00e1ch \u201cB\u1ea9m th\u1ea7y T\u01b0\u1eddng, c\u00f3 th\u1ea7y V\u0169 \u0111\u1ebfn t\u00ecm!\u201d \u0111\u01b0\u1ee3c t\u00e1c gi\u1ea3 \u0111\u0103ng l\u1ea7n \u0111\u1ea7u ti\u00ean tr\u00ean fanpage \u201cH\u00f4m nay Vuy v\u1ebd\u201d v\u00e0o th\u00e1ng 4\/2020. Tr\u01b0\u1edbc s\u1ef1 ng\u1ee1 ng\u00e0ng c\u1ee7a ch\u00ednh t\u00e1c gi\u1ea3 Ho\u00e0ng T\u01b0\u1eddng Vy, ch\u1ec9 trong m\u1ed9t th\u1eddi gian ng\u1eafn, ch\u01b0\u01a1ng truy\u1ec7n \u0111\u00f3 \u0111\u00e3 thu h\u00fat s\u1ef1 ch\u00fa \u00fd v\u00e0 y\u00eau m\u1ebfn c\u1ee7a h\u00e0ng ng\u00e0n \u0111\u1ed9c gi\u1ea3.<\/p>\n","protected":false},"excerpt":{"rendered":"<p>B\u1ea9m Th\u1ea7y T\u01b0\u1eddng, C\u00f3 Th\u1ea7y V\u0169 \u0110\u1ebfn T\u00ecm!<\/p>\n<p>C\u00e2u chuy\u1ec7n h\u00e0ng ng\u00e0y v\u1ec1 m\u1ed9t anh th\u1ea7y \u0111\u1ed3 v\u00e0 m\u1ed9t anh th\u1ea7y lang.<\/p>\n<p>Kh\u00f4ng \u1ed3n \u00e0o, huy\u00ean n\u00e1o, nh\u01b0 m\u1ed9t \u00e1ng v\u0103n xu\u00f4i nh\u1eb9 nh\u00e0ng, v\u1edbi b\u1ed1i c\u1ea3nh l\u00e0ng qu\u00ea Vi\u1ec7t Nam ng\u00e0y x\u01b0a c\u0169, \u0111\u00e2y ch\u1ec9 l\u00e0 nh\u1eefng chuy\u1ec7n t\u00ecnh tang nho nh\u1ecf, linh tinh v\u1ee5n v\u1eb7t c\u1ee7a hai anh v\u00e0 m\u1ecdi ng\u01b0\u1eddi xung quanh.<\/p>\n<p>Ch\u01b0\u01a1ng \u0111\u1ea7u ti\u00ean c\u1ee7a cu\u1ed1n s\u00e1ch \u201cB\u1ea9m th\u1ea7y T\u01b0\u1eddng, c\u00f3 th\u1ea7y V\u0169 \u0111\u1ebfn t\u00ecm!\u201d \u0111\u01b0\u1ee3c t\u00e1c gi\u1ea3 \u0111\u0103ng l\u1ea7n \u0111\u1ea7u ti\u00ean tr\u00ean fanpage \u201cH\u00f4m nay Vuy v\u1ebd\u201d v\u00e0o th\u00e1ng 4\/2020. Tr\u01b0\u1edbc s\u1ef1 ng\u1ee1 ng\u00e0ng c\u1ee7a ch\u00ednh t\u00e1c gi\u1ea3 Ho\u00e0ng T\u01b0\u1eddng Vy, ch\u1ec9 trong m\u1ed9t th\u1eddi gian ng\u1eafn, ch\u01b0\u01a1ng truy\u1ec7n \u0111\u00f3 \u0111\u00e3 thu h\u00fat s\u1ef1 ch\u00fa \u00fd v\u00e0 y\u00eau m\u1ebfn c\u1ee7a h\u00e0ng ng\u00e0n \u0111\u1ed9c gi\u1ea3.<\/p>\n","protected":false},"featured_media":8437,"template":"","meta":{"_acf_changed":false},"product_brand":[],"product_cat":[73,29,15],"product_tag":[],"class_list":{"0":"post-8439","1":"product","2":"type-product","3":"status-publish","4":"has-post-thumbnail","6":"product_cat-dam-my-ngon-tinh","7":"product_cat-manga-comics","8":"product_cat-sach-danh-cho-nguoi-lon","10":"first","11":"outofstock","12":"taxable","13":"shipping-taxable","14":"purchasable","15":"product-type-simple"},"supplier_id":null,"supplier_sku":"","barcode":null,"atum_controlled":true,"out_stock_date":"2022-12-15 12:11:14","out_stock_threshold":null,"inheritable":false,"inbound_stock":0,"stock_on_hold":0,"sold_today":0,"sales_last_days":0,"reserved_stock":0,"customer_returns":0,"warehouse_damage":0,"lost_in_post":0,"other_logs":0,"out_stock_days":1140,"lost_sales":0,"has_location":false,"update_date":"2026-01-28T23:10:42","atum_locations":[],"atum_stock_status":"outofstock","restock_status":false,"low_stock_amount":"","sales_update_date":"2026-01-28T23:10:42","calc_backorders":null,"acf":{"publisher":{"ID":8436,"post_author":"1","post_date":"2021-04-28 14:18:13","post_date_gmt":"2021-04-28 11:18:13","post_content":"","post_title":"Cty Comicola","post_excerpt":"","post_status":"publish","comment_status":"closed","ping_status":"closed","post_password":"","post_name":"cty-comicola","to_ping":"","pinged":"","post_modified":"2021-04-28 14:18:13","post_modified_gmt":"2021-04-28 11:18:13","post_content_filtered":"","post_parent":0,"guid":"https:\/\/sachviet.eu\/nha-phat-hanh\/cty-comicola\/","menu_order":0,"post_type":"publisher","post_mime_type":"","comment_count":"0","filter":"raw"}},"_links":{"self":[{"href":"https:\/\/sachviet.eu\/en\/wp-json\/wp\/v2\/product\/8439","targetHints":{"allow":["GET"]}}],"collection":[{"href":"https:\/\/sachviet.eu\/en\/wp-json\/wp\/v2\/product"}],"about":[{"href":"https:\/\/sachviet.eu\/en\/wp-json\/wp\/v2\/types\/product"}],"wp:featuredmedia":[{"embeddable":true,"href":"https:\/\/sachviet.eu\/en\/wp-json\/wp\/v2\/media\/8437"}],"wp:attachment":[{"href":"https:\/\/sachviet.eu\/en\/wp-json\/wp\/v2\/media?parent=8439"}],"wp:term":[{"taxonomy":"product_brand","embeddable":true,"href":"https:\/\/sachviet.eu\/en\/wp-json\/wp\/v2\/product_brand?post=8439"},{"taxonomy":"product_cat","embeddable":true,"href":"https:\/\/sachviet.eu\/en\/wp-json\/wp\/v2\/product_cat?post=8439"},{"taxonomy":"product_tag","embeddable":true,"href":"https:\/\/sachviet.eu\/en\/wp-json\/wp\/v2\/product_tag?post=8439"}],"curies":[{"name":"wp","href":"https:\/\/api.w.org\/{rel}","templated":true}]}}