{"id":8435,"date":"2021-04-28T14:18:11","date_gmt":"2021-04-28T11:18:11","guid":{"rendered":"https:\/\/sachviet.eu\/shop\/100-truyen-co-tich-viet-nam\/"},"modified":"2021-07-22T23:25:18","modified_gmt":"2021-07-22T20:25:18","slug":"100-truyen-co-tich-viet-nam","status":"publish","type":"product","link":"https:\/\/sachviet.eu\/en\/shop\/100-truyen-co-tich-viet-nam\/","title":{"rendered":"100 Truy\u1ec7n C\u1ed5 T\u00edch Vi\u1ec7t Nam"},"content":{"rendered":"<p>T\u1eeb x\u01b0a \u0111\u1ebfn nay, \u0111\u00e3 c\u00f3 bi\u1ebft bao th\u1ebf h\u1ec7 ng\u01b0\u1eddi Vi\u1ec7t l\u1edbn l\u00ean c\u00f9ng c\u1ed5 t\u00edch. Nh\u1eefng c\u00e2u chuy\u1ec7n di\u1ec7u k\u00ec, th\u1ea5m \u0111\u1eabm t\u00e2m h\u1ed3n d\u00e2n t\u1ed9c \u1ea5y c\u1ee9 t\u1ef1 nhi\u00ean \u0111i v\u00e0o tu\u1ed5i th\u01a1, l\u1edbn l\u00ean c\u00f9ng n\u0103m th\u00e1ng v\u00e0 tr\u1edf th\u00e0nh h\u00e0nh trang trong su\u1ed1t cu\u1ed9c \u0111\u1eddi.<\/p>\n<p>\u0110i\u1ec3m \u0111\u1eb7c bi\u1ec7t c\u1ee7a t\u1eadp truy\u1ec7n n\u00e0y l\u00e0 ngo\u00e0i nh\u1eefng c\u00e2u chuy\u1ec7n g\u1ea7n g\u0169i, th\u00e2n quen nh\u01b0 B\u00e1nh ch\u01b0ng, b\u00e1nh d\u00e0y; S\u01a1n Tinh, Th\u1ee7y Tinh; T\u1ea5m C\u00e1m hay C\u00e2y kh\u1ebf, 100 truy\u1ec7n c\u1ed5 t\u00edch Vi\u1ec7t Nam c\u00f2n gi\u1edbi thi\u1ec7u \u0111\u1ebfn c\u00e1c em nh\u1eefng truy\u1ec7n c\u1ed5 \u0111\u1eb7c s\u1eafc c\u1ee7a c\u00e1c d\u00e2n t\u1ed9c \u1edf m\u1ecdi mi\u1ec1n \u0111\u1ea5t n\u01b0\u1edbc, t\u1eeb c\u00e1c d\u00e2n t\u1ed9c v\u00f9ng n\u00fai ph\u00eda B\u1eafc nh\u01b0 T\u00e0y, N\u00f9ng, Dao, Th\u00e1i cho \u0111\u1ebfn c\u00e1c d\u00e2n t\u1ed9c Ba-na, \u00ca-\u0111\u00ea, Gia-rai \u1edf r\u1eebng n\u00fai T\u00e2y Nguy\u00ean, t\u1eeb c\u00e1c d\u00e2n t\u1ed9c v\u00f9ng \u0111\u1ed3ng b\u1eb1ng s\u00f4ng C\u1eedu Long nh\u01b0 Kh\u01a1-me cho \u0111\u1ebfn c\u00e1c d\u00e2n t\u1ed9c v\u00f9ng Nam Trung B\u1ed9 nh\u01b0 Ch\u0103m, Cor. M\u1ed7i c\u00e2u chuy\u1ec7n l\u1ea1i \u0111\u01b0a c\u00e1c em \u0111\u1ebfn m\u1ed9t v\u00f9ng \u0111\u1ea5t m\u1edbi, phi\u00eau l\u01b0u c\u00f9ng c\u00e1c nh\u00e2n v\u1eadt m\u1edbi. L\u00fac l\u00e0 ch\u00e0ng d\u0169ng s\u0129 K\u2019Ch\u01a1i c\u1ee7a d\u00e2n t\u1ed9c C\u01a1-ho d\u00f9ng s\u1ee9c ng\u01b0\u1eddi th\u1eafng voi r\u1eebng, r\u1eafn d\u1eef, khi l\u00e0 c\u00f4 g\u00e1i xinh \u0111\u1eb9p, nh\u00e2n h\u1eadu ng\u01b0\u1eddi X\u01a1-\u0111\u0103ng v\u00ec c\u1ee9u m\u1eb9 n\u00ean ch\u1ea5p nh\u1eadn l\u00e0m v\u1ee3 c\u1ee7a tr\u0103n. L\u00fac l\u00e0 c\u1eadu b\u00e9 ng\u01b0\u1eddi T\u00e0y C\u1ea9u Kh\u00e2y t\u00e0i ba, gi\u1ecfi v\u00f5 gi\u00fap d\u00e2n l\u00e0ng di\u1ec7t tr\u1eeb y\u00eau tinh, khi l\u00e0 c\u00f4 b\u00e9 ch\u0103n v\u1ecbt ng\u01b0\u1eddi N\u00f9ng th\u00f4ng minh, d\u0169ng c\u1ea3m ra tr\u1eadn d\u1eb9p gi\u1eb7c. R\u1ed3i c\u00f9ng t\u00ecm hi\u1ec3u t\u1ea1i sao g\u00e0 c\u00f3 m\u00e0o \u0111\u1ecf c\u00f2n m\u1ecf v\u1ecbt l\u1ea1i b\u1eb9p; t\u1ea1i sao lo\u00e0i c\u00e1 th\u00e1c l\u00e1c m\u00ecnh l\u1ea1i d\u1eb9p nh\u01b0 th\u1ebf; r\u1ed3i ngu\u1ed3n g\u1ed1c c\u1ee7a m\u01b0a, gi\u00f3, m\u1eb7t tr\u0103ng, m\u1eb7t tr\u1eddi\u2026 V\u00e0 c\u00e1c em c\u0169ng \u0111\u01b0\u1ee3c l\u00e0m quen v\u1edbi nh\u1eefng phong t\u1ee5c hay, nh\u1eefng t\u1eadp qu\u00e1n l\u1ea1 c\u00f9ng nh\u1eefng t\u00ednh c\u00e1ch, n\u00e9t sinh ho\u1ea1t \u0111\u1ed9c \u0111\u00e1o c\u1ee7a \u0111\u1ed3ng b\u00e0o m\u00ecnh \u1edf nh\u1eefng v\u00f9ng \u0111\u1ea5t kh\u00e1c nhau. Qua nh\u1eefng \u0111i\u1ec1u \u1ea5y, nh\u1eefng quan ni\u1ec7m \u0111\u1ea7u ti\u00ean v\u1ec1 c\u00e1i thi\u1ec7n, c\u00e1i \u00e1c, c\u00e1i \u0111\u1eb9p, c\u00e1i x\u1ea5u, l\u1ebd s\u1ed1ng v\u00e0 s\u1ef1 c\u00f4ng b\u1eb1ng s\u1ebd t\u1ef1 nhi\u00ean l\u1edbn l\u00ean, b\u1ed3i \u0111\u1eafp v\u00e0 \u0111\u1ecbnh h\u00ecnh.<\/p>\n<p>B\u00ean c\u1ea1nh n\u1ed9i dung \u0111\u1eb7c s\u1eafc, t\u1eadp truy\u1ec7n c\u00f2n c\u00f3 ph\u1ea7n minh h\u1ecda \u0111\u1eb9p, gi\u00e0u ch\u1ea5t d\u00e2n gian n\u1eb1m xen k\u1ebd \u1edf m\u1ed9t s\u1ed1 truy\u1ec7n. \u0110\u00e2y l\u00e0 \u0111i\u1ec3m hi\u1ebfm g\u1eb7p so v\u1edbi c\u00e1c t\u1eadp truy\u1ec7n c\u1ed5 t\u00edch Vi\u1ec7t Nam ra \u0111\u1eddi tr\u01b0\u1edbc kia v\u00e0 l\u00e0 m\u1ed9t n\u1ed7 l\u1ef1c c\u1ee7a nh\u1eefng ng\u01b0\u1eddi l\u00e0m s\u00e1ch t\u1ea1i \u0110\u00f4ng A. Nh\u1eefng b\u1ee9c tranh \u1ea5y s\u1ebd gi\u00fap c\u00e1c em th\u00eam ph\u1ea7n h\u1ee9ng th\u00fa v\u00e0 g\u1ea7n g\u0169i v\u1edbi th\u1ebf gi\u1edbi c\u1ed5 t\u00edch c\u0169ng nh\u01b0 d\u1ec5 d\u00e0ng ti\u1ebfp nh\u1eadn n\u1ed9i dung c\u00e2u chuy\u1ec7n h\u01a1n.<\/p>\n<p>V\u1edbi nh\u1eefng \u0111i\u1ec1u tr\u00ean, ch\u00fang t\u00f4i hi v\u1ecdng 100 truy\u1ec7n c\u1ed5 t\u00edch Vi\u1ec7t Nam s\u1ebd l\u00e0 m\u1ed9t m\u00f3n qu\u00e0 qu\u00fd gi\u00e1 d\u00e0nh t\u1eb7ng cho c\u00e1c em nh\u1ecf c\u0169ng nh\u01b0 cho nh\u1eefng ng\u01b0\u1eddi c\u00f2n y\u00eau c\u00e1c c\u00e2u chuy\u1ec7n c\u1ed5 t\u00edch.<\/p>\n","protected":false},"excerpt":{"rendered":"<p>T\u1eeb x\u01b0a \u0111\u1ebfn nay, \u0111\u00e3 c\u00f3 bi\u1ebft bao th\u1ebf h\u1ec7 ng\u01b0\u1eddi Vi\u1ec7t l\u1edbn l\u00ean c\u00f9ng c\u1ed5 t\u00edch. Nh\u1eefng c\u00e2u chuy\u1ec7n di\u1ec7u k\u00ec, th\u1ea5m \u0111\u1eabm t\u00e2m h\u1ed3n d\u00e2n t\u1ed9c \u1ea5y c\u1ee9 t\u1ef1 nhi\u00ean \u0111i v\u00e0o tu\u1ed5i th\u01a1, l\u1edbn l\u00ean c\u00f9ng n\u0103m th\u00e1ng v\u00e0 tr\u1edf th\u00e0nh h\u00e0nh trang trong su\u1ed1t cu\u1ed9c \u0111\u1eddi.<\/p>\n<p>\u0110i\u1ec3m \u0111\u1eb7c bi\u1ec7t c\u1ee7a t\u1eadp truy\u1ec7n n\u00e0y l\u00e0 ngo\u00e0i nh\u1eefng c\u00e2u chuy\u1ec7n g\u1ea7n g\u0169i, th\u00e2n quen nh\u01b0 B\u00e1nh ch\u01b0ng, b\u00e1nh d\u00e0y; S\u01a1n Tinh, Th\u1ee7y Tinh; T\u1ea5m C\u00e1m hay C\u00e2y kh\u1ebf, 100 truy\u1ec7n c\u1ed5 t\u00edch Vi\u1ec7t Nam c\u00f2n gi\u1edbi thi\u1ec7u \u0111\u1ebfn c\u00e1c em nh\u1eefng truy\u1ec7n c\u1ed5 \u0111\u1eb7c s\u1eafc c\u1ee7a c\u00e1c d\u00e2n t\u1ed9c \u1edf m\u1ecdi mi\u1ec1n \u0111\u1ea5t n\u01b0\u1edbc, t\u1eeb c\u00e1c d\u00e2n t\u1ed9c v\u00f9ng n\u00fai ph\u00eda B\u1eafc nh\u01b0 T\u00e0y, N\u00f9ng, Dao, Th\u00e1i cho \u0111\u1ebfn c\u00e1c d\u00e2n t\u1ed9c Ba-na, \u00ca-\u0111\u00ea, Gia-rai \u1edf r\u1eebng n\u00fai T\u00e2y Nguy\u00ean, t\u1eeb c\u00e1c d\u00e2n t\u1ed9c v\u00f9ng \u0111\u1ed3ng b\u1eb1ng s\u00f4ng C\u1eedu Long nh\u01b0 Kh\u01a1-me cho \u0111\u1ebfn c\u00e1c d\u00e2n t\u1ed9c v\u00f9ng Nam Trung B\u1ed9 nh\u01b0 Ch\u0103m, Cor. M\u1ed7i c\u00e2u chuy\u1ec7n l\u1ea1i \u0111\u01b0a c\u00e1c em \u0111\u1ebfn m\u1ed9t v\u00f9ng \u0111\u1ea5t m\u1edbi, phi\u00eau l\u01b0u c\u00f9ng c\u00e1c nh\u00e2n v\u1eadt m\u1edbi. L\u00fac l\u00e0 ch\u00e0ng d\u0169ng s\u0129 K\u2019Ch\u01a1i c\u1ee7a d\u00e2n t\u1ed9c C\u01a1-ho d\u00f9ng s\u1ee9c ng\u01b0\u1eddi th\u1eafng voi r\u1eebng, r\u1eafn d\u1eef, khi l\u00e0 c\u00f4 g\u00e1i xinh \u0111\u1eb9p, nh\u00e2n h\u1eadu ng\u01b0\u1eddi X\u01a1-\u0111\u0103ng v\u00ec c\u1ee9u m\u1eb9 n\u00ean ch\u1ea5p nh\u1eadn l\u00e0m v\u1ee3 c\u1ee7a tr\u0103n. L\u00fac l\u00e0 c\u1eadu b\u00e9 ng\u01b0\u1eddi T\u00e0y C\u1ea9u Kh\u00e2y t\u00e0i ba, gi\u1ecfi v\u00f5 gi\u00fap d\u00e2n l\u00e0ng di\u1ec7t tr\u1eeb y\u00eau tinh, khi l\u00e0 c\u00f4 b\u00e9 ch\u0103n v\u1ecbt ng\u01b0\u1eddi N\u00f9ng th\u00f4ng minh, d\u0169ng c\u1ea3m ra tr\u1eadn d\u1eb9p gi\u1eb7c. R\u1ed3i c\u00f9ng t\u00ecm hi\u1ec3u t\u1ea1i sao g\u00e0 c\u00f3 m\u00e0o \u0111\u1ecf c\u00f2n m\u1ecf v\u1ecbt l\u1ea1i b\u1eb9p; t\u1ea1i sao lo\u00e0i c\u00e1 th\u00e1c l\u00e1c m\u00ecnh l\u1ea1i d\u1eb9p nh\u01b0 th\u1ebf; r\u1ed3i ngu\u1ed3n g\u1ed1c c\u1ee7a m\u01b0a, gi\u00f3, m\u1eb7t tr\u0103ng, m\u1eb7t tr\u1eddi\u2026 V\u00e0 c\u00e1c em c\u0169ng \u0111\u01b0\u1ee3c l\u00e0m quen v\u1edbi nh\u1eefng phong t\u1ee5c hay, nh\u1eefng t\u1eadp qu\u00e1n l\u1ea1 c\u00f9ng nh\u1eefng t\u00ednh c\u00e1ch, n\u00e9t sinh ho\u1ea1t \u0111\u1ed9c \u0111\u00e1o c\u1ee7a \u0111\u1ed3ng b\u00e0o m\u00ecnh \u1edf nh\u1eefng v\u00f9ng \u0111\u1ea5t kh\u00e1c nhau. Qua nh\u1eefng \u0111i\u1ec1u \u1ea5y, nh\u1eefng quan ni\u1ec7m \u0111\u1ea7u ti\u00ean v\u1ec1 c\u00e1i thi\u1ec7n, c\u00e1i \u00e1c, c\u00e1i \u0111\u1eb9p, c\u00e1i x\u1ea5u, l\u1ebd s\u1ed1ng v\u00e0 s\u1ef1 c\u00f4ng b\u1eb1ng s\u1ebd t\u1ef1 nhi\u00ean l\u1edbn l\u00ean, b\u1ed3i \u0111\u1eafp v\u00e0 \u0111\u1ecbnh h\u00ecnh.<\/p>\n<p>B\u00ean c\u1ea1nh n\u1ed9i dung \u0111\u1eb7c s\u1eafc, t\u1eadp truy\u1ec7n c\u00f2n c\u00f3 ph\u1ea7n minh h\u1ecda \u0111\u1eb9p, gi\u00e0u ch\u1ea5t d\u00e2n gian n\u1eb1m xen k\u1ebd \u1edf m\u1ed9t s\u1ed1 truy\u1ec7n. \u0110\u00e2y l\u00e0 \u0111i\u1ec3m hi\u1ebfm g\u1eb7p so v\u1edbi c\u00e1c t\u1eadp truy\u1ec7n c\u1ed5 t\u00edch Vi\u1ec7t Nam ra \u0111\u1eddi tr\u01b0\u1edbc kia v\u00e0 l\u00e0 m\u1ed9t n\u1ed7 l\u1ef1c c\u1ee7a nh\u1eefng ng\u01b0\u1eddi l\u00e0m s\u00e1ch t\u1ea1i \u0110\u00f4ng A. Nh\u1eefng b\u1ee9c tranh \u1ea5y s\u1ebd gi\u00fap c\u00e1c em th\u00eam ph\u1ea7n h\u1ee9ng th\u00fa v\u00e0 g\u1ea7n g\u0169i v\u1edbi th\u1ebf gi\u1edbi c\u1ed5 t\u00edch c\u0169ng nh\u01b0 d\u1ec5 d\u00e0ng ti\u1ebfp nh\u1eadn n\u1ed9i dung c\u00e2u chuy\u1ec7n h\u01a1n.<\/p>\n<p>V\u1edbi nh\u1eefng \u0111i\u1ec1u tr\u00ean, ch\u00fang t\u00f4i hi v\u1ecdng 100 truy\u1ec7n c\u1ed5 t\u00edch Vi\u1ec7t Nam s\u1ebd l\u00e0 m\u1ed9t m\u00f3n qu\u00e0 qu\u00fd gi\u00e1 d\u00e0nh t\u1eb7ng cho c\u00e1c em nh\u1ecf c\u0169ng nh\u01b0 cho nh\u1eefng ng\u01b0\u1eddi c\u00f2n y\u00eau c\u00e1c c\u00e2u chuy\u1ec7n c\u1ed5 t\u00edch.<\/p>\n","protected":false},"featured_media":8428,"template":"","meta":{"_acf_changed":false},"product_brand":[],"product_cat":[17,71,26],"product_tag":[],"class_list":{"0":"post-8435","1":"product","2":"type-product","3":"status-publish","4":"has-post-thumbnail","6":"product_cat-sach-danh-cho-cac-be","7":"product_cat-sach-tre-em-thuan-viet","8":"product_cat-thieu-nien-11-tuoi-18-tuoi","10":"first","11":"outofstock","12":"taxable","13":"shipping-taxable","14":"purchasable","15":"product-type-simple"},"supplier_id":null,"supplier_sku":"","barcode":null,"atum_controlled":true,"out_stock_date":"2021-07-22 20:25:18","out_stock_threshold":null,"inheritable":false,"inbound_stock":0,"stock_on_hold":0,"sold_today":0,"sales_last_days":0,"reserved_stock":0,"customer_returns":0,"warehouse_damage":0,"lost_in_post":0,"other_logs":0,"out_stock_days":1651,"lost_sales":0,"has_location":false,"update_date":"2026-01-28T23:10:42","atum_locations":[],"atum_stock_status":"outofstock","restock_status":false,"low_stock_amount":"","sales_update_date":"2026-01-28T23:10:42","calc_backorders":null,"acf":{"publisher":{"ID":1544,"post_author":"1","post_date":"2021-02-17 01:24:05","post_date_gmt":"2021-02-16 23:24:05","post_content":"","post_title":"\u0110\u00f4ng A","post_excerpt":"","post_status":"publish","comment_status":"closed","ping_status":"closed","post_password":"","post_name":"dong-a","to_ping":"","pinged":"","post_modified":"2021-02-17 01:24:05","post_modified_gmt":"2021-02-16 23:24:05","post_content_filtered":"","post_parent":0,"guid":"https:\/\/sachviet.eu\/nha-phat-hanh\/dong-a\/","menu_order":0,"post_type":"publisher","post_mime_type":"","comment_count":"0","filter":"raw"}},"_links":{"self":[{"href":"https:\/\/sachviet.eu\/en\/wp-json\/wp\/v2\/product\/8435","targetHints":{"allow":["GET"]}}],"collection":[{"href":"https:\/\/sachviet.eu\/en\/wp-json\/wp\/v2\/product"}],"about":[{"href":"https:\/\/sachviet.eu\/en\/wp-json\/wp\/v2\/types\/product"}],"wp:featuredmedia":[{"embeddable":true,"href":"https:\/\/sachviet.eu\/en\/wp-json\/wp\/v2\/media\/8428"}],"wp:attachment":[{"href":"https:\/\/sachviet.eu\/en\/wp-json\/wp\/v2\/media?parent=8435"}],"wp:term":[{"taxonomy":"product_brand","embeddable":true,"href":"https:\/\/sachviet.eu\/en\/wp-json\/wp\/v2\/product_brand?post=8435"},{"taxonomy":"product_cat","embeddable":true,"href":"https:\/\/sachviet.eu\/en\/wp-json\/wp\/v2\/product_cat?post=8435"},{"taxonomy":"product_tag","embeddable":true,"href":"https:\/\/sachviet.eu\/en\/wp-json\/wp\/v2\/product_tag?post=8435"}],"curies":[{"name":"wp","href":"https:\/\/api.w.org\/{rel}","templated":true}]}}