{"id":8415,"date":"2021-04-28T14:17:05","date_gmt":"2021-04-28T11:17:05","guid":{"rendered":"https:\/\/sachviet.eu\/shop\/doc-vi-moi-van-de-cua-tre-tai-ban-2018\/"},"modified":"2022-08-25T08:47:16","modified_gmt":"2022-08-25T05:47:16","slug":"doc-vi-moi-van-de-cua-tre-tai-ban-2018","status":"publish","type":"product","link":"https:\/\/sachviet.eu\/en\/shop\/doc-vi-moi-van-de-cua-tre-tai-ban-2018\/","title":{"rendered":"\u0110\u1ecdc\u00a0v\u1ecb m\u1ecdi v\u1ea5n \u0111\u1ec1 c\u1ee7a tr\u1ebb (T\u00e1i b\u1ea3n 2018)"},"content":{"rendered":"<p>Th\u01b0a c\u00e1c \u00f4ng b\u1ed1, b\u00e0 m\u1eb9, c\u00e1c em b\u00e9 s\u01a1 sinh v\u00e0 c\u00e1c em b\u00e9 ch\u1eadp ch\u1eefng bi\u1ebft \u0111i y\u00eau qu\u00fd nh\u1ea5t, ch\u00ednh ni\u1ec1m vui v\u00e0 s\u1ef1 khi\u00eam t\u1ed1n \u0111\u00e3 \u0111em l\u1ea1i cho t\u00f4i \u0111i\u1ec1u b\u00ed m\u1eadt quan tr\u1ecdng nh\u1ea5t trong vi\u1ec7c th\u00ec th\u1ea7m v\u1edbi tr\u1ebb: c\u00e1ch gi\u1ea3i quy\u1ebft b\u1ea5t c\u1ee9 v\u1ea5n \u0111\u1ec1 n\u00e0o. T\u00f4i v\u1eabn lu\u00f4n t\u1ef1 h\u00e0o v\u1ec1 kh\u1ea3 n\u0103ng gi\u00fap \u0111\u1ee1 cha m\u1eb9 hi\u1ec3u v\u00e0 ch\u0103m s\u00f3c \u0111\u1ee9a con m\u00ecnh, v\u00e0 c\u1ea3m th\u1ea5y vinh h\u1ea1nh m\u1ed7i khi c\u00f3 m\u1ed9t gia \u0111\u00ecnh nh\u1edd t\u00f4i gi\u00fap \u0111\u1ee1. \u0110\u00f3 l\u00e0 m\u1ed9t tr\u1ea3i nghi\u1ec7m r\u1ea5t s\u00e2u s\u1eafc v\u00e0 r\u1ea5t \u0111\u00e1ng t\u01b0\u1edfng th\u01b0\u1edfng. \u0110\u1ed3ng th\u1eddi, vi\u1ec7c l\u00e0 m\u1ed9t t\u00e1c gi\u1ea3 c\u0169ng gi\u00fap t\u00f4i \u0111\u01b0\u1ee3c c\u00f4ng ch\u00fang bi\u1ebft \u0111\u1ebfn. Sau khi xu\u1ea5t b\u1ea3n hai cu\u1ed1n s\u00e1ch \u0111\u1ea7u ti\u00ean c\u1ee7a m\u00ecnh n\u0103m 2001 v\u00e0 2002, t\u00f4i \u0111\u00e3 c\u00f3 m\u1ed9t lo\u1ea1t nh\u1eefng cu\u1ed9c phi\u00eau l\u01b0u v\u00e0 nh\u1eefng \u0111i\u1ec1u b\u1ea5t ng\u1edd v\u01b0\u1ee3t xa b\u1ea5t c\u1ee9 \u0111i\u1ec1u g\u00ec m\u00e0 t\u00f4i c\u00f3 th\u1ec3 t\u01b0\u1edfng t\u01b0\u1ee3ng \u0111\u01b0\u1ee3c khi c\u00f2n l\u00e0 m\u1ed9t c\u00f4 b\u00e9 \u1edf Yorkshire. Ngo\u00e0i d\u1ecbch v\u1ee5 t\u01b0 v\u1ea5n c\u00e1 nh\u00e2n th\u00f4ng th\u01b0\u1eddng, t\u00f4i c\u00f2n tham gia c\u00e1c ch\u01b0\u01a1ng tr\u00ecnh ph\u00e1t thanh v\u00e0 truy\u1ec1n h\u00ecnh. T\u00f4i \u0111i kh\u1eafp n\u01a1i trong n\u01b0\u1edbc v\u00e0 tr\u00ean th\u1ebf gi\u1edbi, \u0111\u01b0\u1ee3c g\u1eb7p g\u1ee1 nh\u1eefng \u00f4ng b\u1ed1 b\u00e0 m\u1eb9 v\u00e0 nh\u1eefng em b\u00e9 tuy\u1ec7t v\u1eddi nh\u1ea5t \u2013 nh\u1eefng ng\u01b0\u1eddi \u0111\u00e3 s\u1eb5n s\u00e0ng m\u1edf c\u1eeda v\u00e0 m\u1edf l\u00f2ng \u0111\u00f3n t\u00f4i. T\u00f4i c\u0169ng \u0111\u00e3 n\u00f3i chuy\u1ec7n v\u1edbi h\u00e0ng ngh\u00ecn ng\u01b0\u1eddi qua trang web c\u1ee7a t\u00f4i, \u0111\u1ecdc v\u00e0 tr\u1ea3 l\u1eddi th\u01b0 \u0111i\u1ec7n t\u1eed c\u1ee7a h\u1ecd, \u0111\u1ed3ng th\u1eddi tham gia c\u00e1c di\u1ec5n \u0111\u00e0n.<\/p>\n<p>Ngo\u00e0i s\u1ef1 n\u1ed5i ti\u1ebfng m\u1edbi c\u00f3 \u0111\u00f3, t\u00f4i v\u1eabn l\u00e0 t\u00f4i, v\u1eabn mi\u1ec7t m\u00e0i v\u1edbi con \u0111\u01b0\u1eddng t\u00f4i \u0111\u00e3 ch\u1ecdn. Tuy nhi\u00ean, t\u00f4i c\u0169ng c\u00f3 thay \u0111\u1ed5i m\u1ed9t ch\u00fat: T\u00f4i kh\u00f4ng c\u00f2n ch\u1ec9 l\u00e0 ng\u01b0\u1eddi th\u00ec th\u1ea7m v\u1edbi tr\u1ebb, m\u00e0 \u0111\u00e3 tr\u1edf th\u00e0nh qu\u00fd b\u00e0 v\u1ea1n n\u0103ng r\u1ed3i. V\u00e0 \u0111i\u1ec1u \u0111\u00f3 l\u00e0 nh\u1edd t\u1ea5t c\u1ea3 c\u00e1c b\u1ea1n.<\/p>\n<p>Trong nh\u1eefng chuy\u1ebfn \u0111i, tr\u00ean trang web v\u00e0 th\u01b0 \u0111i\u1ec7n t\u1eed, t\u00f4i \u0111\u00e3 nh\u1eadn \u0111\u01b0\u1ee3c r\u1ea5t nhi\u1ec1u l\u00e1 th\u01b0 c\u1ea3m \u01a1n v\u00e0 kh\u1eb3ng \u0111\u1ecbnh t\u1eeb nh\u1eefng \u00f4ng b\u1ed1, b\u00e0 m\u1eb9 \u0111\u00e3 l\u00e0m theo l\u1eddi khuy\u00ean c\u1ee7a t\u00f4i. Nh\u01b0ng t\u00f4i c\u0169ng b\u1ecb ng\u1eadp trong nh\u1eefng y\u00eau c\u1ea7u nh\u1edd gi\u00fap \u0111\u1ee1 t\u1eeb nh\u1eefng ng\u01b0\u1eddi mua cu\u1ed1n s\u00e1ch \u0111\u1ea7u ti\u00ean c\u1ee7a t\u00f4i qu\u00e1 tr\u1ec5. C\u00f3 l\u1ebd b\u1ea1n \u0111ang c\u1ed1 g\u1eafng \u00e9p con b\u1ea1n v\u00e0o m\u1ed9t n\u1ebfp sinh ho\u1ea1t \u0111\u00e3 \u0111\u01b0\u1ee3c s\u1eafp s\u1eb5n, t\u00f4i \u0111o\u00e1n v\u1eady, nh\u01b0ng b\u1ea1n kh\u00f4ng ch\u1eafc l\u00e0 c\u00f3 th\u1ec3 \u00e1p d\u1ee5ng c\u00f9ng m\u1ed9t nguy\u00ean t\u1eafc cho tr\u1ebb 8 th\u00e1ng tu\u1ed5i v\u00e0 tr\u1ebb m\u1edbi sinh hay kh\u00f4ng. C\u00f3 th\u1ec3 b\u1ea1n b\u1ed1i r\u1ed1i v\u00ec kh\u00f4ng hi\u1ec3u t\u1ea1i sao con b\u1ea1n l\u1ea1i kh\u00f4ng l\u00e0m nh\u1eefng vi\u1ec7c m\u00e0 c\u00e1c em b\u00e9 kh\u00e1c v\u1eabn l\u00e0m. Ho\u1eb7c c\u00f3 th\u1ec3 b\u1ea1n \u0111ang ph\u1ea3i \u0111\u1ed1i m\u1eb7t v\u1edbi v\u1ea5n \u0111\u1ec1 kh\u00f3 ng\u1ee7, kh\u00f3 \u0103n hay v\u1ea5n \u0111\u1ec1 v\u1ec1 h\u00e0nh vi \u2013 ho\u1eb7c t\u1ec7 h\u01a1n n\u1eefa l\u00e0 t\u1ea5t c\u1ea3 c\u00e1c v\u1ea5n \u0111\u1ec1 tr\u00ean. D\u00f9 v\u1ea5n \u0111\u1ec1 \u0111\u00f3 l\u00e0 g\u00ec th\u00ec \u0111i\u1ec7p kh\u00fac \u0111au kh\u1ed5 c\u1ee7a b\u1ea1n v\u1eabn lu\u00f4n l\u00e0: \u201cTracy, t\u00f4i ph\u1ea3i b\u1eaft \u0111\u1ea7u t\u1eeb \u0111\u00e2u \u2013 t\u00f4i ph\u1ea3i l\u00e0m g\u00ec tr\u01b0\u1edbc?\u201d B\u1ea1n c\u0169ng c\u00f3 th\u1ec3 th\u1eafc m\u1eafc t\u1ea1i sao m\u1ed9t s\u1ed1 chi\u1ebfn l\u01b0\u1ee3c t\u00f4i g\u1ee3i \u00fd cho b\u1ea1n l\u1ea1i c\u00f3 v\u1ebb kh\u00f4ng c\u00f3 t\u00e1c d\u1ee5ng v\u1edbi con c\u1ee7a b\u1ea1n.<\/p>\n<p>T\u00f4i \u0111\u00e3 nghi\u00ean c\u1ee9u nh\u1eefng c\u00e2u h\u1ecfi n\u00e0y nhi\u1ec1u n\u0103m, v\u00e0 \u0111\u00e3 t\u01b0 v\u1ea5n cho m\u1ed9t s\u1ed1 tr\u01b0\u1eddng h\u1ee3p kh\u00f3 kh\u0103n nh\u1ea5t m\u00e0 t\u00f4i t\u1eebng g\u1eb7p: c\u1eb7p song sinh 3 th\u00e1ng tu\u1ed5i hay b\u1ecb tr\u1edb t\u1edbi m\u1ee9c g\u1ea7n nh\u01b0 kh\u00f4ng \u0103n \u0111\u01b0\u1ee3c b\u1eefa n\u00e0o v\u00e0 kh\u00f4ng bao gi\u1edd ng\u1ee7 qu\u00e1 20 ph\u00fat, d\u00f9 l\u00e0 ng\u00e0y hay \u0111\u00eam; b\u00e9 g\u00e1i 19 th\u00e1ng tu\u1ed5i kh\u00f4ng \u0103n \u0111\u1ed3 \u0103n c\u1ee9ng v\u00ec g\u1ea7n nh\u01b0 c\u1ee9 m\u1ed9t ti\u1ebfng l\u1ea1i t\u1ec9nh d\u1eady \u0111\u1ec3 ti m\u1eb9 m\u1ed9t l\u1ea7n; b\u00e9 9 th\u00e1ng tu\u1ed5i s\u1ee3 xa c\u00e1ch t\u1edbi m\u1ee9c ng\u01b0\u1eddi m\u1eb9 g\u1ea7n nh\u01b0 kh\u00f4ng th\u1ec3 \u0111\u1eb7t con xu\u1ed1ng \u0111\u01b0\u1ee3c; b\u00e9 2 tu\u1ed5i th\u01b0\u1eddng xuy\u00ean n\u1ed5i c\u00e1u t\u1edbi m\u1ee9c cha m\u1eb9 b\u00e9 r\u1ea5t s\u1ee3 ph\u1ea3i \u0111i \u0111\u00e2u v\u1eafng nh\u00e0. Ch\u00ednh nh\u1edd gi\u1ea3i quy\u1ebft nh\u1eefng v\u1ea5n \u0111\u1ec1 nh\u01b0 v\u1eady m\u00e0 t\u00f4i \u0111\u00e3 tr\u1edf th\u00e0nh Qu\u00fd B\u00e0 V\u1ea1n N\u0103ng v\u00e0 t\u1ea1i sao t\u00f4i l\u1ea1i bi\u1ebft c\u1ea7n ph\u1ea3i gi\u00fap b\u1ea1n th\u00eam ngo\u00e0i nh\u1eefng chi\u1ebfn l\u01b0\u1ee3c c\u01a1 b\u1ea3n m\u00e0 t\u00f4i \u0111\u00e3 tr\u00ecnh b\u00e0y trong nh\u1eefng cu\u1ed1n s\u00e1ch tr\u01b0\u1edbc \u0111\u00e2y c\u1ee7a m\u00ecnh.<\/p>\n<p>Trong cu\u1ed1n s\u00e1ch n\u00e0y, t\u00f4i mu\u1ed1n gi\u00fap b\u1ea1n, xoa d\u1ecbu n\u1ed7i s\u1ee3 c\u1ee7a b\u1ea1n v\u00e0 ch\u1ec9 cho b\u1ea1n c\u00e1ch t\u1ef1 t\u1ea1o cho m\u00ecnh s\u1ee9c m\u1ea1nh c\u1ee7a m\u1ed9t ng\u01b0\u1eddi l\u00e0m cha m\u1eb9. T\u00f4i mu\u1ed1n d\u1ea1y cho b\u1ea1n nh\u1eefng g\u00ec t\u00f4i \u0111\u00e3 h\u1ecdc \u0111\u01b0\u1ee3c t\u1eeb c\u00f4ng vi\u1ec7c c\u1ea3 \u0111\u1eddi th\u00ec th\u1ea7m v\u1edbi tr\u1ebb c\u0169ng nh\u01b0 tr\u1ea3 l\u1eddi nh\u1eefng c\u00e2u h\u1ecfi m\u00e0 b\u1ea1n \u0111\u1eb7t ra cho t\u00f4i. T\u00f4i mu\u1ed1n d\u1ea1y b\u1ea1n c\u00e1ch ngh\u0129 gi\u1ed1ng nh\u01b0 t\u00f4i. T\u1ea5t nhi\u00ean, d\u00f9 t\u00f4i c\u00f3 c\u1ed1 g\u1eafng li\u1ec7t k\u00ea t\u1ea5t c\u1ea3 nh\u1eefng v\u1ea5n \u0111\u1ec1 m\u00e0 b\u1ea1n c\u00f3 th\u1ec3 g\u1eb7p ph\u1ea3i th\u00ec m\u1ed7i m\u1ed9t em b\u00e9 v\u00e0 m\u1ed7i m\u1ed9t gia \u0111\u00ecnh l\u1ea1i c\u00f3 m\u1ed9t ch\u00fat kh\u00e1c bi\u1ec7t. V\u00ec th\u1ebf, khi c\u00e1c \u00f4ng b\u1ed1 b\u00e0 m\u1eb9 t\u00ecm \u0111\u1ebfn t\u00f4i v\u1edbi m\u1ed9t v\u1ea5n \u0111\u1ec1 c\u1ee5 th\u1ec3 n\u00e0o \u0111\u00f3, \u0111\u1ec3 \u0111\u00e1nh gi\u00e1 xem chuy\u1ec7n g\u00ec \u0111ang x\u1ea3y ra trong ng\u00f4i nh\u00e0 v\u00e0 v\u1edbi \u0111\u1ee9a con s\u01a1 sinh ho\u1eb7c \u0111\u1ee9a con m\u1edbi ch\u1eadp ch\u1eefng bi\u1ebft \u0111i c\u1ee7a h\u1ecd, t\u00f4i lu\u00f4n h\u1ecfi \u00edt nh\u1ea5t m\u1ed9t, n\u1ebfu kh\u00f4ng th\u00ec ph\u1ea3i m\u1ed9t lo\u1ea1t nh\u1eefng c\u00e2u h\u1ecfi v\u1ec1 c\u1ea3 \u0111\u1ee9a tr\u1ebb v\u00e0 vi\u1ec7c m\u00e0 cha m\u1eb9 \u0111\u00e3 l\u00e0m \u0111\u1ec3 \u1ee9ng ph\u00f3 v\u1edbi t\u00ecnh hu\u1ed1ng \u0111\u00f3. Sau \u0111\u00f3, t\u00f4i m\u1edbi c\u00f3 th\u1ec3 ngh\u0129 ra k\u1ebf ho\u1ea1ch h\u00e0nh \u0111\u1ed9ng ph\u00f9 h\u1ee3p. M\u1ee5c ti\u00eau c\u1ee7a t\u00f4i l\u00e0 gi\u00fap b\u1ea1n hi\u1ec3u \u0111\u01b0\u1ee3c qu\u00e1 tr\u00ecnh t\u01b0 duy v\u00e0 h\u00ecnh th\u00e0nh th\u00f3i quen t\u1ef1 \u0111\u1eb7t c\u00e2u h\u1ecfi. Nh\u01b0 v\u1eady, b\u1ea1n s\u1ebd kh\u00f4ng ch\u1ec9 l\u00e0 ng\u01b0\u1eddi th\u00ec th\u1ea7m v\u1edbi tr\u1ebb, m\u00e0 c\u00f2n tr\u1edf th\u00e0nh m\u1ed9t ng\u01b0\u1eddi gi\u1ea3i quy\u1ebft v\u1ea5n \u0111\u1ec1 xu\u1ea5t s\u1eafc \u2013 m\u1ed9t Qu\u00fd b\u00e0 ho\u1eb7c Qu\u00fd \u00f4ng v\u1ea1n n\u0103ng. Khi \u0111\u1ecdc ti\u1ebfp, t\u00f4i mu\u1ed1n b\u1ea1n nh\u1edb \u0111i\u1ec1u quan tr\u1ecdng n\u00e0y:<\/p>\n<p>V\u1ea5n \u0111\u1ec1 kh\u00f4ng l\u00e0 g\u00ec kh\u00e1c ngo\u00e0i m\u1ed9t r\u1eafc r\u1ed1i c\u1ea7n ph\u1ea3i gi\u1ea3i quy\u1ebft ho\u1eb7c m\u1ed9t t\u00ecnh hu\u1ed1ng \u0111\u00f2i h\u1ecfi gi\u1ea3i ph\u00e1p s\u00e1ng t\u1ea1o. H\u00e3y \u0111\u1eb7t ra \u0111\u00fang c\u00e2u h\u1ecfi v\u00e0 b\u1ea1n s\u1ebd t\u00ecm ra c\u00e2u<\/p>\n","protected":false},"excerpt":{"rendered":"<p>Trong cu\u1ed1n s\u00e1ch n\u00e0y, t\u00f4i mu\u1ed1n gi\u00fap b\u1ea1n, xoa d\u1ecbu n\u1ed7i s\u1ee3 c\u1ee7a b\u1ea1n v\u00e0 ch\u1ec9 cho b\u1ea1n c\u00e1ch t\u1ef1 t\u1ea1o cho m\u00ecnh s\u1ee9c m\u1ea1nh c\u1ee7a m\u1ed9t ng\u01b0\u1eddi l\u00e0m cha m\u1eb9. T\u00f4i mu\u1ed1n d\u1ea1y cho b\u1ea1n nh\u1eefng g\u00ec t\u00f4i \u0111\u00e3 h\u1ecdc \u0111\u01b0\u1ee3c t\u1eeb c\u00f4ng vi\u1ec7c c\u1ea3 \u0111\u1eddi th\u00ec th\u1ea7m v\u1edbi tr\u1ebb c\u0169ng nh\u01b0 tr\u1ea3 l\u1eddi nh\u1eefng c\u00e2u h\u1ecfi m\u00e0 b\u1ea1n \u0111\u1eb7t ra cho t\u00f4i. T\u00f4i mu\u1ed1n d\u1ea1y b\u1ea1n c\u00e1ch ngh\u0129 gi\u1ed1ng nh\u01b0 t\u00f4i. T\u1ea5t nhi\u00ean, d\u00f9 t\u00f4i c\u00f3 c\u1ed1 g\u1eafng li\u1ec7t k\u00ea t\u1ea5t c\u1ea3 nh\u1eefng v\u1ea5n \u0111\u1ec1 m\u00e0 b\u1ea1n c\u00f3 th\u1ec3 g\u1eb7p ph\u1ea3i th\u00ec m\u1ed7i m\u1ed9t em b\u00e9 v\u00e0 m\u1ed7i m\u1ed9t gia \u0111\u00ecnh l\u1ea1i c\u00f3 m\u1ed9t ch\u00fat kh\u00e1c bi\u1ec7t. V\u00ec th\u1ebf, khi c\u00e1c \u00f4ng b\u1ed1 b\u00e0 m\u1eb9 t\u00ecm \u0111\u1ebfn t\u00f4i v\u1edbi m\u1ed9t v\u1ea5n \u0111\u1ec1 c\u1ee5 th\u1ec3 n\u00e0o \u0111\u00f3, \u0111\u1ec3 \u0111\u00e1nh gi\u00e1 xem chuy\u1ec7n g\u00ec \u0111ang x\u1ea3y ra trong ng\u00f4i nh\u00e0 v\u00e0 v\u1edbi \u0111\u1ee9a con s\u01a1 sinh ho\u1eb7c \u0111\u1ee9a con m\u1edbi ch\u1eadp ch\u1eefng bi\u1ebft \u0111i c\u1ee7a h\u1ecd, t\u00f4i lu\u00f4n h\u1ecfi \u00edt nh\u1ea5t m\u1ed9t, n\u1ebfu kh\u00f4ng th\u00ec ph\u1ea3i m\u1ed9t lo\u1ea1t nh\u1eefng c\u00e2u h\u1ecfi v\u1ec1 c\u1ea3 \u0111\u1ee9a tr\u1ebb v\u00e0 vi\u1ec7c m\u00e0 cha m\u1eb9 \u0111\u00e3 l\u00e0m \u0111\u1ec3 \u1ee9ng ph\u00f3 v\u1edbi t\u00ecnh hu\u1ed1ng \u0111\u00f3. Sau \u0111\u00f3, t\u00f4i m\u1edbi c\u00f3 th\u1ec3 ngh\u0129 ra k\u1ebf ho\u1ea1ch h\u00e0nh \u0111\u1ed9ng ph\u00f9 h\u1ee3p. M\u1ee5c ti\u00eau c\u1ee7a t\u00f4i l\u00e0 gi\u00fap b\u1ea1n hi\u1ec3u \u0111\u01b0\u1ee3c qu\u00e1 tr\u00ecnh t\u01b0 duy v\u00e0 h\u00ecnh th\u00e0nh th\u00f3i quen t\u1ef1 \u0111\u1eb7t c\u00e2u h\u1ecfi. Nh\u01b0 v\u1eady, b\u1ea1n s\u1ebd kh\u00f4ng ch\u1ec9 l\u00e0 ng\u01b0\u1eddi th\u00ec th\u1ea7m v\u1edbi tr\u1ebb, m\u00e0 c\u00f2n tr\u1edf th\u00e0nh m\u1ed9t ng\u01b0\u1eddi gi\u1ea3i quy\u1ebft v\u1ea5n \u0111\u1ec1 xu\u1ea5t s\u1eafc \u2013 m\u1ed9t Qu\u00fd b\u00e0 ho\u1eb7c Qu\u00fd \u00f4ng v\u1ea1n n\u0103ng. Khi \u0111\u1ecdc ti\u1ebfp, t\u00f4i mu\u1ed1n b\u1ea1n nh\u1edb \u0111i\u1ec1u quan tr\u1ecdng n\u00e0y:<\/p>\n<p>V\u1ea5n \u0111\u1ec1 kh\u00f4ng l\u00e0 g\u00ec kh\u00e1c ngo\u00e0i m\u1ed9t r\u1eafc r\u1ed1i c\u1ea7n ph\u1ea3i gi\u1ea3i quy\u1ebft ho\u1eb7c m\u1ed9t t\u00ecnh hu\u1ed1ng \u0111\u00f2i h\u1ecfi gi\u1ea3i ph\u00e1p s\u00e1ng t\u1ea1o. H\u00e3y \u0111\u1eb7t ra \u0111\u00fang c\u00e2u h\u1ecfi v\u00e0 b\u1ea1n s\u1ebd t\u00ecm ra c\u00e2u tr\u1ea3 l\u1eddi ch\u00ednh x\u00e1c.<\/p>\n","protected":false},"featured_media":8406,"template":"","meta":{"_acf_changed":false},"product_brand":[],"product_cat":[19],"product_tag":[],"class_list":{"0":"post-8415","1":"product","2":"type-product","3":"status-publish","4":"has-post-thumbnail","6":"product_cat-nuoi-day-con","8":"first","9":"instock","10":"taxable","11":"shipping-taxable","12":"purchasable","13":"product-type-simple"},"supplier_id":null,"supplier_sku":"","barcode":null,"atum_controlled":true,"out_stock_date":null,"out_stock_threshold":null,"inheritable":false,"inbound_stock":1,"stock_on_hold":0,"sold_today":0,"sales_last_days":0,"reserved_stock":0,"customer_returns":0,"warehouse_damage":0,"lost_in_post":0,"other_logs":0,"out_stock_days":0,"lost_sales":0,"has_location":false,"update_date":"2026-01-28T23:10:42","atum_locations":[],"atum_stock_status":"instock","restock_status":false,"low_stock_amount":"","sales_update_date":"2026-01-28T23:10:42","calc_backorders":null,"acf":{"publisher":{"ID":1474,"post_author":"1","post_date":"2021-02-17 01:12:51","post_date_gmt":"2021-02-16 23:12:51","post_content":"","post_title":"Th\u00e1i H\u00e0","post_excerpt":"","post_status":"publish","comment_status":"closed","ping_status":"closed","post_password":"","post_name":"thai-ha","to_ping":"","pinged":"","post_modified":"2021-02-17 01:12:51","post_modified_gmt":"2021-02-16 23:12:51","post_content_filtered":"","post_parent":0,"guid":"https:\/\/sachviet.eu\/nha-phat-hanh\/thai-ha\/","menu_order":0,"post_type":"publisher","post_mime_type":"","comment_count":"0","filter":"raw"}},"_links":{"self":[{"href":"https:\/\/sachviet.eu\/en\/wp-json\/wp\/v2\/product\/8415","targetHints":{"allow":["GET"]}}],"collection":[{"href":"https:\/\/sachviet.eu\/en\/wp-json\/wp\/v2\/product"}],"about":[{"href":"https:\/\/sachviet.eu\/en\/wp-json\/wp\/v2\/types\/product"}],"wp:featuredmedia":[{"embeddable":true,"href":"https:\/\/sachviet.eu\/en\/wp-json\/wp\/v2\/media\/8406"}],"wp:attachment":[{"href":"https:\/\/sachviet.eu\/en\/wp-json\/wp\/v2\/media?parent=8415"}],"wp:term":[{"taxonomy":"product_brand","embeddable":true,"href":"https:\/\/sachviet.eu\/en\/wp-json\/wp\/v2\/product_brand?post=8415"},{"taxonomy":"product_cat","embeddable":true,"href":"https:\/\/sachviet.eu\/en\/wp-json\/wp\/v2\/product_cat?post=8415"},{"taxonomy":"product_tag","embeddable":true,"href":"https:\/\/sachviet.eu\/en\/wp-json\/wp\/v2\/product_tag?post=8415"}],"curies":[{"name":"wp","href":"https:\/\/api.w.org\/{rel}","templated":true}]}}