{"id":8403,"date":"2021-04-28T14:16:05","date_gmt":"2021-04-28T11:16:05","guid":{"rendered":"https:\/\/sachviet.eu\/shop\/lon-khon-trong-hanh-trinh-lam-cha-me-me-viet-nuoi-day-con-kieu-bac-au\/"},"modified":"2021-05-09T01:17:27","modified_gmt":"2021-05-08T22:17:27","slug":"lon-khon-trong-hanh-trinh-lam-cha-me-me-viet-nuoi-day-con-kieu-bac-au","status":"publish","type":"product","link":"https:\/\/sachviet.eu\/en\/shop\/lon-khon-trong-hanh-trinh-lam-cha-me-me-viet-nuoi-day-con-kieu-bac-au\/","title":{"rendered":"L\u1edbn Kh\u00f4n Trong H\u00e0nh Tr\u00ecnh L\u00e0m Cha M\u1eb9 &#8211; M\u1eb9 Vi\u1ec7t Nu\u00f4i D\u1ea1y Con Ki\u1ec3u B\u1eafc \u00c2u"},"content":{"rendered":"<p>L\u1edbn Kh\u00f4n Trong H\u00e0nh Tr\u00ecnh L\u00e0m Cha M\u1eb9 &#8211; M\u1eb9 Vi\u1ec7t Nu\u00f4i D\u1ea1y Con Ki\u1ec3u B\u1eafc \u00c2u<\/p>\n<p>Kh\u00f4ng c\u00f3 \u0111\u1ecbnh ngh\u0129a ch\u00ednh x\u00e1c n\u00e0o v\u1ec1 \u201cngh\u1ec1\u201d l\u00e0m cha m\u1eb9. C\u0169ng kh\u00f4ng c\u00f3 kh\u00e1i ni\u1ec7m ho\u00e0n h\u1ea3o hay tuy\u1ec7t \u0111\u1ed1i v\u1ec1 nh\u1eefng ai l\u00e0m cha m\u1eb9. Ch\u00fang ta ch\u1ec9 c\u00f3 th\u1ec3 l\u1edbn l\u00ean trong h\u00e0nh tr\u00ecnh l\u00e0m cha m\u1eb9, v\u00e0 cu\u1ed9c phi\u00eau l\u01b0u kh\u00f4ng \u0111o\u00e1n tr\u01b0\u1edbc \u0111ang ch\u1edd \u0111\u00f3n t\u1ea5t c\u1ea3 ch\u00fang ta. (Phan Linh)<\/p>\n<p>M\u1eb9 Vi\u1ec7t nu\u00f4i d\u1ea1y con ki\u1ec3u B\u1eafc \u00c2u \u0111\u01b0\u1ee3c vi\u1ebft b\u1edfi Phan Linh, m\u1ed9t ng\u01b0\u1eddi m\u1eb9 Vi\u1ec7t \u0111ang s\u1ed1ng v\u00e0 l\u00e0m vi\u1ec7c t\u1ea1i Na Uy \u2013 \u0111\u1ea5t n\u01b0\u1edbc c\u00f3 ch\u1ec9 s\u1ed1 h\u1ea1nh ph\u00fac cao nh\u1ea5t tr\u00ean th\u1ebf gi\u1edbi. <\/p>\n<p>B\u1eb1ng vi\u1ec7c chia s\u1ebb nh\u1eefng c\u00e2u chuy\u1ec7n c\u1ee7a b\u1ea3n th\u00e2n trong su\u1ed1t nh\u1eefng ng\u00e0y mang thai b\u00e9 \u1ed0c, nh\u1eefng c\u1ea3m x\u00fac th\u00e0nh th\u1eadt, nh\u1eefng tr\u1ea3i nghi\u1ec7m qu\u00fd gi\u00e1 khi ng\u1eafm nh\u00ecn \u0111\u1ee9a tr\u1ebb l\u1edbn l\u00ean m\u1ed7i ng\u00e0y, Phan Linh \u0111\u00e3 truy\u1ec1n c\u1ea3m h\u1ee9ng cho r\u1ea5t nhi\u1ec1u b\u00e0 m\u1eb9 tr\u1ebb hi\u1ec7n \u0111\u1ea1i ni\u1ec1m tin, s\u1ef1 v\u1eefng t\u00e2m khi quy\u1ebft \u0111\u1ecbnh c\u00f3 con v\u00e0 nu\u00f4i d\u1ea1y con m\u1ed9t c\u00e1ch t\u1eed t\u1ebf.<\/p>\n<p>Trong su\u1ed1t 300 trang s\u00e1ch, Phan Linh d\u00e0nh nhi\u1ec1u dung l\u01b0\u1ee3ng \u0111\u1ec3 m\u00f4 t\u1ea3 v\u1ec1 cu\u1ed9c s\u1ed1ng \u1edf Na Uy \u0111\u1ec3 tr\u1ea3 l\u1eddi cho c\u00e2u h\u1ecfi: \u201cNh\u1eefng \u0111\u1ee9a tr\u1ebb \u1edf Na Uy v\u00e0 cha m\u1eb9 ch\u00fang, nh\u1eefng ng\u01b0\u1eddi \u0111ang s\u1ed1ng \u1edf m\u1ed9t qu\u1ed1c gia h\u1ea1nh ph\u00fac nh\u1ea5t th\u1ebf gi\u1edbi \u2013 h\u1ecd c\u00f3 h\u1ea1nh ph\u00fac th\u1eadt kh\u00f4ng? V\u00e0 h\u1ecd h\u1ea1nh ph\u00fac v\u00ec \u0111i\u1ec1u g\u00ec?\u201d<\/p>\n<p>Th\u1ef1c t\u1ebf, sau b\u1ed1n n\u0103m v\u1edbi h\u00e0nh tr\u00ecnh l\u00e0m cha m\u1eb9, t\u1eeb mang thai \u0111\u1ebfn sinh n\u1edf v\u00e0 c\u00f9ng con l\u1edbn kh\u00f4n, t\u00e1c gi\u1ea3 nh\u1eadn th\u1ea5y, cha m\u1eb9 \u1edf \u0111\u00e2u c\u0169ng c\u00f3 \u00e1p l\u1ef1c nh\u01b0 nhau, b\u1ea5t k\u1ec3 l\u00e0 n\u01b0\u1edbc gi\u00e0u hay ngh\u00e8o. B\u1ee9c tranh v\u1ec1 cu\u1ed9c s\u1ed1ng gia \u0111\u00ecnh v\u00e0 x\u00e3 h\u1ed9i Na Uy m\u00e0 t\u00e1c gi\u1ea3 k\u1ec3 v\u1edbi ch\u00fang ta c\u00f3 th\u1ec3 l\u1ea1 l\u1eabm v\u1edbi v\u0103n h\u00f3a Vi\u1ec7t, th\u1eadm ch\u00ed c\u00f3 ph\u1ea7n kh\u00e1c th\u01b0\u1eddng, nh\u01b0ng \u0111\u00f3 l\u00e0 nh\u1eefng \u0111i\u1ec1u ho\u00e0n to\u00e0n c\u00f3 th\u1ec3 th\u1ea9m th\u1ea5u v\u00e0 gi\u00fap ta hi\u1ec3u r\u1eb1ng, v\u00ec sao h\u1ecd \u0111\u01b0\u1ee3c c\u1ea3 th\u1ebf gi\u1edbi cho l\u00e0 nh\u1eefng ng\u01b0\u1eddi \u201cbi\u1ebft s\u1ed1ng\u201d. <\/p>\n<p>\u1ede Na Uy, tr\u1ebb con c\u00f3 m\u1ed9t th\u1eddi th\u01a1 \u1ea5u \u0111\u1eb7c bi\u1ec7t, g\u1eafn li\u1ec1n v\u1edbi kh\u00f4ng gian ngo\u00e0i tr\u1eddi v\u00e0 c\u00e1c ho\u1ea1t \u0111\u1ed9ng l\u00e0nh m\u1ea1nh c\u00f9ng gia \u0111\u00ecnh: tr\u01b0\u1ee3t tuy\u1ebft, c\u00e2u c\u00e1, b\u01a1i l\u1ed9i, picnic trong r\u1eebng\u2026 Ng\u01b0\u1eddi Na Uy khuy\u1ebfn kh\u00edch c\u00e1c tr\u1ea3i nghi\u1ec7m g\u1eafn b\u00f3 v\u1edbi thi\u00ean nhi\u00ean, \u0111\u00f3 c\u0169ng l\u00e0 s\u1ee3i d\u00e2y g\u1eafn k\u1ebft gi\u00fap tr\u1ebb ph\u00e1t tri\u1ec3n t\u00ednh c\u00e1ch v\u00e0 s\u1ef1 b\u1ec1n b\u1ec9.<\/p>\n<p>H\u1ea1nh ph\u00fac \u2013 B\u00ecnh \u0111\u1eb3ng \u2013 Nh\u00e2n v\u0103n l\u00e0 ba \u0111i\u1ec1u may m\u1eafn nh\u1ea5t m\u00e0 t\u00e1c gi\u1ea3 \u0111\u00e3 h\u1ecdc \u0111\u01b0\u1ee3c trong th\u1eddi gian l\u00e0m m\u1eb9 \u1edf Na Uy. \u1ede gia \u0111\u00ecnh c\u1ee7a ng\u01b0\u1eddi Na Uy, h\u1ea1nh ph\u00fac kh\u00f4ng \u0111o l\u01b0\u1eddng qua c\u1ee7a c\u1ea3i v\u1eadt ch\u1ea5t d\u00f9 m\u1ee9c s\u1ed1ng cao, kh\u00f4ng ph\u1ea3i nh\u1eefng ng\u00f4i nh\u00e0 ti\u1ec7n nghi, xe h\u01a1i h\u1ea1ng sang hay d\u1ecbch v\u1ee5 xem phim tr\u1ef1c tuy\u1ebfn hi\u1ec7n \u0111\u1ea1i nh\u1ea5t th\u1ebf gi\u1edbi. Ng\u01b0\u1eddi Na Uy \u201cbi\u1ebft s\u1ed1ng\u201d ch\u00ednh l\u00e0 v\u00ec h\u1ecd c\u00f3 c\u00e1ch t\u1eadn h\u01b0\u1edfng cu\u1ed9c s\u1ed1ng r\u1ea5t \u0111\u01a1n gi\u1ea3n: \u0111\u1ecdc m\u1ed9t cu\u1ed1n s\u00e1ch hay, cu\u1ed9n tr\u00f2n trong ch\u0103n \u1ea5m xem truy\u1ec1n h\u00ecnh, \u0111\u1eb7c bi\u1ec7t l\u00e0 nh\u1eefng kho\u1ea3nh kh\u1eafc nh\u1ecf g\u1eafn k\u1ebft gia \u0111\u00ecnh m\u00e0 h\u1ecd g\u1ecdi l\u00e0 hyggy time.<\/p>\n<p>L\u00e0m m\u1eb9 trong m\u1ed9t x\u00e3 h\u1ed9i v\u0103n minh, gi\u00e0u ti\u1ec7n \u00edch, c\u00e1c d\u1ecbch v\u1ee5 c\u00f4ng v\u00e0 ch\u0103m s\u00f3c s\u1ee9c kh\u1ecfe r\u1ea5t t\u1ed1t, Phan Linh c\u00f3 ph\u1ea3i \u0111\u1ed1i m\u1eb7t v\u1edbi th\u00e1ch th\u1ee9c n\u00e0o kh\u00f4ng? T\u1ea5t nhi\u00ean l\u00e0 c\u00f3. Trong cu\u1ed1n s\u00e1ch, c\u00f4 \u0111\u00e3 chia s\u1ebb c\u1ea3m gi\u00e1c l\u1ea1 l\u1eabm khi l\u1ea7n \u0111\u1ea7u b\u00e9 \u1ed0c xu\u1ea5t hi\u1ec7n trong gia \u0111\u00ecnh, c\u00f3 l\u00fac r\u1ed1i ren v\u00ec l\u1ecbch sinh ho\u1ea1t x\u00e1o tr\u1ed9n, k\u1ec3 c\u1ea3 ki\u1ebfn th\u1ee9c c\u00f4 g\u00f3p nh\u1eb7t \u0111\u1ec1u kh\u00e1c xa th\u1ef1c t\u1ebf. T\u00e1c gi\u1ea3 k\u1ec3 v\u1ec1 chuy\u1ec7n b\u1eefa \u0103n \u0111\u1ea7u ti\u00ean sau sinh kh\u00f4ng ph\u1ea3i s\u1eefa n\u00f3ng, ch\u00e1o th\u1ecbt n\u1ea1c nh\u01b0 c\u00e1c m\u1eb9 \u1edf Vi\u1ec7t Nam m\u00e0 l\u00e0 n\u01b0\u1edbc t\u00e1o \u00e9p \u0111\u00f3ng h\u1ed9p, l\u00e0 b\u00e1nh m\u00ec kh\u00f4, b\u01a1, th\u1ecbt ngu\u1ed9i, s\u00fap rau \u0103n li\u1ec1n\u2026<\/p>\n<p>Chuy\u1ec7n ki\u00eang c\u1eef \u0111\u01b0\u1ee3c truy\u1ec1n tai nhau \u1edf Vi\u1ec7t Nam l\u00e0 ho\u00e0n to\u00e0n kh\u00f4ng c\u00f3. Ng\u01b0\u1eddi m\u1eb9 s\u1ebd \u0111\u01b0\u1ee3c h\u01b0\u1edbng d\u1eabn v\u1eadn \u0111\u1ed9ng ngay sau sinh, \u0103n u\u1ed1ng \u0111a d\u1ea1ng, gi\u1eef tinh th\u1ea7n tho\u1ea3i m\u00e1i v\u00e0 coi m\u1ecdi chuy\u1ec7n nh\u1eb9 nh\u00e0ng nh\u1ea5t c\u00f3 th\u1ec3.<\/p>\n<p>V\u00e0 d\u00f9 th\u1ee5 h\u01b0\u1edfng m\u1ecdi ch\u1ebf \u0111\u1ed9 t\u1ed1t nh\u1ea5t \u1edf Na Uy, c\u00f4 c\u0169ng kh\u00f4ng tr\u00e1nh kh\u1ecfi nh\u1eefng l\u00fac ki\u1ec7t s\u1ee9c, b\u1eadt kh\u00f3c m\u1ed9t m\u00ecnh trong nh\u00e0 v\u1ec7 sinh sau khi sinh 2 tu\u1ea7n. Tr\u1ea7m c\u1ea3m l\u00e0 c\u00f3 th\u1eadt. Phan Linh kh\u00f4ng ch\u1ec9 th\u00f4ng c\u1ea3m v\u1edbi m\u1ecdi r\u1eafc r\u1ed1i c\u1ee7a c\u00e1c b\u00e0 m\u1eb9 sau sinh, c\u00f4 c\u00f2n gi\u00fap h\u1ecd \u0111\u1ed1i di\u1ec7n v\u1edbi ho\u00e0n c\u1ea3nh m\u1edbi, l\u00ean ti\u1ebfng gi\u00fap h\u1ecd t\u00ecm ra l\u1ed1i tho\u00e1t trong nh\u1eefng ng\u00e0y \u201c\u0111\u1eb7c bi\u1ec7t\u201d n\u00e0y. \u0110\u00f3 l\u00e0 h\u00e3y d\u00e0nh th\u1eddi gian ngh\u1ec9 ng\u01a1i nhi\u1ec1u nh\u1ea5t, t\u1eeb t\u1eeb gi\u00fap c\u01a1 th\u1ec3 l\u00e0m quen v\u00e0 ch\u1ea5p nh\u1eadn r\u1eb1ng, th\u0103ng tr\u1ea7m l\u00e0 \u0111i\u1ec1u ho\u00e0n to\u00e0n b\u00ecnh th\u01b0\u1eddng khi tr\u1edf th\u00e0nh cha m\u1eb9.<\/p>\n<p>Trong M\u1eb9 Vi\u1ec7t nu\u00f4i d\u1ea1y con ki\u1ec3u B\u1eafc \u00c2u, b\u1ea1n \u0111\u1ecdc t\u00ecm th\u1ea5y r\u1ea5t nhi\u1ec1u th\u00f4ng tin khoa h\u1ecdc b\u1ed5 \u00edch v\u1edbi c\u00e1c ch\u1ee7 \u0111\u1ec1: C\u00e1ch v\u1ec7 sinh cho b\u00e9 h\u00e0ng ng\u00e0y, Nu\u00f4i con b\u1eb1ng s\u1eefa m\u1eb9, H\u01b0\u1edbng d\u1eabn cho con b\u00fa \u0111\u00fang c\u00e1ch, T\u00ecm hi\u1ec3u gi\u1ea5c ng\u1ee7 c\u1ee7a tr\u1ebb, Cho tr\u1ebb ra ngo\u00e0i ch\u01a1i, C\u00e1c tr\u00f2 ch\u01a1i g\u1eafn k\u1ebft b\u1ed1 m\u1eb9 v\u00e0 con\u2026.<\/p>\n<p>T\u00e1c gi\u1ea3 c\u0169ng \u0111\u01b0a ra nhi\u1ec1u khuy\u1ebfn c\u00e1o v\u1ec1 th\u00f4ng tin y t\u1ebf, s\u1ee9c kh\u1ecfe tr\u00e0n lan tr\u00ean m\u1ea1ng internet. C\u00f3 r\u1ea5t nhi\u1ec1u ngu\u1ed3n ch\u01b0a ch\u00ednh th\u1ed1ng ho\u1eb7c kh\u00f4ng c\u00f3 c\u01a1 s\u1edf th\u1ef1c ti\u1ec5n \u0111\u01b0\u1ee3c t\u00e1c gi\u1ea3 d\u00e0nh th\u1eddi gian \u0111\u1ecdc, nghi\u00ean c\u1ee9u, t\u00ecm t\u00f2i v\u00e0 s\u00e0ng l\u1ecdc \u0111\u1ec3 gi\u00fap c\u00e1c b\u00e0 m\u1eb9 tr\u1ebb l\u1ea7n \u0111\u1ea7u nu\u00f4i con nh\u1ecf trang b\u1ecb ki\u1ebfn th\u1ee9c chu \u0111\u00e1o, v\u1eefng t\u00e2m h\u01a1n trong h\u00e0nh tr\u00ecnh m\u1edbi. <\/p>\n<p>B\u1ed1n n\u0103m l\u00e0m cha m\u1eb9, Phan Linh v\u00e0 ch\u1ed3ng lu\u00f4n lu\u00f4n h\u01b0\u1edbng \u0111\u1ebfn s\u1ef1 t\u00edch c\u1ef1c, nu\u00f4i con v\u1edbi l\u00f2ng t\u1eed t\u1ebf, cho con th\u1eddi gian, thu\u1eadn theo m\u00e1ch b\u1ea3o c\u1ee7a tr\u00e1i tim: \u201cH\u00e0nh tr\u00ecnh l\u00e0m cha m\u1eb9 \u1edf \u0111\u1ea5t n\u01b0\u1edbc h\u1ea1nh ph\u00fac nh\u1ea5t th\u1ebf gi\u1edbi c\u1ee7a ch\u00fang t\u00f4i KH\u00d4NG ph\u1ea3i l\u00e0 h\u00e0nh tr\u00ecnh t\u1eadn h\u01b0\u1edfng h\u1ea1nh ph\u00fac. M\u00e0 l\u00e0 m\u1ed7i ng\u00e0y n\u1ed7 l\u1ef1c kh\u00f4ng ng\u1eebng \u0111\u1ec3 x\u00e2y d\u1ef1ng v\u00e0 b\u1ea3o v\u1ec7 ni\u1ec1m tin v\u00e0o ch\u00ednh b\u1ea3n n\u0103ng l\u00e0m cha m\u1eb9 c\u1ee7a m\u00ecnh.\u201d<\/p>\n<p>Trong s\u00e1ch, \u0111an xen gi\u1eefa nh\u1eefng c\u00e2u chuy\u1ec7n \u0111\u1eddi s\u1ed1ng v\u1ee3 ch\u1ed3ng, c\u00e1ch chia s\u1ebb vi\u1ec7c nh\u00e0, chuy\u1ec7n nu\u00f4i con, Linh Phan kh\u00e9o l\u00e9o l\u1ed3ng gh\u00e9p nh\u1eefng khung h\u00ecnh minh h\u1ecda \u1ea5m \u00e1p v\u00e0 \u0111\u1ea7y thi\u1ec7n c\u1ea3m. T\u00ecnh y\u00eau con, s\u1ef1 g\u1eafn k\u1ebft v\u1ee3 ch\u1ed3ng, \u01b0\u1edbc mu\u1ed1n san s\u1ebb v\u00e0 th\u1ea5u hi\u1ec3u nhau \u0111\u01b0\u1ee3c kh\u01a1i d\u1eady t\u1eeb nh\u1eefng kho\u1ea3nh kh\u1eafp \u00eam \u0111\u1eb9p nh\u01b0 th\u1ebf.<\/p>\n<p>M\u1eb9 Vi\u1ec7t nu\u00f4i d\u1ea1y con ki\u1ec3u B\u1eafc \u00c2u kh\u00f4ng ch\u1ec9 l\u00e0 c\u1ea9m nang m\u1ecdi b\u00e0 m\u1eb9 tr\u1ebb n\u00ean \u0111\u1ecdc m\u00e0 c\u00f2n l\u00e0 n\u01a1i h\u01b0\u1edbng d\u1eabn, an \u1ee7i v\u00e0 \u0111\u1ed9ng vi\u00ean b\u1ea1n \u0111\u01b0\u1ee3c l\u00e0m cha m\u1eb9 theo c\u00e1ch m\u00ecnh mu\u1ed1n.<\/p>\n","protected":false},"excerpt":{"rendered":"<p>L\u1edbn Kh\u00f4n Trong H\u00e0nh Tr\u00ecnh L\u00e0m Cha M\u1eb9 &#8211; M\u1eb9 Vi\u1ec7t Nu\u00f4i D\u1ea1y Con Ki\u1ec3u B\u1eafc \u00c2u<\/p>\n<p>Kh\u00f4ng c\u00f3 \u0111\u1ecbnh ngh\u0129a ch\u00ednh x\u00e1c n\u00e0o v\u1ec1 \u201cngh\u1ec1\u201d l\u00e0m cha m\u1eb9. C\u0169ng kh\u00f4ng c\u00f3 kh\u00e1i ni\u1ec7m ho\u00e0n h\u1ea3o hay tuy\u1ec7t \u0111\u1ed1i v\u1ec1 nh\u1eefng ai l\u00e0m cha m\u1eb9. Ch\u00fang ta ch\u1ec9 c\u00f3 th\u1ec3 l\u1edbn l\u00ean trong h\u00e0nh tr\u00ecnh l\u00e0m cha m\u1eb9, v\u00e0 cu\u1ed9c phi\u00eau l\u01b0u kh\u00f4ng \u0111o\u00e1n tr\u01b0\u1edbc \u0111ang ch\u1edd \u0111\u00f3n t\u1ea5t c\u1ea3 ch\u00fang ta. (Phan Linh)<\/p>\n<p>M\u1eb9 Vi\u1ec7t nu\u00f4i d\u1ea1y con ki\u1ec3u B\u1eafc \u00c2u \u0111\u01b0\u1ee3c vi\u1ebft b\u1edfi Phan Linh, m\u1ed9t ng\u01b0\u1eddi m\u1eb9 Vi\u1ec7t \u0111ang s\u1ed1ng v\u00e0 l\u00e0m vi\u1ec7c t\u1ea1i Na Uy \u2013 \u0111\u1ea5t n\u01b0\u1edbc c\u00f3 ch\u1ec9 s\u1ed1 h\u1ea1nh ph\u00fac cao nh\u1ea5t tr\u00ean th\u1ebf gi\u1edbi. <\/p>\n<p>B\u1eb1ng vi\u1ec7c chia s\u1ebb nh\u1eefng c\u00e2u chuy\u1ec7n c\u1ee7a b\u1ea3n th\u00e2n trong su\u1ed1t nh\u1eefng ng\u00e0y mang thai b\u00e9 \u1ed0c, nh\u1eefng c\u1ea3m x\u00fac th\u00e0nh th\u1eadt, nh\u1eefng tr\u1ea3i nghi\u1ec7m qu\u00fd gi\u00e1 khi ng\u1eafm nh\u00ecn \u0111\u1ee9a tr\u1ebb l\u1edbn l\u00ean m\u1ed7i ng\u00e0y, Phan Linh \u0111\u00e3 truy\u1ec1n c\u1ea3m h\u1ee9ng cho r\u1ea5t nhi\u1ec1u b\u00e0 m\u1eb9 tr\u1ebb hi\u1ec7n \u0111\u1ea1i ni\u1ec1m tin, s\u1ef1 v\u1eefng t\u00e2m khi quy\u1ebft \u0111\u1ecbnh c\u00f3 con v\u00e0 nu\u00f4i d\u1ea1y con m\u1ed9t c\u00e1ch t\u1eed t\u1ebf.<\/p>\n<p>Trong su\u1ed1t 300 trang s\u00e1ch, Phan Linh d\u00e0nh nhi\u1ec1u dung l\u01b0\u1ee3ng \u0111\u1ec3 m\u00f4 t\u1ea3 v\u1ec1 cu\u1ed9c s\u1ed1ng \u1edf Na Uy \u0111\u1ec3 tr\u1ea3 l\u1eddi cho c\u00e2u h\u1ecfi: \u201cNh\u1eefng \u0111\u1ee9a tr\u1ebb \u1edf Na Uy v\u00e0 cha m\u1eb9 ch\u00fang, nh\u1eefng ng\u01b0\u1eddi \u0111ang s\u1ed1ng \u1edf m\u1ed9t qu\u1ed1c gia h\u1ea1nh ph\u00fac nh\u1ea5t th\u1ebf gi\u1edbi \u2013 h\u1ecd c\u00f3 h\u1ea1nh ph\u00fac th\u1eadt kh\u00f4ng? V\u00e0 h\u1ecd h\u1ea1nh ph\u00fac v\u00ec \u0111i\u1ec1u g\u00ec?\u201d<\/p>\n","protected":false},"featured_media":8402,"template":"","meta":{"_acf_changed":false},"product_brand":[],"product_cat":[19],"product_tag":[],"class_list":{"0":"post-8403","1":"product","2":"type-product","3":"status-publish","4":"has-post-thumbnail","6":"product_cat-nuoi-day-con","8":"first","9":"outofstock","10":"taxable","11":"shipping-taxable","12":"purchasable","13":"product-type-simple"},"supplier_id":null,"supplier_sku":"","barcode":null,"atum_controlled":true,"out_stock_date":"2021-05-08 22:17:27","out_stock_threshold":null,"inheritable":false,"inbound_stock":0,"stock_on_hold":0,"sold_today":0,"sales_last_days":0,"reserved_stock":0,"customer_returns":0,"warehouse_damage":0,"lost_in_post":0,"other_logs":0,"out_stock_days":1726,"lost_sales":0,"has_location":false,"update_date":"2026-01-28T23:10:42","atum_locations":[],"atum_stock_status":"outofstock","restock_status":false,"low_stock_amount":"","sales_update_date":"2026-01-28T23:10:42","calc_backorders":null,"acf":{"publisher":{"ID":1454,"post_author":"1","post_date":"2021-02-17 01:11:34","post_date_gmt":"2021-02-16 23:11:34","post_content":"<!-- wp:flatsome\/uxbuilder -->\n<h1 style=\"text-align: center;\"><strong>Kim \u0110\u1ed3ng<\/strong><\/h1>\n[row]\n\n[col span=\"3\" span__sm=\"12\"]\n\n[ux_image id=\"1534\" image_size=\"medium\"]\n\n\n[\/col]\n[col span=\"9\" span__sm=\"12\"]\n\n<p>Nh\u00e0 xu\u1ea5t b\u1ea3n Kim \u0110\u1ed3ng tr\u1ef1c thu\u1ed9c Trung \u01b0\u01a1ng \u0110o\u00e0n TNCS H\u1ed3 Ch\u00ed Minh l\u00e0 Nh\u00e0 xu\u1ea5t b\u1ea3n t\u1ed5ng h\u1ee3p c\u00f3 ch\u1ee9c n\u0103ng xu\u1ea5t b\u1ea3n s\u00e1ch v\u00e0 v\u0103n h\u00f3a ph\u1ea9m ph\u1ee5c v\u1ee5 thi\u1ebfu nhi v\u00e0 c\u00e1c b\u1eadc ph\u1ee5 huynh trong c\u1ea3 n\u01b0\u1edbc, qu\u1ea3ng b\u00e1 v\u00e0 gi\u1edbi thi\u1ec7u v\u0103n h\u00f3a Vi\u1ec7t Nam ra th\u1ebf gi\u1edbi.<br \/>Nh\u00e0 xu\u1ea5t b\u1ea3n c\u00f3 nhi\u1ec7m v\u1ee5 t\u1ed5 ch\u1ee9c b\u1ea3n th\u1ea3o, bi\u00ean so\u1ea1n, bi\u00ean d\u1ecbch, xu\u1ea5t b\u1ea3n v\u00e0 ph\u00e1t h\u00e0nh c\u00e1c xu\u1ea5t b\u1ea3n ph\u1ea9m c\u00f3 n\u1ed9i dung: gi\u00e1o d\u1ee5c truy\u1ec1n th\u1ed1ng d\u00e2n t\u1ed9c, gi\u00e1o d\u1ee5c v\u1ec1 tri th\u1ee9c, ki\u1ebfn th\u1ee9c\u2026 tr\u00ean c\u00e1c l\u0129nh v\u1ef1c v\u0103n h\u1ecdc, ngh\u1ec7 thu\u1eadt, khoa h\u1ecdc k\u1ef9 thu\u1eadt nh\u1eb1m cung c\u1ea5p cho c\u00e1c em thi\u1ebfu nhi c\u0169ng nh\u01b0 c\u00e1c b\u1eadc ph\u1ee5 huynh c\u00e1c ki\u1ebfn th\u1ee9c c\u1ea7n thi\u1ebft trong cu\u1ed9c s\u1ed1ng, nh\u1eefng tinh hoa c\u1ee7a tri th\u1ee9c nh\u00e2n lo\u1ea1i nh\u1eb1m g\u00f3p ph\u1ea7n gi\u00e1o d\u1ee5c v\u00e0 h\u00ecnh th\u00e0nh nh\u00e2n c\u00e1ch th\u1ebf h\u1ec7 tr\u1ebb.<br \/>\u0110\u1ed1i t\u01b0\u1ee3ng ph\u1ee5c v\u1ee5 c\u1ee7a Nh\u00e0 xu\u1ea5t b\u1ea3n l\u00e0 c\u00e1c em t\u1eeb tu\u1ed5i nh\u00e0 tr\u1ebb m\u1eabu gi\u00e1o (1 \u0111\u1ebfn 5 tu\u1ed5i), nhi \u0111\u1ed3ng (6 \u0111\u1ebfn 9 tu\u1ed5i), thi\u1ebfu ni\u00ean (10 \u0111\u1ebfn 15 tu\u1ed5i) \u0111\u1ebfn c\u00e1c em tu\u1ed5i m\u1edbi l\u1edbn (16 \u0111\u1ebfn 18 tu\u1ed5i) v\u00e0 c\u00e1c b\u1eadc ph\u1ee5 huynh.<\/p>\n\n[\/col]\n\n[\/row]\n\n<!-- \/wp:flatsome\/uxbuilder -->","post_title":"Kim \u0110\u1ed3ng","post_excerpt":"","post_status":"publish","comment_status":"closed","ping_status":"closed","post_password":"","post_name":"kim-dong","to_ping":"","pinged":"","post_modified":"2021-02-17 01:31:56","post_modified_gmt":"2021-02-16 23:31:56","post_content_filtered":"","post_parent":0,"guid":"https:\/\/sachviet.eu\/nha-phat-hanh\/kim-dong\/","menu_order":0,"post_type":"publisher","post_mime_type":"","comment_count":"0","filter":"raw"}},"_links":{"self":[{"href":"https:\/\/sachviet.eu\/en\/wp-json\/wp\/v2\/product\/8403","targetHints":{"allow":["GET"]}}],"collection":[{"href":"https:\/\/sachviet.eu\/en\/wp-json\/wp\/v2\/product"}],"about":[{"href":"https:\/\/sachviet.eu\/en\/wp-json\/wp\/v2\/types\/product"}],"wp:featuredmedia":[{"embeddable":true,"href":"https:\/\/sachviet.eu\/en\/wp-json\/wp\/v2\/media\/8402"}],"wp:attachment":[{"href":"https:\/\/sachviet.eu\/en\/wp-json\/wp\/v2\/media?parent=8403"}],"wp:term":[{"taxonomy":"product_brand","embeddable":true,"href":"https:\/\/sachviet.eu\/en\/wp-json\/wp\/v2\/product_brand?post=8403"},{"taxonomy":"product_cat","embeddable":true,"href":"https:\/\/sachviet.eu\/en\/wp-json\/wp\/v2\/product_cat?post=8403"},{"taxonomy":"product_tag","embeddable":true,"href":"https:\/\/sachviet.eu\/en\/wp-json\/wp\/v2\/product_tag?post=8403"}],"curies":[{"name":"wp","href":"https:\/\/api.w.org\/{rel}","templated":true}]}}