{"id":8401,"date":"2021-04-28T14:16:00","date_gmt":"2021-04-28T11:16:00","guid":{"rendered":"https:\/\/sachviet.eu\/shop\/hai-van-dam-duoi-bien\/"},"modified":"2023-04-11T18:05:38","modified_gmt":"2023-04-11T15:05:38","slug":"hai-van-dam-duoi-bien","status":"publish","type":"product","link":"https:\/\/sachviet.eu\/en\/shop\/hai-van-dam-duoi-bien\/","title":{"rendered":"Hai V\u1ea1n D\u1eb7m D\u01b0\u1edbi Bi\u1ec3n  (\u0110inh T\u1ecb)"},"content":{"rendered":"<p>Truy\u1ec7n vi\u1ec5n t\u01b0\u1edfng hay gi\u1ea3 t\u01b0\u1edfng \u0111\u00e3 c\u00f3 kh\u00e1 nhi\u1ec1u nh\u00e0 v\u0103n tr\u00ean th\u1ebf gi\u1edbi th\u1ec3 hi\u1ec7n trong t\u00e1c ph\u1ea9m c\u1ee7a m\u00ecnh. C\u0169ng l\u00e0 tr\u00ed t\u01b0\u1edfng t\u01b0\u1ee3ng, nh\u01b0ng kh\u00e1c v\u1edbi truy\u1ec7n c\u1ed5 t\u00edch hay th\u1ea7n tho\u1ea1i, ti\u1ec3u thuy\u1ebft gi\u1ea3 t\u01b0\u1edfng th\u01b0\u1eddng mang \u0111\u1eadm ch\u1ea5t hi\u1ec7n th\u1ef1c, s\u1ed1ng \u0111\u1ed9ng.<\/p>\n<p>Hai V\u1ea1n D\u1eb7m D\u01b0\u1edbi \u0110\u00e1y Bi\u1ec3n l\u00e0 m\u1ed9t cu\u1ed1n ti\u1ec3u thuy\u1ebft gi\u1ea3 t\u01b0\u1edfng hi\u1ec7n \u0111\u1ea1i kh\u00f4ng ch\u1ec9 d\u00e0nh cho l\u1ee9a tu\u1ed5i thi\u1ebfu nhi m\u00e0 c\u00f2n d\u00e0nh cho m\u1ecdi th\u1ebf h\u1ec7 ng\u01b0\u1eddi \u0111\u1ecdc.<\/p>\n<p>Gi\u00e1o s\u01b0 Aronnax c\u00f9ng anh b\u1ea1n gi\u00fap vi\u1ec7c vui t\u00ednh Conseil l\u00e0 nh\u1eefng ng\u01b0\u1eddi say m\u00ea kh\u00e1m ph\u00e1 sinh v\u1eadt bi\u1ec3n. H\u1ecd \u0111\u00e3 quy\u1ebft \u0111\u1ecbnh kh\u00e1m ph\u00e1 b\u00ed m\u1eadt c\u1ee7a qu\u00e1i v\u1eadt bi\u1ec3n. \u0110\u01b0\u1ee3c s\u1ef1 gi\u00fap \u0111\u1ee1 c\u1ee7a anh ch\u00e0ng th\u1ee3 s\u0103n c\u00e1 voi si\u00eau h\u1ea1ng Ned Land, h\u1ecd \u0111\u00e3 s\u1eb5n s\u00e0ng m\u1ed9t cu\u1ed9c \u0111i s\u0103n m\u00e0 kh\u00f4ng bi\u1ebft c\u00f3 bao \u0111i\u1ec1u nguy hi\u1ec3m \u0111ang ch\u1edd \u0111\u1ee3i m\u00ecnh \u1edf ph\u00eda tr\u01b0\u1edbc. B\u1ea5t ng\u1edd \u0111\u1ebfn v\u1edbi h\u1ecd khi ph\u00e1t hi\u1ec7n ra con c\u00e1 voi kh\u1ed5ng l\u1ed3 l\u00e0m b\u1eb1ng s\u1eaft, nh\u01b0ng t\u1ea5t c\u1ea3 \u0111\u1ec1u kh\u00f4ng k\u1ecbp, h\u1ecd b\u1ecb b\u1eaft l\u00e0m t\u00f9 binh tr\u00ean chi\u1ebfc t\u00e0u c\u1ee7a thuy\u1ec1n tr\u01b0\u1edfng Nemo. V\u00e0 b\u1ea5t \u0111\u1eafc d\u0129, h\u1ecd ph\u1ea3i tham ra chuy\u1ebfn h\u00e0nh tr\u00ecnh tr\u00ean bi\u1ec3n d\u00e0i ng\u00e0y. M\u1ed9t th\u1ebf gi\u1edbi k\u1ef3 th\u00fa c\u1ee7a \u0111\u1ea1i d\u01b0\u01a1ng \u0111\u00e3 hi\u1ec7n ra c\u00f9ng cu\u1ed9c phi\u00eau l\u01b0u c\u1ee7a \u0111o\u00e0n th\u00e1m hi\u1ec3m v\u00e0 thuy\u1ec1n tr\u01b0\u1edfng Nemo: Tham gia chuy\u1ebfn \u0111i s\u0103n d\u01b0\u1edbi \u0111\u00e1y bi\u1ec3n, tho\u00e1t kh\u1ecfi c\u00e1 m\u1eadp nguy hi\u1ec3m, ch\u1ea1y tr\u1ed1n nh\u1eefng ng\u01b0\u1eddi th\u1ed5 d\u00e2n, khai th\u00e1c kim c\u01b0\u01a1ng d\u01b0\u1edbi \u0111\u00e1y bi\u1ec3n, kh\u00e1m ph\u00e1 nhi\u1ec1u v\u00f9ng \u0111\u1ea5t m\u1edbi v\u00e0 cu\u1ed1i c\u00f9ng l\u00e0 m\u1eafc k\u1eb9t trong n\u00fai b\u0103ng \u1edf B\u1eafc C\u1ef1c\u2026<\/p>\n","protected":false},"excerpt":{"rendered":"<p>Truy\u1ec7n vi\u1ec5n t\u01b0\u1edfng hay gi\u1ea3 t\u01b0\u1edfng \u0111\u00e3 c\u00f3 kh\u00e1 nhi\u1ec1u nh\u00e0 v\u0103n tr\u00ean th\u1ebf gi\u1edbi th\u1ec3 hi\u1ec7n trong t\u00e1c ph\u1ea9m c\u1ee7a m\u00ecnh. C\u0169ng l\u00e0 tr\u00ed t\u01b0\u1edfng t\u01b0\u1ee3ng, nh\u01b0ng kh\u00e1c v\u1edbi truy\u1ec7n c\u1ed5 t\u00edch hay th\u1ea7n tho\u1ea1i, ti\u1ec3u thuy\u1ebft gi\u1ea3 t\u01b0\u1edfng th\u01b0\u1eddng mang \u0111\u1eadm ch\u1ea5t hi\u1ec7n th\u1ef1c, s\u1ed1ng \u0111\u1ed9ng.<\/p>\n<p>Hai V\u1ea1n D\u1eb7m D\u01b0\u1edbi \u0110\u00e1y Bi\u1ec3n l\u00e0 m\u1ed9t cu\u1ed1n ti\u1ec3u thuy\u1ebft gi\u1ea3 t\u01b0\u1edfng hi\u1ec7n \u0111\u1ea1i kh\u00f4ng ch\u1ec9 d\u00e0nh cho l\u1ee9a tu\u1ed5i thi\u1ebfu nhi m\u00e0 c\u00f2n d\u00e0nh cho m\u1ecdi th\u1ebf h\u1ec7 ng\u01b0\u1eddi \u0111\u1ecdc.<\/p>\n<p>Gi\u00e1o s\u01b0 Aronnax c\u00f9ng anh b\u1ea1n gi\u00fap vi\u1ec7c vui t\u00ednh Conseil l\u00e0 nh\u1eefng ng\u01b0\u1eddi say m\u00ea kh\u00e1m ph\u00e1 sinh v\u1eadt bi\u1ec3n. H\u1ecd \u0111\u00e3 quy\u1ebft \u0111\u1ecbnh kh\u00e1m ph\u00e1 b\u00ed m\u1eadt c\u1ee7a qu\u00e1i v\u1eadt bi\u1ec3n. \u0110\u01b0\u1ee3c s\u1ef1 gi\u00fap \u0111\u1ee1 c\u1ee7a anh ch\u00e0ng th\u1ee3 s\u0103n c\u00e1 voi si\u00eau h\u1ea1ng Ned Land, h\u1ecd \u0111\u00e3 s\u1eb5n s\u00e0ng m\u1ed9t cu\u1ed9c \u0111i s\u0103n m\u00e0 kh\u00f4ng bi\u1ebft c\u00f3 bao \u0111i\u1ec1u nguy hi\u1ec3m \u0111ang ch\u1edd \u0111\u1ee3i m\u00ecnh \u1edf ph\u00eda tr\u01b0\u1edbc. B\u1ea5t ng\u1edd \u0111\u1ebfn v\u1edbi h\u1ecd khi ph\u00e1t hi\u1ec7n ra con c\u00e1 voi kh\u1ed5ng l\u1ed3 l\u00e0m b\u1eb1ng s\u1eaft, nh\u01b0ng t\u1ea5t c\u1ea3 \u0111\u1ec1u kh\u00f4ng k\u1ecbp, h\u1ecd b\u1ecb b\u1eaft l\u00e0m t\u00f9 binh tr\u00ean chi\u1ebfc t\u00e0u c\u1ee7a thuy\u1ec1n tr\u01b0\u1edfng Nemo. V\u00e0 b\u1ea5t \u0111\u1eafc d\u0129, h\u1ecd ph\u1ea3i tham ra chuy\u1ebfn h\u00e0nh tr\u00ecnh tr\u00ean bi\u1ec3n d\u00e0i ng\u00e0y. M\u1ed9t th\u1ebf gi\u1edbi k\u1ef3 th\u00fa c\u1ee7a \u0111\u1ea1i d\u01b0\u01a1ng \u0111\u00e3 hi\u1ec7n ra c\u00f9ng cu\u1ed9c phi\u00eau l\u01b0u c\u1ee7a \u0111o\u00e0n th\u00e1m hi\u1ec3m v\u00e0 thuy\u1ec1n tr\u01b0\u1edfng Nemo: Tham gia chuy\u1ebfn \u0111i s\u0103n d\u01b0\u1edbi \u0111\u00e1y bi\u1ec3n, tho\u00e1t kh\u1ecfi c\u00e1 m\u1eadp nguy hi\u1ec3m, ch\u1ea1y tr\u1ed1n nh\u1eefng ng\u01b0\u1eddi th\u1ed5 d\u00e2n, khai th\u00e1c kim c\u01b0\u01a1ng d\u01b0\u1edbi \u0111\u00e1y bi\u1ec3n, kh\u00e1m ph\u00e1 nhi\u1ec1u v\u00f9ng \u0111\u1ea5t m\u1edbi v\u00e0 cu\u1ed1i c\u00f9ng l\u00e0 m\u1eafc k\u1eb9t trong n\u00fai b\u0103ng \u1edf B\u1eafc C\u1ef1c\u2026<\/p>\n<p>&nbsp;<\/p>\n","protected":false},"featured_media":8400,"template":"","meta":{"_acf_changed":false},"product_brand":[],"product_cat":[15,45,77],"product_tag":[],"class_list":{"0":"post-8401","1":"product","2":"type-product","3":"status-publish","4":"has-post-thumbnail","6":"product_cat-sach-danh-cho-nguoi-lon","7":"product_cat-tieu-thuyet","8":"product_cat-van-hoc-kinh-dien","10":"first","11":"outofstock","12":"taxable","13":"shipping-taxable","14":"purchasable","15":"product-type-simple"},"supplier_id":null,"supplier_sku":"","barcode":null,"atum_controlled":true,"out_stock_date":"2023-04-11 15:05:38","out_stock_threshold":null,"inheritable":false,"inbound_stock":1,"stock_on_hold":0,"sold_today":0,"sales_last_days":0,"reserved_stock":0,"customer_returns":0,"warehouse_damage":0,"lost_in_post":0,"other_logs":0,"out_stock_days":1023,"lost_sales":0,"has_location":false,"update_date":"2026-01-28T23:10:42","atum_locations":[],"atum_stock_status":"outofstock","restock_status":false,"low_stock_amount":"","sales_update_date":"2026-01-28T23:10:42","calc_backorders":null,"acf":{"publisher":{"ID":1470,"post_author":"2","post_date":"2021-02-17 01:12:47","post_date_gmt":"2021-02-16 23:12:47","post_content":"<!-- wp:flatsome\/uxbuilder -->\n<h1 style=\"text-align: center\"><strong>\u0110inh T\u1ecb<\/strong><\/h1>\n[row]\n\n[col span=\"4\" span__sm=\"12\"]\n\n[ux_image id=\"1831\" image_size=\"medium\"]\n\n\n[\/col]\n[col span=\"8\" span__sm=\"12\"]\n\n<p><strong>\u0110inh T\u1ecb Books - Ti\u00ean phong s\u00e1ng t\u1ea1o<\/strong><\/p>\n<p>Th\u00e0nh l\u1eadp n\u0103m 2006, t\u1edbi nay \u0110inh T\u1ecb Books \u0111\u01b0\u1ee3c \u0111\u00e1nh gi\u1ea3 l\u00e0 \u0111\u01a1n v\u1ecb xu\u1ea5t b\u1ea3n uy t\u00edn c\u00f3 t\u1ed1c \u0111\u1ed9 ph\u00e1t tri\u1ec3n nhanh nh\u1ea5t g\u1eafn v\u1edbi th\u00e0nh c\u00f4ng c\u1ee7a hai t\u1ee7 s\u00e1ch l\u1edbn: T\u1ee7 s\u00e1ch Thi\u1ebfu nhi - T\u1ee7 s\u00e1ch V\u0103n h\u1ecdc. Trong \u0111\u00f3 ph\u1ea3i k\u1ec3 t\u1edbi b\u01b0\u1edbc chuy\u1ec3n m\u00ecnh \u0111\u1ea7y \u1ea5n t\u01b0\u1ee3ng, tr\u1edf th\u00e0nh \u0111\u01a1n v\u1ecb ti\u00ean phong s\u00e1ng t\u1ea1o d\u00f2ng S\u00c1CH T\u01af\u01a0NG T\u00c1C thi\u1ebfu nhi. V\u1edbi h\u01a1n 300 t\u1ef1a s\u00e1ch t\u01b0\u01a1ng t\u00e1c \u0111ang l\u01b0u h\u00e0nh, \u0110inh T\u1ecb Books \u0111\u00e3 mang \u0111\u1ebfn nh\u1eefng gi\u00e1 tr\u1ecb tr\u1ea3i nghi\u1ec7m tuy\u1ec7t v\u1eddi, \u0111\u01b0a vi\u1ec7c h\u1ecdc v\u00e0 ch\u01a1i c\u00f9ng s\u00e1ch tr\u1edf n\u00ean hi\u1ec7u qu\u1ea3 h\u01a1n, gi\u00fap tr\u1ebb th\u00f4ng minh, t\u0103ng tr\u01b0\u1edfng c\u00e1c ch\u1ec9 s\u1ed1 IQ, EQ.<\/p>\n<p><strong>Th\u1ebf m\u1ea1nh c\u1ee7a \u0110inh T\u1ecb Books<\/strong><\/p>\n<p>V\u1edbi kinh nghi\u1ec7m nhi\u1ec1u n\u0103m trong ng\u00e0nh xu\u1ea5t b\u1ea3n, \u0110inh T\u1ecb Books tin r\u1eb1ng c\u00e1c b\u1eadc cha m\u1eb9 lu\u00f4n d\u00e0nh nh\u1eefng \u0111i\u1ec1u t\u1ed1t \u0111\u1eb9p nh\u1ea5t cho c\u00e1c con c\u1ee7a m\u00ecnh. \u0110\u1ecdc s\u00e1ch c\u00f9ng con lu\u00f4n l\u00e0 l\u1ef1a ch\u1ecdn h\u00e0ng \u0111\u1ea7u gi\u00fap g\u1eafn k\u1ebft t\u00ecnh y\u00eau th\u01b0\u01a1ng \u0111\u1ed3ng th\u1eddi gi\u00fap con nu\u00f4i d\u01b0\u1ee1ng ni\u1ec1m \u0111am m\u00ea v\u1edbi s\u00e1ch.<\/p>\n\n[\/col]\n\n[\/row]\n<p><strong>T\u00ecnh y\u00eau l\u1edbn d\u00e0nh cho nh\u1eefng cu\u1ed1n s\u00e1ch.<\/strong><\/p>\n<p>Xu\u1ea5t ph\u00e1t t\u1eeb t\u00ecnh y\u00eau v\u1edbi nh\u1eefng cu\u1ed1n s\u00e1ch, l\u00f2ng t\u1eadn t\u00e2m mu\u1ed1n g\u00ecn gi\u1eef nh\u1eefng gi\u00e1 tr\u1ecb v\u0103n h\u00f3a truy\u1ec1n th\u1ed1ng c\u1ee7a Vi\u1ec7t Nam, mong mu\u1ed1n \u0111\u01b0a nh\u1eefng gi\u00e1 tr\u1ecb \u0111\u1eadm ch\u1ea5t Vi\u1ec7t Nam \u0111\u1ebfn v\u1edbi tr\u1ebb em Vi\u1ec7t, c\u00e1c th\u00e0nh vi\u00ean s\u00e1ng t\u1ea1o c\u1ee7a \u0110inh T\u1ecb Books \u0111\u00e3 kh\u00f4ng ng\u1eebng n\u1ed7 l\u1ef1c, t\u00ecm t\u00f2i v\u00e0 h\u1ecdc h\u1ecfi, \u0111\u1ec3 \u0111\u01b0a nh\u1eefng cu\u1ed1n s\u00e1ch \u201c100% made in Vietnam\u201d \u0111\u1ebfn v\u1edbi tr\u1ebb em Vi\u1ec7t. C\u00e1c ki\u1ebfn th\u1ee9c b\u1ed5 \u00edch \u0111\u01b0\u1ee3c truy\u1ec1n t\u1ea3i th\u00f4ng qua nh\u1eefng t\u01b0\u01a1ng t\u00e1c th\u00fa v\u1ecb gi\u00fap tr\u1ebb nh\u1edb l\u00e2u h\u01a1n, h\u1ecdc t\u1ed1t h\u01a1n.<\/p>\n<p>Nh\u1eadn ra \u0111\u01b0\u1ee3c s\u1ee9 m\u1ec7nh v\u00e0 t\u1ea7m nh\u00ecn c\u1ee7a \u0110inh T\u1ecb, <strong>SACHVIET.EU<\/strong> \u0111\u00e3 li\u00ean l\u1ea1c v\u1edbi \u0110inh T\u1ecb \u0111\u1ec3 \u0111\u01b0\u1ee3c h\u1ed7 tr\u1ee3 \u0111\u01b0a nh\u1eefng cu\u1ed1n s\u00e1ch mang gi\u00e1 tr\u1ecb \u0111\u1eadm ch\u1ea5t Vi\u1ec7t Nam \u0111\u1ebfn v\u1edbi tr\u1ebb em Vi\u1ec7t v\u00e0 c\u1ed9ng \u0111\u1ed3ng Vi\u1ec7t s\u1ed1ng t\u1ea1i Ch\u00e2u \u00c2u. SACHVIET.EU \u0111\u1eb7t l\u00f2ng tin \u1edf \u0110inh T\u1ecb s\u1ebd lu\u00f4n \u0111em \u0111\u1ebfn nh\u1eefng gi\u00e1 tr\u1ecb cao qua t\u1eebng trang s\u00e1ch v\u00e0 hy v\u1ecdng \u0111\u1ed9c gi\u1ea3 s\u1ebd lu\u00f4n h\u00e0i l\u00f2ng v\u1edbi ch\u1ea5t l\u01b0\u1ee3ng m\u00e0 \u0110inh T\u1ecb theo \u0111u\u1ed5i bao n\u0103m qua.<\/p>\n\n<!-- \/wp:flatsome\/uxbuilder -->","post_title":"\u0110inh T\u1ecb","post_excerpt":"","post_status":"publish","comment_status":"closed","ping_status":"closed","post_password":"","post_name":"dinh-ti","to_ping":"","pinged":"","post_modified":"2022-12-19 23:15:43","post_modified_gmt":"2022-12-19 21:15:43","post_content_filtered":"","post_parent":0,"guid":"https:\/\/sachviet.eu\/nha-phat-hanh\/dinh-ti\/","menu_order":0,"post_type":"publisher","post_mime_type":"","comment_count":"0","filter":"raw"}},"_links":{"self":[{"href":"https:\/\/sachviet.eu\/en\/wp-json\/wp\/v2\/product\/8401","targetHints":{"allow":["GET"]}}],"collection":[{"href":"https:\/\/sachviet.eu\/en\/wp-json\/wp\/v2\/product"}],"about":[{"href":"https:\/\/sachviet.eu\/en\/wp-json\/wp\/v2\/types\/product"}],"wp:featuredmedia":[{"embeddable":true,"href":"https:\/\/sachviet.eu\/en\/wp-json\/wp\/v2\/media\/8400"}],"wp:attachment":[{"href":"https:\/\/sachviet.eu\/en\/wp-json\/wp\/v2\/media?parent=8401"}],"wp:term":[{"taxonomy":"product_brand","embeddable":true,"href":"https:\/\/sachviet.eu\/en\/wp-json\/wp\/v2\/product_brand?post=8401"},{"taxonomy":"product_cat","embeddable":true,"href":"https:\/\/sachviet.eu\/en\/wp-json\/wp\/v2\/product_cat?post=8401"},{"taxonomy":"product_tag","embeddable":true,"href":"https:\/\/sachviet.eu\/en\/wp-json\/wp\/v2\/product_tag?post=8401"}],"curies":[{"name":"wp","href":"https:\/\/api.w.org\/{rel}","templated":true}]}}