{"id":8389,"date":"2021-04-28T14:15:27","date_gmt":"2021-04-28T11:15:27","guid":{"rendered":"https:\/\/sachviet.eu\/shop\/con-co-the-tu-bao-ve-minh-do-la-to-tu-dau-den-chan\/"},"modified":"2024-08-12T10:12:14","modified_gmt":"2024-08-12T07:12:14","slug":"con-co-the-tu-bao-ve-minh-do-la-to-tu-dau-den-chan","status":"publish","type":"product","link":"https:\/\/sachviet.eu\/en\/shop\/con-co-the-tu-bao-ve-minh-do-la-to-tu-dau-den-chan\/","title":{"rendered":"Con c\u00f3 th\u1ec3 t\u1ef1 b\u1ea3o v\u1ec7 m\u00ecnh &#8211; \u0110\u00f3 l\u00e0 t\u1edb t\u1eeb \u0111\u1ea7u \u0111\u1ebfn ch\u00e2n"},"content":{"rendered":"<p>\u0110\u00f3 L\u00e0 T\u1edb, T\u1eeb \u0110\u1ea7u \u0110\u1ebfn Ch\u00e2n<\/p>\n<p>\u201cC\u00e1c b\u1ea1n n\u1eef c\u00f3 th\u1ec3 kh\u00f3c ngay l\u1eadp t\u1ee9c!\u201d<\/p>\n<p>\u201cC\u00e1c b\u1ea1n nam th\u01b0\u1eddng m\u1ea1nh m\u1ebd h\u01a1n!\u201d<\/p>\n<p>\u201cC\u00e1c b\u1ea1n n\u1eef th\u01b0\u1eddng h\u1ecdc k\u00e9m m\u00f4n To\u00e1n!\u201d<\/p>\n<p>\u201cC\u00e1c b\u1ea1n nam vi\u1ebft ch\u1eef v\u1eeba x\u1ea5u v\u1eeba ngu\u1ec7ch ngo\u1ea1c!\u201d<\/p>\n<p>Con \u0111\u00e3 b\u1eaft \u0111\u1ea7u nh\u1eadn th\u1ea5y s\u1ef1 kh\u00e1c bi\u1ec7t gi\u1eefa c\u00e1c b\u1ea1n nam v\u00e0 c\u00e1c b\u1ea1n n\u1eef. Li\u1ec7u cha m\u1eb9 \u0111\u00e3 s\u1eb5n s\u00e0ng cho nh\u1eefng c\u00e2u h\u1ecfi kh\u00f3 h\u01a1n c\u1ee7a con ch\u01b0a?<\/p>\n<p>\u201cGi\u00e1o d\u1ee5c gi\u1edbi t\u00ednh\u201d v\u1eabn l\u00e0 m\u1ed9t trong nh\u1eefng n\u1ed9i dung nh\u1ea1y c\u1ea3m nh\u1ea5t trong quan ni\u1ec7m nu\u00f4i d\u1ea1y con c\u1ee7a cha m\u1eb9 t\u1eeb x\u01b0a \u0111\u1ebfn nay. Nhi\u1ec1u cha m\u1eb9 c\u1ea3m th\u1ea5y b\u1ed1i r\u1ed1i v\u1edbi vi\u1ec7c n\u00ean b\u1eaft \u0111\u1ea7u d\u1ea1y t\u1eeb \u0111\u00e2u, d\u1ea1y khi n\u00e0o hay d\u1ea1y nh\u01b0 th\u1ebf n\u00e0o cho \u0111\u00fang c\u00e1ch. C\u0169ng c\u00f3 m\u1ed9t s\u1ed1 cha m\u1eb9 kh\u00f4ng bi\u1ebft g\u00ec ho\u1eb7c ch\u1ec9 hi\u1ec3u l\u1edd m\u1edd v\u1ec1 gi\u00e1o d\u1ee5c gi\u1edbi t\u00ednh. Ch\u00ednh v\u00ec v\u1eady, khi \u0111\u01b0\u1ee3c \u0111\u1ec1 c\u1eadp t\u1edbi v\u1ea5n \u0111\u1ec1 n\u00e0y, nhi\u1ec1u ng\u01b0\u1eddi \u0111\u00e3 ch\u1ecdn c\u00e1ch \u201c\u0111\u00e1nh tr\u1ed1ng l\u1ea3ng\u201d ho\u1eb7c tr\u1ea3 l\u1eddi ki\u1ec3u gi\u1ea5u gi\u1ebfm.<\/p>\n<p>\u1ede \u0111\u1ed9 tu\u1ed5i d\u1eady th\u00ec, trong m\u1eaft c\u00e1c em th\u00ec m\u1ecdi th\u1ee9 \u0111\u1ec1u r\u1ea5t m\u1edbi m\u1ebb v\u00e0 kh\u00e1c l\u1ea1. Ch\u00fang t\u00f2 m\u00f2 v\u1ec1 m\u1ecdi th\u1ee9: ngo\u1ea1i h\u00ecnh, t\u00ecnh d\u1ee5c, s\u1ee9c kh\u1ecfe sinh s\u1ea3n hay chuy\u1ec7n t\u00ecnh c\u1ea3m. Khi kh\u00f4ng \u0111\u01b0\u1ee3c gi\u1ea3i \u0111\u00e1p th\u1ecfa \u0111\u00e1ng t\u1eeb gia \u0111\u00ecnh c\u0169ng nh\u01b0 nh\u00e0 tr\u01b0\u1eddng, ph\u1ea7n l\u1edbn tr\u1ebb ph\u1ea3i t\u1ef1 m\u00e0y m\u00f2 t\u00ecm hi\u1ec3u.  Ph\u1ea7n l\u1edbn, c\u00e1c em th\u01b0\u1eddng t\u1ef1 t\u00ecm hi\u1ec3u th\u00f4ng tin ki\u1ebfn th\u1ee9c qua c\u00e1c ngu\u1ed3n kh\u00f4ng ch\u00ednh th\u1ed1ng: web sex, b\u0103ng \u0111en, truy\u1ec7n sex, t\u1ea1p ch\u00ed sex&#8230; \u0111i\u1ec1u n\u00e0y \u1ea9n ch\u01b0a nhi\u1ec1u nguy h\u1ea1i c\u00f3 th\u1ec3 l\u00e0m sai l\u1ec7ch nh\u1eadn th\u1ee9c c\u1ee7a tr\u1ebb.<\/p>\n<p>\u0110\u00e3 \u0111\u1ebfn l\u00fac ng\u01b0\u1eddi l\u1edbn ch\u00fang ta n\u00ean b\u1eaft \u0111\u1ea7u gi\u00e1o d\u1ee5c gi\u1edbi t\u00ednh cho con c\u00e0ng s\u1edbm c\u00e0ng t\u1ed1t!<\/p>\n<p>Ti\u1ebfp n\u1ed1i b\u1ed9 s\u00e1ch \u201cCon c\u00f3 th\u1ec3 t\u1ef1 b\u1ea3o v\u1ec7 m\u00ecnh\u201d, cu\u1ed1n s\u00e1ch  \u201c\u0110\u00f3 l\u00e0 t\u1edb, t\u1eeb \u0111\u1ea7u \u0111\u1ebfn ch\u00e2n\u201d \u0111\u1ec1 c\u1eadp t\u1edbi v\u1ea5n \u0111\u1ec1 gi\u00e1o d\u1ee5c gi\u1edbi t\u00ednh m\u1ed9t c\u00e1ch kh\u00e1c l\u1ea1. Trong \u0111\u00f3 nh\u1eefng h\u00ecnh \u1ea3nh tr\u1eebu t\u01b0\u1ee3ng v\u00e0 kh\u00f3 gi\u1ea3i th\u00edch nh\u01b0 x\u00fac c\u1ea3m, \u0111\u01b0\u1ee3c t\u00e1c gi\u1ea3 m\u01b0\u1ee3n h\u00ecnh \u1ea3nh r\u1ea5t \u0111\u00e1ng y\u00eau: \u201ccon b\u01b0\u1edbm b\u1ecb m\u1eafc k\u1eb9t trong d\u1ea1 d\u00e0y\u201d \u0111\u1ec3 m\u00f4 t\u1ea3 c\u1ea3m x\u00fac c\u1ee7a c\u1eadu b\u00e9 Tobi khi rung \u0111\u1ed9ng tr\u01b0\u1edbc b\u1ea1n g\u00e1i hay c\u1ea3m gi\u00e1c t\u1eeb n\u1ee5 h\u00f4n c\u1ee7a d\u00ec Olga \u0111\u01b0\u1ee3c v\u1ebd d\u01b0\u1edbi h\u00ecnh t\u01b0\u1ee3ng  m\u1ed9t con \u1ed1c s\u00ean \u0111ang b\u00f2 qua m\u1eb7t Nicki.  Nh\u1eefng c\u00e2u chuy\u1ec7n \u0111\u01b0\u1ee3c \u0111\u1ec1 c\u1eadp trong cu\u1ed1n s\u00e1ch \u0111\u1ec1u l\u00e0 nh\u1eefng th\u1eafc m\u1eafc v\u00f4 c\u00f9ng d\u1ec5 th\u01b0\u01a1ng v\u00e0 h\u1ee3p l\u00ed c\u1ee7a b\u1ecdn tr\u1ebb: C\u00e1c b\u1ea1n nam kh\u00f4ng ch\u01a1i b\u00fap b\u00ea, c\u00e1c b\u1ea1n n\u1eef th\u00ec kh\u00f4ng \u0111\u00e1nh nhau, \u0111i\u1ec1u \u0111\u00f3 li\u1ec7u c\u00f3 \u0111\u00fang?  C\u00f3 ph\u1ea3i khi hai b\u1ea1n th\u00edch nhau th\u00ec th\u01b0\u1eddng tr\u00eau ch\u1ecdc nhau kh\u00f4ng? T\u00ecnh y\u00eau s\u1ebd xu\u1ea5t hi\u1ec7n nh\u01b0 th\u1ebf n\u00e0o? Tu\u1ed5i d\u1eady th\u00ec ch\u00fang m\u00ecnh c\u1ea7n ph\u1ea3i l\u00e0m g\u00ec?&#8230;. C\u00e1ch ti\u1ebfp c\u1eadn c\u1edfi m\u1edf, th\u1eb3ng th\u1eafn v\u00e0 c\u0169ng v\u00f4 c\u00f9ng d\u00ed d\u1ecfm n\u00e0y h\u1ee9a h\u1eb9n \u0111em \u0111\u1ebfn cho cha m\u1eb9 v\u00e0 con c\u00e1i nh\u1eefng b\u00e0i h\u1ecdc h\u1eefu \u00edch v\u00e0 th\u00fa v\u1ecb.<\/p>\n<p>Ngo\u00e0i ra, gi\u1ed1ng nh\u01b0 l\u1eddi tuy\u00ean ng\u00f4n m\u1ea1nh m\u1ebd \u1edf ngay trang b\u00eca \u201c\u0110\u00f3 l\u00e0 t\u1edb, t\u1eeb \u0111\u1ea7u t\u1edbi ch\u00e2n\u201d,  cu\u1ed1n s\u00e1ch c\u00f2n mang \u0111\u1ebfn th\u00f4ng \u0111i\u1ec7p m\u1ea1nh m\u1ebd v\u00e0 d\u1ee9t kho\u00e1t v\u1ec1 vi\u1ec7c tr\u1ebb em c\u00f3 quy\u1ec1n n\u00f3i \u201cKh\u00f4ng!\u201d v\u1edbi nh\u1eefng \u0111i\u1ec1u ch\u00fang kh\u00f4ng th\u00edch v\u00e0 bi\u1ebft t\u1ef1 b\u1ea3o v\u1ec7 m\u00ecnh. \u0110i\u1ec3m \u0111\u1eb7c bi\u1ec7t n\u1eefa c\u1ee7a cu\u1ed1n s\u00e1ch ch\u00ednh l\u00e0 \u0111\u1ec1 c\u1eadp t\u1edbi \u201cNh\u1eefng quy\u1ec1n l\u1ee3i c\u1ee7a tr\u1ebb em\u201d: Kh\u00f4ng m\u1ed9t \u0111\u1ee9a tr\u1ebb n\u00e0o \u0111\u01b0\u1ee3c ph\u00e9p b\u1ecb ph\u00e2n bi\u1ec7t \u0111\u1ed1i x\u1eed ch\u1ec9 v\u00ec ch\u00fang l\u00e0 m\u1ed9t b\u00e9 g\u00e1i hay b\u00e9 trai. Gi\u00e1o d\u1ee5c gi\u1edbi t\u00ednh \u0111\u00fang \u0111\u1eafn ch\u00ednh l\u00e0 c\u00e1ch \u0111\u1ec3 gi\u00e1o d\u1ee5c c\u00e1c b\u1ea1n nh\u1ecf v\u1ec1 t\u00ecnh y\u00eau th\u01b0\u01a1ng, v\u1ec1 s\u1ef1 t\u00f4n tr\u1ecdng ch\u00ednh b\u1ea3n th\u00e2n v\u00e0 nh\u1eefng ng\u01b0\u1eddi xung quanh.<\/p>\n<p>\u0110\u00e2y l\u00e0 cu\u1ed1n s\u00e1ch kh\u00f4ng nh\u1eefng d\u00e0nh tr\u1ebb em m\u00e0 cho c\u1ea3 ng\u01b0\u1eddi l\u1edbn, nh\u1eefng ng\u01b0\u1eddi b\u1ea1n mu\u1ed1n gi\u00fap c\u00e1c em c\u00f3 cu\u1ed9c s\u1ed1ng an to\u00e0n v\u00e0 l\u00e0nh m\u1ea1nh h\u01a1n trong t\u01b0\u01a1ng lai.<\/p>\n","protected":false},"excerpt":{"rendered":"<p>\u0110\u00f3 L\u00e0 T\u1edb, T\u1eeb \u0110\u1ea7u \u0110\u1ebfn Ch\u00e2n<\/p>\n<p>\u201cC\u00e1c b\u1ea1n n\u1eef c\u00f3 th\u1ec3 kh\u00f3c ngay l\u1eadp t\u1ee9c!\u201d<\/p>\n<p>\u201cC\u00e1c b\u1ea1n nam th\u01b0\u1eddng m\u1ea1nh m\u1ebd h\u01a1n!\u201d<\/p>\n<p>\u201cC\u00e1c b\u1ea1n n\u1eef th\u01b0\u1eddng h\u1ecdc k\u00e9m m\u00f4n To\u00e1n!\u201d<\/p>\n<p>\u201cC\u00e1c b\u1ea1n nam vi\u1ebft ch\u1eef v\u1eeba x\u1ea5u v\u1eeba ngu\u1ec7ch ngo\u1ea1c!\u201d<\/p>\n<p>Con \u0111\u00e3 b\u1eaft \u0111\u1ea7u nh\u1eadn th\u1ea5y s\u1ef1 kh\u00e1c bi\u1ec7t gi\u1eefa c\u00e1c b\u1ea1n nam v\u00e0 c\u00e1c b\u1ea1n n\u1eef. Li\u1ec7u cha m\u1eb9 \u0111\u00e3 s\u1eb5n s\u00e0ng cho nh\u1eefng c\u00e2u h\u1ecfi kh\u00f3 h\u01a1n c\u1ee7a con ch\u01b0a?<\/p>\n<p>\u201cGi\u00e1o d\u1ee5c gi\u1edbi t\u00ednh\u201d v\u1eabn l\u00e0 m\u1ed9t trong nh\u1eefng n\u1ed9i dung nh\u1ea1y c\u1ea3m nh\u1ea5t trong quan ni\u1ec7m nu\u00f4i d\u1ea1y con c\u1ee7a cha m\u1eb9 t\u1eeb x\u01b0a \u0111\u1ebfn nay. Nhi\u1ec1u cha m\u1eb9 c\u1ea3m th\u1ea5y b\u1ed1i r\u1ed1i v\u1edbi vi\u1ec7c n\u00ean b\u1eaft \u0111\u1ea7u d\u1ea1y t\u1eeb \u0111\u00e2u, d\u1ea1y khi n\u00e0o hay d\u1ea1y nh\u01b0 th\u1ebf n\u00e0o cho \u0111\u00fang c\u00e1ch. C\u0169ng c\u00f3 m\u1ed9t s\u1ed1 cha m\u1eb9 kh\u00f4ng bi\u1ebft g\u00ec ho\u1eb7c ch\u1ec9 hi\u1ec3u l\u1edd m\u1edd v\u1ec1 gi\u00e1o d\u1ee5c gi\u1edbi t\u00ednh. Ch\u00ednh v\u00ec v\u1eady, khi \u0111\u01b0\u1ee3c \u0111\u1ec1 c\u1eadp t\u1edbi v\u1ea5n \u0111\u1ec1 n\u00e0y, nhi\u1ec1u ng\u01b0\u1eddi \u0111\u00e3 ch\u1ecdn c\u00e1ch \u201c\u0111\u00e1nh tr\u1ed1ng l\u1ea3ng\u201d ho\u1eb7c tr\u1ea3 l\u1eddi ki\u1ec3u gi\u1ea5u gi\u1ebfm.<\/p>\n<p>\u1ede \u0111\u1ed9 tu\u1ed5i d\u1eady th\u00ec, trong m\u1eaft c\u00e1c em th\u00ec m\u1ecdi th\u1ee9 \u0111\u1ec1u r\u1ea5t m\u1edbi m\u1ebb v\u00e0 kh\u00e1c l\u1ea1. Ch\u00fang t\u00f2 m\u00f2 v\u1ec1 m\u1ecdi th\u1ee9: ngo\u1ea1i h\u00ecnh, t\u00ecnh d\u1ee5c, s\u1ee9c kh\u1ecfe sinh s\u1ea3n hay chuy\u1ec7n t\u00ecnh c\u1ea3m. Khi kh\u00f4ng \u0111\u01b0\u1ee3c gi\u1ea3i \u0111\u00e1p th\u1ecfa \u0111\u00e1ng t\u1eeb gia \u0111\u00ecnh c\u0169ng nh\u01b0 nh\u00e0 tr\u01b0\u1eddng, ph\u1ea7n l\u1edbn tr\u1ebb ph\u1ea3i t\u1ef1 m\u00e0y m\u00f2 t\u00ecm hi\u1ec3u.  Ph\u1ea7n l\u1edbn, c\u00e1c em th\u01b0\u1eddng t\u1ef1 t\u00ecm hi\u1ec3u th\u00f4ng tin ki\u1ebfn th\u1ee9c qua c\u00e1c ngu\u1ed3n kh\u00f4ng ch\u00ednh th\u1ed1ng: web sex, b\u0103ng \u0111en, truy\u1ec7n sex, t\u1ea1p ch\u00ed sex&#8230; \u0111i\u1ec1u n\u00e0y \u1ea9n ch\u01b0a nhi\u1ec1u nguy h\u1ea1i c\u00f3 th\u1ec3 l\u00e0m sai l\u1ec7ch nh\u1eadn th\u1ee9c c\u1ee7a tr\u1ebb.<\/p>\n<p>\u0110\u00e3 \u0111\u1ebfn l\u00fac ng\u01b0\u1eddi l\u1edbn ch\u00fang ta n\u00ean b\u1eaft \u0111\u1ea7u gi\u00e1o d\u1ee5c gi\u1edbi t\u00ednh cho con c\u00e0ng s\u1edbm c\u00e0ng t\u1ed1t!<\/p>\n","protected":false},"featured_media":8387,"template":"","meta":{"_acf_changed":false},"product_brand":[],"product_cat":[25,19,17,26],"product_tag":[],"class_list":{"0":"post-8389","1":"product","2":"type-product","3":"status-publish","4":"has-post-thumbnail","6":"product_cat-nhi-dong-6-tuoi-12-tuoi","7":"product_cat-nuoi-day-con","8":"product_cat-sach-danh-cho-cac-be","9":"product_cat-thieu-nien-11-tuoi-18-tuoi","11":"first","12":"instock","13":"taxable","14":"shipping-taxable","15":"purchasable","16":"product-type-simple"},"supplier_id":null,"supplier_sku":"","barcode":null,"atum_controlled":true,"out_stock_date":null,"out_stock_threshold":null,"inheritable":false,"inbound_stock":0,"stock_on_hold":0,"sold_today":0,"sales_last_days":0,"reserved_stock":0,"customer_returns":0,"warehouse_damage":0,"lost_in_post":0,"other_logs":0,"out_stock_days":0,"lost_sales":0,"has_location":false,"update_date":"2026-01-28T23:11:20","atum_locations":[],"atum_stock_status":"instock","restock_status":false,"low_stock_amount":"","sales_update_date":"2026-01-28T23:11:20","calc_backorders":null,"acf":{"publisher":{"ID":1785,"post_author":"1","post_date":"2021-02-17 01:54:46","post_date_gmt":"2021-02-16 23:54:46","post_content":"<!-- wp:flatsome\/uxbuilder -->\n<h1 style=\"text-align: center;\"><strong>AZ VIETNAM<\/strong><\/h1>\n[row]\n\n[col span=\"8\" span__sm=\"12\"]\n\n<p>Th\u00e0nh l\u1eadp n\u0103m: 2015<br \/>V\u1ed1n \u0111\u1ea7u t\u01b0: 4,000,000,000 \u0111\u1ed3ng<br \/><strong>L\u0129nh v\u1ef1c:<\/strong><br \/>- Xu\u1ea5t b\u1ea3n v\u00e0 ph\u00e1t h\u00e0nh v\u0103n h\u00f3a ph\u1ea9m<br \/>- Cung c\u1ea5p v\u0103n h\u00f3a ph\u1ea9m, c\u00e1c s\u1ea3n ph\u1ea9m cho in \u1ea5n, trang thi\u1ebft b\u1ecb cho c\u00e1c th\u01b0 vi\u1ec7n v\u00e0 trung t\u00e2m s\u00e1ch tr\u00ean c\u1ea3 n\u01b0\u1edbc.<br \/>- Th\u1eddi trang v\u00e0 c\u00e1c s\u1ea3n ph\u1ea9m li\u00ean quan \u0111\u1ebfn l\u0129nh v\u1ef1c th\u1eddi trang<br \/>- Xu\u1ea5t nh\u1eadp kh\u1ea9u c\u00e1c s\u1ea3n ph\u1ea9m v\u0103n h\u00f3a<\/p>\n<p><strong>Quy m\u00f4:<\/strong> 60 nh\u00e2n vi\u00ean<br \/>Kh\u1edfi ngu\u1ed3n c\u1ee7a AZ Vi\u1ec7t Nam ng\u00e0y nay l\u00e0 C\u00f4ng ty TNHH Trung t\u00e2m S\u00e1ch v\u00e0 Thi\u1ebft b\u1ecb Th\u01b0 vi\u1ec7n, v\u1edbi ho\u1ea1t \u0111\u1ed9ng \u0111\u1ea7u ti\u00ean l\u00e0 cung c\u1ea5p s\u00e1ch, trang thi\u1ebft b\u1ecb, v\u0103n h\u00f3a ph\u1ea9m cho c\u00e1c th\u01b0 vi\u1ec7n v\u00e0 trung t\u00e2m s\u00e1ch tr\u00ean c\u1ea3 n\u01b0\u1edbc. T\u1eeb cu\u1ed1i n\u0103m 2010 \u0111\u1ebfn nay, ch\u00fang t\u00f4i \u0111\u00e3 kh\u00f4ng ng\u1eebng n\u1ed7 l\u1ef1c khai ph\u00e1 v\u00e0 ph\u00e1t tri\u1ec3n c\u00e1c d\u00f2ng s\u1ea3n ph\u1ea9m m\u1edbi v\u1edbi 8 th\u01b0\u01a1ng hi\u1ec7u uy t\u00edn. \u0110\u1ec3 \u0111\u00e1p \u1ee9ng nhu c\u1ea7u ph\u00e1t tri\u1ec3n ng\u00e0y m\u1ed9t l\u1edbn m\u1ea1nh v\u00e0 t\u1eadp h\u1ee3p c\u00e1c th\u01b0\u01a1ng hi\u1ec7u \u0111\u00e3 \u0111\u01b0\u1ee3c ch\u00fang t\u00f4i x\u00e2y d\u1ef1ng, 2015 C\u00f4ng ty TNHH AZ Vi\u1ec7t Nam \u0111\u00e3 ra \u0111\u1eddi v\u1edbi s\u1ee9 m\u1ec7nh mang \u0111\u1ebfn nhi\u1ec1u h\u01a1n n\u1eefa nh\u1eefng gi\u00e1 tr\u1ecb tinh th\u1ea7n, tri th\u1ee9c ti\u00ean ti\u1ebfn cho ng\u01b0\u1eddi ti\u00eau d\u00f9ng b\u1eb1ng vi\u1ec7c cung c\u1ea5p nh\u1eefng s\u1ea3n ph\u1ea9m c\u00f3 ch\u1ea5t l\u01b0\u1ee3ng.<\/p>\n\n[\/col]\n[col span=\"4\" span__sm=\"12\"]\n\n[ux_image id=\"1836\" image_size=\"medium\"]\n\n\n[\/col]\n\n[\/row]\n\n<!-- \/wp:flatsome\/uxbuilder -->","post_title":"AZ Vi\u1ec7t Nam","post_excerpt":"","post_status":"publish","comment_status":"closed","ping_status":"closed","post_password":"","post_name":"az-viet-nam","to_ping":"","pinged":"","post_modified":"2021-02-17 22:07:10","post_modified_gmt":"2021-02-17 20:07:10","post_content_filtered":"","post_parent":0,"guid":"https:\/\/sachviet.eu\/nha-phat-hanh\/az-viet-nam\/","menu_order":0,"post_type":"publisher","post_mime_type":"","comment_count":"0","filter":"raw"}},"_links":{"self":[{"href":"https:\/\/sachviet.eu\/en\/wp-json\/wp\/v2\/product\/8389","targetHints":{"allow":["GET"]}}],"collection":[{"href":"https:\/\/sachviet.eu\/en\/wp-json\/wp\/v2\/product"}],"about":[{"href":"https:\/\/sachviet.eu\/en\/wp-json\/wp\/v2\/types\/product"}],"wp:featuredmedia":[{"embeddable":true,"href":"https:\/\/sachviet.eu\/en\/wp-json\/wp\/v2\/media\/8387"}],"wp:attachment":[{"href":"https:\/\/sachviet.eu\/en\/wp-json\/wp\/v2\/media?parent=8389"}],"wp:term":[{"taxonomy":"product_brand","embeddable":true,"href":"https:\/\/sachviet.eu\/en\/wp-json\/wp\/v2\/product_brand?post=8389"},{"taxonomy":"product_cat","embeddable":true,"href":"https:\/\/sachviet.eu\/en\/wp-json\/wp\/v2\/product_cat?post=8389"},{"taxonomy":"product_tag","embeddable":true,"href":"https:\/\/sachviet.eu\/en\/wp-json\/wp\/v2\/product_tag?post=8389"}],"curies":[{"name":"wp","href":"https:\/\/api.w.org\/{rel}","templated":true}]}}