{"id":8386,"date":"2021-04-28T14:15:20","date_gmt":"2021-04-28T11:15:20","guid":{"rendered":"https:\/\/sachviet.eu\/shop\/con-co-the-tu-bao-ve-minh-bundle-4-quyen\/"},"modified":"2022-12-19T18:45:06","modified_gmt":"2022-12-19T16:45:06","slug":"con-co-the-tu-bao-ve-minh-bundle-4-quyen","status":"publish","type":"product","link":"https:\/\/sachviet.eu\/en\/shop\/con-co-the-tu-bao-ve-minh-bundle-4-quyen\/","title":{"rendered":"Con c\u00f3 th\u1ec3 t\u1ef1 b\u1ea3o v\u1ec7 m\u00ecnh &#8211; Bundle 4 quy\u1ec3n"},"content":{"rendered":"<p>4 L\u1ee2I \u00cdCH TUY\u1ec6T V\u1edcI C\u1ee6A B\u1ed8 S\u00c1CH D\u1ea0Y K\u1ef8 N\u0102NG: \u201cCON C\u00d3 TH\u1ec2 T\u1ef0 B\u1ea2O V\u1ec6 M\u00ccNH!\u201c<\/p>\n<p>&#8211; L\u1ee2I \u00cdCH 1: N\u00c2NG CAO \u00dd TH\u1ee8C PH\u00d2NG TR\u00c1NH V\u00c0 GI\u1ea2M THI\u1ec2U KH\u1ea2 N\u0102NG B\u1eca X\u00c2M H\u1ea0I \u1ede TR\u1eba NH\u1ece<\/p>\n<p>T\u1ea1i Vi\u1ec7t Nam hi\u1ec7n nay, t\u00ecnh tr\u1ea1ng b\u1eaft c\u00f3c, b\u1ea1o h\u00e0nh v\u00e0 x\u00e2m h\u1ea1i tr\u1ebb em v\u1eabn ng\u00e0y m\u1ed9t gia t\u0103ng v\u1edbi nh\u1eefng th\u1ee7 \u0111o\u1ea1n tinh vi h\u01a1n, m\u00e0 ch\u1ee7 y\u1ebfu di\u1ec5n ra trong ch\u00ednh m\u00f4i tr\u01b0\u1eddng g\u1ea7n g\u0169i v\u1edbi tr\u1ebb. C\u00f3 ph\u1ea3i, ch\u00ednh nh\u1eefng ng\u01b0\u1eddi l\u1edbn ch\u00fang ta th\u01b0\u1eddng b\u1ecb s\u1ed1c nh\u1ea5t khi bi\u1ebft \u0111\u01b0\u1ee3c r\u1eb1ng th\u1ee7 ph\u1ea1m trong nh\u1eefng v\u1ee5 b\u1eaft c\u00f3c hay x\u00e2m h\u1ea1i con tr\u1ebb h\u1ea7u nh\u01b0 lu\u00f4n l\u00e0 \u201cng\u01b0\u1eddi th\u00e2n\u201d ngay s\u00e1t g\u1ea7n b\u00ean ch\u00fang? \u0110\u00f3 th\u1ec3 l\u00e0 \u201c\u00f4ng ch\u00fa\u201d h\u00e0ng x\u00f3m, c\u00f3 th\u1ec3 l\u00e0 \u201cng\u01b0\u1eddi anh\u201d h\u1eb1ng ng\u00e0y v\u1eabn c\u00f9ng ch\u00fang ch\u01a1i \u0111\u00f9a, th\u1eadm ch\u00ed c\u00f3 th\u1ec3 l\u00e0 ai \u0111\u00f3 trong ch\u00ednh gia \u0111\u00ecnh n\u1eefa\u2026 V\u00e0 \u0111i\u1ec1u \u0111\u00e1ng s\u1ee3 nh\u1ea5t l\u00e0 g\u00ec? L\u00e0 ch\u00fang ta kh\u00f4ng bao gi\u1edd l\u1ea1i \u0111i \u0111\u1ec1 ph\u00f2ng ng\u01b0\u1eddi th\u00e2n c\u1ee7a m\u00ecnh. V\u1eady, l\u00e0m th\u1ebf n\u00e0o \u0111\u1ec3 c\u00f3 th\u1ec3 gi\u00fap con nh\u1eadn bi\u1ebft \u0111\u01b0\u1ee3c hi\u1ec3m nguy v\u00e0 \u1ee9ng ph\u00f3 v\u1edbi nh\u1eefng t\u00ecnh hu\u1ed1ng \u201cb\u00e1o \u0111\u1ed9ng \u0111\u1ecf\u201d??<\/p>\n<p>&#8211; L\u1ee2I \u00cdCH 2: TRANG B\u1eca KI\u1ebeN TH\u1ee8C X\u1eec L\u00dd NH\u1eeeNG T\u00ccNH HU\u1ed0NG C\u1ee4 TH\u1ec2 \u0110\u1ec2 CON KH\u00d4NG R\u01a0I V\u00c0O HO\u00c0N C\u1ea2NH NGUY HI\u1ec2M<\/p>\n<p>Nh\u1eefng nguy\u00ean t\u1eafc \u0111\u01b0\u1ee3c \u0111\u01b0a v\u00e0o theo t\u00ecnh hu\u1ed1ng g\u1ea7n g\u0169i th\u1ef1c t\u1ebf, c\u00f9ng nh\u1eefng l\u01b0u \u00fd d\u00e0nh cho c\u00e1c b\u1eadc ph\u1ee5 huynh, cu\u1ed1n s\u00e1ch s\u1ebd khi\u1ebfn c\u00e1c b\u1ea1n nh\u1ecf v\u00f4 c\u00f9ng y\u00eau th\u00edch, qua \u0111\u00f3 cung c\u1ea5p cho tr\u1ebb em v\u00e0 c\u00e1c b\u1eadc cha m\u1eb9 nh\u1eefng ki\u1ebfn th\u1ee9c c\u01a1 b\u1ea3n &amp; l\u1eddi khuy\u00ean h\u1eefu \u00edch trong c\u00e1c t\u00ecnh hu\u1ed1ng n\u00e0y.<\/p>\n<p>&#8211; L\u1ee2I \u00cdCH 3: H\u1ed6 TR\u1ee2 PH\u1ee4 HUYNH TRONG VI\u1ec6C GI\u00c1O D\u1ee4C &amp; R\u00c8N LUY\u1ec6N CHO CON K\u1ef8 N\u0102NG T\u1ef0 NH\u1eacN BI\u1ebeT &amp; T\u1ef0 B\u1ea2O V\u1ec6<\/p>\n<p>Tr\u1ebb em c\u00f3 th\u1ec3 d\u1ec5 d\u00e0ng \u00fd th\u1ee9c \u0111\u01b0\u1ee3c nh\u1eefng g\u00ec ch\u00fang th\u00edch hay kh\u00f4ng th\u00edch. Do \u0111\u00f3, \u0111i\u1ec1u quan tr\u1ecdng l\u00e0 d\u1ea1y cho b\u00e9 \u00fd th\u1ee9c v\u1ec1 c\u01a1 th\u1ec3 v\u00e0 c\u1ea3m x\u00fac c\u1ee7a m\u00ecnh, c\u0169ng nh\u01b0 ph\u00e2n bi\u1ec7t v\u00e0 c\u00f3 kh\u00e1i ni\u1ec7m r\u00f5 r\u00e0ng v\u1ec1 c\u00e1c m\u1ed1i quan h\u1ec7 xung quanh. Ch\u1ec9 khi hi\u1ec3u \u0111\u01b0\u1ee3c \u0111i\u1ec1u \u0111\u00f3 b\u00e9 m\u1edbi c\u00f3 th\u1ec3 v\u1ea1ch ra gi\u1edbi h\u1ea1n an to\u00e0n cho b\u1ea3n th\u00e2n.<\/p>\n<p>V\u1edbi nh\u1eefng h\u00ecnh v\u1ebd \u0111\u00e1ng y\u00eau v\u00e0 g\u1ea7n g\u0169i, c\u1ed1t truy\u1ec7n th\u1ef1c t\u1ebf, thu h\u00fat, m\u00f4 t\u1ea3 s\u00fac t\u00edch nh\u1eefng c\u00e2u h\u1ecfi \u0111\u01b0\u1ee3c \u0111\u1eb7t ra, cha m\u1eb9 s\u1ebd d\u1ec5 d\u00e0ng c\u00f9ng tr\u1ebb t\u00ecm ra l\u1eddi gi\u1ea3i \u0111\u00e1p cho c\u00e1c v\u1ea5n \u0111\u1ec1 tr\u00ean.<\/p>\n<p>&#8211; L\u1ee2I \u00cdCH 4: GI\u00c1O D\u1ee4C CHO TR\u1eba S\u1ef0 T\u1ef0 TIN V\u00c0O GI\u00c1 TR\u1eca C\u1ee6A B\u1ea2N TH\u00c2N<\/p>\n<p>T\u00e1c gi\u1ea3 mang \u0111\u1ebfn th\u00f4ng \u0111i\u1ec7p gi\u00e1o d\u1ee5c gi\u1edbi t\u00ednh v\u00e0 k\u1ef9 n\u0103ng s\u1ed1ng m\u1ed9t c\u00e1ch h\u1ed3n nhi\u00ean nh\u01b0 l\u1ed1i suy ngh\u0129 v\u00e0 c\u1ea3m x\u00fac c\u1ee7a c\u00e1c em nh\u1ecf. B\u1ed9 s\u00e1ch kh\u00f4ng nh\u1eefng d\u00e0nh cho tr\u1ebb em m\u00e0 cho c\u1ea3 ng\u01b0\u1eddi l\u1edbn, nh\u1eefng ng\u01b0\u1eddi b\u1ea1n mu\u1ed1n gi\u00fap c\u00e1c em c\u00f3 cu\u1ed9c s\u1ed1ng an to\u00e0n v\u00e0 l\u00e0nh m\u1ea1nh h\u01a1n trong t\u01b0\u01a1ng lai. \u0110\u00f3 c\u0169ng ch\u00ednh l\u00e0 n\u1ec1n t\u1ea3ng cho vi\u1ec7c giao ti\u1ebfp t\u1ef1 tin v\u1edbi ng\u01b0\u1eddi kh\u00e1c v\u00e0 \u0111\u1eb7c bi\u1ec7t l\u00e0 h\u00ecnh th\u00e0nh n\u00ean t\u00ednh c\u00e1ch cho tr\u1ebb.<\/p>\n<p>Combo 4 cu\u1ed1n:<\/p>\n<p>&#8211; C\u01a0 TH\u1ec2 CON L\u00c0 C\u1ee6A CON!<\/p>\n<p>&#8211; CON KH\u00d4NG BAO GI\u1edc \u0110I C\u00d9NG NG\u01af\u1edcI L\u1ea0!<\/p>\n<p>&#8211; CON KH\u00d4NG BAO GI\u1edc \u0110I L\u1ea0C!<\/p>\n<p>&#8211; \u0110\u00d3 L\u00c0 T\u1eda, T\u1eea \u0110\u1ea6U \u0110\u1ebeN CH\u00c2N<\/p>\n","protected":false},"excerpt":{"rendered":"<p>4 L\u1ee2I \u00cdCH TUY\u1ec6T V\u1edcI C\u1ee6A B\u1ed8 S\u00c1CH D\u1ea0Y K\u1ef8 N\u0102NG: \u201cCON C\u00d3 TH\u1ec2 T\u1ef0 B\u1ea2O V\u1ec6 M\u00ccNH!\u201c<\/p>\n<p>&#8211; L\u1ee2I \u00cdCH 1: N\u00c2NG CAO \u00dd TH\u1ee8C PH\u00d2NG TR\u00c1NH V\u00c0 GI\u1ea2M THI\u1ec2U KH\u1ea2 N\u0102NG B\u1eca X\u00c2M H\u1ea0I \u1ede TR\u1eba NH\u1ece<\/p>\n<p>T\u1ea1i Vi\u1ec7t Nam hi\u1ec7n nay, t\u00ecnh tr\u1ea1ng b\u1eaft c\u00f3c, b\u1ea1o h\u00e0nh v\u00e0 x\u00e2m h\u1ea1i tr\u1ebb em v\u1eabn ng\u00e0y m\u1ed9t gia t\u0103ng v\u1edbi nh\u1eefng th\u1ee7 \u0111o\u1ea1n tinh vi h\u01a1n, m\u00e0 ch\u1ee7 y\u1ebfu di\u1ec5n ra trong ch\u00ednh m\u00f4i tr\u01b0\u1eddng g\u1ea7n g\u0169i v\u1edbi tr\u1ebb. C\u00f3 ph\u1ea3i, ch\u00ednh nh\u1eefng ng\u01b0\u1eddi l\u1edbn ch\u00fang ta th\u01b0\u1eddng b\u1ecb s\u1ed1c nh\u1ea5t khi bi\u1ebft \u0111\u01b0\u1ee3c r\u1eb1ng th\u1ee7 ph\u1ea1m trong nh\u1eefng v\u1ee5 b\u1eaft c\u00f3c hay x\u00e2m h\u1ea1i con tr\u1ebb h\u1ea7u nh\u01b0 lu\u00f4n l\u00e0 \u201cng\u01b0\u1eddi th\u00e2n\u201d ngay s\u00e1t g\u1ea7n b\u00ean ch\u00fang? \u0110\u00f3 th\u1ec3 l\u00e0 \u201c\u00f4ng ch\u00fa\u201d h\u00e0ng x\u00f3m, c\u00f3 th\u1ec3 l\u00e0 \u201cng\u01b0\u1eddi anh\u201d h\u1eb1ng ng\u00e0y v\u1eabn c\u00f9ng ch\u00fang ch\u01a1i \u0111\u00f9a, th\u1eadm ch\u00ed c\u00f3 th\u1ec3 l\u00e0 ai \u0111\u00f3 trong ch\u00ednh gia \u0111\u00ecnh n\u1eefa\u2026 V\u00e0 \u0111i\u1ec1u \u0111\u00e1ng s\u1ee3 nh\u1ea5t l\u00e0 g\u00ec? L\u00e0 ch\u00fang ta kh\u00f4ng bao gi\u1edd l\u1ea1i \u0111i \u0111\u1ec1 ph\u00f2ng ng\u01b0\u1eddi th\u00e2n c\u1ee7a m\u00ecnh. V\u1eady, l\u00e0m th\u1ebf n\u00e0o \u0111\u1ec3 c\u00f3 th\u1ec3 gi\u00fap con nh\u1eadn bi\u1ebft \u0111\u01b0\u1ee3c hi\u1ec3m nguy v\u00e0 \u1ee9ng ph\u00f3 v\u1edbi nh\u1eefng t\u00ecnh hu\u1ed1ng \u201cb\u00e1o \u0111\u1ed9ng \u0111\u1ecf\u201d??<\/p>\n<p>&#8211; L\u1ee2I \u00cdCH 2: TRANG B\u1eca KI\u1ebeN TH\u1ee8C X\u1eec L\u00dd NH\u1eeeNG T\u00ccNH HU\u1ed0NG C\u1ee4 TH\u1ec2 \u0110\u1ec2 CON KH\u00d4NG R\u01a0I V\u00c0O HO\u00c0N C\u1ea2NH NGUY HI\u1ec2M<\/p>\n<p>Nh\u1eefng nguy\u00ean t\u1eafc \u0111\u01b0\u1ee3c \u0111\u01b0a v\u00e0o theo t\u00ecnh hu\u1ed1ng g\u1ea7n g\u0169i th\u1ef1c t\u1ebf, c\u00f9ng nh\u1eefng l\u01b0u \u00fd d\u00e0nh cho c\u00e1c b\u1eadc ph\u1ee5 huynh, cu\u1ed1n s\u00e1ch s\u1ebd khi\u1ebfn c\u00e1c b\u1ea1n nh\u1ecf v\u00f4 c\u00f9ng y\u00eau th\u00edch, qua \u0111\u00f3 cung c\u1ea5p cho tr\u1ebb em v\u00e0 c\u00e1c b\u1eadc cha m\u1eb9 nh\u1eefng ki\u1ebfn th\u1ee9c c\u01a1 b\u1ea3n &amp; l\u1eddi khuy\u00ean h\u1eefu \u00edch trong c\u00e1c t\u00ecnh hu\u1ed1ng n\u00e0y.<\/p>\n<p>&#8211; L\u1ee2I \u00cdCH 3: H\u1ed6 TR\u1ee2 PH\u1ee4 HUYNH TRONG VI\u1ec6C GI\u00c1O D\u1ee4C &amp; R\u00c8N LUY\u1ec6N CHO CON K\u1ef8 N\u0102NG T\u1ef0 NH\u1eacN BI\u1ebeT &amp; T\u1ef0 B\u1ea2O V\u1ec6<\/p>\n<p>Tr\u1ebb em c\u00f3 th\u1ec3 d\u1ec5 d\u00e0ng \u00fd th\u1ee9c \u0111\u01b0\u1ee3c nh\u1eefng g\u00ec ch\u00fang th\u00edch hay kh\u00f4ng th\u00edch. Do \u0111\u00f3, \u0111i\u1ec1u quan tr\u1ecdng l\u00e0 d\u1ea1y cho b\u00e9 \u00fd th\u1ee9c v\u1ec1 c\u01a1 th\u1ec3 v\u00e0 c\u1ea3m x\u00fac c\u1ee7a m\u00ecnh, c\u0169ng nh\u01b0 ph\u00e2n bi\u1ec7t v\u00e0 c\u00f3 kh\u00e1i ni\u1ec7m r\u00f5 r\u00e0ng v\u1ec1 c\u00e1c m\u1ed1i quan h\u1ec7 xung quanh. Ch\u1ec9 khi hi\u1ec3u \u0111\u01b0\u1ee3c \u0111i\u1ec1u \u0111\u00f3 b\u00e9 m\u1edbi c\u00f3 th\u1ec3 v\u1ea1ch ra gi\u1edbi h\u1ea1n an to\u00e0n cho b\u1ea3n th\u00e2n.<\/p>\n<p>V\u1edbi nh\u1eefng h\u00ecnh v\u1ebd \u0111\u00e1ng y\u00eau v\u00e0 g\u1ea7n g\u0169i, c\u1ed1t truy\u1ec7n th\u1ef1c t\u1ebf, thu h\u00fat, m\u00f4 t\u1ea3 s\u00fac t\u00edch nh\u1eefng c\u00e2u h\u1ecfi \u0111\u01b0\u1ee3c \u0111\u1eb7t ra, cha m\u1eb9 s\u1ebd d\u1ec5 d\u00e0ng c\u00f9ng tr\u1ebb t\u00ecm ra l\u1eddi gi\u1ea3i \u0111\u00e1p cho c\u00e1c v\u1ea5n \u0111\u1ec1 tr\u00ean.<\/p>\n<p>&#8211; L\u1ee2I \u00cdCH 4: GI\u00c1O D\u1ee4C CHO TR\u1eba S\u1ef0 T\u1ef0 TIN V\u00c0O GI\u00c1 TR\u1eca C\u1ee6A B\u1ea2N TH\u00c2N<\/p>\n<p>T\u00e1c gi\u1ea3 mang \u0111\u1ebfn th\u00f4ng \u0111i\u1ec7p gi\u00e1o d\u1ee5c gi\u1edbi t\u00ednh v\u00e0 k\u1ef9 n\u0103ng s\u1ed1ng m\u1ed9t c\u00e1ch h\u1ed3n nhi\u00ean nh\u01b0 l\u1ed1i suy ngh\u0129 v\u00e0 c\u1ea3m x\u00fac c\u1ee7a c\u00e1c em nh\u1ecf. B\u1ed9 s\u00e1ch kh\u00f4ng nh\u1eefng d\u00e0nh cho tr\u1ebb em m\u00e0 cho c\u1ea3 ng\u01b0\u1eddi l\u1edbn, nh\u1eefng ng\u01b0\u1eddi b\u1ea1n mu\u1ed1n gi\u00fap c\u00e1c em c\u00f3 cu\u1ed9c s\u1ed1ng an to\u00e0n v\u00e0 l\u00e0nh m\u1ea1nh h\u01a1n trong t\u01b0\u01a1ng lai. \u0110\u00f3 c\u0169ng ch\u00ednh l\u00e0 n\u1ec1n t\u1ea3ng cho vi\u1ec7c giao ti\u1ebfp t\u1ef1 tin v\u1edbi ng\u01b0\u1eddi kh\u00e1c v\u00e0 \u0111\u1eb7c bi\u1ec7t l\u00e0 h\u00ecnh th\u00e0nh n\u00ean t\u00ednh c\u00e1ch cho tr\u1ebb.<\/p>\n","protected":false},"featured_media":8380,"template":"","meta":{"_acf_changed":false},"product_brand":[],"product_cat":[25,19,17,26],"product_tag":[81],"class_list":{"0":"post-8386","1":"product","2":"type-product","3":"status-publish","4":"has-post-thumbnail","6":"product_cat-nhi-dong-6-tuoi-12-tuoi","7":"product_cat-nuoi-day-con","8":"product_cat-sach-danh-cho-cac-be","9":"product_cat-thieu-nien-11-tuoi-18-tuoi","10":"product_tag-sach-gia-uu-dai","12":"first","13":"instock","14":"sale","15":"taxable","16":"shipping-taxable","17":"purchasable","18":"product-type-woosb"},"supplier_id":null,"supplier_sku":"","barcode":null,"atum_controlled":true,"out_stock_date":"2021-04-28 11:15:20","out_stock_threshold":null,"inheritable":false,"inbound_stock":0,"stock_on_hold":0,"sold_today":0,"sales_last_days":0,"reserved_stock":0,"customer_returns":0,"warehouse_damage":0,"lost_in_post":0,"other_logs":0,"out_stock_days":1736,"lost_sales":0,"has_location":false,"update_date":"2026-01-28T23:10:42","atum_locations":[],"atum_stock_status":"outofstock","restock_status":false,"low_stock_amount":"","sales_update_date":"2026-01-28T23:10:42","calc_backorders":null,"acf":{"publisher":{"ID":1785,"post_author":"1","post_date":"2021-02-17 01:54:46","post_date_gmt":"2021-02-16 23:54:46","post_content":"<!-- wp:flatsome\/uxbuilder -->\n<h1 style=\"text-align: center;\"><strong>AZ VIETNAM<\/strong><\/h1>\n[row]\n\n[col span=\"8\" span__sm=\"12\"]\n\n<p>Th\u00e0nh l\u1eadp n\u0103m: 2015<br \/>V\u1ed1n \u0111\u1ea7u t\u01b0: 4,000,000,000 \u0111\u1ed3ng<br \/><strong>L\u0129nh v\u1ef1c:<\/strong><br \/>- Xu\u1ea5t b\u1ea3n v\u00e0 ph\u00e1t h\u00e0nh v\u0103n h\u00f3a ph\u1ea9m<br \/>- Cung c\u1ea5p v\u0103n h\u00f3a ph\u1ea9m, c\u00e1c s\u1ea3n ph\u1ea9m cho in \u1ea5n, trang thi\u1ebft b\u1ecb cho c\u00e1c th\u01b0 vi\u1ec7n v\u00e0 trung t\u00e2m s\u00e1ch tr\u00ean c\u1ea3 n\u01b0\u1edbc.<br \/>- Th\u1eddi trang v\u00e0 c\u00e1c s\u1ea3n ph\u1ea9m li\u00ean quan \u0111\u1ebfn l\u0129nh v\u1ef1c th\u1eddi trang<br \/>- Xu\u1ea5t nh\u1eadp kh\u1ea9u c\u00e1c s\u1ea3n ph\u1ea9m v\u0103n h\u00f3a<\/p>\n<p><strong>Quy m\u00f4:<\/strong> 60 nh\u00e2n vi\u00ean<br \/>Kh\u1edfi ngu\u1ed3n c\u1ee7a AZ Vi\u1ec7t Nam ng\u00e0y nay l\u00e0 C\u00f4ng ty TNHH Trung t\u00e2m S\u00e1ch v\u00e0 Thi\u1ebft b\u1ecb Th\u01b0 vi\u1ec7n, v\u1edbi ho\u1ea1t \u0111\u1ed9ng \u0111\u1ea7u ti\u00ean l\u00e0 cung c\u1ea5p s\u00e1ch, trang thi\u1ebft b\u1ecb, v\u0103n h\u00f3a ph\u1ea9m cho c\u00e1c th\u01b0 vi\u1ec7n v\u00e0 trung t\u00e2m s\u00e1ch tr\u00ean c\u1ea3 n\u01b0\u1edbc. T\u1eeb cu\u1ed1i n\u0103m 2010 \u0111\u1ebfn nay, ch\u00fang t\u00f4i \u0111\u00e3 kh\u00f4ng ng\u1eebng n\u1ed7 l\u1ef1c khai ph\u00e1 v\u00e0 ph\u00e1t tri\u1ec3n c\u00e1c d\u00f2ng s\u1ea3n ph\u1ea9m m\u1edbi v\u1edbi 8 th\u01b0\u01a1ng hi\u1ec7u uy t\u00edn. \u0110\u1ec3 \u0111\u00e1p \u1ee9ng nhu c\u1ea7u ph\u00e1t tri\u1ec3n ng\u00e0y m\u1ed9t l\u1edbn m\u1ea1nh v\u00e0 t\u1eadp h\u1ee3p c\u00e1c th\u01b0\u01a1ng hi\u1ec7u \u0111\u00e3 \u0111\u01b0\u1ee3c ch\u00fang t\u00f4i x\u00e2y d\u1ef1ng, 2015 C\u00f4ng ty TNHH AZ Vi\u1ec7t Nam \u0111\u00e3 ra \u0111\u1eddi v\u1edbi s\u1ee9 m\u1ec7nh mang \u0111\u1ebfn nhi\u1ec1u h\u01a1n n\u1eefa nh\u1eefng gi\u00e1 tr\u1ecb tinh th\u1ea7n, tri th\u1ee9c ti\u00ean ti\u1ebfn cho ng\u01b0\u1eddi ti\u00eau d\u00f9ng b\u1eb1ng vi\u1ec7c cung c\u1ea5p nh\u1eefng s\u1ea3n ph\u1ea9m c\u00f3 ch\u1ea5t l\u01b0\u1ee3ng.<\/p>\n\n[\/col]\n[col span=\"4\" span__sm=\"12\"]\n\n[ux_image id=\"1836\" image_size=\"medium\"]\n\n\n[\/col]\n\n[\/row]\n\n<!-- \/wp:flatsome\/uxbuilder -->","post_title":"AZ Vi\u1ec7t Nam","post_excerpt":"","post_status":"publish","comment_status":"closed","ping_status":"closed","post_password":"","post_name":"az-viet-nam","to_ping":"","pinged":"","post_modified":"2021-02-17 22:07:10","post_modified_gmt":"2021-02-17 20:07:10","post_content_filtered":"","post_parent":0,"guid":"https:\/\/sachviet.eu\/nha-phat-hanh\/az-viet-nam\/","menu_order":0,"post_type":"publisher","post_mime_type":"","comment_count":"0","filter":"raw"}},"_links":{"self":[{"href":"https:\/\/sachviet.eu\/en\/wp-json\/wp\/v2\/product\/8386","targetHints":{"allow":["GET"]}}],"collection":[{"href":"https:\/\/sachviet.eu\/en\/wp-json\/wp\/v2\/product"}],"about":[{"href":"https:\/\/sachviet.eu\/en\/wp-json\/wp\/v2\/types\/product"}],"wp:featuredmedia":[{"embeddable":true,"href":"https:\/\/sachviet.eu\/en\/wp-json\/wp\/v2\/media\/8380"}],"wp:attachment":[{"href":"https:\/\/sachviet.eu\/en\/wp-json\/wp\/v2\/media?parent=8386"}],"wp:term":[{"taxonomy":"product_brand","embeddable":true,"href":"https:\/\/sachviet.eu\/en\/wp-json\/wp\/v2\/product_brand?post=8386"},{"taxonomy":"product_cat","embeddable":true,"href":"https:\/\/sachviet.eu\/en\/wp-json\/wp\/v2\/product_cat?post=8386"},{"taxonomy":"product_tag","embeddable":true,"href":"https:\/\/sachviet.eu\/en\/wp-json\/wp\/v2\/product_tag?post=8386"}],"curies":[{"name":"wp","href":"https:\/\/api.w.org\/{rel}","templated":true}]}}