{"id":8379,"date":"2021-04-28T14:15:04","date_gmt":"2021-04-28T11:15:04","guid":{"rendered":"https:\/\/sachviet.eu\/shop\/song-mao-hiem-mot-cach-can-than\/"},"modified":"2023-10-22T22:07:15","modified_gmt":"2023-10-22T19:07:15","slug":"song-mao-hiem-mot-cach-can-than","status":"publish","type":"product","link":"https:\/\/sachviet.eu\/en\/shop\/song-mao-hiem-mot-cach-can-than\/","title":{"rendered":"S\u1ed1ng m\u1ea1o hi\u1ec3m m\u1ed9t c\u00e1ch c\u1ea9n th\u1eadn"},"content":{"rendered":"<p>Si\u00eau m\u1eabu qu\u1ed1c t\u1ebf Maye Musk \u0111\u00e3 chia s\u1ebb nh\u1eefng c\u00e2u chuy\u1ec7n c\u00e1 nh\u00e2n c\u00f9ng c\u00e1c b\u00e0i h\u1ecdc r\u00fat ra t\u1eeb cu\u1ed9c \u0111\u1eddi &#8220;S\u1ed1ng m\u1ea1o hi\u1ec3m m\u1ed9t c\u00e1ch c\u1ea9n th\u1eadn.&#8221;<\/p>\n<p>Maye Musk l\u00e0 m\u1ed9t si\u00eau m\u1eabu th\u1eddi trang, cu\u1ed1n h\u00fat v\u00e0 th\u00edch x\u00ea d\u1ecbch v\u1edbi nh\u1eefng m\u1ed1i quan h\u1ec7 kh\u0103ng kh\u00edt, \u0111\u1ea7y th\u00fa v\u1ecb c\u00f9ng gia \u0111\u00ecnh v\u00e0 b\u1ea1n b\u00e8 &#8211; v\u00e0 n\u0103m nay b\u00e0 \u0111\u00e3 ngo\u00e0i b\u1ea3y m\u01b0\u01a1i tu\u1ed5i. Nh\u01b0ng m\u1ecdi th\u1ee9 kh\u00f4ng ph\u1ea3i l\u00fac n\u00e0o c\u0169ng d\u1ec5 d\u00e0ng hay h\u00e0o nho\u00e1ng &#8211; b\u00e0 b\u1eaft \u0111\u1ea7u l\u00e0m m\u1eb9 \u0111\u01a1n th\u00e2n \u1edf tu\u1ed5i 31, v\u1eadt l\u1ed9n v\u1edbi c\u00e1i ngh\u00e8o \u0111\u1ec3 nu\u00f4i d\u1ea1y cho ba ng\u01b0\u1eddi con; \u0111\u1ed1i m\u1eb7t v\u1edbi nh\u1eefng v\u1ea5n \u0111\u1ec1 v\u1ec1 c\u00e2n n\u1eb7ng khi l\u00e0m m\u1ed9t ng\u01b0\u1eddi m\u1eabu qu\u00e1 kh\u1ed5 v\u00e0 v\u01b0\u1ee3t qua nh\u1eefng \u0111\u1ecbnh ki\u1ebfn v\u1ec1 tu\u1ed5i t\u00e1c trong ng\u00e0nh ng\u01b0\u1eddi m\u1eabu; \u0111\u1ed3ng th\u1eddi ki\u1ebfn l\u1eadp m\u1ed9t s\u1ef1 nghi\u1ec7p tr\u1ecdn \u0111\u1eddi trong vai tr\u00f2 m\u1ed9t chuy\u00ean gia dinh d\u01b0\u1ee1ng \u0111\u01b0\u1ee3c tr\u1ecdng v\u1ecdng, m\u00e0 trong su\u1ed1t qu\u00e1 tr\u00ecnh \u0111\u00f3 b\u00e0 kh\u00f4ng ng\u1eebng b\u1eaft \u0111\u1ea7u l\u1ea1i \u1edf nhi\u1ec1u th\u00e0nh ph\u1ed1 kh\u00e1c nhau thu\u1ed9c ba qu\u1ed1c gia v\u00e0 hai l\u1ee5c \u0111\u1ecba. Nh\u01b0ng b\u00e0 \u0111\u00e3 v\u01b0\u1ee3t qua t\u1ea5t c\u1ea3 v\u1edbi m\u1ed9t tinh th\u1ea7n b\u1ea5t khu\u1ea5t v\u00e0 th\u00e1i \u0111\u1ed9 nghi\u00eam t\u00fac \u0111\u1ec3 tr\u1edf th\u00e0nh m\u1ed9t ng\u01b0\u1eddi th\u00e0nh c\u00f4ng tr\u00ean to\u00e0n c\u1ea7u \u1edf \u0111\u1ed9 tu\u1ed5i m\u00e0 b\u00e0 g\u1ecdi l\u00e0 &#8220;\u0111\u1ec9nh cao c\u1ee7a \u0111\u1eddi t\u00f4i&#8221;.<\/p>\n<p>Trong S\u1ed1ng m\u1ea1o hi\u1ec3m m\u1ed9t c\u00e1ch c\u1ea9n th\u1eadn, Maye chia s\u1ebb nh\u1eefng kinh nghi\u1ec7m c\u1ee7a \u0111\u1eddi m\u00ecnh, h\u00e0m ch\u1ee9a trong \u0111\u00f3 c\u00e1c tri\u1ebft l\u00fd \u0111\u01b0\u1ee3c \u0111\u00fac k\u1ebft trong gian nan v\u1ec1 s\u1ef1 nghi\u1ec7p (c\u00e0ng ch\u0103m ch\u1ec9, c\u00e0ng may m\u1eafn), gia \u0111\u00ecnh (\u0111\u1ec3 ng\u01b0\u1eddi m\u00ecnh y\u00eau th\u01b0\u01a1ng \u0111i con \u0111\u01b0\u1eddng ri\u00eang), s\u1ee9c kh\u1ecfe (kh\u00f4ng h\u1ec1 c\u00f3 th\u1ea7n d\u01b0\u1ee3c) v\u00e0 phi\u00eau l\u01b0u (lu\u00f4n t\u1ea1o kh\u00f4ng gian cho s\u1ef1 kh\u00e1m ph\u00e1, nh\u01b0ng lu\u00f4n s\u1eb5n s\u00e0ng \u0111\u00f3n nh\u1eadn b\u1ea5t k\u1ef3 \u0111i\u1ec1u g\u00ec). B\u1ea1n kh\u00f4ng ki\u1ec3m so\u00e1t m\u1ecdi th\u1ee9 x\u1ea3y ra trong \u0111\u1eddi, nh\u01b0ng b\u1ea1n c\u00f3 th\u1ec3 s\u1ed1ng cu\u1ed9c \u0111\u1eddi m\u00ecnh mu\u1ed1n \u1edf b\u1ea5t k\u1ef3 tu\u1ed5i n\u00e0o. T\u1ea5t c\u1ea3 nh\u1eefng g\u00ec b\u1ea1n ph\u1ea3i l\u00e0m l\u00e0 l\u00ean k\u1ebf ho\u1ea1ch.<\/p>\n<p>M\u1ed9t s\u1ed1 \u0111\u00e1nh gi\u00e1 v\u1ec1 cu\u1ed1n s\u00e1ch:<\/p>\n<p>&#8220;T\u1eeb l\u00e2u t\u00f4i \u0111\u00e3 ng\u01b0\u1ee1ng m\u1ed9 Maye Musk c\u1ea3 trong vai tr\u00f2 ng\u01b0\u1eddi m\u1eabu l\u1eabn m\u1ed9t ng\u01b0\u1eddi ph\u1ee5 n\u1eef. B\u00e1c \u0111\u00e3 truy\u1ec1n c\u1ea3m h\u1ee9ng cho nhi\u1ec1u ng\u01b0\u1eddi xuy\u00ean su\u1ed1t s\u1ef1 nghi\u1ec7p c\u1ee7a m\u00ecnh, v\u00e0 nh\u1eefng tri\u1ebft l\u00fd c\u00f9ng quan \u0111i\u1ec3m v\u00f4 gi\u00e1 c\u1ee7a b\u00e1c hi\u1ec3n hi\u1ec7n tr\u00ean t\u1eebng trang c\u1ee7a cu\u1ed1n s\u00e1ch n\u00e0y.&#8221; &#8211; Karlie Kloss<\/p>\n<p>&#8220;\u1ea4m \u00e1p, ch\u00e2n th\u00e0nh m\u00e0 kh\u00f4ng gi\u1ea3 d\u1ed1i, S\u1ed1ng m\u1ea1o hi\u1ec3m m\u1ed9t c\u00e1ch c\u1ea9n th\u1eadn ch\u1ee9a \u0111\u1ea7y nh\u1eefng quan \u0111i\u1ec3m s\u00e2u s\u1eafc c\u00f9ng ch\u1ea5t h\u00e0i h\u01b0\u1edbc v\u1edbi h\u00e0m l\u01b0\u1ee3ng h\u1ee3p l\u00fd, mang l\u1ea1i cho ng\u01b0\u1eddi \u0111\u1ecdc nh\u1eefng l\u1eddi khuy\u00ean ph\u1ea3i kh\u00f3 kh\u0103n l\u1eafm m\u1edbi c\u00f3 \u0111\u01b0\u1ee3c c\u1ee7a c\u1ea3 \u0111\u1eddi ng\u01b0\u1eddi. Maye Musk l\u00e0 ng\u01b0\u1eddi ph\u1ee5 n\u1eef tr\u00e1ch nhi\u1ec7m v\u1edbi hi\u1ec3u bi\u1ebft r\u1eb1ng cu\u1ed9c s\u1ed1ng \u0111\u1ea7y nh\u1eefng b\u1ea5t ng\u1edd v\u00e0 l\u00e0m ch\u1ee7 cu\u1ed9c s\u1ed1ng m\u1ed9t c\u00e1ch tr\u1ecdn v\u1eb9n!&#8221; &#8211; Diane Von Furstenberg<\/p>\n<p>&#8220;M\u1ef9 nh\u00e2n phi th\u01b0\u1eddng Maye Musk l\u00e0 b\u1eb1ng ch\u1ee9ng s\u1ed1ng cho th\u1ea5y m\u1ed9t ch\u1ebf \u0111\u1ed9 \u0103n u\u1ed1ng l\u00e0nh m\u1ea1nh l\u00e0 n\u1ec1n t\u1ea3ng cho m\u1ed9t cu\u1ed9c s\u1ed1ng \u0111\u1ea7y \u1eafp ni\u1ec1m vui, n\u0103ng \u0111\u1ed9ng v\u00e0 gi\u00e0u n\u0103ng l\u01b0\u1ee3ng.&#8221; &#8211; Christie Brinkle<\/p>\n<p>V\u1ec0 T\u00c1C GI\u1ea2<\/p>\n<p>Maye Musk Maye Musk sinh ng\u00e0y 19 th\u00e1ng T\u01b0 n\u0103m 1948 t\u1ea1i Canada. B\u00e0 l\u00e0 m\u1ed9t si\u00eau m\u1eabu qu\u1ed1c t\u1ebf, m\u1ed9t chuy\u00ean gia dinh d\u01b0\u1ee1ng &#8211; th\u1ef1c ch\u1ebf h\u1ecdc \u0111\u01b0\u1ee3c ch\u1ee9ng nh\u1eadn ki\u00eam di\u1ec5n gi\u1ea3 to\u00e0n c\u1ea7u.<\/p>\n<p>Th\u1eddi tr\u1ebb, b\u00e0 t\u1eebng l\u1ecdt v\u00e0o chung k\u1ebft cu\u1ed9c thi Hoa h\u1eadu Nam Phi nh\u01b0ng ngh\u1ec1 ch\u00ednh c\u1ee7a b\u00e0 l\u00e0 b\u00e1c s\u0129 dinh d\u01b0\u1ee1ng. \u0110\u1ec3 c\u00f3 th\u00eam ti\u1ec1n trang tr\u1ea3i cho cu\u1ed9c s\u1ed1ng, b\u00e0 c\u00f2n l\u00e0m ngh\u1ec1 ng\u01b0\u1eddi m\u1eabu.<\/p>\n<p>N\u0103m 1970, b\u00e0 k\u1ebft h\u00f4n v\u1edbi \u00f4ng Errol Musk v\u00e0 c\u00f3 v\u1edbi nhau ba ng\u01b0\u1eddi con, Elon, Kimbal v\u00e0 Tosca (trong \u0111\u00f3 n\u1ed5i ti\u1ebfng nh\u1ea5t ch\u00ednh l\u00e0 t\u1ec9 ph\u00fa Elon Musk). N\u0103m 1979, hai v\u1ee3 ch\u1ed3ng ly h\u00f4n v\u00e0 b\u00e0 tr\u1edf th\u00e0nh m\u1eb9 \u0111\u01a1n th\u00e2n, sau \u0111\u00f3 chuy\u1ec3n \u0111\u1ebfn Canada s\u1ed1ng c\u00f9ng ba ng\u01b0\u1eddi con. Trong su\u1ed1t h\u01a1n b\u1ea3y m\u01b0\u01a1i n\u0103m cu\u1ed9c \u0111\u1eddi, d\u00f9 tr\u1ea3i qua nhi\u1ec1u kh\u00f3 kh\u0103n, Maye Musk v\u1eabn nu\u00f4i d\u01b0\u1ee1ng ba ng\u01b0\u1eddi con th\u00e0nh t\u00e0i, c\u00f3 m\u1ed9t cu\u1ed9c s\u1ed1ng h\u1ea1nh ph\u00fac c\u00f9ng s\u1ef1 nghi\u1ec7p t\u01b0\u01a1ng \u0111\u1ed1i th\u00e0nh c\u00f4ng, cho \u0111\u1ebfn nay v\u1eabn l\u00e0 ng\u01b0\u1eddi m\u1eabu n\u1ed5i ti\u1ebfng, \u0111\u01b0\u1ee3c nhi\u1ec1u ng\u01b0\u1eddi ng\u01b0\u1ee1ng m\u1ed9.<\/p>\n<p>B\u00e0 th\u01b0\u1eddng xuy\u00ean g\u00f3p m\u1eb7t tr\u00ean nh\u1eefng t\u1ea1p ch\u00ed th\u1eddi trang l\u1edbn nh\u01b0 Vanity Fair, Vogue, Cosmopolitan, Marie Claire v\u00e0 Allure, t\u1eebng l\u00ean trang b\u00eca New York Magazine c\u00f9ng nhi\u1ec1u ng\u01b0\u1eddi kh\u00e1c. Sinh ra \u1edf Canada, Maye chuy\u1ec3n \u0111\u1ebfn s\u1ed1ng \u1edf Nam Phi nhi\u1ec1u n\u0103m v\u00e0 hi\u1ec7n t\u1ea1i \u0111ang c\u01b0 ng\u1ee5 \u1edf Los Angeles, M\u1ef9.<\/p>\n","protected":false},"excerpt":{"rendered":"<p>Si\u00eau m\u1eabu qu\u1ed1c t\u1ebf Maye Musk \u0111\u00e3 chia s\u1ebb nh\u1eefng c\u00e2u chuy\u1ec7n c\u00e1 nh\u00e2n c\u00f9ng c\u00e1c b\u00e0i h\u1ecdc r\u00fat ra t\u1eeb cu\u1ed9c \u0111\u1eddi &#8220;S\u1ed1ng m\u1ea1o hi\u1ec3m m\u1ed9t c\u00e1ch c\u1ea9n th\u1eadn.&#8221;<\/p>\n<p>Maye Musk l\u00e0 m\u1ed9t si\u00eau m\u1eabu th\u1eddi trang, cu\u1ed1n h\u00fat v\u00e0 th\u00edch x\u00ea d\u1ecbch v\u1edbi nh\u1eefng m\u1ed1i quan h\u1ec7 kh\u0103ng kh\u00edt, \u0111\u1ea7y th\u00fa v\u1ecb c\u00f9ng gia \u0111\u00ecnh v\u00e0 b\u1ea1n b\u00e8 &#8211; v\u00e0 n\u0103m nay b\u00e0 \u0111\u00e3 ngo\u00e0i b\u1ea3y m\u01b0\u01a1i tu\u1ed5i. Nh\u01b0ng m\u1ecdi th\u1ee9 kh\u00f4ng ph\u1ea3i l\u00fac n\u00e0o c\u0169ng d\u1ec5 d\u00e0ng hay h\u00e0o nho\u00e1ng &#8211; b\u00e0 b\u1eaft \u0111\u1ea7u l\u00e0m m\u1eb9 \u0111\u01a1n th\u00e2n \u1edf tu\u1ed5i 31, v\u1eadt l\u1ed9n v\u1edbi c\u00e1i ngh\u00e8o \u0111\u1ec3 nu\u00f4i d\u1ea1y cho ba ng\u01b0\u1eddi con; \u0111\u1ed1i m\u1eb7t v\u1edbi nh\u1eefng v\u1ea5n \u0111\u1ec1 v\u1ec1 c\u00e2n n\u1eb7ng khi l\u00e0m m\u1ed9t ng\u01b0\u1eddi m\u1eabu qu\u00e1 kh\u1ed5 v\u00e0 v\u01b0\u1ee3t qua nh\u1eefng \u0111\u1ecbnh ki\u1ebfn v\u1ec1 tu\u1ed5i t\u00e1c trong ng\u00e0nh ng\u01b0\u1eddi m\u1eabu; \u0111\u1ed3ng th\u1eddi ki\u1ebfn l\u1eadp m\u1ed9t s\u1ef1 nghi\u1ec7p tr\u1ecdn \u0111\u1eddi trong vai tr\u00f2 m\u1ed9t chuy\u00ean gia dinh d\u01b0\u1ee1ng \u0111\u01b0\u1ee3c tr\u1ecdng v\u1ecdng, m\u00e0 trong su\u1ed1t qu\u00e1 tr\u00ecnh \u0111\u00f3 b\u00e0 kh\u00f4ng ng\u1eebng b\u1eaft \u0111\u1ea7u l\u1ea1i \u1edf nhi\u1ec1u th\u00e0nh ph\u1ed1 kh\u00e1c nhau thu\u1ed9c ba qu\u1ed1c gia v\u00e0 hai l\u1ee5c \u0111\u1ecba. Nh\u01b0ng b\u00e0 \u0111\u00e3 v\u01b0\u1ee3t qua t\u1ea5t c\u1ea3 v\u1edbi m\u1ed9t tinh th\u1ea7n b\u1ea5t khu\u1ea5t v\u00e0 th\u00e1i \u0111\u1ed9 nghi\u00eam t\u00fac \u0111\u1ec3 tr\u1edf th\u00e0nh m\u1ed9t ng\u01b0\u1eddi th\u00e0nh c\u00f4ng tr\u00ean to\u00e0n c\u1ea7u \u1edf \u0111\u1ed9 tu\u1ed5i m\u00e0 b\u00e0 g\u1ecdi l\u00e0 &#8220;\u0111\u1ec9nh cao c\u1ee7a \u0111\u1eddi t\u00f4i&#8221;.<\/p>\n<p>Trong S\u1ed1ng m\u1ea1o hi\u1ec3m m\u1ed9t c\u00e1ch c\u1ea9n th\u1eadn, Maye chia s\u1ebb nh\u1eefng kinh nghi\u1ec7m c\u1ee7a \u0111\u1eddi m\u00ecnh, h\u00e0m ch\u1ee9a trong \u0111\u00f3 c\u00e1c tri\u1ebft l\u00fd \u0111\u01b0\u1ee3c \u0111\u00fac k\u1ebft trong gian nan v\u1ec1 s\u1ef1 nghi\u1ec7p (c\u00e0ng ch\u0103m ch\u1ec9, c\u00e0ng may m\u1eafn), gia \u0111\u00ecnh (\u0111\u1ec3 ng\u01b0\u1eddi m\u00ecnh y\u00eau th\u01b0\u01a1ng \u0111i con \u0111\u01b0\u1eddng ri\u00eang), s\u1ee9c kh\u1ecfe (kh\u00f4ng h\u1ec1 c\u00f3 th\u1ea7n d\u01b0\u1ee3c) v\u00e0 phi\u00eau l\u01b0u (lu\u00f4n t\u1ea1o kh\u00f4ng gian cho s\u1ef1 kh\u00e1m ph\u00e1, nh\u01b0ng lu\u00f4n s\u1eb5n s\u00e0ng \u0111\u00f3n nh\u1eadn b\u1ea5t k\u1ef3 \u0111i\u1ec1u g\u00ec). B\u1ea1n kh\u00f4ng ki\u1ec3m so\u00e1t m\u1ecdi th\u1ee9 x\u1ea3y ra trong \u0111\u1eddi, nh\u01b0ng b\u1ea1n c\u00f3 th\u1ec3 s\u1ed1ng cu\u1ed9c \u0111\u1eddi m\u00ecnh mu\u1ed1n \u1edf b\u1ea5t k\u1ef3 tu\u1ed5i n\u00e0o. T\u1ea5t c\u1ea3 nh\u1eefng g\u00ec b\u1ea1n ph\u1ea3i l\u00e0m l\u00e0 l\u00ean k\u1ebf ho\u1ea1ch.<\/p>\n","protected":false},"featured_media":8373,"template":"","meta":{"_acf_changed":false},"product_brand":[],"product_cat":[15,46],"product_tag":[],"class_list":{"0":"post-8379","1":"product","2":"type-product","3":"status-publish","4":"has-post-thumbnail","6":"product_cat-sach-danh-cho-nguoi-lon","7":"product_cat-ky-nang-song","9":"first","10":"outofstock","11":"taxable","12":"shipping-taxable","13":"purchasable","14":"product-type-simple"},"supplier_id":null,"supplier_sku":"","barcode":null,"atum_controlled":true,"out_stock_date":"2023-10-22 19:07:15","out_stock_threshold":null,"inheritable":false,"inbound_stock":0,"stock_on_hold":0,"sold_today":0,"sales_last_days":0,"reserved_stock":0,"customer_returns":0,"warehouse_damage":0,"lost_in_post":0,"other_logs":0,"out_stock_days":829,"lost_sales":0,"has_location":false,"update_date":"2026-01-28T23:10:42","atum_locations":[],"atum_stock_status":"outofstock","restock_status":false,"low_stock_amount":"","sales_update_date":"2026-01-28T23:10:42","calc_backorders":null,"acf":{"publisher":{"ID":8372,"post_author":"1","post_date":"2021-04-28 14:14:48","post_date_gmt":"2021-04-28 11:14:48","post_content":"","post_title":"H\u1ea3i \u0110\u0103ng","post_excerpt":"","post_status":"publish","comment_status":"closed","ping_status":"closed","post_password":"","post_name":"hai-dang","to_ping":"","pinged":"","post_modified":"2021-04-28 14:14:48","post_modified_gmt":"2021-04-28 11:14:48","post_content_filtered":"","post_parent":0,"guid":"https:\/\/sachviet.eu\/nha-phat-hanh\/hai-dang\/","menu_order":0,"post_type":"publisher","post_mime_type":"","comment_count":"0","filter":"raw"}},"_links":{"self":[{"href":"https:\/\/sachviet.eu\/en\/wp-json\/wp\/v2\/product\/8379","targetHints":{"allow":["GET"]}}],"collection":[{"href":"https:\/\/sachviet.eu\/en\/wp-json\/wp\/v2\/product"}],"about":[{"href":"https:\/\/sachviet.eu\/en\/wp-json\/wp\/v2\/types\/product"}],"wp:featuredmedia":[{"embeddable":true,"href":"https:\/\/sachviet.eu\/en\/wp-json\/wp\/v2\/media\/8373"}],"wp:attachment":[{"href":"https:\/\/sachviet.eu\/en\/wp-json\/wp\/v2\/media?parent=8379"}],"wp:term":[{"taxonomy":"product_brand","embeddable":true,"href":"https:\/\/sachviet.eu\/en\/wp-json\/wp\/v2\/product_brand?post=8379"},{"taxonomy":"product_cat","embeddable":true,"href":"https:\/\/sachviet.eu\/en\/wp-json\/wp\/v2\/product_cat?post=8379"},{"taxonomy":"product_tag","embeddable":true,"href":"https:\/\/sachviet.eu\/en\/wp-json\/wp\/v2\/product_tag?post=8379"}],"curies":[{"name":"wp","href":"https:\/\/api.w.org\/{rel}","templated":true}]}}