{"id":8368,"date":"2021-04-28T14:14:41","date_gmt":"2021-04-28T11:14:41","guid":{"rendered":"https:\/\/sachviet.eu\/shop\/chu-nghia-khac-ky-phong-cach-song-ban-linh-va-binh-than\/"},"modified":"2021-09-12T23:34:39","modified_gmt":"2021-09-12T20:34:39","slug":"chu-nghia-khac-ky-phong-cach-song-ban-linh-va-binh-than","status":"publish","type":"product","link":"https:\/\/sachviet.eu\/en\/shop\/chu-nghia-khac-ky-phong-cach-song-ban-linh-va-binh-than\/","title":{"rendered":"Ch\u1ee7 ngh\u0129a kh\u1eafc k\u1ef7 &#8211; Phong c\u00e1ch s\u1ed1ng b\u1ea3n l\u0129nh v\u00e0 b\u00ecnh th\u1ea3n"},"content":{"rendered":"<p>Ch\u1ee7 Ngh\u0129a Kh\u1eafc K\u1ef7 &#8211; Phong C\u00e1ch S\u1ed1ng B\u1ea3n L\u0129nh V\u00e0 B\u00ecnh Th\u1ea3n<\/p>\n<p>B\u1ea1n mong mu\u1ed1n \u0111i\u1ec1u g\u00ec t\u1eeb cu\u1ed9c s\u1ed1ng n\u00e0y? C\u00f3 th\u1ec3 c\u00e2u tr\u1ea3 l\u1eddi c\u1ee7a b\u1ea1n l\u00e0 mu\u1ed1n c\u00f3 m\u1ed9t ng\u01b0\u1eddi b\u1ea1n \u0111\u1eddi bi\u1ebft quan t\u00e2m, m\u1ed9t c\u00f4ng vi\u1ec7c t\u1ed1t v\u00e0 m\u1ed9t ng\u00f4i nh\u00e0 \u0111\u1eb9p, nh\u01b0ng ch\u00fang th\u1ef1c ra ch\u1ec9 l\u00e0 m\u1ed9t s\u1ed1 th\u1ee9 b\u1ea1n mu\u1ed1n c\u00f3 trong cu\u1ed9c s\u1ed1ng. Khi h\u1ecfi b\u1ea1n mong mu\u1ed1n \u0111i\u1ec1u g\u00ec t\u1eeb cu\u1ed9c s\u1ed1ng n\u00e0y, t\u00f4i \u0111ang h\u1ecfi theo ngh\u0129a r\u1ed9ng nh\u1ea5t. T\u00f4i kh\u00f4ng h\u1ecfi v\u1ec1 nh\u1eefng m\u1ee5c ti\u00eau m\u00e0 b\u1ea1n \u0111\u1ec1 ra khi th\u1ef1c hi\u1ec7n c\u00e1c ho\u1ea1t \u0111\u1ed9ng h\u1eb1ng ng\u00e0y, m\u00e0 t\u00f4i \u0111ang h\u1ecfi v\u1ec1 m\u1ee5c ti\u00eau l\u1edbn lao trong cu\u1ed9c s\u1ed1ng c\u1ee7a b\u1ea1n. N\u00f3i c\u00e1ch kh\u00e1c, trong s\u1ed1 nh\u1eefng th\u1ee9 b\u1ea1n c\u00f3 th\u1ec3 theo \u0111u\u1ed5i trong cu\u1ed9c s\u1ed1ng, th\u1ee9 n\u00e0o b\u1ea1n tin l\u00e0 c\u00f3 gi\u00e1 tr\u1ecb nh\u1ea5t?<\/p>\n<p>Nhi\u1ec1u ng\u01b0\u1eddi s\u1ebd kh\u00f3 l\u00f2ng n\u00eau ra \u0111\u01b0\u1ee3c m\u1ee5c ti\u00eau n\u00e0y. H\u1ecd bi\u1ebft m\u00ecnh mu\u1ed1n g\u00ec trong t\u1eebng ph\u00fat m\u1ed9t ho\u1eb7c th\u1eadm ch\u00ed t\u1eebng th\u1eadp k\u1ef7 m\u1ed9t trong su\u1ed1t cu\u1ed9c \u0111\u1eddi m\u00ecnh, nh\u01b0ng h\u1ecd ch\u01b0a bao gi\u1edd d\u00e0nh th\u1eddi gian \u0111\u1ec3 suy ng\u1eabm v\u1ec1 m\u1ee5c ti\u00eau s\u1ed1ng l\u1edbn lao c\u1ee7a b\u1ea3n th\u00e2n. Chuy\u1ec7n n\u00e0y c\u00f3 l\u1ebd c\u0169ng d\u1ec5 hi\u1ec3u. N\u1ec1n v\u0103n h\u00f3a c\u1ee7a ch\u00fang ta v\u1ed1n kh\u00f4ng khuy\u1ebfn kh\u00edch m\u1ecdi ng\u01b0\u1eddi ngh\u0129 v\u1ec1 nh\u1eefng \u0111i\u1ec1u nh\u01b0 v\u1eady, m\u00e0 ch\u1ec9 t\u1ea1o ra h\u1ebft xao l\u00e3ng n\u00e0y \u0111\u1ebfn xao l\u00e3ng kh\u00e1c, \u0111\u1ec3 ch\u00fang ta kh\u00f4ng bao gi\u1edd ph\u1ea3i b\u1eadn t\u00e2m \u0111\u1ebfn ch\u00fang. Nh\u01b0ng m\u1ed9t m\u1ee5c ti\u00eau l\u1edbn lao trong \u0111\u1eddi l\u00e0 th\u00e0nh ph\u1ea7n \u0111\u1ea7u ti\u00ean c\u1ee7a m\u1ed9t tri\u1ebft l\u00fd s\u1ed1ng. N\u1ebfu b\u1ea1n kh\u00f4ng c\u00f3 m\u1ed9t m\u1ee5c ti\u00eau l\u1edbn lao trong \u0111\u1eddi, t\u1ee9c l\u00e0 b\u1ea1n kh\u00f4ng c\u00f3 m\u1ed9t tri\u1ebft l\u00fd s\u1ed1ng ch\u1eb7t ch\u1ebd.<\/p>\n<p>Nh\u01b0ng t\u1ea1i sao c\u00f3 m\u1ed9t tri\u1ebft l\u00fd s\u1ed1ng l\u1ea1i quan tr\u1ecdng? V\u00ec n\u1ebfu kh\u00f4ng c\u00f3 n\u00f3, b\u1ea1n s\u1ebd c\u00f3 nguy c\u01a1 s\u1ed1ng l\u1ea7m l\u1ea1c \u2013 b\u1ea5t k\u1ec3 b\u1ea1n \u0111\u00e3 l\u00e0m g\u00ec, b\u1ea5t k\u1ec3 m\u1ecdi ni\u1ec1m vui th\u00fa m\u00e0 b\u1ea1n \u0111\u00e3 th\u1ee5 h\u01b0\u1edfng l\u00fac sinh th\u1eddi, chung quy b\u1ea1n v\u1eabn s\u1ebd s\u1ed1ng m\u1ed9t cu\u1ed9c \u0111\u1eddi t\u1ed3i t\u1ec7. N\u00f3i c\u00e1ch kh\u00e1c, c\u00f3 nguy c\u01a1 l\u00e0 l\u00fac b\u1ea1n \u0111ang n\u1eb1m h\u1ea5p h\u1ed1i tr\u00ean gi\u01b0\u1eddng, b\u1ea1n s\u1ebd nh\u00ecn l\u1ea1i v\u00e0 nh\u1eadn ra r\u1eb1ng m\u00ecnh \u0111\u00e3 u\u1ed5ng ph\u00ed m\u1ed9t c\u01a1 h\u1ed9i s\u1ed1ng. Thay v\u00ec d\u00e0nh cu\u1ed9c \u0111\u1eddi m\u00ecnh \u0111\u1ec3 theo \u0111u\u1ed5i \u0111i\u1ec1u g\u00ec \u0111\u00f3 th\u1ef1c s\u1ef1 \u0111\u00e1ng gi\u00e1, b\u1ea1n \u0111\u00e3 phung ph\u00ed n\u00f3 khi m\u1eb7c cho b\u1ea3n th\u00e2n b\u1ecb xao l\u00e3ng tr\u01b0\u1edbc v\u00f4 s\u1ed1 th\u1ee9 ph\u00f9 phi\u1ebfm m\u00e0 cu\u1ed9c \u0111\u1eddi \u0111\u01b0a \u0111\u1ebfn.<\/p>\n<p>Gi\u1edd gi\u1ea3 s\u1eed b\u1ea1n \u0111\u00e3 x\u00e1c \u0111\u1ecbnh \u0111\u01b0\u1ee3c m\u1ee5c ti\u00eau l\u1edbn lao trong \u0111\u1eddi m\u00ecnh. V\u00e0 b\u1ea1n c\u0169ng bi\u1ebft r\u00f5 t\u1ea1i sao m\u1ee5c ti\u00eau n\u00e0y l\u1ea1i \u0111\u00e1ng \u0111\u1ec3 ph\u1ea5n \u0111\u1ea5u. D\u00f9 th\u1ebf, b\u1ea1n v\u1eabn c\u00f3 nguy c\u01a1 s\u1ed1ng l\u1ea7m l\u1ea1c. B\u1ea1n c\u00f3 th\u1ec3 s\u1ebd kh\u00f4ng \u0111\u1ea1t \u0111\u01b0\u1ee3c m\u1ee5c ti\u00eau n\u00e0y, nh\u1ea5t l\u00e0 n\u1ebfu kh\u00f4ng c\u00f3 m\u1ed9t chi\u1ebfn l\u01b0\u1ee3c hi\u1ec7u qu\u1ea3. Do \u0111\u00f3, th\u00e0nh ph\u1ea7n th\u1ee9 hai c\u1ee7a m\u1ed9t tri\u1ebft l\u00fd s\u1ed1ng l\u00e0 m\u1ed9t chi\u1ebfn l\u01b0\u1ee3c \u0111\u1ec3 \u0111\u1ea1t \u0111\u01b0\u1ee3c m\u1ee5c ti\u00eau l\u1edbn lao c\u1ee7a b\u1ea1n. Chi\u1ebfn l\u01b0\u1ee3c n\u00e0y s\u1ebd ch\u1ec9 r\u00f5 cho b\u1ea1n ph\u1ea3i l\u00e0m nh\u1eefng g\u00ec trong cu\u1ed9c s\u1ed1ng h\u1eb1ng ng\u00e0y, t\u1eeb \u0111\u00f3 t\u1ed1i \u0111a h\u00f3a kh\u1ea3 n\u0103ng \u0111\u1ea1t \u0111\u01b0\u1ee3c \u0111i\u1ec1u m\u00e0 b\u1ea1n xem l\u00e0 \u0111\u00e1ng gi\u00e1 nh\u1ea5t trong cu\u1ed9c \u0111\u1eddi m\u00ecnh.<\/p>\n<p>Cu\u1ed1n s\u00e1ch n\u00e0y d\u00e0nh cho nh\u1eefng ng\u01b0\u1eddi \u0111ang t\u00ecm ki\u1ebfm m\u1ed9t tri\u1ebft l\u00fd s\u1ed1ng. Trong c\u00e1c trang ti\u1ebfp theo, t\u00f4i s\u1ebd t\u1eadp trung v\u00e0o m\u1ed9t tri\u1ebft l\u00fd m\u00e0 t\u00f4i th\u1ea5y h\u1eefu \u00edch v\u00e0 t\u00f4i ngh\u0129 r\u1eb1ng nhi\u1ec1u \u0111\u1ed9c gi\u1ea3 c\u0169ng s\u1ebd th\u1ea5y nh\u01b0 v\u1eady. \u0110\u00f3 l\u00e0 tri\u1ebft l\u00fd c\u1ee7a tr\u01b0\u1eddng ph\u00e1i Kh\u1eafc k\u1ef7 c\u1ed5 \u0111\u1ea1i. Tuy tri\u1ebft l\u00fd s\u1ed1ng n\u00e0y \u0111\u00e3 l\u00e2u \u0111\u1eddi nh\u01b0ng ng\u00e0y nay n\u00f3 x\u1ee9ng \u0111\u00e1ng nh\u1eadn \u0111\u01b0\u1ee3c s\u1ef1 ch\u00fa \u00fd c\u1ee7a b\u1ea5t k\u1ef3 c\u00e1 nh\u00e2n n\u00e0o mong mu\u1ed1n c\u00f3 \u0111\u01b0\u1ee3c m\u1ed9t cu\u1ed9c s\u1ed1ng v\u1eeba \u00fd ngh\u0129a v\u1eeba tr\u1ecdn v\u1eb9n \u2013 nh\u1eefng ng\u01b0\u1eddi mong mu\u1ed1n c\u00f3 \u0111\u01b0\u1ee3c m\u1ed9t cu\u1ed9c s\u1ed1ng t\u1ed1t \u0111\u1eb9p.<\/p>\n<p>N\u00f3i c\u00e1ch kh\u00e1c, cu\u1ed1n s\u00e1ch n\u00e0y \u0111\u01b0a ra l\u1eddi khuy\u00ean m\u1ecdi ng\u01b0\u1eddi n\u00ean s\u1ed1ng nh\u01b0 th\u1ebf n\u00e0o. \u0110\u00fang h\u01a1n, t\u00f4i s\u1ebd l\u00e0 c\u1ea7u n\u1ed1i mang \u0111\u1ebfn cho b\u1ea1n l\u1eddi khuy\u00ean c\u1ee7a c\u00e1c tri\u1ebft gia Kh\u1eafc k\u1ef7 t\u1eeb hai ng\u00e0n n\u0103m tr\u01b0\u1edbc. \u0110\u00e2y l\u00e0 \u0111i\u1ec1u m\u00e0 c\u00e1c tri\u1ebft gia \u0111\u1ed3ng nghi\u1ec7p c\u1ee7a t\u00f4i th\u01b0\u1eddng mi\u1ec5n c\u01b0\u1ee1ng th\u1ef1c hi\u1ec7n, nh\u01b0ng n\u00f3i \u0111i c\u0169ng ph\u1ea3i n\u00f3i l\u1ea1i, h\u1ecd ch\u1ee7 y\u1ebfu quan t\u00e2m \u0111\u1ebfn \u201ct\u00ednh h\u1ecdc thu\u1eadt\u201d c\u1ee7a tri\u1ebft h\u1ecdc; t\u1ee9c l\u00e0 h\u1ecd chuy\u00ean nghi\u00ean c\u1ee9u v\u1ec1 l\u00fd thuy\u1ebft ho\u1eb7c l\u1ecbch s\u1eed. Ng\u01b0\u1ee3c l\u1ea1i, t\u00f4i quan t\u00e2m \u0111\u1ebfn t\u00ednh th\u1ef1c ti\u1ec5n c\u1ee7a ch\u1ee7 ngh\u0129a Kh\u1eafc k\u1ef7: m\u1ee5c ti\u00eau c\u1ee7a t\u00f4i l\u00e0 \u00e1p d\u1ee5ng tri\u1ebft l\u00fd n\u00e0y v\u00e0o cu\u1ed9c s\u1ed1ng c\u1ee7a m\u00ecnh v\u00e0 khuy\u1ebfn kh\u00edch ng\u01b0\u1eddi kh\u00e1c \u00e1p d\u1ee5ng n\u00f3 v\u00e0o cu\u1ed9c s\u1ed1ng c\u1ee7a h\u1ecd. T\u00f4i cho r\u1eb1ng c\u00e1c tri\u1ebft gia Kh\u1eafc k\u1ef7 c\u1ed5 \u0111\u1ea1i s\u1ebd khuy\u1ebfn kh\u00edch c\u1ea3 hai \u0111\u01b0\u1eddng h\u01b0\u1edbng n\u00e0y, nh\u01b0ng h\u1ecd c\u0169ng s\u1ebd kh\u1eb3ng \u0111\u1ecbnh r\u1eb1ng l\u00fd do ch\u00ednh \u0111\u1ec3 t\u00ecm hi\u1ec3u v\u1ec1 ch\u1ee7 ngh\u0129a Kh\u1eafc k\u1ef7 l\u00e0 nh\u1eb1m \u00e1p d\u1ee5ng n\u00f3 v\u00e0o th\u1ef1c ti\u1ec5n.<\/p>\n<p>\u0110i\u1ec3m n\u1eefa c\u1ea7n hi\u1ec3u r\u00f5 l\u00e0 m\u1eb7c d\u00f9 ch\u1ee7 ngh\u0129a Kh\u1eafc k\u1ef7 l\u00e0 m\u1ed9t tri\u1ebft l\u00fd, nh\u01b0ng n\u00f3 c\u0169ng bao h\u00e0m c\u1ea3 y\u1ebfu t\u1ed1 t\u00e2m l\u00fd. C\u00e1c nh\u00e0 Kh\u1eafc k\u1ef7 nh\u1eadn ra r\u1eb1ng m\u1ed9t cu\u1ed9c s\u1ed1ng \u0111\u1ea7y r\u1eaby c\u1ea3m x\u00fac ti\u00eau c\u1ef1c \u2013 bao g\u1ed3m t\u1ee9c gi\u1eadn, lo l\u1eafng, s\u1ee3 h\u00e3i, \u0111au bu\u1ed3n v\u00e0 ghen t\u1ecb \u2013 kh\u00f4ng ph\u1ea3i l\u00e0 m\u1ed9t cu\u1ed9c s\u1ed1ng t\u1ed1t \u0111\u1eb9p. Do \u0111\u00f3, h\u1ecd tr\u1edf th\u00e0nh nh\u1eefng nh\u00e0 quan s\u00e1t nh\u1ea1y b\u00e9n v\u1ec1 ho\u1ea1t \u0111\u1ed9ng c\u1ee7a t\u00e2m tr\u00ed con ng\u01b0\u1eddi v\u00e0 k\u1ebft qu\u1ea3 l\u00e0 tr\u1edf th\u00e0nh m\u1ed9t s\u1ed1 nh\u00e0 t\u00e2m l\u00fd h\u1ecdc uy\u00ean b\u00e1c nh\u1ea5t th\u1eddi c\u1ed5 \u0111\u1ea1i. H\u1ecd ti\u1ebfp t\u1ee5c ph\u00e1t tri\u1ec3n c\u00e1c k\u1ef9 thu\u1eadt \u0111\u1ec3 ng\u0103n kh\u00f4ng cho c\u00e1c c\u1ea3m x\u00fac ti\u00eau c\u1ef1c xu\u1ea5t hi\u1ec7n v\u00e0 \u0111\u1ec3 d\u1eadp t\u1eaft ch\u00fang khi nh\u1eefng n\u1ed7 l\u1ef1c ng\u0103n ch\u1eb7n th\u1ea5t b\u1ea1i. Ngay c\u1ea3 nh\u1eefng \u0111\u1ed9c gi\u1ea3 kh\u00f4ng tin t\u01b0\u1edfng ph\u01b0\u01a1ng ph\u00e1p suy di\u1ec5n c\u1ee7a tri\u1ebft h\u1ecdc c\u0169ng n\u00ean quan t\u00e2m \u0111\u1ebfn c\u00e1c k\u1ef9 thu\u1eadt n\u00e0y. Suy cho c\u00f9ng, ai l\u1ea1i kh\u00f4ng mu\u1ed1n gi\u1ea3m b\u1edbt s\u1ed1 l\u01b0\u1ee3ng c\u1ea3m x\u00fac ti\u00eau c\u1ef1c trong cu\u1ed9c s\u1ed1ng h\u1eb1ng ng\u00e0y c\u01a1 ch\u1ee9?<\/p>\n","protected":false},"excerpt":{"rendered":"<p>B\u1ea1n mong mu\u1ed1n \u0111i\u1ec1u g\u00ec t\u1eeb cu\u1ed9c s\u1ed1ng n\u00e0y? C\u00f3 th\u1ec3 c\u00e2u tr\u1ea3 l\u1eddi c\u1ee7a b\u1ea1n l\u00e0 mu\u1ed1n c\u00f3 m\u1ed9t ng\u01b0\u1eddi b\u1ea1n \u0111\u1eddi bi\u1ebft quan t\u00e2m, m\u1ed9t c\u00f4ng vi\u1ec7c t\u1ed1t v\u00e0 m\u1ed9t ng\u00f4i nh\u00e0 \u0111\u1eb9p, nh\u01b0ng ch\u00fang th\u1ef1c ra ch\u1ec9 l\u00e0 m\u1ed9t s\u1ed1 th\u1ee9 b\u1ea1n mu\u1ed1n c\u00f3 trong cu\u1ed9c s\u1ed1ng. Khi h\u1ecfi b\u1ea1n mong mu\u1ed1n \u0111i\u1ec1u g\u00ec t\u1eeb cu\u1ed9c s\u1ed1ng n\u00e0y, t\u00f4i \u0111ang h\u1ecfi theo ngh\u0129a r\u1ed9ng nh\u1ea5t. T\u00f4i kh\u00f4ng h\u1ecfi v\u1ec1 nh\u1eefng m\u1ee5c ti\u00eau m\u00e0 b\u1ea1n \u0111\u1ec1 ra khi th\u1ef1c hi\u1ec7n c\u00e1c ho\u1ea1t \u0111\u1ed9ng h\u1eb1ng ng\u00e0y, m\u00e0 t\u00f4i \u0111ang h\u1ecfi v\u1ec1 m\u1ee5c ti\u00eau l\u1edbn lao trong cu\u1ed9c s\u1ed1ng c\u1ee7a b\u1ea1n. N\u00f3i c\u00e1ch kh\u00e1c, trong s\u1ed1 nh\u1eefng th\u1ee9 b\u1ea1n c\u00f3 th\u1ec3 theo \u0111u\u1ed5i trong cu\u1ed9c s\u1ed1ng, th\u1ee9 n\u00e0o b\u1ea1n tin l\u00e0 c\u00f3 gi\u00e1 tr\u1ecb nh\u1ea5t?<\/p>\n<p>Nhi\u1ec1u ng\u01b0\u1eddi s\u1ebd kh\u00f3 l\u00f2ng n\u00eau ra \u0111\u01b0\u1ee3c m\u1ee5c ti\u00eau n\u00e0y. H\u1ecd bi\u1ebft m\u00ecnh mu\u1ed1n g\u00ec trong t\u1eebng ph\u00fat m\u1ed9t ho\u1eb7c th\u1eadm ch\u00ed t\u1eebng th\u1eadp k\u1ef7 m\u1ed9t trong su\u1ed1t cu\u1ed9c \u0111\u1eddi m\u00ecnh, nh\u01b0ng h\u1ecd ch\u01b0a bao gi\u1edd d\u00e0nh th\u1eddi gian \u0111\u1ec3 suy ng\u1eabm v\u1ec1 m\u1ee5c ti\u00eau s\u1ed1ng l\u1edbn lao c\u1ee7a b\u1ea3n th\u00e2n. Chuy\u1ec7n n\u00e0y c\u00f3 l\u1ebd c\u0169ng d\u1ec5 hi\u1ec3u. N\u1ec1n v\u0103n h\u00f3a c\u1ee7a ch\u00fang ta v\u1ed1n kh\u00f4ng khuy\u1ebfn kh\u00edch m\u1ecdi ng\u01b0\u1eddi ngh\u0129 v\u1ec1 nh\u1eefng \u0111i\u1ec1u nh\u01b0 v\u1eady, m\u00e0 ch\u1ec9 t\u1ea1o ra h\u1ebft xao l\u00e3ng n\u00e0y \u0111\u1ebfn xao l\u00e3ng kh\u00e1c, \u0111\u1ec3 ch\u00fang ta kh\u00f4ng bao gi\u1edd ph\u1ea3i b\u1eadn t\u00e2m \u0111\u1ebfn ch\u00fang. Nh\u01b0ng m\u1ed9t m\u1ee5c ti\u00eau l\u1edbn lao trong \u0111\u1eddi l\u00e0 th\u00e0nh ph\u1ea7n \u0111\u1ea7u ti\u00ean c\u1ee7a m\u1ed9t tri\u1ebft l\u00fd s\u1ed1ng. N\u1ebfu b\u1ea1n kh\u00f4ng c\u00f3 m\u1ed9t m\u1ee5c ti\u00eau l\u1edbn lao trong \u0111\u1eddi, t\u1ee9c l\u00e0 b\u1ea1n kh\u00f4ng c\u00f3 m\u1ed9t tri\u1ebft l\u00fd s\u1ed1ng ch\u1eb7t ch\u1ebd.<\/p>\n<p>Nh\u01b0ng t\u1ea1i sao c\u00f3 m\u1ed9t tri\u1ebft l\u00fd s\u1ed1ng l\u1ea1i quan tr\u1ecdng? V\u00ec n\u1ebfu kh\u00f4ng c\u00f3 n\u00f3, b\u1ea1n s\u1ebd c\u00f3 nguy c\u01a1 s\u1ed1ng l\u1ea7m l\u1ea1c \u2013 b\u1ea5t k\u1ec3 b\u1ea1n \u0111\u00e3 l\u00e0m g\u00ec, b\u1ea5t k\u1ec3 m\u1ecdi ni\u1ec1m vui th\u00fa m\u00e0 b\u1ea1n \u0111\u00e3 th\u1ee5 h\u01b0\u1edfng l\u00fac sinh th\u1eddi, chung quy b\u1ea1n v\u1eabn s\u1ebd s\u1ed1ng m\u1ed9t cu\u1ed9c \u0111\u1eddi t\u1ed3i t\u1ec7. N\u00f3i c\u00e1ch kh\u00e1c, c\u00f3 nguy c\u01a1 l\u00e0 l\u00fac b\u1ea1n \u0111ang n\u1eb1m h\u1ea5p h\u1ed1i tr\u00ean gi\u01b0\u1eddng, b\u1ea1n s\u1ebd nh\u00ecn l\u1ea1i v\u00e0 nh\u1eadn ra r\u1eb1ng m\u00ecnh \u0111\u00e3 u\u1ed5ng ph\u00ed m\u1ed9t c\u01a1 h\u1ed9i s\u1ed1ng. Thay v\u00ec d\u00e0nh cu\u1ed9c \u0111\u1eddi m\u00ecnh \u0111\u1ec3 theo \u0111u\u1ed5i \u0111i\u1ec1u g\u00ec \u0111\u00f3 th\u1ef1c s\u1ef1 \u0111\u00e1ng gi\u00e1, b\u1ea1n \u0111\u00e3 phung ph\u00ed n\u00f3 khi m\u1eb7c cho b\u1ea3n th\u00e2n b\u1ecb xao l\u00e3ng tr\u01b0\u1edbc v\u00f4 s\u1ed1 th\u1ee9 ph\u00f9 phi\u1ebfm m\u00e0 cu\u1ed9c \u0111\u1eddi \u0111\u01b0a \u0111\u1ebfn.<\/p>\n<p>Gi\u1edd gi\u1ea3 s\u1eed b\u1ea1n \u0111\u00e3 x\u00e1c \u0111\u1ecbnh \u0111\u01b0\u1ee3c m\u1ee5c ti\u00eau l\u1edbn lao trong \u0111\u1eddi m\u00ecnh. V\u00e0 b\u1ea1n c\u0169ng bi\u1ebft r\u00f5 t\u1ea1i sao m\u1ee5c ti\u00eau n\u00e0y l\u1ea1i \u0111\u00e1ng \u0111\u1ec3 ph\u1ea5n \u0111\u1ea5u. D\u00f9 th\u1ebf, b\u1ea1n v\u1eabn c\u00f3 nguy c\u01a1 s\u1ed1ng l\u1ea7m l\u1ea1c. B\u1ea1n c\u00f3 th\u1ec3 s\u1ebd kh\u00f4ng \u0111\u1ea1t \u0111\u01b0\u1ee3c m\u1ee5c ti\u00eau n\u00e0y, nh\u1ea5t l\u00e0 n\u1ebfu kh\u00f4ng c\u00f3 m\u1ed9t chi\u1ebfn l\u01b0\u1ee3c hi\u1ec7u qu\u1ea3. Do \u0111\u00f3, th\u00e0nh ph\u1ea7n th\u1ee9 hai c\u1ee7a m\u1ed9t tri\u1ebft l\u00fd s\u1ed1ng l\u00e0 m\u1ed9t chi\u1ebfn l\u01b0\u1ee3c \u0111\u1ec3 \u0111\u1ea1t \u0111\u01b0\u1ee3c m\u1ee5c ti\u00eau l\u1edbn lao c\u1ee7a b\u1ea1n. Chi\u1ebfn l\u01b0\u1ee3c n\u00e0y s\u1ebd ch\u1ec9 r\u00f5 cho b\u1ea1n ph\u1ea3i l\u00e0m nh\u1eefng g\u00ec trong cu\u1ed9c s\u1ed1ng h\u1eb1ng ng\u00e0y, t\u1eeb \u0111\u00f3 t\u1ed1i \u0111a h\u00f3a kh\u1ea3 n\u0103ng \u0111\u1ea1t \u0111\u01b0\u1ee3c \u0111i\u1ec1u m\u00e0 b\u1ea1n xem l\u00e0 \u0111\u00e1ng gi\u00e1 nh\u1ea5t trong cu\u1ed9c \u0111\u1eddi m\u00ecnh.<\/p>\n<p>Cu\u1ed1n s\u00e1ch n\u00e0y d\u00e0nh cho nh\u1eefng ng\u01b0\u1eddi \u0111ang t\u00ecm ki\u1ebfm m\u1ed9t tri\u1ebft l\u00fd s\u1ed1ng. Trong c\u00e1c trang ti\u1ebfp theo, t\u00f4i s\u1ebd t\u1eadp trung v\u00e0o m\u1ed9t tri\u1ebft l\u00fd m\u00e0 t\u00f4i th\u1ea5y h\u1eefu \u00edch v\u00e0 t\u00f4i ngh\u0129 r\u1eb1ng nhi\u1ec1u \u0111\u1ed9c gi\u1ea3 c\u0169ng s\u1ebd th\u1ea5y nh\u01b0 v\u1eady. \u0110\u00f3 l\u00e0 tri\u1ebft l\u00fd c\u1ee7a tr\u01b0\u1eddng ph\u00e1i Kh\u1eafc k\u1ef7 c\u1ed5 \u0111\u1ea1i. Tuy tri\u1ebft l\u00fd s\u1ed1ng n\u00e0y \u0111\u00e3 l\u00e2u \u0111\u1eddi nh\u01b0ng ng\u00e0y nay n\u00f3 x\u1ee9ng \u0111\u00e1ng nh\u1eadn \u0111\u01b0\u1ee3c s\u1ef1 ch\u00fa \u00fd c\u1ee7a b\u1ea5t k\u1ef3 c\u00e1 nh\u00e2n n\u00e0o mong mu\u1ed1n c\u00f3 \u0111\u01b0\u1ee3c m\u1ed9t cu\u1ed9c s\u1ed1ng v\u1eeba \u00fd ngh\u0129a v\u1eeba tr\u1ecdn v\u1eb9n \u2013 nh\u1eefng ng\u01b0\u1eddi mong mu\u1ed1n c\u00f3 \u0111\u01b0\u1ee3c m\u1ed9t cu\u1ed9c s\u1ed1ng t\u1ed1t \u0111\u1eb9p.<\/p>\n","protected":false},"featured_media":8367,"template":"","meta":{"_acf_changed":false},"product_brand":[],"product_cat":[18],"product_tag":[],"class_list":{"0":"post-8368","1":"product","2":"type-product","3":"status-publish","4":"has-post-thumbnail","6":"product_cat-kinh-te","8":"first","9":"outofstock","10":"taxable","11":"shipping-taxable","12":"purchasable","13":"product-type-simple"},"supplier_id":null,"supplier_sku":"","barcode":null,"atum_controlled":true,"out_stock_date":"2021-09-12 20:34:39","out_stock_threshold":null,"inheritable":false,"inbound_stock":0,"stock_on_hold":0,"sold_today":0,"sales_last_days":0,"reserved_stock":0,"customer_returns":0,"warehouse_damage":0,"lost_in_post":0,"other_logs":0,"out_stock_days":1599,"lost_sales":2967,"has_location":false,"update_date":"2026-01-28T23:10:42","atum_locations":[],"atum_stock_status":"outofstock","restock_status":false,"low_stock_amount":"","sales_update_date":"2026-01-28T23:10:42","calc_backorders":null,"acf":{"publisher":{"ID":1474,"post_author":"1","post_date":"2021-02-17 01:12:51","post_date_gmt":"2021-02-16 23:12:51","post_content":"","post_title":"Th\u00e1i H\u00e0","post_excerpt":"","post_status":"publish","comment_status":"closed","ping_status":"closed","post_password":"","post_name":"thai-ha","to_ping":"","pinged":"","post_modified":"2021-02-17 01:12:51","post_modified_gmt":"2021-02-16 23:12:51","post_content_filtered":"","post_parent":0,"guid":"https:\/\/sachviet.eu\/nha-phat-hanh\/thai-ha\/","menu_order":0,"post_type":"publisher","post_mime_type":"","comment_count":"0","filter":"raw"}},"_links":{"self":[{"href":"https:\/\/sachviet.eu\/en\/wp-json\/wp\/v2\/product\/8368","targetHints":{"allow":["GET"]}}],"collection":[{"href":"https:\/\/sachviet.eu\/en\/wp-json\/wp\/v2\/product"}],"about":[{"href":"https:\/\/sachviet.eu\/en\/wp-json\/wp\/v2\/types\/product"}],"wp:featuredmedia":[{"embeddable":true,"href":"https:\/\/sachviet.eu\/en\/wp-json\/wp\/v2\/media\/8367"}],"wp:attachment":[{"href":"https:\/\/sachviet.eu\/en\/wp-json\/wp\/v2\/media?parent=8368"}],"wp:term":[{"taxonomy":"product_brand","embeddable":true,"href":"https:\/\/sachviet.eu\/en\/wp-json\/wp\/v2\/product_brand?post=8368"},{"taxonomy":"product_cat","embeddable":true,"href":"https:\/\/sachviet.eu\/en\/wp-json\/wp\/v2\/product_cat?post=8368"},{"taxonomy":"product_tag","embeddable":true,"href":"https:\/\/sachviet.eu\/en\/wp-json\/wp\/v2\/product_tag?post=8368"}],"curies":[{"name":"wp","href":"https:\/\/api.w.org\/{rel}","templated":true}]}}