{"id":8356,"date":"2021-04-28T14:13:48","date_gmt":"2021-04-28T11:13:48","guid":{"rendered":"https:\/\/sachviet.eu\/shop\/hieu-ve-trai-tim\/"},"modified":"2024-01-11T21:00:14","modified_gmt":"2024-01-11T19:00:14","slug":"hieu-ve-trai-tim","status":"publish","type":"product","link":"https:\/\/sachviet.eu\/en\/shop\/hieu-ve-trai-tim\/","title":{"rendered":"Hi\u1ec3u v\u1ec1 tr\u00e1i tim"},"content":{"rendered":"<p>HI\u1ec2U V\u1ec0 TR\u00c1I TIM \u2013 CU\u1ed0N S\u00c1CH M\u1ede C\u1eecA TH\u1ebe GI\u1edaI C\u1ea2M X\u00daC C\u1ee6A M\u1ed6I NG\u01af\u1edcI<\/p>\n<p>\u201cHi\u1ec3u v\u1ec1 tr\u00e1i tim\u201d l\u00e0 m\u1ed9t cu\u1ed1n s\u00e1ch \u0111\u1eb7c bi\u1ec7t \u0111\u01b0\u1ee3c vi\u1ebft b\u1edfi thi\u1ec1n s\u01b0 Minh Ni\u1ec7m. V\u1edbi phong th\u00e1i v\u00e0 l\u1ed1i h\u00e0nh v\u0103n g\u1ea7n g\u0169i v\u1edbi nh\u1eefng sinh ho\u1ea1t c\u1ee7a ng\u01b0\u1eddi Vi\u1ec7t, th\u1ea7y Minh Ni\u1ec7m \u0111\u00e3 th\u1eadt s\u1ef1 th\u1ed5i h\u1ed3n Vi\u1ec7t v\u00e0o cu\u1ed1n s\u00e1ch nh\u1ecf n\u00e0y.<\/p>\n<p>Xu\u1ea5t b\u1ea3n l\u1ea7n \u0111\u1ea7u ti\u00ean v\u00e0o n\u0103m 2011, Hi\u1ec3u V\u1ec1 Tr\u00e1i Tim tr\u00ecnh l\u00e0ng c\u0169ng l\u00fac v\u1edbi k\u1ef7 l\u1ee5c: cu\u1ed1n s\u00e1ch c\u00f3 s\u1ed1 l\u01b0\u1ee3ng in l\u1ea7n \u0111\u1ea7u l\u1edbn nh\u1ea5t: 100.000 b\u1ea3n. Trung t\u00e2m s\u00e1ch k\u1ef7 l\u1ee5c Vi\u1ec7t Nam c\u00f4ng nh\u1eadn k\u1ef3 t\u00edch \u1ea5y nh\u01b0ng \u0111\u1ebfn nay, con s\u1ed1 ph\u00e1t h\u00e0nh c\u1ee7a Hi\u1ec3u v\u1ec1 tr\u00e1i tim v\u1eabn ch\u01b0a c\u00f3 d\u1ea5u hi\u1ec7u ch\u1eadm l\u1ea1i.<\/p>\n<p>L\u00e0 t\u00e1c ph\u1ea9m \u0111\u1ea7u tay c\u1ee7a nh\u00e0 s\u01b0 Minh Ni\u1ec7m, ng\u01b0\u1eddi s\u00e1ng l\u1eadp d\u00f2ng thi\u1ec1n hi\u1ec3u bi\u1ebft (Understanding Meditation), k\u1ebft h\u1ee3p gi\u1eefa t\u01b0 t\u01b0\u1edfng Ph\u1eadt gi\u00e1o \u0110\u1ea1i th\u1eeba v\u00e0 Thi\u1ec1n nguy\u00ean th\u1ee7y Vipassana, nh\u01b0ng Hi\u1ec3u V\u1ec1 Tr\u00e1i Tim kh\u00f4ng ph\u1ea3i t\u00e1c ph\u1ea9m thuy\u1ebft gi\u00e1o v\u1ec1 Ph\u1eadt ph\u00e1p. Cu\u1ed1n s\u00e1ch r\u1ea5t \u201c\u0111\u1eddi\u201d v\u1edbi nh\u1eefng \u01b0u t\u01b0 c\u1ee7a m\u1ed9t ng\u01b0\u1eddi tu nh\u00ecn v\u1ec1 c\u00f5i th\u1ebf. \u1ede \u0111\u00f3, c\u00f3 h\u1ea1nh ph\u00fac, c\u00f3 \u0111au kh\u1ed5, c\u00f3 t\u00ecnh y\u00eau, c\u00f3 c\u00f4 \u0111\u01a1n, c\u00f3 tuy\u1ec7t v\u1ecdng, c\u00f3 l\u01b0\u1eddi bi\u1ebfng, c\u00f3 y\u1ebfu \u0111u\u1ed1i, c\u00f3 bu\u00f4ng x\u1ea3\u2026 Nh\u01b0ng, t\u1ea5t c\u1ea3 nh\u1eefng h\u1ec9 n\u1ed9 \u00e1i \u1ed1 \u1ea5y \u0111\u1ec1u \u0111\u01b0\u1ee3c kho\u00e1c l\u00ean t\u1ea5m \u00e1o m\u1edbi, m\u1ed9t t\u1ea5m \u00e1o tinh khi\u1ebft v\u00e0 xuy\u00ean su\u1ed1t, khi\u1ebfn ng\u01b0\u1eddi \u0111\u1ecdc khi nh\u00ecn v\u00e0o, \u0111\u1ec1u th\u1ea5y m\u1ecdi s\u1ef1 nh\u01b0 nh\u1eb9 nh\u00e0ng h\u01a1n\u2026<\/p>\n<p>Trong d\u00f2ng ch\u1ea3y t\u1ea5t b\u1eadt c\u1ee7a cu\u1ed9c s\u1ed1ng, c\u00f3 bao gi\u1edd ch\u00fang ta d\u1eebng l\u1ea1i v\u00e0 t\u1ef1 h\u1ecfi: T\u1ea1i sao ta gi\u1eadn? T\u1ea1i sao ta bu\u1ed3n? T\u1ea1i sao ta h\u1ea1nh ph\u00fac? T\u1ea1i sao ta c\u00f4 \u0111\u01a1n?&#8230; T\u1ea5t c\u1ea3 nh\u1eefng hi\u1ec7n t\u01b0\u1ee3ng t\u00e2m l\u00fd \u1ea5y kh\u00f4ng ng\u1eebng bi\u1ebfn h\u00f3a trong ta v\u00e0 t\u00e1c \u0111\u1ed9ng l\u00ean \u0111\u1eddi s\u1ed1ng c\u1ee7a ta, nh\u01b0ng ta l\u1ea1i bi\u1ebft r\u1ea5t \u00edt v\u1ec1 ngu\u1ed3n g\u1ed1c v\u00e0 s\u1ef1 v\u1eadn h\u00e0nh c\u1ee7a n\u00f3. Ch\u1ec9 c\u1ea7n m\u1ed9t c\u01a1n gi\u1eadn, hay m\u1ed9t \u00fd ni\u1ec7m nghi ng\u1edd, c\u0169ng c\u00f3 th\u1ec3 qu\u00e9t s\u1ea1ch n\u0103ng l\u01b0\u1ee3ng b\u00ecnh y\u00ean trong ta v\u00e0 khi\u1ebfn ta nh\u00ecn m\u1ecdi th\u1ee9 \u0111\u1ec1u sai l\u1ec7ch. T\u1eeb th\u1ea5t b\u1ea1i n\u00e0y \u0111\u1ebfn \u0111\u1ed5 v\u1ee1 kh\u00e1c m\u00e0 ta kh\u00f4ng l\u00fd gi\u1ea3i n\u1ed5i, ch\u1ec9 bi\u1ebft d\u00f9ng \u00fd ch\u00ed \u0111\u1ec3 t\u1ef1 nh\u1eafc nh\u1edf m\u00ecnh c\u1ed1 g\u1eafng ti\u1ebfn b\u1ed9 h\u01a1n. Cho n\u00ean, hi\u1ec3u v\u1ec1 tr\u00e1i tim ch\u00ednh l\u00e0 nhu c\u1ea7u c\u0103n b\u1ea3n nh\u1ea5t c\u1ee7a con ng\u01b0\u1eddi.<\/p>\n<p>Hi\u1ec3u v\u1ec1 tr\u00e1i tim l\u00e0 th\u00e1i \u0111\u1ed9 tr\u1edf v\u1ec1 ti\u1ebfp nh\u1eadn v\u00e0 l\u00e0m m\u1edbi l\u1ea1i t\u00e2m h\u1ed3n m\u00ecnh. B\u1edfi hi\u1ec3u \u0111\u01b0\u1ee3c ch\u00ednh m\u00ecnh, ta s\u1ebd d\u1ec5 d\u00e0ng hi\u1ec3u \u0111\u01b0\u1ee3c ng\u01b0\u1eddi kh\u00e1c, \u0111\u1ec3 ta c\u00f3 th\u1ec3 th\u01b0\u01a1ng nhau ch\u00e2n th\u1eadt.<\/p>\n<p>Xuy\u00ean su\u1ed1t cu\u1ed1n s\u00e1ch, t\u00e1c gi\u1ea3 \u0111\u00e3 \u0111\u01b0a ra 50 kh\u00e1i ni\u1ec7m trong cu\u1ed9c s\u1ed1ng, 50 b\u00e0i vi\u1ebft t\u00e2m l\u00fd tr\u1ecb li\u1ec7u, \u0111\u01b0\u1ee3c tr\u00ecnh b\u00e0y r\u1ea5t ch\u00e2n ph\u01b0\u01a1ng, d\u1ec5 hi\u1ec3u, th\u1ef1c t\u1ebf, v\u1ed1n d\u0129 r\u1ea5t \u0111\u1eddi th\u01b0\u1eddng nh\u01b0ng n\u1ebfu suy ng\u1eabm m\u1ed9t ch\u00fat ch\u00fang ta s\u1ebd th\u1ea5y th\u1eadt s\u00e2u s\u1eafc nh\u01b0 Kh\u1ed5 \u0111au, H\u1ea1nh ph\u00fac, T\u00ecnh y\u00eau, T\u1ee9c gi\u1eadn, Ghen tu\u00f4ng, \u00cdch k\u1ef7, Tham v\u1ecdng, Th\u00e0nh th\u1eadt, Nghi ng\u1edd, Lo l\u1eafng, Do d\u1ef1, Bu\u00f4ng x\u1ea3, Th\u1ea3nh th\u01a1i, B\u00ecnh y\u00ean, C\u00f4 \u0111\u01a1n, \u00c1i ng\u1eef, L\u1eafng nghe\u2026 \u0110\u00fang nh\u01b0 t\u1ef1a \u0111\u1ec1 s\u00e1ch, s\u00e1ch s\u1ebd gi\u00fap ta hi\u1ec3u v\u1ec1 tr\u00e1i tim, hi\u1ec3u v\u1ec1 nh\u1eefng t\u00e2m tr\u1ea1ng, t\u00ednh c\u00e1ch s\u00e2u th\u1eb3m trong tr\u00e1i tim ta.<\/p>\n<p>L\u00fac sinh th\u1eddi c\u1ed1 Gi\u00e1o s\u01b0, Ti\u1ebfn s\u0129 Tr\u1ea7n V\u0103n Khu\u00ea, c\u00f3 d\u1ecbp ti\u1ebfp c\u1eadn v\u1edbi Hi\u1ec3u V\u1ec1 Tr\u00e1i Tim. \u00d4ng nh\u1eadn x\u00e9t, nh\u01b0 m\u1ed9t cu\u1ed1n s\u00e1ch \u0111\u1ea7u ti\u00ean thu\u1ed9c ch\u1ee7 \u0111\u1ec1 H\u1ea1t Gi\u1ed1ng T\u00e2m H\u1ed3n do m\u1ed9t t\u00e1c gi\u1ea3 Vi\u1ec7t Nam vi\u1ebft, cu\u1ed1n s\u00e1ch s\u1ebd gi\u00fap ng\u01b0\u1eddi \u0111\u1ecdc hi\u1ec3u \u0111\u01b0\u1ee3c c\u1ea3m x\u00fac c\u1ee7a t\u00e2m h\u1ed3n, tr\u00e1i tim c\u1ee7a ch\u00ednh m\u00ecnh v\u00e0 c\u1ee7a ng\u01b0\u1eddi kh\u00e1c. \u0110\u1ec3, t\u1eadn c\u00f9ng l\u00e0 lo\u1ea1i b\u1ecf n\u1ed7i bu\u1ed3n, t\u1ed5n th\u01b0\u01a1ng v\u00e0 t\u00ecm \u0111\u01b0\u1ee3c h\u1ea1nh ph\u00fac trong cu\u1ed9c s\u1ed1ng. C\u00f3 l\u1ebd, v\u00ec \u0111i\u1ec1u n\u00e0y m\u00e0 h\u01a1n 10 n\u0103m qua, Hi\u1ec3u v\u1ec1 tr\u00e1i tim v\u1eabn l\u00e0 cu\u1ed1n s\u00e1ch li\u00ean t\u1ee5c \u0111\u01b0\u1ee3c t\u00e1i b\u1ea3n v\u00e0 ch\u01b0a c\u00f3 d\u1ea5u hi\u1ec7u \u201ch\u1ea1 nhi\u1ec7t\u201d, nhi\u1ec1u n\u0103m tr\u1eddi li\u00ean t\u1ee5c n\u1eb1m trong top s\u00e1ch b\u00e1n ch\u1ea1y nh\u1ea5t t\u1ea1i Vi\u1ec7t Nam.<\/p>\n<p>\u0110\u00e1ng qu\u00fd h\u01a1n, t\u00f2an b\u1ed9 l\u1ee3i nhu\u1eadn thu \u0111\u01b0\u1ee3c t\u1eeb vi\u1ec7c ph\u00e1t h\u00e0nh cu\u1ed1n s\u00e1ch n\u00e0y \u0111\u1ec1u \u0111\u01b0\u1ee3c chuy\u1ec3n v\u1ec1 qu\u1ef9 t\u1eeb thi\u1ec7n c\u00f9ng t\u00ean \u201cHi\u1ec3u v\u1ec1 tr\u00e1i tim\u201d \u0111\u1ec3 gi\u00fap \u0111\u1ee1 tr\u1ebb em c\u00f3 ho\u00e0n c\u1ea3nh kh\u00f3 kh\u0103n, b\u1ea5t h\u1ea1nh t\u1ea1i Vi\u1ec7t Nam. V\u00e0 \u0111\u00e2y c\u0169ng ch\u00ednh l\u00e0 ni\u1ec1m h\u1ea1nh ph\u00fac c\u0169ng nh\u01b0 \u00fd ngh\u0129a nh\u00e2n \u00e1i l\u1edbn nh\u1ea5t m\u00e0 cu\u1ed1n s\u00e1ch \u0111\u00e3 mang l\u1ea1i, \u0111\u1eb7c bi\u1ec7t l\u00e0 khi t\u1ea5t c\u1ea3 h\u00e0nh tr\u00ecnh n\u00e0y c\u00f2n c\u00f3 s\u1ef1 \u0111\u1ed3ng h\u00e0nh v\u00e0 g\u00f3p s\u1ee9c c\u1ee7a h\u00e0ng tr\u0103m ngh\u00ecn b\u1ea3n \u0111\u1ecdc tr\u00ean kh\u1eafp c\u1ea3 n\u01b0\u1edbc Vi\u1ec7t Nam.<\/p>\n<p>Ng\u01b0\u1eddi n\u1ed5i ti\u1ebfng n\u00f3i v\u1ec1 cu\u1ed1n s\u00e1ch:<\/p>\n<p>\u201c\u0110\u1ec3 ch\u1eefa l\u00e0nh nh\u1eefng t\u1ed5n th\u01b0\u01a1ng v\u00e0 n\u1ed5i \u0111au, c\u00e1ch t\u1ed1t nh\u1ee9t v\u00e0 h\u1eefu hi\u1ec7u nh\u1ea5t l\u00e0 c\u1ea7n hi\u1ec3u r\u00f5 \u0111\u01b0\u1ee3c tr\u00e1i tim, t\u00e2m h\u1ed3n c\u1ee7a m\u00ecnh, v\u00e0 c\u1ee7a ng\u01b0\u1eddi kh\u00e1c, cu\u1ed1n s\u00e1ch Hi\u1ec3u v\u1ec1 Tr\u00e1i Tim ch\u00ednh l\u00e0 cu\u1ed1n s\u00e1ch gi\u00fap b\u1ea1n \u0111\u1ecdc l\u00e0m \u0111\u01b0\u1ee3c \u0111i\u1ec1u \u0111\u00f3: Hi\u1ec3u r\u00f5 v\u00e0 ch\u1eefa l\u00e0nh tr\u00e1i tim, t\u00e2m h\u1ed3n c\u1ee7a m\u00ecnh v\u00e0 c\u1ee7a nh\u1eefng ng\u01b0\u1eddi xung quanh, \u0111\u1ec3 m\u1ecdi ng\u01b0\u1eddi c\u00f9ng \u0111\u01b0\u1ee3c s\u1ed1ng trong h\u1ea1nh ph\u00fac v\u00e0 y\u00eau th\u01b0\u01a1ng. V\u1edbi cu\u1ed1n s\u00e1ch n\u00e0y, ch\u00fac b\u1ea1n \u0111\u1ecdc s\u1ebd lu\u00f4n h\u1ea1nh ph\u00fac v\u00e0 kh\u00f4ng bao gi\u1edd ph\u1ea3i s\u1ed1ng v\u1edbi m\u1ed9t tr\u00e1i tim tan v\u1ee1 hay m\u1ed9t t\u00e2m h\u1ed3n t\u1ed5n th\u01b0\u01a1ng\u201d &#8211; Gi\u00e1o s\u01b0 \u2013 Ti\u1ebfn s\u0129 Tr\u1ea7n V\u0103n Kh\u00ea<\/p>\n<p>&#8220;Cu\u1ed1n s\u00e1ch Hi\u1ec3u v\u1ec1 tr\u00e1i tim \u0111\u01b0\u1ee3c vi\u1ebft ra v\u1edbi nh\u1eefng tr\u1ea3i nghi\u1ec7m s\u00e2u s\u1eafc, nh\u1eb1m gi\u00fap con ng\u01b0\u1eddi hi\u1ec3u r\u00f5 v\u00e0 l\u00fd gi\u1ea3i nh\u1eefng c\u1ea3m x\u00fac c\u1ee7a ch\u00ednh m\u00ecnh \u0111\u1ec3 t\u00ecm \u0111\u01b0\u1ee3c s\u1ef1 b\u00ecnh an v\u00e0 h\u1ea1nh ph\u00fac th\u1eadt s\u1ef1\u201d. &#8211; Anh h\u00f9ng Lao \u0111\u1ed9ng, Th\u1ea7y thu\u1ed1c nh\u00e2n d\u00e2n, GS B\u00e1c s\u0129 Nguy\u1ec5n Th\u1ecb Ng\u1ecdc Ph\u01b0\u1ee3ng<\/p>\n<p>&#8220;\u0110\u00e2y ch\u00ednh l\u00e0 con \u0111\u01b0\u1eddng c\u1ee7a \u0111\u1ea1o T\u00e2m, v\u1edbi nh\u1eefng nguy\u00ean t\u1eafc s\u1ed1ng h\u1ea1nh ph\u00fac \u2013 m\u1ed9t th\u1ee9 \u201can l\u1ea1c h\u1ea1nh\u201d \u2013 t\u1eeb nh\u1eefng s\u1ebb chia ch\u00e2n th\u00e0nh c\u1ee7a t\u00e1c gi\u1ea3. Con \u0111\u01b0\u1eddng h\u1ea1nh ph\u00fac \u0111\u00f3 \u0111\u00f2i h\u1ecfi s\u1ef1 kh\u1ed5 luy\u1ec7n, ch\u1ee9ng nghi\u1ec7m qua qu\u00e1n chi\u1ebfu b\u1ea3n th\u00e2n, t\u1eeb \u0111\u00f3 th\u1ea5y bi\u1ebft b\u1ea3n ch\u1ea5t c\u1ee7a kh\u1ed5 \u0111au, phi\u1ec1n n\u00e3o, v\u00e0, v\u01b0\u1ee3t tho\u00e1t\u2026\u201d &#8211; B\u00e1c s\u0129 \u0110\u1ed7 H\u1ed3ng Ng\u1ecdc. Nguy\u00ean Gi\u00e1m \u0110\u1ed1c Trung T\u00e2m Truy\u1ec1n Th\u00f4ng \u2013 Gi\u00e1o D\u1ee5c S\u1ee9c Kho\u1ebb TP.HCM<\/p>\n<p>&#8220;M\u1ed9t cu\u1ed1n s\u00e1ch hay, th\u1ef1c t\u1ebf v\u00e0 r\u1ea5t h\u1eefu \u00edch cho m\u1ecdi ng\u01b0\u1eddi, \u0111\u1eb7c bi\u1ec7t \u0111\u1ed1i v\u1edbi thanh thi\u1ebfu ni\u00ean v\u00e0 c\u00e1c b\u1ea1n tr\u1ebb. N\u1ebfu r\u00e8n luy\u1ec7n \u0111\u01b0\u1ee3c theo nh\u1eefng \u0111i\u1ec1u hay nh\u01b0 th\u1ebf th\u00ec cu\u1ed9c s\u1ed1ng s\u1ebd t\u1ed1t \u0111\u1eb9p h\u01a1n r\u1ea5t nhi\u1ec1u&#8221;. &#8211; T\u1ea1 B\u00edch Loan, Tr\u01b0\u1edfng Ban Thanh thi\u1ebfu ni\u00ean \u0110\u00e0i truy\u1ec1n h\u00ecnh Vi\u1ec7t Nam<\/p>\n<p>&#8220;\u0110\u00e2y l\u00e0 m\u1ed9t cu\u1ed1n s\u00e1ch \u0111\u1eb7c bi\u1ec7t, c\u00f3 t\u00ednh gi\u00e1o d\u1ee5c, t\u1ef1 nh\u1eadn th\u1ee9c cao, \u0111\u01b0\u1ee3c vi\u1ebft t\u1eeb tr\u00e1i tim \u0111\u1ec3 ch\u1eefa l\u00e0nh nh\u1eefng tr\u00e1i tim. M\u1ed9t cu\u1ed1n s\u00e1ch r\u1ea5t \u00fd ngh\u0129a!\u201d. &#8211; Nh\u00e0 b\u00e1o Tr\u1ea7n T\u1eed V\u0103n, Ph\u00f3 T\u1ed5ng bi\u00ean t\u1eadp B\u00e1o C\u00f4ng an TP.HCM<\/p>\n<p>&#8220;Hi\u1ec3u v\u1ec1 tr\u00e1i tim l\u00e0 cu\u1ed1n s\u00e1ch th\u1ee9 180 c\u1ee7a T\u1ee7 s\u00e1ch H\u1ea1t gi\u1ed1ng t\u00e2m h\u1ed3n m\u00e0 First News \u0111\u00e3 xu\u1ea5t b\u1ea3n, nh\u01b0ng \u0111\u00e2y l\u00e0 cu\u1ed1n s\u00e1ch c\u1ee7a m\u1ed9t t\u00e1c gi\u1ea3 Vi\u1ec7t Nam \u0111\u00e3 \u0111\u1ec3 l\u1ea1i trong t\u00f4i nh\u1eefng c\u1ea3m x\u00fac \u0111\u1eb7c bi\u1ec7t nh\u1ea5t. V\u1edbi nh\u1eefng tr\u1ea3i nghi\u1ec7m s\u00e2u s\u1eafc v\u00e0 t\u00e2m huy\u1ebft m\u00e0 t\u00e1c gi\u1ea3 \u0111\u00e3 vi\u1ebft trong 8 n\u0103m ch\u1eafc ch\u1eafn s\u1ebd mang \u0111\u1ebfn cho b\u1ea1n \u0111\u1ecdc nh\u1eefng kh\u00e1m ph\u00e1 m\u1edbi m\u1ebb v\u00e0 th\u00fa v\u1ecb. M\u1ed9t c\u00e1nh c\u1eeda r\u1ed9ng m\u1edf \u0111ang ch\u1edd \u0111\u00f3n b\u1ea1n\u201d. &#8211; Nguy\u1ec5n V\u0103n Ph\u01b0\u1edbc, Gi\u00e1m \u0111\u1ed1c First News &#8211; Tr\u00ed Vi\u1ec7t<\/p>\n<p>B\u00e1o ch\u00ed n\u00f3i g\u00ec v\u1ec1 \u201cHi\u1ec3u v\u1ec1 tr\u00e1i tim\u201d:<\/p>\n<p>\u201c&#8217;Hi\u1ec3u v\u1ec1 tr\u00e1i tim&#8217; l\u00e0 m\u1ed9t cu\u1ed1n s\u00e1ch \u0111\u1eb7c bi\u1ec7t, \u0111\u01b0\u1ee3c vi\u1ebft n\u00ean t\u1eeb t\u00e2m huy\u1ebft c\u1ee7a m\u1ed9t nh\u00e0 thi\u1ec1n s\u01b0 mang t\u00ean Minh Ni\u1ec7m. \u0110\u00e3 bao gi\u1edd gi\u1eefa cu\u1ed9c \u0111\u1eddi h\u1ed1i h\u1ea3, b\u1ea1n ch\u1ee3t d\u1eebng l\u1ea1i v\u00e0 t\u1ef1 h\u1ecfi m\u00ecnh r\u1eb1ng &#8216; h\u1ea1nh ph\u00fac l\u00e0 g\u00ec?&#8217; , &#8221; kh\u1ed5 \u0111au l\u00e0 g\u00ec?&#8217; hay ch\u01b0a? V\u00e2ng, cu\u1ed1n s\u00e1ch n\u00e0y s\u1ebd gi\u1ea3i \u0111\u00e1p cho b\u1ea1n t\u1ea5t c\u1ea3 nh\u1eefng b\u0103n kho\u0103n \u0111\u00f3.\u201d \u2013 baomoi.vn<\/p>\n<p>V\u1ec1 t\u00e1c gi\u1ea3:<\/p>\n<p>Sinh t\u1ea1i Ch\u00e2u Th\u00e0nh, Ti\u1ec1n Giang, xu\u1ea5t gia t\u1ea1i Ph\u1eadt H\u1ecdc Vi\u1ec7n Hu\u1ec7 Nghi\u00eam \u2013 S\u00e0i G\u00f2n, Minh Ni\u1ec7m t\u1eebng th\u1ecd gi\u00e1o thi\u1ec1n s\u01b0 Th\u00edch Nh\u1ea5t H\u1ea1nh t\u1ea1i Ph\u00e1p v\u00e0 thi\u1ec1n s\u01b0 Tejaniya t\u1ea1i M\u1ef9. K\u1ebft qu\u1ea3 sau qu\u00e1 tr\u00ecnh tu t\u1eadp, l\u0129nh h\u1ed9i ki\u1ebfn th\u1ee9c\u2026 \u00d4ng quy\u1ebft \u0111\u1ecbnh ch\u1ecdn con \u0111\u01b0\u1eddng h\u01b0\u1edbng d\u1eabn thi\u1ec1n v\u00e0 khai tri\u1ec3n t\u00e2m l\u00fd tr\u1ecb li\u1ec7u cho gi\u1edbi tr\u1ebb l\u00e0m Ph\u1eadt s\u1ef1 c\u1ee7a m\u00ecnh. Ti\u1ebfp c\u1eadn v\u1edbi nhi\u1ec1u ng\u01b0\u1eddi tr\u1ebb, l\u1eafng nghe th\u1ebf gi\u1edbi quan c\u1ee7a h\u1ecd v\u00e0 quan s\u00e1t nh\u1eefng \u0111\u1ed5i thay trong \u0111\u1eddi s\u1ed1ng hi\u1ec7n \u0111\u1ea1i, \u00f4ng ph\u00e1t hi\u1ec7n c\u00f3 r\u1ea5t nhi\u1ec1u v\u1ea5n \u0111\u1ec1 c\u1ee7a cu\u1ed9c s\u1ed1ng. Nh\u01b0ng, t\u1ea5t c\u1ea3, ch\u1ec9 xu\u1ea5t ph\u00e1t t\u1eeb m\u1ed9t nguy\u00ean nh\u00e2n: Ch\u00fang ta ch\u01b0a hi\u1ec3u, v\u00e0 ch\u01b0a hi\u1ec3u \u0111\u00fang v\u1ec1 tr\u00e1i tim m\u00ecnh l\u00e0 ch\u01b0a c\u01a1 ch\u1ebf v\u1eadn \u0111\u1ed9ng c\u1ee7a nh\u1eefng h\u1ec9, n\u1ed9, \u00e1i, \u1ed1 trong m\u1ed7i con ng\u01b0\u1eddi.<\/p>\n<p>\u201cT\u00f4i \u0111\u00e3 t\u1eebng quy\u1ebft l\u00f2ng ra \u0111i t\u00ecm h\u1ea1nh ph\u00fac ch\u00e2n th\u1eadt. D\u00f9 th\u1eddi \u0111i\u1ec3m \u1ea5y, \u00fd ni\u1ec7m v\u1ec1 h\u1ea1nh ph\u00fac ch\u00e2n th\u1eadt trong t\u00f4i r\u1ea5t m\u01a1 h\u1ed3 nh\u01b0ng t\u00f4i v\u1eabn tin r\u1eb1ng n\u00f3 c\u00f3 th\u1eadt v\u00e0 lu\u00f4n hi\u1ec7n h\u1eefu trong th\u1ef1c t\u1ea1i. H\u01a1n m\u01b0\u1eddi n\u0103m sau, t\u00f4i m\u1edbi th\u1ea5y con \u0111\u01b0\u1eddng. V\u00e0 c\u0169ng ch\u1eebng \u1ea5y n\u0103m n\u1eefa, t\u00f4i m\u1edbi t\u1ef1 tin \u0111\u1eb7t b\u00fat vi\u1ebft v\u1ec1 nh\u1eefng \u0111i\u1ec1u m\u00ecnh \u0111\u00e3 kh\u00e1m ph\u00e1 v\u00e0 tr\u1ea3i nghi\u1ec7m\u2026\u201d, t\u00e1c gi\u1ea3 chia s\u1ebb.<\/p>\n","protected":false},"excerpt":{"rendered":"<p>\u201cHi\u1ec3u v\u1ec1 tr\u00e1i tim\u201d l\u00e0 m\u1ed9t cu\u1ed1n s\u00e1ch \u0111\u1eb7c bi\u1ec7t \u0111\u01b0\u1ee3c vi\u1ebft b\u1edfi thi\u1ec1n s\u01b0 Minh Ni\u1ec7m. V\u1edbi phong th\u00e1i v\u00e0 l\u1ed1i h\u00e0nh v\u0103n g\u1ea7n g\u0169i v\u1edbi nh\u1eefng sinh ho\u1ea1t c\u1ee7a ng\u01b0\u1eddi Vi\u1ec7t, th\u1ea7y Minh Ni\u1ec7m \u0111\u00e3 th\u1eadt s\u1ef1 th\u1ed5i h\u1ed3n Vi\u1ec7t v\u00e0o cu\u1ed1n s\u00e1ch nh\u1ecf n\u00e0y.<\/p>\n<p>Xu\u1ea5t b\u1ea3n l\u1ea7n \u0111\u1ea7u ti\u00ean v\u00e0o n\u0103m 2011, Hi\u1ec3u V\u1ec1 Tr\u00e1i Tim tr\u00ecnh l\u00e0ng c\u0169ng l\u00fac v\u1edbi k\u1ef7 l\u1ee5c: cu\u1ed1n s\u00e1ch c\u00f3 s\u1ed1 l\u01b0\u1ee3ng in l\u1ea7n \u0111\u1ea7u l\u1edbn nh\u1ea5t: 100.000 b\u1ea3n. Trung t\u00e2m s\u00e1ch k\u1ef7 l\u1ee5c Vi\u1ec7t Nam c\u00f4ng nh\u1eadn k\u1ef3 t\u00edch \u1ea5y nh\u01b0ng \u0111\u1ebfn nay, con s\u1ed1 ph\u00e1t h\u00e0nh c\u1ee7a Hi\u1ec3u v\u1ec1 tr\u00e1i tim v\u1eabn ch\u01b0a c\u00f3 d\u1ea5u hi\u1ec7u ch\u1eadm l\u1ea1i.<\/p>\n<p>L\u00e0 t\u00e1c ph\u1ea9m \u0111\u1ea7u tay c\u1ee7a nh\u00e0 s\u01b0 Minh Ni\u1ec7m, ng\u01b0\u1eddi s\u00e1ng l\u1eadp d\u00f2ng thi\u1ec1n hi\u1ec3u bi\u1ebft (Understanding Meditation), k\u1ebft h\u1ee3p gi\u1eefa t\u01b0 t\u01b0\u1edfng Ph\u1eadt gi\u00e1o \u0110\u1ea1i th\u1eeba v\u00e0 Thi\u1ec1n nguy\u00ean th\u1ee7y Vipassana, nh\u01b0ng Hi\u1ec3u V\u1ec1 Tr\u00e1i Tim kh\u00f4ng ph\u1ea3i t\u00e1c ph\u1ea9m thuy\u1ebft gi\u00e1o v\u1ec1 Ph\u1eadt ph\u00e1p. Cu\u1ed1n s\u00e1ch r\u1ea5t \u201c\u0111\u1eddi\u201d v\u1edbi nh\u1eefng \u01b0u t\u01b0 c\u1ee7a m\u1ed9t ng\u01b0\u1eddi tu nh\u00ecn v\u1ec1 c\u00f5i th\u1ebf. \u1ede \u0111\u00f3, c\u00f3 h\u1ea1nh ph\u00fac, c\u00f3 \u0111au kh\u1ed5, c\u00f3 t\u00ecnh y\u00eau, c\u00f3 c\u00f4 \u0111\u01a1n, c\u00f3 tuy\u1ec7t v\u1ecdng, c\u00f3 l\u01b0\u1eddi bi\u1ebfng, c\u00f3 y\u1ebfu \u0111u\u1ed1i, c\u00f3 bu\u00f4ng x\u1ea3\u2026 Nh\u01b0ng, t\u1ea5t c\u1ea3 nh\u1eefng h\u1ec9 n\u1ed9 \u00e1i \u1ed1 \u1ea5y \u0111\u1ec1u \u0111\u01b0\u1ee3c kho\u00e1c l\u00ean t\u1ea5m \u00e1o m\u1edbi, m\u1ed9t t\u1ea5m \u00e1o tinh khi\u1ebft v\u00e0 xuy\u00ean su\u1ed1t, khi\u1ebfn ng\u01b0\u1eddi \u0111\u1ecdc khi nh\u00ecn v\u00e0o, \u0111\u1ec1u th\u1ea5y m\u1ecdi s\u1ef1 nh\u01b0 nh\u1eb9 nh\u00e0ng h\u01a1n\u2026<\/p>\n<p>Trong d\u00f2ng ch\u1ea3y t\u1ea5t b\u1eadt c\u1ee7a cu\u1ed9c s\u1ed1ng, c\u00f3 bao gi\u1edd ch\u00fang ta d\u1eebng l\u1ea1i v\u00e0 t\u1ef1 h\u1ecfi: T\u1ea1i sao ta gi\u1eadn? T\u1ea1i sao ta bu\u1ed3n? T\u1ea1i sao ta h\u1ea1nh ph\u00fac? T\u1ea1i sao ta c\u00f4 \u0111\u01a1n?&#8230; T\u1ea5t c\u1ea3 nh\u1eefng hi\u1ec7n t\u01b0\u1ee3ng t\u00e2m l\u00fd \u1ea5y kh\u00f4ng ng\u1eebng bi\u1ebfn h\u00f3a trong ta v\u00e0 t\u00e1c \u0111\u1ed9ng l\u00ean \u0111\u1eddi s\u1ed1ng c\u1ee7a ta, nh\u01b0ng ta l\u1ea1i bi\u1ebft r\u1ea5t \u00edt v\u1ec1 ngu\u1ed3n g\u1ed1c v\u00e0 s\u1ef1 v\u1eadn h\u00e0nh c\u1ee7a n\u00f3. Ch\u1ec9 c\u1ea7n m\u1ed9t c\u01a1n gi\u1eadn, hay m\u1ed9t \u00fd ni\u1ec7m nghi ng\u1edd, c\u0169ng c\u00f3 th\u1ec3 qu\u00e9t s\u1ea1ch n\u0103ng l\u01b0\u1ee3ng b\u00ecnh y\u00ean trong ta v\u00e0 khi\u1ebfn ta nh\u00ecn m\u1ecdi th\u1ee9 \u0111\u1ec1u sai l\u1ec7ch. T\u1eeb th\u1ea5t b\u1ea1i n\u00e0y \u0111\u1ebfn \u0111\u1ed5 v\u1ee1 kh\u00e1c m\u00e0 ta kh\u00f4ng l\u00fd gi\u1ea3i n\u1ed5i, ch\u1ec9 bi\u1ebft d\u00f9ng \u00fd ch\u00ed \u0111\u1ec3 t\u1ef1 nh\u1eafc nh\u1edf m\u00ecnh c\u1ed1 g\u1eafng ti\u1ebfn b\u1ed9 h\u01a1n. Cho n\u00ean, hi\u1ec3u v\u1ec1 tr\u00e1i tim ch\u00ednh l\u00e0 nhu c\u1ea7u c\u0103n b\u1ea3n nh\u1ea5t c\u1ee7a con ng\u01b0\u1eddi.<\/p>\n","protected":false},"featured_media":8354,"template":"","meta":{"_acf_changed":false},"product_brand":[],"product_cat":[15,46],"product_tag":[83],"class_list":{"0":"post-8356","1":"product","2":"type-product","3":"status-publish","4":"has-post-thumbnail","6":"product_cat-sach-danh-cho-nguoi-lon","7":"product_cat-ky-nang-song","8":"product_tag-sach-moi-xuat-ban","10":"first","11":"outofstock","12":"taxable","13":"shipping-taxable","14":"purchasable","15":"product-type-simple"},"supplier_id":null,"supplier_sku":"","barcode":null,"atum_controlled":true,"out_stock_date":"2024-01-11 19:00:14","out_stock_threshold":null,"inheritable":false,"inbound_stock":0,"stock_on_hold":0,"sold_today":0,"sales_last_days":0,"reserved_stock":1,"customer_returns":0,"warehouse_damage":0,"lost_in_post":0,"other_logs":0,"out_stock_days":748,"lost_sales":0,"has_location":false,"update_date":"2026-01-28T23:10:42","atum_locations":[],"atum_stock_status":"outofstock","restock_status":false,"low_stock_amount":"","sales_update_date":"2026-01-28T23:10:42","calc_backorders":null,"acf":{"publisher":{"ID":6196,"post_author":"1","post_date":"2021-03-15 01:26:01","post_date_gmt":"2021-03-14 23:26:01","post_content":"","post_title":"FIRST NEWS","post_excerpt":"","post_status":"publish","comment_status":"closed","ping_status":"closed","post_password":"","post_name":"first-news","to_ping":"","pinged":"","post_modified":"2021-03-15 01:26:01","post_modified_gmt":"2021-03-14 23:26:01","post_content_filtered":"","post_parent":0,"guid":"https:\/\/sachviet.eu\/blog\/nha-phat-hanh\/first-news\/","menu_order":0,"post_type":"publisher","post_mime_type":"","comment_count":"0","filter":"raw"}},"_links":{"self":[{"href":"https:\/\/sachviet.eu\/en\/wp-json\/wp\/v2\/product\/8356","targetHints":{"allow":["GET"]}}],"collection":[{"href":"https:\/\/sachviet.eu\/en\/wp-json\/wp\/v2\/product"}],"about":[{"href":"https:\/\/sachviet.eu\/en\/wp-json\/wp\/v2\/types\/product"}],"wp:featuredmedia":[{"embeddable":true,"href":"https:\/\/sachviet.eu\/en\/wp-json\/wp\/v2\/media\/8354"}],"wp:attachment":[{"href":"https:\/\/sachviet.eu\/en\/wp-json\/wp\/v2\/media?parent=8356"}],"wp:term":[{"taxonomy":"product_brand","embeddable":true,"href":"https:\/\/sachviet.eu\/en\/wp-json\/wp\/v2\/product_brand?post=8356"},{"taxonomy":"product_cat","embeddable":true,"href":"https:\/\/sachviet.eu\/en\/wp-json\/wp\/v2\/product_cat?post=8356"},{"taxonomy":"product_tag","embeddable":true,"href":"https:\/\/sachviet.eu\/en\/wp-json\/wp\/v2\/product_tag?post=8356"}],"curies":[{"name":"wp","href":"https:\/\/api.w.org\/{rel}","templated":true}]}}