{"id":8353,"date":"2021-04-28T14:13:37","date_gmt":"2021-04-28T11:13:37","guid":{"rendered":"https:\/\/sachviet.eu\/shop\/nguoi-hoa-tien\/"},"modified":"2021-06-04T01:07:46","modified_gmt":"2021-06-03T22:07:46","slug":"nguoi-hoa-tien","status":"publish","type":"product","link":"https:\/\/sachviet.eu\/en\/shop\/nguoi-hoa-tien\/","title":{"rendered":"Ng\u01b0\u1eddi h\u1ecfa ti\u1ec5n"},"content":{"rendered":"<p>CHUY\u1ebeN DU H\u00c0NH C\u1ea2M T\u1eec C\u1ee6A BA PHI H\u00c0NH GIA \u0110\u1ea6U TI\u00caN BAY L\u00caN M\u1eb6T TR\u0102NG<\/p>\n<p>21\/12\/1968 \u2013 B\u1ed1n ng\u00e0y tr\u01b0\u1edbc Gi\u00e1ng sinh<\/p>\n<p>Ba phi h\u00e0nh \u0111\u01b0\u1ee3c nai n\u1ecbt an to\u00e0n ng\u1ed3i b\u00ean trong m\u1ed9t con t\u00e0u v\u0169 tr\u1ee5 nh\u1ecf \u1edf \u0111\u1ed9 cao b\u1eb1ng t\u00f2a nh\u00e0 36 t\u1ea7ng, ch\u1edd \u0111\u1ee3i nh\u1eefng th\u1eddi kh\u1eafc \u0111\u1ebfm ng\u01b0\u1ee3c cu\u1ed1i c\u00f9ng. H\u1ecd \u0111ang \u1edf tr\u00ean \u0111\u1ec9nh c\u1ee7a m\u1ed9t c\u1ed7 m\u00e1y m\u1ea1nh nh\u1ea5t t\u1eebng \u0111\u01b0\u1ee3c ch\u1ebf t\u1ea1o.<\/p>\n<p>T\u00ean l\u1eeda Saturn V l\u00e0 vi\u00ean ng\u1ecdc qu\u00fd c\u1ee7a C\u01a1 quan H\u00e0ng kh\u00f4ng v\u00e0 V\u0169 tr\u1ee5 M\u1ef9 NASA, m\u1ed9t ph\u01b0\u01a1ng ti\u1ec7n c\u00f3 th\u1ec3 t\u1ea1o ra n\u0103ng l\u01b0\u1ee3ng ngang m\u1ed9t qu\u1ea3 bom nguy\u00ean t\u1eed lo\u1ea1i nh\u1ecf. Nh\u01b0ng n\u00f3 ch\u01b0a t\u1eebng ch\u1edf ng\u01b0\u1eddi v\u00e0 m\u1edbi tr\u1ea3i qua hai l\u1ea7n th\u1eed nghi\u1ec7m, l\u1ea7n g\u1ea7n nh\u1ea5t v\u00e0o t\u00e1m th\u00e1ng tr\u01b0\u1edbc \u0111\u00f3 l\u1ea1i th\u1ea5t b\u1ea1i th\u1ea3m h\u1ea1i. Ba phi h\u00e0nh gia n\u00e0y kh\u00f4ng \u0111\u01a1n thu\u1ea7n l\u00e0 bay v\u00e0o qu\u1ef9 \u0111\u1ea1o Tr\u00e1i \u0110\u1ea5t, hay th\u1eadm ch\u00ed l\u00e0 v\u01b0\u1ee3t qua \u0111\u1ed9 cao k\u1ef7 l\u1ee5c 1.373 km t\u1eebng \u0111\u01b0\u1ee3c x\u00e1c l\u1eadp. H\u1ecd d\u1ef1 \u0111\u1ecbnh v\u01b0\u1ee3t qua g\u1ea7n 400.000 km \u0111\u1ec3 t\u1edbi n\u01a1i m\u00e0 ch\u01b0a ai t\u1eebng \u0111\u1eb7t ch\u00e2n \u0111\u1ebfn. H\u1ecd mu\u1ed1n l\u00ean M\u1eb7t Tr\u0103ng.<\/p>\n<p>D\u01b0\u1edbi ch\u00e2n h\u1ecd, n\u01b0\u1edbc M\u1ef9 \u0111ang lao \u0111ao. N\u0103m 1968 ch\u1ee9ng ki\u1ebfn nh\u1eefng v\u1ee5 m\u01b0u s\u00e1t, chi\u1ebfn tranh, bi\u1ec3u t\u00ecnh v\u00e0 b\u1ea5t \u1ed5n ch\u00ednh tr\u1ecb ch\u01b0a t\u1eebng c\u00f3 trong l\u1ecbch s\u1eed \u0111\u1ea5t n\u01b0\u1edbc, t\u1eeb hai v\u1ee5 \u00e1m s\u00e1t Martin Luther King Jr v\u00e0 Robert Kennedy cho \u0111\u1ebfn c\u00e1c cu\u1ed9c b\u1ea1o \u0111\u1ed9ng \u1edf Chicago v\u00e0 s\u1ef1 sa l\u1ea7y trong Chi\u1ebfn tranh Vi\u1ec7t Nam. V\u00ec l\u1ebd \u1ea5y, t\u1ea1p ch\u00ed Time \u0111\u00e3 vinh danh Nh\u00e2n v\u1eadt c\u1ee7a n\u0103m l\u00e0 THE DISSENTER (K\u1eba B\u1ea4T \u0110\u1ed2NG).<\/p>\n<p>Khi th\u1eddi gian \u0111\u1ebfm ng\u01b0\u1ee3c b\u1eaft \u0111\u1ea7u, m\u1ed9t s\u1ed1 k\u1ef9 s\u01b0 v\u00e0 nh\u00e0 khoa h\u1ecdc NASA \u0111\u00e3 t\u1ef1 h\u1ecfi li\u1ec7u phi h\u00e0nh \u0111o\u00e0n c\u00f3 th\u1ec3 tr\u1edf v\u1ec1 hay kh\u00f4ng. Ngay b\u1ea3n th\u00e2n c\u00e1c phi h\u00e0nh gia c\u0169ng hi\u1ec3u r\u00f5 c\u01a1 h\u1ed9i s\u1ed1ng s\u00f3t c\u1ee7a m\u00ecnh trong chuy\u1ebfn bay \u0111\u1ea7y m\u1ea1o hi\u1ec3m n\u00e0y, \u0111\u1ed9 r\u1ee7i ro cao h\u01a1n b\u1ea5t c\u1ee9 n\u1ed7 l\u1ef1c n\u00e0o m\u00e0 NASA t\u1eebng th\u1ef1c hi\u1ec7n. M\u1ed9t ng\u01b0\u1eddi th\u1eadm ch\u00ed c\u00f2n ghi \u00e2m l\u1eddi t\u1eeb bi\u1ec7t sau cu\u1ed1i v\u1edbi v\u1ee3, s\u1ebd \u0111\u01b0\u1ee3c ph\u00e1t ph\u00f2ng khi kh\u00f4ng th\u1ec3 quay v\u1ec1.<\/p>\n<p>V\u00e0o th\u00e1ng 8 n\u0103m \u0111\u00f3, s\u1ee9 m\u1ec7nh n\u00e0y c\u00f2n ch\u01b0a t\u1ed3n t\u1ea1i. Th\u1ebf m\u00e0 b\u1ed7ng ch\u1ed1c m\u1ecdi th\u1ee9 c\u1ea7n thi\u1ebft cho k\u1ebf ho\u1ea1ch \u2013 t\u1eeb hu\u1ea5n luy\u1ec7n, ph\u00e2n t\u00edch, t\u00ednh to\u00e1n, cho t\u1edbi v\u1eadn \u0111\u1ed9ng ch\u00ednh tr\u1ecb \u2013 \u0111\u1ec1u \u0111\u01b0\u1ee3c t\u1ee9c t\u1ed1c ti\u1ebfn h\u00e0nh trong kho\u1ea3ng th\u1eddi gian ng\u1eafn h\u01a1n th\u01b0\u1eddng l\u1ec7 r\u1ea5t nhi\u1ec1u. N\u1ebfu c\u00f3 b\u1ea5t c\u1ee9 bi\u1ebfn c\u1ed1 n\u00e0o, b\u00faa r\u00ecu c\u1ee7a d\u01b0 lu\u1eadn x\u00e3 h\u1ed9i v\u00e0 c\u1ea3 ch\u00ednh ph\u1ee7 M\u1ef9 h\u1eb3n \u0111\u1ec1u s\u1ebd ch\u0129a v\u1ec1 ph\u00eda NASA. Vi\u1ec7c phi h\u00e0nh \u0111o\u00e0n c\u00f3 tr\u1edf v\u1ec1 an to\u00e0n hay kh\u00f4ng s\u1ebd \u0111\u1ecbnh \u0111o\u1ea1t s\u1ed1 ph\u1eadn c\u1ee7a to\u00e0n b\u1ed9 ch\u01b0\u01a1ng tr\u00ecnh kh\u00f4ng gian n\u00e0y.<\/p>\n<p>Khi th\u1eddi \u0111i\u1ec3m ph\u00f3ng \u0111\u00e3 g\u1ea7n k\u1ec1, m\u1ed9t phi h\u00e0nh gia ph\u00e1t hi\u1ec7n m\u1ed9t con ong b\u1eafp c\u00e0y \u0111ang x\u00e2y t\u1ed5 ngay b\u00ean ngo\u00e0i m\u1ed9t c\u1eeda s\u1ed5 nh\u1ecf c\u1ee7a t\u00e0u. Ch\u00fa ong v\u1eabn c\u1ea7n m\u1eabn nh\u00e0o n\u1eb7n ng\u00f4i nh\u00e0 m\u1edbi c\u1ee7a m\u00ecnh. Phi h\u00e0nh gia n\u00e0y ch\u1ee3t ngh\u0129: \u201cCh\u00fa m\u00e0y ch\u1eafc ch\u1eafn s\u1ebd r\u1ea5t b\u1ea5t ng\u1edd \u0111\u00f3.\u201d<\/p>\n<p>Kh\u00ed n\u00f3ng b\u1eaft \u0111\u1ea7u ph\u1ee5t ra t\u1eeb quanh b\u1ec7 c\u1ee7a t\u00ean l\u1eeda kh\u1ed5ng l\u1ed3. Ch\u01b0a \u0111\u1ea7y m\u1ed9t ph\u00fat n\u1eefa, n\u00f3 s\u1ebd ph\u00f3ng l\u00ean kh\u00f4ng trung. Khi \u0111\u1ed1t, n\u0103m \u0111\u1ed9ng c\u01a1 c\u1ee7a t\u1ea7ng m\u1ed9t s\u1ebd t\u1ea1o ra c\u00f4ng su\u1ea5t t\u1ed5ng c\u1ed9ng kho\u1ea3ng 120 t\u1ef7 watt. Trong v\u00e0i gi\u00e2y cu\u1ed1i c\u00f9ng, m\u1ed9t c\u01a1n b\u00e3o l\u1eeda b\u1eafn ra m\u1ecdi ph\u00eda. D\u01b0\u1edbi ch\u00e2n c\u00e1c phi h\u00e0nh gia, kh\u00f4ng ch\u1ec9 b\u00e3i ph\u00f3ng m\u00e0 c\u1ea3 th\u1ebf gi\u1edbi c\u0169ng \u0111ang b\u1eaft \u0111\u1ea7u rung chuy\u1ec3n.<\/p>\n<p>B\u1eb1ng gi\u1ecdng v\u0103n k\u1ec3 chuy\u1ec7n l\u00f4i cu\u1ed1n v\u00e0 c\u1ea5u tr\u00fac m\u1ea1ch l\u1ea1c, Ng\u01b0\u1eddi H\u1ecfa Ti\u1ec5n c\u1ee7a Robert Kurson s\u1ebd d\u1eabn ng\u01b0\u1eddi \u0111\u1ecdc \u0111i qua nh\u1eefng con \u0111\u01b0\u1eddng v\u00e0 chi\u1ebfn l\u01b0\u1ee3c m\u00e0 NASA \u0111\u00e3 d\u00f9ng \u0111\u1ec3 ph\u00f3ng Apollo 8 l\u00ean M\u1eb7t Tr\u0103ng c\u00f9ng nh\u1eefng hi\u1ec3m nguy m\u00e0 c\u00e1c phi h\u00e0nh gia c\u1ee7a s\u1ee9 m\u1ec7nh n\u00e0y tr\u1ea3i qua trong h\u00e0nh tr\u00ecnh kh\u00e1m ph\u00e1 b\u1ea1n \u0111\u1ed3ng h\u00e0nh xa x\u01b0a nh\u1ea5t c\u1ee7a Tr\u00e1i \u0110\u1ea5t.<\/p>\n","protected":false},"excerpt":{"rendered":"<p>CHUY\u1ebeN DU H\u00c0NH C\u1ea2M T\u1eec C\u1ee6A BA PHI H\u00c0NH GIA \u0110\u1ea6U TI\u00caN BAY L\u00caN M\u1eb6T TR\u0102NG<br \/>\n21\/12\/1968 \u2013 B\u1ed1n ng\u00e0y tr\u01b0\u1edbc Gi\u00e1ng sinh<\/p>\n<p>Ba phi h\u00e0nh \u0111\u01b0\u1ee3c nai n\u1ecbt an to\u00e0n ng\u1ed3i b\u00ean trong m\u1ed9t con t\u00e0u v\u0169 tr\u1ee5 nh\u1ecf \u1edf \u0111\u1ed9 cao b\u1eb1ng t\u00f2a nh\u00e0 36 t\u1ea7ng, ch\u1edd \u0111\u1ee3i nh\u1eefng th\u1eddi kh\u1eafc \u0111\u1ebfm ng\u01b0\u1ee3c cu\u1ed1i c\u00f9ng. H\u1ecd \u0111ang \u1edf tr\u00ean \u0111\u1ec9nh c\u1ee7a m\u1ed9t c\u1ed7 m\u00e1y m\u1ea1nh nh\u1ea5t t\u1eebng \u0111\u01b0\u1ee3c ch\u1ebf t\u1ea1o.<\/p>\n<p>T\u00ean l\u1eeda Saturn V l\u00e0 vi\u00ean ng\u1ecdc qu\u00fd c\u1ee7a C\u01a1 quan H\u00e0ng kh\u00f4ng v\u00e0 V\u0169 tr\u1ee5 M\u1ef9 NASA, m\u1ed9t ph\u01b0\u01a1ng ti\u1ec7n c\u00f3 th\u1ec3 t\u1ea1o ra n\u0103ng l\u01b0\u1ee3ng ngang m\u1ed9t qu\u1ea3 bom nguy\u00ean t\u1eed lo\u1ea1i nh\u1ecf. Nh\u01b0ng n\u00f3 ch\u01b0a t\u1eebng ch\u1edf ng\u01b0\u1eddi v\u00e0 m\u1edbi tr\u1ea3i qua hai l\u1ea7n th\u1eed nghi\u1ec7m, l\u1ea7n g\u1ea7n nh\u1ea5t v\u00e0o t\u00e1m th\u00e1ng tr\u01b0\u1edbc \u0111\u00f3 l\u1ea1i th\u1ea5t b\u1ea1i th\u1ea3m h\u1ea1i. Ba phi h\u00e0nh gia n\u00e0y kh\u00f4ng \u0111\u01a1n thu\u1ea7n l\u00e0 bay v\u00e0o qu\u1ef9 \u0111\u1ea1o Tr\u00e1i \u0110\u1ea5t, hay th\u1eadm ch\u00ed l\u00e0 v\u01b0\u1ee3t qua \u0111\u1ed9 cao k\u1ef7 l\u1ee5c 1.373 km t\u1eebng \u0111\u01b0\u1ee3c x\u00e1c l\u1eadp. H\u1ecd d\u1ef1 \u0111\u1ecbnh v\u01b0\u1ee3t qua g\u1ea7n 400.000 km \u0111\u1ec3 t\u1edbi n\u01a1i m\u00e0 ch\u01b0a ai t\u1eebng \u0111\u1eb7t ch\u00e2n \u0111\u1ebfn. H\u1ecd mu\u1ed1n l\u00ean M\u1eb7t Tr\u0103ng.<\/p>\n<p>D\u01b0\u1edbi ch\u00e2n h\u1ecd, n\u01b0\u1edbc M\u1ef9 \u0111ang lao \u0111ao. N\u0103m 1968 ch\u1ee9ng ki\u1ebfn nh\u1eefng v\u1ee5 m\u01b0u s\u00e1t, chi\u1ebfn tranh, bi\u1ec3u t\u00ecnh v\u00e0 b\u1ea5t \u1ed5n ch\u00ednh tr\u1ecb ch\u01b0a t\u1eebng c\u00f3 trong l\u1ecbch s\u1eed \u0111\u1ea5t n\u01b0\u1edbc, t\u1eeb hai v\u1ee5 \u00e1m s\u00e1t Martin Luther King Jr v\u00e0 Robert Kennedy cho \u0111\u1ebfn c\u00e1c cu\u1ed9c b\u1ea1o \u0111\u1ed9ng \u1edf Chicago v\u00e0 s\u1ef1 sa l\u1ea7y trong Chi\u1ebfn tranh Vi\u1ec7t Nam. V\u00ec l\u1ebd \u1ea5y, t\u1ea1p ch\u00ed Time \u0111\u00e3 vinh danh Nh\u00e2n v\u1eadt c\u1ee7a n\u0103m l\u00e0 THE DISSENTER (K\u1eba B\u1ea4T \u0110\u1ed2NG).<\/p>\n<p>Khi th\u1eddi gian \u0111\u1ebfm ng\u01b0\u1ee3c b\u1eaft \u0111\u1ea7u, m\u1ed9t s\u1ed1 k\u1ef9 s\u01b0 v\u00e0 nh\u00e0 khoa h\u1ecdc NASA \u0111\u00e3 t\u1ef1 h\u1ecfi li\u1ec7u phi h\u00e0nh \u0111o\u00e0n c\u00f3 th\u1ec3 tr\u1edf v\u1ec1 hay kh\u00f4ng. Ngay b\u1ea3n th\u00e2n c\u00e1c phi h\u00e0nh gia c\u0169ng hi\u1ec3u r\u00f5 c\u01a1 h\u1ed9i s\u1ed1ng s\u00f3t c\u1ee7a m\u00ecnh trong chuy\u1ebfn bay \u0111\u1ea7y m\u1ea1o hi\u1ec3m n\u00e0y, \u0111\u1ed9 r\u1ee7i ro cao h\u01a1n b\u1ea5t c\u1ee9 n\u1ed7 l\u1ef1c n\u00e0o m\u00e0 NASA t\u1eebng th\u1ef1c hi\u1ec7n. M\u1ed9t ng\u01b0\u1eddi th\u1eadm ch\u00ed c\u00f2n ghi \u00e2m l\u1eddi t\u1eeb bi\u1ec7t sau cu\u1ed1i v\u1edbi v\u1ee3, s\u1ebd \u0111\u01b0\u1ee3c ph\u00e1t ph\u00f2ng khi kh\u00f4ng th\u1ec3 quay v\u1ec1.<\/p>\n<p>V\u00e0o th\u00e1ng 8 n\u0103m \u0111\u00f3, s\u1ee9 m\u1ec7nh n\u00e0y c\u00f2n ch\u01b0a t\u1ed3n t\u1ea1i. Th\u1ebf m\u00e0 b\u1ed7ng ch\u1ed1c m\u1ecdi th\u1ee9 c\u1ea7n thi\u1ebft cho k\u1ebf ho\u1ea1ch \u2013 t\u1eeb hu\u1ea5n luy\u1ec7n, ph\u00e2n t\u00edch, t\u00ednh to\u00e1n, cho t\u1edbi v\u1eadn \u0111\u1ed9ng ch\u00ednh tr\u1ecb \u2013 \u0111\u1ec1u \u0111\u01b0\u1ee3c t\u1ee9c t\u1ed1c ti\u1ebfn h\u00e0nh trong kho\u1ea3ng th\u1eddi gian ng\u1eafn h\u01a1n th\u01b0\u1eddng l\u1ec7 r\u1ea5t nhi\u1ec1u. N\u1ebfu c\u00f3 b\u1ea5t c\u1ee9 bi\u1ebfn c\u1ed1 n\u00e0o, b\u00faa r\u00ecu c\u1ee7a d\u01b0 lu\u1eadn x\u00e3 h\u1ed9i v\u00e0 c\u1ea3 ch\u00ednh ph\u1ee7 M\u1ef9 h\u1eb3n \u0111\u1ec1u s\u1ebd ch\u0129a v\u1ec1 ph\u00eda NASA. Vi\u1ec7c phi h\u00e0nh \u0111o\u00e0n c\u00f3 tr\u1edf v\u1ec1 an to\u00e0n hay kh\u00f4ng s\u1ebd \u0111\u1ecbnh \u0111o\u1ea1t s\u1ed1 ph\u1eadn c\u1ee7a to\u00e0n b\u1ed9 ch\u01b0\u01a1ng tr\u00ecnh kh\u00f4ng gian n\u00e0y.<\/p>\n<p>Khi th\u1eddi \u0111i\u1ec3m ph\u00f3ng \u0111\u00e3 g\u1ea7n k\u1ec1, m\u1ed9t phi h\u00e0nh gia ph\u00e1t hi\u1ec7n m\u1ed9t con ong b\u1eafp c\u00e0y \u0111ang x\u00e2y t\u1ed5 ngay b\u00ean ngo\u00e0i m\u1ed9t c\u1eeda s\u1ed5 nh\u1ecf c\u1ee7a t\u00e0u. Ch\u00fa ong v\u1eabn c\u1ea7n m\u1eabn nh\u00e0o n\u1eb7n ng\u00f4i nh\u00e0 m\u1edbi c\u1ee7a m\u00ecnh. Phi h\u00e0nh gia n\u00e0y ch\u1ee3t ngh\u0129: \u201cCh\u00fa m\u00e0y ch\u1eafc ch\u1eafn s\u1ebd r\u1ea5t b\u1ea5t ng\u1edd \u0111\u00f3.\u201d<\/p>\n<p>Kh\u00ed n\u00f3ng b\u1eaft \u0111\u1ea7u ph\u1ee5t ra t\u1eeb quanh b\u1ec7 c\u1ee7a t\u00ean l\u1eeda kh\u1ed5ng l\u1ed3. Ch\u01b0a \u0111\u1ea7y m\u1ed9t ph\u00fat n\u1eefa, n\u00f3 s\u1ebd ph\u00f3ng l\u00ean kh\u00f4ng trung. Khi \u0111\u1ed1t, n\u0103m \u0111\u1ed9ng c\u01a1 c\u1ee7a t\u1ea7ng m\u1ed9t s\u1ebd t\u1ea1o ra c\u00f4ng su\u1ea5t t\u1ed5ng c\u1ed9ng kho\u1ea3ng 120 t\u1ef7 watt. Trong v\u00e0i gi\u00e2y cu\u1ed1i c\u00f9ng, m\u1ed9t c\u01a1n b\u00e3o l\u1eeda b\u1eafn ra m\u1ecdi ph\u00eda. D\u01b0\u1edbi ch\u00e2n c\u00e1c phi h\u00e0nh gia, kh\u00f4ng ch\u1ec9 b\u00e3i ph\u00f3ng m\u00e0 c\u1ea3 th\u1ebf gi\u1edbi c\u0169ng \u0111ang b\u1eaft \u0111\u1ea7u rung chuy\u1ec3n.<\/p>\n<p>B\u1eb1ng gi\u1ecdng v\u0103n k\u1ec3 chuy\u1ec7n l\u00f4i cu\u1ed1n v\u00e0 c\u1ea5u tr\u00fac m\u1ea1ch l\u1ea1c, Ng\u01b0\u1eddi H\u1ecfa Ti\u1ec5n c\u1ee7a Robert Kurson s\u1ebd d\u1eabn ng\u01b0\u1eddi \u0111\u1ecdc \u0111i qua nh\u1eefng con \u0111\u01b0\u1eddng v\u00e0 chi\u1ebfn l\u01b0\u1ee3c m\u00e0 NASA \u0111\u00e3 d\u00f9ng \u0111\u1ec3 ph\u00f3ng Apollo 8 l\u00ean M\u1eb7t Tr\u0103ng c\u00f9ng nh\u1eefng hi\u1ec3m nguy m\u00e0 c\u00e1c phi h\u00e0nh gia c\u1ee7a s\u1ee9 m\u1ec7nh n\u00e0y tr\u1ea3i qua trong h\u00e0nh tr\u00ecnh kh\u00e1m ph\u00e1 b\u1ea1n \u0111\u1ed3ng h\u00e0nh xa x\u01b0a nh\u1ea5t c\u1ee7a Tr\u00e1i \u0110\u1ea5t.<\/p>\n","protected":false},"featured_media":8352,"template":"","meta":{"_acf_changed":false},"product_brand":[],"product_cat":[18,15],"product_tag":[],"class_list":{"0":"post-8353","1":"product","2":"type-product","3":"status-publish","4":"has-post-thumbnail","6":"product_cat-kinh-te","7":"product_cat-sach-danh-cho-nguoi-lon","9":"first","10":"outofstock","11":"taxable","12":"shipping-taxable","13":"purchasable","14":"product-type-simple"},"supplier_id":null,"supplier_sku":"","barcode":null,"atum_controlled":true,"out_stock_date":"2021-06-03 22:07:46","out_stock_threshold":null,"inheritable":false,"inbound_stock":0,"stock_on_hold":0,"sold_today":0,"sales_last_days":0,"reserved_stock":0,"customer_returns":0,"warehouse_damage":0,"lost_in_post":0,"other_logs":0,"out_stock_days":1700,"lost_sales":0,"has_location":false,"update_date":"2026-01-28T23:10:42","atum_locations":[],"atum_stock_status":"outofstock","restock_status":false,"low_stock_amount":"","sales_update_date":"2026-01-28T23:10:42","calc_backorders":null,"acf":{"publisher":{"ID":2817,"post_author":"1","post_date":"2021-02-27 00:00:35","post_date_gmt":"2021-02-26 22:00:35","post_content":"","post_title":"Alpha Books","post_excerpt":"","post_status":"publish","comment_status":"closed","ping_status":"closed","post_password":"","post_name":"alpha-books","to_ping":"","pinged":"","post_modified":"2021-02-27 00:00:35","post_modified_gmt":"2021-02-26 22:00:35","post_content_filtered":"","post_parent":0,"guid":"https:\/\/sachviet.eu\/nha-phat-hanh\/alpha-books\/","menu_order":0,"post_type":"publisher","post_mime_type":"","comment_count":"0","filter":"raw"}},"_links":{"self":[{"href":"https:\/\/sachviet.eu\/en\/wp-json\/wp\/v2\/product\/8353","targetHints":{"allow":["GET"]}}],"collection":[{"href":"https:\/\/sachviet.eu\/en\/wp-json\/wp\/v2\/product"}],"about":[{"href":"https:\/\/sachviet.eu\/en\/wp-json\/wp\/v2\/types\/product"}],"wp:featuredmedia":[{"embeddable":true,"href":"https:\/\/sachviet.eu\/en\/wp-json\/wp\/v2\/media\/8352"}],"wp:attachment":[{"href":"https:\/\/sachviet.eu\/en\/wp-json\/wp\/v2\/media?parent=8353"}],"wp:term":[{"taxonomy":"product_brand","embeddable":true,"href":"https:\/\/sachviet.eu\/en\/wp-json\/wp\/v2\/product_brand?post=8353"},{"taxonomy":"product_cat","embeddable":true,"href":"https:\/\/sachviet.eu\/en\/wp-json\/wp\/v2\/product_cat?post=8353"},{"taxonomy":"product_tag","embeddable":true,"href":"https:\/\/sachviet.eu\/en\/wp-json\/wp\/v2\/product_tag?post=8353"}],"curies":[{"name":"wp","href":"https:\/\/api.w.org\/{rel}","templated":true}]}}