{"id":8351,"date":"2021-04-28T14:13:33","date_gmt":"2021-04-28T11:13:33","guid":{"rendered":"https:\/\/sachviet.eu\/shop\/tuoi-muoi-bon\/"},"modified":"2022-04-09T17:59:19","modified_gmt":"2022-04-09T14:59:19","slug":"tuoi-muoi-bon","status":"publish","type":"product","link":"https:\/\/sachviet.eu\/en\/shop\/tuoi-muoi-bon\/","title":{"rendered":"Tu\u1ed5i m\u01b0\u1eddi b\u1ed1n"},"content":{"rendered":"<p>\u0110\u1ed1i v\u1edbi \u0111\u1ed9c gi\u1ea3 Vi\u1ec7t Nam, c\u00f3 l\u1ebd v\u0103n h\u1ecdc \u0110\u1ee9c v\u1eabn c\u00f2n kh\u00e1 l\u1ea1 l\u1eabm so v\u1edbi v\u0103n h\u1ecdc c\u1ee7a c\u00e1c n\u01b0\u1edbc kh\u00e1c. Nh\u01b0ng nh\u1eefng n\u0103m g\u1ea7n \u0111\u00e2y, d\u00f2ng v\u0103n h\u1ecdc n\u00e0y \u0111ang ng\u00e0y c\u00e0ng \u0111\u01b0\u1ee3c gi\u1edbi<br \/>\nthi\u1ec7u r\u1ed9ng r\u00e3i t\u1edbi c\u00f4ng ch\u00fang Vi\u1ec7t Nam, th\u00f4ng qua nh\u1eefng d\u1ecbch gi\u1ea3 c\u1ea7n m\u1eabn v\u00e0 th\u1ea7m l\u1eb7ng, chuy\u1ec3n ng\u1eef c\u00e1c t\u00e1c ph\u1ea9m hay c\u1ee7a v\u0103n h\u1ecdc \u0110\u1ee9c \u0111\u01b0\u01a1ng \u0111\u1ea1i sang ti\u1ebfng Vi\u1ec7t.<br \/>\n\u1ede Tu\u1ed5i m\u01b0\u1eddi b\u1ed1n, b\u1ea1n s\u1ebd kh\u00f4ng th\u1ec3 t\u00ecm \u0111\u00e2u ra m\u1ed9t t\u00ecnh ti\u1ebft th\u1ef1c s\u1ef1 gi\u1eadt g\u00e2n, m\u00e0 thay v\u00e0o \u0111\u00f3 l\u00e0 nh\u1eefng d\u00f2ng v\u0103n nh\u1eb9 nh\u00e0ng nh\u01b0 th\u01a1, v\u1edbi nh\u1ecbp \u0111i\u1ec7u c\u0169ng nh\u01b0 th\u01a1. \u0110\u00f3 l\u00e0 b\u1edfi Tamara Bach \u0111\u00e3 d\u00e0y c\u00f4ng vi\u1ebft cu\u1ed1n ti\u1ec3u thuy\u1ebft n\u00e0y v\u1edbi nh\u1ecbp \u0111i\u1ec7u ri\u00eang nh\u01b0 v\u1eady &#8211; m\u1ed9t th\u1eed nghi\u1ec7m m\u1edbi c\u1ee7a ch\u1ecb. Xuy\u00ean su\u1ed1t h\u01a1n 100 trang s\u00e1ch, t\u00e1c gi\u1ea3 \u0111\u00e3 t\u01b0\u1eddng thu\u1eadt l\u1ea1i t\u1ec9 m\u1ec9 \u0111\u1ebfn t\u1eebng chi ti\u1ebft tr\u1ecdn v\u1eb9n m\u1ed9t ng\u00e0y c\u1ee7a m\u1ed9t c\u00f4 b\u00e9 m\u01b0\u1eddi b\u1ed1n tu\u1ed5i. Cu\u1ed9c s\u1ed1ng hi\u1ec7n l\u00ean qua ng\u00f2i b\u00fat c\u1ee7a Tamara d\u01b0\u1eddng nh\u01b0 r\u1ea5t \u0111\u1ed7i b\u00ecnh th\u01b0\u1eddng: bu\u1ed5i s\u00e1ng ng\u1ee7 d\u1eady, t\u1eafm, \u0111i h\u1ecdc, c\u00e1c m\u1ed1i quan h\u1ec7 b\u1ea1n b\u00e8, nh\u1eefng rung \u0111\u1ed9ng \u0111\u1ea7u \u0111\u1eddi, t\u1ea5m b\u01b0u thi\u1ebfp c\u00f2n v\u01b0\u01a1ng h\u01b0\u01a1ng m\u00f9a h\u00e8. Nh\u01b0ng ng\u1eabm k\u0129 l\u1ea1i th\u00ec c\u00e1ch vi\u1ebft \u1ea5y ch\u1eb3ng d\u1ec5 ch\u00fat n\u00e0o, v\u00ec n\u00f3 ph\u1ea3i \u0111i v\u00e0o t\u1eebng chi ti\u1ebft nh\u1ecf nh\u1ea5t c\u1ee7a cu\u1ed9c s\u1ed1ng, ph\u1ea3i t\u1ec9 m\u1ec9 quan s\u00e1t \u0111\u1ebfn t\u1eebng h\u01a1i th\u1edf, ph\u1ea3i th\u1ef1c s\u1ef1 s\u1ed1ng c\u00f9ng v\u1edbi nh\u00e2n v\u1eadt th\u00ec m\u1edbi nh\u1eadn ra \u0111\u01b0\u1ee3c nh\u1eefng chuy\u1ec3n bi\u1ebfn t\u1ebf vi c\u1ee7a c\u1ea3m x\u00fac, v\u00e0 th\u1ea5y \u0111\u01b0\u1ee3c c\u00e1i \u1eedng h\u1ed3ng tho\u00e1ng qua tr\u00ean g\u00f2 m\u00e1 c\u00f4 thi\u1ebfu n\u1eef khi nh\u1eadn \u0111\u01b0\u1ee3c t\u1ea5m b\u01b0u thi\u1ebfp trong h\u1ed9p th\u01b0. N\u1ebfu x\u00e9t k\u0129 trong c\u1ea3 l\u00e0ng v\u0103n ch\u01b0\u01a1ng, th\u00ec h\u00ecnh nh\u01b0 ch\u01b0a c\u00f3 t\u00e1c ph\u1ea9m n\u00e0o vi\u1ebft v\u1ec1 tr\u1ecdn v\u1eb9n m\u1ed9t-ng\u00e0y-c\u1ee7a-m\u1ed9t-ai-\u0111\u00f3, t\u01b0\u01a1ng t\u1ef1 nh\u01b0 c\u00e1ch Tamara Bach \u0111\u00e3 vi\u1ebft trong Tu\u1ed5i m\u01b0\u1eddi b\u1ed1n. Do \u0111\u00f3 khi nguy\u00ean t\u00e1c \u0111\u01b0\u1ee3c xu\u1ea5t b\u1ea3n \u1edf \u0110\u1ee9c, \u0111\u00e3 g\u00e2y \u0111\u01b0\u1ee3c ti\u1ebfng vang m\u1ea1nh m\u1ebd v\u00e0 \u0111\u01b0\u1ee3c truy\u1ec1n th\u00f4ng ca ng\u1ee3i, \u0111\u1ed3ng th\u1eddi \u0111\u01b0\u1ee3c \u0111\u1ec1 c\u1eed cho hai h\u1ea1ng m\u1ee5c c\u1ee7a gi\u1ea3i th\u01b0\u1edfng v\u0103n h\u1ecdc d\u00e0nh cho thanh thi\u1ebfu ni\u00ean \u0110\u1ee9c: &#8220;Tamara Bach \u0111\u00e3 l\u1ea5p \u0111\u1ea7y c\u00e2u chuy\u1ec7n b\u1eb1ng c\u00e1ch ph\u00f3ng th\u00edch c\u00e1c d\u00f2ng ch\u1eef v\u00e0 di\u1ec5n \u0111\u1ea1t n\u1ed9i dung qua c\u00e1c trang s\u00fac t\u00edch, m\u1ed9t c\u00e2u chuy\u1ec7n m\u00e0 khi \u0111\u1ecdc v\u1ecb th\u1ebf c\u1ee7a ng\u01b0\u1eddi \u0111\u1ecdc \u0111\u01b0\u1ee3c n\u00e2ng cao, \u0111\u1ecdc m\u00e0 kh\u00f4ng ph\u1ea3i tr\u1ea3 th\u00eam ti\u1ec1n \u0111\u1ec3 \u0111\u01b0\u1ee3c \u0111\u1ecdc ti\u1ebfp, \u0111\u00f3 l\u00e0 l\u00fac v\u0103n ch\u01b0\u01a1ng \u0111\u00e3 ch\u1ea1m \u0111\u1ebfn ng\u01b0\u1ee1ng tuy\u1ec7t h\u1ea3o &#8211; ng\u1eafn g\u1ecdn, ch\u00e2m bi\u1ebfm v\u00e0 ng\u1eadp tr\u00e0n s\u1ef1 y\u00eau th\u01b0\u01a1ng&#8221; &#8211; Eselsohr.<\/p>\n","protected":false},"excerpt":{"rendered":"<p>\u0110\u1ed1i v\u1edbi \u0111\u1ed9c gi\u1ea3 Vi\u1ec7t Nam, c\u00f3 l\u1ebd v\u0103n h\u1ecdc \u0110\u1ee9c v\u1eabn c\u00f2n kh\u00e1 l\u1ea1 l\u1eabm so v\u1edbi v\u0103n h\u1ecdc c\u1ee7a c\u00e1c n\u01b0\u1edbc kh\u00e1c. Nh\u01b0ng nh\u1eefng n\u0103m g\u1ea7n \u0111\u00e2y, d\u00f2ng v\u0103n h\u1ecdc n\u00e0y \u0111ang ng\u00e0y c\u00e0ng \u0111\u01b0\u1ee3c gi\u1edbi<br \/>\nthi\u1ec7u r\u1ed9ng r\u00e3i t\u1edbi c\u00f4ng ch\u00fang Vi\u1ec7t Nam, th\u00f4ng qua nh\u1eefng d\u1ecbch gi\u1ea3 c\u1ea7n m\u1eabn v\u00e0 th\u1ea7m l\u1eb7ng, chuy\u1ec3n ng\u1eef c\u00e1c t\u00e1c ph\u1ea9m hay c\u1ee7a v\u0103n h\u1ecdc \u0110\u1ee9c \u0111\u01b0\u01a1ng \u0111\u1ea1i sang ti\u1ebfng Vi\u1ec7t.<br \/>\n\u1ede Tu\u1ed5i m\u01b0\u1eddi b\u1ed1n, b\u1ea1n s\u1ebd kh\u00f4ng th\u1ec3 t\u00ecm \u0111\u00e2u ra m\u1ed9t t\u00ecnh ti\u1ebft th\u1ef1c s\u1ef1 gi\u1eadt g\u00e2n, m\u00e0 thay v\u00e0o \u0111\u00f3 l\u00e0 nh\u1eefng d\u00f2ng v\u0103n nh\u1eb9 nh\u00e0ng nh\u01b0 th\u01a1, v\u1edbi nh\u1ecbp \u0111i\u1ec7u c\u0169ng nh\u01b0 th\u01a1. \u0110\u00f3 l\u00e0 b\u1edfi Tamara Bach \u0111\u00e3 d\u00e0y c\u00f4ng vi\u1ebft cu\u1ed1n ti\u1ec3u thuy\u1ebft n\u00e0y v\u1edbi nh\u1ecbp \u0111i\u1ec7u ri\u00eang nh\u01b0 v\u1eady &#8211; m\u1ed9t th\u1eed nghi\u1ec7m m\u1edbi c\u1ee7a ch\u1ecb. Xuy\u00ean su\u1ed1t h\u01a1n 100 trang s\u00e1ch, t\u00e1c gi\u1ea3 \u0111\u00e3 t\u01b0\u1eddng thu\u1eadt l\u1ea1i t\u1ec9 m\u1ec9 \u0111\u1ebfn t\u1eebng chi ti\u1ebft tr\u1ecdn v\u1eb9n m\u1ed9t ng\u00e0y c\u1ee7a m\u1ed9t c\u00f4 b\u00e9 m\u01b0\u1eddi b\u1ed1n tu\u1ed5i. Cu\u1ed9c s\u1ed1ng hi\u1ec7n l\u00ean qua ng\u00f2i b\u00fat c\u1ee7a Tamara d\u01b0\u1eddng nh\u01b0 r\u1ea5t \u0111\u1ed7i b\u00ecnh th\u01b0\u1eddng: bu\u1ed5i s\u00e1ng ng\u1ee7 d\u1eady, t\u1eafm, \u0111i h\u1ecdc, c\u00e1c m\u1ed1i quan h\u1ec7 b\u1ea1n b\u00e8, nh\u1eefng rung \u0111\u1ed9ng \u0111\u1ea7u \u0111\u1eddi, t\u1ea5m b\u01b0u thi\u1ebfp c\u00f2n v\u01b0\u01a1ng h\u01b0\u01a1ng m\u00f9a h\u00e8. Nh\u01b0ng ng\u1eabm k\u0129 l\u1ea1i th\u00ec c\u00e1ch vi\u1ebft \u1ea5y ch\u1eb3ng d\u1ec5 ch\u00fat n\u00e0o, v\u00ec n\u00f3 ph\u1ea3i \u0111i v\u00e0o t\u1eebng chi ti\u1ebft nh\u1ecf nh\u1ea5t c\u1ee7a cu\u1ed9c s\u1ed1ng, ph\u1ea3i t\u1ec9 m\u1ec9 quan s\u00e1t \u0111\u1ebfn t\u1eebng h\u01a1i th\u1edf, ph\u1ea3i th\u1ef1c s\u1ef1 s\u1ed1ng c\u00f9ng v\u1edbi nh\u00e2n v\u1eadt th\u00ec m\u1edbi nh\u1eadn ra \u0111\u01b0\u1ee3c nh\u1eefng chuy\u1ec3n bi\u1ebfn t\u1ebf vi c\u1ee7a c\u1ea3m x\u00fac, v\u00e0 th\u1ea5y \u0111\u01b0\u1ee3c c\u00e1i \u1eedng h\u1ed3ng tho\u00e1ng qua tr\u00ean g\u00f2 m\u00e1 c\u00f4 thi\u1ebfu n\u1eef khi nh\u1eadn \u0111\u01b0\u1ee3c t\u1ea5m b\u01b0u thi\u1ebfp trong h\u1ed9p th\u01b0. N\u1ebfu x\u00e9t k\u0129 trong c\u1ea3 l\u00e0ng v\u0103n ch\u01b0\u01a1ng, th\u00ec h\u00ecnh nh\u01b0 ch\u01b0a c\u00f3 t\u00e1c ph\u1ea9m n\u00e0o vi\u1ebft v\u1ec1 tr\u1ecdn v\u1eb9n m\u1ed9t-ng\u00e0y-c\u1ee7a-m\u1ed9t-ai-\u0111\u00f3, t\u01b0\u01a1ng t\u1ef1 nh\u01b0 c\u00e1ch Tamara Bach \u0111\u00e3 vi\u1ebft trong Tu\u1ed5i m\u01b0\u1eddi b\u1ed1n. Do \u0111\u00f3 khi nguy\u00ean t\u00e1c \u0111\u01b0\u1ee3c xu\u1ea5t b\u1ea3n \u1edf \u0110\u1ee9c, \u0111\u00e3 g\u00e2y \u0111\u01b0\u1ee3c ti\u1ebfng vang m\u1ea1nh m\u1ebd v\u00e0 \u0111\u01b0\u1ee3c truy\u1ec1n th\u00f4ng ca ng\u1ee3i, \u0111\u1ed3ng th\u1eddi \u0111\u01b0\u1ee3c \u0111\u1ec1 c\u1eed cho hai h\u1ea1ng m\u1ee5c c\u1ee7a gi\u1ea3i th\u01b0\u1edfng v\u0103n h\u1ecdc d\u00e0nh cho thanh thi\u1ebfu ni\u00ean \u0110\u1ee9c: &#8220;Tamara Bach \u0111\u00e3 l\u1ea5p \u0111\u1ea7y c\u00e2u chuy\u1ec7n b\u1eb1ng c\u00e1ch ph\u00f3ng th\u00edch c\u00e1c d\u00f2ng ch\u1eef v\u00e0 di\u1ec5n \u0111\u1ea1t n\u1ed9i dung qua c\u00e1c trang s\u00fac t\u00edch, m\u1ed9t c\u00e2u chuy\u1ec7n m\u00e0 khi \u0111\u1ecdc v\u1ecb th\u1ebf c\u1ee7a ng\u01b0\u1eddi \u0111\u1ecdc \u0111\u01b0\u1ee3c n\u00e2ng cao, \u0111\u1ecdc m\u00e0 kh\u00f4ng ph\u1ea3i tr\u1ea3 th\u00eam ti\u1ec1n \u0111\u1ec3 \u0111\u01b0\u1ee3c \u0111\u1ecdc ti\u1ebfp, \u0111\u00f3 l\u00e0 l\u00fac v\u0103n ch\u01b0\u01a1ng \u0111\u00e3 ch\u1ea1m \u0111\u1ebfn ng\u01b0\u1ee1ng tuy\u1ec7t h\u1ea3o &#8211; ng\u1eafn g\u1ecdn, ch\u00e2m bi\u1ebfm v\u00e0 ng\u1eadp tr\u00e0n s\u1ef1 y\u00eau th\u01b0\u01a1ng&#8221; &#8211; Eselsohr.<\/p>\n","protected":false},"featured_media":8350,"template":"","meta":{"_acf_changed":false},"product_brand":[],"product_cat":[15,46],"product_tag":[],"class_list":{"0":"post-8351","1":"product","2":"type-product","3":"status-publish","4":"has-post-thumbnail","6":"product_cat-sach-danh-cho-nguoi-lon","7":"product_cat-ky-nang-song","9":"first","10":"outofstock","11":"taxable","12":"shipping-taxable","13":"purchasable","14":"product-type-simple"},"supplier_id":null,"supplier_sku":"","barcode":null,"atum_controlled":true,"out_stock_date":"2022-04-09 11:59:19","out_stock_threshold":null,"inheritable":false,"inbound_stock":0,"stock_on_hold":0,"sold_today":0,"sales_last_days":0,"reserved_stock":0,"customer_returns":0,"warehouse_damage":0,"lost_in_post":0,"other_logs":0,"out_stock_days":1390,"lost_sales":0,"has_location":false,"update_date":"2026-01-28T23:10:42","atum_locations":[],"atum_stock_status":"outofstock","restock_status":false,"low_stock_amount":"","sales_update_date":"2026-01-28T23:10:42","calc_backorders":null,"acf":{"publisher":{"ID":5988,"post_author":"1","post_date":"2021-03-14 02:36:31","post_date_gmt":"2021-03-14 00:36:31","post_content":"","post_title":"Ph\u1ee5 N\u1eef","post_excerpt":"","post_status":"publish","comment_status":"closed","ping_status":"closed","post_password":"","post_name":"phu-nu","to_ping":"","pinged":"","post_modified":"2021-03-14 02:36:31","post_modified_gmt":"2021-03-14 00:36:31","post_content_filtered":"","post_parent":0,"guid":"https:\/\/sachviet.eu\/blog\/nha-phat-hanh\/phu-nu\/","menu_order":0,"post_type":"publisher","post_mime_type":"","comment_count":"0","filter":"raw"}},"_links":{"self":[{"href":"https:\/\/sachviet.eu\/en\/wp-json\/wp\/v2\/product\/8351","targetHints":{"allow":["GET"]}}],"collection":[{"href":"https:\/\/sachviet.eu\/en\/wp-json\/wp\/v2\/product"}],"about":[{"href":"https:\/\/sachviet.eu\/en\/wp-json\/wp\/v2\/types\/product"}],"wp:featuredmedia":[{"embeddable":true,"href":"https:\/\/sachviet.eu\/en\/wp-json\/wp\/v2\/media\/8350"}],"wp:attachment":[{"href":"https:\/\/sachviet.eu\/en\/wp-json\/wp\/v2\/media?parent=8351"}],"wp:term":[{"taxonomy":"product_brand","embeddable":true,"href":"https:\/\/sachviet.eu\/en\/wp-json\/wp\/v2\/product_brand?post=8351"},{"taxonomy":"product_cat","embeddable":true,"href":"https:\/\/sachviet.eu\/en\/wp-json\/wp\/v2\/product_cat?post=8351"},{"taxonomy":"product_tag","embeddable":true,"href":"https:\/\/sachviet.eu\/en\/wp-json\/wp\/v2\/product_tag?post=8351"}],"curies":[{"name":"wp","href":"https:\/\/api.w.org\/{rel}","templated":true}]}}