{"id":8349,"date":"2021-04-28T14:13:28","date_gmt":"2021-04-28T11:13:28","guid":{"rendered":"https:\/\/sachviet.eu\/shop\/numagician-danh-thuc-phu-thuy-tri-nho-trong-ban\/"},"modified":"2021-06-22T00:05:58","modified_gmt":"2021-06-21T21:05:58","slug":"numagician-danh-thuc-phu-thuy-tri-nho-trong-ban","status":"publish","type":"product","link":"https:\/\/sachviet.eu\/en\/shop\/numagician-danh-thuc-phu-thuy-tri-nho-trong-ban\/","title":{"rendered":"Numagician &#8211; \u0110\u00e1nh Th\u1ee9c Ph\u00f9 Thu\u1ef7 Tr\u00ed Nh\u1edb Trong B\u1ea1n"},"content":{"rendered":"<p>Ng\u00e0y x\u1eeda ng\u00e0y x\u01b0a, khi m\u1eb9 b\u1ea3o t\u00f4i nh\u1eafm m\u1eaft v\u00e0 t\u01b0\u1edfng t\u01b0\u1ee3ng th\u1ee9 g\u00ec \u0111\u00f3 th\u00ec th\u1ee9 m\u00e0 t\u00f4i th\u1ea5y duy nh\u1ea5t l\u00e0 m\u1ed9t v\u0169 tr\u1ee5 kh\u00f4ng sao, th\u1ea7y gi\u00e1o b\u1ea3o t\u00f4i h\u1ecdc thu\u1ed9c m\u1ed9t b\u00e0i th\u01a1, t\u00f4i qu\u00ean n\u00f3 ngay sau v\u00e0i gi\u1edd. N\u00e3o t\u00f4i c\u00e1 v\u00e0ng th\u1ebf \u0111\u1ea5y.<\/p>\n<p>C\u00f2n hi\u1ec7n t\u1ea1i, t\u00f4i c\u00f3 th\u1ec3 nh\u1edb \u0111\u01b0\u1ee3c m\u1ed9t d\u00e3y d\u00e0i 512 s\u1ed1, t\u00f4i c\u00f3 th\u1ec3 l\u00e0m m\u1ecdi ng\u01b0\u1eddi h\u00e1 h\u1ed1c m\u1ed3m khi v\u1ebd ra nh\u1eefng th\u1ee9 th\u00fa v\u1ecb t\u1eeb c\u00e1c con s\u1ed1. B\u00ed m\u1eadt c\u1ee7a t\u00f4i l\u00e0 Numagician, m\u1ed9t ngh\u1ec7 thu\u1eadt gi\u00fap k\u00edch ho\u1ea1t ti\u1ec1m n\u0103ng n\u00e3o b\u1ed9 b\u00ean trong b\u1ea1n.<\/p>\n<p>Cu\u1ed1n s\u00e1ch s\u1ebd gi\u00fap b\u1ea1n n\u1eafm \u0111\u01b0\u1ee3c nh\u1eefng b\u00ed quy\u1ebft \u0111\u1ec3 bi\u1ebfn n\u00e3o c\u00e1 v\u00e0ng th\u00e0nh n\u00e3o c\u00e1 voi. B\u1ea1n s\u1ebd kh\u00f4ng ch\u1ec9 nh\u1edb \u0111\u01b0\u1ee3c d\u00e3y s\u1ed1 d\u00e0i nh\u01b0 t\u00f4i, m\u00e0 c\u00f2n c\u00f3 th\u1ec3 thu\u1ed9c nhanh nh\u1edb chu\u1ea9n b\u1ea5t c\u1ee9 th\u1ee9 g\u00ec b\u1ea1n mu\u1ed1n. <\/p>\n<p>C\u00f2n ch\u1edd g\u00ec n\u1eefa, h\u00e3y s\u1eb5n s\u00e0ng \u0111\u1ec3 l\u00e0m b\u1ea1n b\u00e8 ng\u1ea1c nhi\u00ean v\u1edbi t\u00e0i v\u1ebd \u1ea3o thu\u1eadt, v\u00e0 tr\u00ed nh\u1edb si\u00eau nh\u00e2n c\u1ee7a b\u1ea1n!<\/p>\n<p>NH\u1eacN \u0110\u1ecaNH C\u1ee6A C\u00c1C NH\u00c0 GI\u00c1O D\u1ee4C<\/p>\n<p>&#8220;Ghi nh\u1edb b\u1eb1ng h\u00ecnh \u1ea3nh v\u1edbi ph\u01b0\u01a1ng ph\u00e1p m\u00f3c treo th\u1eadt tuy\u1ec7t v\u1eddi, h\u01a1n 100 h\u1ecdc sinh d\u1ef1 thi, t\u00f4i nh\u1edb h\u1ebft c\u1ea3 m\u1eb7t v\u00e0 t\u00ean trong ch\u01b0a \u0111\u1ea7y 30 ph\u00fat.&#8221; ~ Tr\u1ea7n Th\u1ecb H\u1ea3i Y\u1ebfn, Gi\u00e1m \u0111\u1ed1c \u0110i\u1ec1u h\u00e0nh Alpha School<\/p>\n<p>&#8220;Cu\u1ed1n s\u00e1ch cung c\u1ea5p cho ng\u01b0\u1eddi \u0111\u1ecdc m\u1ed9t m\u00f4n th\u1ec3 thao m\u1edbi cho tr\u00ed tu\u1ec7, nh\u1eefng trang vi\u1ebft nh\u1eb9 nh\u00e0ng, d\u1eabn ng\u01b0\u1eddi \u0111\u1ecdc qua c\u00e1c b\u01b0\u1edbc t\u01b0 duy v\u00e0 th\u1ef1c h\u00e0nh m\u1ed9t c\u00e1ch r\u1ea5t t\u1ef1 nhi\u00ean.&#8221;  ~ T.S. Phan Th\u1ee7y Chi, Ph\u00f3 Vi\u1ec7n tr\u01b0\u1edfng Vi\u1ec7n \u0110\u00e0o T\u1ea1o Qu\u1ed1c t\u1ebf, \u0110H Kinh t\u1ebf Qu\u1ed1c d\u00e2n<\/p>\n<p>&#8220;Cu\u1ed1n s\u00e1ch n\u00e0y l\u00e0 l\u1ef1a ch\u1ecdn gi\u00fap c\u00e1c b\u1ea1n nh\u1ecf h\u00ecnh th\u00e0nh kh\u1ea3 n\u0103ng t\u1ef1 h\u1ecdc, t\u1ef1 t\u1ea1o \u0111i\u1ec3m nh\u1ea5n ri\u00eang cho m\u00ecnh. N\u00f3 c\u0169ng c\u00f3 th\u1ec3 l\u00e0 c\u1ea9m nang cho c\u00e1c \u00f4ng b\u1ed1 b\u00e0 m\u1eb9 mu\u1ed1n tr\u1edf th\u00e0nh \u1ea3o thu\u1eadt gia trong con.&#8221; ~ Nguy\u1ec5n Th\u1ecb Ph\u01b0\u01a1ng, Ph\u00f3 hi\u1ec7u tr\u01b0\u1edfng, Tr\u01b0\u1eddng Ti\u1ec3u h\u1ecdc \u0110o\u00e0n Th\u1ecb \u0110i\u1ec3m H\u00e0 N\u1ed9i<\/p>\n<p>NH\u1eacN \u0110\u1ecaNH C\u1ee6A \u0110\u1ed8C GI\u1ea2 TO\u00c0N QU\u1ed0C<\/p>\n<p>\u201cM\u00ecnh \u0111\u00e3 chinh ph\u1ee5c \u0111\u1ec9nh n\u00fai Pi, m\u00ecnh \u0111\u00e3 nh\u1edb \u0111\u01b0\u1ee3c d\u00e3y d\u00e0i 512 s\u1ed1, c\u0169ng nh\u01b0 g\u1ea7n \u0111\u00e2y nh\u1ea5t l\u00e0 t\u00ean v\u00e0 di\u1ec7n t\u00edch c\u1ee7a 63 t\u1ec9nh th\u00e0nh Vi\u1ec7t Nam! TR\u00cd NH\u1eda c\u1ee7a m\u00ecnh \u0111\u00e3 t\u0103ng l\u00ean LEVEL m\u1edbi.\u201d ~ b\u1ea1n H\u1ed3 Trung Hi\u1ebfu, \u0111\u1ebfn t\u1eeb H\u1ed3 Ch\u00ed Minh<\/p>\n<p>\u201cL\u00e2u nay em c\u1ee9 ng\u1ee1 b\u1ea3n th\u00e2n thi\u1ebfu s\u00e1ng t\u1ea1o nh\u01b0ng nh\u1edd Numagician \u0111\u00e3 khi\u1ebfn em suy ngh\u0129 kh\u00e1c v\u1ec1 b\u1ea3n th\u00e2n. Em t\u1eebng nh\u1edb v\u00e0 h\u1ecdc b\u00e0i t\u1ed1t nh\u01b0ng ch\u1ec9 1, 2 ng\u00e0y sau l\u00e0 qu\u00ean s\u1ea1ch, th\u1ebf m\u00e0 nh\u1edd c\u00e1ch bi\u1ebfn s\u1ed1 th\u00e0nh h\u00ecnh \u0111\u00e3 gi\u00fap em nh\u1edb l\u00e2u d\u00e0i h\u01a1n.\u201d ~ b\u1ea1n Nguy\u1ec5n Tuy\u1ebft Nhung, THPT Marie Curie<\/p>\n<p>&#8220;M\u00ecnh \u0111\u00e3 t\u1eebng \u0111\u1ecdc cu\u1ed1n Phi\u00eau b\u01b0\u1edbc c\u00f9ng Einstein. C\u0169ng c\u00f3 v\u00e0i h\u1ec7 th\u1ed1ng ghi nh\u1edb nh\u01b0 Pao hay b\u1eb1ng ch\u1eef. Tuy nhi\u00ean c\u00e1ch c\u1ee7a anh Ph\u01b0\u01a1ng l\u00e0m m\u00ecnh r\u1ea5t \u1ea5n t\u01b0\u1ee3ng, v\u00ec n\u00f3 gi\u00fap ch\u00fang ta li\u00ean k\u1ebft \u0111\u1ec3 nh\u1edb \u0111\u01b0\u1ee3c nhi\u1ec1u th\u1ee9 kh\u00e1c h\u01a1n. V\u00e0 h\u1ec7 th\u1ed1ng c\u0169ng \u0111\u01a1n gi\u1ea3n h\u01a1n. M\u1ed9t cu\u1ed1n s\u00e1ch \u0111\u01a1n gi\u1ea3n, d\u1ec5 hi\u1ec3u cho nh\u1eefng ai mu\u1ed1n c\u1ea3i thi\u1ec7n kh\u1ea3 n\u0103ng ghi nh\u1edb, t\u01b0\u1edfng t\u01b0\u1ee3ng c\u1ee7a b\u1ea3n th\u00e2n.\u201d ~ Ch\u00e2u Ng\u1ecdc Ti\u1ebfn, Murdoch University<\/p>\n","protected":false},"excerpt":{"rendered":"<p>Ng\u00e0y x\u1eeda ng\u00e0y x\u01b0a, khi m\u1eb9 b\u1ea3o t\u00f4i nh\u1eafm m\u1eaft v\u00e0 t\u01b0\u1edfng t\u01b0\u1ee3ng th\u1ee9 g\u00ec \u0111\u00f3 th\u00ec th\u1ee9 m\u00e0 t\u00f4i th\u1ea5y duy nh\u1ea5t l\u00e0 m\u1ed9t v\u0169 tr\u1ee5 kh\u00f4ng sao, th\u1ea7y gi\u00e1o b\u1ea3o t\u00f4i h\u1ecdc thu\u1ed9c m\u1ed9t b\u00e0i th\u01a1, t\u00f4i qu\u00ean n\u00f3 ngay sau v\u00e0i gi\u1edd. N\u00e3o t\u00f4i c\u00e1 v\u00e0ng th\u1ebf \u0111\u1ea5y.<\/p>\n<p>C\u00f2n hi\u1ec7n t\u1ea1i, t\u00f4i c\u00f3 th\u1ec3 nh\u1edb \u0111\u01b0\u1ee3c m\u1ed9t d\u00e3y d\u00e0i 512 s\u1ed1, t\u00f4i c\u00f3 th\u1ec3 l\u00e0m m\u1ecdi ng\u01b0\u1eddi h\u00e1 h\u1ed1c m\u1ed3m khi v\u1ebd ra nh\u1eefng th\u1ee9 th\u00fa v\u1ecb t\u1eeb c\u00e1c con s\u1ed1. B\u00ed m\u1eadt c\u1ee7a t\u00f4i l\u00e0 Numagician, m\u1ed9t ngh\u1ec7 thu\u1eadt gi\u00fap k\u00edch ho\u1ea1t ti\u1ec1m n\u0103ng n\u00e3o b\u1ed9 b\u00ean trong b\u1ea1n.<\/p>\n<p>Cu\u1ed1n s\u00e1ch s\u1ebd gi\u00fap b\u1ea1n n\u1eafm \u0111\u01b0\u1ee3c nh\u1eefng b\u00ed quy\u1ebft \u0111\u1ec3 bi\u1ebfn n\u00e3o c\u00e1 v\u00e0ng th\u00e0nh n\u00e3o c\u00e1 voi. B\u1ea1n s\u1ebd kh\u00f4ng ch\u1ec9 nh\u1edb \u0111\u01b0\u1ee3c d\u00e3y s\u1ed1 d\u00e0i nh\u01b0 t\u00f4i, m\u00e0 c\u00f2n c\u00f3 th\u1ec3 thu\u1ed9c nhanh nh\u1edb chu\u1ea9n b\u1ea5t c\u1ee9 th\u1ee9 g\u00ec b\u1ea1n mu\u1ed1n. <\/p>\n<p>C\u00f2n ch\u1edd g\u00ec n\u1eefa, h\u00e3y s\u1eb5n s\u00e0ng \u0111\u1ec3 l\u00e0m b\u1ea1n b\u00e8 ng\u1ea1c nhi\u00ean v\u1edbi t\u00e0i v\u1ebd \u1ea3o thu\u1eadt, v\u00e0 tr\u00ed nh\u1edb si\u00eau nh\u00e2n c\u1ee7a b\u1ea1n!<\/p>\n","protected":false},"featured_media":8347,"template":"","meta":{"_acf_changed":false},"product_brand":[],"product_cat":[20,19,46],"product_tag":[],"class_list":{"0":"post-8349","1":"product","2":"type-product","3":"status-publish","4":"has-post-thumbnail","6":"product_cat-be-vua-hoc-vua-choi","7":"product_cat-nuoi-day-con","8":"product_cat-ky-nang-song","10":"first","11":"outofstock","12":"taxable","13":"shipping-taxable","14":"purchasable","15":"product-type-simple"},"supplier_id":null,"supplier_sku":"","barcode":null,"atum_controlled":true,"out_stock_date":"2021-06-21 21:05:58","out_stock_threshold":null,"inheritable":false,"inbound_stock":0,"stock_on_hold":0,"sold_today":0,"sales_last_days":0,"reserved_stock":0,"customer_returns":0,"warehouse_damage":0,"lost_in_post":0,"other_logs":0,"out_stock_days":1682,"lost_sales":0,"has_location":false,"update_date":"2026-01-28T23:10:42","atum_locations":[],"atum_stock_status":"outofstock","restock_status":false,"low_stock_amount":"","sales_update_date":"2026-01-28T23:10:42","calc_backorders":null,"acf":{"publisher":{"ID":8346,"post_author":"1","post_date":"2021-04-28 14:13:23","post_date_gmt":"2021-04-28 11:13:23","post_content":"","post_title":"FUSUSU","post_excerpt":"","post_status":"publish","comment_status":"closed","ping_status":"closed","post_password":"","post_name":"fususu","to_ping":"","pinged":"","post_modified":"2021-04-28 14:13:23","post_modified_gmt":"2021-04-28 11:13:23","post_content_filtered":"","post_parent":0,"guid":"https:\/\/sachviet.eu\/nha-phat-hanh\/fususu\/","menu_order":0,"post_type":"publisher","post_mime_type":"","comment_count":"0","filter":"raw"}},"_links":{"self":[{"href":"https:\/\/sachviet.eu\/en\/wp-json\/wp\/v2\/product\/8349","targetHints":{"allow":["GET"]}}],"collection":[{"href":"https:\/\/sachviet.eu\/en\/wp-json\/wp\/v2\/product"}],"about":[{"href":"https:\/\/sachviet.eu\/en\/wp-json\/wp\/v2\/types\/product"}],"wp:featuredmedia":[{"embeddable":true,"href":"https:\/\/sachviet.eu\/en\/wp-json\/wp\/v2\/media\/8347"}],"wp:attachment":[{"href":"https:\/\/sachviet.eu\/en\/wp-json\/wp\/v2\/media?parent=8349"}],"wp:term":[{"taxonomy":"product_brand","embeddable":true,"href":"https:\/\/sachviet.eu\/en\/wp-json\/wp\/v2\/product_brand?post=8349"},{"taxonomy":"product_cat","embeddable":true,"href":"https:\/\/sachviet.eu\/en\/wp-json\/wp\/v2\/product_cat?post=8349"},{"taxonomy":"product_tag","embeddable":true,"href":"https:\/\/sachviet.eu\/en\/wp-json\/wp\/v2\/product_tag?post=8349"}],"curies":[{"name":"wp","href":"https:\/\/api.w.org\/{rel}","templated":true}]}}