{"id":8345,"date":"2021-04-28T14:13:21","date_gmt":"2021-04-28T11:13:21","guid":{"rendered":"https:\/\/sachviet.eu\/shop\/truong-ca-achilles\/"},"modified":"2021-10-24T23:01:51","modified_gmt":"2021-10-24T20:01:51","slug":"truong-ca-achilles","status":"publish","type":"product","link":"https:\/\/sachviet.eu\/en\/shop\/truong-ca-achilles\/","title":{"rendered":"Tr\u01b0\u1eddng Ca Achilles"},"content":{"rendered":"<p>Hy L\u1ea1p v\u00e0o th\u1eddi ho\u00e0ng kim c\u1ee7a c\u00e1c anh h\u00f9ng. Patroclus l\u00e0 m\u1ed9t ho\u00e0ng t\u1eed tr\u1ebb v\u1ee5ng v\u1ec1, b\u1ecb tr\u1ee5c xu\u1ea5t t\u1edbi v\u01b0\u01a1ng qu\u1ed1c Phthia v\u00e0 \u0111\u01b0\u1ee3c nu\u00f4i d\u1ea1y d\u01b0\u1edbi s\u1ef1 che ch\u1edf c\u1ee7a vua Peleus c\u00f9ng c\u1eadu con trai ho\u00e0ng kim c\u1ee7a ng\u00e0i, Achilles. \u201cNg\u01b0\u1eddi Hy L\u1ea1p v\u0129 \u0111\u1ea1i nh\u1ea5t\u201d \u2013 m\u1ea1nh m\u1ebd, \u0111\u1eb9p \u0111\u1ebd, v\u00e0 mang n\u1eeda d\u00f2ng m\u00e1u c\u1ee7a m\u1ed9t n\u1eef th\u1ea7n \u2013 Achilles l\u00e0 t\u1ea5t c\u1ea3 nh\u1eefng g\u00ec m\u00e0 Patroclus kh\u00f4ng bao gi\u1edd c\u00f3 \u0111\u01b0\u1ee3c. Nh\u01b0ng b\u1ea5t ch\u1ea5p s\u1ef1 kh\u00e1c bi\u1ec7t gi\u1eefa h\u1ecd, hai c\u1eadu b\u00e9 tr\u1edf th\u00e0nh chi\u1ebfn h\u1eefu trung th\u00e0nh c\u1ee7a nhau. T\u00ecnh c\u1ea3m gi\u1eefa h\u1ecd c\u00e0ng \u0111\u1eadm s\u00e2u khi c\u1ea3 hai l\u1edbn l\u00ean th\u00e0nh nh\u1eefng ch\u00e0ng trai tr\u1ebb, th\u00e0nh th\u1ea1o trong k\u0129 ngh\u1ec7 chi\u1ebfn \u0111\u1ea5u v\u00e0 y d\u01b0\u1ee3c.<\/p>\n<p>Khi tin t\u1ee9c truy\u1ec1n t\u1edbi r\u1eb1ng n\u00e0ng Helen x\u1ee9 Sparta \u0111\u00e3 b\u1ecb b\u1eaft c\u00f3c, nh\u1eefng chi\u1ebfn binh Hy L\u1ea1p, b\u1ecb tr\u00f3i bu\u1ed9c b\u1edfi l\u1eddi th\u1ec1 m\u00e1u, ph\u1ea3i nh\u00e2n danh n\u00e0ng m\u00e0 v\u00e2y h\u00e3m th\u00e0nh Troy. B\u1ecb c\u00e1m d\u1ed7 b\u1edfi l\u1eddi h\u1ee9a h\u1eb9n v\u1ec1 m\u1ed9t s\u1ed1 m\u1ec7nh huy ho\u00e0ng, Achilles tham gia h\u00e0ng ng\u0169 c\u1ee7a h\u1ecd. B\u1ecb gi\u1eb1ng x\u00e9 gi\u1eefa t\u00ecnh y\u00eau v\u00e0 n\u1ed7i lo s\u1ee3 d\u00e0nh cho ng\u01b0\u1eddi b\u1ea1n c\u1ee7a m\u00ecnh, Patroclus ra tr\u1eadn theo Achilles. H\u1ecd kh\u00f4ng hay bi\u1ebft r\u1eb1ng c\u00e1c n\u1eef th\u1ea7n S\u1ed1 Ph\u1eadn s\u1ebd th\u1eed th\u00e1ch c\u1ea3 hai ng\u01b0\u1eddi h\u1ecd h\u01a1n bao gi\u1edd h\u1ebft v\u00e0 \u0111\u00f2i h\u1ecfi m\u1ed9t s\u1ef1 hi sinh kh\u1ee7ng khi\u1ebfp.<\/p>\n<p>D\u1ef1a tr\u00ean n\u1ec1n t\u1ea3ng c\u1ee7a s\u1eed thi Iliad, c\u00e2u chuy\u1ec7n v\u1ec1 cu\u1ed9c chi\u1ebfn th\u00e0nh Troy v\u0129 \u0111\u1ea1i \u0111\u00e3 \u0111\u01b0\u1ee3c Madeline Miller k\u1ec3 l\u1ea1i v\u1edbi ti\u1ebft t\u1ea5u d\u1ed3n d\u1eadp, l\u00f4i cu\u1ed1n, v\u00e0 kh\u00f4ng k\u00e9m ph\u1ea7n x\u00fac \u0111\u1ed9ng, \u0111\u00e1nh d\u1ea5u s\u1ef1 kh\u1edfi \u0111\u1ea7u c\u1ee7a m\u1ed9t s\u1ef1 nghi\u1ec7p r\u1ef1c r\u1ee1.<\/p>\n<p>Tr\u01b0\u1eddng Ca Achilles \u0111\u00e3 \u0111o\u1ea1t gi\u1ea3i Orange n\u0103m 2012 v\u00e0 lu\u00f4n n\u1eb1m trong top c\u00e1c s\u00e1ch b\u00e1n ch\u1ea1y c\u1ee7a t\u1edd New York Times.<\/p>\n<p>S\u00e1ch \u0111\u01b0\u1ee3c t\u1eb7ng k\u00e8m bookmark c\u00f9ng cu\u1ed1n ph\u1ee5 l\u1ee5c bao g\u1ed3m danh s\u00e1ch nh\u00e2n v\u1eadt v\u00e0 b\u00e0i ph\u1ecfng v\u1ea5n t\u00e1c gi\u1ea3.<\/p>\n","protected":false},"excerpt":{"rendered":"<p>Hy L\u1ea1p v\u00e0o th\u1eddi ho\u00e0ng kim c\u1ee7a c\u00e1c anh h\u00f9ng. Patroclus l\u00e0 m\u1ed9t ho\u00e0ng t\u1eed tr\u1ebb v\u1ee5ng v\u1ec1, b\u1ecb tr\u1ee5c xu\u1ea5t t\u1edbi v\u01b0\u01a1ng qu\u1ed1c Phthia v\u00e0 \u0111\u01b0\u1ee3c nu\u00f4i d\u1ea1y d\u01b0\u1edbi s\u1ef1 che ch\u1edf c\u1ee7a vua Peleus c\u00f9ng c\u1eadu con trai ho\u00e0ng kim c\u1ee7a ng\u00e0i, Achilles. \u201cNg\u01b0\u1eddi Hy L\u1ea1p v\u0129 \u0111\u1ea1i nh\u1ea5t\u201d \u2013 m\u1ea1nh m\u1ebd, \u0111\u1eb9p \u0111\u1ebd, v\u00e0 mang n\u1eeda d\u00f2ng m\u00e1u c\u1ee7a m\u1ed9t n\u1eef th\u1ea7n \u2013 Achilles l\u00e0 t\u1ea5t c\u1ea3 nh\u1eefng g\u00ec m\u00e0 Patroclus kh\u00f4ng bao gi\u1edd c\u00f3 \u0111\u01b0\u1ee3c. Nh\u01b0ng b\u1ea5t ch\u1ea5p s\u1ef1 kh\u00e1c bi\u1ec7t gi\u1eefa h\u1ecd, hai c\u1eadu b\u00e9 tr\u1edf th\u00e0nh chi\u1ebfn h\u1eefu trung th\u00e0nh c\u1ee7a nhau. T\u00ecnh c\u1ea3m gi\u1eefa h\u1ecd c\u00e0ng \u0111\u1eadm s\u00e2u khi c\u1ea3 hai l\u1edbn l\u00ean th\u00e0nh nh\u1eefng ch\u00e0ng trai tr\u1ebb, th\u00e0nh th\u1ea1o trong k\u0129 ngh\u1ec7 chi\u1ebfn \u0111\u1ea5u v\u00e0 y d\u01b0\u1ee3c.<\/p>\n<p>Khi tin t\u1ee9c truy\u1ec1n t\u1edbi r\u1eb1ng n\u00e0ng Helen x\u1ee9 Sparta \u0111\u00e3 b\u1ecb b\u1eaft c\u00f3c, nh\u1eefng chi\u1ebfn binh Hy L\u1ea1p, b\u1ecb tr\u00f3i bu\u1ed9c b\u1edfi l\u1eddi th\u1ec1 m\u00e1u, ph\u1ea3i nh\u00e2n danh n\u00e0ng m\u00e0 v\u00e2y h\u00e3m th\u00e0nh Troy. B\u1ecb c\u00e1m d\u1ed7 b\u1edfi l\u1eddi h\u1ee9a h\u1eb9n v\u1ec1 m\u1ed9t s\u1ed1 m\u1ec7nh huy ho\u00e0ng, Achilles tham gia h\u00e0ng ng\u0169 c\u1ee7a h\u1ecd. B\u1ecb gi\u1eb1ng x\u00e9 gi\u1eefa t\u00ecnh y\u00eau v\u00e0 n\u1ed7i lo s\u1ee3 d\u00e0nh cho ng\u01b0\u1eddi b\u1ea1n c\u1ee7a m\u00ecnh, Patroclus ra tr\u1eadn theo Achilles. H\u1ecd kh\u00f4ng hay bi\u1ebft r\u1eb1ng c\u00e1c n\u1eef th\u1ea7n S\u1ed1 Ph\u1eadn s\u1ebd th\u1eed th\u00e1ch c\u1ea3 hai ng\u01b0\u1eddi h\u1ecd h\u01a1n bao gi\u1edd h\u1ebft v\u00e0 \u0111\u00f2i h\u1ecfi m\u1ed9t s\u1ef1 hi sinh kh\u1ee7ng khi\u1ebfp.<\/p>\n<p>D\u1ef1a tr\u00ean n\u1ec1n t\u1ea3ng c\u1ee7a s\u1eed thi Iliad, c\u00e2u chuy\u1ec7n v\u1ec1 cu\u1ed9c chi\u1ebfn th\u00e0nh Troy v\u0129 \u0111\u1ea1i \u0111\u00e3 \u0111\u01b0\u1ee3c Madeline Miller k\u1ec3 l\u1ea1i v\u1edbi ti\u1ebft t\u1ea5u d\u1ed3n d\u1eadp, l\u00f4i cu\u1ed1n, v\u00e0 kh\u00f4ng k\u00e9m ph\u1ea7n x\u00fac \u0111\u1ed9ng, \u0111\u00e1nh d\u1ea5u s\u1ef1 kh\u1edfi \u0111\u1ea7u c\u1ee7a m\u1ed9t s\u1ef1 nghi\u1ec7p r\u1ef1c r\u1ee1.<\/p>\n<p>Tr\u01b0\u1eddng Ca Achilles \u0111\u00e3 \u0111o\u1ea1t gi\u1ea3i Orange n\u0103m 2012 v\u00e0 lu\u00f4n n\u1eb1m trong top c\u00e1c s\u00e1ch b\u00e1n ch\u1ea1y c\u1ee7a t\u1edd New York Times.<\/p>\n<p>S\u00e1ch \u0111\u01b0\u1ee3c t\u1eb7ng k\u00e8m bookmark c\u00f9ng cu\u1ed1n ph\u1ee5 l\u1ee5c bao g\u1ed3m danh s\u00e1ch nh\u00e2n v\u1eadt v\u00e0 b\u00e0i ph\u1ecfng v\u1ea5n t\u00e1c gi\u1ea3.<\/p>\n","protected":false},"featured_media":8344,"template":"","meta":{"_acf_changed":false},"product_brand":[],"product_cat":[15,45],"product_tag":[],"class_list":{"0":"post-8345","1":"product","2":"type-product","3":"status-publish","4":"has-post-thumbnail","6":"product_cat-sach-danh-cho-nguoi-lon","7":"product_cat-tieu-thuyet","9":"first","10":"instock","11":"taxable","12":"shipping-taxable","13":"purchasable","14":"product-type-simple"},"supplier_id":null,"supplier_sku":"","barcode":null,"atum_controlled":true,"out_stock_date":null,"out_stock_threshold":null,"inheritable":false,"inbound_stock":1,"stock_on_hold":0,"sold_today":0,"sales_last_days":0,"reserved_stock":0,"customer_returns":0,"warehouse_damage":0,"lost_in_post":0,"other_logs":0,"out_stock_days":0,"lost_sales":0,"has_location":false,"update_date":"2026-01-28T23:10:42","atum_locations":[],"atum_stock_status":"instock","restock_status":false,"low_stock_amount":"","sales_update_date":"2026-01-28T23:10:42","calc_backorders":null,"acf":{"publisher":{"ID":1454,"post_author":"1","post_date":"2021-02-17 01:11:34","post_date_gmt":"2021-02-16 23:11:34","post_content":"<!-- wp:flatsome\/uxbuilder -->\n<h1 style=\"text-align: center;\"><strong>Kim \u0110\u1ed3ng<\/strong><\/h1>\n[row]\n\n[col span=\"3\" span__sm=\"12\"]\n\n[ux_image id=\"1534\" image_size=\"medium\"]\n\n\n[\/col]\n[col span=\"9\" span__sm=\"12\"]\n\n<p>Nh\u00e0 xu\u1ea5t b\u1ea3n Kim \u0110\u1ed3ng tr\u1ef1c thu\u1ed9c Trung \u01b0\u01a1ng \u0110o\u00e0n TNCS H\u1ed3 Ch\u00ed Minh l\u00e0 Nh\u00e0 xu\u1ea5t b\u1ea3n t\u1ed5ng h\u1ee3p c\u00f3 ch\u1ee9c n\u0103ng xu\u1ea5t b\u1ea3n s\u00e1ch v\u00e0 v\u0103n h\u00f3a ph\u1ea9m ph\u1ee5c v\u1ee5 thi\u1ebfu nhi v\u00e0 c\u00e1c b\u1eadc ph\u1ee5 huynh trong c\u1ea3 n\u01b0\u1edbc, qu\u1ea3ng b\u00e1 v\u00e0 gi\u1edbi thi\u1ec7u v\u0103n h\u00f3a Vi\u1ec7t Nam ra th\u1ebf gi\u1edbi.<br \/>Nh\u00e0 xu\u1ea5t b\u1ea3n c\u00f3 nhi\u1ec7m v\u1ee5 t\u1ed5 ch\u1ee9c b\u1ea3n th\u1ea3o, bi\u00ean so\u1ea1n, bi\u00ean d\u1ecbch, xu\u1ea5t b\u1ea3n v\u00e0 ph\u00e1t h\u00e0nh c\u00e1c xu\u1ea5t b\u1ea3n ph\u1ea9m c\u00f3 n\u1ed9i dung: gi\u00e1o d\u1ee5c truy\u1ec1n th\u1ed1ng d\u00e2n t\u1ed9c, gi\u00e1o d\u1ee5c v\u1ec1 tri th\u1ee9c, ki\u1ebfn th\u1ee9c\u2026 tr\u00ean c\u00e1c l\u0129nh v\u1ef1c v\u0103n h\u1ecdc, ngh\u1ec7 thu\u1eadt, khoa h\u1ecdc k\u1ef9 thu\u1eadt nh\u1eb1m cung c\u1ea5p cho c\u00e1c em thi\u1ebfu nhi c\u0169ng nh\u01b0 c\u00e1c b\u1eadc ph\u1ee5 huynh c\u00e1c ki\u1ebfn th\u1ee9c c\u1ea7n thi\u1ebft trong cu\u1ed9c s\u1ed1ng, nh\u1eefng tinh hoa c\u1ee7a tri th\u1ee9c nh\u00e2n lo\u1ea1i nh\u1eb1m g\u00f3p ph\u1ea7n gi\u00e1o d\u1ee5c v\u00e0 h\u00ecnh th\u00e0nh nh\u00e2n c\u00e1ch th\u1ebf h\u1ec7 tr\u1ebb.<br \/>\u0110\u1ed1i t\u01b0\u1ee3ng ph\u1ee5c v\u1ee5 c\u1ee7a Nh\u00e0 xu\u1ea5t b\u1ea3n l\u00e0 c\u00e1c em t\u1eeb tu\u1ed5i nh\u00e0 tr\u1ebb m\u1eabu gi\u00e1o (1 \u0111\u1ebfn 5 tu\u1ed5i), nhi \u0111\u1ed3ng (6 \u0111\u1ebfn 9 tu\u1ed5i), thi\u1ebfu ni\u00ean (10 \u0111\u1ebfn 15 tu\u1ed5i) \u0111\u1ebfn c\u00e1c em tu\u1ed5i m\u1edbi l\u1edbn (16 \u0111\u1ebfn 18 tu\u1ed5i) v\u00e0 c\u00e1c b\u1eadc ph\u1ee5 huynh.<\/p>\n\n[\/col]\n\n[\/row]\n\n<!-- \/wp:flatsome\/uxbuilder -->","post_title":"Kim \u0110\u1ed3ng","post_excerpt":"","post_status":"publish","comment_status":"closed","ping_status":"closed","post_password":"","post_name":"kim-dong","to_ping":"","pinged":"","post_modified":"2021-02-17 01:31:56","post_modified_gmt":"2021-02-16 23:31:56","post_content_filtered":"","post_parent":0,"guid":"https:\/\/sachviet.eu\/nha-phat-hanh\/kim-dong\/","menu_order":0,"post_type":"publisher","post_mime_type":"","comment_count":"0","filter":"raw"}},"_links":{"self":[{"href":"https:\/\/sachviet.eu\/en\/wp-json\/wp\/v2\/product\/8345","targetHints":{"allow":["GET"]}}],"collection":[{"href":"https:\/\/sachviet.eu\/en\/wp-json\/wp\/v2\/product"}],"about":[{"href":"https:\/\/sachviet.eu\/en\/wp-json\/wp\/v2\/types\/product"}],"wp:featuredmedia":[{"embeddable":true,"href":"https:\/\/sachviet.eu\/en\/wp-json\/wp\/v2\/media\/8344"}],"wp:attachment":[{"href":"https:\/\/sachviet.eu\/en\/wp-json\/wp\/v2\/media?parent=8345"}],"wp:term":[{"taxonomy":"product_brand","embeddable":true,"href":"https:\/\/sachviet.eu\/en\/wp-json\/wp\/v2\/product_brand?post=8345"},{"taxonomy":"product_cat","embeddable":true,"href":"https:\/\/sachviet.eu\/en\/wp-json\/wp\/v2\/product_cat?post=8345"},{"taxonomy":"product_tag","embeddable":true,"href":"https:\/\/sachviet.eu\/en\/wp-json\/wp\/v2\/product_tag?post=8345"}],"curies":[{"name":"wp","href":"https:\/\/api.w.org\/{rel}","templated":true}]}}