{"id":8329,"date":"2021-04-28T14:12:25","date_gmt":"2021-04-28T11:12:25","guid":{"rendered":"https:\/\/sachviet.eu\/shop\/co-gai-den-tu-hom-qua\/"},"modified":"2021-05-02T15:43:42","modified_gmt":"2021-05-02T12:43:42","slug":"co-gai-den-tu-hom-qua","status":"publish","type":"product","link":"https:\/\/sachviet.eu\/en\/shop\/co-gai-den-tu-hom-qua\/","title":{"rendered":"C\u00f4 G\u00e1i \u0110\u1ebfn T\u1eeb H\u00f4m Qua"},"content":{"rendered":"<p>C\u00f4 g\u00e1i \u0111\u1ebfn t\u1eeb h\u00f4m qua \u0111\u01b0\u1ee3c v\u00ed nh\u01b0 m\u1ed9t cu\u1ed1n phim c\u1ee7a qu\u00e1 kh\u1ee9 v\u00e0 hi\u1ec7n t\u1ea1i \u0111\u01b0\u1ee3c ng\u00f2i b\u00fat t\u00e0i hoa c\u1ee7a t\u00e1c gi\u1ea3 d\u1eabn d\u1eaft ta \u0111i t\u1eeb b\u1ea5t ng\u1edd n\u00e0y \u0111\u1ebfn th\u00fa v\u1ecb kh\u00e1c. N\u1ebfu ng\u00e0y x\u01b0a c\u00f2n b\u00e9, Th\u01b0 lu\u00f4n t\u1ef1 h\u00e0o m\u00ecnh l\u00e0 c\u1eadu con trai th\u00f4ng minh c\u00f3 quy\u1ec1n b\u1eaft n\u1ea1t v\u00e0 sai khi\u1ebfn c\u00e1c c\u00f4 b\u00e9 c\u00f9ng l\u1ee9a tu\u1ed5i (n\u1ea1n nh\u00e2n c\u1ee5 th\u1ec3 l\u00e0 b\u00e9 Ti\u1ec3u Li) th\u00ec gi\u1edd \u0111\u00e2y l\u1edbn l\u00ean, anh lu\u00f4n kh\u1ed5 s\u1edf khi th\u1ea5y m\u00ecnh ngu ng\u01a1 v\u00e0 b\u1ecb m\u1ed9t c\u00f4 b\u1ea1n t\u00ean l\u00e0 Vi\u1ec7t \u00c1n \u201cx\u1ecf m\u0169i\u201d. V\u00e0 \u0111i\u1ec1u ngh\u1ecbch l\u00fd \u1ea5y xem ra ng\u00e0y c\u00e0ng \u201ctr\u1edb tr\u00eau\u201d h\u01a1n\u2026 Trong l\u1ea7n t\u00e1i b\u1ea3n n\u00e0y, t\u00e1c ph\u1ea9m \u0111\u01b0\u1ee3c ra m\u1eaft theo phong c\u00e1ch m\u1edbi, v\u1edbi phi\u00ean b\u1ea3n b\u00eca th\u1ee9 14, \u0111\u01b0\u1ee3c in tr\u00ean ch\u1ea5t li\u1ec7u gi\u1ea5y d\u1ea7y v\u00e0 nh\u1eb9, k\u00e8m b\u00e0i th\u01a1 \u201cC\u00f4 g\u00e1i \u0111\u1ebfn t\u1eeb h\u00f4m qua\u201d c\u1ee7a nh\u00e0 v\u0103n Nguy\u1ec5n Nh\u1eadt \u00c1nh v\u00e0 10 h\u00ecnh minh h\u1ecda c\u1ee7a h\u1ecda s\u0129 \u0110\u1ed7 Ho\u00e0ng T\u01b0\u1eddng.<\/p>\n","protected":false},"excerpt":{"rendered":"<p>C\u00f4 g\u00e1i \u0111\u1ebfn t\u1eeb h\u00f4m qua \u0111\u01b0\u1ee3c v\u00ed nh\u01b0 m\u1ed9t cu\u1ed1n phim c\u1ee7a qu\u00e1 kh\u1ee9 v\u00e0 hi\u1ec7n t\u1ea1i \u0111\u01b0\u1ee3c ng\u00f2i b\u00fat t\u00e0i hoa c\u1ee7a t\u00e1c gi\u1ea3 d\u1eabn d\u1eaft ta \u0111i t\u1eeb b\u1ea5t ng\u1edd n\u00e0y \u0111\u1ebfn th\u00fa v\u1ecb kh\u00e1c. N\u1ebfu ng\u00e0y x\u01b0a c\u00f2n b\u00e9, Th\u01b0 lu\u00f4n t\u1ef1 h\u00e0o m\u00ecnh l\u00e0 c\u1eadu con trai th\u00f4ng minh c\u00f3 quy\u1ec1n b\u1eaft n\u1ea1t v\u00e0 sai khi\u1ebfn c\u00e1c c\u00f4 b\u00e9 c\u00f9ng l\u1ee9a tu\u1ed5i (n\u1ea1n nh\u00e2n c\u1ee5 th\u1ec3 l\u00e0 b\u00e9 Ti\u1ec3u Li) th\u00ec gi\u1edd \u0111\u00e2y l\u1edbn l\u00ean, anh lu\u00f4n kh\u1ed5 s\u1edf khi th\u1ea5y m\u00ecnh ngu ng\u01a1 v\u00e0 b\u1ecb m\u1ed9t c\u00f4 b\u1ea1n t\u00ean l\u00e0 Vi\u1ec7t \u00c1n \u201cx\u1ecf m\u0169i\u201d. V\u00e0 \u0111i\u1ec1u ngh\u1ecbch l\u00fd \u1ea5y xem ra ng\u00e0y c\u00e0ng \u201ctr\u1edb tr\u00eau\u201d h\u01a1n\u2026 Trong l\u1ea7n t\u00e1i b\u1ea3n n\u00e0y, t\u00e1c ph\u1ea9m \u0111\u01b0\u1ee3c ra m\u1eaft theo phong c\u00e1ch m\u1edbi, v\u1edbi phi\u00ean b\u1ea3n b\u00eca th\u1ee9 14, \u0111\u01b0\u1ee3c in tr\u00ean ch\u1ea5t li\u1ec7u gi\u1ea5y d\u1ea7y v\u00e0 nh\u1eb9, k\u00e8m b\u00e0i th\u01a1 \u201cC\u00f4 g\u00e1i \u0111\u1ebfn t\u1eeb h\u00f4m qua\u201d c\u1ee7a nh\u00e0 v\u0103n Nguy\u1ec5n Nh\u1eadt \u00c1nh v\u00e0 10 h\u00ecnh minh h\u1ecda c\u1ee7a h\u1ecda s\u0129 \u0110\u1ed7 Ho\u00e0ng T\u01b0\u1eddng.<\/p>\n","protected":false},"featured_media":8321,"template":"","meta":{"_acf_changed":false},"product_brand":[],"product_cat":[15,45],"product_tag":[],"class_list":{"0":"post-8329","1":"product","2":"type-product","3":"status-publish","4":"has-post-thumbnail","6":"product_cat-sach-danh-cho-nguoi-lon","7":"product_cat-tieu-thuyet","9":"first","10":"outofstock","11":"taxable","12":"shipping-taxable","13":"purchasable","14":"product-type-simple"},"supplier_id":null,"supplier_sku":"","barcode":null,"atum_controlled":true,"out_stock_date":"2021-05-02 12:43:42","out_stock_threshold":null,"inheritable":false,"inbound_stock":0,"stock_on_hold":0,"sold_today":0,"sales_last_days":0,"reserved_stock":0,"customer_returns":0,"warehouse_damage":0,"lost_in_post":0,"other_logs":0,"out_stock_days":1732,"lost_sales":0,"has_location":false,"update_date":"2026-01-28T23:10:42","atum_locations":[],"atum_stock_status":"outofstock","restock_status":false,"low_stock_amount":"","sales_update_date":"2026-01-28T23:10:42","calc_backorders":null,"acf":{"publisher":{"ID":1517,"post_author":"1","post_date":"2021-02-17 01:14:41","post_date_gmt":"2021-02-16 23:14:41","post_content":"","post_title":"NXB Tr\u1ebb","post_excerpt":"","post_status":"publish","comment_status":"closed","ping_status":"closed","post_password":"","post_name":"nxb-tre","to_ping":"","pinged":"","post_modified":"2021-02-17 01:14:41","post_modified_gmt":"2021-02-16 23:14:41","post_content_filtered":"","post_parent":0,"guid":"https:\/\/sachviet.eu\/nha-phat-hanh\/nxb-tre\/","menu_order":0,"post_type":"publisher","post_mime_type":"","comment_count":"0","filter":"raw"}},"_links":{"self":[{"href":"https:\/\/sachviet.eu\/en\/wp-json\/wp\/v2\/product\/8329","targetHints":{"allow":["GET"]}}],"collection":[{"href":"https:\/\/sachviet.eu\/en\/wp-json\/wp\/v2\/product"}],"about":[{"href":"https:\/\/sachviet.eu\/en\/wp-json\/wp\/v2\/types\/product"}],"wp:featuredmedia":[{"embeddable":true,"href":"https:\/\/sachviet.eu\/en\/wp-json\/wp\/v2\/media\/8321"}],"wp:attachment":[{"href":"https:\/\/sachviet.eu\/en\/wp-json\/wp\/v2\/media?parent=8329"}],"wp:term":[{"taxonomy":"product_brand","embeddable":true,"href":"https:\/\/sachviet.eu\/en\/wp-json\/wp\/v2\/product_brand?post=8329"},{"taxonomy":"product_cat","embeddable":true,"href":"https:\/\/sachviet.eu\/en\/wp-json\/wp\/v2\/product_cat?post=8329"},{"taxonomy":"product_tag","embeddable":true,"href":"https:\/\/sachviet.eu\/en\/wp-json\/wp\/v2\/product_tag?post=8329"}],"curies":[{"name":"wp","href":"https:\/\/api.w.org\/{rel}","templated":true}]}}