{"id":8320,"date":"2021-04-28T14:11:57","date_gmt":"2021-04-28T11:11:57","guid":{"rendered":"https:\/\/sachviet.eu\/shop\/ha-do\/"},"modified":"2021-05-02T15:43:42","modified_gmt":"2021-05-02T12:43:42","slug":"ha-do","status":"publish","type":"product","link":"https:\/\/sachviet.eu\/en\/shop\/ha-do\/","title":{"rendered":"H\u1ea1 \u0111\u1ecf"},"content":{"rendered":"<p>K\u1ec3 v\u1ec1 m\u1ed1i t\u00ecnh \u0111\u1ea7u trong s\u00e1ng c\u1ee7a m\u1ed9t c\u1eadu h\u1ecdc tr\u00f2 d\u00e0nh cho m\u1ed9t c\u00f4 g\u00e1i qu\u00ea 16 tu\u1ed5i trong d\u1ecbp v\u1ec1 qu\u00ea ngh\u1ec9 h\u00e8, v\u00e0 nh\u1eefng vi\u1ec7c l\u00e0m cao \u0111\u1eb9p c\u1ee7a c\u1eadu cho em b\u00e9 qu\u00ea ch\u00e2n ch\u1ea5t ch\u1ecbu nhi\u1ec1u thi\u1ec7t th\u00f2i \u1edf n\u00f4ng th\u00f4n. Chuy\u1ec7n nhi\u1ec1u h\u00ecnh \u1ea3nh, d\u1ec5 th\u01b0\u01a1ng v\u00e0 trong s\u00e1ng\u2026 v\u1eabn kh\u00f4ng thi\u1ebfu nh\u1eefng \u201cpha\u201d th\u00fa v\u1ecb cho ta nh\u1eefng ti\u1ebfng c\u01b0\u1eddi s\u1ea3ng kho\u00e1i.<\/p>\n","protected":false},"excerpt":{"rendered":"<p>K\u1ec3 v\u1ec1 m\u1ed1i t\u00ecnh \u0111\u1ea7u trong s\u00e1ng c\u1ee7a m\u1ed9t c\u1eadu h\u1ecdc tr\u00f2 d\u00e0nh cho m\u1ed9t c\u00f4 g\u00e1i qu\u00ea 16 tu\u1ed5i trong d\u1ecbp v\u1ec1 qu\u00ea ngh\u1ec9 h\u00e8, v\u00e0 nh\u1eefng vi\u1ec7c l\u00e0m cao \u0111\u1eb9p c\u1ee7a c\u1eadu cho em b\u00e9 qu\u00ea ch\u00e2n ch\u1ea5t ch\u1ecbu nhi\u1ec1u thi\u1ec7t th\u00f2i \u1edf n\u00f4ng th\u00f4n. Chuy\u1ec7n nhi\u1ec1u h\u00ecnh \u1ea3nh, d\u1ec5 th\u01b0\u01a1ng v\u00e0 trong s\u00e1ng\u2026 v\u1eabn kh\u00f4ng thi\u1ebfu nh\u1eefng \u201cpha\u201d th\u00fa v\u1ecb cho ta nh\u1eefng ti\u1ebfng c\u01b0\u1eddi s\u1ea3ng kho\u00e1i.<\/p>\n","protected":false},"featured_media":8310,"template":"","meta":{"_acf_changed":false},"product_brand":[],"product_cat":[15,45],"product_tag":[],"class_list":{"0":"post-8320","1":"product","2":"type-product","3":"status-publish","4":"has-post-thumbnail","6":"product_cat-sach-danh-cho-nguoi-lon","7":"product_cat-tieu-thuyet","9":"first","10":"outofstock","11":"taxable","12":"shipping-taxable","13":"purchasable","14":"product-type-simple"},"supplier_id":null,"supplier_sku":"","barcode":null,"atum_controlled":true,"out_stock_date":"2021-05-02 12:43:42","out_stock_threshold":null,"inheritable":false,"inbound_stock":0,"stock_on_hold":0,"sold_today":0,"sales_last_days":0,"reserved_stock":0,"customer_returns":0,"warehouse_damage":0,"lost_in_post":0,"other_logs":0,"out_stock_days":1732,"lost_sales":0,"has_location":false,"update_date":"2026-01-28T23:10:42","atum_locations":[],"atum_stock_status":"outofstock","restock_status":false,"low_stock_amount":"","sales_update_date":"2026-01-28T23:10:42","calc_backorders":null,"acf":{"publisher":{"ID":1517,"post_author":"1","post_date":"2021-02-17 01:14:41","post_date_gmt":"2021-02-16 23:14:41","post_content":"","post_title":"NXB Tr\u1ebb","post_excerpt":"","post_status":"publish","comment_status":"closed","ping_status":"closed","post_password":"","post_name":"nxb-tre","to_ping":"","pinged":"","post_modified":"2021-02-17 01:14:41","post_modified_gmt":"2021-02-16 23:14:41","post_content_filtered":"","post_parent":0,"guid":"https:\/\/sachviet.eu\/nha-phat-hanh\/nxb-tre\/","menu_order":0,"post_type":"publisher","post_mime_type":"","comment_count":"0","filter":"raw"}},"_links":{"self":[{"href":"https:\/\/sachviet.eu\/en\/wp-json\/wp\/v2\/product\/8320","targetHints":{"allow":["GET"]}}],"collection":[{"href":"https:\/\/sachviet.eu\/en\/wp-json\/wp\/v2\/product"}],"about":[{"href":"https:\/\/sachviet.eu\/en\/wp-json\/wp\/v2\/types\/product"}],"wp:featuredmedia":[{"embeddable":true,"href":"https:\/\/sachviet.eu\/en\/wp-json\/wp\/v2\/media\/8310"}],"wp:attachment":[{"href":"https:\/\/sachviet.eu\/en\/wp-json\/wp\/v2\/media?parent=8320"}],"wp:term":[{"taxonomy":"product_brand","embeddable":true,"href":"https:\/\/sachviet.eu\/en\/wp-json\/wp\/v2\/product_brand?post=8320"},{"taxonomy":"product_cat","embeddable":true,"href":"https:\/\/sachviet.eu\/en\/wp-json\/wp\/v2\/product_cat?post=8320"},{"taxonomy":"product_tag","embeddable":true,"href":"https:\/\/sachviet.eu\/en\/wp-json\/wp\/v2\/product_tag?post=8320"}],"curies":[{"name":"wp","href":"https:\/\/api.w.org\/{rel}","templated":true}]}}