{"id":8309,"date":"2021-04-28T14:11:17","date_gmt":"2021-04-28T11:11:17","guid":{"rendered":"https:\/\/sachviet.eu\/shop\/nu-sinh\/"},"modified":"2021-06-15T15:13:23","modified_gmt":"2021-06-15T12:13:23","slug":"nu-sinh","status":"publish","type":"product","link":"https:\/\/sachviet.eu\/en\/shop\/nu-sinh\/","title":{"rendered":"N\u1eef Sinh"},"content":{"rendered":"<p>M\u1ed9t s\u1ef1 b\u1ea5t ng\u1edd, Gia \u0111\u01b0\u1ee3c c\u1eed v\u1ec1 l\u00e0m gi\u00e1o vi\u00ean ch\u1ee7 nhi\u1ec7m l\u1edbp Xuy\u1ebfn, Th\u1ee5c, C\u00fac H\u01b0\u01a1ng. Ba c\u00f4 ho\u1ea3ng h\u1ed3n v\u00ec th\u1eddi gian qua \u0111\u00e3 \u201ch\u00e0nh h\u1ea1\u201d Gia b\u1eb1ng \u0111\u1ee7 tr\u00f2 ngh\u1ecbch ng\u1ee3m c\u1ee7a m\u00ecnh. H\u00f9ng qu\u0103n kh\u00f4ng d\u00e1m \u0111\u1ebfn l\u1edbp v\u00ec \u0111\u00e3 c\u00f3 l\u1ea7n \u0111\u00f3n \u0111\u01b0\u1eddng n\u00e9m \u0111\u00e1 Gia g\u00e2y th\u01b0\u01a1ng t\u00edch. Kh\u00f4ng ch\u1ecbu n\u1ed5i ng\u01b0\u1eddi d\u01b0\u1ee3ng gh\u1ebb. H\u00f9ng b\u1ecf nh\u00e0 ra \u0111i. V\u1edbi t\u1ea5m l\u00f2ng cao th\u01b0\u1ee3ng. Gia \u0111\u00f3n H\u00f9ng v\u1ec1 nh\u00e0 \u1edf chung v\u1edbi m\u00ecnh. Cu\u1ed1i c\u00f9ng ba c\u00f4 b\u1ea1n c\u0169ng t\u00ecm ra ch\u1ed7 \u1edf c\u1ee7a Gia. H\u1ecd s\u00f4i n\u1ed5i b\u00e0n chuy\u1ec7n \u0111i c\u1eafm tr\u1ea1i v\u00e0 xem phim cho c\u1ea3 l\u1edbp.<\/p>\n","protected":false},"excerpt":{"rendered":"<p>M\u1ed9t s\u1ef1 b\u1ea5t ng\u1edd, Gia \u0111\u01b0\u1ee3c c\u1eed v\u1ec1 l\u00e0m gi\u00e1o vi\u00ean ch\u1ee7 nhi\u1ec7m l\u1edbp Xuy\u1ebfn, Th\u1ee5c, C\u00fac H\u01b0\u01a1ng. Ba c\u00f4 ho\u1ea3ng h\u1ed3n v\u00ec th\u1eddi gian qua \u0111\u00e3 \u201ch\u00e0nh h\u1ea1\u201d Gia b\u1eb1ng \u0111\u1ee7 tr\u00f2 ngh\u1ecbch ng\u1ee3m c\u1ee7a m\u00ecnh. H\u00f9ng qu\u0103n kh\u00f4ng d\u00e1m \u0111\u1ebfn l\u1edbp v\u00ec \u0111\u00e3 c\u00f3 l\u1ea7n \u0111\u00f3n \u0111\u01b0\u1eddng n\u00e9m \u0111\u00e1 Gia g\u00e2y th\u01b0\u01a1ng t\u00edch. Kh\u00f4ng ch\u1ecbu n\u1ed5i ng\u01b0\u1eddi d\u01b0\u1ee3ng gh\u1ebb. H\u00f9ng b\u1ecf nh\u00e0 ra \u0111i. V\u1edbi t\u1ea5m l\u00f2ng cao th\u01b0\u1ee3ng. Gia \u0111\u00f3n H\u00f9ng v\u1ec1 nh\u00e0 \u1edf chung v\u1edbi m\u00ecnh. Cu\u1ed1i c\u00f9ng ba c\u00f4 b\u1ea1n c\u0169ng t\u00ecm ra ch\u1ed7 \u1edf c\u1ee7a Gia. H\u1ecd s\u00f4i n\u1ed5i b\u00e0n chuy\u1ec7n \u0111i c\u1eafm tr\u1ea1i v\u00e0 xem phim cho c\u1ea3 l\u1edbp.<\/p>\n","protected":false},"featured_media":8298,"template":"","meta":{"_acf_changed":false},"product_brand":[],"product_cat":[15,45],"product_tag":[],"class_list":{"0":"post-8309","1":"product","2":"type-product","3":"status-publish","4":"has-post-thumbnail","6":"product_cat-sach-danh-cho-nguoi-lon","7":"product_cat-tieu-thuyet","9":"first","10":"outofstock","11":"taxable","12":"shipping-taxable","13":"purchasable","14":"product-type-simple"},"supplier_id":null,"supplier_sku":"","barcode":null,"atum_controlled":true,"out_stock_date":"2021-06-15 12:13:23","out_stock_threshold":null,"inheritable":false,"inbound_stock":0,"stock_on_hold":0,"sold_today":0,"sales_last_days":0,"reserved_stock":0,"customer_returns":0,"warehouse_damage":0,"lost_in_post":0,"other_logs":0,"out_stock_days":1688,"lost_sales":0,"has_location":false,"update_date":"2026-01-28T23:10:42","atum_locations":[],"atum_stock_status":"outofstock","restock_status":false,"low_stock_amount":"","sales_update_date":"2026-01-28T23:10:42","calc_backorders":null,"acf":{"publisher":{"ID":1517,"post_author":"1","post_date":"2021-02-17 01:14:41","post_date_gmt":"2021-02-16 23:14:41","post_content":"","post_title":"NXB Tr\u1ebb","post_excerpt":"","post_status":"publish","comment_status":"closed","ping_status":"closed","post_password":"","post_name":"nxb-tre","to_ping":"","pinged":"","post_modified":"2021-02-17 01:14:41","post_modified_gmt":"2021-02-16 23:14:41","post_content_filtered":"","post_parent":0,"guid":"https:\/\/sachviet.eu\/nha-phat-hanh\/nxb-tre\/","menu_order":0,"post_type":"publisher","post_mime_type":"","comment_count":"0","filter":"raw"}},"_links":{"self":[{"href":"https:\/\/sachviet.eu\/en\/wp-json\/wp\/v2\/product\/8309","targetHints":{"allow":["GET"]}}],"collection":[{"href":"https:\/\/sachviet.eu\/en\/wp-json\/wp\/v2\/product"}],"about":[{"href":"https:\/\/sachviet.eu\/en\/wp-json\/wp\/v2\/types\/product"}],"wp:featuredmedia":[{"embeddable":true,"href":"https:\/\/sachviet.eu\/en\/wp-json\/wp\/v2\/media\/8298"}],"wp:attachment":[{"href":"https:\/\/sachviet.eu\/en\/wp-json\/wp\/v2\/media?parent=8309"}],"wp:term":[{"taxonomy":"product_brand","embeddable":true,"href":"https:\/\/sachviet.eu\/en\/wp-json\/wp\/v2\/product_brand?post=8309"},{"taxonomy":"product_cat","embeddable":true,"href":"https:\/\/sachviet.eu\/en\/wp-json\/wp\/v2\/product_cat?post=8309"},{"taxonomy":"product_tag","embeddable":true,"href":"https:\/\/sachviet.eu\/en\/wp-json\/wp\/v2\/product_tag?post=8309"}],"curies":[{"name":"wp","href":"https:\/\/api.w.org\/{rel}","templated":true}]}}