{"id":8297,"date":"2021-04-28T14:10:35","date_gmt":"2021-04-28T11:10:35","guid":{"rendered":"https:\/\/sachviet.eu\/shop\/quan-go-di-len-tai-ban\/"},"modified":"2025-05-28T20:58:28","modified_gmt":"2025-05-28T17:58:28","slug":"quan-go-di-len-tai-ban","status":"publish","type":"product","link":"https:\/\/sachviet.eu\/en\/shop\/quan-go-di-len-tai-ban\/","title":{"rendered":"Qu\u00e1n G\u00f2 \u0110i L\u00ean (T\u00e1i B\u1ea3n)"},"content":{"rendered":"<p>Chuy\u1ec7n di\u1ec5n ra \u1edf qu\u00e1n \u0110o \u0110o, qu\u00e1n \u0103n do t\u00e1c gi\u1ea3 s\u00e1ng l\u1eadp \u0111\u1ec3 nh\u1edb qu\u00ea nh\u00e0, n\u01a1i c\u00f3 ch\u1ee3 \u0110o \u0110o \u2013 ch\u1ed7 Qu\u00e1n G\u00f2 \u0111i l\u00ean \u1ea5y. B\u1edfi th\u1ebf, trong c\u00e2u truy\u1ec7n tr\u00e0n ng\u1eadp nh\u1eefng n\u1ed7i nh\u1edb, nh\u1edb m\u00f3n \u0103n, nh\u1edb gi\u1ecdng n\u00f3i, nh\u1edb th\u00f3i quen, nh\u1edb k\u1ec9 ni\u1ec7m\u2026 D\u1eabu l\u00e0 c\u00e2u chuy\u1ec7n ng\u1eadp tr\u00e0n n\u1ed7i nh\u1edb, v\u1eabn nghe trong \u0111\u00f3 nh\u1eefng ti\u1ebfng c\u01b0\u1eddi r\u1ea5t vui.<\/p>\n","protected":false},"excerpt":{"rendered":"<p>Chuy\u1ec7n di\u1ec5n ra \u1edf qu\u00e1n \u0110o \u0110o, qu\u00e1n \u0103n do t\u00e1c gi\u1ea3 s\u00e1ng l\u1eadp \u0111\u1ec3 nh\u1edb qu\u00ea nh\u00e0, n\u01a1i c\u00f3 ch\u1ee3 \u0110o \u0110o \u2013 ch\u1ed7 Qu\u00e1n G\u00f2 \u0111i l\u00ean \u1ea5y. B\u1edfi th\u1ebf, trong c\u00e2u truy\u1ec7n tr\u00e0n ng\u1eadp nh\u1eefng n\u1ed7i nh\u1edb, nh\u1edb m\u00f3n \u0103n, nh\u1edb gi\u1ecdng n\u00f3i, nh\u1edb th\u00f3i quen, nh\u1edb k\u1ec9 ni\u1ec7m\u2026 D\u1eabu l\u00e0 c\u00e2u chuy\u1ec7n ng\u1eadp tr\u00e0n n\u1ed7i nh\u1edb, v\u1eabn nghe trong \u0111\u00f3 nh\u1eefng ti\u1ebfng c\u01b0\u1eddi r\u1ea5t vui.<\/p>\n","protected":false},"featured_media":8288,"template":"","meta":{"_acf_changed":false},"product_brand":[],"product_cat":[15,45],"product_tag":[],"class_list":{"0":"post-8297","1":"product","2":"type-product","3":"status-publish","4":"has-post-thumbnail","6":"product_cat-sach-danh-cho-nguoi-lon","7":"product_cat-tieu-thuyet","9":"first","10":"outofstock","11":"taxable","12":"shipping-taxable","13":"purchasable","14":"product-type-simple"},"supplier_id":null,"supplier_sku":"","barcode":null,"atum_controlled":true,"out_stock_date":"2021-05-02 12:43:42","out_stock_threshold":null,"inheritable":false,"inbound_stock":0,"stock_on_hold":0,"sold_today":0,"sales_last_days":0,"reserved_stock":0,"customer_returns":0,"warehouse_damage":0,"lost_in_post":0,"other_logs":0,"out_stock_days":1732,"lost_sales":0,"has_location":false,"update_date":"2026-01-28T23:11:29","atum_locations":[],"atum_stock_status":"outofstock","restock_status":false,"low_stock_amount":"","sales_update_date":"2026-01-28T23:11:29","calc_backorders":null,"acf":{"publisher":{"ID":1517,"post_author":"1","post_date":"2021-02-17 01:14:41","post_date_gmt":"2021-02-16 23:14:41","post_content":"","post_title":"NXB Tr\u1ebb","post_excerpt":"","post_status":"publish","comment_status":"closed","ping_status":"closed","post_password":"","post_name":"nxb-tre","to_ping":"","pinged":"","post_modified":"2021-02-17 01:14:41","post_modified_gmt":"2021-02-16 23:14:41","post_content_filtered":"","post_parent":0,"guid":"https:\/\/sachviet.eu\/nha-phat-hanh\/nxb-tre\/","menu_order":0,"post_type":"publisher","post_mime_type":"","comment_count":"0","filter":"raw"}},"_links":{"self":[{"href":"https:\/\/sachviet.eu\/en\/wp-json\/wp\/v2\/product\/8297","targetHints":{"allow":["GET"]}}],"collection":[{"href":"https:\/\/sachviet.eu\/en\/wp-json\/wp\/v2\/product"}],"about":[{"href":"https:\/\/sachviet.eu\/en\/wp-json\/wp\/v2\/types\/product"}],"wp:featuredmedia":[{"embeddable":true,"href":"https:\/\/sachviet.eu\/en\/wp-json\/wp\/v2\/media\/8288"}],"wp:attachment":[{"href":"https:\/\/sachviet.eu\/en\/wp-json\/wp\/v2\/media?parent=8297"}],"wp:term":[{"taxonomy":"product_brand","embeddable":true,"href":"https:\/\/sachviet.eu\/en\/wp-json\/wp\/v2\/product_brand?post=8297"},{"taxonomy":"product_cat","embeddable":true,"href":"https:\/\/sachviet.eu\/en\/wp-json\/wp\/v2\/product_cat?post=8297"},{"taxonomy":"product_tag","embeddable":true,"href":"https:\/\/sachviet.eu\/en\/wp-json\/wp\/v2\/product_tag?post=8297"}],"curies":[{"name":"wp","href":"https:\/\/api.w.org\/{rel}","templated":true}]}}