{"id":8287,"date":"2021-04-28T14:10:00","date_gmt":"2021-04-28T11:10:00","guid":{"rendered":"https:\/\/sachviet.eu\/shop\/ut-quyen-va-toi\/"},"modified":"2021-05-02T15:43:42","modified_gmt":"2021-05-02T12:43:42","slug":"ut-quyen-va-toi","status":"publish","type":"product","link":"https:\/\/sachviet.eu\/en\/shop\/ut-quyen-va-toi\/","title":{"rendered":"\u00dat Quy\u00ean V\u00e0 T\u00f4i"},"content":{"rendered":"<p>T\u1eadp truy\u1ec7n ng\u1eafn v\u1edbi 12 c\u00e2u chuy\u1ec7n l\u00e0 12 ni\u1ec1m vui, 12 k\u1ec9 ni\u1ec7m d\u1ec5 th\u01b0\u01a1ng, 12 b\u00e0i h\u1ecdc gi\u1ea3n d\u1ecb m\u00e0 s\u00e2u s\u1eafc\u2026 G\u1eb7p trong t\u1eadp truy\u1ec7n n\u00e0y nh\u1eefng h\u00ecnh \u1ea3nh r\u1ea5t d\u1ec5 th\u01b0\u01a1ng, nh\u1eefng l\u1eddi tho\u1ea1i r\u1ea5t h\u1ecdc tr\u00f2\u2026<\/p>\n","protected":false},"excerpt":{"rendered":"<p>T\u1eadp truy\u1ec7n ng\u1eafn v\u1edbi 12 c\u00e2u chuy\u1ec7n l\u00e0 12 ni\u1ec1m vui, 12 k\u1ec9 ni\u1ec7m d\u1ec5 th\u01b0\u01a1ng, 12 b\u00e0i h\u1ecdc gi\u1ea3n d\u1ecb m\u00e0 s\u00e2u s\u1eafc\u2026 G\u1eb7p trong t\u1eadp truy\u1ec7n n\u00e0y nh\u1eefng h\u00ecnh \u1ea3nh r\u1ea5t d\u1ec5 th\u01b0\u01a1ng, nh\u1eefng l\u1eddi tho\u1ea1i r\u1ea5t h\u1ecdc tr\u00f2\u2026<\/p>\n","protected":false},"featured_media":8274,"template":"","meta":{"_acf_changed":false},"product_brand":[],"product_cat":[15,45],"product_tag":[],"class_list":{"0":"post-8287","1":"product","2":"type-product","3":"status-publish","4":"has-post-thumbnail","6":"product_cat-sach-danh-cho-nguoi-lon","7":"product_cat-tieu-thuyet","9":"first","10":"outofstock","11":"taxable","12":"shipping-taxable","13":"purchasable","14":"product-type-simple"},"supplier_id":null,"supplier_sku":"","barcode":null,"atum_controlled":true,"out_stock_date":"2021-05-02 12:43:42","out_stock_threshold":null,"inheritable":false,"inbound_stock":0,"stock_on_hold":0,"sold_today":0,"sales_last_days":0,"reserved_stock":0,"customer_returns":0,"warehouse_damage":0,"lost_in_post":0,"other_logs":0,"out_stock_days":1732,"lost_sales":0,"has_location":false,"update_date":"2026-01-28T23:10:42","atum_locations":[],"atum_stock_status":"outofstock","restock_status":false,"low_stock_amount":"","sales_update_date":"2026-01-28T23:10:42","calc_backorders":null,"acf":{"publisher":{"ID":1517,"post_author":"1","post_date":"2021-02-17 01:14:41","post_date_gmt":"2021-02-16 23:14:41","post_content":"","post_title":"NXB Tr\u1ebb","post_excerpt":"","post_status":"publish","comment_status":"closed","ping_status":"closed","post_password":"","post_name":"nxb-tre","to_ping":"","pinged":"","post_modified":"2021-02-17 01:14:41","post_modified_gmt":"2021-02-16 23:14:41","post_content_filtered":"","post_parent":0,"guid":"https:\/\/sachviet.eu\/nha-phat-hanh\/nxb-tre\/","menu_order":0,"post_type":"publisher","post_mime_type":"","comment_count":"0","filter":"raw"}},"_links":{"self":[{"href":"https:\/\/sachviet.eu\/en\/wp-json\/wp\/v2\/product\/8287","targetHints":{"allow":["GET"]}}],"collection":[{"href":"https:\/\/sachviet.eu\/en\/wp-json\/wp\/v2\/product"}],"about":[{"href":"https:\/\/sachviet.eu\/en\/wp-json\/wp\/v2\/types\/product"}],"wp:featuredmedia":[{"embeddable":true,"href":"https:\/\/sachviet.eu\/en\/wp-json\/wp\/v2\/media\/8274"}],"wp:attachment":[{"href":"https:\/\/sachviet.eu\/en\/wp-json\/wp\/v2\/media?parent=8287"}],"wp:term":[{"taxonomy":"product_brand","embeddable":true,"href":"https:\/\/sachviet.eu\/en\/wp-json\/wp\/v2\/product_brand?post=8287"},{"taxonomy":"product_cat","embeddable":true,"href":"https:\/\/sachviet.eu\/en\/wp-json\/wp\/v2\/product_cat?post=8287"},{"taxonomy":"product_tag","embeddable":true,"href":"https:\/\/sachviet.eu\/en\/wp-json\/wp\/v2\/product_tag?post=8287"}],"curies":[{"name":"wp","href":"https:\/\/api.w.org\/{rel}","templated":true}]}}