{"id":8273,"date":"2021-04-28T14:09:04","date_gmt":"2021-04-28T11:09:04","guid":{"rendered":"https:\/\/sachviet.eu\/shop\/nguoi-quang-di-an-mi-quang\/"},"modified":"2021-05-02T15:43:42","modified_gmt":"2021-05-02T12:43:42","slug":"nguoi-quang-di-an-mi-quang","status":"publish","type":"product","link":"https:\/\/sachviet.eu\/en\/shop\/nguoi-quang-di-an-mi-quang\/","title":{"rendered":"Ng\u01b0\u1eddi Qu\u1ea3ng \u0110i \u0102n M\u00ec Qu\u1ea3ng"},"content":{"rendered":"<p>\u201cT\u1ea1p v\u0103n c\u1ee7a Nguy\u1ec5n Nh\u1eadt \u00c1nh kh\u00f4ng ch\u1ec9 lu\u1eadn b\u00e0n v\u1ec1 m\u00ec Qu\u1ea3ng. Anh n\u00f3i \u0111\u1ee7 m\u1ecdi th\u1ee9 tr\u00ean tr\u1eddi d\u01b0\u1edbi b\u1ec3. T\u1eeb m\u00f3n \u0103n \u0111\u1ebfn th\u01b0 ph\u00e1p, t\u1eeb s\u00e2n kh\u1ea5u \u0111\u1ebfn \u0111i\u1ec7n \u1ea3nh, t\u1eeb chuy\u1ec7n \u1edf nh\u00e0 \u0111\u1ebfn chuy\u1ec7n c\u01a1 quan, t\u1eeb chuy\u1ec7n si\u00eau th\u1ecb \u0111\u1ebfn chuy\u1ec7n ph\u1ed1 x\u00e1, t\u1eeb chuy\u1ec7n S\u00e0i G\u00f2n \u0111\u1ebfn chuy\u1ec7n mi\u1ec1n T\u00e2y&#8230; Anh lu\u1eadn b\u00e0n \u0111\u1ee7 th\u1ee9: t\u1eeb l\u1edbn \u0111\u1ebfn nh\u1ecf, t\u1eeb \u0111\u1ed3 gi\u1ea3 \u0111\u1ebfn cu\u1ed9c n\u00e1o lo\u1ea1n Hollywood, t\u1eeb qu\u1ea1t Cophaco \u0111\u1ebfn qu\u1ea1t Ba Ti\u00eau&#8230; Anh c\u0169ng th\u00edch \u0111\u1ee7 m\u1ecdi th\u1ee9: t\u1eeb th\u00fa \u0111\u1ecdc qu\u1ea3ng c\u00e1o \u0111\u1ebfn nghe c\u1ea3i l\u01b0\u01a1ng b\u00ean s\u00f4ng Ti\u1ec1n, t\u1eeb xem b\u00f3ng \u0111\u00e1 \u0111\u1ebfn ng\u1eafm hoa \u0111\u00e0o trong tranh, r\u1ed3i \u201cchat\u201d&#8230; R\u1ed3i bu\u1ed3n v\u00e0 nu\u1ed1i ti\u1ebfc nh\u1eefng k\u1ef7 ni\u1ec7m x\u01b0a nh\u01b0 Chia tay bu\u1ed5i chi\u1ec1u, S\u00e1ch c\u1ee7a m\u1ed9t th\u1eddi, Bu\u1ed3n g\u00ec \u0111\u00e2u&#8230;<\/p>\n<p>Anh tr\u00f2 chuy\u1ec7n v\u1edbi \u0111\u1ee7 m\u1ecdi ng\u01b0\u1eddi: t\u1eeb g\u00e3 h\u1ecd \u0110\u1ed7 \u1edf b\u00e1o S\u00e0i G\u00f2n Ti\u1ebfp Th\u1ecb \u0111\u1ebfn c\u00e1c b\u1ea1n \u0111\u1ecdc nh\u00ed c\u1ee7a t\u1edd M\u1ef1c T\u00edm, t\u1eeb ch\u1ecb tr\u00f4ng gi\u1eef xe \u0111\u1ebfn nh\u1eefng ng\u01b0\u1eddi h\u00e0ng x\u00f3m, b\u00e0 c\u1ee5 b\u00e1n n\u01b0\u1edbc, t\u1eeb c\u00f4 con g\u00e1i nh\u1ecf trong nh\u00e0 \u0111\u1ebfn nh\u1eefng em b\u00e9 ch\u1eb3ng h\u1ec1 quen&#8230; lang thang trong nh\u1eefng ki\u1ebfp ng\u01b0\u1eddi&#8230; \u0110\u1ecdc h\u1ebft, m\u1edbi th\u1ea5y m\u1ed9t Nguy\u1ec5n Nh\u1eadt \u00c1nh th\u1eadt \u00e2n t\u00ecnh v\u00e0 t\u1ec9 m\u1ec9. H\u00f3a ra nh\u1eefng cu\u1ed9c tr\u00f2 chuy\u1ec7n c\u1ee7a anh c\u1ee9 t\u01b0\u1edfng l\u00e0 t\u1ea7m ph\u00e0o th\u1ebf m\u00e0 \u0111\u1ea7y tri\u1ebft l\u00fd. Anh kh\u00f4ng b\u00e0ng quan, kh\u00f4ng th\u1edd \u01a1 v\u1edbi cu\u1ed9c s\u1ed1ng m\u00e0 n\u1eb7ng l\u00f2ng v\u1edbi h\u1ebft th\u1ea3y. Sau m\u1ed7i cu\u1ed9c chuy\u1ec7n tr\u00f2, cho d\u00f9 \u0111\u00f3 l\u00e0 cu\u1ed9c g\u1eb7p g\u1ee1 ng\u1eabu nhi\u00ean, bao gi\u1edd anh c\u0169ng ph\u00e1t hi\u1ec7n ra m\u1ed9t \u0111i\u1ec1u g\u00ec \u0111\u1ea5y &#8211; c\u00e1i \u0111i\u1ec1u m\u00e0 ch\u00ednh anh c\u0169ng th\u1ea5y b\u1ea5t ng\u1edd, th\u00fa v\u1ecb.<\/p>\n","protected":false},"excerpt":{"rendered":"<p>\u201cT\u1ea1p v\u0103n c\u1ee7a Nguy\u1ec5n Nh\u1eadt \u00c1nh kh\u00f4ng ch\u1ec9 lu\u1eadn b\u00e0n v\u1ec1 m\u00ec Qu\u1ea3ng. Anh n\u00f3i \u0111\u1ee7 m\u1ecdi th\u1ee9 tr\u00ean tr\u1eddi d\u01b0\u1edbi b\u1ec3. T\u1eeb m\u00f3n \u0103n \u0111\u1ebfn th\u01b0 ph\u00e1p, t\u1eeb s\u00e2n kh\u1ea5u \u0111\u1ebfn \u0111i\u1ec7n \u1ea3nh, t\u1eeb chuy\u1ec7n \u1edf nh\u00e0 \u0111\u1ebfn chuy\u1ec7n c\u01a1 quan, t\u1eeb chuy\u1ec7n si\u00eau th\u1ecb \u0111\u1ebfn chuy\u1ec7n ph\u1ed1 x\u00e1, t\u1eeb chuy\u1ec7n S\u00e0i G\u00f2n \u0111\u1ebfn chuy\u1ec7n mi\u1ec1n T\u00e2y&#8230; Anh lu\u1eadn b\u00e0n \u0111\u1ee7 th\u1ee9: t\u1eeb l\u1edbn \u0111\u1ebfn nh\u1ecf, t\u1eeb \u0111\u1ed3 gi\u1ea3 \u0111\u1ebfn cu\u1ed9c n\u00e1o lo\u1ea1n Hollywood, t\u1eeb qu\u1ea1t Cophaco \u0111\u1ebfn qu\u1ea1t Ba Ti\u00eau&#8230; Anh c\u0169ng th\u00edch \u0111\u1ee7 m\u1ecdi th\u1ee9: t\u1eeb th\u00fa \u0111\u1ecdc qu\u1ea3ng c\u00e1o \u0111\u1ebfn nghe c\u1ea3i l\u01b0\u01a1ng b\u00ean s\u00f4ng Ti\u1ec1n, t\u1eeb xem b\u00f3ng \u0111\u00e1 \u0111\u1ebfn ng\u1eafm hoa \u0111\u00e0o trong tranh, r\u1ed3i \u201cchat\u201d&#8230; R\u1ed3i bu\u1ed3n v\u00e0 nu\u1ed1i ti\u1ebfc nh\u1eefng k\u1ef7 ni\u1ec7m x\u01b0a nh\u01b0 Chia tay bu\u1ed5i chi\u1ec1u, S\u00e1ch c\u1ee7a m\u1ed9t th\u1eddi, Bu\u1ed3n g\u00ec \u0111\u00e2u&#8230;<\/p>\n<p>Anh tr\u00f2 chuy\u1ec7n v\u1edbi \u0111\u1ee7 m\u1ecdi ng\u01b0\u1eddi: t\u1eeb g\u00e3 h\u1ecd \u0110\u1ed7 \u1edf b\u00e1o S\u00e0i G\u00f2n Ti\u1ebfp Th\u1ecb \u0111\u1ebfn c\u00e1c b\u1ea1n \u0111\u1ecdc nh\u00ed c\u1ee7a t\u1edd M\u1ef1c T\u00edm, t\u1eeb ch\u1ecb tr\u00f4ng gi\u1eef xe \u0111\u1ebfn nh\u1eefng ng\u01b0\u1eddi h\u00e0ng x\u00f3m, b\u00e0 c\u1ee5 b\u00e1n n\u01b0\u1edbc, t\u1eeb c\u00f4 con g\u00e1i nh\u1ecf trong nh\u00e0 \u0111\u1ebfn nh\u1eefng em b\u00e9 ch\u1eb3ng h\u1ec1 quen&#8230; lang thang trong nh\u1eefng ki\u1ebfp ng\u01b0\u1eddi&#8230; \u0110\u1ecdc h\u1ebft, m\u1edbi th\u1ea5y m\u1ed9t Nguy\u1ec5n Nh\u1eadt \u00c1nh th\u1eadt \u00e2n t\u00ecnh v\u00e0 t\u1ec9 m\u1ec9. H\u00f3a ra nh\u1eefng cu\u1ed9c tr\u00f2 chuy\u1ec7n c\u1ee7a anh c\u1ee9 t\u01b0\u1edfng l\u00e0 t\u1ea7m ph\u00e0o th\u1ebf m\u00e0 \u0111\u1ea7y tri\u1ebft l\u00fd. Anh kh\u00f4ng b\u00e0ng quan, kh\u00f4ng th\u1edd \u01a1 v\u1edbi cu\u1ed9c s\u1ed1ng m\u00e0 n\u1eb7ng l\u00f2ng v\u1edbi h\u1ebft th\u1ea3y. Sau m\u1ed7i cu\u1ed9c chuy\u1ec7n tr\u00f2, cho d\u00f9 \u0111\u00f3 l\u00e0 cu\u1ed9c g\u1eb7p g\u1ee1 ng\u1eabu nhi\u00ean, bao gi\u1edd anh c\u0169ng ph\u00e1t hi\u1ec7n ra m\u1ed9t \u0111i\u1ec1u g\u00ec \u0111\u1ea5y &#8211; c\u00e1i \u0111i\u1ec1u m\u00e0 ch\u00ednh anh c\u0169ng th\u1ea5y b\u1ea5t ng\u1edd, th\u00fa v\u1ecb.<\/p>\n","protected":false},"featured_media":8265,"template":"","meta":{"_acf_changed":false},"product_brand":[],"product_cat":[15,45],"product_tag":[],"class_list":{"0":"post-8273","1":"product","2":"type-product","3":"status-publish","4":"has-post-thumbnail","6":"product_cat-sach-danh-cho-nguoi-lon","7":"product_cat-tieu-thuyet","9":"first","10":"outofstock","11":"taxable","12":"shipping-taxable","13":"purchasable","14":"product-type-simple"},"supplier_id":null,"supplier_sku":"","barcode":null,"atum_controlled":true,"out_stock_date":"2021-05-02 12:43:42","out_stock_threshold":null,"inheritable":false,"inbound_stock":0,"stock_on_hold":0,"sold_today":0,"sales_last_days":0,"reserved_stock":0,"customer_returns":0,"warehouse_damage":0,"lost_in_post":0,"other_logs":0,"out_stock_days":1732,"lost_sales":0,"has_location":false,"update_date":"2026-01-28T23:10:42","atum_locations":[],"atum_stock_status":"outofstock","restock_status":false,"low_stock_amount":"","sales_update_date":"2026-01-28T23:10:42","calc_backorders":null,"acf":{"publisher":{"ID":1517,"post_author":"1","post_date":"2021-02-17 01:14:41","post_date_gmt":"2021-02-16 23:14:41","post_content":"","post_title":"NXB Tr\u1ebb","post_excerpt":"","post_status":"publish","comment_status":"closed","ping_status":"closed","post_password":"","post_name":"nxb-tre","to_ping":"","pinged":"","post_modified":"2021-02-17 01:14:41","post_modified_gmt":"2021-02-16 23:14:41","post_content_filtered":"","post_parent":0,"guid":"https:\/\/sachviet.eu\/nha-phat-hanh\/nxb-tre\/","menu_order":0,"post_type":"publisher","post_mime_type":"","comment_count":"0","filter":"raw"}},"_links":{"self":[{"href":"https:\/\/sachviet.eu\/en\/wp-json\/wp\/v2\/product\/8273","targetHints":{"allow":["GET"]}}],"collection":[{"href":"https:\/\/sachviet.eu\/en\/wp-json\/wp\/v2\/product"}],"about":[{"href":"https:\/\/sachviet.eu\/en\/wp-json\/wp\/v2\/types\/product"}],"wp:featuredmedia":[{"embeddable":true,"href":"https:\/\/sachviet.eu\/en\/wp-json\/wp\/v2\/media\/8265"}],"wp:attachment":[{"href":"https:\/\/sachviet.eu\/en\/wp-json\/wp\/v2\/media?parent=8273"}],"wp:term":[{"taxonomy":"product_brand","embeddable":true,"href":"https:\/\/sachviet.eu\/en\/wp-json\/wp\/v2\/product_brand?post=8273"},{"taxonomy":"product_cat","embeddable":true,"href":"https:\/\/sachviet.eu\/en\/wp-json\/wp\/v2\/product_cat?post=8273"},{"taxonomy":"product_tag","embeddable":true,"href":"https:\/\/sachviet.eu\/en\/wp-json\/wp\/v2\/product_tag?post=8273"}],"curies":[{"name":"wp","href":"https:\/\/api.w.org\/{rel}","templated":true}]}}