{"id":8264,"date":"2021-04-28T14:08:37","date_gmt":"2021-04-28T11:08:37","guid":{"rendered":"https:\/\/sachviet.eu\/shop\/sach-ki-nang-ren-luyen-thoi-quen-tot-song-ngu-phan-2-set-5-quyen-en-xinh-soc-do-de-den-dom-nho-lon-hong\/"},"modified":"2022-05-21T18:37:16","modified_gmt":"2022-05-21T15:37:16","slug":"sach-ki-nang-ren-luyen-thoi-quen-tot-song-ngu-phan-2-set-5-quyen-en-xinh-soc-do-de-den-dom-nho-lon-hong","status":"publish","type":"product","link":"https:\/\/sachviet.eu\/en\/shop\/sach-ki-nang-ren-luyen-thoi-quen-tot-song-ngu-phan-2-set-5-quyen-en-xinh-soc-do-de-den-dom-nho-lon-hong\/","title":{"rendered":"S\u00e1ch K\u0129 N\u0103ng R\u00e8n Luy\u1ec7n Th\u00f3i Quen T\u1ed1t (Song Ng\u1eef) Ph\u1ea7n 2 &#8211; set 5 quy\u1ec3n (\u00c9n xinh, S\u00f3c \u0111\u1ecf, D\u00ea \u0111en, \u0110\u1ed1m nh\u1ecf, L\u1ee3n h\u1ed3ng)"},"content":{"rendered":"<p>Nu\u00f4i d\u01b0\u1ee1ng cho con nh\u1eefng th\u00f3i quen t\u1ed1t lu\u00f4n l\u00e0 m\u1ed1i quan t\u00e2m h\u00e0ng \u0111\u1ea7u c\u1ee7a cha m\u1eb9. Do v\u1eady, b\u1ed9 s\u00e1ch K\u0129 n\u0103ng song ng\u1eef R\u00e8n luy\u1ec7n th\u00f3i quen t\u1ed1t s\u1ebd l\u00e0 m\u00f3n qu\u00e0 \u00fd ngh\u0129a gi\u00fap b\u1ed1 m\u1eb9 \u0111\u1ed3ng h\u00e0nh c\u00f9ng con trong vi\u1ec7c nh\u1eadn th\u1ee9c v\u00e0 h\u00ecnh th\u00e0nh nh\u1eefng \u0111\u1ee9c t\u00ednh t\u1ed1t.<\/p>\n<p>B\u1ed9 s\u00e1ch K\u0129 n\u0103ng song ng\u1eef R\u00e8n luy\u1ec7n th\u00f3i quen t\u1ed1t (m\u1edbi) bao g\u1ed3m 5 t\u1ef1a s\u00e1ch: Bi\u1ebft l\u1eafng nghe nh\u00e9 L\u1ee3n h\u1ed3ng; \u0110\u1eebng l\u01b0\u1eddi bi\u1ebfng v\u1eady, \u00c9n xinh; \u0110\u1eebng ham ch\u01a1i su\u1ed1t th\u1ebf, S\u00f3c \u0111\u1ecf; \u0110\u1eebng nh\u00fat nh\u00e1t th\u1ebf, D\u00ea \u0111en; \u0110\u1eebng th\u1ea5t h\u1ee9a nh\u00e9, \u0110\u1ed1m nh\u1ecf.<\/p>\n<p>V\u1edbi nh\u1eefng c\u00e2u chuy\u1ec7n \u0111\u01a1n gi\u1ea3n, c\u00e1c nh\u00e2n v\u1eadt g\u1ea7n g\u0169i, h\u00ecnh \u1ea3nh minh h\u1ecda hi\u1ec7n \u0111\u1ea1i, \u0111\u1eb9p m\u1eaft s\u1ebd gi\u00fap c\u00e1c b\u00e9 r\u00e8n luy\u1ec7n nh\u1eefng th\u00f3i quen t\u1ed1t, l\u00e0nh m\u1ea1nh nh\u01b0 bi\u1ebft l\u1eafng nghe, th\u1eadt th\u00e0, ch\u0103m ch\u1ec9, bi\u1ebft quan t\u00e2m gi\u00fap \u0111\u1ee1 ng\u01b0\u1eddi kh\u00e1c, bi\u1ebft t\u1ef1 l\u00e0m nh\u1eefng c\u00f4ng vi\u1ec7c \u0111\u01a1n gi\u1ea3n trong cu\u1ed9c s\u1ed1ng h\u00e0ng ng\u00e0y. B\u1ed9 s\u00e1ch s\u1ebd l\u00e0 ng\u01b0\u1eddi b\u1ea1n t\u1ed1t \u0111\u1ec3 b\u1ed3i d\u01b0\u1ee1ng, x\u00e2y \u0111\u1eafp th\u00f3i quen, t\u00ednh c\u00e1ch, t\u00e2m h\u1ed3n\u2026 cho b\u00e9 y\u00eau.<\/p>\n<p>Ngo\u00e0i ra, b\u1ed9 s\u00e1ch \u0111\u01b0\u1ee3c bi\u00ean so\u1ea1n song ng\u1eef Anh &#8211; Vi\u1ec7t, gi\u00fap c\u00e1c b\u00e9 l\u00e0m quen v\u1edbi c\u00e1c t\u1eeb, c\u00e1c c\u00e2u ti\u1ebfng Anh \u0111\u01a1n gi\u1ea3n, h\u00e0ng ng\u00e0y, gi\u00fap kh\u01a1i g\u1ee3i ni\u1ec1m h\u1ee9ng th\u00fa h\u1ecdc ngo\u1ea1i ng\u1eef cho c\u00e1c b\u00e9.<\/p>\n","protected":false},"excerpt":{"rendered":"<p>Nu\u00f4i d\u01b0\u1ee1ng cho con nh\u1eefng th\u00f3i quen t\u1ed1t lu\u00f4n l\u00e0 m\u1ed1i quan t\u00e2m h\u00e0ng \u0111\u1ea7u c\u1ee7a cha m\u1eb9. Do v\u1eady, b\u1ed9 s\u00e1ch K\u0129 n\u0103ng song ng\u1eef R\u00e8n luy\u1ec7n th\u00f3i quen t\u1ed1t s\u1ebd l\u00e0 m\u00f3n qu\u00e0 \u00fd ngh\u0129a gi\u00fap b\u1ed1 m\u1eb9 \u0111\u1ed3ng h\u00e0nh c\u00f9ng con trong vi\u1ec7c nh\u1eadn th\u1ee9c v\u00e0 h\u00ecnh th\u00e0nh nh\u1eefng \u0111\u1ee9c t\u00ednh t\u1ed1t.<\/p>\n<p>B\u1ed9 s\u00e1ch K\u0129 n\u0103ng song ng\u1eef R\u00e8n luy\u1ec7n th\u00f3i quen t\u1ed1t (m\u1edbi) bao g\u1ed3m 5 t\u1ef1a s\u00e1ch: Bi\u1ebft l\u1eafng nghe nh\u00e9 L\u1ee3n h\u1ed3ng; \u0110\u1eebng l\u01b0\u1eddi bi\u1ebfng v\u1eady, \u00c9n xinh; \u0110\u1eebng ham ch\u01a1i su\u1ed1t th\u1ebf, S\u00f3c \u0111\u1ecf; \u0110\u1eebng nh\u00fat nh\u00e1t th\u1ebf, D\u00ea \u0111en; \u0110\u1eebng th\u1ea5t h\u1ee9a nh\u00e9, \u0110\u1ed1m nh\u1ecf.<\/p>\n<p>V\u1edbi nh\u1eefng c\u00e2u chuy\u1ec7n \u0111\u01a1n gi\u1ea3n, c\u00e1c nh\u00e2n v\u1eadt g\u1ea7n g\u0169i, h\u00ecnh \u1ea3nh minh h\u1ecda hi\u1ec7n \u0111\u1ea1i, \u0111\u1eb9p m\u1eaft s\u1ebd gi\u00fap c\u00e1c b\u00e9 r\u00e8n luy\u1ec7n nh\u1eefng th\u00f3i quen t\u1ed1t, l\u00e0nh m\u1ea1nh nh\u01b0 bi\u1ebft l\u1eafng nghe, th\u1eadt th\u00e0, ch\u0103m ch\u1ec9, bi\u1ebft quan t\u00e2m gi\u00fap \u0111\u1ee1 ng\u01b0\u1eddi kh\u00e1c, bi\u1ebft t\u1ef1 l\u00e0m nh\u1eefng c\u00f4ng vi\u1ec7c \u0111\u01a1n gi\u1ea3n trong cu\u1ed9c s\u1ed1ng h\u00e0ng ng\u00e0y. B\u1ed9 s\u00e1ch s\u1ebd l\u00e0 ng\u01b0\u1eddi b\u1ea1n t\u1ed1t \u0111\u1ec3 b\u1ed3i d\u01b0\u1ee1ng, x\u00e2y \u0111\u1eafp th\u00f3i quen, t\u00ednh c\u00e1ch, t\u00e2m h\u1ed3n\u2026 cho b\u00e9 y\u00eau.<\/p>\n<p>Ngo\u00e0i ra, b\u1ed9 s\u00e1ch \u0111\u01b0\u1ee3c bi\u00ean so\u1ea1n song ng\u1eef Anh &#8211; Vi\u1ec7t, gi\u00fap c\u00e1c b\u00e9 l\u00e0m quen v\u1edbi c\u00e1c t\u1eeb, c\u00e1c c\u00e2u ti\u1ebfng Anh \u0111\u01a1n gi\u1ea3n, h\u00e0ng ng\u00e0y, gi\u00fap kh\u01a1i g\u1ee3i ni\u1ec1m h\u1ee9ng th\u00fa h\u1ecdc ngo\u1ea1i ng\u1eef cho c\u00e1c b\u00e9.<\/p>\n","protected":false},"featured_media":8258,"template":"","meta":{"_acf_changed":false},"product_brand":[],"product_cat":[25,17,39],"product_tag":[],"class_list":{"0":"post-8264","1":"product","2":"type-product","3":"status-publish","4":"has-post-thumbnail","6":"product_cat-nhi-dong-6-tuoi-12-tuoi","7":"product_cat-sach-danh-cho-cac-be","8":"product_cat-sach-song-ngu-anh-viet","10":"first","11":"outofstock","12":"taxable","13":"shipping-taxable","14":"purchasable","15":"product-type-simple"},"supplier_id":null,"supplier_sku":"","barcode":null,"atum_controlled":true,"out_stock_date":"2022-05-21 12:37:16","out_stock_threshold":null,"inheritable":false,"inbound_stock":0,"stock_on_hold":0,"sold_today":0,"sales_last_days":0,"reserved_stock":0,"customer_returns":0,"warehouse_damage":0,"lost_in_post":0,"other_logs":0,"out_stock_days":1348,"lost_sales":0,"has_location":false,"update_date":"2026-01-28T23:10:42","atum_locations":[],"atum_stock_status":"outofstock","restock_status":false,"low_stock_amount":"","sales_update_date":"2026-01-28T23:10:42","calc_backorders":null,"acf":{"publisher":{"ID":5287,"post_author":"1","post_date":"2021-03-12 00:21:11","post_date_gmt":"2021-03-11 22:21:11","post_content":"","post_title":"Phuc Minh Books","post_excerpt":"","post_status":"publish","comment_status":"closed","ping_status":"closed","post_password":"","post_name":"phuc-minh-books","to_ping":"","pinged":"","post_modified":"2021-03-12 00:21:11","post_modified_gmt":"2021-03-11 22:21:11","post_content_filtered":"","post_parent":0,"guid":"https:\/\/sachviet.eu\/blog\/nha-phat-hanh\/phuc-minh-books\/","menu_order":0,"post_type":"publisher","post_mime_type":"","comment_count":"0","filter":"raw"}},"_links":{"self":[{"href":"https:\/\/sachviet.eu\/en\/wp-json\/wp\/v2\/product\/8264","targetHints":{"allow":["GET"]}}],"collection":[{"href":"https:\/\/sachviet.eu\/en\/wp-json\/wp\/v2\/product"}],"about":[{"href":"https:\/\/sachviet.eu\/en\/wp-json\/wp\/v2\/types\/product"}],"wp:featuredmedia":[{"embeddable":true,"href":"https:\/\/sachviet.eu\/en\/wp-json\/wp\/v2\/media\/8258"}],"wp:attachment":[{"href":"https:\/\/sachviet.eu\/en\/wp-json\/wp\/v2\/media?parent=8264"}],"wp:term":[{"taxonomy":"product_brand","embeddable":true,"href":"https:\/\/sachviet.eu\/en\/wp-json\/wp\/v2\/product_brand?post=8264"},{"taxonomy":"product_cat","embeddable":true,"href":"https:\/\/sachviet.eu\/en\/wp-json\/wp\/v2\/product_cat?post=8264"},{"taxonomy":"product_tag","embeddable":true,"href":"https:\/\/sachviet.eu\/en\/wp-json\/wp\/v2\/product_tag?post=8264"}],"curies":[{"name":"wp","href":"https:\/\/api.w.org\/{rel}","templated":true}]}}