{"id":8250,"date":"2021-04-28T14:07:55","date_gmt":"2021-04-28T11:07:55","guid":{"rendered":"https:\/\/sachviet.eu\/shop\/suong-khoi-que-nha\/"},"modified":"2021-05-02T15:43:42","modified_gmt":"2021-05-02T12:43:42","slug":"suong-khoi-que-nha","status":"publish","type":"product","link":"https:\/\/sachviet.eu\/en\/shop\/suong-khoi-que-nha\/","title":{"rendered":"S\u01b0\u01a1ng Kh\u00f3i Qu\u00ea Nh\u00e0"},"content":{"rendered":"<p>C\u00f3 th\u1ec3 \u0111\u1eb7t t\u00ean n\u00f4m na 3 ph\u1ea7n theo s\u1ed1 th\u1ee9 t\u1ef1 trong cu\u1ed1n T\u1ea1p v\u0103n m\u1edbi c\u1ee7a Nguy\u1ec5n Nh\u1eadt \u00c1nh \u201cS\u01b0\u01a1ng kh\u00f3i qu\u00ea nh\u00e0\u201d: T\u00ecnh qu\u00ea, Ng\u01b0\u1eddi th\u00e2n, v\u00e0 Nh\u1eefng chuy\u1ebfn \u0111i.<\/p>\n<p>34 b\u00e0i b\u00e1o, vi\u1ebft t\u1eeb 2010 \u0111\u1ebfn nay, v\u1ec1 c\u00e1c \u0111\u1ec1 t\u00e0i kh\u00e1c nhau. Nh\u1eefng nh\u1edb th\u01b0\u01a1ng mi\u1ec1n qu\u00ea ngh\u00e8o Qu\u1ea3ng Nam qua k\u1ef7 ni\u1ec7m th\u1eddi th\u01a1 b\u00e9; t\u00ecnh \u0111\u1eddi , t\u00ecnh ng\u01b0\u1eddi; t\u00ecnh th\u00e2m v\u1edbi b\u1ea1n v\u0103n v\u00e0 nh\u1eefng ng\u01b0\u1eddi m\u00e0 anh y\u00eau qu\u00fd. L\u00e0 nh\u1eefng suy ng\u1eabm c\u1ee7a anh v\u1ec1 cu\u1ed9c \u0111\u1eddi, qua v\u00f4 v\u00e0n chi ti\u1ebft nh\u1ecf trong ph\u00e1t hi\u1ec7n khi\u1ebfn \u0111\u1ecdc l\u00e0 th\u1ea5y b\u1ea5t ng\u1edd \u0111\u1ea7y th\u00edch th\u00fa.<\/p>\n<p>H\u1ea5p d\u1eabn v\u00f4 c\u00f9ng l\u00e0 nh\u1eefng b\u00e0i c\u00f3 li\u00ean quan \u0111\u1ebfn s\u00e1ch: t\u1eeb ti\u1ec7m s\u00e1ch, \u0111\u1ebfn cu\u1ed1n s\u00e1ch c\u1ee5 th\u1ec3, r\u1ed3i ng\u01b0\u1eddi l\u00e0m s\u00e1ch, chuy\u1ec7n s\u00e1ch \u1edf Th\u1ee5y \u0110i\u1ec3n, Th\u00e1i Lan\u2026 chuy\u1ec7n \u0111i shopping, th\u1eddi trang,\u0111\u00e1nh b\u1ea1c, v\u00e0 t\u1ea5t nhi\u00ean chuy\u1ec7n b\u00f3ng \u0111\u00e1 c\u0169ng \u0111\u01b0\u1ee3c \u0111\u1ec1 c\u1eadp, v\u1eabn b\u1eb1ng gi\u1ecdng h\u00f3m h\u1ec9nh v\u1ed1n c\u00f3.<\/p>\n<p>N\u00f3i nh\u01b0 nh\u00e0 th\u01a1 \u00dd Nhi v\u1ec1 t\u1ea1p v\u0103n c\u1ee7a anh: \u201cNh\u1eefng b\u00e0i b\u00e1o \u2013 nh\u1eefng t\u1ea1p v\u0103n \u2013 c\u1ee7a Nguy\u1ec5n Nh\u1eadt \u00c1nh, m\u1eb7c d\u00f9 \u0111\u01b0\u1ee3c vi\u1ebft v\u00e0o nh\u1eefng th\u1eddi \u0111i\u1ec3m kh\u00e1c nhau v\u00e0 bao g\u1ed3m nh\u1eefng s\u1ef1 vi\u1ec7c, nh\u1eefng v\u1ea5n \u0111\u1ec1 r\u1ea5t kh\u00e1c nhau, khi t\u1eadp h\u1ee3p l\u1ea1i, \u0111\u00e3 c\u00f3 \u0111\u01b0\u1ee3c s\u1ef1 g\u1eafn k\u1ebft v\u00e0 \u0111\u00e3 t\u1ea1o n\u00ean \u0111\u01b0\u1ee3c m\u1ed9t v\u00f3c d\u00e1ng m\u1edbi, m\u1ed9t s\u1ee9c l\u00f4i cu\u1ed1n m\u1edbi\u201d<\/p>\n","protected":false},"excerpt":{"rendered":"<p>C\u00f3 th\u1ec3 \u0111\u1eb7t t\u00ean n\u00f4m na 3 ph\u1ea7n theo s\u1ed1 th\u1ee9 t\u1ef1 trong cu\u1ed1n T\u1ea1p v\u0103n m\u1edbi c\u1ee7a Nguy\u1ec5n Nh\u1eadt \u00c1nh \u201cS\u01b0\u01a1ng kh\u00f3i qu\u00ea nh\u00e0\u201d: T\u00ecnh qu\u00ea, Ng\u01b0\u1eddi th\u00e2n, v\u00e0 Nh\u1eefng chuy\u1ebfn \u0111i.<\/p>\n<p>34 b\u00e0i b\u00e1o, vi\u1ebft t\u1eeb 2010 \u0111\u1ebfn nay, v\u1ec1 c\u00e1c \u0111\u1ec1 t\u00e0i kh\u00e1c nhau. Nh\u1eefng nh\u1edb th\u01b0\u01a1ng mi\u1ec1n qu\u00ea ngh\u00e8o Qu\u1ea3ng Nam qua k\u1ef7 ni\u1ec7m th\u1eddi th\u01a1 b\u00e9; t\u00ecnh \u0111\u1eddi , t\u00ecnh ng\u01b0\u1eddi; t\u00ecnh th\u00e2m v\u1edbi b\u1ea1n v\u0103n v\u00e0 nh\u1eefng ng\u01b0\u1eddi m\u00e0 anh y\u00eau qu\u00fd. L\u00e0 nh\u1eefng suy ng\u1eabm c\u1ee7a anh v\u1ec1 cu\u1ed9c \u0111\u1eddi, qua v\u00f4 v\u00e0n chi ti\u1ebft nh\u1ecf trong ph\u00e1t hi\u1ec7n khi\u1ebfn \u0111\u1ecdc l\u00e0 th\u1ea5y b\u1ea5t ng\u1edd \u0111\u1ea7y th\u00edch th\u00fa.<\/p>\n<p>H\u1ea5p d\u1eabn v\u00f4 c\u00f9ng l\u00e0 nh\u1eefng b\u00e0i c\u00f3 li\u00ean quan \u0111\u1ebfn s\u00e1ch: t\u1eeb ti\u1ec7m s\u00e1ch, \u0111\u1ebfn cu\u1ed1n s\u00e1ch c\u1ee5 th\u1ec3, r\u1ed3i ng\u01b0\u1eddi l\u00e0m s\u00e1ch, chuy\u1ec7n s\u00e1ch \u1edf Th\u1ee5y \u0110i\u1ec3n, Th\u00e1i Lan\u2026 chuy\u1ec7n \u0111i shopping, th\u1eddi trang,\u0111\u00e1nh b\u1ea1c, v\u00e0 t\u1ea5t nhi\u00ean chuy\u1ec7n b\u00f3ng \u0111\u00e1 c\u0169ng \u0111\u01b0\u1ee3c \u0111\u1ec1 c\u1eadp, v\u1eabn b\u1eb1ng gi\u1ecdng h\u00f3m h\u1ec9nh v\u1ed1n c\u00f3.<\/p>\n<p>N\u00f3i nh\u01b0 nh\u00e0 th\u01a1 \u00dd Nhi v\u1ec1 t\u1ea1p v\u0103n c\u1ee7a anh: \u201cNh\u1eefng b\u00e0i b\u00e1o \u2013 nh\u1eefng t\u1ea1p v\u0103n \u2013 c\u1ee7a Nguy\u1ec5n Nh\u1eadt \u00c1nh, m\u1eb7c d\u00f9 \u0111\u01b0\u1ee3c vi\u1ebft v\u00e0o nh\u1eefng th\u1eddi \u0111i\u1ec3m kh\u00e1c nhau v\u00e0 bao g\u1ed3m nh\u1eefng s\u1ef1 vi\u1ec7c, nh\u1eefng v\u1ea5n \u0111\u1ec1 r\u1ea5t kh\u00e1c nhau, khi t\u1eadp h\u1ee3p l\u1ea1i, \u0111\u00e3 c\u00f3 \u0111\u01b0\u1ee3c s\u1ef1 g\u1eafn k\u1ebft v\u00e0 \u0111\u00e3 t\u1ea1o n\u00ean \u0111\u01b0\u1ee3c m\u1ed9t v\u00f3c d\u00e1ng m\u1edbi, m\u1ed9t s\u1ee9c l\u00f4i cu\u1ed1n m\u1edbi\u201d<\/p>\n","protected":false},"featured_media":8240,"template":"","meta":{"_acf_changed":false},"product_brand":[],"product_cat":[15,45],"product_tag":[],"class_list":{"0":"post-8250","1":"product","2":"type-product","3":"status-publish","4":"has-post-thumbnail","6":"product_cat-sach-danh-cho-nguoi-lon","7":"product_cat-tieu-thuyet","9":"first","10":"outofstock","11":"taxable","12":"shipping-taxable","13":"purchasable","14":"product-type-simple"},"supplier_id":null,"supplier_sku":"","barcode":null,"atum_controlled":true,"out_stock_date":"2021-05-02 12:43:42","out_stock_threshold":null,"inheritable":false,"inbound_stock":0,"stock_on_hold":0,"sold_today":0,"sales_last_days":0,"reserved_stock":0,"customer_returns":0,"warehouse_damage":0,"lost_in_post":0,"other_logs":0,"out_stock_days":1732,"lost_sales":0,"has_location":false,"update_date":"2026-01-28T23:10:41","atum_locations":[],"atum_stock_status":"outofstock","restock_status":false,"low_stock_amount":"","sales_update_date":"2026-01-28T23:10:41","calc_backorders":null,"acf":{"publisher":{"ID":1517,"post_author":"1","post_date":"2021-02-17 01:14:41","post_date_gmt":"2021-02-16 23:14:41","post_content":"","post_title":"NXB Tr\u1ebb","post_excerpt":"","post_status":"publish","comment_status":"closed","ping_status":"closed","post_password":"","post_name":"nxb-tre","to_ping":"","pinged":"","post_modified":"2021-02-17 01:14:41","post_modified_gmt":"2021-02-16 23:14:41","post_content_filtered":"","post_parent":0,"guid":"https:\/\/sachviet.eu\/nha-phat-hanh\/nxb-tre\/","menu_order":0,"post_type":"publisher","post_mime_type":"","comment_count":"0","filter":"raw"}},"_links":{"self":[{"href":"https:\/\/sachviet.eu\/en\/wp-json\/wp\/v2\/product\/8250","targetHints":{"allow":["GET"]}}],"collection":[{"href":"https:\/\/sachviet.eu\/en\/wp-json\/wp\/v2\/product"}],"about":[{"href":"https:\/\/sachviet.eu\/en\/wp-json\/wp\/v2\/types\/product"}],"wp:featuredmedia":[{"embeddable":true,"href":"https:\/\/sachviet.eu\/en\/wp-json\/wp\/v2\/media\/8240"}],"wp:attachment":[{"href":"https:\/\/sachviet.eu\/en\/wp-json\/wp\/v2\/media?parent=8250"}],"wp:term":[{"taxonomy":"product_brand","embeddable":true,"href":"https:\/\/sachviet.eu\/en\/wp-json\/wp\/v2\/product_brand?post=8250"},{"taxonomy":"product_cat","embeddable":true,"href":"https:\/\/sachviet.eu\/en\/wp-json\/wp\/v2\/product_cat?post=8250"},{"taxonomy":"product_tag","embeddable":true,"href":"https:\/\/sachviet.eu\/en\/wp-json\/wp\/v2\/product_tag?post=8250"}],"curies":[{"name":"wp","href":"https:\/\/api.w.org\/{rel}","templated":true}]}}