{"id":8239,"date":"2021-04-28T14:07:14","date_gmt":"2021-04-28T11:07:14","guid":{"rendered":"https:\/\/sachviet.eu\/shop\/to-binh-yen-ve-hanh-phuc-tai-ban-2020\/"},"modified":"2022-03-20T10:37:32","modified_gmt":"2022-03-20T08:37:32","slug":"to-binh-yen-ve-hanh-phuc-tai-ban-2020","status":"publish","type":"product","link":"https:\/\/sachviet.eu\/en\/shop\/to-binh-yen-ve-hanh-phuc-tai-ban-2020\/","title":{"rendered":"T\u00f4 B\u00ecnh Y\u00ean V\u1ebd H\u1ea1nh Ph\u00fac (T\u00e1i B\u1ea3n 2020)"},"content":{"rendered":"<p>Sau th\u00e0nh c\u00f4ng c\u1ee7a cu\u1ed1n s\u00e1ch \u0111\u1ea7u tay \u201cPh\u1ea3i l\u00f2ng v\u1edbi c\u00f4 \u0111\u01a1n\u201d ch\u00e0ng h\u1ecda s\u0129 n\u1ed5i ti\u1ebfng v\u00e0 t\u00e0i n\u0103ng Kulzsc \u0111\u00e3 tr\u1edf l\u1ea1i v\u1edbi m\u1ed9t cu\u1ed1n s\u00e1ch v\u00f4 c\u00f9ng \u0111\u1eb7c bi\u1ec7t mang t\u00ean: &#8220;T\u00f4 b\u00ecnh y\u00ean &#8211; v\u1ebd h\u1ea1nh ph\u00fac\u201d \u2013  s\u1eafc n\u00e9t phong c\u00e1ch c\u00e1 nh\u00e2n v\u1edbi m\u1ed9t ch\u00fat \u201cth\u01a1 th\u1ea9n, r\u1ea5t hi\u1ec1n\u201d.<\/p>\n<p>Kh\u00f4ng gi\u1ed1ng v\u1edbi nh\u1eefng cu\u1ed1n s\u00e1ch ch\u1ec9 \u0111\u1ec3 \u0111\u1ecdc, \u201cT\u00f4 b\u00ecnh y\u00ean \u2013 v\u1ebd h\u1ea1nh ph\u00fac\u201d  l\u00e0 m\u1ed9t cu\u1ed1n s\u00e1ch m\u00e0 \u0111\u1ed9c gi\u1ea3 v\u1eeba t\u00ecm \u0111\u01b0\u1ee3c \u201cH\u1ea1nh ph\u00fac to to t\u1eeb nh\u1eefng \u0111i\u1ec1u nho nh\u1ecf\u201d v\u1eeba \u0111\u01b0\u1ee3c th\u1ef1c h\u00e0nh ngay l\u1eadp t\u1ee9c. M\u1ed9t s\u1ef1 k\u1ebft h\u1ee3p m\u1edbi l\u1ea1 \u0111\u1ea7y th\u00fa v\u1ecb gi\u1eefa th\u1ec3 lo\u1ea1i s\u00e1ch t\u1ea3n v\u0103n v\u00e0 s\u00e1ch t\u00f4 m\u00e0u.<\/p>\n<p>L\u1eadt m\u1edf cu\u1ed1n s\u00e1ch n\u00e0y, b\u1ea1n s\u1ebd th\u1ea5y v\u00f4 v\u00e0n nh\u1eefng \u0111i\u1ec1u nh\u1ecf b\u00e9 d\u1ec5 th\u01b0\u01a1ng lan t\u00f2a ngu\u1ed3n n\u0103ng l\u01b0\u1ee3ng t\u00edch c\u1ef1c. V\u00e0 k\u00e8m theo m\u1ed9t list nh\u1eefng \u0111i\u1ec1u tuy\u1ec7t v\u1eddi khi\u1ebfn b\u1ea1n kh\u00f4ng th\u1ec3 b\u1ecf l\u1ee1:<\/p>\n<p>&#8211; T\u1eadn t\u00ecnh ch\u1ec9 d\u1eabn: 8 h\u01b0\u1edbng d\u1eabn t\u00f4 m\u00e0u \u0111\u1ea7y h\u1ee9ng th\u00fa t\u1eeb Kulzsc<br \/>\n&#8211; Tranh v\u1ebd \u0111\u01a1n gi\u1ea3n, g\u1ea7n g\u0169i. N\u00e9t v\u1ebd \u0111\u00e1ng y\u00eau, d\u1ec5 th\u01b0\u01a1ng<br \/>\n&#8211; Ch\u1ee7 \u0111\u1ec1 xoay quanh nh\u1eefng \u0111i\u1ec1u b\u00ecnh y\u00ean trong cu\u1ed9c s\u1ed1ng: \u0110\u1ecdc s\u00e1ch, \u0111i d\u1ea1o, d\u1ecdn d\u1eb9p nh\u00e0 c\u1eeda, tr\u1ed3ng c\u00e2y, \u0103n c\u01a1m m\u1eb9 n\u1ea5u, nghe m\u1ed9t b\u1ea3n nh\u1ea1c hay, v\u00e0 ngh\u0129 v\u1ec1 n\u1ee5 c\u01b0\u1eddi c\u1ee7a m\u1ed9t ai \u0111\u00f3\u2026<br \/>\n&#8211; M\u1ed7i b\u1ee9c tranh l\u1ea1i l\u00e0 nh\u1eefng l\u1eddi th\u1ee7 th\u1ec9, t\u00e2m t\u00ecnh c\u1ee7a t\u00e1c gi\u1ea3. L\u00e0 nh\u1eefng \u0111i\u1ec1u nh\u1eafn g\u1eedi nho nh\u1ecf mong b\u1ea1n b\u1edbt \u0111i nh\u1eefng xao \u0111\u1ed9ng:<\/p>\n<p>\u201cEm ch\u1ecdn h\u1ea1nh ph\u00fac<br \/>\nEm ch\u1ecdn b\u00ecnh y\u00ean<br \/>\nEm ch\u1ecdn b\u00ean c\u1ea1nh<br \/>\nNh\u1eefng \u0111i\u1ec1u an y\u00ean\u201d<\/p>\n<p>Hay \u0111\u01a1n gi\u1ea3n l\u00e0 nh\u1eefng gi\u00e3i b\u00e0y ng\u1eafn g\u1ecdn, thay n\u1ed7i l\u00f2ng c\u1ee7a m\u1ed9t ai \u0111\u00f3: &#8220;T\u1edb bi\u1ebft c\u1eadu m\u1ed9t m\u00ecnh v\u1eabn \u1ed5n, nh\u01b0ng c\u00f3 nh\u1eefng chuy\u1ec7n, c\u00f3 ai \u0111\u00f3 c\u00f9ng l\u00e0m, v\u1eabn h\u01a1n.&#8221;<\/p>\n<p>Th\u00f4ng qua nh\u1eefng h\u00ecnh v\u1ebd \u0111ang \u0111\u1ee3i \u0111\u01b0\u1ee3c l\u1ea5p \u0111\u1ea7y b\u1eb1ng mu\u00f4n v\u00e0n s\u1eafc m\u00e0u \u1ea5y, Kulzsc s\u1ebd gi\u00fap b\u1ea1n &#8211; nh\u1eefng ng\u01b0\u1eddi l\u1edbn c\u00f4 \u0111\u01a1n, nh\u1eefng ai \u0111ang c\u1ea7n b\u1ed5 sung vitamin h\u1ea1nh ph\u00fac \u201ctruy t\u00ecm\u201d nh\u1eefng ni\u1ec1m vui b\u1ecb b\u1ecf qu\u00ean hay tuy\u1ec7t chi\u00eau \u0111\u1ec3 \u0111\u1ed1i ph\u00f3 v\u1edbi stress.<\/p>\n<p>B\u1edfi t\u00f4 m\u00e0u l\u00e0 m\u1ed9t h\u00ecnh th\u1ee9c ch\u1eefa l\u00e0nh \u0111\u01a1n gi\u1ea3n m\u00e0 hi\u1ec7u qu\u1ea3, n\u00ean m\u1ed7i khi th\u1ea5y b\u1ef1c d\u1ecdc, ch\u00e1n n\u1ea3n, hay khi\u1ebfn m\u00ecnh b\u1eadn r\u1ed9n h\u01a1n h\u00e3y th\u1eed t\u00ecm t\u1edbi \u201cT\u00f4 b\u00ecnh y\u00ean &#8211;  v\u1ebd h\u1ea1nh ph\u00fac\u201d c\u00f9ng h\u1ed9p m\u00e0u \u0111\u00e3 c\u1ea5t l\u00e2u trong t\u1ee7 v\u00e0&#8230; Sao kh\u00f4ng th\u1ec3 l\u00e0 m\u1ed9t \u0111\u00e1m m\u00e2y m\u00e0u t\u00edm, m\u1ed9t m\u00e1i t\u00f3c v\u00e0ng t\u01b0\u01a1i hay m\u1ed9t n\u1ee5 hoa m\u00e0u xanh bi\u1ec3n nh\u1ec9? Kh\u00f4ng c\u1ea7n ph\u1ea3i \u0111\u1eafn \u0111o \u0111\u00e2u, b\u1ea1n c\u1ee9 tho\u1ea3i m\u00e1i x\u00f3a \u0111i c\u0103ng th\u1eb3ng, x\u00f3a \u0111i nh\u1eefng gam m\u00e0u u \u00e1m, t\u1ef1 tay m\u00ecnh \u0111i\u1ec3m t\u00f4 nh\u1eefng m\u00e0u s\u1eafc t\u01b0\u01a1i s\u00e1ng l\u1ea5p l\u00e1nh, \u0111\u1ea7y \u1eafp hy v\u1ecdng theo \u00fd th\u00edch, t\u1eadn h\u01b0\u1edfng nh\u1eefng ph\u00fat th\u01b0 gi\u00e3n th\u1eadt b\u00ecnh y\u00ean kh\u00f4ng mu\u1ed9n phi\u1ec1n th\u00f4i n\u00e0o.<\/p>\n","protected":false},"excerpt":{"rendered":"<p>Sau th\u00e0nh c\u00f4ng c\u1ee7a cu\u1ed1n s\u00e1ch \u0111\u1ea7u tay \u201cPh\u1ea3i l\u00f2ng v\u1edbi c\u00f4 \u0111\u01a1n\u201d ch\u00e0ng h\u1ecda s\u0129 n\u1ed5i ti\u1ebfng v\u00e0 t\u00e0i n\u0103ng Kulzsc \u0111\u00e3 tr\u1edf l\u1ea1i v\u1edbi m\u1ed9t cu\u1ed1n s\u00e1ch v\u00f4 c\u00f9ng \u0111\u1eb7c bi\u1ec7t mang t\u00ean: &#8220;T\u00f4 b\u00ecnh y\u00ean &#8211; v\u1ebd h\u1ea1nh ph\u00fac\u201d \u2013  s\u1eafc n\u00e9t phong c\u00e1ch c\u00e1 nh\u00e2n v\u1edbi m\u1ed9t ch\u00fat \u201cth\u01a1 th\u1ea9n, r\u1ea5t hi\u1ec1n\u201d.<\/p>\n<p>Kh\u00f4ng gi\u1ed1ng v\u1edbi nh\u1eefng cu\u1ed1n s\u00e1ch ch\u1ec9 \u0111\u1ec3 \u0111\u1ecdc, \u201cT\u00f4 b\u00ecnh y\u00ean \u2013 v\u1ebd h\u1ea1nh ph\u00fac\u201d  l\u00e0 m\u1ed9t cu\u1ed1n s\u00e1ch m\u00e0 \u0111\u1ed9c gi\u1ea3 v\u1eeba t\u00ecm \u0111\u01b0\u1ee3c \u201cH\u1ea1nh ph\u00fac to to t\u1eeb nh\u1eefng \u0111i\u1ec1u nho nh\u1ecf\u201d v\u1eeba \u0111\u01b0\u1ee3c th\u1ef1c h\u00e0nh ngay l\u1eadp t\u1ee9c. M\u1ed9t s\u1ef1 k\u1ebft h\u1ee3p m\u1edbi l\u1ea1 \u0111\u1ea7y th\u00fa v\u1ecb gi\u1eefa th\u1ec3 lo\u1ea1i s\u00e1ch t\u1ea3n v\u0103n v\u00e0 s\u00e1ch t\u00f4 m\u00e0u.<\/p>\n<p>L\u1eadt m\u1edf cu\u1ed1n s\u00e1ch n\u00e0y, b\u1ea1n s\u1ebd th\u1ea5y v\u00f4 v\u00e0n nh\u1eefng \u0111i\u1ec1u nh\u1ecf b\u00e9 d\u1ec5 th\u01b0\u01a1ng lan t\u00f2a ngu\u1ed3n n\u0103ng l\u01b0\u1ee3ng t\u00edch c\u1ef1c. V\u00e0 k\u00e8m theo m\u1ed9t list nh\u1eefng \u0111i\u1ec1u tuy\u1ec7t v\u1eddi khi\u1ebfn b\u1ea1n kh\u00f4ng th\u1ec3 b\u1ecf l\u1ee1:<\/p>\n<p>&#8211; T\u1eadn t\u00ecnh ch\u1ec9 d\u1eabn: 8 h\u01b0\u1edbng d\u1eabn t\u00f4 m\u00e0u \u0111\u1ea7y h\u1ee9ng th\u00fa t\u1eeb Kulzsc<br \/>\n&#8211; Tranh v\u1ebd \u0111\u01a1n gi\u1ea3n, g\u1ea7n g\u0169i. N\u00e9t v\u1ebd \u0111\u00e1ng y\u00eau, d\u1ec5 th\u01b0\u01a1ng<br \/>\n&#8211; Ch\u1ee7 \u0111\u1ec1 xoay quanh nh\u1eefng \u0111i\u1ec1u b\u00ecnh y\u00ean trong cu\u1ed9c s\u1ed1ng: \u0110\u1ecdc s\u00e1ch, \u0111i d\u1ea1o, d\u1ecdn d\u1eb9p nh\u00e0 c\u1eeda, tr\u1ed3ng c\u00e2y, \u0103n c\u01a1m m\u1eb9 n\u1ea5u, nghe m\u1ed9t b\u1ea3n nh\u1ea1c hay, v\u00e0 ngh\u0129 v\u1ec1 n\u1ee5 c\u01b0\u1eddi c\u1ee7a m\u1ed9t ai \u0111\u00f3\u2026<br \/>\n&#8211; M\u1ed7i b\u1ee9c tranh l\u1ea1i l\u00e0 nh\u1eefng l\u1eddi th\u1ee7 th\u1ec9, t\u00e2m t\u00ecnh c\u1ee7a t\u00e1c gi\u1ea3. L\u00e0 nh\u1eefng \u0111i\u1ec1u nh\u1eafn g\u1eedi nho nh\u1ecf mong b\u1ea1n b\u1edbt \u0111i nh\u1eefng xao \u0111\u1ed9ng:<\/p>\n","protected":false},"featured_media":8235,"template":"","meta":{"_acf_changed":false},"product_brand":[],"product_cat":[75,15],"product_tag":[],"class_list":{"0":"post-8239","1":"product","2":"type-product","3":"status-publish","4":"has-post-thumbnail","6":"product_cat-giai-tri-truyen-cuoi","7":"product_cat-sach-danh-cho-nguoi-lon","9":"first","10":"outofstock","11":"taxable","12":"shipping-taxable","13":"purchasable","14":"product-type-simple"},"supplier_id":null,"supplier_sku":"","barcode":null,"atum_controlled":true,"out_stock_date":"2022-03-20 06:37:33","out_stock_threshold":null,"inheritable":false,"inbound_stock":0,"stock_on_hold":0,"sold_today":0,"sales_last_days":0,"reserved_stock":0,"customer_returns":0,"warehouse_damage":0,"lost_in_post":0,"other_logs":0,"out_stock_days":1410,"lost_sales":0,"has_location":false,"update_date":"2026-01-28T23:10:41","atum_locations":[],"atum_stock_status":"outofstock","restock_status":false,"low_stock_amount":"","sales_update_date":"2026-01-28T23:10:41","calc_backorders":null,"acf":{"publisher":{"ID":1460,"post_author":"1","post_date":"2021-02-17 01:12:24","post_date_gmt":"2021-02-16 23:12:24","post_content":"<!-- wp:flatsome\/uxbuilder -->\n<h1 style=\"text-align: center;\"><strong>Skybooks<\/strong><\/h1>\n[row]\n\n[col span=\"7\" span__sm=\"12\"]\n\n<p>C\u00f4ng ty ph\u00e1t h\u00e0nh s\u00e1ch Skybooks. \"T\u00f4i tr\u1ebb, t\u00f4i \u0111am m\u00ea\" v\u1edbi s\u1ee9 m\u1ec7nh lan to\u1ea3 c\u1ea3m x\u00fac v\u00e0 k\u1ebft n\u1ed1i t\u00e2m h\u1ed3n<\/p>\n<p><strong>Skybooks l\u00e0 c\u00e2u chuy\u1ec7n k\u1ec3 v\u1ec1:<\/strong><br \/>M\u1ed9t th\u1ebf h\u1ec7 ng\u01b0\u1eddi vi\u1ebft tr\u1ebb, \u0111am m\u00ea v\u0103n ch\u01b0\u01a1ng v\u00e0 t\u00f4n tr\u1ecdng, g\u00ecn gi\u1eef, s\u00e1ng t\u1ea1o Ti\u1ebfng Vi\u1ec7t. M\u1ed9t th\u1ebf h\u1ec7 \u0111\u1ed9c gi\u1ea3 tr\u1ebb, \u0111am m\u00ea kh\u00e1m ph\u00e1 ng\u00f4n ng\u1eef v\u00e0 say m\u00ea \u0111\u1ebfn v\u1edbi th\u1ebf gi\u1edbi c\u1ee7a nh\u1eefng quy\u1ec3n s\u00e1ch. M\u1ed9t th\u1ebf h\u1ec7 ng\u01b0\u1eddi l\u00e0m s\u00e1ch tr\u1ebb, \u0111am m\u00ea mang nh\u1eefng gi\u00e1 tr\u1ecb tinh th\u1ea7n l\u1ea1i g\u1ea7n ng\u01b0\u1eddi \u0111\u1ecdc.<br \/>Trong b\u1ed9 nh\u1eadn d\u1ea1ng th\u01b0\u01a1ng hi\u1ec7u:<br \/>Skybooks v\u1edbi ch\u1eef Sky m\u00e0u xanh da tr\u1eddi c\u00f3 \u00fd ngh\u0129a l\u00e0 c\u00f4ng ty B\u1ea7u Tr\u1eddi - n\u01a1i t\u1ea5t c\u1ea3 \u01b0\u1edbc m\u01a1 \u0111\u01b0\u1ee3c t\u1ef1 do tung c\u00e1nh.<br \/>V\u1edbi logo h\u00ecnh hoa b\u1ed3 c\u00f4ng anh \u0111ang bay t\u01b0\u1ee3ng tr\u01b0ng cho s\u1ef1 lan to\u1ea3 c\u1ea3m x\u00fac v\u00e0 kh\u00e1t v\u1ecdng bay cao.<br \/>K\u1ebb v\u1ea1ch logo c\u00f3 n\u1ec1n m\u00e0u ghi x\u00e1m xu\u1ea5t hi\u1ec7n tr\u00ean b\u00eca m\u1ecdi \u1ea5n ph\u1ea9m th\u1ec3 hi\u1ec7n con \u0111\u01b0\u1eddng b\u01b0\u1edbc v\u00e0o th\u1ecb tr\u01b0\u1eddng s\u00e1ch v\u00e0 chinh ph\u1ee5c \u0111\u1ed9c gi\u1ea3 l\u00e0 m\u1ed9t h\u00e0nh tr\u00ecnh d\u00e0i, \u0111\u1ea7y gian kh\u00f3, c\u00f3 nhi\u1ec1u b\u00e3o t\u1ed1, nh\u01b0ng ch\u1ec9 c\u1ea7n n\u1ed7 l\u1ef1c c\u1ed1 g\u1eafng nh\u1ea5t \u0111\u1ecbnh s\u1ebd ngo\u1ea1n m\u1ee5c v\u01b0\u1ee3t qua. \u0110\u1ec3 kh\u1eb3ng \u0111\u1ecbnh v\u00e0 ch\u1ee9ng minh ch\u00ednh m\u00ecnh!<\/p>\n\n[\/col]\n[col span=\"5\" span__sm=\"12\"]\n\n[ux_image id=\"1825\" image_size=\"medium\"]\n\n\n[\/col]\n\n[\/row]\n\n<!-- \/wp:flatsome\/uxbuilder -->","post_title":"Skybooks","post_excerpt":"","post_status":"publish","comment_status":"closed","ping_status":"closed","post_password":"","post_name":"skybooks","to_ping":"","pinged":"","post_modified":"2021-02-17 01:57:31","post_modified_gmt":"2021-02-16 23:57:31","post_content_filtered":"","post_parent":0,"guid":"https:\/\/sachviet.eu\/nha-phat-hanh\/skybooks\/","menu_order":0,"post_type":"publisher","post_mime_type":"","comment_count":"0","filter":"raw"}},"_links":{"self":[{"href":"https:\/\/sachviet.eu\/en\/wp-json\/wp\/v2\/product\/8239","targetHints":{"allow":["GET"]}}],"collection":[{"href":"https:\/\/sachviet.eu\/en\/wp-json\/wp\/v2\/product"}],"about":[{"href":"https:\/\/sachviet.eu\/en\/wp-json\/wp\/v2\/types\/product"}],"wp:featuredmedia":[{"embeddable":true,"href":"https:\/\/sachviet.eu\/en\/wp-json\/wp\/v2\/media\/8235"}],"wp:attachment":[{"href":"https:\/\/sachviet.eu\/en\/wp-json\/wp\/v2\/media?parent=8239"}],"wp:term":[{"taxonomy":"product_brand","embeddable":true,"href":"https:\/\/sachviet.eu\/en\/wp-json\/wp\/v2\/product_brand?post=8239"},{"taxonomy":"product_cat","embeddable":true,"href":"https:\/\/sachviet.eu\/en\/wp-json\/wp\/v2\/product_cat?post=8239"},{"taxonomy":"product_tag","embeddable":true,"href":"https:\/\/sachviet.eu\/en\/wp-json\/wp\/v2\/product_tag?post=8239"}],"curies":[{"name":"wp","href":"https:\/\/api.w.org\/{rel}","templated":true}]}}