{"id":8188,"date":"2021-04-28T14:04:16","date_gmt":"2021-04-28T11:04:16","guid":{"rendered":"https:\/\/sachviet.eu\/shop\/tu-tuong-phat-hoc\/"},"modified":"2022-12-27T17:54:55","modified_gmt":"2022-12-27T15:54:55","slug":"tu-tuong-phat-hoc","status":"publish","type":"product","link":"https:\/\/sachviet.eu\/en\/shop\/tu-tuong-phat-hoc\/","title":{"rendered":"T\u01b0 t\u01b0\u1edfng ph\u1eadt h\u1ecdc"},"content":{"rendered":"<p>Quy\u1ec3n s\u00e1ch n\u00e0y vi\u1ebft cho gi\u1edbi tr\u00ed th\u1ee9c \u00c2u &#8211; M\u1ef9, m\u1ed9t gi\u1edbi tr\u00ed th\u1ee9c c\u00f3 b\u1ed1i c\u1ea3nh khoa h\u1ecdc v\u00e0 v\u0103n minh Ki-t\u00f4 gi\u00e1o, n\u00ean c\u00e1c v\u1ea5n \u0111\u1ec1 th\u1ea3o lu\u1eadn, ph\u01b0\u01a1ng ph\u00e1p tr\u00ecnh b\u00e0y r\u1ea5t thi\u1ebft th\u1ef1c, linh \u0111\u1ed9ng, s\u00e1t v\u1edbi th\u1ef1c t\u1ebf v\u00e0 li\u00ean h\u1ec7 ngay \u0111\u1ebfn \u0111\u1eddi s\u1ed1ng v\u00e0 nh\u1eefng th\u1eafc m\u1eafc hi\u1ec7n \u0111\u1ea1i. Gi\u00e1 tr\u1ecb quy\u1ec3n s\u00e1ch ph\u1ea7n l\u1edbn nh\u1edd \u1edf \u0111i\u1ec3m n\u00e0y.<\/p>\n<p>T\u00e1c gi\u1ea3 d\u1eabn ch\u1ee9ng r\u1ea5t nhi\u1ec1u l\u1eddi d\u1ea1y trong kinh \u0111i\u1ec3n P\u00e0li \u0111\u1ec3 ch\u1ee9ng minh cho s\u1ef1 tr\u00ecnh b\u00e0y c\u1ee7a m\u00ecnh, m\u1ed9t th\u00e1i \u0111\u1ed9 v\u00e0 m\u1ed9t ph\u01b0\u01a1ng ph\u00e1p khoa h\u1ecdc \u0111\u00e1ng \u0111\u01b0\u1ee3c hoan ngh\u00eanh v\u00e0 h\u1ecdc h\u1ecfi. Th\u01b0\u1eddng ch\u00fang ta tr\u00ecnh b\u00e0y \u0111\u1ea1o Ph\u1eadt ngang qua s\u1ef1 hi\u1ec3u bi\u00eat c\u1ee7a ch\u00fang ta, v\u00e0 \u0111i\u1ec1u nguy h\u1ea1i h\u01a1n ngang qua c\u1ea3m t\u00ecnh v\u00e0 s\u1edf th\u00edch c\u1ee7a ch\u00fang ta, v\u00ec v\u1eady nhi\u1ec1u khi t\u01b0 t\u01b0\u1edfng v\u00e0 th\u00e1i \u0111\u1ed9 c\u1ee7a \u0110\u1ee9c Ph\u1eadt b\u1ecb b\u00f3p m\u00e9o r\u1ea1n n\u1ee9t r\u1ea5t nhi\u1ec1u. \u0110\u1ec3 b\u1edbt t\u1ec7 h\u1ea1i n\u00e0y, ph\u01b0\u01a1ng ph\u00e1p h\u1eefu hi\u1ec7u nh\u1ea5t l\u00e0 d\u1eabn ch\u1ee9ng trong kinh \u0111i\u1ec3n nh\u1eefng l\u1eddi d\u1ea1y c\u1ee7a ch\u00ednh \u0110\u1ee9c Ph\u1eadt \u0111\u1ec3 x\u00e1c ch\u1ee9ng quan \u0111i\u1ec3m c\u1ee7a m\u00ecnh trong khi tr\u00ecnh b\u00e0y m\u1ed9t th\u00e1i \u0111\u1ed9 m\u00e0 t\u00e1c gi\u1ea3 t\u1eadp s\u00e1ch n\u00e0y \u0111\u00e3 theo r\u1ea5t trung th\u00e0nh.<\/p>\n","protected":false},"excerpt":{"rendered":"<p>Quy\u1ec3n s\u00e1ch n\u00e0y vi\u1ebft cho gi\u1edbi tr\u00ed th\u1ee9c \u00c2u &#8211; M\u1ef9, m\u1ed9t gi\u1edbi tr\u00ed th\u1ee9c c\u00f3 b\u1ed1i c\u1ea3nh khoa h\u1ecdc v\u00e0 v\u0103n minh Ki-t\u00f4 gi\u00e1o, n\u00ean c\u00e1c v\u1ea5n \u0111\u1ec1 th\u1ea3o lu\u1eadn, ph\u01b0\u01a1ng ph\u00e1p tr\u00ecnh b\u00e0y r\u1ea5t thi\u1ebft th\u1ef1c, linh \u0111\u1ed9ng, s\u00e1t v\u1edbi th\u1ef1c t\u1ebf v\u00e0 li\u00ean h\u1ec7 ngay \u0111\u1ebfn \u0111\u1eddi s\u1ed1ng v\u00e0 nh\u1eefng th\u1eafc m\u1eafc hi\u1ec7n \u0111\u1ea1i. Gi\u00e1 tr\u1ecb quy\u1ec3n s\u00e1ch ph\u1ea7n l\u1edbn nh\u1edd \u1edf \u0111i\u1ec3m n\u00e0y.<\/p>\n<p>T\u00e1c gi\u1ea3 d\u1eabn ch\u1ee9ng r\u1ea5t nhi\u1ec1u l\u1eddi d\u1ea1y trong kinh \u0111i\u1ec3n P\u00e0li \u0111\u1ec3 ch\u1ee9ng minh cho s\u1ef1 tr\u00ecnh b\u00e0y c\u1ee7a m\u00ecnh, m\u1ed9t th\u00e1i \u0111\u1ed9 v\u00e0 m\u1ed9t ph\u01b0\u01a1ng ph\u00e1p khoa h\u1ecdc \u0111\u00e1ng \u0111\u01b0\u1ee3c hoan ngh\u00eanh v\u00e0 h\u1ecdc h\u1ecfi. Th\u01b0\u1eddng ch\u00fang ta tr\u00ecnh b\u00e0y \u0111\u1ea1o Ph\u1eadt ngang qua s\u1ef1 hi\u1ec3u bi\u00eat c\u1ee7a ch\u00fang ta, v\u00e0 \u0111i\u1ec1u nguy h\u1ea1i h\u01a1n ngang qua c\u1ea3m t\u00ecnh v\u00e0 s\u1edf th\u00edch c\u1ee7a ch\u00fang ta, v\u00ec v\u1eady nhi\u1ec1u khi t\u01b0 t\u01b0\u1edfng v\u00e0 th\u00e1i \u0111\u1ed9 c\u1ee7a \u0110\u1ee9c Ph\u1eadt b\u1ecb b\u00f3p m\u00e9o r\u1ea1n n\u1ee9t r\u1ea5t nhi\u1ec1u. \u0110\u1ec3 b\u1edbt t\u1ec7 h\u1ea1i n\u00e0y, ph\u01b0\u01a1ng ph\u00e1p h\u1eefu hi\u1ec7u nh\u1ea5t l\u00e0 d\u1eabn ch\u1ee9ng trong kinh \u0111i\u1ec3n nh\u1eefng l\u1eddi d\u1ea1y c\u1ee7a ch\u00ednh \u0110\u1ee9c Ph\u1eadt \u0111\u1ec3 x\u00e1c ch\u1ee9ng quan \u0111i\u1ec3m c\u1ee7a m\u00ecnh trong khi tr\u00ecnh b\u00e0y m\u1ed9t th\u00e1i \u0111\u1ed9 m\u00e0 t\u00e1c gi\u1ea3 t\u1eadp s\u00e1ch n\u00e0y \u0111\u00e3 theo r\u1ea5t trung th\u00e0nh.<\/p>\n","protected":false},"featured_media":8187,"template":"","meta":{"_acf_changed":false},"product_brand":[],"product_cat":[15,76],"product_tag":[],"class_list":{"0":"post-8188","1":"product","2":"type-product","3":"status-publish","4":"has-post-thumbnail","6":"product_cat-sach-danh-cho-nguoi-lon","7":"product_cat-ton-giao-tam-linh","9":"first","10":"instock","11":"taxable","12":"shipping-taxable","13":"purchasable","14":"product-type-simple"},"supplier_id":null,"supplier_sku":"","barcode":null,"atum_controlled":true,"out_stock_date":null,"out_stock_threshold":null,"inheritable":false,"inbound_stock":0,"stock_on_hold":0,"sold_today":0,"sales_last_days":0,"reserved_stock":0,"customer_returns":0,"warehouse_damage":0,"lost_in_post":0,"other_logs":0,"out_stock_days":0,"lost_sales":0,"has_location":false,"update_date":"2026-01-28T23:10:41","atum_locations":[],"atum_stock_status":"instock","restock_status":false,"low_stock_amount":"","sales_update_date":"2026-01-28T23:10:41","calc_backorders":null,"acf":{"publisher":{"ID":8186,"post_author":"1","post_date":"2021-04-28 14:04:12","post_date_gmt":"2021-04-28 11:04:12","post_content":"","post_title":"Thi\u1ec7n Tri Th\u1ee9c","post_excerpt":"","post_status":"publish","comment_status":"closed","ping_status":"closed","post_password":"","post_name":"thien-tri-thuc","to_ping":"","pinged":"","post_modified":"2021-04-28 14:04:12","post_modified_gmt":"2021-04-28 11:04:12","post_content_filtered":"","post_parent":0,"guid":"https:\/\/sachviet.eu\/nha-phat-hanh\/thien-tri-thuc\/","menu_order":0,"post_type":"publisher","post_mime_type":"","comment_count":"0","filter":"raw"}},"_links":{"self":[{"href":"https:\/\/sachviet.eu\/en\/wp-json\/wp\/v2\/product\/8188","targetHints":{"allow":["GET"]}}],"collection":[{"href":"https:\/\/sachviet.eu\/en\/wp-json\/wp\/v2\/product"}],"about":[{"href":"https:\/\/sachviet.eu\/en\/wp-json\/wp\/v2\/types\/product"}],"wp:featuredmedia":[{"embeddable":true,"href":"https:\/\/sachviet.eu\/en\/wp-json\/wp\/v2\/media\/8187"}],"wp:attachment":[{"href":"https:\/\/sachviet.eu\/en\/wp-json\/wp\/v2\/media?parent=8188"}],"wp:term":[{"taxonomy":"product_brand","embeddable":true,"href":"https:\/\/sachviet.eu\/en\/wp-json\/wp\/v2\/product_brand?post=8188"},{"taxonomy":"product_cat","embeddable":true,"href":"https:\/\/sachviet.eu\/en\/wp-json\/wp\/v2\/product_cat?post=8188"},{"taxonomy":"product_tag","embeddable":true,"href":"https:\/\/sachviet.eu\/en\/wp-json\/wp\/v2\/product_tag?post=8188"}],"curies":[{"name":"wp","href":"https:\/\/api.w.org\/{rel}","templated":true}]}}