{"id":8172,"date":"2021-04-28T14:03:40","date_gmt":"2021-04-28T11:03:40","guid":{"rendered":"https:\/\/sachviet.eu\/shop\/minh-co-the-lam-nghe-gi-set-2-quyen\/"},"modified":"2021-06-07T07:12:18","modified_gmt":"2021-06-07T04:12:18","slug":"minh-co-the-lam-nghe-gi-set-2-quyen","status":"publish","type":"product","link":"https:\/\/sachviet.eu\/en\/shop\/minh-co-the-lam-nghe-gi-set-2-quyen\/","title":{"rendered":"M\u00ecnh C\u00f3 Th\u1ec3 L\u00e0m Ngh\u1ec1 G\u00ec? &#8211; set 2 quy\u1ec3n"},"content":{"rendered":"<p>L\u1edbn l\u00ean con s\u1ebd l\u00e0m g\u00ec? C\u00e2u h\u1ecfi r\u1ea5t \u0111\u01a1n gi\u1ea3n m\u00e0 r\u1ea5t nhi\u1ec1u b\u1ed1 m\u1eb9 ngh\u0129 r\u1eb1ng tr\u1ebb con c\u00f2n nh\u1ecf th\u00ec bi\u1ebft g\u00ec v\u1ec1 t\u01b0\u01a1ng lai xa x\u00f4i m\u00e0 h\u01b0\u1edbng d\u1eabn, gi\u1ea3i th\u00edch. V\u00e0 v\u00ec v\u1eady, nhi\u1ec1u gia \u0111\u00ecnh \u0111\u00e3 b\u1ecf qua m\u1ed9t vai tr\u00f2 h\u1ebft s\u1ee9c quan tr\u1ecdng c\u1ee7a m\u00ecnh l\u00e0 t\u1ea1o \u0111i\u1ec1u ki\u1ec7n cho con b\u1ed9c l\u1ed9 t\u1ed1i \u0111a nh\u1eefng xu h\u01b0\u1edbng c\u00e1 nh\u00e2n, h\u01b0\u1edbng d\u1eabn, gi\u00fap con \u0111\u1ecbnh h\u01b0\u1edbng con \u0111\u01b0\u1eddng s\u1ebd \u0111i trong t\u01b0\u01a1ng lai v\u00e0 chu\u1ea9n b\u1ecb nh\u1eefng h\u00e0nh trang t\u1ed1t nh\u1ea5t \u0111\u1ec3 \u0111i tr\u00ean con \u0111\u01b0\u1eddng \u0111\u00f3.B\u1ed9 s\u00e1ch h\u01b0\u1edbng nghi\u1ec7p cho tr\u1ebb: M\u00ecnh c\u00f3 th\u1ec3 l\u00e0m ngh\u1ec1 g\u00ec \u0111\u1ec3 ch\u0103m s\u00f3c m\u1eb9 thi\u00ean nhi\u00ean? M\u00ecnh c\u00f3 th\u1ec3 l\u00e0m ngh\u1ec1 g\u00ec \u0111\u1ec3 gi\u00fap \u0111\u1ee1 c\u1ed9ng \u0111\u1ed3ng? S\u1ebd gi\u00fap b\u1eadc cha m\u1eb9 \u00fd th\u1ee9c \u0111\u01b0\u1ee3c vi\u1ec7c \u0111\u1ecbnh h\u01b0\u1edbng ngh\u1ec1 nghi\u1ec7p cho con, v\u00e0 cho con th\u1ea5y \u0111\u01b0\u1ee3c cu\u1ed9c s\u1ed1ng th\u1eadt \u00fd ngh\u0129a khi m\u00ecnh th\u1ecfa s\u1ee9c l\u00e0m nh\u1eefng \u0111i\u1ec1u m\u00ecnh th\u00edch.<\/p>\n<p>Nh\u01b0ng l\u00e0m sao \u0111\u1ec3 \u0111\u1ecbnh h\u01b0\u1edbng cho con v\u1ec1 ngh\u1ec1 nghi\u1ec7p m\u1ed9t c\u00e1ch \u0111\u00fang \u0111\u1eafn \u0111\u1ec3 tr\u00e1nh t\u00ecnh tr\u1ea1ng \u00e1p \u0111\u1eb7t v\u00e0 b\u1eaft bu\u1ed9c con \u0111i theo \u201cl\u1ed9 tr\u00ecnh\u201d v\u1ea1ch s\u1eb5n hay ph\u1ea3i th\u1ef1c hi\u1ec7n nh\u1eefng \u01b0\u1edbc m\u01a1 c\u00f2n dang d\u1edf c\u1ee7a b\u1ed1 m\u1eb9, h\u00e3y c\u00f9ng c\u00f4 Linh d\u0169ng c\u1ea3m kh\u00e1m ph\u00e1 v\u00e0 t\u00ecm hi\u1ec3u b\u1ed9 s\u00e1ch n\u00e0y nh\u00e9.<\/p>\n<p>Nh\u1eefng c\u00e2u chuy\u1ec7n m\u00e0 c\u00f4 Linh k\u1ec3 trong b\u1ed9 s\u00e1ch v\u00f4 c\u00f9ng d\u1ec5 th\u01b0\u01a1ng v\u00e0 g\u1ea7n g\u0169i. Nh\u01b0 chuy\u1ec7n c\u1ee7a c\u00f4 Ph\u01b0\u01a1ng l\u00e0m ngh\u1ec1 ch\u0103m s\u00f3c n\u00f4ng tr\u1ea1i. C\u00f4 cho c\u00e1c b\u1ea1n nh\u1ecf bi\u1ebft \u0111\u01b0\u1ee3c kh\u00e1i ni\u1ec7m n\u00f4ng tr\u1ea1i h\u1eefu c\u01a1 l\u00e0 g\u00ec? Ch\u00fang ta ph\u1ea3i l\u00e0m g\u00ec \u0111\u1ec3 ch\u0103m s\u00f3c n\u00f4ng tr\u1ea1i \u0111\u01b0\u1ee3c t\u1ed1t? l\u1ee3i \u00edch thu l\u1ea1i t\u1eeb v\u01b0\u1eddn n\u00f4ng tr\u1ea1i?\u2026Cho b\u1ea1n nh\u1ecf bi\u1ebft \u0111\u01b0\u1ee3c th\u1eadt nhi\u1ec1u m\u00e0u s\u1eafc c\u1ee7a c\u1ecf c\u00e2y, hoa l\u00e1, chim th\u00fa\u2026 gi\u00fap b\u00e9 nh\u00ecn th\u1ea5y \u0111\u01b0\u1ee3c  nh\u1eefng v\u1ebb \u0111\u1eb9p c\u1ee7a thi\u00ean nhi\u00ean m\u00e0 ch\u00fang h\u1ecdc \u0111\u01b0\u1ee3c r\u1eb1ng: con ng\u01b0\u1eddi \u0111\u01b0\u1ee3c M\u1eb9 thi\u00ean nhi\u00ean nu\u00f4i d\u01b0\u1ee1ng v\u00e0 t\u1ea5t c\u1ea3 c\u00e1c sinh v\u1eadt s\u1ed1ng tr\u00ean tr\u00e1i \u0111\u1ea5t \u0111\u1ec1u t\u1ed3n t\u1ea1i b\u1eb1ng c\u00e1ch thu nh\u1eadn nh\u1eefng l\u1ee3i \u00edch t\u1eeb thi\u00ean nhi\u00ean.<\/p>\n<p>V\u1edbi nh\u1eefng \u0111\u1ee9a tr\u1ebb \u1edf th\u00e0nh ph\u1ed1, v\u01b0\u1eddn rau s\u1ebd l\u00e0 m\u1ed9t trong nh\u1eefng \u0111i\u1ec1u tuy\u1ec7t di\u1ec7u nh\u1ea5t c\u1ee7a ch\u00fang. V\u00ec \u0111\u00f3 c\u00f3 th\u1ec3 l\u00e0 s\u00e2n ch\u01a1i \u0111\u1ec3 tr\u1ebb kh\u00e1m ph\u00e1 thi\u00ean nhi\u00ean, c\u00f3 nh\u1eefng b\u00e0i h\u1ecdc v\u1ec1 s\u1ef1 s\u1ed1ng \u0111\u1ea7u ti\u00ean trong \u0111\u1eddi. Kh\u00f4ng \u00edt tr\u1ebb ch\u01b0a bao gi\u1edd bi\u1ebft c\u00e2y rau c\u0169ng nh\u01b0 nhi\u1ec1u lo\u1ea1i c\u00e2y kh\u00e1c n\u1ea3y m\u1ea7m, l\u1edbn l\u00ean th\u1ebf n\u00e0o, h\u00e9o \u00faa v\u00e0 l\u1ee5i t\u00e0n ra sao. Ch\u00fang c\u0169ng ch\u1eb3ng th\u1ec3 ph\u00e2n bi\u1ec7t n\u1ed5i c\u00e2y \u0103n tr\u00e1i v\u1edbi c\u00e2y xanh tr\u1eeb khi qu\u1ea3 \u0111\u00e3 l\u00fac l\u1ec9u tr\u00ean c\u00e2y. M\u1ed9t v\u01b0\u1eddn rau hay m\u1ed9t ch\u1eadu c\u00e2y c\u1ea3nh xinh x\u1eafn c\u0169ng s\u1ebd gi\u00fap tr\u1ebb nu\u00f4i d\u01b0\u1ee1ng t\u00ecnh y\u00eau, khao kh\u00e1t kh\u00e1m ph\u00e1 thi\u00ean nhi\u00ean.<\/p>\n<p>\u0110i\u1ec1u quan tr\u1ecdng nh\u1ea5t ba m\u1eb9 c\u1ea7n ph\u1ea3i \u0111\u1ecbnh h\u01b0\u1edbng cho con \u0111\u00f3 l\u00e0 ch\u00fang ta kh\u00f4ng ch\u1ec9 l\u00e0m vi\u1ec7c ch\u1ec9 \u0111\u1ec3 c\u00f3 ti\u1ec1n, m\u00e0 c\u00f2n ph\u1ea3i c\u00f3 ni\u1ec1m vui v\u00e0 m\u00ecnh ph\u1ea3i th\u00edch l\u00e0m c\u00f4ng vi\u1ec7c n\u1eefa. M\u00e0 nh\u01b0 th\u1ebf th\u00ec ph\u1ea3i \u0111\u1ec3 cho tr\u1ebb t\u1ef1 kh\u00e1m ph\u00e1, tr\u1ea3i nghi\u1ec7m v\u00e0 ch\u1ecdn l\u1ef1a theo \u0111\u00fang s\u1edf th\u00edch c\u1ee7a m\u00ecnh. T\u1eeb b\u1ee9c tranh trong b\u1ed9 s\u00e1ch b\u1ea1n nh\u1ecf c\u00f3 th\u1ec3 li\u00ean t\u01b0\u1edfng k\u1ec3 c\u00e2u chuy\u1ec7n c\u1ee7a m\u00ecnh v\u1ec1 cu\u1ed9c s\u1ed1ng, c\u00e1ch b\u1ea1n nh\u1ecf nh\u00ecn nh\u1eadn cu\u1ed9c s\u1ed1ng v\u00e0 th\u1ebf gi\u1edbi t\u01b0\u1edfng t\u01b0\u1ee3ng phong ph\u00fa b\u00ean trong b\u1ea3n th\u00e2n m\u00ecnh.<\/p>\n<p>B\u1eb1ng t\u1ea5t c\u1ea3 t\u00ecnh y\u00eau v\u00e0 s\u1ef1 \u0111am m\u00ea m\u00e0 c\u00f4 Linh d\u0169ng c\u1ea3m &#8211; t\u00e1c gi\u1ea3 c\u1ee7a b\u1ed9 s\u00e1ch  g\u1eedi \u0111\u1ebfn b\u1ea1n \u0111\u1ecdc nh\u00ed v\u00e0 b\u1eadc ph\u1ee5 huynh v\u1edbi mong mu\u1ed1n qua nh\u1eefng nh\u00e2n v\u1eadt c\u00f3 th\u1eadt, nh\u1eefng c\u00e2u chuy\u1ec7n v\u1ec1 ngh\u1ec1 nghi\u1ec7p s\u1ebd l\u00e0 nh\u1eefng h\u1ea1t m\u1ea7m nh\u1ecf, b\u1ed3i d\u01b0\u1ee1ng t\u00e2m h\u1ed3n, nu\u00f4i d\u01b0\u1ee1ng h\u1ea1t gi\u1ed1ng s\u00e1ng t\u1ea1o, gi\u00fap b\u00e9 nu\u00f4i d\u01b0\u1ee1ng t\u00ecnh y\u00eau d\u00e0nh cho M\u1eb9 Thi\u00ean Nhi\u00ean v\u00e0 C\u1ed9ng \u0110\u1ed3ng ng\u00e0y c\u00e0ng l\u1edbn m\u1ea1nh.<\/p>\n<p>B\u1ed9 s\u00e1ch thi\u1ebft k\u1ebf c\u00f4ng phu, v\u1edbi nhi\u1ec1u h\u00ecnh \u1ea3nh v\u1ebd tay ng\u1ed9 ngh\u0129nh, nhi\u1ec1u m\u00e0u s\u1eafc b\u1eaft m\u1eaft, t\u0103ng th\u00eam s\u1ef1 th\u00edch th\u00fa khi b\u00e9 ti\u1ebfp c\u1eadn. <\/p>\n","protected":false},"excerpt":{"rendered":"<p>L\u1edbn l\u00ean con s\u1ebd l\u00e0m g\u00ec? C\u00e2u h\u1ecfi r\u1ea5t \u0111\u01a1n gi\u1ea3n m\u00e0 r\u1ea5t nhi\u1ec1u b\u1ed1 m\u1eb9 ngh\u0129 r\u1eb1ng tr\u1ebb con c\u00f2n nh\u1ecf th\u00ec bi\u1ebft g\u00ec v\u1ec1 t\u01b0\u01a1ng lai xa x\u00f4i m\u00e0 h\u01b0\u1edbng d\u1eabn, gi\u1ea3i th\u00edch. V\u00e0 v\u00ec v\u1eady, nhi\u1ec1u gia \u0111\u00ecnh \u0111\u00e3 b\u1ecf qua m\u1ed9t vai tr\u00f2 h\u1ebft s\u1ee9c quan tr\u1ecdng c\u1ee7a m\u00ecnh l\u00e0 t\u1ea1o \u0111i\u1ec1u ki\u1ec7n cho con b\u1ed9c l\u1ed9 t\u1ed1i \u0111a nh\u1eefng xu h\u01b0\u1edbng c\u00e1 nh\u00e2n, h\u01b0\u1edbng d\u1eabn, gi\u00fap con \u0111\u1ecbnh h\u01b0\u1edbng con \u0111\u01b0\u1eddng s\u1ebd \u0111i trong t\u01b0\u01a1ng lai v\u00e0 chu\u1ea9n b\u1ecb nh\u1eefng h\u00e0nh trang t\u1ed1t nh\u1ea5t \u0111\u1ec3 \u0111i tr\u00ean con \u0111\u01b0\u1eddng \u0111\u00f3.B\u1ed9 s\u00e1ch h\u01b0\u1edbng nghi\u1ec7p cho tr\u1ebb: M\u00ecnh c\u00f3 th\u1ec3 l\u00e0m ngh\u1ec1 g\u00ec \u0111\u1ec3 ch\u0103m s\u00f3c m\u1eb9 thi\u00ean nhi\u00ean? M\u00ecnh c\u00f3 th\u1ec3 l\u00e0m ngh\u1ec1 g\u00ec \u0111\u1ec3 gi\u00fap \u0111\u1ee1 c\u1ed9ng \u0111\u1ed3ng? S\u1ebd gi\u00fap b\u1eadc cha m\u1eb9 \u00fd th\u1ee9c \u0111\u01b0\u1ee3c vi\u1ec7c \u0111\u1ecbnh h\u01b0\u1edbng ngh\u1ec1 nghi\u1ec7p cho con, v\u00e0 cho con th\u1ea5y \u0111\u01b0\u1ee3c cu\u1ed9c s\u1ed1ng th\u1eadt \u00fd ngh\u0129a khi m\u00ecnh th\u1ecfa s\u1ee9c l\u00e0m nh\u1eefng \u0111i\u1ec1u m\u00ecnh th\u00edch.<\/p>\n<p>Nh\u01b0ng l\u00e0m sao \u0111\u1ec3 \u0111\u1ecbnh h\u01b0\u1edbng cho con v\u1ec1 ngh\u1ec1 nghi\u1ec7p m\u1ed9t c\u00e1ch \u0111\u00fang \u0111\u1eafn \u0111\u1ec3 tr\u00e1nh t\u00ecnh tr\u1ea1ng \u00e1p \u0111\u1eb7t v\u00e0 b\u1eaft bu\u1ed9c con \u0111i theo \u201cl\u1ed9 tr\u00ecnh\u201d v\u1ea1ch s\u1eb5n hay ph\u1ea3i th\u1ef1c hi\u1ec7n nh\u1eefng \u01b0\u1edbc m\u01a1 c\u00f2n dang d\u1edf c\u1ee7a b\u1ed1 m\u1eb9, h\u00e3y c\u00f9ng c\u00f4 Linh d\u0169ng c\u1ea3m kh\u00e1m ph\u00e1 v\u00e0 t\u00ecm hi\u1ec3u b\u1ed9 s\u00e1ch n\u00e0y nh\u00e9.<\/p>\n<p>Nh\u1eefng c\u00e2u chuy\u1ec7n m\u00e0 c\u00f4 Linh k\u1ec3 trong b\u1ed9 s\u00e1ch v\u00f4 c\u00f9ng d\u1ec5 th\u01b0\u01a1ng v\u00e0 g\u1ea7n g\u0169i. Nh\u01b0 chuy\u1ec7n c\u1ee7a c\u00f4 Ph\u01b0\u01a1ng l\u00e0m ngh\u1ec1 ch\u0103m s\u00f3c n\u00f4ng tr\u1ea1i. C\u00f4 cho c\u00e1c b\u1ea1n nh\u1ecf bi\u1ebft \u0111\u01b0\u1ee3c kh\u00e1i ni\u1ec7m n\u00f4ng tr\u1ea1i h\u1eefu c\u01a1 l\u00e0 g\u00ec? Ch\u00fang ta ph\u1ea3i l\u00e0m g\u00ec \u0111\u1ec3 ch\u0103m s\u00f3c n\u00f4ng tr\u1ea1i \u0111\u01b0\u1ee3c t\u1ed1t? l\u1ee3i \u00edch thu l\u1ea1i t\u1eeb v\u01b0\u1eddn n\u00f4ng tr\u1ea1i?\u2026Cho b\u1ea1n nh\u1ecf bi\u1ebft \u0111\u01b0\u1ee3c th\u1eadt nhi\u1ec1u m\u00e0u s\u1eafc c\u1ee7a c\u1ecf c\u00e2y, hoa l\u00e1, chim th\u00fa\u2026 gi\u00fap b\u00e9 nh\u00ecn th\u1ea5y \u0111\u01b0\u1ee3c  nh\u1eefng v\u1ebb \u0111\u1eb9p c\u1ee7a thi\u00ean nhi\u00ean m\u00e0 ch\u00fang h\u1ecdc \u0111\u01b0\u1ee3c r\u1eb1ng: con ng\u01b0\u1eddi \u0111\u01b0\u1ee3c M\u1eb9 thi\u00ean nhi\u00ean nu\u00f4i d\u01b0\u1ee1ng v\u00e0 t\u1ea5t c\u1ea3 c\u00e1c sinh v\u1eadt s\u1ed1ng tr\u00ean tr\u00e1i \u0111\u1ea5t \u0111\u1ec1u t\u1ed3n t\u1ea1i b\u1eb1ng c\u00e1ch thu nh\u1eadn nh\u1eefng l\u1ee3i \u00edch t\u1eeb thi\u00ean nhi\u00ean.<\/p>\n<p>V\u1edbi nh\u1eefng \u0111\u1ee9a tr\u1ebb \u1edf th\u00e0nh ph\u1ed1, v\u01b0\u1eddn rau s\u1ebd l\u00e0 m\u1ed9t trong nh\u1eefng \u0111i\u1ec1u tuy\u1ec7t di\u1ec7u nh\u1ea5t c\u1ee7a ch\u00fang. V\u00ec \u0111\u00f3 c\u00f3 th\u1ec3 l\u00e0 s\u00e2n ch\u01a1i \u0111\u1ec3 tr\u1ebb kh\u00e1m ph\u00e1 thi\u00ean nhi\u00ean, c\u00f3 nh\u1eefng b\u00e0i h\u1ecdc v\u1ec1 s\u1ef1 s\u1ed1ng \u0111\u1ea7u ti\u00ean trong \u0111\u1eddi. Kh\u00f4ng \u00edt tr\u1ebb ch\u01b0a bao gi\u1edd bi\u1ebft c\u00e2y rau c\u0169ng nh\u01b0 nhi\u1ec1u lo\u1ea1i c\u00e2y kh\u00e1c n\u1ea3y m\u1ea7m, l\u1edbn l\u00ean th\u1ebf n\u00e0o, h\u00e9o \u00faa v\u00e0 l\u1ee5i t\u00e0n ra sao. Ch\u00fang c\u0169ng ch\u1eb3ng th\u1ec3 ph\u00e2n bi\u1ec7t n\u1ed5i c\u00e2y \u0103n tr\u00e1i v\u1edbi c\u00e2y xanh tr\u1eeb khi qu\u1ea3 \u0111\u00e3 l\u00fac l\u1ec9u tr\u00ean c\u00e2y. M\u1ed9t v\u01b0\u1eddn rau hay m\u1ed9t ch\u1eadu c\u00e2y c\u1ea3nh xinh x\u1eafn c\u0169ng s\u1ebd gi\u00fap tr\u1ebb nu\u00f4i d\u01b0\u1ee1ng t\u00ecnh y\u00eau, khao kh\u00e1t kh\u00e1m ph\u00e1 thi\u00ean nhi\u00ean.<\/p>\n<p>\u0110i\u1ec1u quan tr\u1ecdng nh\u1ea5t ba m\u1eb9 c\u1ea7n ph\u1ea3i \u0111\u1ecbnh h\u01b0\u1edbng cho con \u0111\u00f3 l\u00e0 ch\u00fang ta kh\u00f4ng ch\u1ec9 l\u00e0m vi\u1ec7c ch\u1ec9 \u0111\u1ec3 c\u00f3 ti\u1ec1n, m\u00e0 c\u00f2n ph\u1ea3i c\u00f3 ni\u1ec1m vui v\u00e0 m\u00ecnh ph\u1ea3i th\u00edch l\u00e0m c\u00f4ng vi\u1ec7c n\u1eefa. M\u00e0 nh\u01b0 th\u1ebf th\u00ec ph\u1ea3i \u0111\u1ec3 cho tr\u1ebb t\u1ef1 kh\u00e1m ph\u00e1, tr\u1ea3i nghi\u1ec7m v\u00e0 ch\u1ecdn l\u1ef1a theo \u0111\u00fang s\u1edf th\u00edch c\u1ee7a m\u00ecnh. T\u1eeb b\u1ee9c tranh trong b\u1ed9 s\u00e1ch b\u1ea1n nh\u1ecf c\u00f3 th\u1ec3 li\u00ean t\u01b0\u1edfng k\u1ec3 c\u00e2u chuy\u1ec7n c\u1ee7a m\u00ecnh v\u1ec1 cu\u1ed9c s\u1ed1ng, c\u00e1ch b\u1ea1n nh\u1ecf nh\u00ecn nh\u1eadn cu\u1ed9c s\u1ed1ng v\u00e0 th\u1ebf gi\u1edbi t\u01b0\u1edfng t\u01b0\u1ee3ng phong ph\u00fa b\u00ean trong b\u1ea3n th\u00e2n m\u00ecnh.<\/p>\n<p>B\u1eb1ng t\u1ea5t c\u1ea3 t\u00ecnh y\u00eau v\u00e0 s\u1ef1 \u0111am m\u00ea m\u00e0 c\u00f4 Linh d\u0169ng c\u1ea3m &#8211; t\u00e1c gi\u1ea3 c\u1ee7a b\u1ed9 s\u00e1ch  g\u1eedi \u0111\u1ebfn b\u1ea1n \u0111\u1ecdc nh\u00ed v\u00e0 b\u1eadc ph\u1ee5 huynh v\u1edbi mong mu\u1ed1n qua nh\u1eefng nh\u00e2n v\u1eadt c\u00f3 th\u1eadt, nh\u1eefng c\u00e2u chuy\u1ec7n v\u1ec1 ngh\u1ec1 nghi\u1ec7p s\u1ebd l\u00e0 nh\u1eefng h\u1ea1t m\u1ea7m nh\u1ecf, b\u1ed3i d\u01b0\u1ee1ng t\u00e2m h\u1ed3n, nu\u00f4i d\u01b0\u1ee1ng h\u1ea1t gi\u1ed1ng s\u00e1ng t\u1ea1o, gi\u00fap b\u00e9 nu\u00f4i d\u01b0\u1ee1ng t\u00ecnh y\u00eau d\u00e0nh cho M\u1eb9 Thi\u00ean Nhi\u00ean v\u00e0 C\u1ed9ng \u0110\u1ed3ng ng\u00e0y c\u00e0ng l\u1edbn m\u1ea1nh.<\/p>\n<p>B\u1ed9 s\u00e1ch thi\u1ebft k\u1ebf c\u00f4ng phu, v\u1edbi nhi\u1ec1u h\u00ecnh \u1ea3nh v\u1ebd tay ng\u1ed9 ngh\u0129nh, nhi\u1ec1u m\u00e0u s\u1eafc b\u1eaft m\u1eaft, t\u0103ng th\u00eam s\u1ef1 th\u00edch th\u00fa khi b\u00e9 ti\u1ebfp c\u1eadn.<\/p>\n","protected":false},"featured_media":8168,"template":"","meta":{"_acf_changed":false},"product_brand":[],"product_cat":[25,17],"product_tag":[],"class_list":{"0":"post-8172","1":"product","2":"type-product","3":"status-publish","4":"has-post-thumbnail","6":"product_cat-nhi-dong-6-tuoi-12-tuoi","7":"product_cat-sach-danh-cho-cac-be","9":"first","10":"outofstock","11":"taxable","12":"shipping-taxable","13":"purchasable","14":"product-type-simple"},"supplier_id":null,"supplier_sku":"","barcode":null,"atum_controlled":true,"out_stock_date":"2021-06-07 04:12:18","out_stock_threshold":null,"inheritable":false,"inbound_stock":0,"stock_on_hold":0,"sold_today":0,"sales_last_days":0,"reserved_stock":0,"customer_returns":0,"warehouse_damage":0,"lost_in_post":0,"other_logs":0,"out_stock_days":1696,"lost_sales":0,"has_location":false,"update_date":"2026-01-28T23:10:41","atum_locations":[],"atum_stock_status":"outofstock","restock_status":false,"low_stock_amount":"","sales_update_date":"2026-01-28T23:10:41","calc_backorders":null,"acf":{"publisher":{"ID":6196,"post_author":"1","post_date":"2021-03-15 01:26:01","post_date_gmt":"2021-03-14 23:26:01","post_content":"","post_title":"FIRST NEWS","post_excerpt":"","post_status":"publish","comment_status":"closed","ping_status":"closed","post_password":"","post_name":"first-news","to_ping":"","pinged":"","post_modified":"2021-03-15 01:26:01","post_modified_gmt":"2021-03-14 23:26:01","post_content_filtered":"","post_parent":0,"guid":"https:\/\/sachviet.eu\/blog\/nha-phat-hanh\/first-news\/","menu_order":0,"post_type":"publisher","post_mime_type":"","comment_count":"0","filter":"raw"}},"_links":{"self":[{"href":"https:\/\/sachviet.eu\/en\/wp-json\/wp\/v2\/product\/8172","targetHints":{"allow":["GET"]}}],"collection":[{"href":"https:\/\/sachviet.eu\/en\/wp-json\/wp\/v2\/product"}],"about":[{"href":"https:\/\/sachviet.eu\/en\/wp-json\/wp\/v2\/types\/product"}],"wp:featuredmedia":[{"embeddable":true,"href":"https:\/\/sachviet.eu\/en\/wp-json\/wp\/v2\/media\/8168"}],"wp:attachment":[{"href":"https:\/\/sachviet.eu\/en\/wp-json\/wp\/v2\/media?parent=8172"}],"wp:term":[{"taxonomy":"product_brand","embeddable":true,"href":"https:\/\/sachviet.eu\/en\/wp-json\/wp\/v2\/product_brand?post=8172"},{"taxonomy":"product_cat","embeddable":true,"href":"https:\/\/sachviet.eu\/en\/wp-json\/wp\/v2\/product_cat?post=8172"},{"taxonomy":"product_tag","embeddable":true,"href":"https:\/\/sachviet.eu\/en\/wp-json\/wp\/v2\/product_tag?post=8172"}],"curies":[{"name":"wp","href":"https:\/\/api.w.org\/{rel}","templated":true}]}}