{"id":8157,"date":"2021-04-28T14:03:01","date_gmt":"2021-04-28T11:03:01","guid":{"rendered":"https:\/\/sachviet.eu\/shop\/bo-sach-khung-long-nho-bundle-4-quyen\/"},"modified":"2024-08-25T00:12:51","modified_gmt":"2024-08-24T21:12:51","slug":"bo-sach-khung-long-nho-bundle-4-quyen","status":"publish","type":"product","link":"https:\/\/sachviet.eu\/en\/shop\/bo-sach-khung-long-nho-bundle-4-quyen\/","title":{"rendered":"B\u1ed9 s\u00e1ch Kh\u1ee7ng long nh\u1ecf &#8211; Bundle 4 quy\u1ec3n"},"content":{"rendered":"<p>B\u1ed9 s\u00e1ch Kh\u1ee7ng Long Nh\u1ecf c\u1ee7a t\u00e1c gi\u1ea3 Michael Dahl l\u00e0 m\u1ed9t chi\u1ebfc c\u1ea7u n\u1ed1i nh\u01b0 th\u1ebf. B\u1ed1n t\u1eadp \u0110\u1eebng \u0111\u00e1nh, \u0110\u1eebng \u0111\u1ea9y, \u0110\u1eebng h\u00e9t, \u0110\u1eebng c\u1eafn l\u1ea5y h\u00ecnh t\u01b0\u1ee3ng b\u00e9 kh\u1ee7ng long ng\u00e2y th\u01a1 l\u00e0m trung t\u00e2m \u0111\u1ec3 th\u1ee7 th\u1ec9 c\u00f9ng b\u00e9 v\u1ec1 nh\u1eefng h\u00e0nh vi \u1ee9ng x\u1eed ph\u00f9 h\u1ee3p v\u1edbi m\u00f4i tr\u01b0\u1eddng xung quanh. B\u00e9 s\u1ebd t\u00ecm th\u1ea5y h\u00ecnh \u1ea3nh quen thu\u1ed9c c\u1ee7a m\u00ecnh n\u01a1i ch\u00fa kh\u1ee7ng long th\u00edch g\u1eb7m th\u1eed m\u1ecdi th\u1ee9 xung quanh, th\u00edch h\u00e9t to\u00e1ng l\u00ean, ca h\u00e1t vang nh\u00e0, th\u00edch x\u00f4 \u0111\u1ea9y m\u1ecdi th\u1ee9,\u2026 Tr\u1ebb con \u1edf giai \u0111o\u1ea1n 3-5 tu\u1ed5i th\u00edch kh\u00e1m ph\u00e1 th\u1ebf gi\u1edbi xung quanh. \u0110\u1ed3ng th\u1eddi trong giai \u0111o\u1ea1n n\u00e0y, c\u00e1c em c\u0169ng c\u00f3 nh\u1eefng kh\u00e1m ph\u00e1 ri\u00eang v\u1ec1 ch\u00ednh b\u1ea3n th\u00e2n m\u00ecnh. C\u00e1c em t\u1eeb t\u1eeb h\u1ecdc v\u1ec1 c\u00e1nh ki\u1ec3m so\u00e1t h\u00e0nh vi v\u00e0 \u0111\u1ec3 \u00fd quan s\u00e1t \u0111\u1ebfn t\u01b0\u01a1ng t\u00e1c c\u1ee7a m\u00ecnh v\u1edbi ng\u01b0\u1eddi kh\u00e1c. Khi ch\u01a1i c\u00f9ng tr\u1ebb em trong \u0111\u1ed9 tu\u1ed5i n\u00e0y, ta s\u1ebd th\u1ea5y c\u00f3 nh\u1eefng khi em b\u00e9 v\u00f4 \u00fd l\u00e0m ng\u01b0\u1eddi kh\u00e1c \u0111au ho\u1eb7c n\u00f3i\/h\u00e9t r\u1ea5t to. \u0110\u00f3 l\u00e0 v\u00ec tr\u1ebb em tu\u1ed5i n\u00e0y ch\u01b0a h\u1ecdc xong c\u00e1ch \u0111i\u1ec1u ch\u1ec9nh h\u00e0nh vi c\u1ee7a b\u1ea3n th\u00e2n cho th\u00edch h\u1ee3p v\u1edbi m\u00f4i tr\u01b0\u1eddng v\u00e0 ng\u01b0\u1eddi xung quanh. Ngo\u00e0i vi\u1ec7c nh\u1eafc nh\u1edf, ch\u1ec9 b\u1ea3o cho c\u00e1c em; nh\u1eefng quy\u1ec3n s\u00e1ch v\u1edbi nh\u1eefng c\u00e2u v\u0103n sinh \u0111\u1ed9ng, d\u1ecbu d\u00e0ng m\u00e0 ki\u00ean quy\u1ebft nh\u01b0 trong b\u1ed9 Kh\u1ee7ng Long Nh\u1ecf s\u1ebd gi\u00fap c\u00e1c b\u1ed1 m\u1eb9 d\u1ea1y cho c\u00e1c thi\u00ean th\u1ea7n nh\u1ecf h\u00f2a h\u1ee3p t\u00edch c\u1ef1c c\u00f9ng th\u1ebf gi\u1edbi n\u00e0y.<\/p>\n","protected":false},"excerpt":{"rendered":"<p>Tr\u1ecdn b\u1ed9 combo KH\u1ee6NG LONG NH\u1ece\u00a0d\u00e0nh t\u1eb7ng cho c\u00e1c b\u00e9 s\u1ebd, \u0111ang b\u01b0\u1edbc v\u00e0o tu\u1ed5i l\u00ean 3<br \/>\n&#8211; 1 cu\u1ed1n \u0110\u1eebng \u0111\u00e1nh nh\u00e9<br \/>\n&#8211; 1 cu\u1ed1n \u0110\u1eebng \u0111\u1ea9y nh\u00e9<br \/>\n&#8211; 1 cu\u1ed1n \u0110\u1eebng h\u00e9t nh\u00e9<br \/>\n&#8211; 1 cu\u1ed1n \u0110\u1eebng c\u1eafn nh\u00e9<\/p>\n","protected":false},"featured_media":8148,"template":"","meta":{"_acf_changed":false},"product_brand":[],"product_cat":[25,17,26],"product_tag":[81],"class_list":{"0":"post-8157","1":"product","2":"type-product","3":"status-publish","4":"has-post-thumbnail","6":"product_cat-nhi-dong-6-tuoi-12-tuoi","7":"product_cat-sach-danh-cho-cac-be","8":"product_cat-thieu-nien-11-tuoi-18-tuoi","9":"product_tag-sach-gia-uu-dai","11":"first","12":"instock","13":"sale","14":"taxable","15":"shipping-taxable","16":"purchasable","17":"product-type-woosb"},"supplier_id":null,"supplier_sku":"","barcode":null,"atum_controlled":true,"out_stock_date":"2021-04-28 11:03:01","out_stock_threshold":null,"inheritable":false,"inbound_stock":0,"stock_on_hold":0,"sold_today":0,"sales_last_days":0,"reserved_stock":0,"customer_returns":0,"warehouse_damage":0,"lost_in_post":0,"other_logs":0,"out_stock_days":1736,"lost_sales":0,"has_location":false,"update_date":"2026-01-28T23:11:22","atum_locations":[],"atum_stock_status":"instock","restock_status":false,"low_stock_amount":"","sales_update_date":"2026-01-28T23:11:22","calc_backorders":null,"acf":{"publisher":{"ID":1458,"post_author":"1","post_date":"2021-02-17 01:12:22","post_date_gmt":"2021-02-16 23:12:22","post_content":"<!-- wp:flatsome\/uxbuilder -->\n<h1 style=\"text-align: center\"><strong>Crabit Kidbooks<\/strong><\/h1>\n[row]\n\n[col span=\"8\" span__sm=\"12\"]\n\n<p>Crabit Kidbooks l\u00e0 nh\u00e0 ph\u00e1t h\u00e0nh s\u00e1ch thi\u1ebfu nhi thu\u1ed9c C\u00f4ng ty CPTM &amp; XNK Ng\u1ecdc \u00c1nh \u2013 \u0111\u01a1n v\u1ecb h\u01a1n 20 n\u0103m kinh nghi\u1ec7m trong ng\u00e0nh in \u1ea5n v\u00e0 l\u00e0 \u0111\u1ed1i t\u00e1c uy t\u00edn cung c\u1ea5p h\u1ecdc li\u1ec7u, s\u00e1ch v\u1edf h\u1ecdc sinh cho h\u01a1n 5000 kh\u00e1ch h\u00e0ng kh\u1eafp 28 t\u1ec9nh th\u00e0nh ph\u00eda B\u1eafc Vi\u1ec7t Nam H\u1ec7 th\u1ed1ng s\u1ea3n ph\u1ea9m Crabit Kidbooks<\/p>\n<p>Theo s\u1ef1 t\u00ecm hi\u1ec3u c\u1ee7a <strong>SACHVIET.EU<\/strong><strong>\u00a0<\/strong>tuy Crabit Kidbooks l\u00e0 m\u1ed9t nh\u00e0 ph\u00e1t h\u00e0nh tr\u1ebb t\u1ea1i Vi\u1ec7t Nam nh\u01b0ng l\u1ea1i mang \u0111\u1ebfn s\u1ef1 ch\u1ec9n chu qua t\u1eebng trang s\u00e1ch, t\u1eeb ch\u1ea5t li\u1ec7u gi\u1ea5y cao c\u1ea5p, b\u00eca c\u1ee9ng gi\u1eef g\u00ecn s\u00e1ch \u0111\u01b0\u1ee3c b\u1ec1n l\u00e2u \u0111\u1ebfn l\u1eddi v\u0103n c\u00e2u ch\u1eef \u0111\u01b0\u1ee3c ch\u1ecdn l\u1ecdc ch\u1ec9nh s\u1eeda sao cho ti\u1ebfp c\u1eadn th\u00e2n thi\u1ec7n nh\u1ea5t v\u1edbi tr\u1ebb em. <strong>SACHVIET.EU<\/strong> th\u1ef1c s\u1ef1 \u1ea5n t\u01b0\u1ee3ng b\u1edfi t\u1ea7m nh\u00ecn v\u00e0 s\u1ef1 c\u1ed1 g\u1eafng ho\u00e0n thi\u1ec7n nh\u1eefng t\u00e1c ph\u1ea9m c\u00f3 gi\u00e1 tr\u1ecb tuy\u1ec7t v\u1eddi m\u00e0 Crabit Kidbooks mang l\u1ea1i. \u0110\u00e2y c\u0169ng l\u00e0 nh\u00e0 ph\u00e1t h\u00e0nh duy nh\u1ea5t t\u1edbi th\u1eddi \u0111i\u1ec3m n\u00e0y m\u00e0 <strong>SACHVIET.EU<\/strong> quy\u1ebft t\u00e2m h\u1ee3p t\u00e1c mang h\u1ebft t\u1ea5t c\u1ea3 c\u00e1c \u0111\u1ea7u s\u00e1ch m\u00e0 Crabit Kidbooks c\u00f3 \u0111\u1ec3 \u0111em \u0111\u1ebfn Ch\u00e2u \u00c2u ph\u1ee5c v\u1ee5 m\u1ecdi ng\u01b0\u1eddi. \u0110\u00e2y th\u1ef1c s\u1ef1 l\u00e0 m\u1ed9t s\u1ef1 li\u1ec1u l\u0129nh c\u1ee7a <strong>SACHVIET.EU<\/strong>, tuy nhi\u00ean ch\u00fang m\u00ecnh tin t\u01b0\u1edfng v\u00e0 t\u1ef1 tin r\u1eb1ng t\u1eebng cu\u1ed1n s\u00e1ch m\u00e0 ch\u00fang m\u00ecnh gi\u1edbi thi\u1ec7u x\u1ee9ng \u0111\u00e1ng v\u1edbi nh\u1eefng g\u00ec ch\u00fang m\u00ecnh theo \u0111u\u1ed5i.<\/p>\n\n[\/col]\n[col span=\"4\" span__sm=\"12\"]\n\n[ux_image id=\"1701\" image_size=\"medium\"]\n\n\n[\/col]\n\n[\/row]\n\n<!-- \/wp:flatsome\/uxbuilder -->","post_title":"Crabit Kidbooks","post_excerpt":"","post_status":"publish","comment_status":"closed","ping_status":"closed","post_password":"","post_name":"crabit-kidbooks","to_ping":"","pinged":"","post_modified":"2022-12-19 23:12:10","post_modified_gmt":"2022-12-19 21:12:10","post_content_filtered":"","post_parent":0,"guid":"https:\/\/sachviet.eu\/nha-phat-hanh\/crabitkidbooks\/","menu_order":0,"post_type":"publisher","post_mime_type":"","comment_count":"0","filter":"raw"}},"_links":{"self":[{"href":"https:\/\/sachviet.eu\/en\/wp-json\/wp\/v2\/product\/8157","targetHints":{"allow":["GET"]}}],"collection":[{"href":"https:\/\/sachviet.eu\/en\/wp-json\/wp\/v2\/product"}],"about":[{"href":"https:\/\/sachviet.eu\/en\/wp-json\/wp\/v2\/types\/product"}],"wp:featuredmedia":[{"embeddable":true,"href":"https:\/\/sachviet.eu\/en\/wp-json\/wp\/v2\/media\/8148"}],"wp:attachment":[{"href":"https:\/\/sachviet.eu\/en\/wp-json\/wp\/v2\/media?parent=8157"}],"wp:term":[{"taxonomy":"product_brand","embeddable":true,"href":"https:\/\/sachviet.eu\/en\/wp-json\/wp\/v2\/product_brand?post=8157"},{"taxonomy":"product_cat","embeddable":true,"href":"https:\/\/sachviet.eu\/en\/wp-json\/wp\/v2\/product_cat?post=8157"},{"taxonomy":"product_tag","embeddable":true,"href":"https:\/\/sachviet.eu\/en\/wp-json\/wp\/v2\/product_tag?post=8157"}],"curies":[{"name":"wp","href":"https:\/\/api.w.org\/{rel}","templated":true}]}}