{"id":795,"date":"2021-02-14T00:04:17","date_gmt":"2021-02-13T22:04:17","guid":{"rendered":"https:\/\/sachviet.eu\/shop\/mommys-heart\/"},"modified":"2021-05-18T00:51:16","modified_gmt":"2021-05-17T21:51:16","slug":"mommys-heart","status":"publish","type":"product","link":"https:\/\/sachviet.eu\/en\/shop\/mommys-heart\/","title":{"rendered":"Mommy&#8217;s Heart"},"content":{"rendered":"<p>H\u00e0nh tr\u00ecnh c\u1ee7a b\u00e9 Nim kh\u00e1m ph\u00e1 t\u00ecnh y\u00eau ng\u1ecdt ng\u00e0o v\u00e0 tr\u00e1i tim di\u1ec7u k\u1ef3 c\u1ee7a m\u1eb9.<\/p>\n<p>C\u00f9ng l\u1eadt gi\u1edf trang s\u00e1ch, ng\u1eafm nh\u1eefng b\u1ee9c tranh m\u00e0u n\u01b0\u1edbc \u0111\u1ec3 c\u1ea3m nh\u1eadn v\u1ebb \u0111\u1eb9p t\u1eebng kho\u1ea3nh kh\u1eafc cu\u1ed9c s\u1ed1ng.<\/p>\n<p>Th\u1eadt \u0111\u1eb9p khi nh\u00ecn ng\u1eafm cu\u1ed9c s\u1ed1ng b\u1eb1ng t\u00ecnh y\u00eau, v\u00e0 l\u01b0u gi\u1eef ch\u00fang trong tr\u00e1i tim y\u00eau th\u01b0\u01a1ng.<\/p>\n<p>V\u1edbi l\u01b0\u1ee3ng t\u1eeb v\u1ef1ng v\u1eeba ph\u1ea3i, n\u1ed9i dung \u0111\u01a1n gi\u1ea3n, c\u00e1c b\u00e9 \u1edf tr\u00ecnh \u0111\u1ed9 c\u01a1 b\u1ea3n c\u0169ng c\u00f3 th\u1ec3 d\u1ec5 d\u00e0ng n\u1eafm b\u1eaft c\u00e2u chuy\u1ec7n.<\/p>\n<p>TRUY\u1ec6N HAY &#8211; TRANH \u0110\u1eb8P V\u00c0 H\u1eccC TH\u00caM TI\u1ebeNG ANH<\/p>\n<p>S\u00e1ch \u0111\u00e3 \u0111\u1ea1t nhi\u1ec1u gi\u1ea3i th\u01b0\u1edfng vinh d\u1ef1 trong n\u01b0\u1edbc v\u00e0 qu\u1ed1c t\u1ebf:<\/p>\n<p>&#8211; Gi\u1ea3i th\u01b0\u1edfng Grand Prize c\u1ee7a cu\u1ed9c thi Samsung Kids Time Authors\u2019 Award 2015 d\u00e0nh cho c\u00e1c t\u00e1c gi\u1ea3 \u0110\u00f4ng Nam \u00c1<\/p>\n<p>&#8211; Gi\u1ea3i B\u1ea1c s\u00e1ch Hay n\u0103m 2016  <div class=\"banner-grid-wrapper\">\n  <div id=\"banner-grid-486632503\" class=\"banner-grid row row-grid row-small\" data-packery-options=\"\">\n                      <div class=\"col grid-col large-12 grid-col-1\" ><div class=\"col-inner\">\t<div class=\"img has-hover x md-x lg-x y md-y lg-y\" id=\"image_1214732189\">\n\t\t\t\t\t\t\t\t<div class=\"img-inner dark\" >\n\t\t\t<img loading=\"lazy\" decoding=\"async\" width=\"800\" height=\"600\" src=\"https:\/\/sachviet.eu\/wp-content\/uploads\/2021\/02\/3_208-1.jpg\" class=\"attachment-large size-large\" alt=\"\" srcset=\"https:\/\/sachviet.eu\/wp-content\/uploads\/2021\/02\/3_208-1.jpg 800w, https:\/\/sachviet.eu\/wp-content\/uploads\/2021\/02\/3_208-1-300x225.jpg 300w, https:\/\/sachviet.eu\/wp-content\/uploads\/2021\/02\/3_208-1-768x576.jpg 768w, https:\/\/sachviet.eu\/wp-content\/uploads\/2021\/02\/3_208-1-600x450.jpg 600w\" sizes=\"auto, (max-width: 800px) 100vw, 800px\" \/>\t\t\t\t\t\t\n\t\t\t\t\t<\/div>\n\t\t\t\t\t\t\t\t\n<style>\n#image_1214732189 {\n  width: 100%;\n}\n<\/style>\n\t<\/div>\n\t<\/div><\/div>            <\/div>\n    <style>\n    #banner-grid-486632503 .grid-col-1{height: 600px}\n    #banner-grid-486632503 .grid-col-1-2{height: 300px}\n    #banner-grid-486632503 .grid-col-1-3{height:200px}\n    #banner-grid-486632503 .grid-col-2-3{height: 400px}\n    #banner-grid-486632503 .grid-col-1-4{height: 150px}\n    #banner-grid-486632503 .grid-col-3-4{height: 450px}\n\n\n    \n    \n\n  <\/style>\n    <\/div>\n  \n","protected":false},"excerpt":{"rendered":"<p>H\u00e0nh tr\u00ecnh c\u1ee7a b\u00e9 Nim kh\u00e1m ph\u00e1 t\u00ecnh y\u00eau ng\u1ecdt ng\u00e0o v\u00e0 tr\u00e1i tim di\u1ec7u k\u1ef3 c\u1ee7a m\u1eb9.<\/p>\n<p>C\u00f9ng l\u1eadt gi\u1edf trang s\u00e1ch, ng\u1eafm nh\u1eefng b\u1ee9c tranh m\u00e0u n\u01b0\u1edbc \u0111\u1ec3 c\u1ea3m nh\u1eadn v\u1ebb \u0111\u1eb9p t\u1eebng kho\u1ea3nh kh\u1eafc cu\u1ed9c s\u1ed1ng.<\/p>\n<p>Th\u1eadt \u0111\u1eb9p khi nh\u00ecn ng\u1eafm cu\u1ed9c s\u1ed1ng b\u1eb1ng t\u00ecnh y\u00eau, v\u00e0 l\u01b0u gi\u1eef ch\u00fang trong tr\u00e1i tim y\u00eau th\u01b0\u01a1ng.<\/p>\n<p>V\u1edbi l\u01b0\u1ee3ng t\u1eeb v\u1ef1ng v\u1eeba ph\u1ea3i, n\u1ed9i dung \u0111\u01a1n gi\u1ea3n, c\u00e1c b\u00e9 \u1edf tr\u00ecnh \u0111\u1ed9 c\u01a1 b\u1ea3n c\u0169ng c\u00f3 th\u1ec3 d\u1ec5 d\u00e0ng n\u1eafm b\u1eaft c\u00e2u chuy\u1ec7n.<\/p>\n<p>TRUY\u1ec6N HAY &#8211; TRANH \u0110\u1eb8P V\u00c0 H\u1eccC TH\u00caM TI\u1ebeNG ANH<\/p>\n<p>S\u00e1ch \u0111\u00e3 \u0111\u1ea1t nhi\u1ec1u gi\u1ea3i th\u01b0\u1edfng vinh d\u1ef1 trong n\u01b0\u1edbc v\u00e0 qu\u1ed1c t\u1ebf:<\/p>\n<p>&#8211; Gi\u1ea3i th\u01b0\u1edfng Grand Prize c\u1ee7a cu\u1ed9c thi Samsung Kids Time Authors\u2019 Award 2015 d\u00e0nh cho c\u00e1c t\u00e1c gi\u1ea3 \u0110\u00f4ng Nam \u00c1<\/p>\n<p>&#8211; Gi\u1ea3i B\u1ea1c s\u00e1ch Hay n\u0103m 2016<\/p>\n","protected":false},"featured_media":790,"template":"","meta":{"_acf_changed":false},"product_brand":[],"product_cat":[25,17,71],"product_tag":[],"class_list":{"0":"post-795","1":"product","2":"type-product","3":"status-publish","4":"has-post-thumbnail","6":"product_cat-nhi-dong-6-tuoi-12-tuoi","7":"product_cat-sach-danh-cho-cac-be","8":"product_cat-sach-tre-em-thuan-viet","10":"first","11":"outofstock","12":"taxable","13":"shipping-taxable","14":"purchasable","15":"product-type-simple"},"supplier_id":null,"supplier_sku":"","barcode":null,"atum_controlled":true,"out_stock_date":"2021-03-18 12:56:00","out_stock_threshold":null,"inheritable":false,"inbound_stock":0,"stock_on_hold":0,"sold_today":0,"sales_last_days":0,"reserved_stock":0,"customer_returns":0,"warehouse_damage":0,"lost_in_post":0,"other_logs":0,"out_stock_days":1777,"lost_sales":2789,"has_location":false,"update_date":"2026-01-28T23:10:29","atum_locations":[],"atum_stock_status":"outofstock","restock_status":false,"low_stock_amount":"","sales_update_date":"2026-01-28T23:10:29","calc_backorders":null,"acf":{"publisher":{"ID":1454,"post_author":"1","post_date":"2021-02-17 01:11:34","post_date_gmt":"2021-02-16 23:11:34","post_content":"<!-- wp:flatsome\/uxbuilder -->\n<h1 style=\"text-align: center;\"><strong>Kim \u0110\u1ed3ng<\/strong><\/h1>\n[row]\n\n[col span=\"3\" span__sm=\"12\"]\n\n[ux_image id=\"1534\" image_size=\"medium\"]\n\n\n[\/col]\n[col span=\"9\" span__sm=\"12\"]\n\n<p>Nh\u00e0 xu\u1ea5t b\u1ea3n Kim \u0110\u1ed3ng tr\u1ef1c thu\u1ed9c Trung \u01b0\u01a1ng \u0110o\u00e0n TNCS H\u1ed3 Ch\u00ed Minh l\u00e0 Nh\u00e0 xu\u1ea5t b\u1ea3n t\u1ed5ng h\u1ee3p c\u00f3 ch\u1ee9c n\u0103ng xu\u1ea5t b\u1ea3n s\u00e1ch v\u00e0 v\u0103n h\u00f3a ph\u1ea9m ph\u1ee5c v\u1ee5 thi\u1ebfu nhi v\u00e0 c\u00e1c b\u1eadc ph\u1ee5 huynh trong c\u1ea3 n\u01b0\u1edbc, qu\u1ea3ng b\u00e1 v\u00e0 gi\u1edbi thi\u1ec7u v\u0103n h\u00f3a Vi\u1ec7t Nam ra th\u1ebf gi\u1edbi.<br \/>Nh\u00e0 xu\u1ea5t b\u1ea3n c\u00f3 nhi\u1ec7m v\u1ee5 t\u1ed5 ch\u1ee9c b\u1ea3n th\u1ea3o, bi\u00ean so\u1ea1n, bi\u00ean d\u1ecbch, xu\u1ea5t b\u1ea3n v\u00e0 ph\u00e1t h\u00e0nh c\u00e1c xu\u1ea5t b\u1ea3n ph\u1ea9m c\u00f3 n\u1ed9i dung: gi\u00e1o d\u1ee5c truy\u1ec1n th\u1ed1ng d\u00e2n t\u1ed9c, gi\u00e1o d\u1ee5c v\u1ec1 tri th\u1ee9c, ki\u1ebfn th\u1ee9c\u2026 tr\u00ean c\u00e1c l\u0129nh v\u1ef1c v\u0103n h\u1ecdc, ngh\u1ec7 thu\u1eadt, khoa h\u1ecdc k\u1ef9 thu\u1eadt nh\u1eb1m cung c\u1ea5p cho c\u00e1c em thi\u1ebfu nhi c\u0169ng nh\u01b0 c\u00e1c b\u1eadc ph\u1ee5 huynh c\u00e1c ki\u1ebfn th\u1ee9c c\u1ea7n thi\u1ebft trong cu\u1ed9c s\u1ed1ng, nh\u1eefng tinh hoa c\u1ee7a tri th\u1ee9c nh\u00e2n lo\u1ea1i nh\u1eb1m g\u00f3p ph\u1ea7n gi\u00e1o d\u1ee5c v\u00e0 h\u00ecnh th\u00e0nh nh\u00e2n c\u00e1ch th\u1ebf h\u1ec7 tr\u1ebb.<br \/>\u0110\u1ed1i t\u01b0\u1ee3ng ph\u1ee5c v\u1ee5 c\u1ee7a Nh\u00e0 xu\u1ea5t b\u1ea3n l\u00e0 c\u00e1c em t\u1eeb tu\u1ed5i nh\u00e0 tr\u1ebb m\u1eabu gi\u00e1o (1 \u0111\u1ebfn 5 tu\u1ed5i), nhi \u0111\u1ed3ng (6 \u0111\u1ebfn 9 tu\u1ed5i), thi\u1ebfu ni\u00ean (10 \u0111\u1ebfn 15 tu\u1ed5i) \u0111\u1ebfn c\u00e1c em tu\u1ed5i m\u1edbi l\u1edbn (16 \u0111\u1ebfn 18 tu\u1ed5i) v\u00e0 c\u00e1c b\u1eadc ph\u1ee5 huynh.<\/p>\n\n[\/col]\n\n[\/row]\n\n<!-- \/wp:flatsome\/uxbuilder -->","post_title":"Kim \u0110\u1ed3ng","post_excerpt":"","post_status":"publish","comment_status":"closed","ping_status":"closed","post_password":"","post_name":"kim-dong","to_ping":"","pinged":"","post_modified":"2021-02-17 01:31:56","post_modified_gmt":"2021-02-16 23:31:56","post_content_filtered":"","post_parent":0,"guid":"https:\/\/sachviet.eu\/nha-phat-hanh\/kim-dong\/","menu_order":0,"post_type":"publisher","post_mime_type":"","comment_count":"0","filter":"raw"}},"_links":{"self":[{"href":"https:\/\/sachviet.eu\/en\/wp-json\/wp\/v2\/product\/795","targetHints":{"allow":["GET"]}}],"collection":[{"href":"https:\/\/sachviet.eu\/en\/wp-json\/wp\/v2\/product"}],"about":[{"href":"https:\/\/sachviet.eu\/en\/wp-json\/wp\/v2\/types\/product"}],"wp:featuredmedia":[{"embeddable":true,"href":"https:\/\/sachviet.eu\/en\/wp-json\/wp\/v2\/media\/790"}],"wp:attachment":[{"href":"https:\/\/sachviet.eu\/en\/wp-json\/wp\/v2\/media?parent=795"}],"wp:term":[{"taxonomy":"product_brand","embeddable":true,"href":"https:\/\/sachviet.eu\/en\/wp-json\/wp\/v2\/product_brand?post=795"},{"taxonomy":"product_cat","embeddable":true,"href":"https:\/\/sachviet.eu\/en\/wp-json\/wp\/v2\/product_cat?post=795"},{"taxonomy":"product_tag","embeddable":true,"href":"https:\/\/sachviet.eu\/en\/wp-json\/wp\/v2\/product_tag?post=795"}],"curies":[{"name":"wp","href":"https:\/\/api.w.org\/{rel}","templated":true}]}}