{"id":775,"date":"2021-02-13T14:51:44","date_gmt":"2021-02-13T12:51:44","guid":{"rendered":"https:\/\/sachviet.eu\/shop\/giao-thua-khong-den-muon\/"},"modified":"2021-05-02T15:43:41","modified_gmt":"2021-05-02T12:43:41","slug":"giao-thua-khong-den-muon","status":"publish","type":"product","link":"https:\/\/sachviet.eu\/en\/shop\/giao-thua-khong-den-muon\/","title":{"rendered":"Giao th\u1eeba kh\u00f4ng \u0111\u1ebfn mu\u1ed9n"},"content":{"rendered":"<p>Giao th\u1eeba kh\u00f4ng \u0111\u1ebfn mu\u1ed9n l\u00e0 c\u00e2u chuy\u1ec7n c\u1ea3m \u0111\u1ed9ng, \u1ea5m \u00e1p v\u1ec1 t\u00ecnh c\u1ea3m gia \u0111\u00ecnh. Nh\u00e0 H\u01b0\u01a1ng ngh\u00e8o l\u1eafm, ba m\u00e1 l\u00e0m l\u1ee5ng v\u1ea5t v\u1ea3 quanh n\u0103m c\u0169ng ch\u1ec9 \u0111\u1ee7 nu\u00f4i n\u0103m \u0111\u1ee9a con. Ng\u00e0y T\u1ebft, ph\u1ea3i s\u0103m s\u1eeda th\u00eam m\u1ea5y b\u1ed9 qu\u1ea7n \u00e1o m\u1edbi cho b\u1ea7y con nh\u1ecf khi\u1ebfn ba m\u00e1 H\u01b0\u01a1ng th\u00eam ph\u1ea7n v\u1ea5t v\u1ea3.<\/p>\n<p>N\u0103m \u1ea5y \u0111\u00e3 g\u1ea7n \u0111\u1ebfn giao th\u1eeba m\u00e0 ch\u01b0a th\u1ea5y ba m\u00e1 v\u1ec1, m\u1ea5y ch\u1ecb em bu\u1ed3n l\u1eafm. Kh\u00f4ng bi\u1ebft c\u1ea3 nh\u00e0 c\u00f3 \u0111\u01b0\u1ee3c qu\u00e2y qu\u1ea7n b\u00ean nhau \u0111\u00f3n giao th\u1eeba hay kh\u00f4ng? Nh\u1eefng lo l\u1eafng \u00f9a v\u1ec1 trong t\u00e2m h\u1ed3n non n\u1edbt c\u1ee7a l\u0169 tr\u1ebb. Gi\u1edd \u0111\u00e2y, ch\u1ecb em H\u01b0\u01a1ng kh\u00f4ng c\u1ea7n qu\u1ea7n \u00e1o \u0111\u1eb9p \u0111\u1ec3 di\u1ec7n ng\u00e0y T\u1ebft n\u1eefa r\u1ed3i. Ch\u1ec9 c\u1ea7n c\u1ea3 nh\u00e0 b\u00ean nhau l\u00e0 \u0111\u1ee7. C\u1ee9 th\u1ebf, l\u0169 tr\u1ebb ch\u00ecm v\u00e0o gi\u1ea5c ng\u1ee7.<\/p>\n<p>Khi H\u01b0\u01a1ng t\u1ec9nh d\u1eady, ba m\u00e1 \u0111\u00e3 v\u1ec1 \u0111\u1ebfn nh\u00e0. M\u1ea5y ch\u1ecb em c\u1ee9 ng\u1ee1 m\u00ecnh \u0111ang n\u1eb1m m\u01a1. C\u1ea3 nh\u00e0 v\u1ed9i v\u00e0ng trang ho\u00e0ng nh\u00e0 c\u1eeda \u0111\u1ec3 \u0111\u00f3n giao th\u1eeba. Tuy kh\u00f3 kh\u0103n, v\u1ea5t v\u1ea3, ng\u00e0y T\u1ebft, ch\u1ec9 c\u1ea7n c\u1ea3 nh\u00e0 b\u00ean nhau l\u00e0 \u0111\u1ee7.<\/p>\n<p>Truy\u1ec7n ng\u1eafn c\u1ee7a Nguy\u1ec5n Ng\u1ecdc Ho\u00e0i Nam v\u1eeba mang l\u1ea1i cho \u0111\u1ed9c gi\u00e1 nh\u00ed nhi\u1ec1u cung b\u1eadc c\u1ea3m x\u00fac \u0111a d\u1ea1ng. Nh\u1eefng c\u00e2u chuy\u1ec7n dung d\u1ecb \u1ea5y v\u1eeba khi\u1ebfn ng\u01b0\u1eddi ta cay cay s\u1ed1ng m\u0169i, nh\u01b0ng tho\u1eaft c\u00e1i l\u1ea1i b\u1eadt c\u01b0\u1eddi th\u00edch th\u00fa. V\u1edbi v\u0103n phong nh\u1eb9 nh\u00e0ng v\u00e0 dung d\u1ecb, nh\u1eefng c\u00e2u chuy\u1ec7n c\u1ee7a anh mang h\u01a1i th\u1edf h\u1ed3n nhi\u00ean nh\u01b0 th\u1ec3 \u0111\u01b0\u1ee3c k\u1ec3 l\u1ea1i b\u1edfi m\u1ed9t \u0111\u1ee9a tr\u1ebb.<\/p>\n<p>G\u00e1c l\u1ea1i nh\u1eefng c\u00f4ng vi\u1ec7c b\u1ed9n b\u1ec1 c\u1ee7a n\u0103m c\u0169, t\u1ea1m qu\u00ean \u0111i nh\u1eefng lo l\u1eafng cho t\u01b0\u01a1ng l\u1ea1i, ng\u00e0y T\u1ebft l\u00e0 l\u00fac ng\u01b0\u1eddi l\u1edbn t\u1ea1m \u0111\u1ec3 l\u00f2ng m\u00ecnh l\u1eafng l\u1ea1i, d\u00e0nh tr\u1ecdn v\u1eb9n nh\u1eefng ng\u00e0y th\u00e1ng th\u1ea3nh th\u01a1i b\u00ean con tr\u1ebb, t\u1eb7ng ch\u00fang nh\u1eefng b\u00e0i h\u1ecdc \u00fd ngh\u0129a v\u1ec1 t\u00ecnh y\u00eau th\u01b0\u01a1ng.  <div class=\"banner-grid-wrapper\">\n  <div id=\"banner-grid-1623397933\" class=\"banner-grid row row-grid row-small\" data-packery-options=\"\">\n                      <div class=\"col grid-col large-12 grid-col-1\" ><div class=\"col-inner\">\t<div class=\"img has-hover x md-x lg-x y md-y lg-y\" id=\"image_471243438\">\n\t\t\t\t\t\t\t\t<div class=\"img-inner dark\" >\n\t\t\t<img loading=\"lazy\" decoding=\"async\" width=\"700\" height=\"525\" src=\"https:\/\/sachviet.eu\/wp-content\/uploads\/2021\/02\/44214459841a6d44340b.jpg\" class=\"attachment-large size-large\" alt=\"\" srcset=\"https:\/\/sachviet.eu\/wp-content\/uploads\/2021\/02\/44214459841a6d44340b.jpg 700w, https:\/\/sachviet.eu\/wp-content\/uploads\/2021\/02\/44214459841a6d44340b-300x225.jpg 300w, https:\/\/sachviet.eu\/wp-content\/uploads\/2021\/02\/44214459841a6d44340b-600x450.jpg 600w\" sizes=\"auto, (max-width: 700px) 100vw, 700px\" \/>\t\t\t\t\t\t\n\t\t\t\t\t<\/div>\n\t\t\t\t\t\t\t\t\n<style>\n#image_471243438 {\n  width: 100%;\n}\n<\/style>\n\t<\/div>\n\t<\/div><\/div>            <\/div>\n    <style>\n    #banner-grid-1623397933 .grid-col-1{height: 600px}\n    #banner-grid-1623397933 .grid-col-1-2{height: 300px}\n    #banner-grid-1623397933 .grid-col-1-3{height:200px}\n    #banner-grid-1623397933 .grid-col-2-3{height: 400px}\n    #banner-grid-1623397933 .grid-col-1-4{height: 150px}\n    #banner-grid-1623397933 .grid-col-3-4{height: 450px}\n\n\n    \n    \n\n  <\/style>\n    <\/div>\n  \n","protected":false},"excerpt":{"rendered":"<p>Giao th\u1eeba kh\u00f4ng \u0111\u1ebfn mu\u1ed9n l\u00e0 t\u1eadp truy\u1ec7n ng\u1eafn mang h\u01a1i th\u1edf m\u00f9a xu\u00e2n c\u1ee7a t\u00e1c gi\u1ea3 Nguy\u1ec5n Ng\u1ecdc Ho\u00e0i Nam. T\u00e1c ph\u1ea9m \u0111em \u0111\u1ebfn cho b\u1ea1n \u0111\u1ecdc nh\u00ed nhi\u1ec1u cung b\u1eadc c\u1ea3m x\u00fac kh\u00e1c nhau. B\u00ean c\u1ea1nh nh\u1eefng ti\u1ebfng c\u01b0\u1eddi d\u00ed d\u1ecfm, vui t\u01b0\u01a1i, nh\u01b0 l\u1eddi ch\u00e0o d\u00e0nh cho n\u0103m m\u1edbi, l\u00e0 nh\u1eefng kho\u1ea3nh kh\u1eafc \u0111\u1ea7y \u01b0u t\u01b0, qua \u0111\u00f3 con tr\u1ebb h\u1ecdc c\u00e1ch c\u1ea3m th\u00f4ng v\u00e0 chia s\u1ebb v\u1edbi nh\u1eefng m\u1ea3nh \u0111\u1eddi kh\u1ed1n kh\u00f3 quanh m\u00ecnh.<\/p>\n<p>10 truy\u1ec7n ng\u1eafn trong Giao th\u1eeba kh\u00f4ng \u0111\u1ebfn mu\u1ed9n mang t\u1edbi cho b\u1ea1n \u0111\u1ecdc nh\u1ecf tu\u1ed5i nh\u1eefng cung b\u1eadc c\u1ea3m x\u00fac kh\u00e1c nhau. T\u00e1c gi\u1ea3 \u0111\u00e3 t\u00e1i hi\u1ec7n r\u1ea5t s\u1ed1ng \u0111\u1ed9ng m\u1ed9t kh\u00f4ng gian x\u01b0a c\u0169 c\u1ee7a nh\u1eefng c\u0103n nh\u00e0 l\u00e1 \u0111\u01a1n s\u01a1, n\u01a1i l\u0169 tr\u1ebb th\u00f4n qu\u00ea l\u1edbn l\u00ean trong s\u1ef1 y\u00ean b\u00ecnh v\u00e0 gi\u1ea3n \u0111\u01a1n. Tuy thi\u1ebfu th\u1ed1n v\u1ec1 v\u1eadt ch\u1ea5t, ch\u00fang lu\u00f4n c\u00f3 n\u1ee5 c\u01b0\u1eddi tr\u00ean m\u00f4i.<\/p>\n","protected":false},"featured_media":765,"template":"","meta":{"_acf_changed":false},"product_brand":[],"product_cat":[25,17,26],"product_tag":[],"class_list":{"0":"post-775","1":"product","2":"type-product","3":"status-publish","4":"has-post-thumbnail","6":"product_cat-nhi-dong-6-tuoi-12-tuoi","7":"product_cat-sach-danh-cho-cac-be","8":"product_cat-thieu-nien-11-tuoi-18-tuoi","10":"first","11":"outofstock","12":"taxable","13":"shipping-taxable","14":"purchasable","15":"product-type-simple"},"supplier_id":null,"supplier_sku":"","barcode":null,"atum_controlled":true,"out_stock_date":"2021-05-02 12:43:41","out_stock_threshold":null,"inheritable":false,"inbound_stock":0,"stock_on_hold":0,"sold_today":0,"sales_last_days":0,"reserved_stock":0,"customer_returns":0,"warehouse_damage":0,"lost_in_post":0,"other_logs":0,"out_stock_days":1732,"lost_sales":0,"has_location":false,"update_date":"2026-01-28T23:10:29","atum_locations":[],"atum_stock_status":"outofstock","restock_status":false,"low_stock_amount":"","sales_update_date":"2026-01-28T23:10:29","calc_backorders":null,"acf":{"publisher":{"ID":1454,"post_author":"1","post_date":"2021-02-17 01:11:34","post_date_gmt":"2021-02-16 23:11:34","post_content":"<!-- wp:flatsome\/uxbuilder -->\n<h1 style=\"text-align: center;\"><strong>Kim \u0110\u1ed3ng<\/strong><\/h1>\n[row]\n\n[col span=\"3\" span__sm=\"12\"]\n\n[ux_image id=\"1534\" image_size=\"medium\"]\n\n\n[\/col]\n[col span=\"9\" span__sm=\"12\"]\n\n<p>Nh\u00e0 xu\u1ea5t b\u1ea3n Kim \u0110\u1ed3ng tr\u1ef1c thu\u1ed9c Trung \u01b0\u01a1ng \u0110o\u00e0n TNCS H\u1ed3 Ch\u00ed Minh l\u00e0 Nh\u00e0 xu\u1ea5t b\u1ea3n t\u1ed5ng h\u1ee3p c\u00f3 ch\u1ee9c n\u0103ng xu\u1ea5t b\u1ea3n s\u00e1ch v\u00e0 v\u0103n h\u00f3a ph\u1ea9m ph\u1ee5c v\u1ee5 thi\u1ebfu nhi v\u00e0 c\u00e1c b\u1eadc ph\u1ee5 huynh trong c\u1ea3 n\u01b0\u1edbc, qu\u1ea3ng b\u00e1 v\u00e0 gi\u1edbi thi\u1ec7u v\u0103n h\u00f3a Vi\u1ec7t Nam ra th\u1ebf gi\u1edbi.<br \/>Nh\u00e0 xu\u1ea5t b\u1ea3n c\u00f3 nhi\u1ec7m v\u1ee5 t\u1ed5 ch\u1ee9c b\u1ea3n th\u1ea3o, bi\u00ean so\u1ea1n, bi\u00ean d\u1ecbch, xu\u1ea5t b\u1ea3n v\u00e0 ph\u00e1t h\u00e0nh c\u00e1c xu\u1ea5t b\u1ea3n ph\u1ea9m c\u00f3 n\u1ed9i dung: gi\u00e1o d\u1ee5c truy\u1ec1n th\u1ed1ng d\u00e2n t\u1ed9c, gi\u00e1o d\u1ee5c v\u1ec1 tri th\u1ee9c, ki\u1ebfn th\u1ee9c\u2026 tr\u00ean c\u00e1c l\u0129nh v\u1ef1c v\u0103n h\u1ecdc, ngh\u1ec7 thu\u1eadt, khoa h\u1ecdc k\u1ef9 thu\u1eadt nh\u1eb1m cung c\u1ea5p cho c\u00e1c em thi\u1ebfu nhi c\u0169ng nh\u01b0 c\u00e1c b\u1eadc ph\u1ee5 huynh c\u00e1c ki\u1ebfn th\u1ee9c c\u1ea7n thi\u1ebft trong cu\u1ed9c s\u1ed1ng, nh\u1eefng tinh hoa c\u1ee7a tri th\u1ee9c nh\u00e2n lo\u1ea1i nh\u1eb1m g\u00f3p ph\u1ea7n gi\u00e1o d\u1ee5c v\u00e0 h\u00ecnh th\u00e0nh nh\u00e2n c\u00e1ch th\u1ebf h\u1ec7 tr\u1ebb.<br \/>\u0110\u1ed1i t\u01b0\u1ee3ng ph\u1ee5c v\u1ee5 c\u1ee7a Nh\u00e0 xu\u1ea5t b\u1ea3n l\u00e0 c\u00e1c em t\u1eeb tu\u1ed5i nh\u00e0 tr\u1ebb m\u1eabu gi\u00e1o (1 \u0111\u1ebfn 5 tu\u1ed5i), nhi \u0111\u1ed3ng (6 \u0111\u1ebfn 9 tu\u1ed5i), thi\u1ebfu ni\u00ean (10 \u0111\u1ebfn 15 tu\u1ed5i) \u0111\u1ebfn c\u00e1c em tu\u1ed5i m\u1edbi l\u1edbn (16 \u0111\u1ebfn 18 tu\u1ed5i) v\u00e0 c\u00e1c b\u1eadc ph\u1ee5 huynh.<\/p>\n\n[\/col]\n\n[\/row]\n\n<!-- \/wp:flatsome\/uxbuilder -->","post_title":"Kim \u0110\u1ed3ng","post_excerpt":"","post_status":"publish","comment_status":"closed","ping_status":"closed","post_password":"","post_name":"kim-dong","to_ping":"","pinged":"","post_modified":"2021-02-17 01:31:56","post_modified_gmt":"2021-02-16 23:31:56","post_content_filtered":"","post_parent":0,"guid":"https:\/\/sachviet.eu\/nha-phat-hanh\/kim-dong\/","menu_order":0,"post_type":"publisher","post_mime_type":"","comment_count":"0","filter":"raw"}},"_links":{"self":[{"href":"https:\/\/sachviet.eu\/en\/wp-json\/wp\/v2\/product\/775","targetHints":{"allow":["GET"]}}],"collection":[{"href":"https:\/\/sachviet.eu\/en\/wp-json\/wp\/v2\/product"}],"about":[{"href":"https:\/\/sachviet.eu\/en\/wp-json\/wp\/v2\/types\/product"}],"wp:featuredmedia":[{"embeddable":true,"href":"https:\/\/sachviet.eu\/en\/wp-json\/wp\/v2\/media\/765"}],"wp:attachment":[{"href":"https:\/\/sachviet.eu\/en\/wp-json\/wp\/v2\/media?parent=775"}],"wp:term":[{"taxonomy":"product_brand","embeddable":true,"href":"https:\/\/sachviet.eu\/en\/wp-json\/wp\/v2\/product_brand?post=775"},{"taxonomy":"product_cat","embeddable":true,"href":"https:\/\/sachviet.eu\/en\/wp-json\/wp\/v2\/product_cat?post=775"},{"taxonomy":"product_tag","embeddable":true,"href":"https:\/\/sachviet.eu\/en\/wp-json\/wp\/v2\/product_tag?post=775"}],"curies":[{"name":"wp","href":"https:\/\/api.w.org\/{rel}","templated":true}]}}