{"id":764,"date":"2021-02-13T14:51:19","date_gmt":"2021-02-13T12:51:19","guid":{"rendered":"https:\/\/sachviet.eu\/shop\/tet-xua-tho-be\/"},"modified":"2024-10-21T11:12:43","modified_gmt":"2024-10-21T08:12:43","slug":"tet-xua-tho-be","status":"publish","type":"product","link":"https:\/\/sachviet.eu\/en\/shop\/tet-xua-tho-be\/","title":{"rendered":"T\u1ebft x\u01b0a th\u01a1 b\u00e9"},"content":{"rendered":"<p>Ng\u00f4n ng\u1eef k\u1ec3 khi th\u00ec r\u1ee7 r\u1ec9 r\u00f9 r\u00ec, \u0111\u1ea7y x\u00fac c\u1ea3m, l\u00fac th\u00ec l\u1ea1i l\u00ed l\u1eafc, d\u00ed d\u1ecfm, khi th\u00ec d\u1ed3n d\u1eadp gay c\u1ea5n, cu\u1ed1n \u0111\u1ed9c gi\u1ea3 qua nhi\u1ec1u cung b\u1eadc c\u1ea3m x\u00fac kh\u00e1c nhau qua cu\u1ed1n s\u00e1ch T\u1ebft x\u01b0a th\u01a1 b\u00e9.<\/p>\n<p>Kho\u1ea3nh kh\u1eafc th\u1ea5y \u00e1nh m\u1eaft con r\u1ea1ng ng\u1eddi, mi\u1ec7ng c\u01b0\u1eddi h\u1edbn h\u1edf khi m\u1eb7c t\u1ea5m \u00e1o T\u1ebft m\u1edbi, tr\u00e1i tim c\u1ee7a b\u00e0 m\u1eb9 tr\u1ebb H\u01b0\u01a1ng Th\u1ecb c\u0169ng ph\u1eadp ph\u1ed3ng s\u1ed1ng l\u1ea1i nh\u1eefng k\u1ec9 ni\u1ec7m th\u1eddi th\u01a1 b\u00e9. Tu\u1ed5i th\u01a1 c\u1ee7a m\u1ed9t \u0111\u1ee9a tr\u1ebb nh\u1eefng n\u0103m h\u1eadu bao c\u1ea5p tuy c\u00f2n nhi\u1ec1u thi\u1ebfu th\u1ed1n, nh\u01b0ng \u1eafp \u0111\u1ea7y s\u1eafc m\u00e0u v\u00e0 n\u1ed3ng \u1ea5m y\u00eau th\u01b0\u01a1ng.<\/p>\n<p>N\u01b0\u01a1ng theo k\u00ed \u1ee9c c\u1ee7a H\u01b0\u01a1ng Th\u1ecb, ta \u0111\u01b0\u1ee3c s\u1ed1ng trong khung c\u1ea3nh c\u1ee7a m\u1ed9t th\u1ecb tr\u1ea5n nh\u1ecf B\u1eafc b\u1ed9 nh\u1eefng n\u0103m 80 c\u1ee7a th\u1ebf k\u1ec9 tr\u01b0\u1edbc, s\u1ed1ng c\u00f9ng vui bu\u1ed3n c\u1ee7a m\u1ed9t c\u00f4 b\u00e9 l\u00ed l\u1eafc, l\u1eafm chi\u00eau.<\/p>\n<p>T\u1ebft mang theo bao n\u1ed7i lo toan c\u1ee7a ng\u01b0\u1eddi l\u1edbn nh\u01b0ng l\u1ea1i l\u00e0 ni\u1ec1m ph\u1ea5p ph\u1ecfng ch\u1edd mong c\u1ee7a nh\u1eefng \u0111\u1ee9a tr\u1ebb. Su\u1ed1t c\u1ea3 n\u0103m, b\u00e0 v\u00e0 m\u1eb9 \u0111\u00e3 ph\u1ea3i chu\u1ea9n b\u1ecb ch\u0103m cho n\u1ea3i chu\u1ed1i to, ch\u0103m cho \u0111\u00e0n g\u00e0 l\u1edbn, lo l\u1eafng ch\u1ea1y v\u1ea1y \u0111\u1ec3 m\u00e2m c\u1ed7 \u0111\u1ee7 \u0111\u1ea7y, c\u00f3 c\u00e0nh \u0111\u00e0o tr\u01b0ng T\u1ebft, c\u00f3 ti\u1ec1n mua cho con t\u1ea5m \u00e1o m\u1edbi\u2026<\/p>\n<p>V\u1edbi nh\u1eefng \u0111\u1ee9a tr\u1ebb th\u00ec T\u1ebft l\u00e0 d\u1ecbp duy nh\u1ea5t trong n\u0103m \u0111\u01b0\u1ee3c \u0103n no n\u00ea th\u1ecfa th\u00edch, v\u1edbi v\u00f4 v\u00e0n m\u00f3n ngon, \u0111\u01b0\u1ee3c m\u1eb7c qu\u1ea7n \u00e1o \u0111\u1eb9p, \u0111\u01b0\u1ee3c x\u00fang x\u00ednh \u0111\u00f4i gi\u00e0y m\u1edbi, \u0111\u01b0\u1ee3c \u201cph\u00e1t v\u1ed1n\u201d \u0111\u1ec3 c\u00f3 ch\u00fat c\u1ee7a ri\u00eang\u2026 T\u1ebft l\u00e0 th\u1eddi kh\u1eafc \u0111\u1eb7c bi\u1ec7t, thi\u00eang li\u00eang v\u1edbi nh\u1eefng \u0111\u1ee9a tr\u1ebb.<\/p>\n<p>\u0110\u1ed9c gi\u1ea3 nhi\u1ec1u phen d\u1edf kh\u00f3c d\u1edf c\u01b0\u1eddi c\u00f9ng c\u00f4 b\u00e9 H\u01b0\u01a1ng Th\u1ecb l\u1eadt \u0111\u1eadt khi trong m\u1ed9t ng\u00e0y \u0111\u1ea7u n\u0103m m\u1edbi m\u00e0 c\u00f4 ph\u00e1 v\u1ee1 r\u1ea5t nhi\u1ec1u t\u1ee5c l\u1ec7 k\u1ecb h\u00e8m nh\u01b0 kh\u00f4ng \u0111\u01b0\u1ee3c n\u00f3i nh\u1eefng \u0111i\u1ec1u xui x\u1ebbo, kh\u00f4ng \u0111\u1ec3 b\u1ecb \u0111\u00f2i n\u1ee3 ng\u00e0y \u0111\u1ea7u n\u0103m m\u1edbi, tr\u00e1nh \u0111\u1ed5 v\u1ee1\u2026 Ch\u1ec9 duy t\u1ee5c \u201ckh\u00f4ng qu\u00e9t nh\u00e0\u201d trong su\u1ed1t nh\u1eefng ng\u00e0y T\u1ebft l\u00e0 khi\u1ebfn c\u00f4 b\u00e9 s\u01b0\u1edbng r\u01a1n.<\/p>\n<p>Cu\u1ed1n s\u00e1ch c\u1ee7a H\u01b0\u01a1ng Th\u1ecb gi\u1ed1ng nh\u01b0 l\u1eddi th\u1ee7 th\u1ec9 c\u1ee7a m\u1ed9t b\u00e0 m\u1eb9, k\u1ec3 l\u1ea1i cho con nghe nh\u1eefng k\u00ed \u1ee9c v\u1ec1 T\u1ebft c\u1ee7a m\u1ed9t th\u1eddi ch\u01b0a xa, nh\u01b0ng c\u00f3 l\u1ebd \u0111\u00e3 kh\u00e1 l\u1eabm l\u1eafm v\u1edbi nh\u1eefng \u0111\u1ee9a tr\u1ebb h\u00f4m nay.<\/p>\n<p>Ng\u00f4n ng\u1eef k\u1ec3 khi th\u00ec r\u1ee7 r\u1ec9 r\u00f9 r\u00ec, \u0111\u1ea7y x\u00fac c\u1ea3m, l\u00fac th\u00ec l\u1ea1i l\u00ed l\u1eafc, d\u00ed d\u1ecfm, khi th\u00ec d\u1ed3n d\u1eadp gay c\u1ea5n, cu\u1ed1n \u0111\u1ed9c gi\u1ea3 qua nhi\u1ec1u cung b\u1eadc c\u1ea3m x\u00fac kh\u00e1c nhau.<\/p>\n  <div class=\"banner-grid-wrapper\">\n  <div id=\"banner-grid-499655271\" class=\"banner-grid row row-grid row-small\" data-packery-options=\"\">\n                      <div class=\"col grid-col large-6 grid-col-1\" ><div class=\"col-inner\">\t<div class=\"img has-hover x md-x lg-x y md-y lg-y\" id=\"image_334604955\">\n\t\t\t\t\t\t\t\t<div class=\"img-inner dark\" >\n\t\t\t<img loading=\"lazy\" decoding=\"async\" width=\"600\" height=\"400\" src=\"https:\/\/sachviet.eu\/wp-content\/uploads\/2021\/02\/1548994474_tet-xua-tho-be-2-.jpg\" class=\"attachment-large size-large\" alt=\"\" srcset=\"https:\/\/sachviet.eu\/wp-content\/uploads\/2021\/02\/1548994474_tet-xua-tho-be-2-.jpg 600w, https:\/\/sachviet.eu\/wp-content\/uploads\/2021\/02\/1548994474_tet-xua-tho-be-2--300x200.jpg 300w\" sizes=\"auto, (max-width: 600px) 100vw, 600px\" \/>\t\t\t\t\t\t\n\t\t\t\t\t<\/div>\n\t\t\t\t\t\t\t\t\n<style>\n#image_334604955 {\n  width: 100%;\n}\n<\/style>\n\t<\/div>\n\t<\/div><\/div><div class=\"col grid-col large-6 grid-col-1\" ><div class=\"col-inner\">\t<div class=\"img has-hover x md-x lg-x y md-y lg-y\" id=\"image_1657922194\">\n\t\t\t\t\t\t\t\t<div class=\"img-inner dark\" >\n\t\t\t<img loading=\"lazy\" decoding=\"async\" width=\"600\" height=\"400\" src=\"https:\/\/sachviet.eu\/wp-content\/uploads\/2021\/02\/1548994389_tet-xua-tho-be-1-.jpg\" class=\"attachment-large size-large\" alt=\"\" srcset=\"https:\/\/sachviet.eu\/wp-content\/uploads\/2021\/02\/1548994389_tet-xua-tho-be-1-.jpg 600w, https:\/\/sachviet.eu\/wp-content\/uploads\/2021\/02\/1548994389_tet-xua-tho-be-1--300x200.jpg 300w\" sizes=\"auto, (max-width: 600px) 100vw, 600px\" \/>\t\t\t\t\t\t\n\t\t\t\t\t<\/div>\n\t\t\t\t\t\t\t\t\n<style>\n#image_1657922194 {\n  width: 100%;\n}\n<\/style>\n\t<\/div>\n\t<\/div><\/div>            <\/div>\n    <style>\n    #banner-grid-499655271 .grid-col-1{height: 600px}\n    #banner-grid-499655271 .grid-col-1-2{height: 300px}\n    #banner-grid-499655271 .grid-col-1-3{height:200px}\n    #banner-grid-499655271 .grid-col-2-3{height: 400px}\n    #banner-grid-499655271 .grid-col-1-4{height: 150px}\n    #banner-grid-499655271 .grid-col-3-4{height: 450px}\n\n\n    \n    \n\n  <\/style>\n    <\/div>\n  \n","protected":false},"excerpt":{"rendered":"<p>T\u1ebft s\u1eafp \u0111\u1ebfn! Tr\u1ebb con h\u00e1o h\u1ee9c mong ch\u1edd nh\u1eefng qu\u1ea7n m\u1edbi, \u00e1o \u0111\u1eb9p, gi\u00e0y d\u00e9p, b\u00f3ng bay, ti\u1ec1n m\u1eebng tu\u1ed5i, b\u00e1nh ch\u01b0ng\u2026 m\u00e0 \u0111\u00e2u hay n\u1ed7i l\u00f2ng ng\u01b0\u1eddi l\u1edbn b\u1ed9n b\u1ec1 lo toan \u201ct\u1ebft nh\u1ea5t\u201d. V\u00e0 r\u1ed3i, d\u00f9 th\u1ebf n\u00e0o, T\u1ebft lu\u00f4n \u0111\u00fang h\u1eb9n, \u0111\u1ebfn c\u00f9ng n\u0103m m\u1edbi, trong gi\u00e2y ph\u00fat giao th\u1eeba thi\u00eang li\u00eang v\u1edbi \u01b0\u1edbc nguy\u1ec7n lu\u00f4n c\u00f3 th\u1eadt nhi\u1ec1u ni\u1ec1m vui v\u00e0 \u0111i\u1ec1u t\u1ed1t l\u00e0nh\u2026<br \/>\nL\u00e0 nh\u1eefng m\u1ea3nh k\u00ed \u1ee9c nh\u1ecf b\u00e9, ri\u00eang t\u01b0 v\u1ec1 nh\u1eefng c\u00e1i T\u1ebft \u1ea5u th\u01a1, nh\u01b0ng qua t\u1eebng trang s\u00e1ch, ng\u00e0y T\u1ebft v\u00e0 m\u00f9a xu\u00e2n c\u1ee7a l\u00f2ng ng\u01b0\u1eddi, c\u1ee7a \u0111\u1ea5t tr\u1eddi, c\u1ee7a c\u1ea3nh v\u1eadt\u2026 v\u1eabn hi\u1ec3n hi\u1ec7n l\u1ea5p l\u00e1nh\u2026<\/p>\n","protected":false},"featured_media":758,"template":"","meta":{"_acf_changed":false},"product_brand":[],"product_cat":[25,17,26],"product_tag":[],"class_list":{"0":"post-764","1":"product","2":"type-product","3":"status-publish","4":"has-post-thumbnail","6":"product_cat-nhi-dong-6-tuoi-12-tuoi","7":"product_cat-sach-danh-cho-cac-be","8":"product_cat-thieu-nien-11-tuoi-18-tuoi","10":"first","11":"outofstock","12":"taxable","13":"shipping-taxable","14":"purchasable","15":"product-type-simple"},"supplier_id":null,"supplier_sku":"","barcode":null,"atum_controlled":true,"out_stock_date":"2024-10-21 08:12:43","out_stock_threshold":null,"inheritable":false,"inbound_stock":0,"stock_on_hold":0,"sold_today":0,"sales_last_days":0,"reserved_stock":0,"customer_returns":0,"warehouse_damage":0,"lost_in_post":0,"other_logs":0,"out_stock_days":464,"lost_sales":0,"has_location":false,"update_date":"2026-01-28T23:11:26","atum_locations":[],"atum_stock_status":"outofstock","restock_status":false,"low_stock_amount":"","sales_update_date":"2026-01-28T23:11:26","calc_backorders":null,"acf":{"publisher":{"ID":1454,"post_author":"1","post_date":"2021-02-17 01:11:34","post_date_gmt":"2021-02-16 23:11:34","post_content":"<!-- wp:flatsome\/uxbuilder -->\n<h1 style=\"text-align: center;\"><strong>Kim \u0110\u1ed3ng<\/strong><\/h1>\n[row]\n\n[col span=\"3\" span__sm=\"12\"]\n\n[ux_image id=\"1534\" image_size=\"medium\"]\n\n\n[\/col]\n[col span=\"9\" span__sm=\"12\"]\n\n<p>Nh\u00e0 xu\u1ea5t b\u1ea3n Kim \u0110\u1ed3ng tr\u1ef1c thu\u1ed9c Trung \u01b0\u01a1ng \u0110o\u00e0n TNCS H\u1ed3 Ch\u00ed Minh l\u00e0 Nh\u00e0 xu\u1ea5t b\u1ea3n t\u1ed5ng h\u1ee3p c\u00f3 ch\u1ee9c n\u0103ng xu\u1ea5t b\u1ea3n s\u00e1ch v\u00e0 v\u0103n h\u00f3a ph\u1ea9m ph\u1ee5c v\u1ee5 thi\u1ebfu nhi v\u00e0 c\u00e1c b\u1eadc ph\u1ee5 huynh trong c\u1ea3 n\u01b0\u1edbc, qu\u1ea3ng b\u00e1 v\u00e0 gi\u1edbi thi\u1ec7u v\u0103n h\u00f3a Vi\u1ec7t Nam ra th\u1ebf gi\u1edbi.<br \/>Nh\u00e0 xu\u1ea5t b\u1ea3n c\u00f3 nhi\u1ec7m v\u1ee5 t\u1ed5 ch\u1ee9c b\u1ea3n th\u1ea3o, bi\u00ean so\u1ea1n, bi\u00ean d\u1ecbch, xu\u1ea5t b\u1ea3n v\u00e0 ph\u00e1t h\u00e0nh c\u00e1c xu\u1ea5t b\u1ea3n ph\u1ea9m c\u00f3 n\u1ed9i dung: gi\u00e1o d\u1ee5c truy\u1ec1n th\u1ed1ng d\u00e2n t\u1ed9c, gi\u00e1o d\u1ee5c v\u1ec1 tri th\u1ee9c, ki\u1ebfn th\u1ee9c\u2026 tr\u00ean c\u00e1c l\u0129nh v\u1ef1c v\u0103n h\u1ecdc, ngh\u1ec7 thu\u1eadt, khoa h\u1ecdc k\u1ef9 thu\u1eadt nh\u1eb1m cung c\u1ea5p cho c\u00e1c em thi\u1ebfu nhi c\u0169ng nh\u01b0 c\u00e1c b\u1eadc ph\u1ee5 huynh c\u00e1c ki\u1ebfn th\u1ee9c c\u1ea7n thi\u1ebft trong cu\u1ed9c s\u1ed1ng, nh\u1eefng tinh hoa c\u1ee7a tri th\u1ee9c nh\u00e2n lo\u1ea1i nh\u1eb1m g\u00f3p ph\u1ea7n gi\u00e1o d\u1ee5c v\u00e0 h\u00ecnh th\u00e0nh nh\u00e2n c\u00e1ch th\u1ebf h\u1ec7 tr\u1ebb.<br \/>\u0110\u1ed1i t\u01b0\u1ee3ng ph\u1ee5c v\u1ee5 c\u1ee7a Nh\u00e0 xu\u1ea5t b\u1ea3n l\u00e0 c\u00e1c em t\u1eeb tu\u1ed5i nh\u00e0 tr\u1ebb m\u1eabu gi\u00e1o (1 \u0111\u1ebfn 5 tu\u1ed5i), nhi \u0111\u1ed3ng (6 \u0111\u1ebfn 9 tu\u1ed5i), thi\u1ebfu ni\u00ean (10 \u0111\u1ebfn 15 tu\u1ed5i) \u0111\u1ebfn c\u00e1c em tu\u1ed5i m\u1edbi l\u1edbn (16 \u0111\u1ebfn 18 tu\u1ed5i) v\u00e0 c\u00e1c b\u1eadc ph\u1ee5 huynh.<\/p>\n\n[\/col]\n\n[\/row]\n\n<!-- \/wp:flatsome\/uxbuilder -->","post_title":"Kim \u0110\u1ed3ng","post_excerpt":"","post_status":"publish","comment_status":"closed","ping_status":"closed","post_password":"","post_name":"kim-dong","to_ping":"","pinged":"","post_modified":"2021-02-17 01:31:56","post_modified_gmt":"2021-02-16 23:31:56","post_content_filtered":"","post_parent":0,"guid":"https:\/\/sachviet.eu\/nha-phat-hanh\/kim-dong\/","menu_order":0,"post_type":"publisher","post_mime_type":"","comment_count":"0","filter":"raw"}},"_links":{"self":[{"href":"https:\/\/sachviet.eu\/en\/wp-json\/wp\/v2\/product\/764","targetHints":{"allow":["GET"]}}],"collection":[{"href":"https:\/\/sachviet.eu\/en\/wp-json\/wp\/v2\/product"}],"about":[{"href":"https:\/\/sachviet.eu\/en\/wp-json\/wp\/v2\/types\/product"}],"wp:featuredmedia":[{"embeddable":true,"href":"https:\/\/sachviet.eu\/en\/wp-json\/wp\/v2\/media\/758"}],"wp:attachment":[{"href":"https:\/\/sachviet.eu\/en\/wp-json\/wp\/v2\/media?parent=764"}],"wp:term":[{"taxonomy":"product_brand","embeddable":true,"href":"https:\/\/sachviet.eu\/en\/wp-json\/wp\/v2\/product_brand?post=764"},{"taxonomy":"product_cat","embeddable":true,"href":"https:\/\/sachviet.eu\/en\/wp-json\/wp\/v2\/product_cat?post=764"},{"taxonomy":"product_tag","embeddable":true,"href":"https:\/\/sachviet.eu\/en\/wp-json\/wp\/v2\/product_tag?post=764"}],"curies":[{"name":"wp","href":"https:\/\/api.w.org\/{rel}","templated":true}]}}