{"id":757,"date":"2021-02-13T14:51:07","date_gmt":"2021-02-13T12:51:07","guid":{"rendered":"https:\/\/sachviet.eu\/shop\/nho-oi-la-tet\/"},"modified":"2021-04-28T14:01:38","modified_gmt":"2021-04-28T11:01:38","slug":"nho-oi-la-tet","status":"publish","type":"product","link":"https:\/\/sachviet.eu\/en\/shop\/nho-oi-la-tet\/","title":{"rendered":"Nh\u1edb \u01a1i l\u00e0 T\u1ebft"},"content":{"rendered":"<p>B\u1ea1n \u0111\u00e3 bao gi\u1edd th\u1ea5y m\u1ec7t m\u1ecfi v\u00ec ph\u1ea3i chu\u1ea9n b\u1ecb \u0111\u00f3n m\u1ed9t c\u00e1i T\u1ebft th\u1ecb th\u00e0nh? Khi n\u00e0o th\u1eadt r\u00e3 r\u1eddi, m\u1eddi b\u1ea1n v\u1ec1 qu\u00ea v\u1edbi t\u00f4i m\u1ed9t chuy\u1ebfn, th\u1eed \u0111i c\u1ea5y tr\u00ean nh\u1eefng ch\u00e2n ru\u1ed9ng m\u00f9a \u0111\u00f4ng v\u00e0 ch\u1edd T\u1ebft \u0111\u1ebfn\u201d &#8211; l\u00e0 l\u1eddi m\u1eddi g\u1ecdi ch\u00e2n t\u00ecnh c\u1ee7a t\u00e1c gi\u1ea3 Th\u00e1i H\u01b0\u01a1ng Li\u00ean trong t\u1eadp s\u00e1ch \u201cNh\u1edb \u01a1i l\u00e0 T\u1ebft\u201d.<\/p>\n<p>Theo nh\u1eefng trang vi\u1ebft ng\u1ecdt ng\u00e0o v\u00e0 \u0111\u00f4i khi day d\u1ee9t c\u1ee7a Th\u00e1i H\u01b0\u01a1ng Li\u00ean, \u0111\u1ed9c gi\u1ea3 \u0111\u01b0\u1ee3c d\u1eabn l\u1ed1i t\u1edbi x\u1ee9 \u0110o\u00e0i m\u00e2y tr\u1eafng v\u1edbi v\u1ebb \u0111\u1eb9p \u00eam \u0111\u1ec1m, c\u1ed5 k\u00ednh; l\u00e0m quen v\u1edbi nh\u1eefng ng\u01b0\u1eddi n\u00f4ng d\u00e2n m\u1ed9c m\u1ea1c, ch\u1ea5t ph\u00e1c; th\u01b0\u1edfng th\u1ee9c nh\u1eefng c\u00e1i T\u1ebft c\u1ed5 truy\u1ec1n t\u1eeb thu\u1edf c\u00f2n thi\u1ebfu th\u1ed1n v\u1edbi t\u1ee5c \u201c\u0111\u1ee5ng l\u1ee3n\u201d, g\u00f3i b\u00e1nh ch\u01b0ng v\u00e0 ch\u1eadm ch\u1eadm tham d\u1ef1 v\u00e0o nh\u1eefng phi\u00ean ch\u1ee3 T\u1ebft qu\u00ea r\u1ef1c r\u1ee1 s\u1eafc m\u00e0u\u2026<\/p>\n<p>T\u1ebft gi\u1edd \u0111\u00e2y \u0111\u00e3 \u0111\u1ee7 \u0111\u1ea7y, nh\u01b0ng n\u1ed7i ni\u1ec1m r\u01b0ng r\u01b0ng nh\u1edb nh\u1eefng k\u1ec9 ni\u1ec7m x\u01b0a d\u01b0\u1eddng nh\u01b0 v\u1eabn s\u1ed1ng d\u1eady trong l\u00f2ng t\u00e1c gi\u1ea3 m\u1ed7i d\u1ecbp xu\u00e2n v\u1ec1. Qu\u00ean sao \u0111\u01b0\u1ee3c h\u00ecnh \u1ea3nh \u201c\u0111\u00f4i d\u00e9p \u0111\u00e3 m\u00f2n v\u1eb9t c\u1ea3 \u0111\u1ebf\u201d v\u00e0 ti\u1ebfng c\u01b0\u1eddi vui tr\u1ebb th\u01a1 khi \u0111\u01b0\u1ee3c mua \u0111\u00f4i d\u00e9p \u0111\u01b0\u1ee3m m\u00f9i nh\u1ef1a m\u1edbi, ni\u1ec1m h\u00e2n hoan khi \u0111\u01b0\u1ee3c l\u00e0 \u1ee7i th\u1eb3ng th\u1edbm b\u1ed9 qu\u1ea7n \u00e1o c\u0169 b\u1eb1ng \u201cchi\u1ebfc b\u00e0n l\u00e0 Con G\u00e0 d\u00f9ng than th\u1ea7n th\u00e1nh\u201d, nh\u1edb m\u00f9a T\u1ebft \u201cch\u1ec9 nghe ti\u1ebfng l\u1ee3n k\u00eau l\u00fac tr\u1eddi ch\u01b0a r\u1ea1ng \u0111\u00e3 b\u1ed3n ch\u1ed3n\u201d\u2026<\/p>\n<p>M\u1ed7i b\u00e0i vi\u1ebft l\u00e0 m\u1ed9t n\u00e9t ch\u1ea5m ph\u00e1 t\u1ea1o n\u00ean b\u1ee9c tranh v\u1ec1 l\u00e0ng Th\u1ea1ch x\u1ee9 \u0110o\u00e0i \u0111ang r\u1ed9n r\u00e0ng kh\u00f4ng kh\u00ed T\u1ebft. T\u1eeb c\u00e1nh \u0111\u1ed3ng xa xa, c\u00e1c c\u00f4 c\u00e1c b\u00e0 v\u1eeba lom khom c\u1ea5y, v\u1eeba r\u00f4m r\u1ea3 c\u00e2u chuy\u1ec7n s\u1eafm T\u1ebft; \u0111\u1ebfn khu ch\u1ee3 l\u00e0ng v\u1edbi nh\u1eefng gian l\u1ec1u l\u00fap x\u00fap: g\u00f3c n\u00e0y l\u00e0 h\u00e0ng tr\u1ea7u cau, g\u00f3c kia l\u00e0 khu h\u00e0ng x\u00e9n v\u1edbi g\u01b0\u01a1ng, l\u01b0\u1ee3c, kim, ch\u1ec9, b\u00fat, v\u1edf\u2026 \u1ede g\u00f3c kia l\u00e0 gian l\u1ec1u treo \u0111\u1ea7y \u00e1o qu\u1ea7n r\u1ef1c r\u1ee1; b\u00ean n\u00e0y l\u00e0 h\u00e0ng qu\u00e0 b\u00e1nh, b\u00ean kia b\u00e0y b\u00e1n chu\u1ed1i, b\u01b0\u1edfi v\u00e0ng \u01b0\u01a1m. V\u00e0 \u0111\u1eb7c bi\u1ec7t l\u00e0 m\u1ed9t g\u00f3c kh\u00f4ng k\u00e9m ph\u1ea7n quan tr\u1ecdng l\u00e0m n\u00ean kh\u00f4ng kh\u00ed T\u1ebft l\u00e0 g\u00f3c b\u00e1n tranh \u0110\u00f4ng H\u1ed3 \u0111\u1ea7y s\u1eafc m\u00e0u, h\u00ecnh \u1ea3nh s\u1ed1ng \u0111\u1ed9ng.<\/p>\n<p>L\u1ea1i g\u1ea7n h\u01a1n, ta s\u1ebd th\u1ea5y th\u1ea5p tho\u00e1ng trong b\u1ee9c tranh l\u00e0ng qu\u00ea \u1ea5y \u201cs\u1eafc t\u00edm s\u1eafc tr\u1eafng c\u1ee7a hoa \u0111\u1ed3ng n\u1ed9i \u0111\u1eb9p m\u01a1 h\u1ed3 trong l\u00e0n m\u01b0a huy\u1ec1n \u1ea3o\u201d d\u1ecdc b\u1edd \u0111\u00ea. N\u1ed5i b\u1eadt l\u00ean l\u00e0 m\u00e0u \u0111\u1ecf r\u1ef1c c\u1ee7a nh\u1eefng b\u00f4ng g\u1ea1o tr\u1ed5 cu\u1ed1i xu\u00e2n. G\u00f3c kia l\u00e0 c\u00e1i gi\u1ebfng c\u1ed5 to t\u01b0\u1edbng tu\u1ed5i \u0111\u1eddi h\u00e0ng tr\u0103m n\u0103m, g\u00f3c n\u00e0y l\u00e0 con ng\u00f5 nh\u1ecf v\u1edbi h\u00e0ng xoan \u0111\u00e0o tr\u1ea3i xu\u1ed1ng \u0111\u1ea5t \u201ct\u1ea5m th\u1ea3m hoa tim t\u00edm\u201d; l\u00e0 \u201cng\u00f4i nh\u00e0 c\u00f3 m\u00e1i ng\u00f3i r\u00eau phong\u201d, l\u00e0 g\u00f3c \u201cs\u00e2n v\u01b0\u1eddn r\u1ee3p m\u00e1t b\u00f3ng gi\u00e0n b\u1ea7u gi\u00e0n m\u01b0\u1edbp tr\u0129u tr\u1ecbt n\u00f5n n\u00e0\u201d.<\/p>\n<p>B\u1eb1ng t\u00ecnh y\u00eau da di\u1ebft c\u1ee7a ng\u01b0\u1eddi con sinh ra, l\u1edbn l\u00ean v\u00e0 g\u1eafn b\u00f3 v\u1edbi l\u00e0ng, Th\u00e1i H\u01b0\u01a1ng Li\u00ean khi\u1ebfn \u0111\u1ed9c gi\u1ea3 mu\u1ed1n m\u1ed9t l\u1ea7n \u0111\u01b0\u1ee3c \u0111\u01b0\u1ee3c \u0111\u1ebfn th\u0103m v\u00f9ng \u0111\u1ea5t \u1ea5y, th\u01b0\u1edfng l\u00e3m v\u1ebb \u0111\u1eb9p tr\u1ea7m l\u1eafng d\u1ea5u t\u00edch th\u1eddi gian, th\u01b0\u1edfng th\u1ee9c nh\u1eefng m\u00f3n \u0103n \u0111\u1eb7c s\u1ea3n c\u1ee7a qu\u00ea h\u01b0\u01a1ng, th\u1ea5m \u0111\u01b0\u1ee3m m\u00f9i \u0111\u1ea5t \u0111ai \u0111\u1ed3ng ru\u1ed9ng v\u00e0 \u0111\u1eafm m\u00ecnh trong c\u00f5i y\u00ean b\u00ecnh c\u1ee7a l\u00e0ng qu\u00ea.<\/p>\n<p>\u0110\u1ecdc \u201cNh\u1edb \u01a1i l\u00e0 T\u1ebft\u201d, ng\u01b0\u1eddi t\u1eebng tr\u1ea3i s\u1ebd b\u1ed3i h\u1ed3i nhung nh\u1edb m\u1ed9t th\u1eddi \u0111\u00e3 xa, tr\u1ebb em th\u00ec l\u1ea1i th\u1ea5y nh\u01b0 \u0111ang \u0111\u01b0\u1ee3c nghe nh\u1eefng c\u00e2u chuy\u1ec7n c\u1ed5 t\u00edch m\u00e0 b\u00e0 v\u00e0 m\u1eb9 r\u1ee7 r\u1ec9 h\u1eb1ng \u0111\u00eam.<\/p>\n  <div class=\"banner-grid-wrapper\">\n  <div id=\"banner-grid-1840892269\" class=\"banner-grid row row-grid row-small\" data-packery-options=\"\">\n                      \n<div class=\"col grid-col large-6 grid-col-1\" ><div class=\"col-inner\">\n\t<div class=\"img has-hover x md-x lg-x y md-y lg-y\" id=\"image_1695080218\">\n\t\t\t\t\t\t\t\t<div class=\"img-inner dark\" >\n\t\t\t<img loading=\"lazy\" decoding=\"async\" width=\"800\" height=\"568\" src=\"https:\/\/sachviet.eu\/wp-content\/uploads\/2021\/02\/nho-oi-la-tet-li-xi-y-nghia-cho-tre-ngay-xuan-11-.2179.jpg\" class=\"attachment-large size-large\" alt=\"\" srcset=\"https:\/\/sachviet.eu\/wp-content\/uploads\/2021\/02\/nho-oi-la-tet-li-xi-y-nghia-cho-tre-ngay-xuan-11-.2179.jpg 800w, https:\/\/sachviet.eu\/wp-content\/uploads\/2021\/02\/nho-oi-la-tet-li-xi-y-nghia-cho-tre-ngay-xuan-11-.2179-300x213.jpg 300w, https:\/\/sachviet.eu\/wp-content\/uploads\/2021\/02\/nho-oi-la-tet-li-xi-y-nghia-cho-tre-ngay-xuan-11-.2179-768x545.jpg 768w, https:\/\/sachviet.eu\/wp-content\/uploads\/2021\/02\/nho-oi-la-tet-li-xi-y-nghia-cho-tre-ngay-xuan-11-.2179-600x426.jpg 600w\" sizes=\"auto, (max-width: 800px) 100vw, 800px\" \/>\t\t\t\t\t\t\n\t\t\t\t\t<\/div>\n\t\t\t\t\t\t\t\t\n<style>\n#image_1695080218 {\n  width: 100%;\n}\n<\/style>\n\t<\/div>\n\t\n<\/div><\/div>\n<div class=\"col grid-col large-6 grid-col-1\" ><div class=\"col-inner\">\n\t<div class=\"img has-hover x md-x lg-x y md-y lg-y\" id=\"image_811102237\">\n\t\t\t\t\t\t\t\t<div class=\"img-inner dark\" >\n\t\t\t<img loading=\"lazy\" decoding=\"async\" width=\"700\" height=\"466\" src=\"https:\/\/sachviet.eu\/wp-content\/uploads\/2021\/02\/22639Nho-oi-la-Tet.jpg\" class=\"attachment-large size-large\" alt=\"\" srcset=\"https:\/\/sachviet.eu\/wp-content\/uploads\/2021\/02\/22639Nho-oi-la-Tet.jpg 700w, https:\/\/sachviet.eu\/wp-content\/uploads\/2021\/02\/22639Nho-oi-la-Tet-300x200.jpg 300w, https:\/\/sachviet.eu\/wp-content\/uploads\/2021\/02\/22639Nho-oi-la-Tet-600x399.jpg 600w\" sizes=\"auto, (max-width: 700px) 100vw, 700px\" \/>\t\t\t\t\t\t\n\t\t\t\t\t<\/div>\n\t\t\t\t\t\t\t\t\n<style>\n#image_811102237 {\n  width: 100%;\n}\n<\/style>\n\t<\/div>\n\t\n<\/div><\/div>\n            <\/div>\n    <style>\n    #banner-grid-1840892269 .grid-col-1{height: 600px}\n    #banner-grid-1840892269 .grid-col-1-2{height: 300px}\n    #banner-grid-1840892269 .grid-col-1-3{height:200px}\n    #banner-grid-1840892269 .grid-col-2-3{height: 400px}\n    #banner-grid-1840892269 .grid-col-1-4{height: 150px}\n    #banner-grid-1840892269 .grid-col-3-4{height: 450px}\n\n\n    \n    \n\n  <\/style>\n    <\/div>\n  \n","protected":false},"excerpt":{"rendered":"<p>\u201c\u2026 D\u01b0\u1edbi l\u00e0n n\u01b0\u1edbc trong v\u1eaft, nh\u1eefng phi\u1ebfn l\u00e1 xanh \u0111\u01b0\u1ee3c c\u1ecd r\u1eeda c\u1ea9n th\u1eadn \u0111\u1ec3 ch\u1edd \u0111\u1ebfn th\u1eddi \u0111i\u1ec3m quan tr\u1ecdng. C\u00e1i r\u00e9t th\u1ea5u da c\u1ee7a \u0111\u1ee3t gi\u00f3 m\u00f9a \u0111\u00f4ng b\u1eafc khi\u1ebfn \u0111\u00f4i ch\u00e2n, \u0111\u00f4i tay thi\u1ebfu n\u1eef d\u1ea7m trong l\u00e0n n\u01b0\u1edbc bu\u1ed1t tr\u1edf n\u00ean \u0111\u1ecf r\u1ef1c. Gi\u1ecdng c\u01b0\u1eddi trong v\u1eaft c\u1ee7a c\u00e1c c\u00f4 l\u00e0m b\u1eebng s\u00e1ng kh\u00f4ng gian, xua tan v\u1ebb \u1ea3m \u0111\u1ea1m c\u1ee7a b\u1ea7u tr\u1eddi cu\u1ed1i \u0111\u00f4ng u \u00e1m.\u201d<\/p>\n<p>Ng\u00e0y cu\u1ed1i n\u0103m, nh\u1eefng d\u00f2ng v\u0103n d\u1ecbu \u00eam c\u1ee7a Th\u00e1i H\u01b0\u01a1ng Li\u00ean \u0111\u01b0a ta r\u1eddi ph\u1ed1 ch\u1eadt, d\u1eabn ta v\u1ec1 qu\u00ea xa, \u0111\u1ec3 ta g\u1eb7p l\u1ea1i m\u00ecnh m\u1ed7i \u0111\u1ed9 h\u01b0\u01a1ng s\u1eafc bu\u1ed5i ch\u1ee3 phi\u00ean mang c\u00e1i T\u1ebft \u0111\u1ebfn t\u1eebng nh\u00e0, m\u1ed7i l\u1ea7n ngang qua c\u00e1nh \u0111\u1ed3ng b\u1ea3ng l\u1ea3ng s\u01b0\u01a1ng chi\u1ec1u, m\u1ed7i khuya nghe ti\u1ebfng gi\u00f3 l\u00f9a xao x\u00e1c, m\u1ed7i s\u1edbm mai g\u00e1nh h\u00e0ng rong qua c\u1eeda b\u00e1o hi\u1ec7u m\u00f9a m\u1edbi sang\u2026<\/p>\n","protected":false},"featured_media":753,"template":"","meta":{"_acf_changed":false},"product_brand":[],"product_cat":[25,17,26],"product_tag":[],"class_list":{"0":"post-757","1":"product","2":"type-product","3":"status-publish","4":"has-post-thumbnail","6":"product_cat-nhi-dong-6-tuoi-12-tuoi","7":"product_cat-sach-danh-cho-cac-be","8":"product_cat-thieu-nien-11-tuoi-18-tuoi","10":"first","11":"outofstock","12":"taxable","13":"shipping-taxable","14":"purchasable","15":"product-type-simple"},"supplier_id":null,"supplier_sku":"","barcode":null,"atum_controlled":true,"out_stock_date":"2021-03-16 06:59:46","out_stock_threshold":null,"inheritable":false,"inbound_stock":0,"stock_on_hold":0,"sold_today":0,"sales_last_days":0,"reserved_stock":0,"customer_returns":0,"warehouse_damage":0,"lost_in_post":0,"other_logs":0,"out_stock_days":1779,"lost_sales":0,"has_location":false,"update_date":"2026-01-28T23:10:29","atum_locations":[],"atum_stock_status":"outofstock","restock_status":false,"low_stock_amount":"","sales_update_date":"2026-01-28T23:10:29","calc_backorders":null,"acf":{"publisher":{"ID":1454,"post_author":"1","post_date":"2021-02-17 01:11:34","post_date_gmt":"2021-02-16 23:11:34","post_content":"<!-- wp:flatsome\/uxbuilder -->\n<h1 style=\"text-align: center;\"><strong>Kim \u0110\u1ed3ng<\/strong><\/h1>\n[row]\n\n[col span=\"3\" span__sm=\"12\"]\n\n[ux_image id=\"1534\" image_size=\"medium\"]\n\n\n[\/col]\n[col span=\"9\" span__sm=\"12\"]\n\n<p>Nh\u00e0 xu\u1ea5t b\u1ea3n Kim \u0110\u1ed3ng tr\u1ef1c thu\u1ed9c Trung \u01b0\u01a1ng \u0110o\u00e0n TNCS H\u1ed3 Ch\u00ed Minh l\u00e0 Nh\u00e0 xu\u1ea5t b\u1ea3n t\u1ed5ng h\u1ee3p c\u00f3 ch\u1ee9c n\u0103ng xu\u1ea5t b\u1ea3n s\u00e1ch v\u00e0 v\u0103n h\u00f3a ph\u1ea9m ph\u1ee5c v\u1ee5 thi\u1ebfu nhi v\u00e0 c\u00e1c b\u1eadc ph\u1ee5 huynh trong c\u1ea3 n\u01b0\u1edbc, qu\u1ea3ng b\u00e1 v\u00e0 gi\u1edbi thi\u1ec7u v\u0103n h\u00f3a Vi\u1ec7t Nam ra th\u1ebf gi\u1edbi.<br \/>Nh\u00e0 xu\u1ea5t b\u1ea3n c\u00f3 nhi\u1ec7m v\u1ee5 t\u1ed5 ch\u1ee9c b\u1ea3n th\u1ea3o, bi\u00ean so\u1ea1n, bi\u00ean d\u1ecbch, xu\u1ea5t b\u1ea3n v\u00e0 ph\u00e1t h\u00e0nh c\u00e1c xu\u1ea5t b\u1ea3n ph\u1ea9m c\u00f3 n\u1ed9i dung: gi\u00e1o d\u1ee5c truy\u1ec1n th\u1ed1ng d\u00e2n t\u1ed9c, gi\u00e1o d\u1ee5c v\u1ec1 tri th\u1ee9c, ki\u1ebfn th\u1ee9c\u2026 tr\u00ean c\u00e1c l\u0129nh v\u1ef1c v\u0103n h\u1ecdc, ngh\u1ec7 thu\u1eadt, khoa h\u1ecdc k\u1ef9 thu\u1eadt nh\u1eb1m cung c\u1ea5p cho c\u00e1c em thi\u1ebfu nhi c\u0169ng nh\u01b0 c\u00e1c b\u1eadc ph\u1ee5 huynh c\u00e1c ki\u1ebfn th\u1ee9c c\u1ea7n thi\u1ebft trong cu\u1ed9c s\u1ed1ng, nh\u1eefng tinh hoa c\u1ee7a tri th\u1ee9c nh\u00e2n lo\u1ea1i nh\u1eb1m g\u00f3p ph\u1ea7n gi\u00e1o d\u1ee5c v\u00e0 h\u00ecnh th\u00e0nh nh\u00e2n c\u00e1ch th\u1ebf h\u1ec7 tr\u1ebb.<br \/>\u0110\u1ed1i t\u01b0\u1ee3ng ph\u1ee5c v\u1ee5 c\u1ee7a Nh\u00e0 xu\u1ea5t b\u1ea3n l\u00e0 c\u00e1c em t\u1eeb tu\u1ed5i nh\u00e0 tr\u1ebb m\u1eabu gi\u00e1o (1 \u0111\u1ebfn 5 tu\u1ed5i), nhi \u0111\u1ed3ng (6 \u0111\u1ebfn 9 tu\u1ed5i), thi\u1ebfu ni\u00ean (10 \u0111\u1ebfn 15 tu\u1ed5i) \u0111\u1ebfn c\u00e1c em tu\u1ed5i m\u1edbi l\u1edbn (16 \u0111\u1ebfn 18 tu\u1ed5i) v\u00e0 c\u00e1c b\u1eadc ph\u1ee5 huynh.<\/p>\n\n[\/col]\n\n[\/row]\n\n<!-- \/wp:flatsome\/uxbuilder -->","post_title":"Kim \u0110\u1ed3ng","post_excerpt":"","post_status":"publish","comment_status":"closed","ping_status":"closed","post_password":"","post_name":"kim-dong","to_ping":"","pinged":"","post_modified":"2021-02-17 01:31:56","post_modified_gmt":"2021-02-16 23:31:56","post_content_filtered":"","post_parent":0,"guid":"https:\/\/sachviet.eu\/nha-phat-hanh\/kim-dong\/","menu_order":0,"post_type":"publisher","post_mime_type":"","comment_count":"0","filter":"raw"}},"_links":{"self":[{"href":"https:\/\/sachviet.eu\/en\/wp-json\/wp\/v2\/product\/757","targetHints":{"allow":["GET"]}}],"collection":[{"href":"https:\/\/sachviet.eu\/en\/wp-json\/wp\/v2\/product"}],"about":[{"href":"https:\/\/sachviet.eu\/en\/wp-json\/wp\/v2\/types\/product"}],"wp:featuredmedia":[{"embeddable":true,"href":"https:\/\/sachviet.eu\/en\/wp-json\/wp\/v2\/media\/753"}],"wp:attachment":[{"href":"https:\/\/sachviet.eu\/en\/wp-json\/wp\/v2\/media?parent=757"}],"wp:term":[{"taxonomy":"product_brand","embeddable":true,"href":"https:\/\/sachviet.eu\/en\/wp-json\/wp\/v2\/product_brand?post=757"},{"taxonomy":"product_cat","embeddable":true,"href":"https:\/\/sachviet.eu\/en\/wp-json\/wp\/v2\/product_cat?post=757"},{"taxonomy":"product_tag","embeddable":true,"href":"https:\/\/sachviet.eu\/en\/wp-json\/wp\/v2\/product_tag?post=757"}],"curies":[{"name":"wp","href":"https:\/\/api.w.org\/{rel}","templated":true}]}}