{"id":752,"date":"2021-02-13T14:50:58","date_gmt":"2021-02-13T12:50:58","guid":{"rendered":"https:\/\/sachviet.eu\/shop\/ke-chuyen-tet-nguyen-dan\/"},"modified":"2021-12-30T15:44:22","modified_gmt":"2021-12-30T13:44:22","slug":"ke-chuyen-tet-nguyen-dan","status":"publish","type":"product","link":"https:\/\/sachviet.eu\/en\/shop\/ke-chuyen-tet-nguyen-dan\/","title":{"rendered":"K\u1ec3 chuy\u1ec7n T\u1ebft nguy\u00ean \u0110\u00e1n"},"content":{"rendered":"<p><strong>\u201cN\u0103m m\u1edbi, Th\u00e1ng Gi\u00eang, m\u1ed3ng M\u1ed9t t\u1ebft<\/strong><\/p>\n<p><strong>C\u00f2n nguy\u00ean v\u1eb9n c\u1ea3 m\u1ed9t m\u00f9a Xu\u00e2n\u201d<\/strong><\/p>\n<p>(Nguy\u1ec5n B\u00ednh)<\/p>\n<p>T\u1ebft Nguy\u00ean \u0111\u00e1n l\u00e0 ng\u00e0y l\u1ec5 c\u1ed5 truy\u1ec1n l\u1edbn nh\u1ea5t trong n\u0103m. Ai c\u0169ng r\u1ed9n r\u00e0ng v\u00e0 h\u00e1o h\u1ee9c. Trong d\u1ecbp T\u1ebft c\u00f3 bao nhi\u00eau vi\u1ec7c, bao nhi\u00eau \u0111i\u1ec1u l\u1ea1 m\u00e0 em \u0111\u1ec1u t\u00f2 m\u00f2 mu\u1ed1n h\u1ecfi cho r\u00f5, nh\u01b0ng kh\u00f4ng ph\u1ea3i l\u00fac n\u00e0o c\u0169ng h\u1ecfi \u0111\u01b0\u1ee3c, v\u00ec b\u1ed1 m\u1eb9, \u00f4ng b\u00e0 \u0111\u1ec1u lu\u00f4n tay, lu\u00f4n vi\u1ec7c v\u00e0 c\u00f3 nh\u1eefng l\u1ec5 nghi \u00f4ng b\u00e0, cha m\u1eb9 c\u0169ng theo n\u1ebfp t\u1eeb x\u01b0a ch\u1ee9 kh\u00f4ng hi\u1ec3u r\u00f5, hi\u1ec3u h\u1ebft \u0111\u1ec3 gi\u1ea3i th\u00edch c\u1eb7n k\u1ebd cho em.<\/p>\n<p>\u201cK\u1ec3 chuy\u1ec7n T\u1ebft Nguy\u00ean \u0111\u00e1n\u201d s\u1ebd k\u1ec3 cho em nghe t\u1eeb phong t\u1ee5c ng\u00e0y T\u1ebft: nghi l\u1ec5 th\u1edd ph\u1ee5ng cho \u0111\u1ebfn c\u00f4ng vi\u1ec7c s\u1eeda so\u1ea1n s\u1eafm T\u1ebft, d\u1ecdn nh\u00e0, l\u00e0m c\u1ed7\u2026 \u201cK\u1ec3 chuy\u1ec7n T\u1ebft Nguy\u00ean \u0111\u00e1n\u201d s\u1ebd gi\u00fap em c\u1ea3m nh\u1eadn \u0111\u01b0\u1ee3c h\u1ec7 sinh th\u00e1i T\u1ebft sinh \u0111\u1ed9ng t\u1eeb c\u1ed9i ngu\u1ed3n t\u00e2m linh v\u1edbi c\u00e1c c\u00e2u chuy\u1ec7n c\u1ed5 t\u00edch, s\u1ef1 t\u00edch T\u00e1o qu\u00e2n, s\u1ef1 t\u00edch c\u00e2y n\u00eau ng\u00e0y T\u1ebft, nh\u1eefng t\u1ee5c l\u1ec7 \u0111\u1eb9p x\u00f4ng \u0111\u1ea5t, m\u1eebng tu\u1ed5i, xin ch\u1eef\u2026 \u0111\u1ebfn v\u0103n h\u00f3a T\u1ebft v\u1edbi tranh T\u1ebft, c\u00e2u \u0111\u1ed1i T\u1ebft, nh\u1eefng l\u1ec5 h\u1ed9i m\u00f9a xu\u00e2n, g\u00f3i b\u00e1nh ch\u01b0ng, b\u00e0y m\u00e2m ng\u0169 qu\u1ea3\u2026<\/p>\n<p>Qua m\u1ed7i trang s\u00e1ch nh\u00e0 v\u0103n Nguy\u1ec5n Tr\u01b0\u01a1ng Qu\u00fd ch\u1ecdn m\u1ed9t c\u00e1ch k\u1ec3 chuy\u1ec7n th\u1ee7 th\u1ec9 di\u1ec5n gi\u1ea3i s\u00fac t\u00edch v\u00e0 gi\u1ea3n d\u1ecb nh\u1ea5t ph\u00f9 h\u1ee3p v\u1edbi c\u00e1c em.<\/p>\n<p>B\u1ed9 tranh minh h\u1ecda b\u1eb1ng m\u00e0u n\u01b0\u1edbc r\u1ef1c r\u1ee1 kh\u1ed5 l\u1edbn c\u1ee7a h\u1ecda s\u0129 Kim Du\u1ea9n mang \u0111\u1ebfn tr\u1ecdn v\u1eb9n m\u1ed9t m\u00f9a Xu\u00e2n cho \u201cK\u1ec3 chuy\u1ec7n T\u1ebft Nguy\u00ean \u0111\u00e1n\u201d. C\u00e1c b\u1ee9c tranh \u0111\u01b0\u1ee3c nghi\u00ean c\u1ee9u chi ti\u1ebft, mi\u00eau t\u1ea3 ch\u00e2n th\u1ef1c r\u00f5 n\u00e9t. T\u1ea5t c\u1ea3 tr\u1ecdn v\u1eb9n h\u1ea1nh ph\u00fac, h\u00e1o h\u1ee9c ch\u1edd \u0111\u00f3n m\u1ed9t m\u00f9a Xu\u00e2n qu\u00e2y qu\u1ea7n b\u00ean ng\u01b0\u1eddi th\u00e2n, gia \u0111\u00ecnh v\u00e0 n\u00e2ng niu T\u1ebft y\u00eau th\u01b0\u01a1ng.<\/p>\n  <div class=\"banner-grid-wrapper\">\n  <div id=\"banner-grid-1772943128\" class=\"banner-grid row row-grid row-small\" data-packery-options=\"\">\n                      \n<div class=\"col grid-col large-7 grid-col-1\" ><div class=\"col-inner\">\n\t<div class=\"img has-hover x md-x lg-x y md-y lg-y\" id=\"image_1855072781\">\n\t\t\t\t\t\t\t\t<div class=\"img-inner dark\" >\n\t\t\t<img loading=\"lazy\" decoding=\"async\" width=\"800\" height=\"800\" src=\"https:\/\/sachviet.eu\/wp-content\/uploads\/2021\/02\/1_129.jpg\" class=\"attachment-large size-large\" alt=\"\" srcset=\"https:\/\/sachviet.eu\/wp-content\/uploads\/2021\/02\/1_129.jpg 800w, https:\/\/sachviet.eu\/wp-content\/uploads\/2021\/02\/1_129-300x300.jpg 300w, https:\/\/sachviet.eu\/wp-content\/uploads\/2021\/02\/1_129-150x150.jpg 150w, https:\/\/sachviet.eu\/wp-content\/uploads\/2021\/02\/1_129-768x768.jpg 768w, https:\/\/sachviet.eu\/wp-content\/uploads\/2021\/02\/1_129-600x600.jpg 600w, https:\/\/sachviet.eu\/wp-content\/uploads\/2021\/02\/1_129-100x100.jpg 100w\" sizes=\"auto, (max-width: 800px) 100vw, 800px\" \/>\t\t\t\t\t\t\n\t\t\t\t\t<\/div>\n\t\t\t\t\t\t\t\t\n<style>\n#image_1855072781 {\n  width: 100%;\n}\n<\/style>\n\t<\/div>\n\t\n<\/div><\/div>\n<div class=\"col grid-col large-5 grid-col-1\" ><div class=\"col-inner\">\n\t<div class=\"img has-hover x md-x lg-x y md-y lg-y\" id=\"image_843303924\">\n\t\t\t\t\t\t\t\t<div class=\"img-inner dark\" >\n\t\t\t<img loading=\"lazy\" decoding=\"async\" width=\"800\" height=\"544\" src=\"https:\/\/sachviet.eu\/wp-content\/uploads\/2021\/02\/ke-chuyen-tet-nguyen-dan-bia-1_0.jpg\" class=\"attachment-large size-large\" alt=\"\" srcset=\"https:\/\/sachviet.eu\/wp-content\/uploads\/2021\/02\/ke-chuyen-tet-nguyen-dan-bia-1_0.jpg 800w, https:\/\/sachviet.eu\/wp-content\/uploads\/2021\/02\/ke-chuyen-tet-nguyen-dan-bia-1_0-300x204.jpg 300w, https:\/\/sachviet.eu\/wp-content\/uploads\/2021\/02\/ke-chuyen-tet-nguyen-dan-bia-1_0-768x522.jpg 768w, https:\/\/sachviet.eu\/wp-content\/uploads\/2021\/02\/ke-chuyen-tet-nguyen-dan-bia-1_0-600x408.jpg 600w\" sizes=\"auto, (max-width: 800px) 100vw, 800px\" \/>\t\t\t\t\t\t\n\t\t\t\t\t<\/div>\n\t\t\t\t\t\t\t\t\n<style>\n#image_843303924 {\n  width: 100%;\n}\n<\/style>\n\t<\/div>\n\t\n<\/div><\/div>\n            <\/div>\n    <style>\n    #banner-grid-1772943128 .grid-col-1{height: 600px}\n    #banner-grid-1772943128 .grid-col-1-2{height: 300px}\n    #banner-grid-1772943128 .grid-col-1-3{height:200px}\n    #banner-grid-1772943128 .grid-col-2-3{height: 400px}\n    #banner-grid-1772943128 .grid-col-1-4{height: 150px}\n    #banner-grid-1772943128 .grid-col-3-4{height: 450px}\n\n\n    \n    \n\n  <\/style>\n    <\/div>\n  \n","protected":false},"excerpt":{"rendered":"<p>T\u1ebft Nguy\u00ean \u0111\u00e1n l\u00e0 ng\u00e0y l\u1ec5 c\u1ed5 truy\u1ec1n l\u1edbn nh\u1ea5t trong n\u0103m. Ai c\u0169ng r\u1ed9n r\u00e0ng v\u00e0 h\u00e1o h\u1ee9c. Trong d\u1ecbp T\u1ebft c\u00f3 bao nhi\u00eau vi\u1ec7c, bao nhi\u00eau \u0111i\u1ec1u l\u1ea1 m\u00e0 em \u0111\u1ec1u t\u00f2 m\u00f2 mu\u1ed1n h\u1ecfi cho r\u00f5, nh\u01b0ng kh\u00f4ng ph\u1ea3i l\u00fac n\u00e0o c\u0169ng h\u1ecfi \u0111\u01b0\u1ee3c, v\u00ec b\u1ed1 m\u1eb9, \u00f4ng b\u00e0 \u0111\u1ec1u lu\u00f4n tay, lu\u00f4n vi\u1ec7c v\u00e0 c\u00f3 nh\u1eefng l\u1ec5 nghi \u00f4ng b\u00e0, cha m\u1eb9 c\u0169ng theo n\u1ebfp t\u1eeb x\u01b0a ch\u1ee9 kh\u00f4ng hi\u1ec3u r\u00f5, hi\u1ec3u h\u1ebft \u0111\u1ec3 gi\u1ea3i th\u00edch c\u1eb7n k\u1ebd cho em.<\/p>\n<p>\u201cK\u1ec3 chuy\u1ec7n T\u1ebft Nguy\u00ean \u0111\u00e1n\u201d s\u1ebd k\u1ec3 cho em nghe t\u1eeb phong t\u1ee5c ng\u00e0y T\u1ebft: nghi l\u1ec5 th\u1edd ph\u1ee5ng cho \u0111\u1ebfn c\u00f4ng vi\u1ec7c s\u1eeda so\u1ea1n s\u1eafm T\u1ebft, d\u1ecdn nh\u00e0, l\u00e0m c\u1ed7\u2026 \u201cK\u1ec3 chuy\u1ec7n T\u1ebft Nguy\u00ean \u0111\u00e1n\u201d s\u1ebd gi\u00fap em c\u1ea3m nh\u1eadn \u0111\u01b0\u1ee3c h\u1ec7 sinh th\u00e1i T\u1ebft sinh \u0111\u1ed9ng t\u1eeb c\u1ed9i ngu\u1ed3n t\u00e2m linh v\u1edbi c\u00e1c c\u00e2u chuy\u1ec7n c\u1ed5 t\u00edch, s\u1ef1 t\u00edch T\u00e1o qu\u00e2n, s\u1ef1 t\u00edch c\u00e2y n\u00eau ng\u00e0y T\u1ebft, nh\u1eefng t\u1ee5c l\u1ec7 \u0111\u1eb9p x\u00f4ng \u0111\u1ea5t, m\u1eebng tu\u1ed5i, xin ch\u1eef\u2026 \u0111\u1ebfn v\u0103n h\u00f3a T\u1ebft v\u1edbi tranh T\u1ebft, c\u00e2u \u0111\u1ed1i T\u1ebft, nh\u1eefng l\u1ec5 h\u1ed9i m\u00f9a xu\u00e2n, g\u00f3i b\u00e1nh ch\u01b0ng, b\u00e0y m\u00e2m ng\u0169 qu\u1ea3\u2026<\/p>\n<p>Qua m\u1ed7i trang s\u00e1ch nh\u00e0 v\u0103n Nguy\u1ec5n Tr\u01b0\u01a1ng Qu\u00fd ch\u1ecdn m\u1ed9t c\u00e1ch k\u1ec3 chuy\u1ec7n th\u1ee7 th\u1ec9 di\u1ec5n gi\u1ea3i s\u00fac t\u00edch v\u00e0 gi\u1ea3n d\u1ecb nh\u1ea5t ph\u00f9 h\u1ee3p v\u1edbi c\u00e1c em.<\/p>\n<p>B\u1ed9 tranh minh h\u1ecda b\u1eb1ng m\u00e0u n\u01b0\u1edbc r\u1ef1c r\u1ee1 kh\u1ed5 l\u1edbn c\u1ee7a h\u1ecda s\u0129 Kim Du\u1ea9n mang \u0111\u1ebfn tr\u1ecdn v\u1eb9n m\u1ed9t m\u00f9a Xu\u00e2n cho \u201cK\u1ec3 chuy\u1ec7n T\u1ebft Nguy\u00ean \u0111\u00e1n\u201d. C\u00e1c b\u1ee9c tranh \u0111\u01b0\u1ee3c nghi\u00ean c\u1ee9u chi ti\u1ebft, mi\u00eau t\u1ea3 ch\u00e2n th\u1ef1c r\u00f5 n\u00e9t. T\u1ea5t c\u1ea3 tr\u1ecdn v\u1eb9n h\u1ea1nh ph\u00fac, h\u00e1o h\u1ee9c ch\u1edd \u0111\u00f3n m\u1ed9t m\u00f9a Xu\u00e2n qu\u00e2y qu\u1ea7n b\u00ean ng\u01b0\u1eddi th\u00e2n, gia \u0111\u00ecnh v\u00e0 n\u00e2ng niu T\u1ebft y\u00eau th\u01b0\u01a1ng.<\/p>\n","protected":false},"featured_media":746,"template":"","meta":{"_acf_changed":false},"product_brand":[],"product_cat":[25,17,26],"product_tag":[],"class_list":{"0":"post-752","1":"product","2":"type-product","3":"status-publish","4":"has-post-thumbnail","6":"product_cat-nhi-dong-6-tuoi-12-tuoi","7":"product_cat-sach-danh-cho-cac-be","8":"product_cat-thieu-nien-11-tuoi-18-tuoi","10":"first","11":"outofstock","12":"taxable","13":"shipping-taxable","14":"purchasable","15":"product-type-simple"},"supplier_id":null,"supplier_sku":"","barcode":null,"atum_controlled":true,"out_stock_date":"2021-12-30 13:44:22","out_stock_threshold":null,"inheritable":false,"inbound_stock":0,"stock_on_hold":0,"sold_today":0,"sales_last_days":0,"reserved_stock":0,"customer_returns":0,"warehouse_damage":0,"lost_in_post":0,"other_logs":0,"out_stock_days":1490,"lost_sales":0,"has_location":false,"update_date":"2026-01-28T23:10:29","atum_locations":[],"atum_stock_status":"outofstock","restock_status":false,"low_stock_amount":"","sales_update_date":"2026-01-28T23:10:29","calc_backorders":null,"acf":{"publisher":{"ID":1454,"post_author":"1","post_date":"2021-02-17 01:11:34","post_date_gmt":"2021-02-16 23:11:34","post_content":"<!-- wp:flatsome\/uxbuilder -->\n<h1 style=\"text-align: center;\"><strong>Kim \u0110\u1ed3ng<\/strong><\/h1>\n[row]\n\n[col span=\"3\" span__sm=\"12\"]\n\n[ux_image id=\"1534\" image_size=\"medium\"]\n\n\n[\/col]\n[col span=\"9\" span__sm=\"12\"]\n\n<p>Nh\u00e0 xu\u1ea5t b\u1ea3n Kim \u0110\u1ed3ng tr\u1ef1c thu\u1ed9c Trung \u01b0\u01a1ng \u0110o\u00e0n TNCS H\u1ed3 Ch\u00ed Minh l\u00e0 Nh\u00e0 xu\u1ea5t b\u1ea3n t\u1ed5ng h\u1ee3p c\u00f3 ch\u1ee9c n\u0103ng xu\u1ea5t b\u1ea3n s\u00e1ch v\u00e0 v\u0103n h\u00f3a ph\u1ea9m ph\u1ee5c v\u1ee5 thi\u1ebfu nhi v\u00e0 c\u00e1c b\u1eadc ph\u1ee5 huynh trong c\u1ea3 n\u01b0\u1edbc, qu\u1ea3ng b\u00e1 v\u00e0 gi\u1edbi thi\u1ec7u v\u0103n h\u00f3a Vi\u1ec7t Nam ra th\u1ebf gi\u1edbi.<br \/>Nh\u00e0 xu\u1ea5t b\u1ea3n c\u00f3 nhi\u1ec7m v\u1ee5 t\u1ed5 ch\u1ee9c b\u1ea3n th\u1ea3o, bi\u00ean so\u1ea1n, bi\u00ean d\u1ecbch, xu\u1ea5t b\u1ea3n v\u00e0 ph\u00e1t h\u00e0nh c\u00e1c xu\u1ea5t b\u1ea3n ph\u1ea9m c\u00f3 n\u1ed9i dung: gi\u00e1o d\u1ee5c truy\u1ec1n th\u1ed1ng d\u00e2n t\u1ed9c, gi\u00e1o d\u1ee5c v\u1ec1 tri th\u1ee9c, ki\u1ebfn th\u1ee9c\u2026 tr\u00ean c\u00e1c l\u0129nh v\u1ef1c v\u0103n h\u1ecdc, ngh\u1ec7 thu\u1eadt, khoa h\u1ecdc k\u1ef9 thu\u1eadt nh\u1eb1m cung c\u1ea5p cho c\u00e1c em thi\u1ebfu nhi c\u0169ng nh\u01b0 c\u00e1c b\u1eadc ph\u1ee5 huynh c\u00e1c ki\u1ebfn th\u1ee9c c\u1ea7n thi\u1ebft trong cu\u1ed9c s\u1ed1ng, nh\u1eefng tinh hoa c\u1ee7a tri th\u1ee9c nh\u00e2n lo\u1ea1i nh\u1eb1m g\u00f3p ph\u1ea7n gi\u00e1o d\u1ee5c v\u00e0 h\u00ecnh th\u00e0nh nh\u00e2n c\u00e1ch th\u1ebf h\u1ec7 tr\u1ebb.<br \/>\u0110\u1ed1i t\u01b0\u1ee3ng ph\u1ee5c v\u1ee5 c\u1ee7a Nh\u00e0 xu\u1ea5t b\u1ea3n l\u00e0 c\u00e1c em t\u1eeb tu\u1ed5i nh\u00e0 tr\u1ebb m\u1eabu gi\u00e1o (1 \u0111\u1ebfn 5 tu\u1ed5i), nhi \u0111\u1ed3ng (6 \u0111\u1ebfn 9 tu\u1ed5i), thi\u1ebfu ni\u00ean (10 \u0111\u1ebfn 15 tu\u1ed5i) \u0111\u1ebfn c\u00e1c em tu\u1ed5i m\u1edbi l\u1edbn (16 \u0111\u1ebfn 18 tu\u1ed5i) v\u00e0 c\u00e1c b\u1eadc ph\u1ee5 huynh.<\/p>\n\n[\/col]\n\n[\/row]\n\n<!-- \/wp:flatsome\/uxbuilder -->","post_title":"Kim \u0110\u1ed3ng","post_excerpt":"","post_status":"publish","comment_status":"closed","ping_status":"closed","post_password":"","post_name":"kim-dong","to_ping":"","pinged":"","post_modified":"2021-02-17 01:31:56","post_modified_gmt":"2021-02-16 23:31:56","post_content_filtered":"","post_parent":0,"guid":"https:\/\/sachviet.eu\/nha-phat-hanh\/kim-dong\/","menu_order":0,"post_type":"publisher","post_mime_type":"","comment_count":"0","filter":"raw"}},"_links":{"self":[{"href":"https:\/\/sachviet.eu\/en\/wp-json\/wp\/v2\/product\/752","targetHints":{"allow":["GET"]}}],"collection":[{"href":"https:\/\/sachviet.eu\/en\/wp-json\/wp\/v2\/product"}],"about":[{"href":"https:\/\/sachviet.eu\/en\/wp-json\/wp\/v2\/types\/product"}],"wp:featuredmedia":[{"embeddable":true,"href":"https:\/\/sachviet.eu\/en\/wp-json\/wp\/v2\/media\/746"}],"wp:attachment":[{"href":"https:\/\/sachviet.eu\/en\/wp-json\/wp\/v2\/media?parent=752"}],"wp:term":[{"taxonomy":"product_brand","embeddable":true,"href":"https:\/\/sachviet.eu\/en\/wp-json\/wp\/v2\/product_brand?post=752"},{"taxonomy":"product_cat","embeddable":true,"href":"https:\/\/sachviet.eu\/en\/wp-json\/wp\/v2\/product_cat?post=752"},{"taxonomy":"product_tag","embeddable":true,"href":"https:\/\/sachviet.eu\/en\/wp-json\/wp\/v2\/product_tag?post=752"}],"curies":[{"name":"wp","href":"https:\/\/api.w.org\/{rel}","templated":true}]}}