{"id":745,"date":"2021-02-13T14:50:44","date_gmt":"2021-02-13T12:50:44","guid":{"rendered":"https:\/\/sachviet.eu\/shop\/this-is-tet\/"},"modified":"2021-10-04T22:42:57","modified_gmt":"2021-10-04T19:42:57","slug":"this-is-tet","status":"publish","type":"product","link":"https:\/\/sachviet.eu\/en\/shop\/this-is-tet\/","title":{"rendered":"This is Tet"},"content":{"rendered":"<p>\u201cDung La Tet\u201d is a lovely poem about a little urban girl who has experienced her very first traditional Tet in her parents\u2019 hometown. \u201cTet\u201d is how Vietnamese people call Lunar New Year. It has a variety of meanings: memories, reunion, love, happiness, and forgiveness. Like Christmas in the Western, people go back home to reunite with friends and family during the Tet season. In the spirit of Tet:<br \/>\nTet is here! Tet is there!<br \/>\nWe\u2019re all rushing everywhere.<br \/>\nGoodbye bikes<br \/>\nand cars racing.<br \/>\nLet\u2019s go home. Grandma\u2019s waiting!<\/p>\n<p>The big idea of making the book \u201cDung La Tet\u201d came to Mai and the Poet Bui Phuong Tam when they were searching for materials for a new Vietnamese children book. During the 2019 Tet Holiday, Mai and Tam spent their time photographing and capturing their family\u2019s activities, especially the emotions of Tam\u2019s two years old daughter, a typical city child experiencing her first traditional Tet. The character designs were based on Tam\u2019s family.They are a classical Vietnamese family of four generations. Mai used the pictures from the 90s of the Northern Vietnamese hometown and her childhood memories of Tet for the setting of the book.<br \/>\nThe book was published on January 13th, 2020.<\/p>\n  <div class=\"banner-grid-wrapper\">\n  <div id=\"banner-grid-965059071\" class=\"banner-grid row row-grid row-small\" data-packery-options=\"\">\n                      \n<div class=\"col grid-col large-12 grid-col-1\" ><div class=\"col-inner\">\n\t<div class=\"img has-hover x md-x lg-x y md-y lg-y\" id=\"image_57017493\">\n\t\t\t\t\t\t\t\t<div class=\"img-inner dark\" >\n\t\t\t<img loading=\"lazy\" decoding=\"async\" width=\"1020\" height=\"516\" src=\"https:\/\/sachviet.eu\/wp-content\/uploads\/2021\/02\/14ff1981874959.5d0c4c035d746-1024x518.jpg\" class=\"attachment-large size-large\" alt=\"\" srcset=\"https:\/\/sachviet.eu\/wp-content\/uploads\/2021\/02\/14ff1981874959.5d0c4c035d746-1024x518.jpg 1024w, https:\/\/sachviet.eu\/wp-content\/uploads\/2021\/02\/14ff1981874959.5d0c4c035d746-300x152.jpg 300w, https:\/\/sachviet.eu\/wp-content\/uploads\/2021\/02\/14ff1981874959.5d0c4c035d746-768x388.jpg 768w, https:\/\/sachviet.eu\/wp-content\/uploads\/2021\/02\/14ff1981874959.5d0c4c035d746-600x304.jpg 600w, https:\/\/sachviet.eu\/wp-content\/uploads\/2021\/02\/14ff1981874959.5d0c4c035d746.jpg 1200w\" sizes=\"auto, (max-width: 1020px) 100vw, 1020px\" \/>\t\t\t\t\t\t\n\t\t\t\t\t<\/div>\n\t\t\t\t\t\t\t\t\n<style>\n#image_57017493 {\n  width: 100%;\n}\n<\/style>\n\t<\/div>\n\t\n<\/div><\/div>\n            <\/div>\n    <style>\n    #banner-grid-965059071 .grid-col-1{height: 600px}\n    #banner-grid-965059071 .grid-col-1-2{height: 300px}\n    #banner-grid-965059071 .grid-col-1-3{height:200px}\n    #banner-grid-965059071 .grid-col-2-3{height: 400px}\n    #banner-grid-965059071 .grid-col-1-4{height: 150px}\n    #banner-grid-965059071 .grid-col-3-4{height: 450px}\n\n\n    \n    \n\n  <\/style>\n    <\/div>\n  \n","protected":false},"excerpt":{"rendered":"<p>We wish for my grandparents\u2019 health,<br \/>\nalso for my parents\u2019 wealth.<br \/>\nThen their wish for me at last:<br \/>\nThat only joy will fill my heart!<\/p>\n<p>The idea of This is T\u1ebft! came to Mai and T\u00e2m when they wished to create a book that can touch the Vietnamese heart of the mother when reading to her child, and to help Vietnamese children living all over the world learn about their roots.<br \/>\nMai\u2019s character designs were based on T\u00e2m\u2019s family members &#8211; a typical Vietnamese family of four generations living together. The setting of the book was Mai\u2019s hometown in C\u1ed5 B\u1ea3n Village and memories of T\u1ebft from Mai\u2019s childhood.<\/p>\n","protected":false},"featured_media":737,"template":"","meta":{"_acf_changed":false},"product_brand":[],"product_cat":[25,17,26],"product_tag":[],"class_list":{"0":"post-745","1":"product","2":"type-product","3":"status-publish","4":"has-post-thumbnail","6":"product_cat-nhi-dong-6-tuoi-12-tuoi","7":"product_cat-sach-danh-cho-cac-be","8":"product_cat-thieu-nien-11-tuoi-18-tuoi","10":"first","11":"outofstock","12":"taxable","13":"shipping-taxable","14":"purchasable","15":"product-type-simple"},"supplier_id":null,"supplier_sku":"","barcode":null,"atum_controlled":true,"out_stock_date":"2021-10-04 19:42:57","out_stock_threshold":null,"inheritable":false,"inbound_stock":0,"stock_on_hold":0,"sold_today":0,"sales_last_days":0,"reserved_stock":0,"customer_returns":0,"warehouse_damage":0,"lost_in_post":0,"other_logs":0,"out_stock_days":1577,"lost_sales":0,"has_location":false,"update_date":"2026-01-28T23:10:29","atum_locations":[],"atum_stock_status":"outofstock","restock_status":false,"low_stock_amount":"","sales_update_date":"2026-01-28T23:10:29","calc_backorders":null,"acf":{"publisher":{"ID":1454,"post_author":"1","post_date":"2021-02-17 01:11:34","post_date_gmt":"2021-02-16 23:11:34","post_content":"<!-- wp:flatsome\/uxbuilder -->\n<h1 style=\"text-align: center;\"><strong>Kim \u0110\u1ed3ng<\/strong><\/h1>\n[row]\n\n[col span=\"3\" span__sm=\"12\"]\n\n[ux_image id=\"1534\" image_size=\"medium\"]\n\n\n[\/col]\n[col span=\"9\" span__sm=\"12\"]\n\n<p>Nh\u00e0 xu\u1ea5t b\u1ea3n Kim \u0110\u1ed3ng tr\u1ef1c thu\u1ed9c Trung \u01b0\u01a1ng \u0110o\u00e0n TNCS H\u1ed3 Ch\u00ed Minh l\u00e0 Nh\u00e0 xu\u1ea5t b\u1ea3n t\u1ed5ng h\u1ee3p c\u00f3 ch\u1ee9c n\u0103ng xu\u1ea5t b\u1ea3n s\u00e1ch v\u00e0 v\u0103n h\u00f3a ph\u1ea9m ph\u1ee5c v\u1ee5 thi\u1ebfu nhi v\u00e0 c\u00e1c b\u1eadc ph\u1ee5 huynh trong c\u1ea3 n\u01b0\u1edbc, qu\u1ea3ng b\u00e1 v\u00e0 gi\u1edbi thi\u1ec7u v\u0103n h\u00f3a Vi\u1ec7t Nam ra th\u1ebf gi\u1edbi.<br \/>Nh\u00e0 xu\u1ea5t b\u1ea3n c\u00f3 nhi\u1ec7m v\u1ee5 t\u1ed5 ch\u1ee9c b\u1ea3n th\u1ea3o, bi\u00ean so\u1ea1n, bi\u00ean d\u1ecbch, xu\u1ea5t b\u1ea3n v\u00e0 ph\u00e1t h\u00e0nh c\u00e1c xu\u1ea5t b\u1ea3n ph\u1ea9m c\u00f3 n\u1ed9i dung: gi\u00e1o d\u1ee5c truy\u1ec1n th\u1ed1ng d\u00e2n t\u1ed9c, gi\u00e1o d\u1ee5c v\u1ec1 tri th\u1ee9c, ki\u1ebfn th\u1ee9c\u2026 tr\u00ean c\u00e1c l\u0129nh v\u1ef1c v\u0103n h\u1ecdc, ngh\u1ec7 thu\u1eadt, khoa h\u1ecdc k\u1ef9 thu\u1eadt nh\u1eb1m cung c\u1ea5p cho c\u00e1c em thi\u1ebfu nhi c\u0169ng nh\u01b0 c\u00e1c b\u1eadc ph\u1ee5 huynh c\u00e1c ki\u1ebfn th\u1ee9c c\u1ea7n thi\u1ebft trong cu\u1ed9c s\u1ed1ng, nh\u1eefng tinh hoa c\u1ee7a tri th\u1ee9c nh\u00e2n lo\u1ea1i nh\u1eb1m g\u00f3p ph\u1ea7n gi\u00e1o d\u1ee5c v\u00e0 h\u00ecnh th\u00e0nh nh\u00e2n c\u00e1ch th\u1ebf h\u1ec7 tr\u1ebb.<br \/>\u0110\u1ed1i t\u01b0\u1ee3ng ph\u1ee5c v\u1ee5 c\u1ee7a Nh\u00e0 xu\u1ea5t b\u1ea3n l\u00e0 c\u00e1c em t\u1eeb tu\u1ed5i nh\u00e0 tr\u1ebb m\u1eabu gi\u00e1o (1 \u0111\u1ebfn 5 tu\u1ed5i), nhi \u0111\u1ed3ng (6 \u0111\u1ebfn 9 tu\u1ed5i), thi\u1ebfu ni\u00ean (10 \u0111\u1ebfn 15 tu\u1ed5i) \u0111\u1ebfn c\u00e1c em tu\u1ed5i m\u1edbi l\u1edbn (16 \u0111\u1ebfn 18 tu\u1ed5i) v\u00e0 c\u00e1c b\u1eadc ph\u1ee5 huynh.<\/p>\n\n[\/col]\n\n[\/row]\n\n<!-- \/wp:flatsome\/uxbuilder -->","post_title":"Kim \u0110\u1ed3ng","post_excerpt":"","post_status":"publish","comment_status":"closed","ping_status":"closed","post_password":"","post_name":"kim-dong","to_ping":"","pinged":"","post_modified":"2021-02-17 01:31:56","post_modified_gmt":"2021-02-16 23:31:56","post_content_filtered":"","post_parent":0,"guid":"https:\/\/sachviet.eu\/nha-phat-hanh\/kim-dong\/","menu_order":0,"post_type":"publisher","post_mime_type":"","comment_count":"0","filter":"raw"}},"_links":{"self":[{"href":"https:\/\/sachviet.eu\/en\/wp-json\/wp\/v2\/product\/745","targetHints":{"allow":["GET"]}}],"collection":[{"href":"https:\/\/sachviet.eu\/en\/wp-json\/wp\/v2\/product"}],"about":[{"href":"https:\/\/sachviet.eu\/en\/wp-json\/wp\/v2\/types\/product"}],"wp:featuredmedia":[{"embeddable":true,"href":"https:\/\/sachviet.eu\/en\/wp-json\/wp\/v2\/media\/737"}],"wp:attachment":[{"href":"https:\/\/sachviet.eu\/en\/wp-json\/wp\/v2\/media?parent=745"}],"wp:term":[{"taxonomy":"product_brand","embeddable":true,"href":"https:\/\/sachviet.eu\/en\/wp-json\/wp\/v2\/product_brand?post=745"},{"taxonomy":"product_cat","embeddable":true,"href":"https:\/\/sachviet.eu\/en\/wp-json\/wp\/v2\/product_cat?post=745"},{"taxonomy":"product_tag","embeddable":true,"href":"https:\/\/sachviet.eu\/en\/wp-json\/wp\/v2\/product_tag?post=745"}],"curies":[{"name":"wp","href":"https:\/\/api.w.org\/{rel}","templated":true}]}}