{"id":7446,"date":"2021-03-30T12:10:24","date_gmt":"2021-03-30T09:10:24","guid":{"rendered":"https:\/\/sachviet.eu\/shop\/khong-gia-dinh-bia-cung-dinh-ti\/"},"modified":"2021-05-17T17:56:27","modified_gmt":"2021-05-17T14:56:27","slug":"khong-gia-dinh-bia-cung-dinh-ti","status":"publish","type":"product","link":"https:\/\/sachviet.eu\/en\/shop\/khong-gia-dinh-bia-cung-dinh-ti\/","title":{"rendered":"Kh\u00f4ng Gia \u0110\u00ecnh &#8211; B\u00eca C\u1ee9ng &#8211; \u0110inh T\u1ecb"},"content":{"rendered":"<p>Kh\u00f4ng gia \u0111\u00ecnh k\u1ec3 chuy\u1ec7n m\u1ed9t em b\u00e9 kh\u00f4ng cha m\u1eb9, kh\u00f4ng h\u1ecd h\u00e0ng th\u00e2n th\u00edch, \u0111i theo m\u1ed9t \u0111o\u00e0n xi\u1ebfc ch\u00f3, kh\u1ec9, r\u1ed3i c\u1ea7m \u0111\u1ea7u \u0111o\u00e0n \u1ea5y \u0111i l\u01b0u l\u1ea1c kh\u1eafp n\u01b0\u1edbc Ph\u00e1p, sau \u0111\u00f3 b\u1ecb t\u00f9 \u1edf Anh, cu\u1ed1i c\u00f9ng t\u00ecm th\u1ea5y m\u1eb9 v\u00e0 em. Em b\u00e9 R\u00eami \u1ea5y \u0111\u00e3 l\u1edbn l\u00ean trong gian kh\u1ed5. Em \u0111\u00e3 chung \u0111\u1ee5ng v\u1edbi m\u1ecdi h\u1ea1ng ng\u01b0\u1eddi, s\u1ed1ng kh\u1eafp m\u1ecdi n\u01a1i, &#8220;n\u01a1i th\u00ec l\u1eeba \u0111\u1ea3o, n\u01a1i th\u00ec x\u00f3t th\u01b0\u01a1ng&#8221;. Em \u0111\u00e3 lao \u0111\u1ed9ng m\u00e0 s\u1ed1ng, l\u00fac \u0111\u1ea7u d\u01b0\u1edbi quy\u1ec1n \u0111i\u1ec1u khi\u1ec3n c\u1ee7a m\u1ed9t \u00f4ng gi\u00e0 t\u1eebng tr\u1ea3i v\u00e0 \u0111\u1ea1o \u0111\u1ee9c, c\u1ee5 Vitali, v\u1ec1 sau th\u00ec t\u1ef1 l\u1eadp v\u00e0 kh\u00f4ng nh\u1eefng lo cho m\u00ecnh, c\u00f2n b\u1ea3o \u0111\u1ea3m vi\u1ec7c bi\u1ec3u di\u1ec5n v\u00e0 sinh s\u1ed1ng cho c\u1ea3 m\u1ed9t g\u00e1nh h\u00e1t rong. \u0110\u00e3 c\u00f3 khi em v\u00e0 c\u1ea3 \u0111o\u00e0n lang thang m\u1ea5y h\u00f4m li\u1ec1n kh\u00f4ng c\u00f3 ch\u00fat g\u00ec trong b\u1ee5ng. \u0110\u00e3 c\u00f3 khi em su\u00fdt ch\u1ebft r\u00e9t. \u0110\u00e3 c\u00f3 khi em b\u1ecb l\u1ee5t ng\u1ea7m ch\u00f4n trong gi\u1ebfng m\u1ecf m\u01b0\u1eddi m\u1ea5y ng\u00e0y \u0111\u00eam. \u0110\u00e3 c\u00f3 khi em m\u1eafc oan b\u1ecb gi\u1ea3i ra tr\u01b0\u1edbc t\u00f2a v\u00e0 b\u1ecb \u1edf t\u00f9.<\/p>\n<p>Kh\u00f4ng Gia \u0110\u00ecnh l\u00e0 cu\u1ed1n s\u00e1ch \u0111\u01b0\u1ee3c x\u1ebfp v\u00e0o danh m\u1ee5c v\u0103n h\u1ecdc thi\u1ebfu nhi nh\u01b0ng r\u00f5 r\u00e0ng, v\u1edbi nh\u1eefng g\u00ec Kh\u00f4ng Gia \u0110\u00ecnh \u0111\u00e3 k\u1ec3 th\u00ec \u0111\u00e2y l\u00e0 cu\u1ed1n s\u00e1ch d\u00e0nh cho m\u1ecdi l\u1ee9a tu\u1ed5i \u1edf m\u1ecdi qu\u1ed1c gia, m\u1ecdi t\u1ea7ng l\u1edbp.<\/p>\n<p>Kh\u00f4ng Gia \u0110\u00ecnh l\u00e0 m\u1ed9t chuy\u1ebfn phi\u00eau l\u01b0u m\u00e0 R\u00eami l\u00e0 nh\u00e2n v\u1eadt ch\u00ednh. Em ngh\u00e8o kh\u1ed5, em c\u00f4 \u0111\u1ed9c, em kh\u00f4ng c\u00f3 ng\u01b0\u1eddi th\u00e2n. Cu\u1ed9c \u0111\u1eddi R\u00eami g\u1eafn li\u1ec1n v\u1edbi g\u00e1nh xi\u1ebfc rong, v\u1edbi nh\u1eefng th\u1eed th\u00e1ch m\u00e0 em g\u1eb7p ph\u1ea3i tr\u00ean \u0111\u01b0\u1eddng \u0111\u1eddi tr\u1ea3i r\u1ed9ng kh\u1eafp n\u01b0\u1edbc Ph\u00e1p t\u01b0\u01a1i \u0111\u1eb9p. R\u00eami l\u1edbn l\u00ean trong \u0111au kh\u1ed5, lang thang m\u1ecdi n\u01a1i, b\u1ecb t\u00f9 \u0111\u00e0y&#8230; nh\u01b0ng d\u00f9 trong ho\u00e0n c\u1ea3nh n\u00e0o, em v\u1eabn \u0111\u1ee9ng th\u1eb3ng l\u01b0ng, ng\u1ea9ng cao \u0111\u1ea7u, gi\u1eef ph\u1ea9m ch\u1ea5t l\u00e0m ng\u01b0\u1eddi &#8211; \u0111i\u1ec1u em \u0111\u00e3 h\u1ecdc t\u1eeb c\u1ee5 Vitali trong cu\u1ed9c \u0111\u1eddi lang b\u1ea1t c\u1ee7a m\u00ecnh.<\/p>\n<p>Kh\u00f4ng Gia \u0110\u00ecnh ca ng\u1ee3i gi\u00e1 tr\u1ecb c\u1ee7a lao \u0111\u1ed9ng, c\u1ee7a nh\u00e2n c\u00e1ch v\u00e0 t\u00ecnh c\u1ea3m. Cu\u1ed1n s\u00e1ch m\u00f4 t\u1ea3 nh\u1eefng h\u00ecnh \u1ea3nh, nh\u1eefng m\u1ea3nh \u0111\u1eddi b\u1ea5p b\u00eanh \u0111\u1ec3 l\u00e0m n\u1ec1n cho ni\u1ec1m tin, cho t\u00ecnh ng\u01b0\u1eddi \u1ea5m \u00e1p.<\/p>\n<p>Kh\u00f4ng Gia \u0110\u00ecnh th\u1ef1c s\u1ef1 l\u00e0 m\u1ed9t cu\u1ed1n s\u00e1ch hay v\u00e0 gi\u00e1 tr\u1ecb h\u01a1n c\u1ea3 m\u1ed9t gi\u00e1 s\u00e1ch d\u1ea1y ph\u01b0\u01a1ng ph\u00e1p l\u00e0m ng\u01b0\u1eddi.<\/p>\n","protected":false},"excerpt":{"rendered":"<p>Kh\u00f4ng gia \u0111\u00ecnh k\u1ec3 chuy\u1ec7n m\u1ed9t em b\u00e9 kh\u00f4ng cha m\u1eb9, kh\u00f4ng h\u1ecd h\u00e0ng th\u00e2n th\u00edch, \u0111i theo m\u1ed9t \u0111o\u00e0n xi\u1ebfc ch\u00f3, kh\u1ec9, r\u1ed3i c\u1ea7m \u0111\u1ea7u \u0111o\u00e0n \u1ea5y \u0111i l\u01b0u l\u1ea1c kh\u1eafp n\u01b0\u1edbc Ph\u00e1p, sau \u0111\u00f3 b\u1ecb t\u00f9 \u1edf Anh, cu\u1ed1i c\u00f9ng t\u00ecm th\u1ea5y m\u1eb9 v\u00e0 em. Em b\u00e9 R\u00eami \u1ea5y \u0111\u00e3 l\u1edbn l\u00ean trong gian kh\u1ed5. Em \u0111\u00e3 chung \u0111\u1ee5ng v\u1edbi m\u1ecdi h\u1ea1ng ng\u01b0\u1eddi, s\u1ed1ng kh\u1eafp m\u1ecdi n\u01a1i, &#8220;n\u01a1i th\u00ec l\u1eeba \u0111\u1ea3o, n\u01a1i th\u00ec x\u00f3t th\u01b0\u01a1ng&#8221;. Em \u0111\u00e3 lao \u0111\u1ed9ng m\u00e0 s\u1ed1ng, l\u00fac \u0111\u1ea7u d\u01b0\u1edbi quy\u1ec1n \u0111i\u1ec1u khi\u1ec3n c\u1ee7a m\u1ed9t \u00f4ng gi\u00e0 t\u1eebng tr\u1ea3i v\u00e0 \u0111\u1ea1o \u0111\u1ee9c, c\u1ee5 Vitali, v\u1ec1 sau th\u00ec t\u1ef1 l\u1eadp v\u00e0 kh\u00f4ng nh\u1eefng lo cho m\u00ecnh, c\u00f2n b\u1ea3o \u0111\u1ea3m vi\u1ec7c bi\u1ec3u di\u1ec5n v\u00e0 sinh s\u1ed1ng cho c\u1ea3 m\u1ed9t g\u00e1nh h\u00e1t rong. \u0110\u00e3 c\u00f3 khi em v\u00e0 c\u1ea3 \u0111o\u00e0n lang thang m\u1ea5y h\u00f4m li\u1ec1n kh\u00f4ng c\u00f3 ch\u00fat g\u00ec trong b\u1ee5ng. \u0110\u00e3 c\u00f3 khi em su\u00fdt ch\u1ebft r\u00e9t. \u0110\u00e3 c\u00f3 khi em b\u1ecb l\u1ee5t ng\u1ea7m ch\u00f4n trong gi\u1ebfng m\u1ecf m\u01b0\u1eddi m\u1ea5y ng\u00e0y \u0111\u00eam. \u0110\u00e3 c\u00f3 khi em m\u1eafc oan b\u1ecb gi\u1ea3i ra tr\u01b0\u1edbc t\u00f2a v\u00e0 b\u1ecb \u1edf t\u00f9.<\/p>\n<p>Kh\u00f4ng Gia \u0110\u00ecnh l\u00e0 cu\u1ed1n s\u00e1ch \u0111\u01b0\u1ee3c x\u1ebfp v\u00e0o danh m\u1ee5c v\u0103n h\u1ecdc thi\u1ebfu nhi nh\u01b0ng r\u00f5 r\u00e0ng, v\u1edbi nh\u1eefng g\u00ec Kh\u00f4ng Gia \u0110\u00ecnh \u0111\u00e3 k\u1ec3 th\u00ec \u0111\u00e2y l\u00e0 cu\u1ed1n s\u00e1ch d\u00e0nh cho m\u1ecdi l\u1ee9a tu\u1ed5i \u1edf m\u1ecdi qu\u1ed1c gia, m\u1ecdi t\u1ea7ng l\u1edbp.<\/p>\n<p>Kh\u00f4ng Gia \u0110\u00ecnh l\u00e0 m\u1ed9t chuy\u1ebfn phi\u00eau l\u01b0u m\u00e0 R\u00eami l\u00e0 nh\u00e2n v\u1eadt ch\u00ednh. Em ngh\u00e8o kh\u1ed5, em c\u00f4 \u0111\u1ed9c, em kh\u00f4ng c\u00f3 ng\u01b0\u1eddi th\u00e2n. Cu\u1ed9c \u0111\u1eddi R\u00eami g\u1eafn li\u1ec1n v\u1edbi g\u00e1nh xi\u1ebfc rong, v\u1edbi nh\u1eefng th\u1eed th\u00e1ch m\u00e0 em g\u1eb7p ph\u1ea3i tr\u00ean \u0111\u01b0\u1eddng \u0111\u1eddi tr\u1ea3i r\u1ed9ng kh\u1eafp n\u01b0\u1edbc Ph\u00e1p t\u01b0\u01a1i \u0111\u1eb9p. R\u00eami l\u1edbn l\u00ean trong \u0111au kh\u1ed5, lang thang m\u1ecdi n\u01a1i, b\u1ecb t\u00f9 \u0111\u00e0y&#8230; nh\u01b0ng d\u00f9 trong ho\u00e0n c\u1ea3nh n\u00e0o, em v\u1eabn \u0111\u1ee9ng th\u1eb3ng l\u01b0ng, ng\u1ea9ng cao \u0111\u1ea7u, gi\u1eef ph\u1ea9m ch\u1ea5t l\u00e0m ng\u01b0\u1eddi &#8211; \u0111i\u1ec1u em \u0111\u00e3 h\u1ecdc t\u1eeb c\u1ee5 Vitali trong cu\u1ed9c \u0111\u1eddi lang b\u1ea1t c\u1ee7a m\u00ecnh.<\/p>\n<p>Kh\u00f4ng Gia \u0110\u00ecnh ca ng\u1ee3i gi\u00e1 tr\u1ecb c\u1ee7a lao \u0111\u1ed9ng, c\u1ee7a nh\u00e2n c\u00e1ch v\u00e0 t\u00ecnh c\u1ea3m. Cu\u1ed1n s\u00e1ch m\u00f4 t\u1ea3 nh\u1eefng h\u00ecnh \u1ea3nh, nh\u1eefng m\u1ea3nh \u0111\u1eddi b\u1ea5p b\u00eanh \u0111\u1ec3 l\u00e0m n\u1ec1n cho ni\u1ec1m tin, cho t\u00ecnh ng\u01b0\u1eddi \u1ea5m \u00e1p.<\/p>\n<p>Kh\u00f4ng Gia \u0110\u00ecnh th\u1ef1c s\u1ef1 l\u00e0 m\u1ed9t cu\u1ed1n s\u00e1ch hay v\u00e0 gi\u00e1 tr\u1ecb h\u01a1n c\u1ea3 m\u1ed9t gi\u00e1 s\u00e1ch d\u1ea1y ph\u01b0\u01a1ng ph\u00e1p l\u00e0m ng\u01b0\u1eddi.<\/p>\n","protected":false},"featured_media":7431,"template":"","meta":{"_acf_changed":false},"product_brand":[],"product_cat":[15,45,77],"product_tag":[],"class_list":{"0":"post-7446","1":"product","2":"type-product","3":"status-publish","4":"has-post-thumbnail","6":"product_cat-sach-danh-cho-nguoi-lon","7":"product_cat-tieu-thuyet","8":"product_cat-van-hoc-kinh-dien","10":"first","11":"outofstock","12":"taxable","13":"shipping-taxable","14":"purchasable","15":"product-type-simple"},"supplier_id":null,"supplier_sku":"","barcode":null,"atum_controlled":true,"out_stock_date":"2021-04-28 18:49:08","out_stock_threshold":null,"inheritable":false,"inbound_stock":0,"stock_on_hold":0,"sold_today":0,"sales_last_days":0,"reserved_stock":0,"customer_returns":0,"warehouse_damage":0,"lost_in_post":0,"other_logs":0,"out_stock_days":1736,"lost_sales":0,"has_location":false,"update_date":"2026-01-28T23:10:41","atum_locations":[],"atum_stock_status":"outofstock","restock_status":false,"low_stock_amount":"","sales_update_date":"2026-01-28T23:10:41","calc_backorders":null,"acf":{"publisher":{"ID":1470,"post_author":"2","post_date":"2021-02-17 01:12:47","post_date_gmt":"2021-02-16 23:12:47","post_content":"<!-- wp:flatsome\/uxbuilder -->\n<h1 style=\"text-align: center\"><strong>\u0110inh T\u1ecb<\/strong><\/h1>\n[row]\n\n[col span=\"4\" span__sm=\"12\"]\n\n[ux_image id=\"1831\" image_size=\"medium\"]\n\n\n[\/col]\n[col span=\"8\" span__sm=\"12\"]\n\n<p><strong>\u0110inh T\u1ecb Books - Ti\u00ean phong s\u00e1ng t\u1ea1o<\/strong><\/p>\n<p>Th\u00e0nh l\u1eadp n\u0103m 2006, t\u1edbi nay \u0110inh T\u1ecb Books \u0111\u01b0\u1ee3c \u0111\u00e1nh gi\u1ea3 l\u00e0 \u0111\u01a1n v\u1ecb xu\u1ea5t b\u1ea3n uy t\u00edn c\u00f3 t\u1ed1c \u0111\u1ed9 ph\u00e1t tri\u1ec3n nhanh nh\u1ea5t g\u1eafn v\u1edbi th\u00e0nh c\u00f4ng c\u1ee7a hai t\u1ee7 s\u00e1ch l\u1edbn: T\u1ee7 s\u00e1ch Thi\u1ebfu nhi - T\u1ee7 s\u00e1ch V\u0103n h\u1ecdc. Trong \u0111\u00f3 ph\u1ea3i k\u1ec3 t\u1edbi b\u01b0\u1edbc chuy\u1ec3n m\u00ecnh \u0111\u1ea7y \u1ea5n t\u01b0\u1ee3ng, tr\u1edf th\u00e0nh \u0111\u01a1n v\u1ecb ti\u00ean phong s\u00e1ng t\u1ea1o d\u00f2ng S\u00c1CH T\u01af\u01a0NG T\u00c1C thi\u1ebfu nhi. V\u1edbi h\u01a1n 300 t\u1ef1a s\u00e1ch t\u01b0\u01a1ng t\u00e1c \u0111ang l\u01b0u h\u00e0nh, \u0110inh T\u1ecb Books \u0111\u00e3 mang \u0111\u1ebfn nh\u1eefng gi\u00e1 tr\u1ecb tr\u1ea3i nghi\u1ec7m tuy\u1ec7t v\u1eddi, \u0111\u01b0a vi\u1ec7c h\u1ecdc v\u00e0 ch\u01a1i c\u00f9ng s\u00e1ch tr\u1edf n\u00ean hi\u1ec7u qu\u1ea3 h\u01a1n, gi\u00fap tr\u1ebb th\u00f4ng minh, t\u0103ng tr\u01b0\u1edfng c\u00e1c ch\u1ec9 s\u1ed1 IQ, EQ.<\/p>\n<p><strong>Th\u1ebf m\u1ea1nh c\u1ee7a \u0110inh T\u1ecb Books<\/strong><\/p>\n<p>V\u1edbi kinh nghi\u1ec7m nhi\u1ec1u n\u0103m trong ng\u00e0nh xu\u1ea5t b\u1ea3n, \u0110inh T\u1ecb Books tin r\u1eb1ng c\u00e1c b\u1eadc cha m\u1eb9 lu\u00f4n d\u00e0nh nh\u1eefng \u0111i\u1ec1u t\u1ed1t \u0111\u1eb9p nh\u1ea5t cho c\u00e1c con c\u1ee7a m\u00ecnh. \u0110\u1ecdc s\u00e1ch c\u00f9ng con lu\u00f4n l\u00e0 l\u1ef1a ch\u1ecdn h\u00e0ng \u0111\u1ea7u gi\u00fap g\u1eafn k\u1ebft t\u00ecnh y\u00eau th\u01b0\u01a1ng \u0111\u1ed3ng th\u1eddi gi\u00fap con nu\u00f4i d\u01b0\u1ee1ng ni\u1ec1m \u0111am m\u00ea v\u1edbi s\u00e1ch.<\/p>\n\n[\/col]\n\n[\/row]\n<p><strong>T\u00ecnh y\u00eau l\u1edbn d\u00e0nh cho nh\u1eefng cu\u1ed1n s\u00e1ch.<\/strong><\/p>\n<p>Xu\u1ea5t ph\u00e1t t\u1eeb t\u00ecnh y\u00eau v\u1edbi nh\u1eefng cu\u1ed1n s\u00e1ch, l\u00f2ng t\u1eadn t\u00e2m mu\u1ed1n g\u00ecn gi\u1eef nh\u1eefng gi\u00e1 tr\u1ecb v\u0103n h\u00f3a truy\u1ec1n th\u1ed1ng c\u1ee7a Vi\u1ec7t Nam, mong mu\u1ed1n \u0111\u01b0a nh\u1eefng gi\u00e1 tr\u1ecb \u0111\u1eadm ch\u1ea5t Vi\u1ec7t Nam \u0111\u1ebfn v\u1edbi tr\u1ebb em Vi\u1ec7t, c\u00e1c th\u00e0nh vi\u00ean s\u00e1ng t\u1ea1o c\u1ee7a \u0110inh T\u1ecb Books \u0111\u00e3 kh\u00f4ng ng\u1eebng n\u1ed7 l\u1ef1c, t\u00ecm t\u00f2i v\u00e0 h\u1ecdc h\u1ecfi, \u0111\u1ec3 \u0111\u01b0a nh\u1eefng cu\u1ed1n s\u00e1ch \u201c100% made in Vietnam\u201d \u0111\u1ebfn v\u1edbi tr\u1ebb em Vi\u1ec7t. C\u00e1c ki\u1ebfn th\u1ee9c b\u1ed5 \u00edch \u0111\u01b0\u1ee3c truy\u1ec1n t\u1ea3i th\u00f4ng qua nh\u1eefng t\u01b0\u01a1ng t\u00e1c th\u00fa v\u1ecb gi\u00fap tr\u1ebb nh\u1edb l\u00e2u h\u01a1n, h\u1ecdc t\u1ed1t h\u01a1n.<\/p>\n<p>Nh\u1eadn ra \u0111\u01b0\u1ee3c s\u1ee9 m\u1ec7nh v\u00e0 t\u1ea7m nh\u00ecn c\u1ee7a \u0110inh T\u1ecb, <strong>SACHVIET.EU<\/strong> \u0111\u00e3 li\u00ean l\u1ea1c v\u1edbi \u0110inh T\u1ecb \u0111\u1ec3 \u0111\u01b0\u1ee3c h\u1ed7 tr\u1ee3 \u0111\u01b0a nh\u1eefng cu\u1ed1n s\u00e1ch mang gi\u00e1 tr\u1ecb \u0111\u1eadm ch\u1ea5t Vi\u1ec7t Nam \u0111\u1ebfn v\u1edbi tr\u1ebb em Vi\u1ec7t v\u00e0 c\u1ed9ng \u0111\u1ed3ng Vi\u1ec7t s\u1ed1ng t\u1ea1i Ch\u00e2u \u00c2u. SACHVIET.EU \u0111\u1eb7t l\u00f2ng tin \u1edf \u0110inh T\u1ecb s\u1ebd lu\u00f4n \u0111em \u0111\u1ebfn nh\u1eefng gi\u00e1 tr\u1ecb cao qua t\u1eebng trang s\u00e1ch v\u00e0 hy v\u1ecdng \u0111\u1ed9c gi\u1ea3 s\u1ebd lu\u00f4n h\u00e0i l\u00f2ng v\u1edbi ch\u1ea5t l\u01b0\u1ee3ng m\u00e0 \u0110inh T\u1ecb theo \u0111u\u1ed5i bao n\u0103m qua.<\/p>\n\n<!-- \/wp:flatsome\/uxbuilder -->","post_title":"\u0110inh T\u1ecb","post_excerpt":"","post_status":"publish","comment_status":"closed","ping_status":"closed","post_password":"","post_name":"dinh-ti","to_ping":"","pinged":"","post_modified":"2022-12-19 23:15:43","post_modified_gmt":"2022-12-19 21:15:43","post_content_filtered":"","post_parent":0,"guid":"https:\/\/sachviet.eu\/nha-phat-hanh\/dinh-ti\/","menu_order":0,"post_type":"publisher","post_mime_type":"","comment_count":"0","filter":"raw"}},"_links":{"self":[{"href":"https:\/\/sachviet.eu\/en\/wp-json\/wp\/v2\/product\/7446","targetHints":{"allow":["GET"]}}],"collection":[{"href":"https:\/\/sachviet.eu\/en\/wp-json\/wp\/v2\/product"}],"about":[{"href":"https:\/\/sachviet.eu\/en\/wp-json\/wp\/v2\/types\/product"}],"wp:featuredmedia":[{"embeddable":true,"href":"https:\/\/sachviet.eu\/en\/wp-json\/wp\/v2\/media\/7431"}],"wp:attachment":[{"href":"https:\/\/sachviet.eu\/en\/wp-json\/wp\/v2\/media?parent=7446"}],"wp:term":[{"taxonomy":"product_brand","embeddable":true,"href":"https:\/\/sachviet.eu\/en\/wp-json\/wp\/v2\/product_brand?post=7446"},{"taxonomy":"product_cat","embeddable":true,"href":"https:\/\/sachviet.eu\/en\/wp-json\/wp\/v2\/product_cat?post=7446"},{"taxonomy":"product_tag","embeddable":true,"href":"https:\/\/sachviet.eu\/en\/wp-json\/wp\/v2\/product_tag?post=7446"}],"curies":[{"name":"wp","href":"https:\/\/api.w.org\/{rel}","templated":true}]}}