{"id":7417,"date":"2021-03-30T12:09:02","date_gmt":"2021-03-30T09:09:02","guid":{"rendered":"https:\/\/sachviet.eu\/shop\/khach-bo-hanh-thoi-gian\/"},"modified":"2021-05-17T17:56:49","modified_gmt":"2021-05-17T14:56:49","slug":"khach-bo-hanh-thoi-gian","status":"publish","type":"product","link":"https:\/\/sachviet.eu\/en\/shop\/khach-bo-hanh-thoi-gian\/","title":{"rendered":"Kh\u00e1ch b\u1ed9 h\u00e0nh th\u1eddi gian"},"content":{"rendered":"<p>Kh\u00e1ch B\u1ed9 H\u00e0nh Th\u1eddi Gian<\/p>\n<p>H\u00e0nh S\u00f9ng Ninh \u2013 c\u1eadu \u1ea5m c\u1ee7a m\u1ed9t t\u1eadp \u0111o\u00e0n n\u1ed5i ti\u1ebfng b\u1ecb b\u1eaft c\u00f3c n\u0103m m\u01b0\u1eddi l\u0103m tu\u1ed5i. V\u1ee5 b\u1eaft c\u00f3c tr\u1edf th\u00e0nh n\u1ed7i \u00e1m \u1ea3nh c\u1ee7a anh, khi\u1ebfn anh ph\u1ea3i s\u1ed1ng th\u1ef1c v\u1eadt su\u1ed1t ba n\u0103m. M\u01b0\u1eddi hai n\u0103m sau, khi \u0111\u00e3 tr\u1edf th\u00e0nh m\u1ed9t nh\u00e2n v\u1eadt \u0111\u1ea7y ti\u1ebfng t\u0103m trong ng\u00e0nh c\u00f4ng nghi\u1ec7p thi\u1ebft k\u1ebf \u0111\u1ed3ng h\u1ed3, \u0103nh g\u1eb7p Di\u1ec7p Giai Nam l\u1ea7n \u0111\u1ea7u t\u1ea1i Ai C\u1eadp. C\u00f4 ch\u00ednh l\u00e0 ng\u01b0\u1eddi \u0111\u00e3 ti\u1ebfp cho anh tia n\u1eafng trong cu\u1ed9c s\u1ed1ng. Th\u1ebf nh\u01b0ng, t\u1ea5t c\u1ea3 nh\u1eefng \u0111i\u1ec1u t\u1ed1t \u0111\u1eb9p d\u01b0\u1eddng nh\u01b0 \u0111\u1ec1u kh\u00f4ng th\u1ec3 tho\u00e1t kh\u1ecfi b\u00e0n tay c\u1ee7a \u0111\u1ecbnh m\u1ec7nh. Hai con ng\u01b0\u1eddi \u0111\u01b0\u1ee3c g\u1eb7p g\u1ee1 l\u00e0 do duy\u00ean s\u1ed1, nh\u01b0ng duy\u00ean s\u1ed1 h\u00f3a th\u00e0nh \u0111i\u1ec1u may m\u1eafn hay l\u00e0 s\u1ef1 tr\u1edb tr\u00eau, kh\u00f4ng ai c\u00f3 th\u1ec3 bi\u1ebft tr\u01b0\u1edbc \u0111\u01b0\u1ee3c\u2026<\/p>\n","protected":false},"excerpt":{"rendered":"<p>Kh\u00e1ch B\u1ed9 H\u00e0nh Th\u1eddi Gian<\/p>\n<p>H\u00e0nh S\u00f9ng Ninh \u2013 c\u1eadu \u1ea5m c\u1ee7a m\u1ed9t t\u1eadp \u0111o\u00e0n n\u1ed5i ti\u1ebfng b\u1ecb b\u1eaft c\u00f3c n\u0103m m\u01b0\u1eddi l\u0103m tu\u1ed5i. V\u1ee5 b\u1eaft c\u00f3c tr\u1edf th\u00e0nh n\u1ed7i \u00e1m \u1ea3nh c\u1ee7a anh, khi\u1ebfn anh ph\u1ea3i s\u1ed1ng th\u1ef1c v\u1eadt su\u1ed1t ba n\u0103m. M\u01b0\u1eddi hai n\u0103m sau, khi \u0111\u00e3 tr\u1edf th\u00e0nh m\u1ed9t nh\u00e2n v\u1eadt \u0111\u1ea7y ti\u1ebfng t\u0103m trong ng\u00e0nh c\u00f4ng nghi\u1ec7p thi\u1ebft k\u1ebf \u0111\u1ed3ng h\u1ed3, \u0103nh g\u1eb7p Di\u1ec7p Giai Nam l\u1ea7n \u0111\u1ea7u t\u1ea1i Ai C\u1eadp. C\u00f4 ch\u00ednh l\u00e0 ng\u01b0\u1eddi \u0111\u00e3 ti\u1ebfp cho anh tia n\u1eafng trong cu\u1ed9c s\u1ed1ng. Th\u1ebf nh\u01b0ng, t\u1ea5t c\u1ea3 nh\u1eefng \u0111i\u1ec1u t\u1ed1t \u0111\u1eb9p d\u01b0\u1eddng nh\u01b0 \u0111\u1ec1u kh\u00f4ng th\u1ec3 tho\u00e1t kh\u1ecfi b\u00e0n tay c\u1ee7a \u0111\u1ecbnh m\u1ec7nh. Hai con ng\u01b0\u1eddi \u0111\u01b0\u1ee3c g\u1eb7p g\u1ee1 l\u00e0 do duy\u00ean s\u1ed1, nh\u01b0ng duy\u00ean s\u1ed1 h\u00f3a th\u00e0nh \u0111i\u1ec1u may m\u1eafn hay l\u00e0 s\u1ef1 tr\u1edb tr\u00eau, kh\u00f4ng ai c\u00f3 th\u1ec3 bi\u1ebft tr\u01b0\u1edbc \u0111\u01b0\u1ee3c\u2026<\/p>\n","protected":false},"featured_media":7415,"template":"","meta":{"_acf_changed":false},"product_brand":[],"product_cat":[73,15],"product_tag":[],"class_list":{"0":"post-7417","1":"product","2":"type-product","3":"status-publish","4":"has-post-thumbnail","6":"product_cat-dam-my-ngon-tinh","7":"product_cat-sach-danh-cho-nguoi-lon","9":"first","10":"outofstock","11":"taxable","12":"shipping-taxable","13":"purchasable","14":"product-type-simple"},"supplier_id":null,"supplier_sku":"","barcode":null,"atum_controlled":true,"out_stock_date":"2021-03-30 17:37:13","out_stock_threshold":null,"inheritable":false,"inbound_stock":0,"stock_on_hold":0,"sold_today":0,"sales_last_days":0,"reserved_stock":0,"customer_returns":0,"warehouse_damage":0,"lost_in_post":0,"other_logs":0,"out_stock_days":1765,"lost_sales":4031,"has_location":false,"update_date":"2026-01-28T23:10:41","atum_locations":[],"atum_stock_status":"outofstock","restock_status":false,"low_stock_amount":"","sales_update_date":"2026-01-28T23:10:41","calc_backorders":null,"acf":{"publisher":{"ID":1785,"post_author":"1","post_date":"2021-02-17 01:54:46","post_date_gmt":"2021-02-16 23:54:46","post_content":"<!-- wp:flatsome\/uxbuilder -->\n<h1 style=\"text-align: center;\"><strong>AZ VIETNAM<\/strong><\/h1>\n[row]\n\n[col span=\"8\" span__sm=\"12\"]\n\n<p>Th\u00e0nh l\u1eadp n\u0103m: 2015<br \/>V\u1ed1n \u0111\u1ea7u t\u01b0: 4,000,000,000 \u0111\u1ed3ng<br \/><strong>L\u0129nh v\u1ef1c:<\/strong><br \/>- Xu\u1ea5t b\u1ea3n v\u00e0 ph\u00e1t h\u00e0nh v\u0103n h\u00f3a ph\u1ea9m<br \/>- Cung c\u1ea5p v\u0103n h\u00f3a ph\u1ea9m, c\u00e1c s\u1ea3n ph\u1ea9m cho in \u1ea5n, trang thi\u1ebft b\u1ecb cho c\u00e1c th\u01b0 vi\u1ec7n v\u00e0 trung t\u00e2m s\u00e1ch tr\u00ean c\u1ea3 n\u01b0\u1edbc.<br \/>- Th\u1eddi trang v\u00e0 c\u00e1c s\u1ea3n ph\u1ea9m li\u00ean quan \u0111\u1ebfn l\u0129nh v\u1ef1c th\u1eddi trang<br \/>- Xu\u1ea5t nh\u1eadp kh\u1ea9u c\u00e1c s\u1ea3n ph\u1ea9m v\u0103n h\u00f3a<\/p>\n<p><strong>Quy m\u00f4:<\/strong> 60 nh\u00e2n vi\u00ean<br \/>Kh\u1edfi ngu\u1ed3n c\u1ee7a AZ Vi\u1ec7t Nam ng\u00e0y nay l\u00e0 C\u00f4ng ty TNHH Trung t\u00e2m S\u00e1ch v\u00e0 Thi\u1ebft b\u1ecb Th\u01b0 vi\u1ec7n, v\u1edbi ho\u1ea1t \u0111\u1ed9ng \u0111\u1ea7u ti\u00ean l\u00e0 cung c\u1ea5p s\u00e1ch, trang thi\u1ebft b\u1ecb, v\u0103n h\u00f3a ph\u1ea9m cho c\u00e1c th\u01b0 vi\u1ec7n v\u00e0 trung t\u00e2m s\u00e1ch tr\u00ean c\u1ea3 n\u01b0\u1edbc. T\u1eeb cu\u1ed1i n\u0103m 2010 \u0111\u1ebfn nay, ch\u00fang t\u00f4i \u0111\u00e3 kh\u00f4ng ng\u1eebng n\u1ed7 l\u1ef1c khai ph\u00e1 v\u00e0 ph\u00e1t tri\u1ec3n c\u00e1c d\u00f2ng s\u1ea3n ph\u1ea9m m\u1edbi v\u1edbi 8 th\u01b0\u01a1ng hi\u1ec7u uy t\u00edn. \u0110\u1ec3 \u0111\u00e1p \u1ee9ng nhu c\u1ea7u ph\u00e1t tri\u1ec3n ng\u00e0y m\u1ed9t l\u1edbn m\u1ea1nh v\u00e0 t\u1eadp h\u1ee3p c\u00e1c th\u01b0\u01a1ng hi\u1ec7u \u0111\u00e3 \u0111\u01b0\u1ee3c ch\u00fang t\u00f4i x\u00e2y d\u1ef1ng, 2015 C\u00f4ng ty TNHH AZ Vi\u1ec7t Nam \u0111\u00e3 ra \u0111\u1eddi v\u1edbi s\u1ee9 m\u1ec7nh mang \u0111\u1ebfn nhi\u1ec1u h\u01a1n n\u1eefa nh\u1eefng gi\u00e1 tr\u1ecb tinh th\u1ea7n, tri th\u1ee9c ti\u00ean ti\u1ebfn cho ng\u01b0\u1eddi ti\u00eau d\u00f9ng b\u1eb1ng vi\u1ec7c cung c\u1ea5p nh\u1eefng s\u1ea3n ph\u1ea9m c\u00f3 ch\u1ea5t l\u01b0\u1ee3ng.<\/p>\n\n[\/col]\n[col span=\"4\" span__sm=\"12\"]\n\n[ux_image id=\"1836\" image_size=\"medium\"]\n\n\n[\/col]\n\n[\/row]\n\n<!-- \/wp:flatsome\/uxbuilder -->","post_title":"AZ Vi\u1ec7t Nam","post_excerpt":"","post_status":"publish","comment_status":"closed","ping_status":"closed","post_password":"","post_name":"az-viet-nam","to_ping":"","pinged":"","post_modified":"2021-02-17 22:07:10","post_modified_gmt":"2021-02-17 20:07:10","post_content_filtered":"","post_parent":0,"guid":"https:\/\/sachviet.eu\/nha-phat-hanh\/az-viet-nam\/","menu_order":0,"post_type":"publisher","post_mime_type":"","comment_count":"0","filter":"raw"}},"_links":{"self":[{"href":"https:\/\/sachviet.eu\/en\/wp-json\/wp\/v2\/product\/7417","targetHints":{"allow":["GET"]}}],"collection":[{"href":"https:\/\/sachviet.eu\/en\/wp-json\/wp\/v2\/product"}],"about":[{"href":"https:\/\/sachviet.eu\/en\/wp-json\/wp\/v2\/types\/product"}],"wp:featuredmedia":[{"embeddable":true,"href":"https:\/\/sachviet.eu\/en\/wp-json\/wp\/v2\/media\/7415"}],"wp:attachment":[{"href":"https:\/\/sachviet.eu\/en\/wp-json\/wp\/v2\/media?parent=7417"}],"wp:term":[{"taxonomy":"product_brand","embeddable":true,"href":"https:\/\/sachviet.eu\/en\/wp-json\/wp\/v2\/product_brand?post=7417"},{"taxonomy":"product_cat","embeddable":true,"href":"https:\/\/sachviet.eu\/en\/wp-json\/wp\/v2\/product_cat?post=7417"},{"taxonomy":"product_tag","embeddable":true,"href":"https:\/\/sachviet.eu\/en\/wp-json\/wp\/v2\/product_tag?post=7417"}],"curies":[{"name":"wp","href":"https:\/\/api.w.org\/{rel}","templated":true}]}}