{"id":7414,"date":"2021-03-30T12:08:54","date_gmt":"2021-03-30T09:08:54","guid":{"rendered":"https:\/\/sachviet.eu\/shop\/ngo-chi-la-thoang-qua-ma-mot-doi-thuong-nho-bo-2-tap\/"},"modified":"2021-05-17T17:57:01","modified_gmt":"2021-05-17T14:57:01","slug":"ngo-chi-la-thoang-qua-ma-mot-doi-thuong-nho-bo-2-tap","status":"publish","type":"product","link":"https:\/\/sachviet.eu\/en\/shop\/ngo-chi-la-thoang-qua-ma-mot-doi-thuong-nho-bo-2-tap\/","title":{"rendered":"Ng\u1ee1 Ch\u1ec9 L\u00e0 Tho\u00e1ng Qua, M\u00e0 M\u1ed9t \u0110\u1eddi Th\u01b0\u01a1ng Nh\u1edb (B\u1ed9 2 T\u1eadp)"},"content":{"rendered":"<p>\u201cNg\u1ee1 Ch\u1ec9 L\u00e0 Tho\u00e1ng Qua, M\u00e0 C\u1ea3 \u0110\u1eddi Th\u01b0\u01a1ng Nh\u1edb\u201d  &#8211; M\u1ed9t \u0111\u1eddi ch\u1ec9 y\u00eau m\u1ed9t l\u1ea7n, ch\u00ednh l\u00e0 k\u00fd \u1ee9c kh\u1eafc c\u1ed1t ghi t\u00e2m nh\u1ea5t. <\/p>\n<p> (T\u00e1c gi\u1ea3: Th\u01b0 Nghi)<\/p>\n<p>M\u1ed9t \u0111\u1eddi ch\u1ec9 y\u00eau m\u1ed9t l\u1ea7n, ch\u00ednh l\u00e0 k\u00fd \u1ee9c kh\u1eafc c\u1ed1t ghi t\u00e2m nh\u1ea5t.<\/p>\n<p>C\u00f3 m\u1ed9t s\u1ed1 ng\u01b0\u1eddi trong v\u00f2ng xoay v\u1eadn m\u1ec7nh, n\u1ebfu nh\u01b0 ngay t\u1eeb \u0111\u1ea7u \u0111\u00e3 \u0111\u1ecbnh s\u1eb5n \u0111\u1ebfn cu\u1ed1i c\u00f9ng l\u00e0 s\u1ef1 ly bi\u1ec7t \u0111au th\u01b0\u01a1ng, v\u1eady b\u1ea1n v\u1eabn s\u1ebd l\u1ef1a ch\u1ecdn g\u1eb7p g\u1ee1 thu\u1edf ban \u0111\u1ea7u? <\/p>\n<p>B\u1ea1n v\u0129nh vi\u1ec5n kh\u00f4ng th\u1ec3 bi\u1ebft r\u1eb1ng, g\u1eb7p \u0111\u01b0\u1ee3c ng\u01b0\u1eddi \u0111\u00f3, y\u00eau ng\u01b0\u1eddi \u0111\u00f3, cu\u1ed9c \u0111\u1eddi c\u1ee7a b\u1ea1n s\u1ebd thay \u0111\u1ed5i th\u00e0nh nh\u01b0 th\u1ebf n\u00e0o.<\/p>\n<p>\u201cNg\u1ee1 ch\u1ec9 l\u00e0 tho\u00e1ng qua, m\u00e0 m\u1ed9t \u0111\u1eddi th\u01b0\u01a1ng nh\u1edb\u201d l\u00e0 t\u00e1c ph\u1ea9m m\u1edbi nh\u1ea5t c\u1ee7a nh\u00e0 v\u0103n Th\u01b0 Nghi, v\u00e0 c\u0169ng l\u00e0 m\u1ed9t \u201cng\u01b0\u1eddi anh em\u201d v\u1edbi cu\u1ed1n s\u00e1ch n\u1ed5i ti\u1ebfng \u201cT\u1eebng c\u00f3 ng\u01b0\u1eddi y\u00eau t\u00f4i nh\u01b0 sinh m\u1ec7nh\u201d \u0111\u00e3 khi\u1ebfn bao b\u1ea1n \u0111\u1ecdc th\u1ed5n th\u1ee9c.<\/p>\n<p>C\u0169ng gi\u1ed1ng nh\u01b0 c\u00e1i t\u00ean c\u1ee7a m\u00ecnh, cu\u1ed1n s\u00e1ch l\u00e0 c\u00e2u chuy\u1ec7n t\u00ecnh \u0111\u1eb9p v\u00e0 bu\u1ed3n gi\u1eefa Nghi\u00eam C\u1ea9n v\u00e0 Qu\u00fd Hi\u1ec3u \u00c2u &#8211; m\u1ed9t ng\u01b0\u1eddi \u0111\u00e0n \u00f4ng \u201clu\u00f4n gi\u1ea5u \u0111i tr\u00e1i tim m\u00ecnh\u201d v\u00e0 m\u1ed9t c\u00f4 g\u00e1i lu\u00f4n bi\u1ebft c\u00e1ch \u0111i v\u00e0o l\u00f2ng ng\u01b0\u1eddi b\u1eb1ng s\u1ef1 d\u1ecbu d\u00e0ng t\u1eeb tr\u00e1i tim. <\/p>\n<p>Nghi\u00eam C\u1ea9n c\u00f3 ngo\u1ea1i h\u00ecnh v\u00f4 c\u00f9ng xu\u1ea5t ch\u00fang, l\u1ea1i l\u00e0 \u00f4ng ch\u1ee7 c\u1ee7a m\u1ed9t nh\u00e0 h\u00e0ng c\u00f3 thu nh\u1eadp cao ch\u00f3t v\u00f3t, th\u1ebf n\u00ean anh \u0111i \u0111\u1ebfn \u0111\u00e2u c\u0169ng nh\u1eadn \u0111\u01b0\u1ee3c mu\u00f4n v\u00e0n \u00e1nh m\u1eaft ng\u01b0\u1ee1ng m\u1ed9. V\u1edbi m\u1ecdi ng\u01b0\u1eddi, anh lu\u00f4n n\u1edf n\u1ee5 c\u01b0\u1eddi ng\u1ea3 ng\u1edbn tr\u00ean m\u00f4i, v\u1ebb m\u1eb7t b\u1ea5t c\u1ea7n, qu\u1ea7n \u00e1o s\u00e0nh \u0111i\u1ec7u, ch\u01a1i b\u1eddi ph\u00e1 ho\u1ea1i kh\u00f4ng thi\u1ebfu th\u1ee9 g\u00ec. Nh\u01b0ng \u00edt ai bi\u1ebft \u0111\u01b0\u1ee3c, r\u1eb1ng \u0111\u1eb1ng sau v\u1ebb ngo\u00e0i ng\u1ed7 ng\u01b0\u1ee3c \u0111\u00f3, l\u00e0 m\u1ed9t tr\u00e1i tim kh\u00f4ng ng\u1eebng r\u1ec9 m\u00e1u v\u1edbi nh\u1eefng v\u1ebft s\u1eb9o ch\u1ed3ng ch\u00e9o l\u00ean nhau.<\/p>\n<p>Nghi\u00eam C\u1ea9n \u0111\u1ed1i v\u1edbi Qu\u00fd Hi\u1ec3u \u00c2u, ch\u00ednh l\u00e0 \u201cnh\u1ea5t ki\u1ebfn chung t\u00ecnh\u201d. Nh\u01b0ng ngay l\u1ea7n \u0111\u1ea7u ti\u00ean g\u1eb7p m\u1eb7t trong thang m\u00e1y, c\u00f4 \u0111\u00e3 kh\u00f4ng c\u00f3 thi\u1ec7n c\u1ea3m v\u1edbi anh, \u0111\u00e3 v\u1eady, c\u00f4 l\u1ea1i lu\u00f4n t\u00ecm c\u00e1ch tr\u00e1nh anh c\u00e0ng xa c\u00e0ng t\u1ed1t. Kh\u00f4ng c\u00f2n c\u00e1ch n\u00e0o kh\u00e1c, anh \u0111\u00e0nh ph\u1ea3i gi\u1ea3 v\u1edd l\u00e0 ng\u01b0\u1eddi \u0111\u1ed3ng t\u00ednh \u0111\u1ec3 c\u00f3 th\u1ec3 ti\u1ebfp c\u1eadn c\u00f4. Ch\u1ec9 c\u00f3 nh\u01b0 v\u1eady, c\u00f4 m\u1edbi kh\u00f4ng \u0111\u1ec1 ph\u00f2ng anh v\u00e0 \u0111\u1ed1i x\u1eed v\u1edbi anh nh\u01b0 b\u1ea1n b\u00e8.<\/p>\n<p>Th\u1eadt ra, xung quanh Nghi\u00eam C\u1ea9n kh\u00f4ng thi\u1ebfu nh\u1eefng c\u00f4 g\u00e1i xinh \u0111\u1eb9p, nh\u01b0ng anh l\u1ea1i ch\u1ec9 \u0111\u1ec3 m\u1eaft t\u1edbi m\u1ed9t m\u00ecnh c\u00f4 g\u00e1i c\u00f3 n\u1ee5 c\u01b0\u1eddi t\u01b0\u01a1i t\u1eafn v\u00e0 h\u1ed3n nhi\u00ean gi\u1ed1ng nh\u01b0 b\u00e9 con v\u1eeba t\u1ec9nh ng\u1ee7 \u1ea5y. <\/p>\n<p>Qu\u00fd Hi\u1ec3u \u00c2u th\u1ef1c s\u1ef1 l\u00e0 m\u1ed9t c\u00f4 g\u00e1i l\u01b0\u01a1ng thi\u1ec7n. C\u00f4 thi\u1ec7n l\u01b0\u01a1ng \u0111\u1ebfn m\u1ee9c g\u1ea7n nh\u01b0 ngu ng\u1ed1c, c\u1ed1 g\u1eafng h\u1ebft s\u1ee9c ch\u0103m s\u00f3c m\u1ed9t ng\u01b0\u1eddi m\u1eb9 b\u1ec7nh n\u1eb7ng li\u1ec7t gi\u01b0\u1eddng, m\u1ed9t sinh vi\u00ean \u0111\u1ea1i h\u1ecdc r\u1eafc r\u1ed1i \u0111\u1ea7y m\u00ecnh. Nh\u01b0ng ch\u00ednh v\u00ec s\u1ef1 tin ng\u01b0\u1eddi \u0111\u1ebfn ng\u1ed1c ngh\u1ebfch \u0111\u00f3 c\u1ee7a c\u00f4, m\u00e0 anh l\u1ea1i c\u00e0ng v\u00f4 th\u1ee9c l\u00fan s\u00e2u v\u00e0o th\u1ebf gi\u1edbi c\u1ee7a c\u00f4, m\u00e3i kh\u00f4ng th\u1ec3 t\u1ef1 tho\u00e1t ra \u0111\u01b0\u1ee3c. \u0110\u00e3 v\u1eady, l\u1ea1i c\u00f2n c\u00f9ng c\u00f4 d\u1ea5n th\u00e2n v\u00e0o nh\u1eefng phi\u1ec1n ph\u1ee9c v\u00e0 hi\u1ec3m nguy ch\u01b0a t\u1eebng c\u00f3.<\/p>\n<p>C\u00f3 ng\u01b0\u1eddi n\u00f3i, c\u00f4 l\u00e0 \u00e1nh m\u1eb7t tr\u1eddi t\u01b0\u01a1i s\u00e1ng duy nh\u1ea5t c\u00f2n s\u00f3t l\u1ea1i tr\u00ean th\u1ebf gi\u1edbi n\u00e0y. Th\u1ebf nh\u01b0ng, ng\u01b0\u1eddi \u0111\u00f3 c\u0169ng n\u00f3i: trong cu\u1ed9c s\u1ed1ng lu\u00f4n c\u00f3 nh\u1eefng ng\u01b0\u1eddi m\u00e0 cu\u1ed9c \u0111\u1eddi v\u1ed1n m\u1ecbt m\u1edd, t\u0103m t\u1ed1i, kh\u00f4ng th\u1ec3 n\u00e0o c\u00f3 ch\u1ed7 d\u00e0nh cho \u00e1nh n\u1eafng \u1ea5m \u00e1p chan h\u00f2a. V\u00e0 ng\u01b0\u1eddi \u0111\u00f3 ch\u00ednh l\u00e0 Tr\u1ea1m V\u0169 &#8211; m\u1ed9t ch\u00e0ng trai c\u00f3 \u0111\u00f4i m\u1eaft lu\u00f4n ch\u1ea5t ch\u1ee9a nh\u1eefng u bu\u1ed3n.<\/p>\n<p>Tr\u1ea1m V\u0169 c\u00f3 m\u1ed9t ng\u01b0\u1eddi m\u1eb9 b\u1ecb b\u1ec7nh n\u1eb7ng, v\u00ec mu\u1ed1n ch\u1eefa kh\u1ecfi b\u1ec7nh cho m\u1eb9, v\u00e0 \u0111\u1ec3 c\u00f3 ti\u1ec1n \u0111\u00f3ng h\u1ecdc ph\u00ed, c\u1eadu \u0111\u00e3 ch\u1ea5p nh\u1eadn l\u00e0m c\u00f4ng vi\u1ec7c m\u00e0 m\u00ecnh kh\u00f4ng mu\u1ed1n. Th\u1ebf nh\u01b0ng, th\u1eadt kh\u00f4ng may, c\u00f3 m\u1ed9t ng\u00e0y c\u1eadu l\u1ea1i b\u1ecb s.\u00e1.t h.\u1ea1.i m\u1ed9t c\u00e1ch d.\u00e3 m.a.n, hung th\u1ee7 ra tay v\u00f4 c\u00f9ng \u0111\u1ed9c \u00e1c v\u00e0 t\u00e0n nh\u1eabn, khi\u1ebfn t.h.i t.h.\u1ec3 Tr\u1ea1m V\u0169 b\u1ecb chia th\u00e0nh nhi\u1ec1u m\u1ea3nh. <\/p>\n<p>\u0110\u1eb7c bi\u1ec7t, \u0111\u00eam tr\u01b0\u1edbc khi b\u1ecb n\u1ea1n, Tr\u1ea1m V\u0169 \u0111\u00e3 \u0111\u1ebfn t\u00ecm Nghi\u00eam C\u1ea9n, \u0111\u1ed3ng th\u1eddi t\u1ed5 chuy\u00ean \u00e1n c\u00f2n t\u00ecm th\u1ea5y m\u1ed9t chi\u1ebfc b\u1eadt l\u1eeda b\u00ean c\u1ea1nh thi th\u1ec3 c\u1ee7a c\u1eadu. \u0110\u00f3 l\u00e0 di v\u1eadt duy nh\u1ea5t c\u1ee7a T\u00f4n Gia Ng\u1ed9 tr\u01b0\u1edbc khi c.h.\u1ebf.t \u0111\u1ec3 l\u1ea1i cho ng\u01b0\u1eddi b\u1ea1n ch\u00ed c\u1ed1t Nghi\u00eam C\u1ea9n, kh\u00f4ng ng\u1edd \u0111\u00f3 l\u1ea1i l\u00e0 ch\u1ee9ng c\u1ee9 bu\u1ed9c t\u1ed9i anh. <\/p>\n<p>Nghi\u00eam C\u1ea9n b\u1ecb k\u1ebft t\u1ed9i m\u01b0u s\u00e1t, c\u00f3 th\u1ec3 ph\u1ea3i ch\u1ecbu \u00e1n t\u1eed h\u00ecnh, d\u00f9 tr\u01b0\u1edbc \u0111\u00f3 anh \u0111\u00e3 gi\u00fap \u0111\u1ee1 Tr\u1ea1m V\u0169 r\u1ea5t nhi\u1ec1u. <\/p>\n<p>Trong khi m\u1ecdi ch\u1ee9ng c\u1ee9 \u0111\u1ec1u bu\u1ed9c t\u1ed9i anh, ch\u1ec9 Qu\u00fd Hi\u1ec3u \u00c2u v\u1eabn lu\u00f4n tin r\u1eb1ng Nghi\u00eam C\u1ea9n b\u1ecb oan v\u00e0 c\u00f4 b\u1eaft \u0111\u1ea7u t\u1ef1 m\u00ecnh \u0111i\u1ec1u tra. Th\u1ebf nh\u01b0ng, c\u00e1i gi\u00e1 ph\u1ea3i tr\u1ea3 \u0111\u1ec3 t\u00ecm ra \u0111\u01b0\u1ee3c s\u1ef1 th\u1eadt l\u1ea1i qu\u00e1 \u0111\u1eaft\u2026<\/p>\n<p>Li\u1ec7u r\u1eb1ng c\u00f4 g\u00e1i thi\u1ec7n l\u01b0\u01a1ng Qu\u00fd Hi\u1ec3u \u00c2u \u0111\u00e3 l\u00e0m nh\u01b0 th\u1ebf n\u00e0o \u0111\u1ec3 t\u00ecm ra \u0111\u01b0\u1ee3c s\u1ef1 th\u1eadt \u0111\u1eb1ng sau v\u1ee5 \u00e1n v\u00e0 tr\u1ea3 l\u1ea1i c\u00f4ng b\u1eb1ng cho ng\u01b0\u1eddi c\u00f4 y\u00eau? C\u00e2u tr\u1ea3 l\u1eddi \u0111ang ch\u1edd b\u1ea1n trong tr\u1ecdn b\u1ed9 2 cu\u1ed1n s\u00e1ch \u201cNg\u1ee1 ch\u1ec9 l\u00e0 tho\u00e1ng qua, m\u00e0 m\u1ed9t \u0111\u1eddi th\u01b0\u01a1ng nh\u1edb\u201d.<\/p>\n<p>Th\u00ec ra tr\u00ean \u0111\u1eddi n\u00e0y kh\u00f4ng c\u00f3 cu\u1ed9c g\u1eb7p g\u1ee1 n\u00e0o l\u00e0 v\u00f4 h\u1ea1n, c\u0169ng ch\u1eb3ng c\u00f3 s\u1ef1 ly bi\u1ec7t n\u00e0o l\u00e0 m\u00e3i m\u00e3i. <\/p>\n<p>T\u00ecnh c\u1ea3m m\u00e0 ch\u00fang ta \u0111\u00e3 b\u1ecf ra, s\u1ef1 t\u01b0\u01a1ng ph\u00f9ng m\u00e0 ch\u00fang ta tr\u00e2n qu\u00fd, ng\u01b0\u1eddi m\u00e0 ch\u00fang ta \u0111\u00e3 t\u1eebng \u00f4m trong v\u00f2ng tay, nh\u1eefng t\u01b0\u1edfng l\u00e0 s\u1ebd m\u00e3i m\u00e3i \u1edf c\u1ea1nh nhau, r\u1ed3i s\u1ebd c\u00f3 m\u1ed9t ng\u00e0y, cu\u1ed1i c\u00f9ng v\u1eabn s\u1ebd m\u1ea5t \u0111i, v\u1eabn s\u1ebd ph\u1ea3i n\u00e9n n\u1ed7i \u0111au trong l\u00f2ng m\u00e0 n\u00f3i m\u1ed9t l\u1eddi t\u1ea1m bi\u1ec7t. <\/p>\n<p>Em kh\u00f4ng mu\u1ed1n ph\u1ea3i \u0111\u1ee3i \u0111\u1ebfn ng\u00e0y \u0111\u00f3 th\u00ec m\u1edbi nh\u1eadn ra ch\u00fang ta y\u00eau \u0111\u1ed1i ph\u01b0\u01a1ng s\u00e2u \u0111\u1eadm h\u01a1n m\u00ecnh t\u01b0\u1edfng r\u1ea5t nhi\u1ec1u. Th\u1ebf n\u00ean sau n\u00e0y, cho d\u00f9 gia \u0111\u00ecnh anh, em g\u00e1i anh c\u00f3 tr\u1edf th\u00e0nh b\u1ee5i gai c\u1ea3n \u0111\u01b0\u1eddng trong cu\u1ed9c \u0111\u1eddi em \u0111i ch\u0103ng n\u1eefa, th\u00ec em c\u0169ng s\u1ebd kh\u00f4ng d\u1ec5 d\u00e0ng t\u1eeb b\u1ecf anh \u0111\u00e2u.<\/p>\n<p>L\u00fac n\u00e0y, b\u00ean ngo\u00e0i c\u1eeda s\u1ed5, tr\u1eddi v\u1eeba m\u01b0a xong v\u00e0 \u0111ang n\u1eafng, n\u01b0\u1edbc \u0111ang nh\u1ecf xu\u1ed1ng t\u1eeb nh\u1eefng chi\u1ebfc l\u00e1 non xanh m\u01a1n m\u1edfn, gi\u00f3 \u0111ang th\u1ed5i h\u01b0\u01a1ng hoa ng\u1ecdc lan ti\u1ec5n b\u01b0\u1edbc ch\u00e2n ng\u01b0\u1eddi qua \u0111\u01b0\u1eddng. C\u00f2n em, ch\u1ec9 c\u1ea7n ng\u1eedi th\u1ea5y m\u00f9i h\u01b0\u01a1ng d\u1ecbu ng\u1ecdt n\u00e0y l\u00e0 l\u1ea1i nh\u1edb anh\u2026<\/p>\n<p>Em \u0111\u1ee3i anh\u2026 \u0111\u1ee3i anh tr\u1edf v\u1ec1.<\/p>\n","protected":false},"excerpt":{"rendered":"<p>M\u1ed9t \u0111\u1eddi ch\u1ec9 y\u00eau m\u1ed9t l\u1ea7n, ch\u00ednh l\u00e0 k\u00fd \u1ee9c kh\u1eafc c\u1ed1t ghi t\u00e2m nh\u1ea5t.<\/p>\n<p>C\u00f3 m\u1ed9t s\u1ed1 ng\u01b0\u1eddi trong v\u00f2ng xoay v\u1eadn m\u1ec7nh, n\u1ebfu nh\u01b0 ngay t\u1eeb \u0111\u1ea7u \u0111\u00e3 \u0111\u1ecbnh s\u1eb5n \u0111\u1ebfn cu\u1ed1i c\u00f9ng l\u00e0 s\u1ef1 ly bi\u1ec7t \u0111au th\u01b0\u01a1ng, v\u1eady b\u1ea1n v\u1eabn s\u1ebd l\u1ef1a ch\u1ecdn g\u1eb7p g\u1ee1 thu\u1edf ban \u0111\u1ea7u? <\/p>\n<p>B\u1ea1n v\u0129nh vi\u1ec5n kh\u00f4ng th\u1ec3 bi\u1ebft r\u1eb1ng, g\u1eb7p \u0111\u01b0\u1ee3c ng\u01b0\u1eddi \u0111\u00f3, y\u00eau ng\u01b0\u1eddi \u0111\u00f3, cu\u1ed9c \u0111\u1eddi c\u1ee7a b\u1ea1n s\u1ebd thay \u0111\u1ed5i th\u00e0nh nh\u01b0 th\u1ebf n\u00e0o.<\/p>\n<p>\u201cNg\u1ee1 ch\u1ec9 l\u00e0 tho\u00e1ng qua, m\u00e0 m\u1ed9t \u0111\u1eddi th\u01b0\u01a1ng nh\u1edb\u201d l\u00e0 t\u00e1c ph\u1ea9m m\u1edbi nh\u1ea5t c\u1ee7a nh\u00e0 v\u0103n Th\u01b0 Nghi, v\u00e0 c\u0169ng l\u00e0 m\u1ed9t \u201cng\u01b0\u1eddi anh em\u201d v\u1edbi cu\u1ed1n s\u00e1ch n\u1ed5i ti\u1ebfng \u201cT\u1eebng c\u00f3 ng\u01b0\u1eddi y\u00eau t\u00f4i nh\u01b0 sinh m\u1ec7nh\u201d \u0111\u00e3 khi\u1ebfn bao b\u1ea1n \u0111\u1ecdc th\u1ed5n th\u1ee9c.<\/p>\n<p>C\u0169ng gi\u1ed1ng nh\u01b0 c\u00e1i t\u00ean c\u1ee7a m\u00ecnh, cu\u1ed1n s\u00e1ch l\u00e0 c\u00e2u chuy\u1ec7n t\u00ecnh \u0111\u1eb9p v\u00e0 bu\u1ed3n gi\u1eefa Nghi\u00eam C\u1ea9n v\u00e0 Qu\u00fd Hi\u1ec3u \u00c2u &#8211; m\u1ed9t ng\u01b0\u1eddi \u0111\u00e0n \u00f4ng \u201clu\u00f4n gi\u1ea5u \u0111i tr\u00e1i tim m\u00ecnh\u201d v\u00e0 m\u1ed9t c\u00f4 g\u00e1i lu\u00f4n bi\u1ebft c\u00e1ch \u0111i v\u00e0o l\u00f2ng ng\u01b0\u1eddi b\u1eb1ng s\u1ef1 d\u1ecbu d\u00e0ng t\u1eeb tr\u00e1i tim.<\/p>\n","protected":false},"featured_media":7413,"template":"","meta":{"_acf_changed":false},"product_brand":[],"product_cat":[73,15],"product_tag":[],"class_list":{"0":"post-7414","1":"product","2":"type-product","3":"status-publish","4":"has-post-thumbnail","6":"product_cat-dam-my-ngon-tinh","7":"product_cat-sach-danh-cho-nguoi-lon","9":"first","10":"outofstock","11":"taxable","12":"shipping-taxable","13":"purchasable","14":"product-type-simple"},"supplier_id":null,"supplier_sku":"","barcode":null,"atum_controlled":true,"out_stock_date":"2021-03-30 17:37:13","out_stock_threshold":null,"inheritable":false,"inbound_stock":0,"stock_on_hold":0,"sold_today":0,"sales_last_days":0,"reserved_stock":0,"customer_returns":0,"warehouse_damage":0,"lost_in_post":0,"other_logs":0,"out_stock_days":1765,"lost_sales":8318,"has_location":false,"update_date":"2026-01-28T23:10:41","atum_locations":[],"atum_stock_status":"outofstock","restock_status":false,"low_stock_amount":"","sales_update_date":"2026-01-28T23:10:41","calc_backorders":null,"acf":{"publisher":{"ID":1470,"post_author":"2","post_date":"2021-02-17 01:12:47","post_date_gmt":"2021-02-16 23:12:47","post_content":"<!-- wp:flatsome\/uxbuilder -->\n<h1 style=\"text-align: center\"><strong>\u0110inh T\u1ecb<\/strong><\/h1>\n[row]\n\n[col span=\"4\" span__sm=\"12\"]\n\n[ux_image id=\"1831\" image_size=\"medium\"]\n\n\n[\/col]\n[col span=\"8\" span__sm=\"12\"]\n\n<p><strong>\u0110inh T\u1ecb Books - Ti\u00ean phong s\u00e1ng t\u1ea1o<\/strong><\/p>\n<p>Th\u00e0nh l\u1eadp n\u0103m 2006, t\u1edbi nay \u0110inh T\u1ecb Books \u0111\u01b0\u1ee3c \u0111\u00e1nh gi\u1ea3 l\u00e0 \u0111\u01a1n v\u1ecb xu\u1ea5t b\u1ea3n uy t\u00edn c\u00f3 t\u1ed1c \u0111\u1ed9 ph\u00e1t tri\u1ec3n nhanh nh\u1ea5t g\u1eafn v\u1edbi th\u00e0nh c\u00f4ng c\u1ee7a hai t\u1ee7 s\u00e1ch l\u1edbn: T\u1ee7 s\u00e1ch Thi\u1ebfu nhi - T\u1ee7 s\u00e1ch V\u0103n h\u1ecdc. Trong \u0111\u00f3 ph\u1ea3i k\u1ec3 t\u1edbi b\u01b0\u1edbc chuy\u1ec3n m\u00ecnh \u0111\u1ea7y \u1ea5n t\u01b0\u1ee3ng, tr\u1edf th\u00e0nh \u0111\u01a1n v\u1ecb ti\u00ean phong s\u00e1ng t\u1ea1o d\u00f2ng S\u00c1CH T\u01af\u01a0NG T\u00c1C thi\u1ebfu nhi. V\u1edbi h\u01a1n 300 t\u1ef1a s\u00e1ch t\u01b0\u01a1ng t\u00e1c \u0111ang l\u01b0u h\u00e0nh, \u0110inh T\u1ecb Books \u0111\u00e3 mang \u0111\u1ebfn nh\u1eefng gi\u00e1 tr\u1ecb tr\u1ea3i nghi\u1ec7m tuy\u1ec7t v\u1eddi, \u0111\u01b0a vi\u1ec7c h\u1ecdc v\u00e0 ch\u01a1i c\u00f9ng s\u00e1ch tr\u1edf n\u00ean hi\u1ec7u qu\u1ea3 h\u01a1n, gi\u00fap tr\u1ebb th\u00f4ng minh, t\u0103ng tr\u01b0\u1edfng c\u00e1c ch\u1ec9 s\u1ed1 IQ, EQ.<\/p>\n<p><strong>Th\u1ebf m\u1ea1nh c\u1ee7a \u0110inh T\u1ecb Books<\/strong><\/p>\n<p>V\u1edbi kinh nghi\u1ec7m nhi\u1ec1u n\u0103m trong ng\u00e0nh xu\u1ea5t b\u1ea3n, \u0110inh T\u1ecb Books tin r\u1eb1ng c\u00e1c b\u1eadc cha m\u1eb9 lu\u00f4n d\u00e0nh nh\u1eefng \u0111i\u1ec1u t\u1ed1t \u0111\u1eb9p nh\u1ea5t cho c\u00e1c con c\u1ee7a m\u00ecnh. \u0110\u1ecdc s\u00e1ch c\u00f9ng con lu\u00f4n l\u00e0 l\u1ef1a ch\u1ecdn h\u00e0ng \u0111\u1ea7u gi\u00fap g\u1eafn k\u1ebft t\u00ecnh y\u00eau th\u01b0\u01a1ng \u0111\u1ed3ng th\u1eddi gi\u00fap con nu\u00f4i d\u01b0\u1ee1ng ni\u1ec1m \u0111am m\u00ea v\u1edbi s\u00e1ch.<\/p>\n\n[\/col]\n\n[\/row]\n<p><strong>T\u00ecnh y\u00eau l\u1edbn d\u00e0nh cho nh\u1eefng cu\u1ed1n s\u00e1ch.<\/strong><\/p>\n<p>Xu\u1ea5t ph\u00e1t t\u1eeb t\u00ecnh y\u00eau v\u1edbi nh\u1eefng cu\u1ed1n s\u00e1ch, l\u00f2ng t\u1eadn t\u00e2m mu\u1ed1n g\u00ecn gi\u1eef nh\u1eefng gi\u00e1 tr\u1ecb v\u0103n h\u00f3a truy\u1ec1n th\u1ed1ng c\u1ee7a Vi\u1ec7t Nam, mong mu\u1ed1n \u0111\u01b0a nh\u1eefng gi\u00e1 tr\u1ecb \u0111\u1eadm ch\u1ea5t Vi\u1ec7t Nam \u0111\u1ebfn v\u1edbi tr\u1ebb em Vi\u1ec7t, c\u00e1c th\u00e0nh vi\u00ean s\u00e1ng t\u1ea1o c\u1ee7a \u0110inh T\u1ecb Books \u0111\u00e3 kh\u00f4ng ng\u1eebng n\u1ed7 l\u1ef1c, t\u00ecm t\u00f2i v\u00e0 h\u1ecdc h\u1ecfi, \u0111\u1ec3 \u0111\u01b0a nh\u1eefng cu\u1ed1n s\u00e1ch \u201c100% made in Vietnam\u201d \u0111\u1ebfn v\u1edbi tr\u1ebb em Vi\u1ec7t. C\u00e1c ki\u1ebfn th\u1ee9c b\u1ed5 \u00edch \u0111\u01b0\u1ee3c truy\u1ec1n t\u1ea3i th\u00f4ng qua nh\u1eefng t\u01b0\u01a1ng t\u00e1c th\u00fa v\u1ecb gi\u00fap tr\u1ebb nh\u1edb l\u00e2u h\u01a1n, h\u1ecdc t\u1ed1t h\u01a1n.<\/p>\n<p>Nh\u1eadn ra \u0111\u01b0\u1ee3c s\u1ee9 m\u1ec7nh v\u00e0 t\u1ea7m nh\u00ecn c\u1ee7a \u0110inh T\u1ecb, <strong>SACHVIET.EU<\/strong> \u0111\u00e3 li\u00ean l\u1ea1c v\u1edbi \u0110inh T\u1ecb \u0111\u1ec3 \u0111\u01b0\u1ee3c h\u1ed7 tr\u1ee3 \u0111\u01b0a nh\u1eefng cu\u1ed1n s\u00e1ch mang gi\u00e1 tr\u1ecb \u0111\u1eadm ch\u1ea5t Vi\u1ec7t Nam \u0111\u1ebfn v\u1edbi tr\u1ebb em Vi\u1ec7t v\u00e0 c\u1ed9ng \u0111\u1ed3ng Vi\u1ec7t s\u1ed1ng t\u1ea1i Ch\u00e2u \u00c2u. SACHVIET.EU \u0111\u1eb7t l\u00f2ng tin \u1edf \u0110inh T\u1ecb s\u1ebd lu\u00f4n \u0111em \u0111\u1ebfn nh\u1eefng gi\u00e1 tr\u1ecb cao qua t\u1eebng trang s\u00e1ch v\u00e0 hy v\u1ecdng \u0111\u1ed9c gi\u1ea3 s\u1ebd lu\u00f4n h\u00e0i l\u00f2ng v\u1edbi ch\u1ea5t l\u01b0\u1ee3ng m\u00e0 \u0110inh T\u1ecb theo \u0111u\u1ed5i bao n\u0103m qua.<\/p>\n\n<!-- \/wp:flatsome\/uxbuilder -->","post_title":"\u0110inh T\u1ecb","post_excerpt":"","post_status":"publish","comment_status":"closed","ping_status":"closed","post_password":"","post_name":"dinh-ti","to_ping":"","pinged":"","post_modified":"2022-12-19 23:15:43","post_modified_gmt":"2022-12-19 21:15:43","post_content_filtered":"","post_parent":0,"guid":"https:\/\/sachviet.eu\/nha-phat-hanh\/dinh-ti\/","menu_order":0,"post_type":"publisher","post_mime_type":"","comment_count":"0","filter":"raw"}},"_links":{"self":[{"href":"https:\/\/sachviet.eu\/en\/wp-json\/wp\/v2\/product\/7414","targetHints":{"allow":["GET"]}}],"collection":[{"href":"https:\/\/sachviet.eu\/en\/wp-json\/wp\/v2\/product"}],"about":[{"href":"https:\/\/sachviet.eu\/en\/wp-json\/wp\/v2\/types\/product"}],"wp:featuredmedia":[{"embeddable":true,"href":"https:\/\/sachviet.eu\/en\/wp-json\/wp\/v2\/media\/7413"}],"wp:attachment":[{"href":"https:\/\/sachviet.eu\/en\/wp-json\/wp\/v2\/media?parent=7414"}],"wp:term":[{"taxonomy":"product_brand","embeddable":true,"href":"https:\/\/sachviet.eu\/en\/wp-json\/wp\/v2\/product_brand?post=7414"},{"taxonomy":"product_cat","embeddable":true,"href":"https:\/\/sachviet.eu\/en\/wp-json\/wp\/v2\/product_cat?post=7414"},{"taxonomy":"product_tag","embeddable":true,"href":"https:\/\/sachviet.eu\/en\/wp-json\/wp\/v2\/product_tag?post=7414"}],"curies":[{"name":"wp","href":"https:\/\/api.w.org\/{rel}","templated":true}]}}