{"id":7412,"date":"2021-03-30T12:08:50","date_gmt":"2021-03-30T09:08:50","guid":{"rendered":"https:\/\/sachviet.eu\/shop\/sao-em-buon-den-the\/"},"modified":"2021-04-17T02:25:40","modified_gmt":"2021-04-16T23:25:40","slug":"sao-em-buon-den-the","status":"publish","type":"product","link":"https:\/\/sachviet.eu\/en\/shop\/sao-em-buon-den-the\/","title":{"rendered":"Sao Em Bu\u1ed3n \u0110\u1ebfn Th\u1ebf?"},"content":{"rendered":"<p>Sao Em Bu\u1ed3n \u0110\u1ebfn Th\u1ebf?<\/p>\n<p>\u201cAnh v\u1eabn kh\u00f4ng bi\u1ebft g\u00ec c\u1ea3 c\u00f3 ph\u1ea3i kh\u00f4ng?<\/p>\n<p>Anh ch\u1eb3ng bi\u1ebft em \u0111ang c\u1ea5t g\u00ec trong l\u00f2ng<\/p>\n<p>Anh v\u1eabn kh\u00f4ng bi\u1ebft n\u1ee5 c\u01b0\u1eddi c\u00f3 vui kh\u00f4ng<\/p>\n<p>Ch\u1eb3ng th\u1ec3 \u0111o\u00e1n \u0111\u01b0\u1ee3c s\u00e2u n\u00f4ng gi\u1ecdt n\u01b0\u1edbc m\u1eaft<\/p>\n<p>Kh\u00f4ng bi\u1ebft khi n\u00e0o g\u1ecdi l\u00e0 \u0111\u00fang th\u1eddi kh\u1eafc<\/p>\n<p>Ch\u1eb3ng bi\u1ebft li\u1ec7u \u0111\u00e3 b\u1eaft \u0111\u01b0\u1ee3c nh\u1ecbp tim em\u201d<\/p>\n<p>\u0110\u00f3 l\u00e0 nh\u1eefng v\u1ea7n th\u01a1 da di\u1ebft tr\u00edch t\u1eeb t\u1eadp th\u01a1 \u201cSao em bu\u1ed3n \u0111\u1ebfn th\u1ebf?\u201d c\u1ee7a t\u00e1c gi\u1ea3 Tr\u1ecbnh Nam Tr\u00e2n. Xuy\u00ean su\u1ed1t cu\u1ed1n s\u00e1ch l\u00e0 m\u1ea1ch c\u1ea3m x\u00fac c\u1ee7a t\u00ecnh y\u00eau ng\u1ecdt ng\u00e0o, xen l\u1eabn m\u1ed9t ch\u00fat h\u1eddn gi\u1eadn, m\u1ed9t ch\u00fat bu\u1ed3n b\u00e3, nh\u01b0ng h\u01a1n c\u1ea3 l\u00e0 ni\u1ec1m tin v\u00e0 s\u1ef1 c\u1ea7u ch\u00fac cho ng\u01b0\u1eddi m\u00ecnh y\u00eau th\u01b0\u01a1ng \u0111\u01b0\u1ee3c h\u1ea1nh ph\u00fac, d\u1eabu kh\u00f4ng th\u1ec3 b\u00ean nhau.<\/p>\n<p>\u0110\u1ecdc th\u01a1 Tr\u1ecbnh Nam Tr\u00e2n, \u0111\u1ed9c gi\u1ea3 nh\u01b0 l\u1ea1c v\u00e0o m\u1ed9t th\u1ebf gi\u1edbi c\u1ee7a th\u1ee9 ng\u00f4n ng\u1eef di\u1ec7u k\u00ec v\u00e0 \u0111\u1eb9p \u0111\u1ebd nh\u1ea5t. N\u00f3 v\u1eeba b\u1ed9c b\u1ea1ch v\u1eeba \u1ea9n ch\u1ee9a t\u00ecnh c\u1ea3m kh\u00e1t khao; v\u1eeba r\u00f5 r\u00e0ng, c\u00f4ng khai v\u1eeba mang t\u00ednh bi\u1ec3u t\u01b0\u1ee3ng \u0111\u1ec3 m\u1ed7i ng\u01b0\u1eddi c\u00f3 th\u1ec3 t\u00ecm \u0111\u01b0\u1ee3c \u0111o\u1ea1n k\u1ebft ri\u00eang cho m\u1ed7i cu\u1ed9c t\u00ecnh, nh\u01b0 l\u00e0 sau th\u00e1ng ng\u00e0y kh\u00f4ng bi\u1ebft sao m\u00ecnh bu\u1ed3n \u0111\u1ebfn th\u1ebf b\u1ed7ng l\u1ea5p l\u00e1nh m\u1ed9t ch\u1ed3i xanh c\u1ee7a hi v\u1ecdng, thi\u1ebft tha. S\u1ebd nh\u1eadn ra ng\u01b0\u1eddi m\u00ecnh c\u1ea7n trong cu\u1ed9c \u0111\u1eddi, ph\u1ea3i \u0111i m\u1ed9t \u0111o\u1ea1n \u0111\u01b0\u1eddng d\u00e0i m\u1edbi c\u00f3 th\u1ec3 g\u1eb7p g\u1ee1; s\u1ebd g\u1eb7p kh\u00f3 kh\u0103n, s\u1ebd ph\u1ea3i ch\u00f4n gi\u1ea5u t\u1ee7i h\u01a1n, nh\u01b0ng sau c\u00f9ng l\u00e0 h\u1ea1nh ph\u00fac th\u00ec ch\u1edd \u0111\u1ee3i bao l\u00e2u c\u0169ng l\u00e0 x\u1ee9ng \u0111\u00e1ng ph\u1ea3i kh\u00f4ng?<\/p>\n<p>Tr\u00e2n tr\u1ebb, v\u00e0 c\u00f3 t\u00e2m h\u1ed3n. B\u1edfi v\u1eady, m\u1ed7i g\u00f3c nh\u00ecn v\u1ec1 t\u00ecnh y\u00eau, tu\u1ed5i tr\u1ebb, cu\u1ed9c \u0111\u1eddi \u0111\u1ec1u r\u1ea5t d\u1ecbu d\u00e0ng, bao dung, v\u1ecb tha:<\/p>\n<p>Anh \u01a1i li\u1ec7u ng\u00e0y mai khi th\u1ee9c gi\u1ea5c<\/p>\n<p>Th\u1ebf gian n\u00e0y c\u00f3 mu\u00f4n ph\u1ea7n t\u1ed1t \u0111\u1eb9p h\u01a1n<\/p>\n<p>Em mong th\u01b0\u1ee3ng \u0111\u1ebf s\u1ebd t\u1eeb bi h\u1ec9 x\u1ea3<\/p>\n<p>\u0110\u1ec3 m\u1ed9t l\u1ea7n n\u1eefa c\u1ee9u v\u1edbt m\u1ecdi ch\u00fang ta<\/p>\n<p>Sao em bu\u1ed3n \u0111\u1ebfn th\u1ebf? C\u00f2n l\u00e0 t\u1eadp s\u00e1ch &#8211; \u1ea3nh \u0111\u00e1nh d\u1ea5u s\u1ef1 k\u1ebfp h\u1ee3p tr\u1edf l\u1ea1i c\u1ee7a Tr\u1ecbnh Nam Tr\u00e2n \u2013 K\u1ef3 Anh Tr\u1ea7n \u2013 ch\u00e0ng nhi\u1ebfp \u1ea3nh v\u00e0 n\u00e0ng th\u01a1, nh\u01b0 l\u00e0 sinh ra d\u00e0nh cho nhau. N\u1ebfu th\u01a1 c\u1ee7a Nam Tr\u00e2n \u0111\u1eb9p v\u00e0 bu\u1ed3n, th\u00ec \u1ea3nh c\u1ee7a K\u1ef3 Anh Tr\u1ea7n lu\u00f4n c\u00f3 h\u1ed3n, th\u01a1 m\u1ed9ng, \u0111\u1eb9p nh\u01b0 nh\u1eefng th\u01b0\u1edbc phim.<\/p>\n<p>\u0110i\u1ec1u \u0111\u1eb7c bi\u1ec7t h\u01a1n, ph\u1ea7n cu\u1ed1i cu\u1ed1n s\u00e1ch, t\u00e1c gi\u1ea3 d\u00e0nh m\u1ed9t ch\u01b0\u01a1ng \u0111\u1ec3 vi\u1ebft nh\u1eefng t\u1ea3n v\u0103n t\u1ea3n m\u1ea1n v\u1ec1 cu\u1ed9c \u0111\u1eddi. d\u1eabu \u0111\u00f4i khi ch\u1ec9 l\u00e0 nh\u1eefng d\u00f2ng vi\u1ebft ng\u1eafn, nh\u01b0ng l\u1ea1i \u0111\u1ec3 l\u1ea1i \u1ea5n t\u01b0\u1ee3ng m\u1ea1nh m\u1ebd v\u1ec1 cu\u1ed9c s\u1ed1ng v\u00e0 t\u00ecnh y\u00eau \u0111\u00f4i l\u1ee9a. \u0110\u1ec3 m\u1ed7i ch\u00fang ta, sau khi kh\u00e9p l\u1ea1i trang s\u00e1ch, s\u1ebd hi\u1ec3u ra r\u1eb1ng, sau m\u1ed7i cu\u1ed9c t\u00ecnh, kh\u00f4ng ai c\u1ea7n \u0111\u1ecbnh ngh\u0129a s\u1ed1ng tr\u1ecdn v\u1eb9n l\u00e0 nh\u01b0 th\u1ebf n\u00e0o, l\u1ed7i l\u1ea7m ra sao. M\u00e0 ch\u1ec9 c\u1ea7n \u0111\u1ed1i x\u1eed v\u1edbi cu\u1ed9c \u0111\u1eddi n\u00e0y nh\u01b0 th\u1ec3 l\u1ea7n cu\u1ed1i ch\u00fang m\u00ecnh \u0111\u01b0\u1ee3c \u00f4m h\u00f4n nhau, b\u1ea1n nh\u00e9!<\/p>\n<p>T\u1eb7ng b\u1ea1n m\u1ed9t chi\u1ebfc \u00f4m \u1ea5m \u00e1p v\u00e0 m\u1ed9t n\u1ee5 h\u00f4n ng\u1ecdt ng\u00e0o, mong b\u1ea1n r\u1ea1ng r\u1ee1 v\u00e0 l\u1ea5p l\u00e1nh gi\u1eefa nh\u1eefng ng\u00e0y m\u00f9a xu\u00e2n ng\u1ecdt ng\u00e0o<\/p>\n","protected":false},"excerpt":{"rendered":"<p>Sao Em Bu\u1ed3n \u0110\u1ebfn Th\u1ebf?<\/p>\n<p>\u201cAnh v\u1eabn kh\u00f4ng bi\u1ebft g\u00ec c\u1ea3 c\u00f3 ph\u1ea3i kh\u00f4ng?<\/p>\n<p>Anh ch\u1eb3ng bi\u1ebft em \u0111ang c\u1ea5t g\u00ec trong l\u00f2ng<\/p>\n<p>Anh v\u1eabn kh\u00f4ng bi\u1ebft n\u1ee5 c\u01b0\u1eddi c\u00f3 vui kh\u00f4ng<\/p>\n<p>Ch\u1eb3ng th\u1ec3 \u0111o\u00e1n \u0111\u01b0\u1ee3c s\u00e2u n\u00f4ng gi\u1ecdt n\u01b0\u1edbc m\u1eaft<\/p>\n<p>Kh\u00f4ng bi\u1ebft khi n\u00e0o g\u1ecdi l\u00e0 \u0111\u00fang th\u1eddi kh\u1eafc<\/p>\n<p>Ch\u1eb3ng bi\u1ebft li\u1ec7u \u0111\u00e3 b\u1eaft \u0111\u01b0\u1ee3c nh\u1ecbp tim em\u201d<\/p>\n<p>\u0110\u00f3 l\u00e0 nh\u1eefng v\u1ea7n th\u01a1 da di\u1ebft tr\u00edch t\u1eeb t\u1eadp th\u01a1 \u201cSao em bu\u1ed3n \u0111\u1ebfn th\u1ebf?\u201d c\u1ee7a t\u00e1c gi\u1ea3 Tr\u1ecbnh Nam Tr\u00e2n. Xuy\u00ean su\u1ed1t cu\u1ed1n s\u00e1ch l\u00e0 m\u1ea1ch c\u1ea3m x\u00fac c\u1ee7a t\u00ecnh y\u00eau ng\u1ecdt ng\u00e0o, xen l\u1eabn m\u1ed9t ch\u00fat h\u1eddn gi\u1eadn, m\u1ed9t ch\u00fat bu\u1ed3n b\u00e3, nh\u01b0ng h\u01a1n c\u1ea3 l\u00e0 ni\u1ec1m tin v\u00e0 s\u1ef1 c\u1ea7u ch\u00fac cho ng\u01b0\u1eddi m\u00ecnh y\u00eau th\u01b0\u01a1ng \u0111\u01b0\u1ee3c h\u1ea1nh ph\u00fac, d\u1eabu kh\u00f4ng th\u1ec3 b\u00ean nhau.<\/p>\n<p>\u0110\u1ecdc th\u01a1 Tr\u1ecbnh Nam Tr\u00e2n, \u0111\u1ed9c gi\u1ea3 nh\u01b0 l\u1ea1c v\u00e0o m\u1ed9t th\u1ebf gi\u1edbi c\u1ee7a th\u1ee9 ng\u00f4n ng\u1eef di\u1ec7u k\u00ec v\u00e0 \u0111\u1eb9p \u0111\u1ebd nh\u1ea5t. N\u00f3 v\u1eeba b\u1ed9c b\u1ea1ch v\u1eeba \u1ea9n ch\u1ee9a t\u00ecnh c\u1ea3m kh\u00e1t khao; v\u1eeba r\u00f5 r\u00e0ng, c\u00f4ng khai v\u1eeba mang t\u00ednh bi\u1ec3u t\u01b0\u1ee3ng \u0111\u1ec3 m\u1ed7i ng\u01b0\u1eddi c\u00f3 th\u1ec3 t\u00ecm \u0111\u01b0\u1ee3c \u0111o\u1ea1n k\u1ebft ri\u00eang cho m\u1ed7i cu\u1ed9c t\u00ecnh, nh\u01b0 l\u00e0 sau th\u00e1ng ng\u00e0y kh\u00f4ng bi\u1ebft sao m\u00ecnh bu\u1ed3n \u0111\u1ebfn th\u1ebf b\u1ed7ng l\u1ea5p l\u00e1nh m\u1ed9t ch\u1ed3i xanh c\u1ee7a hi v\u1ecdng, thi\u1ebft tha. S\u1ebd nh\u1eadn ra ng\u01b0\u1eddi m\u00ecnh c\u1ea7n trong cu\u1ed9c \u0111\u1eddi, ph\u1ea3i \u0111i m\u1ed9t \u0111o\u1ea1n \u0111\u01b0\u1eddng d\u00e0i m\u1edbi c\u00f3 th\u1ec3 g\u1eb7p g\u1ee1; s\u1ebd g\u1eb7p kh\u00f3 kh\u0103n, s\u1ebd ph\u1ea3i ch\u00f4n gi\u1ea5u t\u1ee7i h\u01a1n, nh\u01b0ng sau c\u00f9ng l\u00e0 h\u1ea1nh ph\u00fac th\u00ec ch\u1edd \u0111\u1ee3i bao l\u00e2u c\u0169ng l\u00e0 x\u1ee9ng \u0111\u00e1ng ph\u1ea3i kh\u00f4ng?<\/p>\n","protected":false},"featured_media":7410,"template":"","meta":{"_acf_changed":false},"product_brand":[],"product_cat":[15,47],"product_tag":[],"class_list":{"0":"post-7412","1":"product","2":"type-product","3":"status-publish","4":"has-post-thumbnail","6":"product_cat-sach-danh-cho-nguoi-lon","7":"product_cat-truyen-ngan-tan-van","9":"first","10":"instock","11":"taxable","12":"shipping-taxable","13":"purchasable","14":"product-type-simple"},"supplier_id":null,"supplier_sku":"","barcode":null,"atum_controlled":true,"out_stock_date":null,"out_stock_threshold":null,"inheritable":false,"inbound_stock":0,"stock_on_hold":0,"sold_today":0,"sales_last_days":0,"reserved_stock":0,"customer_returns":0,"warehouse_damage":0,"lost_in_post":0,"other_logs":0,"out_stock_days":0,"lost_sales":0,"has_location":false,"update_date":"2026-01-28T23:10:41","atum_locations":[],"atum_stock_status":"instock","restock_status":false,"low_stock_amount":"","sales_update_date":"2026-01-28T23:10:41","calc_backorders":null,"acf":{"publisher":{"ID":1460,"post_author":"1","post_date":"2021-02-17 01:12:24","post_date_gmt":"2021-02-16 23:12:24","post_content":"<!-- wp:flatsome\/uxbuilder -->\n<h1 style=\"text-align: center;\"><strong>Skybooks<\/strong><\/h1>\n[row]\n\n[col span=\"7\" span__sm=\"12\"]\n\n<p>C\u00f4ng ty ph\u00e1t h\u00e0nh s\u00e1ch Skybooks. \"T\u00f4i tr\u1ebb, t\u00f4i \u0111am m\u00ea\" v\u1edbi s\u1ee9 m\u1ec7nh lan to\u1ea3 c\u1ea3m x\u00fac v\u00e0 k\u1ebft n\u1ed1i t\u00e2m h\u1ed3n<\/p>\n<p><strong>Skybooks l\u00e0 c\u00e2u chuy\u1ec7n k\u1ec3 v\u1ec1:<\/strong><br \/>M\u1ed9t th\u1ebf h\u1ec7 ng\u01b0\u1eddi vi\u1ebft tr\u1ebb, \u0111am m\u00ea v\u0103n ch\u01b0\u01a1ng v\u00e0 t\u00f4n tr\u1ecdng, g\u00ecn gi\u1eef, s\u00e1ng t\u1ea1o Ti\u1ebfng Vi\u1ec7t. M\u1ed9t th\u1ebf h\u1ec7 \u0111\u1ed9c gi\u1ea3 tr\u1ebb, \u0111am m\u00ea kh\u00e1m ph\u00e1 ng\u00f4n ng\u1eef v\u00e0 say m\u00ea \u0111\u1ebfn v\u1edbi th\u1ebf gi\u1edbi c\u1ee7a nh\u1eefng quy\u1ec3n s\u00e1ch. M\u1ed9t th\u1ebf h\u1ec7 ng\u01b0\u1eddi l\u00e0m s\u00e1ch tr\u1ebb, \u0111am m\u00ea mang nh\u1eefng gi\u00e1 tr\u1ecb tinh th\u1ea7n l\u1ea1i g\u1ea7n ng\u01b0\u1eddi \u0111\u1ecdc.<br \/>Trong b\u1ed9 nh\u1eadn d\u1ea1ng th\u01b0\u01a1ng hi\u1ec7u:<br \/>Skybooks v\u1edbi ch\u1eef Sky m\u00e0u xanh da tr\u1eddi c\u00f3 \u00fd ngh\u0129a l\u00e0 c\u00f4ng ty B\u1ea7u Tr\u1eddi - n\u01a1i t\u1ea5t c\u1ea3 \u01b0\u1edbc m\u01a1 \u0111\u01b0\u1ee3c t\u1ef1 do tung c\u00e1nh.<br \/>V\u1edbi logo h\u00ecnh hoa b\u1ed3 c\u00f4ng anh \u0111ang bay t\u01b0\u1ee3ng tr\u01b0ng cho s\u1ef1 lan to\u1ea3 c\u1ea3m x\u00fac v\u00e0 kh\u00e1t v\u1ecdng bay cao.<br \/>K\u1ebb v\u1ea1ch logo c\u00f3 n\u1ec1n m\u00e0u ghi x\u00e1m xu\u1ea5t hi\u1ec7n tr\u00ean b\u00eca m\u1ecdi \u1ea5n ph\u1ea9m th\u1ec3 hi\u1ec7n con \u0111\u01b0\u1eddng b\u01b0\u1edbc v\u00e0o th\u1ecb tr\u01b0\u1eddng s\u00e1ch v\u00e0 chinh ph\u1ee5c \u0111\u1ed9c gi\u1ea3 l\u00e0 m\u1ed9t h\u00e0nh tr\u00ecnh d\u00e0i, \u0111\u1ea7y gian kh\u00f3, c\u00f3 nhi\u1ec1u b\u00e3o t\u1ed1, nh\u01b0ng ch\u1ec9 c\u1ea7n n\u1ed7 l\u1ef1c c\u1ed1 g\u1eafng nh\u1ea5t \u0111\u1ecbnh s\u1ebd ngo\u1ea1n m\u1ee5c v\u01b0\u1ee3t qua. \u0110\u1ec3 kh\u1eb3ng \u0111\u1ecbnh v\u00e0 ch\u1ee9ng minh ch\u00ednh m\u00ecnh!<\/p>\n\n[\/col]\n[col span=\"5\" span__sm=\"12\"]\n\n[ux_image id=\"1825\" image_size=\"medium\"]\n\n\n[\/col]\n\n[\/row]\n\n<!-- \/wp:flatsome\/uxbuilder -->","post_title":"Skybooks","post_excerpt":"","post_status":"publish","comment_status":"closed","ping_status":"closed","post_password":"","post_name":"skybooks","to_ping":"","pinged":"","post_modified":"2021-02-17 01:57:31","post_modified_gmt":"2021-02-16 23:57:31","post_content_filtered":"","post_parent":0,"guid":"https:\/\/sachviet.eu\/nha-phat-hanh\/skybooks\/","menu_order":0,"post_type":"publisher","post_mime_type":"","comment_count":"0","filter":"raw"}},"_links":{"self":[{"href":"https:\/\/sachviet.eu\/en\/wp-json\/wp\/v2\/product\/7412","targetHints":{"allow":["GET"]}}],"collection":[{"href":"https:\/\/sachviet.eu\/en\/wp-json\/wp\/v2\/product"}],"about":[{"href":"https:\/\/sachviet.eu\/en\/wp-json\/wp\/v2\/types\/product"}],"wp:featuredmedia":[{"embeddable":true,"href":"https:\/\/sachviet.eu\/en\/wp-json\/wp\/v2\/media\/7410"}],"wp:attachment":[{"href":"https:\/\/sachviet.eu\/en\/wp-json\/wp\/v2\/media?parent=7412"}],"wp:term":[{"taxonomy":"product_brand","embeddable":true,"href":"https:\/\/sachviet.eu\/en\/wp-json\/wp\/v2\/product_brand?post=7412"},{"taxonomy":"product_cat","embeddable":true,"href":"https:\/\/sachviet.eu\/en\/wp-json\/wp\/v2\/product_cat?post=7412"},{"taxonomy":"product_tag","embeddable":true,"href":"https:\/\/sachviet.eu\/en\/wp-json\/wp\/v2\/product_tag?post=7412"}],"curies":[{"name":"wp","href":"https:\/\/api.w.org\/{rel}","templated":true}]}}