{"id":7398,"date":"2021-03-30T12:08:15","date_gmt":"2021-03-30T09:08:15","guid":{"rendered":"https:\/\/sachviet.eu\/shop\/chon-than-tien-tranh-mau\/"},"modified":"2025-06-11T21:22:24","modified_gmt":"2025-06-11T18:22:24","slug":"chon-than-tien-tranh-mau","status":"publish","type":"product","link":"https:\/\/sachviet.eu\/en\/shop\/chon-than-tien-tranh-mau\/","title":{"rendered":"Ch\u1ed1n Th\u1ea7n Ti\u00ean (Tranh M\u00e0u)"},"content":{"rendered":"<p>V\u1edbi nh\u1eefng th\u1eafc m\u1eafc t\u00f2 m\u00f2 c\u1ee7a b\u00e9 v\u1ec1 cu\u1ed9c s\u1ed1ng th\u01b0\u1eddng ng\u00e0y, v\u1edbi nh\u1eefng c\u00e2u th\u01a1 ng\u1eafn nh\u01b0ng c\u1ea5u t\u1ee9 r\u00f5 r\u00e0ng, ng\u00f4n ng\u1eef \u0111\u00e1ng y\u00eau, cu\u1ed1n s\u00e1ch s\u1ebd mang \u0111\u1ebfn cho b\u00e9 ngo\u00e0i nh\u1eefng b\u00e0i h\u1ecdc \u0111\u1ea7u \u0111\u1eddi v\u1ec1 cu\u1ed9c s\u1ed1ng n\u00e0y, c\u00f2n l\u00e0 m\u1ed9t th\u1ebf gi\u1edbi ng\u00f4n t\u1eeb phong ph\u00fa.<\/p>\n","protected":false},"excerpt":{"rendered":"<p>V\u1edbi nh\u1eefng th\u1eafc m\u1eafc t\u00f2 m\u00f2 c\u1ee7a b\u00e9 v\u1ec1 cu\u1ed9c s\u1ed1ng th\u01b0\u1eddng ng\u00e0y, v\u1edbi nh\u1eefng c\u00e2u th\u01a1 ng\u1eafn nh\u01b0ng c\u1ea5u t\u1ee9 r\u00f5 r\u00e0ng, ng\u00f4n ng\u1eef \u0111\u00e1ng y\u00eau, cu\u1ed1n s\u00e1ch s\u1ebd mang \u0111\u1ebfn cho b\u00e9 ngo\u00e0i nh\u1eefng b\u00e0i h\u1ecdc \u0111\u1ea7u \u0111\u1eddi v\u1ec1 cu\u1ed9c s\u1ed1ng n\u00e0y, c\u00f2n l\u00e0 m\u1ed9t th\u1ebf gi\u1edbi ng\u00f4n t\u1eeb phong ph\u00fa.<\/p>\n","protected":false},"featured_media":7387,"template":"","meta":{"_acf_changed":false},"product_brand":[],"product_cat":[17,25,26],"product_tag":[],"class_list":{"0":"post-7398","1":"product","2":"type-product","3":"status-publish","4":"has-post-thumbnail","6":"product_cat-sach-danh-cho-cac-be","7":"product_cat-nhi-dong-6-tuoi-12-tuoi","8":"product_cat-thieu-nien-11-tuoi-18-tuoi","10":"first","11":"instock","12":"taxable","13":"shipping-taxable","14":"purchasable","15":"product-type-simple"},"supplier_id":null,"supplier_sku":"","barcode":null,"atum_controlled":true,"out_stock_date":null,"out_stock_threshold":null,"inheritable":false,"inbound_stock":0,"stock_on_hold":0,"sold_today":0,"sales_last_days":0,"reserved_stock":0,"customer_returns":0,"warehouse_damage":0,"lost_in_post":0,"other_logs":0,"out_stock_days":0,"lost_sales":0,"has_location":false,"update_date":"2026-01-28T23:11:29","atum_locations":[],"atum_stock_status":"instock","restock_status":false,"low_stock_amount":"","sales_update_date":"2026-01-28T23:11:29","calc_backorders":null,"acf":{"publisher":{"ID":6057,"post_author":"1","post_date":"2021-03-14 02:39:20","post_date_gmt":"2021-03-14 00:39:20","post_content":"","post_title":"\u0110\u00f4ng T\u00e2y","post_excerpt":"","post_status":"publish","comment_status":"closed","ping_status":"closed","post_password":"","post_name":"dong-tay","to_ping":"","pinged":"","post_modified":"2021-03-14 02:39:20","post_modified_gmt":"2021-03-14 00:39:20","post_content_filtered":"","post_parent":0,"guid":"https:\/\/sachviet.eu\/blog\/nha-phat-hanh\/dong-tay\/","menu_order":0,"post_type":"publisher","post_mime_type":"","comment_count":"0","filter":"raw"}},"_links":{"self":[{"href":"https:\/\/sachviet.eu\/en\/wp-json\/wp\/v2\/product\/7398","targetHints":{"allow":["GET"]}}],"collection":[{"href":"https:\/\/sachviet.eu\/en\/wp-json\/wp\/v2\/product"}],"about":[{"href":"https:\/\/sachviet.eu\/en\/wp-json\/wp\/v2\/types\/product"}],"wp:featuredmedia":[{"embeddable":true,"href":"https:\/\/sachviet.eu\/en\/wp-json\/wp\/v2\/media\/7387"}],"wp:attachment":[{"href":"https:\/\/sachviet.eu\/en\/wp-json\/wp\/v2\/media?parent=7398"}],"wp:term":[{"taxonomy":"product_brand","embeddable":true,"href":"https:\/\/sachviet.eu\/en\/wp-json\/wp\/v2\/product_brand?post=7398"},{"taxonomy":"product_cat","embeddable":true,"href":"https:\/\/sachviet.eu\/en\/wp-json\/wp\/v2\/product_cat?post=7398"},{"taxonomy":"product_tag","embeddable":true,"href":"https:\/\/sachviet.eu\/en\/wp-json\/wp\/v2\/product_tag?post=7398"}],"curies":[{"name":"wp","href":"https:\/\/api.w.org\/{rel}","templated":true}]}}