{"id":7383,"date":"2021-03-30T12:07:38","date_gmt":"2021-03-30T09:07:38","guid":{"rendered":"https:\/\/sachviet.eu\/shop\/thi-tran-meo-tap-5\/"},"modified":"2022-03-12T01:14:57","modified_gmt":"2022-03-11T23:14:57","slug":"thi-tran-meo-tap-5","status":"publish","type":"product","link":"https:\/\/sachviet.eu\/en\/shop\/thi-tran-meo-tap-5\/","title":{"rendered":"Th\u1ecb Tr\u1ea5n M\u00e8o &#8211; T\u1eadp 5"},"content":{"rendered":"<p>Th\u1ecb tr\u1ea5n m\u00e8o \u00eam \u0111\u1ec1m n\u1eb1m b\u00ean b\u1edd bi\u1ec3n, l\u00e0 ng\u00f4i nh\u00e0 chung c\u1ee7a c\u00e1c \u00f4ng b\u00e0 gi\u00e0 c\u1ea3 v\u00e0 nh\u1eefng ch\u00fa m\u00e8o. Trong \u0111\u00f3 c\u00f3 \u00f4ng l\u00e3o Daikichi v\u00e0 ch\u00fa m\u00e8o Tama v\u1eeba tr\u00f2n 10 tu\u1ed5i.<\/p>\n<p>Ng\u01b0\u1eddi v\u00e0 m\u00e8o ng\u00e0y ng\u00e0y qu\u1ea5n qu\u00fdt, b\u1ea7u b\u1ea1n b\u00ean nhau, tr\u1ea3i qua b\u1ed1n m\u00f9a xu\u00e2n &#8211; h\u1ea1 &#8211; thu &#8211; \u0111\u00f4ng, t\u1edbi khi c\u00f9ng b\u1ea1c m\u00e1i \u0111\u1ea7u.<\/p>\n<p>&#8212;<\/p>\n<p>T\u1eadp 5 l\u00e0 ph\u1ea7n truy\u1ec7n gi\u1edbi thi\u1ec7u v\u1ec1 gia \u0111\u00ecnh c\u1ee7a \u00f4ng Iwao &#8211; ng\u01b0\u1eddi b\u1ea1n n\u1ed1i kh\u1ed1 c\u1ee7a \u00f4ng Daikichi, v\u00e0 c\u0169ng l\u00e0 ng\u01b0\u1eddi c\u00e2u c\u00e1 \u201cth\u1ea7m l\u1eb7ng\u201d c\u1ee7a \u0111\u00e0n m\u00e8o trong th\u1ecb tr\u1ea5n.<\/p>\n<p>C\u00f9ng v\u1edbi \u0111\u00f3 l\u00e0 s\u1ef1 l\u1ef1a ch\u1ecdn cho t\u01b0\u01a1ng lai c\u1ee7a nh\u1eefng ng\u01b0\u1eddi tr\u1ebb tu\u1ed5i tr\u00ean h\u00f2n \u0111\u1ea3o v\u1ed1n ch\u1ec9 c\u00f3 c\u00e1c \u00f4ng b\u00e0 l\u00e3o c\u00f9ng nh\u1eefng ch\u00fa m\u00e8o!<\/p>\n","protected":false},"excerpt":{"rendered":"<p>Th\u1ecb tr\u1ea5n m\u00e8o \u00eam \u0111\u1ec1m n\u1eb1m b\u00ean b\u1edd bi\u1ec3n, l\u00e0 ng\u00f4i nh\u00e0 chung c\u1ee7a c\u00e1c \u00f4ng b\u00e0 gi\u00e0 c\u1ea3 v\u00e0 nh\u1eefng ch\u00fa m\u00e8o. Trong \u0111\u00f3 c\u00f3 \u00f4ng l\u00e3o Daikichi v\u00e0 ch\u00fa m\u00e8o Tama v\u1eeba tr\u00f2n 10 tu\u1ed5i.<\/p>\n<p>Ng\u01b0\u1eddi v\u00e0 m\u00e8o ng\u00e0y ng\u00e0y qu\u1ea5n qu\u00fdt, b\u1ea7u b\u1ea1n b\u00ean nhau, tr\u1ea3i qua b\u1ed1n m\u00f9a xu\u00e2n &#8211; h\u1ea1 &#8211; thu &#8211; \u0111\u00f4ng, t\u1edbi khi c\u00f9ng b\u1ea1c m\u00e1i \u0111\u1ea7u.<\/p>\n<p>&#8212;<\/p>\n<p>T\u1eadp 5 l\u00e0 ph\u1ea7n truy\u1ec7n gi\u1edbi thi\u1ec7u v\u1ec1 gia \u0111\u00ecnh c\u1ee7a \u00f4ng Iwao &#8211; ng\u01b0\u1eddi b\u1ea1n n\u1ed1i kh\u1ed1 c\u1ee7a \u00f4ng Daikichi, v\u00e0 c\u0169ng l\u00e0 ng\u01b0\u1eddi c\u00e2u c\u00e1 \u201cth\u1ea7m l\u1eb7ng\u201d c\u1ee7a \u0111\u00e0n m\u00e8o trong th\u1ecb tr\u1ea5n.<\/p>\n<p>C\u00f9ng v\u1edbi \u0111\u00f3 l\u00e0 s\u1ef1 l\u1ef1a ch\u1ecdn cho t\u01b0\u01a1ng lai c\u1ee7a nh\u1eefng ng\u01b0\u1eddi tr\u1ebb tu\u1ed5i tr\u00ean h\u00f2n \u0111\u1ea3o v\u1ed1n ch\u1ec9 c\u00f3 c\u00e1c \u00f4ng b\u00e0 l\u00e3o c\u00f9ng nh\u1eefng ch\u00fa m\u00e8o!<\/p>\n","protected":false},"featured_media":7378,"template":"","meta":{"_acf_changed":false},"product_brand":[],"product_cat":[29],"product_tag":[],"class_list":{"0":"post-7383","1":"product","2":"type-product","3":"status-publish","4":"has-post-thumbnail","6":"product_cat-manga-comics","8":"first","9":"outofstock","10":"taxable","11":"shipping-taxable","12":"purchasable","13":"product-type-simple"},"supplier_id":null,"supplier_sku":"","barcode":null,"atum_controlled":true,"out_stock_date":"2022-03-11 21:14:57","out_stock_threshold":null,"inheritable":false,"inbound_stock":0,"stock_on_hold":0,"sold_today":0,"sales_last_days":0,"reserved_stock":0,"customer_returns":0,"warehouse_damage":0,"lost_in_post":0,"other_logs":0,"out_stock_days":1419,"lost_sales":0,"has_location":false,"update_date":"2026-01-28T23:10:41","atum_locations":[],"atum_stock_status":"outofstock","restock_status":false,"low_stock_amount":"","sales_update_date":"2026-01-28T23:10:41","calc_backorders":null,"acf":{"publisher":{"ID":1454,"post_author":"1","post_date":"2021-02-17 01:11:34","post_date_gmt":"2021-02-16 23:11:34","post_content":"<!-- wp:flatsome\/uxbuilder -->\n<h1 style=\"text-align: center;\"><strong>Kim \u0110\u1ed3ng<\/strong><\/h1>\n[row]\n\n[col span=\"3\" span__sm=\"12\"]\n\n[ux_image id=\"1534\" image_size=\"medium\"]\n\n\n[\/col]\n[col span=\"9\" span__sm=\"12\"]\n\n<p>Nh\u00e0 xu\u1ea5t b\u1ea3n Kim \u0110\u1ed3ng tr\u1ef1c thu\u1ed9c Trung \u01b0\u01a1ng \u0110o\u00e0n TNCS H\u1ed3 Ch\u00ed Minh l\u00e0 Nh\u00e0 xu\u1ea5t b\u1ea3n t\u1ed5ng h\u1ee3p c\u00f3 ch\u1ee9c n\u0103ng xu\u1ea5t b\u1ea3n s\u00e1ch v\u00e0 v\u0103n h\u00f3a ph\u1ea9m ph\u1ee5c v\u1ee5 thi\u1ebfu nhi v\u00e0 c\u00e1c b\u1eadc ph\u1ee5 huynh trong c\u1ea3 n\u01b0\u1edbc, qu\u1ea3ng b\u00e1 v\u00e0 gi\u1edbi thi\u1ec7u v\u0103n h\u00f3a Vi\u1ec7t Nam ra th\u1ebf gi\u1edbi.<br \/>Nh\u00e0 xu\u1ea5t b\u1ea3n c\u00f3 nhi\u1ec7m v\u1ee5 t\u1ed5 ch\u1ee9c b\u1ea3n th\u1ea3o, bi\u00ean so\u1ea1n, bi\u00ean d\u1ecbch, xu\u1ea5t b\u1ea3n v\u00e0 ph\u00e1t h\u00e0nh c\u00e1c xu\u1ea5t b\u1ea3n ph\u1ea9m c\u00f3 n\u1ed9i dung: gi\u00e1o d\u1ee5c truy\u1ec1n th\u1ed1ng d\u00e2n t\u1ed9c, gi\u00e1o d\u1ee5c v\u1ec1 tri th\u1ee9c, ki\u1ebfn th\u1ee9c\u2026 tr\u00ean c\u00e1c l\u0129nh v\u1ef1c v\u0103n h\u1ecdc, ngh\u1ec7 thu\u1eadt, khoa h\u1ecdc k\u1ef9 thu\u1eadt nh\u1eb1m cung c\u1ea5p cho c\u00e1c em thi\u1ebfu nhi c\u0169ng nh\u01b0 c\u00e1c b\u1eadc ph\u1ee5 huynh c\u00e1c ki\u1ebfn th\u1ee9c c\u1ea7n thi\u1ebft trong cu\u1ed9c s\u1ed1ng, nh\u1eefng tinh hoa c\u1ee7a tri th\u1ee9c nh\u00e2n lo\u1ea1i nh\u1eb1m g\u00f3p ph\u1ea7n gi\u00e1o d\u1ee5c v\u00e0 h\u00ecnh th\u00e0nh nh\u00e2n c\u00e1ch th\u1ebf h\u1ec7 tr\u1ebb.<br \/>\u0110\u1ed1i t\u01b0\u1ee3ng ph\u1ee5c v\u1ee5 c\u1ee7a Nh\u00e0 xu\u1ea5t b\u1ea3n l\u00e0 c\u00e1c em t\u1eeb tu\u1ed5i nh\u00e0 tr\u1ebb m\u1eabu gi\u00e1o (1 \u0111\u1ebfn 5 tu\u1ed5i), nhi \u0111\u1ed3ng (6 \u0111\u1ebfn 9 tu\u1ed5i), thi\u1ebfu ni\u00ean (10 \u0111\u1ebfn 15 tu\u1ed5i) \u0111\u1ebfn c\u00e1c em tu\u1ed5i m\u1edbi l\u1edbn (16 \u0111\u1ebfn 18 tu\u1ed5i) v\u00e0 c\u00e1c b\u1eadc ph\u1ee5 huynh.<\/p>\n\n[\/col]\n\n[\/row]\n\n<!-- \/wp:flatsome\/uxbuilder -->","post_title":"Kim \u0110\u1ed3ng","post_excerpt":"","post_status":"publish","comment_status":"closed","ping_status":"closed","post_password":"","post_name":"kim-dong","to_ping":"","pinged":"","post_modified":"2021-02-17 01:31:56","post_modified_gmt":"2021-02-16 23:31:56","post_content_filtered":"","post_parent":0,"guid":"https:\/\/sachviet.eu\/nha-phat-hanh\/kim-dong\/","menu_order":0,"post_type":"publisher","post_mime_type":"","comment_count":"0","filter":"raw"}},"_links":{"self":[{"href":"https:\/\/sachviet.eu\/en\/wp-json\/wp\/v2\/product\/7383","targetHints":{"allow":["GET"]}}],"collection":[{"href":"https:\/\/sachviet.eu\/en\/wp-json\/wp\/v2\/product"}],"about":[{"href":"https:\/\/sachviet.eu\/en\/wp-json\/wp\/v2\/types\/product"}],"wp:featuredmedia":[{"embeddable":true,"href":"https:\/\/sachviet.eu\/en\/wp-json\/wp\/v2\/media\/7378"}],"wp:attachment":[{"href":"https:\/\/sachviet.eu\/en\/wp-json\/wp\/v2\/media?parent=7383"}],"wp:term":[{"taxonomy":"product_brand","embeddable":true,"href":"https:\/\/sachviet.eu\/en\/wp-json\/wp\/v2\/product_brand?post=7383"},{"taxonomy":"product_cat","embeddable":true,"href":"https:\/\/sachviet.eu\/en\/wp-json\/wp\/v2\/product_cat?post=7383"},{"taxonomy":"product_tag","embeddable":true,"href":"https:\/\/sachviet.eu\/en\/wp-json\/wp\/v2\/product_tag?post=7383"}],"curies":[{"name":"wp","href":"https:\/\/api.w.org\/{rel}","templated":true}]}}