{"id":7360,"date":"2021-03-30T12:06:35","date_gmt":"2021-03-30T09:06:35","guid":{"rendered":"https:\/\/sachviet.eu\/shop\/hanh-trinh-ve-phuong-dong-kho-to\/"},"modified":"2024-04-06T00:14:55","modified_gmt":"2024-04-05T21:14:55","slug":"hanh-trinh-ve-phuong-dong-kho-to","status":"publish","type":"product","link":"https:\/\/sachviet.eu\/en\/shop\/hanh-trinh-ve-phuong-dong-kho-to\/","title":{"rendered":"H\u00e0nh tr\u00ecnh v\u1ec1 Ph\u01b0\u01a1ng \u0110\u00f4ng (Kh\u1ed5 to)"},"content":{"rendered":"<p>M\u1ed9t trong nh\u1eefng t\u00e1c ph\u1ea9m \u0111\u01b0\u01a1ng \u0111\u1ea1i \u0111\u1ed9c \u0111\u00e1o nh\u1ea5t v\u1ec1 v\u0103n ho\u00e1 ph\u01b0\u01a1ng \u0110\u00f4ng<\/p>\n<p>&#8220;H\u00e0nh tr\u00ecnh v\u1ec1 ph\u01b0\u01a1ng \u0110\u00f4ng&#8221; k\u1ec3 v\u1ec1 nh\u1eefng tr\u1ea3i nghi\u1ec7m c\u1ee7a m\u1ed9t \u0111o\u00e0n khoa h\u1ecdc g\u1ed3m c\u00e1c chuy\u00ean gia h\u00e0ng \u0111\u1ea7u c\u1ee7a H\u1ed9i Khoa H\u1ecdc Ho\u00e0ng Gia Anh \u0111\u01b0\u1ee3c c\u1eed sang \u1ea4n \u0110\u1ed9 nghi\u00ean c\u1ee9u v\u1ec1 huy\u1ec1n h\u1ecdc v\u00e0 nh\u1eefng kh\u1ea3 n\u0103ng si\u00eau nhi\u00ean c\u1ee7a con ng\u01b0\u1eddi. Su\u1ed1t hai n\u0103m tr\u1eddi rong ru\u1ed5i kh\u1eafp c\u00e1c \u0111\u1ec1n ch\u00f9a \u1ea4n \u0110\u1ed9, ch\u00fang ki\u1ebfn nhi\u1ec1u ph\u00e1p lu\u1eadt, nhi\u1ec1u c\u1ea3nh m\u00ea t\u00edn d\u1ecb \u0111oan, th\u1eadm ch\u00ed l\u1eeba \u0111\u1ea3o&#8230;c\u1ee7a nhi\u1ec1u ph\u00e1p s\u01b0, \u0111\u1ea1o s\u0129&#8230;h\u1ecd \u0111\u01b0\u1ee3c ti\u1ebfp x\u00fac v\u1edbi nh\u1eefng v\u1ecb th\u1ebf, h\u1ecd \u0111\u01b0\u1ee3c ch\u1ee9ng ki\u1ebfn, tr\u1ea3i nghi\u1ec7m, hi\u1ec3u bi\u1ebft s\u00e2u s\u1eafc v\u1ec1 c\u00e1c khoa h\u1ecdc c\u1ed5 x\u01b0a v\u00e0 b\u00ed truy\u1ec1n c\u1ee7a v\u0103n h\u00f3a \u1ea4n \u0110\u1ed9 nh\u01b0 Yoga, thi\u1ec1n \u0111\u1ecbnh, thu\u1eadt chi\u00eam duy\u00ean, nghi\u1ec7p b\u00e1o, lu\u1eadt nh\u00e2n qu\u1ea3, c\u00f5i s\u1ed1ng v\u00e0 c\u00f5i ch\u1ebft&#8230;.<\/p>\n<p>\u0110\u00fang l\u00fac m\u1ed9t cu\u1ed9c \u0111\u1ed1i tho\u1ea1i c\u1edfi m\u1edf v\u00e0 ch\u00e2n th\u00e0nh \u0111ang s\u1eafp di\u1ec5n ra v\u1edbi c\u00e1c \u0111\u1ea1o s\u0129 b\u1eadc th\u1ea7y, th\u00ec \u0111o\u00e0n nh\u1eadn \u0111\u01b0\u1ee3c t\u1ed1i h\u1eadu th\u01b0 t\u1eeb ch\u00ednh quy\u1ec1n Anh Qu\u1ed1c l\u00e0 ph\u1ea3i ng\u1eebng ngay vi\u1ec7c nghi\u00ean c\u1ee9u, t\u1ee9c kh\u1eafc h\u1ed3i h\u01b0\u01a1ng v\u00e0 b\u1ecb bu\u1ed9c ph\u1ea3i im l\u1eb7ng, kh\u00f4ng \u0111\u01b0\u1ee3c ph\u00e1t ng\u00f4n v\u1ec1 b\u1ea5t c\u1ee9 \u0111i\u1ec1u g\u00ec m\u00e0 h\u1ecd \u0111\u00e3 ch\u1ee9ng nghi\u1ec7m. Sau c\u00f9ng ba nh\u00e0 khoa h\u1ecdc trong \u0111o\u00e0n \u0111\u00e3 ch\u1ea5p nh\u1eadn b\u1ecf l\u1ea1i t\u1ea5t c\u1ea3 sau l\u01b0ng, \u1edf l\u1ea1i \u1ea4n \u0110\u1ed9 ti\u1ebfp t\u1ee5c nghi\u00ean c\u1ee9u v\u00e0 cu\u1ed1i c\u00f9ng tr\u1edf th\u00e0nh tu s\u0129. Trong s\u1ed1 \u0111\u00f3 c\u00f3 gi\u00e1o s\u01b0 Spalding &#8211; t\u00e1c gi\u1ea3 h\u1ed3i k\u00fd \u0111\u1eb7c bi\u1ec7t n\u00e0y.<\/p>\n<p>Nguy\u00ean Phong l\u00e0 d\u1ecbch gi\u1ea3 n\u1ed5i ti\u1ebfng v\u1edbi th\u1ec3 lo\u1ea1i s\u00e1ch t\u00e2m linh v\u00e0 v\u0103n h\u00f3a ph\u01b0\u01a1ng \u0110\u00f4ng. Ri\u00eang v\u1edbi quy\u1ec3n \u201cH\u00e0nh tr\u00ecnh v\u1ec1 ph\u01b0\u01a1ng \u0110\u00f4ng\u201d, c\u00f3 l\u1ebd quy\u1ec3n s\u00e1ch n\u00e0y \u0111\u00e3 \u201ct\u1ef1 t\u00ecm\u201d \u0111\u1ebfn \u00f4ng khi \u00f4ng v\u00e0o th\u01b0 vi\u1ec7n c\u1ee7a tr\u01b0\u1eddng, ngang khu s\u00e1ch t\u00f4n gi\u00e1o th\u00ec th\u1ea5y m\u1ed9t quy\u1ec3n s\u00e1ch r\u01a1i tr\u00ean l\u1ed1i \u0111i. \u00d4ng nh\u1eb7t l\u00ean, kh\u00f4ng nh\u00ecn xem \u0111\u00f3 l\u00e0 quy\u1ec3n g\u00ec. \u0110i m\u1ed9t v\u00f2ng quay l\u1ea1i, l\u1ea1i th\u1ea5y cu\u1ed1n s\u00e1ch kia r\u01a1i tr\u00ean l\u1ed1i \u0111i, \u00f4ng nh\u1eb7t l\u00ean v\u00e0 c\u00f3 nh\u00ecn xem t\u00ean quy\u1ec3n s\u00e1ch tr\u01b0\u1edbc khi x\u1ebfp n\u00f3 v\u00e0o gi\u00e1. \u0110\u1ebfn khi m\u1ecdi ng\u01b0\u1eddi \u0111\u00e3 v\u00e3n, \u00f4ng \u0111i l\u1ea1i khu s\u00e1ch c\u0169, l\u1ea1i th\u1ea5y quy\u1ec3n s\u00e1ch kia n\u1eb1m gi\u1eefa ngay l\u1ed1i \u0111i. V\u00e0 cu\u1ed1i c\u00f9ng \u00f4ng m\u01b0\u1ee3n v\u1ec1, \u0111\u1ecdc m\u1ed9t m\u1ea1ch, \u0111\u1ecdc l\u1ea1i r\u1ed3i \u0111\u1ecdc l\u1ea1i. Sau \u0111\u00f3, d\u1ecbch quy\u1ec3n s\u00e1ch \u1ea5y ra ti\u1ebfng Vi\u1ec7t v\u1edbi t\u00ean: \u201cH\u00e0nh tr\u00ecnh v\u1ec1 ph\u01b0\u01a1ng \u0110\u00f4ng\u201d nh\u01b0 b\u1ea1n \u0111\u1ecdc th\u1ea5y hi\u1ec7n nay.<\/p>\n<p>&#8220;H\u00e0nh tr\u00ecnh v\u1ec1 ph\u01b0\u01a1ng \u0110\u00f4ng&#8221; &#8211; th\u00f4ng qua ng\u00f2i b\u00fat c\u1ee7a d\u1ecbch gi\u1ea3 Nguy\u00ean phong &#8211; gi\u00fap ng\u01b0\u1eddi \u0111\u1ecdc \u0111\u1ebfn g\u1ea7n v\u1edbi nh\u1eefng n\u00e9t v\u0103n ho\u00e1 c\u1ee7a ph\u01b0\u01a1ng \u0110\u00f4ng, kh\u00e1m ph\u00e1 c\u00e1c gi\u00e1 tr\u1ecb v\u00ecnh h\u1eb1ng c\u1ee7a cu\u1ed9c s\u1ed1ng. T\u00e1c ph\u1ea9m lu\u00f4n n\u1eb1m trong top 10 cu\u1ed1n s\u00e1ch b\u00e1n ch\u1ea1y nh\u1ea5t c\u1ee7a First News, \u0111\u01b0\u1ee3c \u0111\u00e1nh gi\u00e1 l\u00e0 m\u1ed9t trong nh\u1eefng cu\u1ed1n s\u00e1ch \u0111\u01b0\u01a1ng \u0111\u1ea1i \u0111\u1ed9c \u0111\u00e1o, kh\u00e1c bi\u1ec7t nh\u1ea5t v\u1ec1 ph\u01b0\u01a1ng \u0110\u00f4ng.<\/p>\n<p>B\u00e1o ch\u00ed n\u00f3i g\u00ec v\u1ec1 cu\u1ed1n s\u00e1ch n\u00e0y:<\/p>\n<p>&#8220;H\u00e0nh tr\u00ecnh v\u1ec1 ph\u01b0\u01a1ng \u0110\u00f4ng \u0111\u01b0\u1ee3c \u0111\u00e1nh gi\u00e1 l\u00e0 m\u1ed9t trong nh\u1eefng t\u00e1c ph\u1ea9m \u0111\u01b0\u01a1ng \u0111\u1ea1i \u0111\u1ed9c \u0111\u00e1o nh\u1ea5t v\u1ec1 v\u0103n h\u00f3a ph\u01b0\u01a1ng \u0110\u00f4ng&#8221; &#8211; Zing.vn<\/p>\n<p>&#8220;T\u00e1c ph\u1ea9m ph\u00f3ng t\u00e1c H\u00e0nh tr\u00ecnh v\u1ec1 ph\u01b0\u01a1ng \u0110\u00f4ng c\u1ee7a t\u00e1c gi\u1ea3 Nguy\u00ean Phong qu\u00e1 xu\u1ea5t s\u1eafc v\u00e0 kh\u00e1c bi\u1ec7t so v\u1edbi b\u1ea5t k\u1ef3 b\u1ea3n g\u1ed1c n\u00e0o&#8221; &#8211; Laodong.vn     <\/p>\n<p>&#8220;H\u00e0nh tr\u00ecnh v\u1ec1 Ph\u01b0\u01a1ng \u0110\u00f4ng, m\u1ed9t trong nh\u1eefng t\u00e1c ph\u1ea9m hay nh\u1ea5t v\u1ec1 ph\u01b0\u01a1ng \u0110\u00f4ng&#8221;. &#8211; Thegioitiepthi.vn<\/p>\n<p>&#8220;H\u00e0nh tr\u00ecnh v\u1ec1 ph\u01b0\u01a1ng \u0110\u00f4ng \u2013 Cu\u1ed1n s\u00e1ch hay nh\u1ea5t m\u1ecdi th\u1eddi \u0111\u1ea1i, kh\u00e1m ph\u00e1 nh\u1eefng gi\u00e1 tr\u1ecb v\u0129nh h\u1eb1ng&#8221; &#8211; CafeF.vn<\/p>\n<p>&#8220;H\u00e0nh tr\u00ecnh v\u1ec1 Ph\u01b0\u01a1ng \u0110\u00f4ng l\u00e0 cu\u1ed1n s\u00e1ch b\u1ed5 \u00edch, gi\u00fap ng\u01b0\u1eddi \u0111\u1ecdc \u0111\u1ebfn g\u1ea7n h\u01a1n v\u1edbi nh\u1eefng n\u00e9t v\u0103n h\u00f3a, khoa h\u1ecdc b\u00ed \u1ea9n \u1edf Ph\u01b0\u01a1ng \u0110\u00f4ng&#8221; . &#8211; Soha.vn<\/p>\n<p>&#8220;Nh\u00e0 xu\u1ea5t b\u1ea3n Booksurge M\u1ef9 \u0111\u00e3 t\u00ecm m\u1ecdi c\u00e1ch li\u00ean l\u1ea1c v\u1edbi d\u1ecbch gi\u1ea3 Nguy\u00ean Phong su\u1ed1t m\u1ed9t th\u1eddi gian d\u00e0i mua b\u1ea3n quy\u1ec1n \u0111\u1ec3 xin ph\u00e9p \u0111\u01b0\u1ee3c chuy\u1ec3n ng\u1eef cu\u1ed1n s\u00e1ch ti\u1ebfng Vi\u1ec7t n\u00e0y ra ti\u1ebfng Anh v\u1edbi t\u1ef1a \u0111\u1ec1 &#8220;Journey To The East&#8221; &#8211; Author: Nguy\u00ean Phong &#8211; ph\u00e1t h\u00e0nh tr\u00ean Amazon v\u00e0 c\u00e1c bookstores tr\u00ean th\u1ebf gi\u1edbi. V\u00e0 \u0111\u1ed9c gi\u1ea3 M\u1ef9, Ph\u01b0\u01a1ng T\u00e2y r\u1ea5t y\u00eau th\u00edch, say m\u00ea t\u00e1c ph\u1ea9m n\u00e0y&#8221;. &#8211; Giaoduc.net.vn<\/p>\n<p>Ng\u01b0\u1eddi n\u1ed5i ti\u1ebfng n\u00f3i g\u00ec v\u1ec1 cu\u1ed1n s\u00e1ch n\u00e0y:<\/p>\n<p>&#8220;Cu\u1ed1n s\u00e1ch nh\u01b0 h\u00fat l\u1ea5y t\u00e2m tr\u00ed t\u00f4i v\u1edbi nh\u1eefng b\u00ed \u1ea9n v\u00f4 h\u00ecnh trong th\u1ebf gi\u1edbi ch\u00fang ta \u0111ang s\u1ed1ng t\u1eebng b\u01b0\u1edbc \u0111\u01b0\u1ee3c gi\u1ea3i m\u00e3, s\u00e1ng t\u1ecf. \u0110\u1ecdc xong cu\u1ed1n s\u00e1ch t\u00f4i c\u1ea3m th\u1ea5y r\u1ea5t nh\u1eb9 nh\u00e0ng, b\u1eebng s\u00e1ng, nh\u01b0 \u0111\u00e3 gi\u1ea3i quy\u1ebft xong m\u1ecdi v\u1ea5n \u0111\u1ec1 lo ngh\u0129 b\u1eadn t\u00e2m c\u1ee7a m\u00ecnh tr\u01b0\u1edbc gi\u1edd. Cu\u1ed9c th\u00e1m hi\u1ec3m kh\u00e1m ph\u00e1 nh\u1eefng \u0111i\u1ec1u huy\u1ec1n b\u00ed t\u1eeb nh\u1eefng \u0111\u1ea1o s\u0129 b\u00ed \u1ea9n \u1ea4n \u0110\u1ed9 c\u1ee7a nh\u1eefng nh\u00e0 khoa h\u1ecdc Anh Qu\u1ed1c th\u1eddi x\u01b0a trong c\u00e2u chuy\u1ec7n c\u0169ng l\u00e0 \u01b0\u1edbc mong kh\u00e1m ph\u00e1 c\u1ee7a ch\u00ednh m\u00ecnh. Cu\u1ed1n s\u00e1ch \u0111\u00e3 l\u00e0m t\u00f4i s\u00e1ng t\u1ecf h\u1ea7u nh\u01b0 nh\u1eefng th\u1eafc m\u1eafc l\u00fac b\u1ea5y gi\u1edd v\u1ec1 nh\u00e2n qu\u1ea3, t\u00e2m linh, lu\u00e2n h\u1ed3i, t\u00f4n gi\u00e1o, v\u1ec1 Ph\u1eadt Gi\u00e1o, Thi\u00ean Ch\u00faa Gi\u00e1o&#8230; v\u00e0 c\u00e1c lo\u1ea1i \u0111\u1ea1o kh\u00e1c tr\u00ean th\u1ebf gi\u1edbi.\u201d &#8211; Nguy\u1ec5n V\u0103n Ph\u01b0\u1edbc (CEO First News)<\/p>\n<p>\u201cM\u1ed9t trong 48 cu\u1ed1n s\u00e1ch \u201cc\u1ee9u v\u1edbt cu\u1ed9c \u0111\u1eddi b\u1ea1n\u201d.\u201d &#8211; Tony Bu\u1ed5i S\u00e1ng<\/p>\n<p>V\u1ec1 t\u00e1c gi\u1ea3:<\/p>\n<p>D\u1ecbch gi\u1ea3 Nguy\u00ean Phong t\u00ean th\u1eadt l\u00e0 V\u0169 V\u0103n Du, sinh n\u0103m 1950 t\u1ea1i H\u00e0 N\u1ed9i. \u00d4ng r\u1eddi Vi\u1ec7t Nam du h\u1ecdc \u1edf Hoa K\u1ef3 t\u1eeb n\u0103m 1968 v\u00e0 t\u1ed1t nghi\u1ec7p cao h\u1ecdc \u1edf hai ng\u00e0nh Sinh v\u1eadt h\u1ecdc v\u00e0 \u0110i\u1ec7n to\u00e1n. Ngo\u00e0i c\u00f4ng vi\u1ec7c ch\u00ednh l\u00e0 m\u1ed9t k\u1ef9 s\u01b0 cao c\u1ea5p t\u1ea1i Boeing trong h\u01a1n 20 n\u0103m, \u00f4ng v\u1eabn ti\u1ebfp t\u1ee5c nghi\u00ean c\u1ee9u trong vai tr\u00f2 nh\u00e0 khoa h\u1ecdc t\u1ea1i \u0110\u1ea1i h\u1ecdc Carnergie Mellon v\u00e0 \u0110\u1ea1i h\u1ecdc Seattle. \u00d4ng c\u00f2n gi\u1ea3ng d\u1ea1y t\u1ea1i m\u1ed9t s\u1ed1 tr\u01b0\u1eddng \u0111\u1ea1i h\u1ecdc qu\u1ed1c t\u1ebf t\u1ea1i Trung Hoa, H\u00e0n Qu\u1ed1c, Nh\u1eadt B\u1ea3n, \u1ea4n \u0110\u1ed9 v\u1ec1 l\u0129nh v\u1ef1c c\u00f4ng ngh\u1ec7 ph\u1ea7n m\u1ec1m.<\/p>\n<p>Song song v\u1edbi vai tr\u00f2 m\u1ed9t nh\u00e0 khoa h\u1ecdc, Nguy\u00ean Phong c\u00f2n l\u00e0 d\u1ecbch gi\u1ea3 n\u1ed5i ti\u1ebfng c\u1ee7a lo\u1ea1t s\u00e1ch v\u1ec1 v\u0103n h\u00f3a v\u00e0 t\u00e2m linh ph\u01b0\u01a1ng \u0110\u00f4ng, chuy\u1ec3n th\u1ec3 t\u1eeb nhi\u1ec1u t\u00e1c ph\u1ea9m c\u1ee7a c\u00e1c h\u1ecdc gi\u1ea3 ph\u01b0\u01a1ng T\u00e2y sau qu\u00e1 tr\u00ecnh t\u00ecm hi\u1ec3u v\u00e0 kh\u00e1m ph\u00e1 c\u00e1c gi\u00e1 tr\u1ecb tinh th\u1ea7n t\u1eeb ph\u01b0\u01a1ng \u0110\u00f4ng. Trong s\u1ed1 \u0111\u00f3, c\u00f3 th\u1ec3 k\u1ec3: H\u00e0nh Tr\u00ecnh v\u1ec1 ph\u01b0\u01a1ng \u0110\u00f4ng, Ng\u1ecdc s\u00e1ng trong hoa sen, B\u00ean r\u1eb7ng Tuy\u1ebft s\u01a1n,  Hoa sen tr\u00ean tuy\u1ebft, Huy\u1ec1n thu\u1eadt v\u00e0 \u0111\u1ea1o s\u0129 T\u00e2y T\u1ea1ng, Minh Tri\u1ebft trong \u0111\u1eddi s\u1ed1ng, \u0110\u01b0\u1eddng m\u00e2y qua x\u1ee9 tuy\u1ebft\u2026<\/p>\n<p>\u0110am m\u00ea thi\u1ec1n h\u1ecdc, nghi\u00ean c\u1ee9u s\u00e2u s\u1eafc c\u00e1c v\u1ea5n \u0111\u1ec1 t\u00e2m linh d\u01b0\u1edbi g\u00f3c nh\u00ecn c\u1ee7a khoa h\u1ecdc, nh\u1eefng t\u00e1c ph\u1ea9m c\u1ee7a \u00f4ng, ph\u1ea7n l\u1edbn l\u00e0 ph\u00f3ng t\u00e1c, gi\u00fap ng\u01b0\u1eddi \u0111\u1ecdc ti\u1ebfp c\u1eadn c\u00e1c t\u00e1c ph\u1ea9m g\u1ed1c thu\u1eadn l\u1ee3i h\u01a1n, l\u00fd gi\u1ea3i \u0111\u01b0\u1ee3c nh\u1eefng v\u1ea5n \u0111\u1ec1 c\u00f2n nhi\u1ec1u \u1ea9n s\u1ed1 b\u1eb1ng c\u00e1i nh\u00ecn minh tri\u1ebft.<\/p>\n","protected":false},"excerpt":{"rendered":"<p>M\u1ed9t trong nh\u1eefng t\u00e1c ph\u1ea9m \u0111\u01b0\u01a1ng \u0111\u1ea1i \u0111\u1ed9c \u0111\u00e1o nh\u1ea5t v\u1ec1 v\u0103n ho\u00e1 ph\u01b0\u01a1ng \u0110\u00f4ng<\/p>\n<p>&#8220;H\u00e0nh tr\u00ecnh v\u1ec1 ph\u01b0\u01a1ng \u0110\u00f4ng&#8221; k\u1ec3 v\u1ec1 nh\u1eefng tr\u1ea3i nghi\u1ec7m c\u1ee7a m\u1ed9t \u0111o\u00e0n khoa h\u1ecdc g\u1ed3m c\u00e1c chuy\u00ean gia h\u00e0ng \u0111\u1ea7u c\u1ee7a H\u1ed9i Khoa H\u1ecdc Ho\u00e0ng Gia Anh \u0111\u01b0\u1ee3c c\u1eed sang \u1ea4n \u0110\u1ed9 nghi\u00ean c\u1ee9u v\u1ec1 huy\u1ec1n h\u1ecdc v\u00e0 nh\u1eefng kh\u1ea3 n\u0103ng si\u00eau nhi\u00ean c\u1ee7a con ng\u01b0\u1eddi. Su\u1ed1t hai n\u0103m tr\u1eddi rong ru\u1ed5i kh\u1eafp c\u00e1c \u0111\u1ec1n ch\u00f9a \u1ea4n \u0110\u1ed9, ch\u00fang ki\u1ebfn nhi\u1ec1u ph\u00e1p lu\u1eadt, nhi\u1ec1u c\u1ea3nh m\u00ea t\u00edn d\u1ecb \u0111oan, th\u1eadm ch\u00ed l\u1eeba \u0111\u1ea3o&#8230;c\u1ee7a nhi\u1ec1u ph\u00e1p s\u01b0, \u0111\u1ea1o s\u0129&#8230;h\u1ecd \u0111\u01b0\u1ee3c ti\u1ebfp x\u00fac v\u1edbi nh\u1eefng v\u1ecb th\u1ebf, h\u1ecd \u0111\u01b0\u1ee3c ch\u1ee9ng ki\u1ebfn, tr\u1ea3i nghi\u1ec7m, hi\u1ec3u bi\u1ebft s\u00e2u s\u1eafc v\u1ec1 c\u00e1c khoa h\u1ecdc c\u1ed5 x\u01b0a v\u00e0 b\u00ed truy\u1ec1n c\u1ee7a v\u0103n h\u00f3a \u1ea4n \u0110\u1ed9 nh\u01b0 Yoga, thi\u1ec1n \u0111\u1ecbnh, thu\u1eadt chi\u00eam duy\u00ean, nghi\u1ec7p b\u00e1o, lu\u1eadt nh\u00e2n qu\u1ea3, c\u00f5i s\u1ed1ng v\u00e0 c\u00f5i ch\u1ebft&#8230;.<\/p>\n<p>\u0110\u00fang l\u00fac m\u1ed9t cu\u1ed9c \u0111\u1ed1i tho\u1ea1i c\u1edfi m\u1edf v\u00e0 ch\u00e2n th\u00e0nh \u0111ang s\u1eafp di\u1ec5n ra v\u1edbi c\u00e1c \u0111\u1ea1o s\u0129 b\u1eadc th\u1ea7y, th\u00ec \u0111o\u00e0n nh\u1eadn \u0111\u01b0\u1ee3c t\u1ed1i h\u1eadu th\u01b0 t\u1eeb ch\u00ednh quy\u1ec1n Anh Qu\u1ed1c l\u00e0 ph\u1ea3i ng\u1eebng ngay vi\u1ec7c nghi\u00ean c\u1ee9u, t\u1ee9c kh\u1eafc h\u1ed3i h\u01b0\u01a1ng v\u00e0 b\u1ecb bu\u1ed9c ph\u1ea3i im l\u1eb7ng, kh\u00f4ng \u0111\u01b0\u1ee3c ph\u00e1t ng\u00f4n v\u1ec1 b\u1ea5t c\u1ee9 \u0111i\u1ec1u g\u00ec m\u00e0 h\u1ecd \u0111\u00e3 ch\u1ee9ng nghi\u1ec7m. Sau c\u00f9ng ba nh\u00e0 khoa h\u1ecdc trong \u0111o\u00e0n \u0111\u00e3 ch\u1ea5p nh\u1eadn b\u1ecf l\u1ea1i t\u1ea5t c\u1ea3 sau l\u01b0ng, \u1edf l\u1ea1i \u1ea4n \u0110\u1ed9 ti\u1ebfp t\u1ee5c nghi\u00ean c\u1ee9u v\u00e0 cu\u1ed1i c\u00f9ng tr\u1edf th\u00e0nh tu s\u0129. Trong s\u1ed1 \u0111\u00f3 c\u00f3 gi\u00e1o s\u01b0 Spalding &#8211; t\u00e1c gi\u1ea3 h\u1ed3i k\u00fd \u0111\u1eb7c bi\u1ec7t n\u00e0y.<\/p>\n<p>Nguy\u00ean Phong l\u00e0 d\u1ecbch gi\u1ea3 n\u1ed5i ti\u1ebfng v\u1edbi th\u1ec3 lo\u1ea1i s\u00e1ch t\u00e2m linh v\u00e0 v\u0103n h\u00f3a ph\u01b0\u01a1ng \u0110\u00f4ng. Ri\u00eang v\u1edbi quy\u1ec3n \u201cH\u00e0nh tr\u00ecnh v\u1ec1 ph\u01b0\u01a1ng \u0110\u00f4ng\u201d, c\u00f3 l\u1ebd quy\u1ec3n s\u00e1ch n\u00e0y \u0111\u00e3 \u201ct\u1ef1 t\u00ecm\u201d \u0111\u1ebfn \u00f4ng khi \u00f4ng v\u00e0o th\u01b0 vi\u1ec7n c\u1ee7a tr\u01b0\u1eddng, ngang khu s\u00e1ch t\u00f4n gi\u00e1o th\u00ec th\u1ea5y m\u1ed9t quy\u1ec3n s\u00e1ch r\u01a1i tr\u00ean l\u1ed1i \u0111i. \u00d4ng nh\u1eb7t l\u00ean, kh\u00f4ng nh\u00ecn xem \u0111\u00f3 l\u00e0 quy\u1ec3n g\u00ec. \u0110i m\u1ed9t v\u00f2ng quay l\u1ea1i, l\u1ea1i th\u1ea5y cu\u1ed1n s\u00e1ch kia r\u01a1i tr\u00ean l\u1ed1i \u0111i, \u00f4ng nh\u1eb7t l\u00ean v\u00e0 c\u00f3 nh\u00ecn xem t\u00ean quy\u1ec3n s\u00e1ch tr\u01b0\u1edbc khi x\u1ebfp n\u00f3 v\u00e0o gi\u00e1. \u0110\u1ebfn khi m\u1ecdi ng\u01b0\u1eddi \u0111\u00e3 v\u00e3n, \u00f4ng \u0111i l\u1ea1i khu s\u00e1ch c\u0169, l\u1ea1i th\u1ea5y quy\u1ec3n s\u00e1ch kia n\u1eb1m gi\u1eefa ngay l\u1ed1i \u0111i. V\u00e0 cu\u1ed1i c\u00f9ng \u00f4ng m\u01b0\u1ee3n v\u1ec1, \u0111\u1ecdc m\u1ed9t m\u1ea1ch, \u0111\u1ecdc l\u1ea1i r\u1ed3i \u0111\u1ecdc l\u1ea1i. Sau \u0111\u00f3, d\u1ecbch quy\u1ec3n s\u00e1ch \u1ea5y ra ti\u1ebfng Vi\u1ec7t v\u1edbi t\u00ean: \u201cH\u00e0nh tr\u00ecnh v\u1ec1 ph\u01b0\u01a1ng \u0110\u00f4ng\u201d nh\u01b0 b\u1ea1n \u0111\u1ecdc th\u1ea5y hi\u1ec7n nay.<\/p>\n<p>&#8220;H\u00e0nh tr\u00ecnh v\u1ec1 ph\u01b0\u01a1ng \u0110\u00f4ng&#8221; &#8211; th\u00f4ng qua ng\u00f2i b\u00fat c\u1ee7a d\u1ecbch gi\u1ea3 Nguy\u00ean phong &#8211; gi\u00fap ng\u01b0\u1eddi \u0111\u1ecdc \u0111\u1ebfn g\u1ea7n v\u1edbi nh\u1eefng n\u00e9t v\u0103n ho\u00e1 c\u1ee7a ph\u01b0\u01a1ng \u0110\u00f4ng, kh\u00e1m ph\u00e1 c\u00e1c gi\u00e1 tr\u1ecb v\u00ecnh h\u1eb1ng c\u1ee7a cu\u1ed9c s\u1ed1ng. T\u00e1c ph\u1ea9m lu\u00f4n n\u1eb1m trong top 10 cu\u1ed1n s\u00e1ch b\u00e1n ch\u1ea1y nh\u1ea5t c\u1ee7a First News, \u0111\u01b0\u1ee3c \u0111\u00e1nh gi\u00e1 l\u00e0 m\u1ed9t trong nh\u1eefng cu\u1ed1n s\u00e1ch \u0111\u01b0\u01a1ng \u0111\u1ea1i \u0111\u1ed9c \u0111\u00e1o, kh\u00e1c bi\u1ec7t nh\u1ea5t v\u1ec1 ph\u01b0\u01a1ng \u0110\u00f4ng.<\/p>\n","protected":false},"featured_media":7346,"template":"","meta":{"_acf_changed":false},"product_brand":[],"product_cat":[15,46],"product_tag":[],"class_list":{"0":"post-7360","1":"product","2":"type-product","3":"status-publish","4":"has-post-thumbnail","6":"product_cat-sach-danh-cho-nguoi-lon","7":"product_cat-ky-nang-song","9":"first","10":"outofstock","11":"taxable","12":"shipping-taxable","13":"purchasable","14":"product-type-simple"},"supplier_id":null,"supplier_sku":"","barcode":null,"atum_controlled":true,"out_stock_date":"2024-04-05 21:14:55","out_stock_threshold":null,"inheritable":false,"inbound_stock":0,"stock_on_hold":0,"sold_today":0,"sales_last_days":0,"reserved_stock":0,"customer_returns":0,"warehouse_damage":0,"lost_in_post":0,"other_logs":0,"out_stock_days":663,"lost_sales":0,"has_location":false,"update_date":"2026-01-28T23:10:41","atum_locations":[],"atum_stock_status":"outofstock","restock_status":false,"low_stock_amount":"","sales_update_date":"2026-01-28T23:10:41","calc_backorders":null,"acf":{"publisher":{"ID":6196,"post_author":"1","post_date":"2021-03-15 01:26:01","post_date_gmt":"2021-03-14 23:26:01","post_content":"","post_title":"FIRST NEWS","post_excerpt":"","post_status":"publish","comment_status":"closed","ping_status":"closed","post_password":"","post_name":"first-news","to_ping":"","pinged":"","post_modified":"2021-03-15 01:26:01","post_modified_gmt":"2021-03-14 23:26:01","post_content_filtered":"","post_parent":0,"guid":"https:\/\/sachviet.eu\/blog\/nha-phat-hanh\/first-news\/","menu_order":0,"post_type":"publisher","post_mime_type":"","comment_count":"0","filter":"raw"}},"_links":{"self":[{"href":"https:\/\/sachviet.eu\/en\/wp-json\/wp\/v2\/product\/7360","targetHints":{"allow":["GET"]}}],"collection":[{"href":"https:\/\/sachviet.eu\/en\/wp-json\/wp\/v2\/product"}],"about":[{"href":"https:\/\/sachviet.eu\/en\/wp-json\/wp\/v2\/types\/product"}],"wp:featuredmedia":[{"embeddable":true,"href":"https:\/\/sachviet.eu\/en\/wp-json\/wp\/v2\/media\/7346"}],"wp:attachment":[{"href":"https:\/\/sachviet.eu\/en\/wp-json\/wp\/v2\/media?parent=7360"}],"wp:term":[{"taxonomy":"product_brand","embeddable":true,"href":"https:\/\/sachviet.eu\/en\/wp-json\/wp\/v2\/product_brand?post=7360"},{"taxonomy":"product_cat","embeddable":true,"href":"https:\/\/sachviet.eu\/en\/wp-json\/wp\/v2\/product_cat?post=7360"},{"taxonomy":"product_tag","embeddable":true,"href":"https:\/\/sachviet.eu\/en\/wp-json\/wp\/v2\/product_tag?post=7360"}],"curies":[{"name":"wp","href":"https:\/\/api.w.org\/{rel}","templated":true}]}}