{"id":736,"date":"2021-02-13T14:50:30","date_gmt":"2021-02-13T12:50:30","guid":{"rendered":"https:\/\/sachviet.eu\/shop\/dung-la-tet\/"},"modified":"2023-07-17T12:18:09","modified_gmt":"2023-07-17T09:18:09","slug":"dung-la-tet","status":"publish","type":"product","link":"https:\/\/sachviet.eu\/en\/shop\/dung-la-tet\/","title":{"rendered":"\u0110\u00fang\u00a0l\u00e0 T\u1ebft"},"content":{"rendered":"<p>\u00dd t\u01b0\u1edfng l\u1edbn v\u1ec1 vi\u1ec7c l\u00e0m cu\u1ed1n s\u00e1ch \u201cT\u1ebft Thi\u1ebfu Nhi\u201d \u0111\u1ebfn v\u1edbi Mai v\u00e0 nh\u00e0 th\u01a1 B\u00f9i Ph\u01b0\u01a1ng T\u00e2m khi h\u1ecd \u0111ang t\u00ecm t\u01b0 li\u1ec7u cho cu\u1ed1n s\u00e1ch thi\u1ebfu nhi Vi\u1ec7t Nam m\u1edbi. Trong d\u1ecbp T\u1ebft 2019, Mai v\u00e0 T\u00e2m \u0111\u00e3 d\u00e0nh th\u1eddi gian ch\u1ee5p \u1ea3nh v\u00e0 ghi l\u1ea1i c\u00e1c ho\u1ea1t \u0111\u1ed9ng c\u1ee7a gia \u0111\u00ecnh h\u1ecd, \u0111\u1eb7c bi\u1ec7t l\u00e0 c\u1ea3m x\u00fac c\u1ee7a \u0111\u1ee9a con g\u00e1i hai tu\u1ed5i c\u1ee7a T\u00e2m, m\u1ed9t \u0111\u1ee9a tr\u1ebb th\u00e0nh ph\u1ed1 \u0111i\u1ec3n h\u00ecnh tr\u1ea3i qua c\u00e1i T\u1ebft c\u1ed5 truy\u1ec1n \u0111\u1ea7u ti\u00ean. C\u00e1c thi\u1ebft k\u1ebf nh\u00e2n v\u1eadt d\u1ef1a tr\u00ean Tam\u2019s family. H\u1ecd l\u00e0 m\u1ed9t gia \u0111\u00ecnh c\u1ed5 \u0111i\u1ec3n Vi\u1ec7t Nam g\u1ed3m b\u1ed1n th\u1ebf h\u1ec7. Mai \u0111\u00e3 s\u1eed d\u1ee5ng nh\u1eefng h\u00ecnh \u1ea3nh t\u1eeb nh\u1eefng n\u0103m 90 c\u1ee7a qu\u00ea h\u01b0\u01a1ng mi\u1ec1n B\u1eafc Vi\u1ec7t Nam v\u00e0 nh\u1eefng k\u00fd \u1ee9c tu\u1ed5i th\u01a1 v\u1ec1 T\u1ebft c\u1ee7a c\u00f4 \u0111\u1ec3 l\u00e0m khung c\u1ea3nh cho cu\u1ed1n s\u00e1ch.<br \/>\nCu\u1ed1n s\u00e1ch \u0111\u01b0\u1ee3c xu\u1ea5t b\u1ea3n v\u00e0o ng\u00e0y 13 th\u00e1ng 1 n\u0103m 2020.  <div class=\"banner-grid-wrapper\">\n  <div id=\"banner-grid-440284908\" class=\"banner-grid row row-grid row-small\" data-packery-options=\"\">\n                      <div class=\"col grid-col large-12 grid-col-1\" ><div class=\"col-inner\">\t<div class=\"img has-hover x md-x lg-x y md-y lg-y\" id=\"image_1021465076\">\n\t\t\t\t\t\t\t\t<div class=\"img-inner dark\" >\n\t\t\t<img loading=\"lazy\" decoding=\"async\" width=\"750\" height=\"484\" src=\"https:\/\/sachviet.eu\/wp-content\/uploads\/2021\/02\/135a1df163ea80bedfbe75a37e6f3614.jpg\" class=\"attachment-large size-large\" alt=\"\" srcset=\"https:\/\/sachviet.eu\/wp-content\/uploads\/2021\/02\/135a1df163ea80bedfbe75a37e6f3614.jpg 750w, https:\/\/sachviet.eu\/wp-content\/uploads\/2021\/02\/135a1df163ea80bedfbe75a37e6f3614-300x194.jpg 300w, https:\/\/sachviet.eu\/wp-content\/uploads\/2021\/02\/135a1df163ea80bedfbe75a37e6f3614-600x387.jpg 600w\" sizes=\"auto, (max-width: 750px) 100vw, 750px\" \/>\t\t\t\t\t\t\n\t\t\t\t\t<\/div>\n\t\t\t\t\t\t\t\t\n<style>\n#image_1021465076 {\n  width: 100%;\n}\n<\/style>\n\t<\/div>\n\t<\/div><\/div>            <\/div>\n    <style>\n    #banner-grid-440284908 .grid-col-1{height: 600px}\n    #banner-grid-440284908 .grid-col-1-2{height: 300px}\n    #banner-grid-440284908 .grid-col-1-3{height:200px}\n    #banner-grid-440284908 .grid-col-2-3{height: 400px}\n    #banner-grid-440284908 .grid-col-1-4{height: 150px}\n    #banner-grid-440284908 .grid-col-3-4{height: 450px}\n\n\n    \n    \n\n  <\/style>\n    <\/div>\n  \n","protected":false},"excerpt":{"rendered":"<p>\u201c\u0110\u00fang l\u00e0 T\u1ebft\u201d gi\u1ed1ng nh\u01b0 m\u1ed9t b\u00e0i \u0111\u1ed3ng dao, v\u1edbi l\u01b0\u1ee3ng ng\u00f4n ng\u1eef kh\u00f4ng l\u1edbn ph\u00f9 h\u1ee3p v\u1edbi c\u00e1c b\u00e9. Th\u1ec3 th\u01a1 ba ch\u1eef theo nh\u1ecbp \u0111i\u1ec7u t\u01b0\u01a1i vui d\u1ec5 \u0111\u1ecdc d\u1ec5 thu\u1ed9c, gi\u00fap b\u00e9 ng\u00e2n nga c\u1ea3 ng\u00e0y. Vui l\u00e0m sao gi\u1ecdng b\u00e9 oanh v\u00e0ng \u0111\u1ecdc th\u01a1 vang nh\u00e0 trong m\u1ed7i ng\u00e0y Xu\u00e2n.<\/p>\n<p>\u201cCh\u00fac \u00f4ng, b\u00e0<\/p>\n<p>Nhi\u1ec1u s\u1ee9c kh\u1ecfe<\/p>\n<p>\u201cCh\u00fac ba m\u1eb9<\/p>\n<p>Vui tu\u1ed5i gi\u00e0\u201d<\/p>\n<p>\u201cCh\u00fac ch\u00e1u b\u00e0<\/p>\n<p>Mau ch\u00f3ng l\u1edbn\u201d<\/p>\n<p>Th\u00f4ng qua \u201c\u0110\u00fang l\u00e0 T\u1ebft\u201d b\u00e9 c\u0169ng s\u1ebd bi\u1ebft th\u00eam nhi\u1ec1u phong t\u1ee5c c\u1ee7a qu\u00ea h\u01b0\u01a1ng m\u00ecnh v\u00e0o ng\u00e0y T\u1ebft c\u1ed5 truy\u1ec1n. B\u00e9 \u0111\u01b0\u1ee3c h\u1ecdc v\u1ec1 y\u00eau th\u01b0\u01a1ng v\u00e0 chia s\u1ebb th\u00f4ng qua s\u1ef1 quan t\u00e2m c\u1ee7a t\u1eebng c\u00e2u ch\u00e0o l\u1eddi ch\u00fac. B\u00e9 h\u1ecdc \u0111\u01b0\u1ee3c ni\u1ec1m vui th\u00f4ng qua c\u00e1c c\u00f4ng vi\u1ec7c chu\u1ea9n b\u1ecb \u0111\u00f3n Xu\u00e2n.<\/p>\n<p>V\u00e0 kh\u00f4ng th\u1ec3 \u201c\u0110\u00fang l\u00e0 T\u1ebft\u201d n\u1ebfu thi\u1ebfu \u0111i nh\u1eefng b\u1ee9c tranh m\u00e0u t\u01b0\u01a1i vui, tr\u00e0n \u0111\u1ea7y h\u1ea1nh ph\u00fac. M\u1ed9t m\u00f3n qu\u00e0 m\u1eebng tu\u1ed5i \u00fd ngh\u0129a &#8211; tr\u1ecdn v\u1eb9n M\u00f9a Xu\u00e2n.<\/p>\n","protected":false},"featured_media":726,"template":"","meta":{"_acf_changed":false},"product_brand":[],"product_cat":[25,17,26],"product_tag":[],"class_list":{"0":"post-736","1":"product","2":"type-product","3":"status-publish","4":"has-post-thumbnail","6":"product_cat-nhi-dong-6-tuoi-12-tuoi","7":"product_cat-sach-danh-cho-cac-be","8":"product_cat-thieu-nien-11-tuoi-18-tuoi","10":"first","11":"outofstock","12":"taxable","13":"shipping-taxable","14":"purchasable","15":"product-type-simple"},"supplier_id":null,"supplier_sku":"","barcode":null,"atum_controlled":true,"out_stock_date":"2023-07-17 09:18:09","out_stock_threshold":null,"inheritable":false,"inbound_stock":0,"stock_on_hold":0,"sold_today":0,"sales_last_days":0,"reserved_stock":0,"customer_returns":0,"warehouse_damage":0,"lost_in_post":0,"other_logs":0,"out_stock_days":926,"lost_sales":0,"has_location":false,"update_date":"2026-01-28T23:10:29","atum_locations":[],"atum_stock_status":"outofstock","restock_status":false,"low_stock_amount":"","sales_update_date":"2026-01-28T23:10:29","calc_backorders":null,"acf":{"publisher":{"ID":1454,"post_author":"1","post_date":"2021-02-17 01:11:34","post_date_gmt":"2021-02-16 23:11:34","post_content":"<!-- wp:flatsome\/uxbuilder -->\n<h1 style=\"text-align: center;\"><strong>Kim \u0110\u1ed3ng<\/strong><\/h1>\n[row]\n\n[col span=\"3\" span__sm=\"12\"]\n\n[ux_image id=\"1534\" image_size=\"medium\"]\n\n\n[\/col]\n[col span=\"9\" span__sm=\"12\"]\n\n<p>Nh\u00e0 xu\u1ea5t b\u1ea3n Kim \u0110\u1ed3ng tr\u1ef1c thu\u1ed9c Trung \u01b0\u01a1ng \u0110o\u00e0n TNCS H\u1ed3 Ch\u00ed Minh l\u00e0 Nh\u00e0 xu\u1ea5t b\u1ea3n t\u1ed5ng h\u1ee3p c\u00f3 ch\u1ee9c n\u0103ng xu\u1ea5t b\u1ea3n s\u00e1ch v\u00e0 v\u0103n h\u00f3a ph\u1ea9m ph\u1ee5c v\u1ee5 thi\u1ebfu nhi v\u00e0 c\u00e1c b\u1eadc ph\u1ee5 huynh trong c\u1ea3 n\u01b0\u1edbc, qu\u1ea3ng b\u00e1 v\u00e0 gi\u1edbi thi\u1ec7u v\u0103n h\u00f3a Vi\u1ec7t Nam ra th\u1ebf gi\u1edbi.<br \/>Nh\u00e0 xu\u1ea5t b\u1ea3n c\u00f3 nhi\u1ec7m v\u1ee5 t\u1ed5 ch\u1ee9c b\u1ea3n th\u1ea3o, bi\u00ean so\u1ea1n, bi\u00ean d\u1ecbch, xu\u1ea5t b\u1ea3n v\u00e0 ph\u00e1t h\u00e0nh c\u00e1c xu\u1ea5t b\u1ea3n ph\u1ea9m c\u00f3 n\u1ed9i dung: gi\u00e1o d\u1ee5c truy\u1ec1n th\u1ed1ng d\u00e2n t\u1ed9c, gi\u00e1o d\u1ee5c v\u1ec1 tri th\u1ee9c, ki\u1ebfn th\u1ee9c\u2026 tr\u00ean c\u00e1c l\u0129nh v\u1ef1c v\u0103n h\u1ecdc, ngh\u1ec7 thu\u1eadt, khoa h\u1ecdc k\u1ef9 thu\u1eadt nh\u1eb1m cung c\u1ea5p cho c\u00e1c em thi\u1ebfu nhi c\u0169ng nh\u01b0 c\u00e1c b\u1eadc ph\u1ee5 huynh c\u00e1c ki\u1ebfn th\u1ee9c c\u1ea7n thi\u1ebft trong cu\u1ed9c s\u1ed1ng, nh\u1eefng tinh hoa c\u1ee7a tri th\u1ee9c nh\u00e2n lo\u1ea1i nh\u1eb1m g\u00f3p ph\u1ea7n gi\u00e1o d\u1ee5c v\u00e0 h\u00ecnh th\u00e0nh nh\u00e2n c\u00e1ch th\u1ebf h\u1ec7 tr\u1ebb.<br \/>\u0110\u1ed1i t\u01b0\u1ee3ng ph\u1ee5c v\u1ee5 c\u1ee7a Nh\u00e0 xu\u1ea5t b\u1ea3n l\u00e0 c\u00e1c em t\u1eeb tu\u1ed5i nh\u00e0 tr\u1ebb m\u1eabu gi\u00e1o (1 \u0111\u1ebfn 5 tu\u1ed5i), nhi \u0111\u1ed3ng (6 \u0111\u1ebfn 9 tu\u1ed5i), thi\u1ebfu ni\u00ean (10 \u0111\u1ebfn 15 tu\u1ed5i) \u0111\u1ebfn c\u00e1c em tu\u1ed5i m\u1edbi l\u1edbn (16 \u0111\u1ebfn 18 tu\u1ed5i) v\u00e0 c\u00e1c b\u1eadc ph\u1ee5 huynh.<\/p>\n\n[\/col]\n\n[\/row]\n\n<!-- \/wp:flatsome\/uxbuilder -->","post_title":"Kim \u0110\u1ed3ng","post_excerpt":"","post_status":"publish","comment_status":"closed","ping_status":"closed","post_password":"","post_name":"kim-dong","to_ping":"","pinged":"","post_modified":"2021-02-17 01:31:56","post_modified_gmt":"2021-02-16 23:31:56","post_content_filtered":"","post_parent":0,"guid":"https:\/\/sachviet.eu\/nha-phat-hanh\/kim-dong\/","menu_order":0,"post_type":"publisher","post_mime_type":"","comment_count":"0","filter":"raw"}},"_links":{"self":[{"href":"https:\/\/sachviet.eu\/en\/wp-json\/wp\/v2\/product\/736","targetHints":{"allow":["GET"]}}],"collection":[{"href":"https:\/\/sachviet.eu\/en\/wp-json\/wp\/v2\/product"}],"about":[{"href":"https:\/\/sachviet.eu\/en\/wp-json\/wp\/v2\/types\/product"}],"wp:featuredmedia":[{"embeddable":true,"href":"https:\/\/sachviet.eu\/en\/wp-json\/wp\/v2\/media\/726"}],"wp:attachment":[{"href":"https:\/\/sachviet.eu\/en\/wp-json\/wp\/v2\/media?parent=736"}],"wp:term":[{"taxonomy":"product_brand","embeddable":true,"href":"https:\/\/sachviet.eu\/en\/wp-json\/wp\/v2\/product_brand?post=736"},{"taxonomy":"product_cat","embeddable":true,"href":"https:\/\/sachviet.eu\/en\/wp-json\/wp\/v2\/product_cat?post=736"},{"taxonomy":"product_tag","embeddable":true,"href":"https:\/\/sachviet.eu\/en\/wp-json\/wp\/v2\/product_tag?post=736"}],"curies":[{"name":"wp","href":"https:\/\/api.w.org\/{rel}","templated":true}]}}