{"id":7340,"date":"2021-03-30T12:05:02","date_gmt":"2021-03-30T09:05:02","guid":{"rendered":"https:\/\/sachviet.eu\/shop\/toi-quyet-dinh-song-cho-chinh-toi-tai-ban-2020\/"},"modified":"2024-04-18T14:29:39","modified_gmt":"2024-04-18T11:29:39","slug":"toi-quyet-dinh-song-cho-chinh-toi-tai-ban-2020","status":"publish","type":"product","link":"https:\/\/sachviet.eu\/en\/shop\/toi-quyet-dinh-song-cho-chinh-toi-tai-ban-2020\/","title":{"rendered":"T\u00f4i Quy\u1ebft \u0110\u1ecbnh S\u1ed1ng Cho Ch\u00ednh T\u00f4i (T\u00e1i B\u1ea3n 2020)"},"content":{"rendered":"<p>T\u00f4i d\u1ea7n tr\u00e1nh nh\u1eefng m\u1ed1i quan h\u1ec7 ch\u1ec9 nh\u1ea5n ch\u00ecm t\u00f4i ho\u1eb7c kh\u00f4ng quan tr\u1ecdng v\u1edbi t\u00f4i v\u00e0 t\u1ef1 nh\u1ee7 r\u1eb1ng t\u00f4i s\u1ebd kh\u00f4ng cho ph\u00e9p b\u1ea3n th\u00e2n l\u00e0m b\u1ea5t k\u1ec3 \u0111i\u1ec1u g\u00ec m\u1ed9t c\u00e1ch t\u00f9y ti\u1ec7n n\u1eefa.        <\/p>\n<p>T\u00f4i d\u00e0nh th\u1eddi gian t\u00ecm ki\u1ebfm ni\u1ec1m vui trong cu\u1ed9c s\u1ed1ng.<\/p>\n<p>C\u00f3 nh\u1eefng ng\u00e0y, t\u00f4i ng\u1ed3i ng\u1eafm b\u1ea7u tr\u1eddi v\u00e0i l\u1ea7n \u0111\u1ec3 c\u1ea3m nh\u1eadn cu\u1ed9c s\u1ed1ng. T\u00f4i \u0111\u1ed1i di\u1ec7n v\u1edbi nh\u1eefng v\u1ea5n \u0111\u1ec1 c\u00f2n b\u1ecf ng\u1ecf, gi\u1ea3i quy\u1ebft ch\u00fang v\u00e0 c\u1ed1 g\u1eafng s\u1ed1ng l\u00e0nh m\u1ea1nh.<\/p>\n<p>V\u00ec nh\u1eefng \u0111\u00e1p \u00e1n do x\u00e3 h\u1ed9i quy \u0111\u1ecbnh kh\u00e1c xa nh\u1eefng quan ni\u1ec7m th\u00f4ng th\u01b0\u1eddng c\u1ee7a m\u1ecdi ng\u01b0\u1eddi xung quanh ch\u00fang ta n\u00ean ch\u1ec9 c\u00f3 m\u1ed9t \u0111i\u1ec1u m\u00e0 ch\u00fang ta bi\u1ebft ch\u1eafc, \u0111\u00f3 l\u00e0 cu\u1ed9c s\u1ed1ng r\u1ea5t r\u00f5 r\u00e0ng v\u00e0 nh\u1eb9 t\u1ef1a l\u00f4ng h\u1ed3ng.<\/p>\n<p>V\u1eady \u00fd ngh\u0129a c\u1ee7a cu\u1ed9c s\u1ed1ng r\u1ed1t cu\u1ed9c l\u00e0 g\u00ec?<\/p>\n<p>Sau nhi\u1ec1u l\u1ea7n ch\u1ea5t v\u1ea5n, c\u00e2u tr\u1ea3 l\u1eddi t\u00f4i t\u00ecm th\u1ea5y kh\u00f4ng c\u00f2n l\u00e0 \u0111\u00e1p \u00e1n c\u00e1 nh\u00e2n m\u00e0 tr\u1edf th\u00e0nh \u0111\u00e1p \u00e1n c\u1ee7a c\u1ea3 m\u1ed9t c\u1ed9ng \u0111\u1ed3ng, \u0111\u00f3 ch\u00ednh l\u00e0 hi\u1ec7n th\u1ef1c h\u00f3a gi\u00e1 tr\u1ecb c\u1ee7a b\u1ea3n th\u00e2n trong x\u00e3 h\u1ed9i.<\/p>\n<p>T\u00f4i lu\u00f4n quan t\u00e2m v\u00e0 kh\u00edch l\u1ec7 s\u1ef1 \u0111\u00f3ng g\u00f3p c\u1ee7a c\u00e1 nh\u00e2n cho m\u1ed9t x\u00e3 h\u1ed9i t\u01b0\u01a1ng lai.<\/p>\n<p>B\u1edfi v\u00ec gi\u1ea3i quy\u1ebft c\u00e1c v\u1ea5n \u0111\u1ec1 x\u00e3 h\u1ed9i ch\u00ednh l\u00e0 m\u1ed9t c\u00e1ch tr\u1ef1c ti\u1ebfp \u0111\u1ec3 gi\u1ea3i quy\u1ebft c\u00e1c v\u1ea5n \u0111\u1ec1 c\u00e1 nh\u00e2n.<\/p>\n<p>Nh\u01b0ng \u0111\u00f3 kh\u00f4ng ph\u1ea3i l\u00ed do duy nh\u1ea5t khi\u1ebfn ch\u00fang ta \u0111\u00f3ng g\u00f3p m\u1ed9t ph\u1ea7n b\u1ea3n th\u00e2n v\u00e0o x\u00e3 h\u1ed9i.<\/p>\n<p>Th\u00f4ng qua cu\u1ed1n s\u00e1ch n\u00e0y, t\u00f4i mu\u1ed1n lan truy\u1ec1n m\u1ed9t l\u00e0n s\u00f3ng d\u00f9 nh\u1ecf nh\u01b0ng c\u00f3 \u00fd ngh\u0129a \u0111\u1ebfn m\u1ecdi ng\u01b0\u1eddi.<\/p>\n<p>Nh\u1eefng c\u00e2u h\u1ecfi kh\u00f4ng c\u00f3 h\u1ed3i k\u1ebft nh\u01b0 \u201cCh\u00fang ta ph\u1ea3i s\u1ed1ng th\u1ebf n\u00e0o?\u201d lu\u00f4n n\u1ea3y sinh trong cu\u1ed9c s\u1ed1ng. \u0110\u1ec3 t\u00f4i n\u00f3i cho b\u1ea1n nghe c\u00e2u tr\u1ea3 l\u1eddi c\u1ee7a t\u00f4i nh\u00e9, \u0111\u00f3 ch\u00ednh l\u00e0: \u201cH\u00e3y s\u1ed1ng t\u1ed1t v\u1edbi \u0111\u1eddi m\u00ecnh.\u201d<\/p>\n<p>B\u1ea1n kh\u00f4ng c\u1ea7n ph\u1ea3i ph\u1ee9c t\u1ea1p h\u00f3a m\u1ecdi v\u1ea5n \u0111\u1ec1.<\/p>\n<p>B\u1ea1n ch\u1ec9 c\u1ea7n l\u00e0m vi\u1ec7c ch\u0103m ch\u1ec9, t\u00e2m s\u1ef1 v\u1edbi nh\u1eefng ng\u01b0\u1eddi th\u00e2n y\u00eau, c\u00f9ng nhau \u0103n nh\u1eefng m\u00f3n ngon, chia s\u1ebb v\u1edbi nhau nh\u1eefng b\u00e0i h\u00e1t y\u00eau th\u00edch, nh\u1eefng cu\u1ed1n s\u00e1ch hay v\u00e0o m\u1ed9t ng\u00e0y \u0111\u1eb9p tr\u1eddi b\u1ea1n t\u1eadn h\u01b0\u1edfng \u00e1nh m\u1eb7t tr\u1eddi.<\/p>\n<p>T\u00f4i ngh\u0129 r\u1eb1ng m\u1ed9t cu\u1ed9c s\u1ed1ng t\u1ed1t \u0111\u1eb9p tr\u1ecdn v\u1eb9n ch\u00ednh l\u00e0 chu\u1ed7i ng\u00e0y \u1ea5m \u00e1p, b\u00ecnh d\u1ecb \u0111ang di\u1ec5n ra. N\u1ebfu c\u00f3 th\u1ec3, h\u00e3y b\u01b0\u1edbc th\u00eam m\u1ed9t nh\u1ecbp \u0111\u1ec3 h\u01b0\u1edbng t\u1edbi cu\u1ed9c s\u1ed1ng c\u00f3 \u00fd ngh\u0129a.<\/p>\n<p>M\u1eb7c d\u00f9 trong v\u0169 tr\u1ee5 n\u00e0y c\u00f2n t\u1ed3n t\u1ea1i nh\u1eefng h\u1ea1t b\u1ee5i g\u00e2y v\u1ea9n \u0111\u1ee5c cu\u1ed9c s\u1ed1ng th\u00ec ch\u00fang ta v\u1eabn ph\u1ea3i v\u01b0\u1ee3t qua v\u00e0 gi\u1eef l\u1ea5y ph\u1ea9m gi\u00e1, t\u00f4n nghi\u00eam c\u1ee7a ch\u00ednh m\u00ecnh. B\u1ea5t ch\u1ea5p quy lu\u1eadt th\u00e0nh b\u1ea1i c\u1ee7a th\u1ebf gi\u1edbi, t\u00f4i v\u1eabn mu\u1ed1n t\u1ef1 h\u00e0o v\u1ec1 m\u1ed9t cu\u1ed9c s\u1ed1ng nh\u01b0 v\u1eady.<\/p>\n<p>C\u00f3 m\u1ed9t cu\u1ed1n s\u00e1ch vi\u1ebft r\u1eb1ng: \u201cD\u00f9 b\u1ea1n s\u1ed1ng th\u1ebf n\u00e0o, t\u00f4i v\u1eabn lu\u00f4n c\u1ed5 v\u0169.\u201d<\/p>\n<p>Tuy nhi\u00ean, \u0111i\u1ec1u c\u1ea7n thi\u1ebft kh\u00f4ng ph\u1ea3i l\u00e0 ng\u01b0\u1eddi kh\u00e1c c\u1ed5 v\u0169 b\u1ea1n m\u00e0 b\u1ea1n ph\u1ea3i c\u1ed5 v\u0169 ch\u00ednh m\u00ecnh.<\/p>\n<p>G\u1eedi \u0111\u1ebfn b\u1ea3n th\u00e2n t\u00f4i &#8211; b\u1ea1n \u0111\u1ed3ng h\u00e0nh v\u1edbi t\u00f4i cho \u0111\u1ebfn cu\u1ed1i cu\u1ed9c \u0111\u1eddi:<\/p>\n<p>\u201cD\u00f9 t\u00f4i s\u1ed1ng th\u1ebf n\u00e0o, t\u00f4i v\u1eabn lu\u00f4n c\u1ed5 v\u0169 ch\u00ednh m\u00ecnh.\u201d\u201d<\/p>\n","protected":false},"excerpt":{"rendered":"<p>Cu\u1ed1n s\u00e1ch \u0111\u1ea1t gi\u1ea3i th\u01b0\u1edfng \u201cCu\u1ed1n s\u00e1ch c\u1ee7a n\u0103m\u201d t\u1ea1i H\u00e0n Qu\u1ed1c v\u00e0o n\u0103m 2017.<\/p>\n<p>\u0110\u00e3 t\u00e1i b\u1ea3n h\u01a1n 100 l\u1ea7n k\u1ec3 t\u1eeb l\u1ea7n xu\u1ea5t b\u1ea3n \u0111\u1ea7u ti\u00ean v\u00e0o n\u0103m 2016.<\/p>\n<p>\u0110\u01b0\u1ee3c nhi\u1ec1u ngh\u1ec7 s\u0129 ch\u1ecdn \u0111\u1ecdc v\u00e0 gi\u1edbi thi\u1ec7u \u0111\u1ebfn c\u00e1c fan c\u1ee7a m\u00ecnh, \u0111\u01a1n c\u1eed l\u00e0 JungKook (BTS).<\/p>\n<p> Nh\u01b0 t\u00e1c gi\u1ea3 Kim Suhyun \u0111\u00e3 chia s\u1ebb v\u1ec1 qu\u00e1 tr\u00ecnh s\u00e1ng t\u00e1c cu\u1ed1n s\u00e1ch n\u00e0y:<\/p>\n<p>\u201cT\u00f4i \u0111\u00e3 c\u1ed1 g\u1eafng ghi ra nh\u1eefng \u0111i\u1ec1u quan tr\u1ecdng nh\u1ea5t trong cu\u1ed9c s\u1ed1ng nh\u01b0:<\/p>\n<p>C\u00f4ng vi\u1ec7c, c\u00e1c m\u1ed1i quan h\u1ec7, ni\u1ec1m vui, tinh th\u1ea7n, th\u1ec3 ch\u1ea5t, s\u1ee9c kh\u1ecfe\u2026<\/p>\n<p>T\u00f4i \u0111\u00e3 kh\u00f4ng l\u01b0\u1eddng tr\u01b0\u1edbc nh\u1eefng vi\u1ec7c c\u00f3 th\u1ec3 x\u1ea3y ra . M\u00e0 t\u00f4i ch\u1ec9 l\u00e0m (Do) nh\u1eefng vi\u1ec7c t\u00f4i mu\u1ed1n (Want) v\u00e0 c\u00f3 th\u1ec3 (Can). <\/p>\n<p>M\u1ed9t c\u00f4ng th\u1ee9c \u0111\u01a1n gi\u1ea3n l\u00e0 Want + Can = Do<\/p>\n<p>Thay v\u00e0o \u0111\u00f3, h\u00e3y l\u00e0m vi\u1ec7c ch\u0103m ch\u1ec9.<\/p>\n","protected":false},"featured_media":7339,"template":"","meta":{"_acf_changed":false},"product_brand":[],"product_cat":[15,47],"product_tag":[],"class_list":{"0":"post-7340","1":"product","2":"type-product","3":"status-publish","4":"has-post-thumbnail","6":"product_cat-sach-danh-cho-nguoi-lon","7":"product_cat-truyen-ngan-tan-van","9":"first","10":"outofstock","11":"taxable","12":"shipping-taxable","13":"purchasable","14":"product-type-simple"},"supplier_id":null,"supplier_sku":"","barcode":null,"atum_controlled":true,"out_stock_date":"2024-04-18 11:29:39","out_stock_threshold":null,"inheritable":false,"inbound_stock":1,"stock_on_hold":0,"sold_today":0,"sales_last_days":0,"reserved_stock":0,"customer_returns":0,"warehouse_damage":0,"lost_in_post":0,"other_logs":0,"out_stock_days":650,"lost_sales":0,"has_location":false,"update_date":"2026-01-28T23:10:41","atum_locations":[],"atum_stock_status":"outofstock","restock_status":false,"low_stock_amount":"","sales_update_date":"2026-01-28T23:10:41","calc_backorders":null,"acf":{"publisher":{"ID":1785,"post_author":"1","post_date":"2021-02-17 01:54:46","post_date_gmt":"2021-02-16 23:54:46","post_content":"<!-- wp:flatsome\/uxbuilder -->\n<h1 style=\"text-align: center;\"><strong>AZ VIETNAM<\/strong><\/h1>\n[row]\n\n[col span=\"8\" span__sm=\"12\"]\n\n<p>Th\u00e0nh l\u1eadp n\u0103m: 2015<br \/>V\u1ed1n \u0111\u1ea7u t\u01b0: 4,000,000,000 \u0111\u1ed3ng<br \/><strong>L\u0129nh v\u1ef1c:<\/strong><br \/>- Xu\u1ea5t b\u1ea3n v\u00e0 ph\u00e1t h\u00e0nh v\u0103n h\u00f3a ph\u1ea9m<br \/>- Cung c\u1ea5p v\u0103n h\u00f3a ph\u1ea9m, c\u00e1c s\u1ea3n ph\u1ea9m cho in \u1ea5n, trang thi\u1ebft b\u1ecb cho c\u00e1c th\u01b0 vi\u1ec7n v\u00e0 trung t\u00e2m s\u00e1ch tr\u00ean c\u1ea3 n\u01b0\u1edbc.<br \/>- Th\u1eddi trang v\u00e0 c\u00e1c s\u1ea3n ph\u1ea9m li\u00ean quan \u0111\u1ebfn l\u0129nh v\u1ef1c th\u1eddi trang<br \/>- Xu\u1ea5t nh\u1eadp kh\u1ea9u c\u00e1c s\u1ea3n ph\u1ea9m v\u0103n h\u00f3a<\/p>\n<p><strong>Quy m\u00f4:<\/strong> 60 nh\u00e2n vi\u00ean<br \/>Kh\u1edfi ngu\u1ed3n c\u1ee7a AZ Vi\u1ec7t Nam ng\u00e0y nay l\u00e0 C\u00f4ng ty TNHH Trung t\u00e2m S\u00e1ch v\u00e0 Thi\u1ebft b\u1ecb Th\u01b0 vi\u1ec7n, v\u1edbi ho\u1ea1t \u0111\u1ed9ng \u0111\u1ea7u ti\u00ean l\u00e0 cung c\u1ea5p s\u00e1ch, trang thi\u1ebft b\u1ecb, v\u0103n h\u00f3a ph\u1ea9m cho c\u00e1c th\u01b0 vi\u1ec7n v\u00e0 trung t\u00e2m s\u00e1ch tr\u00ean c\u1ea3 n\u01b0\u1edbc. T\u1eeb cu\u1ed1i n\u0103m 2010 \u0111\u1ebfn nay, ch\u00fang t\u00f4i \u0111\u00e3 kh\u00f4ng ng\u1eebng n\u1ed7 l\u1ef1c khai ph\u00e1 v\u00e0 ph\u00e1t tri\u1ec3n c\u00e1c d\u00f2ng s\u1ea3n ph\u1ea9m m\u1edbi v\u1edbi 8 th\u01b0\u01a1ng hi\u1ec7u uy t\u00edn. \u0110\u1ec3 \u0111\u00e1p \u1ee9ng nhu c\u1ea7u ph\u00e1t tri\u1ec3n ng\u00e0y m\u1ed9t l\u1edbn m\u1ea1nh v\u00e0 t\u1eadp h\u1ee3p c\u00e1c th\u01b0\u01a1ng hi\u1ec7u \u0111\u00e3 \u0111\u01b0\u1ee3c ch\u00fang t\u00f4i x\u00e2y d\u1ef1ng, 2015 C\u00f4ng ty TNHH AZ Vi\u1ec7t Nam \u0111\u00e3 ra \u0111\u1eddi v\u1edbi s\u1ee9 m\u1ec7nh mang \u0111\u1ebfn nhi\u1ec1u h\u01a1n n\u1eefa nh\u1eefng gi\u00e1 tr\u1ecb tinh th\u1ea7n, tri th\u1ee9c ti\u00ean ti\u1ebfn cho ng\u01b0\u1eddi ti\u00eau d\u00f9ng b\u1eb1ng vi\u1ec7c cung c\u1ea5p nh\u1eefng s\u1ea3n ph\u1ea9m c\u00f3 ch\u1ea5t l\u01b0\u1ee3ng.<\/p>\n\n[\/col]\n[col span=\"4\" span__sm=\"12\"]\n\n[ux_image id=\"1836\" image_size=\"medium\"]\n\n\n[\/col]\n\n[\/row]\n\n<!-- \/wp:flatsome\/uxbuilder -->","post_title":"AZ Vi\u1ec7t Nam","post_excerpt":"","post_status":"publish","comment_status":"closed","ping_status":"closed","post_password":"","post_name":"az-viet-nam","to_ping":"","pinged":"","post_modified":"2021-02-17 22:07:10","post_modified_gmt":"2021-02-17 20:07:10","post_content_filtered":"","post_parent":0,"guid":"https:\/\/sachviet.eu\/nha-phat-hanh\/az-viet-nam\/","menu_order":0,"post_type":"publisher","post_mime_type":"","comment_count":"0","filter":"raw"}},"_links":{"self":[{"href":"https:\/\/sachviet.eu\/en\/wp-json\/wp\/v2\/product\/7340","targetHints":{"allow":["GET"]}}],"collection":[{"href":"https:\/\/sachviet.eu\/en\/wp-json\/wp\/v2\/product"}],"about":[{"href":"https:\/\/sachviet.eu\/en\/wp-json\/wp\/v2\/types\/product"}],"wp:featuredmedia":[{"embeddable":true,"href":"https:\/\/sachviet.eu\/en\/wp-json\/wp\/v2\/media\/7339"}],"wp:attachment":[{"href":"https:\/\/sachviet.eu\/en\/wp-json\/wp\/v2\/media?parent=7340"}],"wp:term":[{"taxonomy":"product_brand","embeddable":true,"href":"https:\/\/sachviet.eu\/en\/wp-json\/wp\/v2\/product_brand?post=7340"},{"taxonomy":"product_cat","embeddable":true,"href":"https:\/\/sachviet.eu\/en\/wp-json\/wp\/v2\/product_cat?post=7340"},{"taxonomy":"product_tag","embeddable":true,"href":"https:\/\/sachviet.eu\/en\/wp-json\/wp\/v2\/product_tag?post=7340"}],"curies":[{"name":"wp","href":"https:\/\/api.w.org\/{rel}","templated":true}]}}