{"id":7338,"date":"2021-03-30T12:04:58","date_gmt":"2021-03-30T09:04:58","guid":{"rendered":"https:\/\/sachviet.eu\/shop\/truyen-ke-hang-dem-danh-cho-cac-co-be-ca-tinh-bundle-2-quyen\/"},"modified":"2022-12-19T18:45:54","modified_gmt":"2022-12-19T16:45:54","slug":"truyen-ke-hang-dem-danh-cho-cac-co-be-ca-tinh-bundle-2-quyen","status":"publish","type":"product","link":"https:\/\/sachviet.eu\/en\/shop\/truyen-ke-hang-dem-danh-cho-cac-co-be-ca-tinh-bundle-2-quyen\/","title":{"rendered":"Truy\u1ec7n K\u1ec3 H\u1eb1ng \u0110\u00eam D\u00e0nh Cho C\u00e1c C\u00f4 B\u00e9 C\u00e1 T\u00ednh &#8211; Bundle 2 quy\u1ec3n"},"content":{"rendered":"<p>Combo Truy\u1ec7n K\u1ec3 H\u1eb1ng \u0110\u00eam D\u00e0nh Cho C\u00e1c C\u00f4 B\u00e9 C\u00e1 T\u00ednh (B\u1ed9 2 Cu\u1ed1n)<\/p>\n<p>Truy\u1ec7n k\u1ec3 h\u1eb1ng \u0111\u00eam d\u00e0nh cho c\u00e1c c\u00f4 b\u00e9 c\u00e1 t\u00ednh l\u00e0 nh\u1eefng c\u00e2u chuy\u1ec7n c\u1ed5 t\u00edch th\u1eddi hi\u1ec7n \u0111\u1ea1i v\u1ec1 100 ng\u01b0\u1eddi ph\u1ee5 n\u1eef xu\u1ea5t ch\u00fang truy\u1ec1n c\u1ea3m h\u1ee9ng, t\u1eeb Elizabeth \u0110\u1ec7 Nh\u1ea5t t\u1edbi \u201cn\u1eef ho\u00e0ng qu\u1ea7n v\u1ee3t\u201d Serena Williams. V\u1edbi minh h\u1ecda c\u1ee7a 60 n\u1eef h\u1ecda s\u0129 t\u1eeb m\u1ecdi n\u01a1i tr\u00ean \u0111\u1ecba c\u1ea7u, \u0111\u00e2y l\u00e0 d\u1ef1 \u00e1n g\u00e2y qu\u1ef9 l\u00e0m s\u00e1ch l\u1edbn nh\u1ea5t t\u1eebng c\u00f3.<\/p>\n<p>Cu\u1ed1n s\u00e1ch g\u1ed1i \u0111\u1ea7u gi\u01b0\u1eddng kh\u00f4ng th\u1ec3 thi\u1ebfu c\u1ee7a m\u1ecdi c\u00f4 b\u00e9 v\u00e0 c\u00e1c thi\u1ebfu n\u1eef. &#8211; Geri Stengel, Forbes<\/p>\n<p>Nh\u1eefng c\u00e2u chuy\u1ec7n k\u1ec3 tr\u01b0\u1edbc gi\u1edd \u0111i ng\u1ee7 c\u00e1c b\u1eadc ph\u1ee5 huynh c\u1ea7n \u0111\u1ecdc cho con g\u00e1i nghe. &#8211; Hollee Actman Becker, t\u1ea1p ch\u00ed Parents<\/p>\n<p>Nh\u00e2n v\u1eadt ch\u00ednh trong c\u00e1c c\u00e2u chuy\u1ec7n n\u00e0y kh\u00f4ng ph\u1ea3i c\u00f4ng ch\u00faa m\u00e0 l\u00e0 nh\u1eefng ng\u01b0\u1eddi ph\u1ee5 n\u1eef \u0111\u00e3 thay \u0111\u1ed5i th\u1ebf gi\u1edbi. &#8211; Taylor Pittman, The Huffington Post<\/p>\n<p>C\u00e1c \u0111\u1ed9c gi\u1ea3 nh\u00ed \u0111\u1ecdc cu\u1ed1n s\u00e1ch n\u00e0y v\u00e0o gi\u1edd \u0111i ng\u1ee7 ch\u1eafn ch\u1eafn s\u1ebd c\u00f3 nh\u1eefng gi\u1ea5c m\u01a1 l\u1edbn lao gi\u00e0u c\u1ea3m h\u1ee9ng. &#8211; Fiona Noble, The Guardian<\/p>\n<p>Cu\u1ed1n truy\u1ec7n k\u1ec3 tr\u01b0\u1edbc gi\u1edd \u0111i ng\u1ee7 tuy\u1ec7t nh\u1ea5t tr\u00ean \u0111\u1eddi. &#8211; Caroline Siegrist, Cool Mom Picks<\/p>\n<p>V\u1ec1 nh\u00f3m t\u00e1c gi\u1ea3:<\/p>\n<p>ELENA FAVILLI l\u00e0 ng\u01b0\u1eddi gi\u00e0nh \u0111\u01b0\u1ee3c gi\u1ea3i th\u01b0\u1edfng b\u00e1o ch\u00ed uy t\u00edn, \u0111\u1ed3ng th\u1eddi l\u00e0 m\u1ed9t doanh nh\u00e2n trong ng\u00e0nh truy\u1ec1n th\u00f4ng.<\/p>\n<p>FRANCESCA CAVALLO l\u00e0 nh\u00e0 v\u0103n v\u00e0 \u0111\u1ea1o di\u1ec5n s\u00e2n kh\u1ea5u t\u1eebng \u0111\u1ea1t gi\u1ea3i th\u01b0\u1edfng uy t\u00edn. \u201cTruy\u1ec7n k\u1ec3 h\u1eb1ng \u0111\u00eam cho c\u00e1c c\u00f4 b\u00e9 c\u00e1 t\u00ednh\u201d l\u00e0 cu\u1ed1n s\u00e1ch th\u1ee9 b\u1ea3y c\u00f4 vi\u1ebft cho thi\u1ebfu nhi.<\/p>\n","protected":false},"excerpt":{"rendered":"<p>Combo Truy\u1ec7n K\u1ec3 H\u1eb1ng \u0110\u00eam D\u00e0nh Cho C\u00e1c C\u00f4 B\u00e9 C\u00e1 T\u00ednh (B\u1ed9 2 Cu\u1ed1n)<\/p>\n<p>Truy\u1ec7n k\u1ec3 h\u1eb1ng \u0111\u00eam d\u00e0nh cho c\u00e1c c\u00f4 b\u00e9 c\u00e1 t\u00ednh l\u00e0 nh\u1eefng c\u00e2u chuy\u1ec7n c\u1ed5 t\u00edch th\u1eddi hi\u1ec7n \u0111\u1ea1i v\u1ec1 100 ng\u01b0\u1eddi ph\u1ee5 n\u1eef xu\u1ea5t ch\u00fang truy\u1ec1n c\u1ea3m h\u1ee9ng, t\u1eeb Elizabeth \u0110\u1ec7 Nh\u1ea5t t\u1edbi \u201cn\u1eef ho\u00e0ng qu\u1ea7n v\u1ee3t\u201d Serena Williams. V\u1edbi minh h\u1ecda c\u1ee7a 60 n\u1eef h\u1ecda s\u0129 t\u1eeb m\u1ecdi n\u01a1i tr\u00ean \u0111\u1ecba c\u1ea7u, \u0111\u00e2y l\u00e0 d\u1ef1 \u00e1n g\u00e2y qu\u1ef9 l\u00e0m s\u00e1ch l\u1edbn nh\u1ea5t t\u1eebng c\u00f3.<\/p>\n<p>Cu\u1ed1n s\u00e1ch g\u1ed1i \u0111\u1ea7u gi\u01b0\u1eddng kh\u00f4ng th\u1ec3 thi\u1ebfu c\u1ee7a m\u1ecdi c\u00f4 b\u00e9 v\u00e0 c\u00e1c thi\u1ebfu n\u1eef. &#8211; Geri Stengel, Forbes<\/p>\n<p>Nh\u1eefng c\u00e2u chuy\u1ec7n k\u1ec3 tr\u01b0\u1edbc gi\u1edd \u0111i ng\u1ee7 c\u00e1c b\u1eadc ph\u1ee5 huynh c\u1ea7n \u0111\u1ecdc cho con g\u00e1i nghe. &#8211; Hollee Actman Becker, t\u1ea1p ch\u00ed Parents<\/p>\n<p>Nh\u00e2n v\u1eadt ch\u00ednh trong c\u00e1c c\u00e2u chuy\u1ec7n n\u00e0y kh\u00f4ng ph\u1ea3i c\u00f4ng ch\u00faa m\u00e0 l\u00e0 nh\u1eefng ng\u01b0\u1eddi ph\u1ee5 n\u1eef \u0111\u00e3 thay \u0111\u1ed5i th\u1ebf gi\u1edbi. &#8211; Taylor Pittman, The Huffington Post<\/p>\n<p>C\u00e1c \u0111\u1ed9c gi\u1ea3 nh\u00ed \u0111\u1ecdc cu\u1ed1n s\u00e1ch n\u00e0y v\u00e0o gi\u1edd \u0111i ng\u1ee7 ch\u1eafn ch\u1eafn s\u1ebd c\u00f3 nh\u1eefng gi\u1ea5c m\u01a1 l\u1edbn lao gi\u00e0u c\u1ea3m h\u1ee9ng. &#8211; Fiona Noble, The Guardian<\/p>\n<p>Cu\u1ed1n truy\u1ec7n k\u1ec3 tr\u01b0\u1edbc gi\u1edd \u0111i ng\u1ee7 tuy\u1ec7t nh\u1ea5t tr\u00ean \u0111\u1eddi. &#8211; Caroline Siegrist, Cool Mom Picks<\/p>\n<p>V\u1ec1 nh\u00f3m t\u00e1c gi\u1ea3:<\/p>\n<p>ELENA FAVILLI l\u00e0 ng\u01b0\u1eddi gi\u00e0nh \u0111\u01b0\u1ee3c gi\u1ea3i th\u01b0\u1edfng b\u00e1o ch\u00ed uy t\u00edn, \u0111\u1ed3ng th\u1eddi l\u00e0 m\u1ed9t doanh nh\u00e2n trong ng\u00e0nh truy\u1ec1n th\u00f4ng.<\/p>\n<p>FRANCESCA CAVALLO l\u00e0 nh\u00e0 v\u0103n v\u00e0 \u0111\u1ea1o di\u1ec5n s\u00e2n kh\u1ea5u t\u1eebng \u0111\u1ea1t gi\u1ea3i th\u01b0\u1edfng uy t\u00edn. \u201cTruy\u1ec7n k\u1ec3 h\u1eb1ng \u0111\u00eam cho c\u00e1c c\u00f4 b\u00e9 c\u00e1 t\u00ednh\u201d l\u00e0 cu\u1ed1n s\u00e1ch th\u1ee9 b\u1ea3y c\u00f4 vi\u1ebft cho thi\u1ebfu nhi.<\/p>\n","protected":false},"featured_media":7337,"template":"","meta":{"_acf_changed":false},"product_brand":[],"product_cat":[17,26],"product_tag":[81],"class_list":{"0":"post-7338","1":"product","2":"type-product","3":"status-publish","4":"has-post-thumbnail","6":"product_cat-sach-danh-cho-cac-be","7":"product_cat-thieu-nien-11-tuoi-18-tuoi","8":"product_tag-sach-gia-uu-dai","10":"first","11":"outofstock","12":"sale","13":"taxable","14":"shipping-taxable","15":"purchasable","16":"product-type-woosb"},"supplier_id":null,"supplier_sku":"","barcode":null,"atum_controlled":true,"out_stock_date":"2021-03-30 09:04:58","out_stock_threshold":null,"inheritable":false,"inbound_stock":0,"stock_on_hold":0,"sold_today":0,"sales_last_days":0,"reserved_stock":0,"customer_returns":0,"warehouse_damage":0,"lost_in_post":0,"other_logs":0,"out_stock_days":1765,"lost_sales":0,"has_location":false,"update_date":"2026-01-28T23:10:41","atum_locations":[],"atum_stock_status":"outofstock","restock_status":false,"low_stock_amount":"","sales_update_date":"2026-01-28T23:10:41","calc_backorders":null,"acf":{"publisher":{"ID":1454,"post_author":"1","post_date":"2021-02-17 01:11:34","post_date_gmt":"2021-02-16 23:11:34","post_content":"<!-- wp:flatsome\/uxbuilder -->\n<h1 style=\"text-align: center;\"><strong>Kim \u0110\u1ed3ng<\/strong><\/h1>\n[row]\n\n[col span=\"3\" span__sm=\"12\"]\n\n[ux_image id=\"1534\" image_size=\"medium\"]\n\n\n[\/col]\n[col span=\"9\" span__sm=\"12\"]\n\n<p>Nh\u00e0 xu\u1ea5t b\u1ea3n Kim \u0110\u1ed3ng tr\u1ef1c thu\u1ed9c Trung \u01b0\u01a1ng \u0110o\u00e0n TNCS H\u1ed3 Ch\u00ed Minh l\u00e0 Nh\u00e0 xu\u1ea5t b\u1ea3n t\u1ed5ng h\u1ee3p c\u00f3 ch\u1ee9c n\u0103ng xu\u1ea5t b\u1ea3n s\u00e1ch v\u00e0 v\u0103n h\u00f3a ph\u1ea9m ph\u1ee5c v\u1ee5 thi\u1ebfu nhi v\u00e0 c\u00e1c b\u1eadc ph\u1ee5 huynh trong c\u1ea3 n\u01b0\u1edbc, qu\u1ea3ng b\u00e1 v\u00e0 gi\u1edbi thi\u1ec7u v\u0103n h\u00f3a Vi\u1ec7t Nam ra th\u1ebf gi\u1edbi.<br \/>Nh\u00e0 xu\u1ea5t b\u1ea3n c\u00f3 nhi\u1ec7m v\u1ee5 t\u1ed5 ch\u1ee9c b\u1ea3n th\u1ea3o, bi\u00ean so\u1ea1n, bi\u00ean d\u1ecbch, xu\u1ea5t b\u1ea3n v\u00e0 ph\u00e1t h\u00e0nh c\u00e1c xu\u1ea5t b\u1ea3n ph\u1ea9m c\u00f3 n\u1ed9i dung: gi\u00e1o d\u1ee5c truy\u1ec1n th\u1ed1ng d\u00e2n t\u1ed9c, gi\u00e1o d\u1ee5c v\u1ec1 tri th\u1ee9c, ki\u1ebfn th\u1ee9c\u2026 tr\u00ean c\u00e1c l\u0129nh v\u1ef1c v\u0103n h\u1ecdc, ngh\u1ec7 thu\u1eadt, khoa h\u1ecdc k\u1ef9 thu\u1eadt nh\u1eb1m cung c\u1ea5p cho c\u00e1c em thi\u1ebfu nhi c\u0169ng nh\u01b0 c\u00e1c b\u1eadc ph\u1ee5 huynh c\u00e1c ki\u1ebfn th\u1ee9c c\u1ea7n thi\u1ebft trong cu\u1ed9c s\u1ed1ng, nh\u1eefng tinh hoa c\u1ee7a tri th\u1ee9c nh\u00e2n lo\u1ea1i nh\u1eb1m g\u00f3p ph\u1ea7n gi\u00e1o d\u1ee5c v\u00e0 h\u00ecnh th\u00e0nh nh\u00e2n c\u00e1ch th\u1ebf h\u1ec7 tr\u1ebb.<br \/>\u0110\u1ed1i t\u01b0\u1ee3ng ph\u1ee5c v\u1ee5 c\u1ee7a Nh\u00e0 xu\u1ea5t b\u1ea3n l\u00e0 c\u00e1c em t\u1eeb tu\u1ed5i nh\u00e0 tr\u1ebb m\u1eabu gi\u00e1o (1 \u0111\u1ebfn 5 tu\u1ed5i), nhi \u0111\u1ed3ng (6 \u0111\u1ebfn 9 tu\u1ed5i), thi\u1ebfu ni\u00ean (10 \u0111\u1ebfn 15 tu\u1ed5i) \u0111\u1ebfn c\u00e1c em tu\u1ed5i m\u1edbi l\u1edbn (16 \u0111\u1ebfn 18 tu\u1ed5i) v\u00e0 c\u00e1c b\u1eadc ph\u1ee5 huynh.<\/p>\n\n[\/col]\n\n[\/row]\n\n<!-- \/wp:flatsome\/uxbuilder -->","post_title":"Kim \u0110\u1ed3ng","post_excerpt":"","post_status":"publish","comment_status":"closed","ping_status":"closed","post_password":"","post_name":"kim-dong","to_ping":"","pinged":"","post_modified":"2021-02-17 01:31:56","post_modified_gmt":"2021-02-16 23:31:56","post_content_filtered":"","post_parent":0,"guid":"https:\/\/sachviet.eu\/nha-phat-hanh\/kim-dong\/","menu_order":0,"post_type":"publisher","post_mime_type":"","comment_count":"0","filter":"raw"}},"_links":{"self":[{"href":"https:\/\/sachviet.eu\/en\/wp-json\/wp\/v2\/product\/7338","targetHints":{"allow":["GET"]}}],"collection":[{"href":"https:\/\/sachviet.eu\/en\/wp-json\/wp\/v2\/product"}],"about":[{"href":"https:\/\/sachviet.eu\/en\/wp-json\/wp\/v2\/types\/product"}],"wp:featuredmedia":[{"embeddable":true,"href":"https:\/\/sachviet.eu\/en\/wp-json\/wp\/v2\/media\/7337"}],"wp:attachment":[{"href":"https:\/\/sachviet.eu\/en\/wp-json\/wp\/v2\/media?parent=7338"}],"wp:term":[{"taxonomy":"product_brand","embeddable":true,"href":"https:\/\/sachviet.eu\/en\/wp-json\/wp\/v2\/product_brand?post=7338"},{"taxonomy":"product_cat","embeddable":true,"href":"https:\/\/sachviet.eu\/en\/wp-json\/wp\/v2\/product_cat?post=7338"},{"taxonomy":"product_tag","embeddable":true,"href":"https:\/\/sachviet.eu\/en\/wp-json\/wp\/v2\/product_tag?post=7338"}],"curies":[{"name":"wp","href":"https:\/\/api.w.org\/{rel}","templated":true}]}}