{"id":7336,"date":"2021-03-30T12:04:54","date_gmt":"2021-03-30T09:04:54","guid":{"rendered":"https:\/\/sachviet.eu\/shop\/truyen-ke-hang-dem-danh-cho-cac-co-be-ca-tinh-2\/"},"modified":"2022-01-11T22:31:08","modified_gmt":"2022-01-11T20:31:08","slug":"truyen-ke-hang-dem-danh-cho-cac-co-be-ca-tinh-2","status":"publish","type":"product","link":"https:\/\/sachviet.eu\/en\/shop\/truyen-ke-hang-dem-danh-cho-cac-co-be-ca-tinh-2\/","title":{"rendered":"Truy\u1ec7n K\u1ec3 H\u1eb1ng \u0110\u00eam D\u00e0nh Cho C\u00e1c C\u00f4 B\u00e9 C\u00e1 T\u00ednh 2"},"content":{"rendered":"<p>Truy\u1ec7n K\u1ec3 H\u1eb1ng \u0110\u00eam D\u00e0nh Cho C\u00e1c C\u00f4 B\u00e9 C\u00e1 T\u00ednh 2<\/p>\n<p>H\u01a1n ba tri\u1ec7u gia \u0111\u00ecnh tr\u00ean kh\u1eafp th\u1ebf gi\u1edbi \u0111\u00e3 s\u1edf h\u1eefu t\u1eadp \u0111\u1ea7u ti\u00ean Truy\u1ec7n K\u1ec3 H\u1eb1ng \u0110\u00eam D\u00e0nh Cho C\u00e1c C\u00f4 B\u00e9 C\u00e1 T\u00ednh. S\u1ef1 th\u1eadt l\u00e0, t\u1eeb tr\u1ebb nh\u1ecf \u0111\u1ebfn ng\u01b0\u1eddi l\u1edbn, t\u1ea5t c\u1ea3 \u0111\u1ec1u \u0111\u01b0\u1ee3c truy\u1ec1n c\u1ea3m h\u1ee9ng m\u00e3nh li\u1ec7t v\u1ec1 cu\u1ed9c \u0111\u1eddi, t\u00ednh c\u00e1ch, t\u00e0i n\u0103ng c\u1ee7a nh\u1eefng c\u00f4 g\u00e1i ti\u00ean phong. C\u00e2u chuy\u1ec7n c\u1ee7a h\u1ecd c\u00f3 m\u1eb7t trong c\u00e1c gi\u00e1o \u00e1n, trong nh\u1eefng bu\u1ed5i di\u1ec5n thuy\u1ebft, trong c\u1ea3 ni\u1ec1m h\u00e1o h\u1ee9c c\u1ee7a nh\u1eefng \u00f4ng b\u1ed1 tr\u1ebb ch\u00e0o \u0111\u00f3n con g\u00e1i y\u00eau \u0111\u1ebfn v\u1edbi th\u1ebf gi\u1edbi.<\/p>\n<p>Truy\u1ec7n K\u1ec3 H\u1eb1ng \u0110\u00eam D\u00e0nh Cho C\u00e1c C\u00f4 B\u00e9 C\u00e1 T\u00ednh \u0111\u00e3 \u0111\u01b0\u1ee3c d\u1ecbch ra h\u01a1n 30 th\u1ee9 ti\u1ebfng v\u00e0 nh\u1eadn \u0111\u01b0\u1ee3c s\u1ef1 \u0111\u1ed3ng c\u1ea3m s\u00e2u s\u1eafc, l\u1edbn lao t\u1eeb nhi\u1ec1u b\u1ea1n \u0111\u1ecdc tr\u00ean kh\u1eafp th\u1ebf gi\u1edbi.<\/p>\n<p>C\u00f4ng ch\u00fang &#8211; \u0111\u00e3 d\u00e0nh cho cu\u1ed1n s\u00e1ch nh\u1eefng l\u1eddi ng\u1ee3i ca \u0111\u1ea7y tr\u00e2n tr\u1ecdng:<\/p>\n<p>\u201cCu\u1ed1n s\u00e1ch tuy\u1ec7t v\u1eddi n\u00e0y mu\u1ed1n nh\u1eafn nh\u1ee7 \u0111\u1ebfn c\u00e1c b\u00e9 g\u00e1i r\u1eb1ng: C\u00e1c em c\u00f3 th\u1ec3 tr\u1edf th\u00e0nh b\u1ea5t c\u1ee9 \u0111i\u1ec1u g\u00ec m\u00ecnh mong \u01b0\u1edbc.\u201d -(Melinda Gates, phu nh\u00e2n c\u1ee7a t\u1ec9 ph\u00fa Bill Gates)<\/p>\n<p>\u201cM\u1ed9t t\u00e1c ph\u1ea9m kh\u00f4ng th\u1ebf b\u1ecf qua d\u00e0nh cho c\u00e1c c\u00f4 b\u00e9 v\u00e0 c\u1ea3 c\u00e1c c\u1eadu b\u00e9 n\u1eefa, \u0111\u1ea3m b\u1ea3o theo sau m\u1ed7i truy\u1ec7n k\u1ec3 l\u00e0 m\u1ed9t gi\u1ea5c ng\u1ee7 ngon, tr\u00e0n \u0111\u1ea7y c\u1ea3m h\u1ee9ng.\u201d-(Fiona Noble, The Guardian)<\/p>\n<p>\u201cCu\u1ed1n s\u00e1ch phi c\u1ed5 t\u00edch \u0111\u00e0o t\u1ea1o n\u00ean nh\u1eefng c\u00f4 b\u00e9 si\u00eau-c\u00e1-t\u00ednh.\u201d-(Georgina Rannard, \u0111\u00e0i BBC News)<\/p>\n<p>Truy\u1ec7n K\u1ec3 H\u1eb1ng \u0110\u00eam D\u00e0nh Cho C\u00e1c C\u00f4 B\u00e9 C\u00e1 T\u00ednh 2 ti\u1ebfp t\u1ee5c chinh ph\u1ee5c tr\u00e1i tim c\u1ee7a b\u1ea1n \u0111\u1ecdc, v\u1edbi ch\u00e2n dung 100 ph\u1ee5 n\u1eef phi th\u01b0\u1eddng, c\u00f3 t\u1ea7m \u1ea3nh h\u01b0\u1edfng th\u1eddi \u0111\u1ea1i.<\/p>\n<p>T\u1eeb n\u1eef ho\u00e0ng Ai C\u1eadp Nefertiti \u0111\u1ebfn n\u1eef ca s\u0129 Beyonc\u00e9, \u0111\u1ec7 nh\u1ea5t phu nh\u00e2n Rosalind Franklin \u0111\u1ebfn n\u1eef nh\u00e0 v\u0103n J.K.Rowing.<\/p>\n<p>H\u1ecd l\u00e0 n\u1eef ho\u00e0ng v\u00e0 nh\u00e0 ho\u1ea1t \u0111\u1ed9ng x\u00e3 h\u1ed9i, l\u00e0 v\u0169 c\u00f4ng ba l\u00ea v\u00e0 lu\u1eadt s\u01b0, l\u00e0 nh\u00e0 khoa h\u1ecdc, phi h\u00e0nh gia v\u00e0 nh\u00e0 ph\u00e1t minh.<\/p>\n<p>Nh\u1eefng c\u00e2u chuy\u1ec7n cu\u1ed9c \u0111\u1eddi c\u1ee7a 100 ng\u01b0\u1eddi ph\u1ee5 n\u1eef \u0111\u1eb7c bi\u1ec7t \u1ea5y, \u0111\u01b0\u1ee3c t\u00e1c gi\u1ea3 l\u1eafng nghe, ghi l\u1ea1i, t\u1eeb nh\u1eefng bu\u1ed5i t\u1ed1i tr\u00f2 chuy\u1ec7n b\u00ean ng\u1ecdn l\u1eeda \u1edf th\u00e0nh ph\u1ed1 Los Angeles.<\/p>\n<p>Nh\u01b0 l\u00e0 s\u1ef1 \u0111\u1ed3ng h\u00e0nh, ti\u1ebfp n\u1ed1i v\u00e0 chia s\u1ebb s\u00e2u l\u1eafng, nh\u1eefng c\u00e2u chuy\u1ec7n m\u1edbi \u0111\u00e3 truy\u1ec1n l\u1eeda v\u00e0 \u0111em \u0111\u1ebfn tinh th\u1ea7n m\u1edbi cho c\u1ea3 ng\u01b0\u1eddi vi\u1ebft v\u00e0 ng\u01b0\u1eddi v\u1ebd.<\/p>\n<p>L\u00e0 c\u00e2u chuy\u1ec7n v\u1ec1 m\u1ed9t n\u1eef c\u1ea3nh s\u00e1t ch\u1eefa ch\u00e1y ng\u01b0\u1eddi M\u0129 g\u1ed1c \u00c1, l\u00e0 h\u00e0nh tr\u00ecnh \u0111\u1ea7u tranh ch\u1ed1ng l\u1ea1i n\u1ea1n s\u0103n b\u1eafn tr\u1ed9m \u1edf Nam Phi, l\u00e0 chuy\u1ec7n n\u1eef phi c\u00f4ng ng\u01b0\u1eddi Ireland \u0111\u00e3 t\u1ef1 ch\u1ebf t\u1ea1o chi\u1ebfc m\u00e1y bay \u0111\u1ea7u ti\u00ean cho m\u00ecnh.<\/p>\n<p>T\u00e1c gi\u1ea3 Francesca Cavallo v\u00e0 Elena Favilli kh\u1eb3ng \u0111\u1ecbnh:<\/p>\n<p>\u201cS\u1ef1 th\u1eadt l\u00e0 Truy\u1ec7n k\u1ec3 h\u1eb1ng \u0111\u00eam d\u00e0nh cho c\u00e1c c\u00f4 b\u00e9 c\u00e1 t\u00ednh \u0111ang mang t\u1edbi cho h\u00e0ng tr\u0103m ng\u00e0n \u0111\u1ed9c gi\u1ea3 nh\u1eefng c\u00e2u chuy\u1ec7n m\u00e0 tr\u01b0\u1edbc \u0111\u00e2y h\u1ecd ch\u01b0a t\u1eebng bi\u1ebft.<\/p>\n<p>Cu\u1ed1n s\u00e1ch c\u0169ng truy\u1ec1n c\u1ea3m h\u1ee9ng gi\u00fap h\u1ecd t\u00ecm ki\u1ebfm t\u00e0i n\u0103ng \u1edf nh\u1eefng l\u0129nh v\u1ef1c m\u00e0 h\u1ecd ch\u1eb3ng bao gi\u1edd ngh\u0129 t\u1edbi. Th\u00f4ng qua cu\u1ed1n s\u00e1ch n\u00e0y, vi\u1ec7c t\u00ecm ki\u1ebfm t\u00e0i n\u0103ng \u1edf nh\u1eefng n\u01a1i kh\u00f4ng t\u01b0\u1edfng nh\u1ea5t tr\u1edf n\u00ean d\u1ec5 d\u00e0ng h\u01a1n.\u201d<\/p>\n<p>Cu\u1ed1n s\u00e1ch tr\u00ecnh b\u00e0y m\u1ed9t th\u00f4ng \u0111i\u1ec7p m\u1ea1nh m\u1ebd, \u0111\u1ea7y nh\u00e2n v\u0103n, r\u1eb1ng kh\u1ea3 n\u0103ng c\u1ee7a con ng\u01b0\u1eddi l\u00e0 v\u00f4 h\u1ea1n, kh\u00f4ng ph\u00e2n bi\u1ec7t gi\u1edbi t\u00ednh, m\u00e0u da.<\/p>\n<p>Truy\u1ec7n K\u1ec3 H\u1eb1ng \u0110\u00eam D\u00e0nh Cho C\u00e1c C\u00f4 B\u00e9 C\u00e1 T\u00ednh 2 h\u00e0i h\u00f2a c\u1ea3 ph\u1ea7n tranh v\u00e0 l\u1eddi, \u0111\u1ea7y c\u00e1 t\u00ednh v\u00e0 s\u1ed1ng \u0111\u1ed9ng. M\u1ed7i ch\u00e2n dung \u0111\u01b0\u1ee3c t\u00e1i hi\u1ec7n g\u1ecdn gh\u1ebd trong m\u1ed9t trang s\u00e1ch, v\u1edbi l\u1eddi k\u1ec3 ng\u1eafn g\u1ecdn, x\u00e2u chu\u1ed7i s\u1ef1 ki\u1ec7n quan tr\u1ecdng v\u00e0 \u0111\u1eb7c bi\u1ec7t, c\u00f3 \u1ea3nh h\u01b0\u1edfng l\u1edbn lao. \u0110i k\u00e8m l\u00e0 ph\u00e1c h\u1ecda ch\u00e2n dung nh\u00e2n v\u1eadt v\u1edbi n\u00e9t v\u1ebd hi\u1ec7n \u0111\u1ea1i, bay b\u1ed5ng.<\/p>\n<p>Truy\u1ec7n K\u1ec3 H\u1eb1ng \u0110\u00eam D\u00e0nh Cho C\u00e1c C\u00f4 B\u00e9 C\u00e1 T\u00ednh 2 nhen l\u00ean l\u00f2ng y\u00eau cu\u1ed9c s\u1ed1ng, tinh th\u1ea7n d\u0169ng c\u1ea3m, d\u00e1m \u01b0\u1edbc m\u01a1 v\u00e0 h\u00e0nh \u0111\u1ed9ng, l\u00e0 ch\u00ednh m\u00ecnh trong phi\u00ean b\u1ea3n tr\u1ecdn v\u1eb9n nh\u1ea5t.<\/p>\n","protected":false},"excerpt":{"rendered":"<p>Truy\u1ec7n K\u1ec3 H\u1eb1ng \u0110\u00eam D\u00e0nh Cho C\u00e1c C\u00f4 B\u00e9 C\u00e1 T\u00ednh 2 ti\u1ebfp t\u1ee5c chinh ph\u1ee5c tr\u00e1i tim c\u1ee7a b\u1ea1n \u0111\u1ecdc, v\u1edbi ch\u00e2n dung 100 ph\u1ee5 n\u1eef phi th\u01b0\u1eddng, c\u00f3 t\u1ea7m \u1ea3nh h\u01b0\u1edfng th\u1eddi \u0111\u1ea1i.<\/p>\n<p>T\u1eeb n\u1eef ho\u00e0ng Ai C\u1eadp Nefertiti \u0111\u1ebfn n\u1eef ca s\u0129 Beyonc\u00e9, \u0111\u1ec7 nh\u1ea5t phu nh\u00e2n Rosalind Franklin \u0111\u1ebfn n\u1eef nh\u00e0 v\u0103n J.K.Rowing.<\/p>\n<p>H\u1ecd l\u00e0 n\u1eef ho\u00e0ng v\u00e0 nh\u00e0 ho\u1ea1t \u0111\u1ed9ng x\u00e3 h\u1ed9i, l\u00e0 v\u0169 c\u00f4ng ba l\u00ea v\u00e0 lu\u1eadt s\u01b0, l\u00e0 nh\u00e0 khoa h\u1ecdc, phi h\u00e0nh gia v\u00e0 nh\u00e0 ph\u00e1t minh.<\/p>\n<p>Nh\u1eefng c\u00e2u chuy\u1ec7n cu\u1ed9c \u0111\u1eddi c\u1ee7a 100 ng\u01b0\u1eddi ph\u1ee5 n\u1eef \u0111\u1eb7c bi\u1ec7t \u1ea5y, \u0111\u01b0\u1ee3c t\u00e1c gi\u1ea3 l\u1eafng nghe, ghi l\u1ea1i, t\u1eeb nh\u1eefng bu\u1ed5i t\u1ed1i tr\u00f2 chuy\u1ec7n b\u00ean ng\u1ecdn l\u1eeda \u1edf th\u00e0nh ph\u1ed1 Los Angeles.<\/p>\n<p>Nh\u01b0 l\u00e0 s\u1ef1 \u0111\u1ed3ng h\u00e0nh, ti\u1ebfp n\u1ed1i v\u00e0 chia s\u1ebb s\u00e2u l\u1eafng, nh\u1eefng c\u00e2u chuy\u1ec7n m\u1edbi \u0111\u00e3 truy\u1ec1n l\u1eeda v\u00e0 \u0111em \u0111\u1ebfn tinh th\u1ea7n m\u1edbi cho c\u1ea3 ng\u01b0\u1eddi vi\u1ebft v\u00e0 ng\u01b0\u1eddi v\u1ebd.<\/p>\n<p>L\u00e0 c\u00e2u chuy\u1ec7n v\u1ec1 m\u1ed9t n\u1eef c\u1ea3nh s\u00e1t ch\u1eefa ch\u00e1y ng\u01b0\u1eddi M\u0129 g\u1ed1c \u00c1, l\u00e0 h\u00e0nh tr\u00ecnh \u0111\u1ea7u tranh ch\u1ed1ng l\u1ea1i n\u1ea1n s\u0103n b\u1eafn tr\u1ed9m \u1edf Nam Phi, l\u00e0 chuy\u1ec7n n\u1eef phi c\u00f4ng ng\u01b0\u1eddi Ireland \u0111\u00e3 t\u1ef1 ch\u1ebf t\u1ea1o chi\u1ebfc m\u00e1y bay \u0111\u1ea7u ti\u00ean cho m\u00ecnh.<\/p>\n<p>T\u00e1c gi\u1ea3 Francesca Cavallo v\u00e0 Elena Favilli kh\u1eb3ng \u0111\u1ecbnh:<\/p>\n<p>\u201cS\u1ef1 th\u1eadt l\u00e0 Truy\u1ec7n k\u1ec3 h\u1eb1ng \u0111\u00eam d\u00e0nh cho c\u00e1c c\u00f4 b\u00e9 c\u00e1 t\u00ednh \u0111ang mang t\u1edbi cho h\u00e0ng tr\u0103m ng\u00e0n \u0111\u1ed9c gi\u1ea3 nh\u1eefng c\u00e2u chuy\u1ec7n m\u00e0 tr\u01b0\u1edbc \u0111\u00e2y h\u1ecd ch\u01b0a t\u1eebng bi\u1ebft.<\/p>\n<p>Cu\u1ed1n s\u00e1ch c\u0169ng truy\u1ec1n c\u1ea3m h\u1ee9ng gi\u00fap h\u1ecd t\u00ecm ki\u1ebfm t\u00e0i n\u0103ng \u1edf nh\u1eefng l\u0129nh v\u1ef1c m\u00e0 h\u1ecd ch\u1eb3ng bao gi\u1edd ngh\u0129 t\u1edbi. Th\u00f4ng qua cu\u1ed1n s\u00e1ch n\u00e0y, vi\u1ec7c t\u00ecm ki\u1ebfm t\u00e0i n\u0103ng \u1edf nh\u1eefng n\u01a1i kh\u00f4ng t\u01b0\u1edfng nh\u1ea5t tr\u1edf n\u00ean d\u1ec5 d\u00e0ng h\u01a1n.\u201d<\/p>\n<p>Cu\u1ed1n s\u00e1ch tr\u00ecnh b\u00e0y m\u1ed9t th\u00f4ng \u0111i\u1ec7p m\u1ea1nh m\u1ebd, \u0111\u1ea7y nh\u00e2n v\u0103n, r\u1eb1ng kh\u1ea3 n\u0103ng c\u1ee7a con ng\u01b0\u1eddi l\u00e0 v\u00f4 h\u1ea1n, kh\u00f4ng ph\u00e2n bi\u1ec7t gi\u1edbi t\u00ednh, m\u00e0u da.<\/p>\n<p>Truy\u1ec7n K\u1ec3 H\u1eb1ng \u0110\u00eam D\u00e0nh Cho C\u00e1c C\u00f4 B\u00e9 C\u00e1 T\u00ednh 2 h\u00e0i h\u00f2a c\u1ea3 ph\u1ea7n tranh v\u00e0 l\u1eddi, \u0111\u1ea7y c\u00e1 t\u00ednh v\u00e0 s\u1ed1ng \u0111\u1ed9ng. M\u1ed7i ch\u00e2n dung \u0111\u01b0\u1ee3c t\u00e1i hi\u1ec7n g\u1ecdn gh\u1ebd trong m\u1ed9t trang s\u00e1ch, v\u1edbi l\u1eddi k\u1ec3 ng\u1eafn g\u1ecdn, x\u00e2u chu\u1ed7i s\u1ef1 ki\u1ec7n quan tr\u1ecdng v\u00e0 \u0111\u1eb7c bi\u1ec7t, c\u00f3 \u1ea3nh h\u01b0\u1edfng l\u1edbn lao. \u0110i k\u00e8m l\u00e0 ph\u00e1c h\u1ecda ch\u00e2n dung nh\u00e2n v\u1eadt v\u1edbi n\u00e9t v\u1ebd hi\u1ec7n \u0111\u1ea1i, bay b\u1ed5ng.<\/p>\n<p>Truy\u1ec7n K\u1ec3 H\u1eb1ng \u0110\u00eam D\u00e0nh Cho C\u00e1c C\u00f4 B\u00e9 C\u00e1 T\u00ednh 2 nhen l\u00ean l\u00f2ng y\u00eau cu\u1ed9c s\u1ed1ng, tinh th\u1ea7n d\u0169ng c\u1ea3m, d\u00e1m \u01b0\u1edbc m\u01a1 v\u00e0 h\u00e0nh \u0111\u1ed9ng, l\u00e0 ch\u00ednh m\u00ecnh trong phi\u00ean b\u1ea3n tr\u1ecdn v\u1eb9n nh\u1ea5t.<\/p>\n","protected":false},"featured_media":7335,"template":"","meta":{"_acf_changed":false},"product_brand":[],"product_cat":[17,26],"product_tag":[],"class_list":{"0":"post-7336","1":"product","2":"type-product","3":"status-publish","4":"has-post-thumbnail","6":"product_cat-sach-danh-cho-cac-be","7":"product_cat-thieu-nien-11-tuoi-18-tuoi","9":"first","10":"instock","11":"taxable","12":"shipping-taxable","13":"purchasable","14":"product-type-simple"},"supplier_id":null,"supplier_sku":"","barcode":null,"atum_controlled":true,"out_stock_date":null,"out_stock_threshold":null,"inheritable":false,"inbound_stock":0,"stock_on_hold":0,"sold_today":0,"sales_last_days":0,"reserved_stock":0,"customer_returns":0,"warehouse_damage":0,"lost_in_post":0,"other_logs":0,"out_stock_days":0,"lost_sales":0,"has_location":false,"update_date":"2026-01-28T23:10:41","atum_locations":[],"atum_stock_status":"instock","restock_status":false,"low_stock_amount":"","sales_update_date":"2026-01-28T23:10:41","calc_backorders":null,"acf":{"publisher":{"ID":1454,"post_author":"1","post_date":"2021-02-17 01:11:34","post_date_gmt":"2021-02-16 23:11:34","post_content":"<!-- wp:flatsome\/uxbuilder -->\n<h1 style=\"text-align: center;\"><strong>Kim \u0110\u1ed3ng<\/strong><\/h1>\n[row]\n\n[col span=\"3\" span__sm=\"12\"]\n\n[ux_image id=\"1534\" image_size=\"medium\"]\n\n\n[\/col]\n[col span=\"9\" span__sm=\"12\"]\n\n<p>Nh\u00e0 xu\u1ea5t b\u1ea3n Kim \u0110\u1ed3ng tr\u1ef1c thu\u1ed9c Trung \u01b0\u01a1ng \u0110o\u00e0n TNCS H\u1ed3 Ch\u00ed Minh l\u00e0 Nh\u00e0 xu\u1ea5t b\u1ea3n t\u1ed5ng h\u1ee3p c\u00f3 ch\u1ee9c n\u0103ng xu\u1ea5t b\u1ea3n s\u00e1ch v\u00e0 v\u0103n h\u00f3a ph\u1ea9m ph\u1ee5c v\u1ee5 thi\u1ebfu nhi v\u00e0 c\u00e1c b\u1eadc ph\u1ee5 huynh trong c\u1ea3 n\u01b0\u1edbc, qu\u1ea3ng b\u00e1 v\u00e0 gi\u1edbi thi\u1ec7u v\u0103n h\u00f3a Vi\u1ec7t Nam ra th\u1ebf gi\u1edbi.<br \/>Nh\u00e0 xu\u1ea5t b\u1ea3n c\u00f3 nhi\u1ec7m v\u1ee5 t\u1ed5 ch\u1ee9c b\u1ea3n th\u1ea3o, bi\u00ean so\u1ea1n, bi\u00ean d\u1ecbch, xu\u1ea5t b\u1ea3n v\u00e0 ph\u00e1t h\u00e0nh c\u00e1c xu\u1ea5t b\u1ea3n ph\u1ea9m c\u00f3 n\u1ed9i dung: gi\u00e1o d\u1ee5c truy\u1ec1n th\u1ed1ng d\u00e2n t\u1ed9c, gi\u00e1o d\u1ee5c v\u1ec1 tri th\u1ee9c, ki\u1ebfn th\u1ee9c\u2026 tr\u00ean c\u00e1c l\u0129nh v\u1ef1c v\u0103n h\u1ecdc, ngh\u1ec7 thu\u1eadt, khoa h\u1ecdc k\u1ef9 thu\u1eadt nh\u1eb1m cung c\u1ea5p cho c\u00e1c em thi\u1ebfu nhi c\u0169ng nh\u01b0 c\u00e1c b\u1eadc ph\u1ee5 huynh c\u00e1c ki\u1ebfn th\u1ee9c c\u1ea7n thi\u1ebft trong cu\u1ed9c s\u1ed1ng, nh\u1eefng tinh hoa c\u1ee7a tri th\u1ee9c nh\u00e2n lo\u1ea1i nh\u1eb1m g\u00f3p ph\u1ea7n gi\u00e1o d\u1ee5c v\u00e0 h\u00ecnh th\u00e0nh nh\u00e2n c\u00e1ch th\u1ebf h\u1ec7 tr\u1ebb.<br \/>\u0110\u1ed1i t\u01b0\u1ee3ng ph\u1ee5c v\u1ee5 c\u1ee7a Nh\u00e0 xu\u1ea5t b\u1ea3n l\u00e0 c\u00e1c em t\u1eeb tu\u1ed5i nh\u00e0 tr\u1ebb m\u1eabu gi\u00e1o (1 \u0111\u1ebfn 5 tu\u1ed5i), nhi \u0111\u1ed3ng (6 \u0111\u1ebfn 9 tu\u1ed5i), thi\u1ebfu ni\u00ean (10 \u0111\u1ebfn 15 tu\u1ed5i) \u0111\u1ebfn c\u00e1c em tu\u1ed5i m\u1edbi l\u1edbn (16 \u0111\u1ebfn 18 tu\u1ed5i) v\u00e0 c\u00e1c b\u1eadc ph\u1ee5 huynh.<\/p>\n\n[\/col]\n\n[\/row]\n\n<!-- \/wp:flatsome\/uxbuilder -->","post_title":"Kim \u0110\u1ed3ng","post_excerpt":"","post_status":"publish","comment_status":"closed","ping_status":"closed","post_password":"","post_name":"kim-dong","to_ping":"","pinged":"","post_modified":"2021-02-17 01:31:56","post_modified_gmt":"2021-02-16 23:31:56","post_content_filtered":"","post_parent":0,"guid":"https:\/\/sachviet.eu\/nha-phat-hanh\/kim-dong\/","menu_order":0,"post_type":"publisher","post_mime_type":"","comment_count":"0","filter":"raw"}},"_links":{"self":[{"href":"https:\/\/sachviet.eu\/en\/wp-json\/wp\/v2\/product\/7336","targetHints":{"allow":["GET"]}}],"collection":[{"href":"https:\/\/sachviet.eu\/en\/wp-json\/wp\/v2\/product"}],"about":[{"href":"https:\/\/sachviet.eu\/en\/wp-json\/wp\/v2\/types\/product"}],"wp:featuredmedia":[{"embeddable":true,"href":"https:\/\/sachviet.eu\/en\/wp-json\/wp\/v2\/media\/7335"}],"wp:attachment":[{"href":"https:\/\/sachviet.eu\/en\/wp-json\/wp\/v2\/media?parent=7336"}],"wp:term":[{"taxonomy":"product_brand","embeddable":true,"href":"https:\/\/sachviet.eu\/en\/wp-json\/wp\/v2\/product_brand?post=7336"},{"taxonomy":"product_cat","embeddable":true,"href":"https:\/\/sachviet.eu\/en\/wp-json\/wp\/v2\/product_cat?post=7336"},{"taxonomy":"product_tag","embeddable":true,"href":"https:\/\/sachviet.eu\/en\/wp-json\/wp\/v2\/product_tag?post=7336"}],"curies":[{"name":"wp","href":"https:\/\/api.w.org\/{rel}","templated":true}]}}