{"id":7329,"date":"2021-03-30T12:04:41","date_gmt":"2021-03-30T09:04:41","guid":{"rendered":"https:\/\/sachviet.eu\/shop\/so-nho-khong-do-duoc-lac-quan\/"},"modified":"2021-12-30T16:19:22","modified_gmt":"2021-12-30T14:19:22","slug":"so-nho-khong-do-duoc-lac-quan","status":"publish","type":"product","link":"https:\/\/sachviet.eu\/en\/shop\/so-nho-khong-do-duoc-lac-quan\/","title":{"rendered":"S\u1ed1 Nh\u1ecd Kh\u00f4ng \u0110\u1ecd \u0110\u01b0\u1ee3c L\u1ea1c Quan"},"content":{"rendered":"<p>T\u1ef1 truy\u1ec7n c\u1ee7a m\u1ed9t c\u00f4 n\u00e0ng 9X lu\u00f4n g\u1eb7p v\u1eadn xui t\u1eeb l\u00fac ch\u00e0o \u0111\u1eddi. C\u00f4 g\u00e1i kh\u00f4ng l\u1ea5y \u0111i\u1ec1u \u0111\u00f3 l\u00e0m bu\u1ed3n, bi quan m\u00e0 lu\u00f4n nh\u00ecn nh\u1eadn m\u1ecdi vi\u1ec7c theo h\u01b0\u1edbng l\u1ea1c quan, t\u00edch c\u1ef1c. Th\u00f4ng qua \u0111\u00f3 truy\u1ec1n \u0111\u1ebfn th\u00f4ng \u0111i\u1ec7p: N\u1ebfu lu\u00f4n n\u1ed7 l\u1ef1c ph\u1ea5n \u0111\u1ea5u v\u00e0 d\u00e0nh h\u1ebft t\u00e2m s\u1ee9c th\u00ec m\u1ecdi vi\u1ec7c \u0111\u1ec1u th\u00e0nh c\u00f4ng.<\/p>\n<p>\u0110o\u1ea1n tr\u00edch ti\u00eau bi\u1ec3u:<\/p>\n<p>Trong b\u00e0i hit \u0110\u1eebng y\u00eau n\u1eefa, em m\u1ec7t r\u1ed3i c\u1ee7a c\u00f4 ca s\u0129 Min c\u00f3 c\u00e2u: \u201cC\u1ee9 \u0111i r\u1ed3i s\u1ebd \u0111\u1ebfn, c\u1ee9 im l\u1eb7ng s\u1ebd qua\u201d nh\u01b0ng v\u00e0o c\u00e1i thu\u1edf th\u01a1 \u1ea5u c\u1ee7a t\u00f4i \u1ea5y m\u00e0, c\u00e2u h\u00e1t n\u00e0y c\u00f3 l\u1ebd n\u00ean \u0111\u1ed5i th\u00e0nh \u201cC\u1ee9 \u0111i r\u1ed3i s\u1ebd ng\u00e3, c\u1ee9 s\u1ed1 \u2018nh\u1ecd\u2019 m\u00e3i th\u00f4i\u201d\u2026 m\u1edbi l\u00e0 chu\u1ea9n. Ai \u0111\u1eddi con g\u00e1i con \u0111\u1ee9a m\u00e0 tay ch\u00e2n s\u1ee9t s\u1eb9o h\u1ebft c\u1ea3, h\u1ebft ng\u00e3 ch\u1ed7 n\u00e0y r\u1ed3i l\u1ea1i va \u0111\u1eadp ch\u1ed7 kia.\u2026<\/p>\n<p>D\u00f9 ch\u1eb3ng bi\u1ebft th\u1ef1c h\u01b0 chuy\u1ec7n cu\u1ed9c \u0111\u1eddi t\u00f4i c\u00f3 ph\u1ea3i b\u1ecb \u201cl\u00e2y \u0111en\u201d t\u1eeb m\u1ed9t c\u01a1n b\u00e3o hay kh\u00f4ng, b\u1edfi ch\u1eb3ng nh\u00e0 khoa h\u1ecdc n\u00e0o ch\u1ee9ng minh \u0111\u01b0\u1ee3c \u0111i\u1ec1u \u1ea5y nh\u01b0ng qu\u1ea3 th\u1eadt, t\u00f4i \u0111\u00e3 tr\u1ea3i qua 24 n\u0103m cu\u1ed9c \u0111\u1eddi v\u1edbi kh\u00e1 nhi\u1ec1u chuy\u1ec7n \u0111en \u0111\u1ee7i m\u1ed9t c\u00e1ch kh\u00f4i h\u00e0i m\u00e0 t\u00f4i xin \u0111\u01b0\u1ee3c k\u1ec3 l\u1ea1i ch\u00fang \u1edf nh\u1eefng ph\u1ea7n k\u1ebf ti\u1ebfp \u0111\u00e2y.<\/p>\n<p>N\u1ebfu l\u1ee1 sinh ra \u201cnh\u1ecd\u201d h\u01a1n ng\u01b0\u1eddi kh\u00e1c?<\/p>\n<p>Th\u00ec t\u00f4i s\u1ebd d\u00f5ng d\u1ea1c m\u00e0 tr\u1ea3 l\u1eddi v\u1edbi cu\u1ed9c \u0111\u1eddi n\u00e0y r\u1eb1ng: S\u1ed1 \u201cnh\u1ecd\u201d kh\u00f4ng \u0111\u1ecd \u0111\u01b0\u1ee3c l\u1ea1c quan!<\/p>\n","protected":false},"excerpt":{"rendered":"<p>T\u1ef1 truy\u1ec7n c\u1ee7a m\u1ed9t c\u00f4 n\u00e0ng 9X lu\u00f4n g\u1eb7p v\u1eadn xui t\u1eeb l\u00fac ch\u00e0o \u0111\u1eddi. C\u00f4 g\u00e1i kh\u00f4ng l\u1ea5y \u0111i\u1ec1u \u0111\u00f3 l\u00e0m bu\u1ed3n, bi quan m\u00e0 lu\u00f4n nh\u00ecn nh\u1eadn m\u1ecdi vi\u1ec7c theo h\u01b0\u1edbng l\u1ea1c quan, t\u00edch c\u1ef1c. Th\u00f4ng qua \u0111\u00f3 truy\u1ec1n \u0111\u1ebfn th\u00f4ng \u0111i\u1ec7p: N\u1ebfu lu\u00f4n n\u1ed7 l\u1ef1c ph\u1ea5n \u0111\u1ea5u v\u00e0 d\u00e0nh h\u1ebft t\u00e2m s\u1ee9c th\u00ec m\u1ecdi vi\u1ec7c \u0111\u1ec1u th\u00e0nh c\u00f4ng.<\/p>\n<p>\u0110o\u1ea1n tr\u00edch ti\u00eau bi\u1ec3u:<\/p>\n<p>Trong b\u00e0i hit \u0110\u1eebng y\u00eau n\u1eefa, em m\u1ec7t r\u1ed3i c\u1ee7a c\u00f4 ca s\u0129 Min c\u00f3 c\u00e2u: \u201cC\u1ee9 \u0111i r\u1ed3i s\u1ebd \u0111\u1ebfn, c\u1ee9 im l\u1eb7ng s\u1ebd qua\u201d nh\u01b0ng v\u00e0o c\u00e1i thu\u1edf th\u01a1 \u1ea5u c\u1ee7a t\u00f4i \u1ea5y m\u00e0, c\u00e2u h\u00e1t n\u00e0y c\u00f3 l\u1ebd n\u00ean \u0111\u1ed5i th\u00e0nh \u201cC\u1ee9 \u0111i r\u1ed3i s\u1ebd ng\u00e3, c\u1ee9 s\u1ed1 \u2018nh\u1ecd\u2019 m\u00e3i th\u00f4i\u201d\u2026 m\u1edbi l\u00e0 chu\u1ea9n. Ai \u0111\u1eddi con g\u00e1i con \u0111\u1ee9a m\u00e0 tay ch\u00e2n s\u1ee9t s\u1eb9o h\u1ebft c\u1ea3, h\u1ebft ng\u00e3 ch\u1ed7 n\u00e0y r\u1ed3i l\u1ea1i va \u0111\u1eadp ch\u1ed7 kia.\u2026<\/p>\n<p>D\u00f9 ch\u1eb3ng bi\u1ebft th\u1ef1c h\u01b0 chuy\u1ec7n cu\u1ed9c \u0111\u1eddi t\u00f4i c\u00f3 ph\u1ea3i b\u1ecb \u201cl\u00e2y \u0111en\u201d t\u1eeb m\u1ed9t c\u01a1n b\u00e3o hay kh\u00f4ng, b\u1edfi ch\u1eb3ng nh\u00e0 khoa h\u1ecdc n\u00e0o ch\u1ee9ng minh \u0111\u01b0\u1ee3c \u0111i\u1ec1u \u1ea5y nh\u01b0ng qu\u1ea3 th\u1eadt, t\u00f4i \u0111\u00e3 tr\u1ea3i qua 24 n\u0103m cu\u1ed9c \u0111\u1eddi v\u1edbi kh\u00e1 nhi\u1ec1u chuy\u1ec7n \u0111en \u0111\u1ee7i m\u1ed9t c\u00e1ch kh\u00f4i h\u00e0i m\u00e0 t\u00f4i xin \u0111\u01b0\u1ee3c k\u1ec3 l\u1ea1i ch\u00fang \u1edf nh\u1eefng ph\u1ea7n k\u1ebf ti\u1ebfp \u0111\u00e2y.<\/p>\n<p>N\u1ebfu l\u1ee1 sinh ra \u201cnh\u1ecd\u201d h\u01a1n ng\u01b0\u1eddi kh\u00e1c?<\/p>\n<p>Th\u00ec t\u00f4i s\u1ebd d\u00f5ng d\u1ea1c m\u00e0 tr\u1ea3 l\u1eddi v\u1edbi cu\u1ed9c \u0111\u1eddi n\u00e0y r\u1eb1ng: S\u1ed1 \u201cnh\u1ecd\u201d kh\u00f4ng \u0111\u1ecd \u0111\u01b0\u1ee3c l\u1ea1c quan!<\/p>\n","protected":false},"featured_media":7328,"template":"","meta":{"_acf_changed":false},"product_brand":[],"product_cat":[15,26,46],"product_tag":[],"class_list":{"0":"post-7329","1":"product","2":"type-product","3":"status-publish","4":"has-post-thumbnail","6":"product_cat-sach-danh-cho-nguoi-lon","7":"product_cat-thieu-nien-11-tuoi-18-tuoi","8":"product_cat-ky-nang-song","10":"first","11":"outofstock","12":"taxable","13":"shipping-taxable","14":"purchasable","15":"product-type-simple"},"supplier_id":null,"supplier_sku":"","barcode":null,"atum_controlled":true,"out_stock_date":"2021-12-30 14:19:22","out_stock_threshold":null,"inheritable":false,"inbound_stock":0,"stock_on_hold":0,"sold_today":0,"sales_last_days":0,"reserved_stock":0,"customer_returns":0,"warehouse_damage":0,"lost_in_post":0,"other_logs":0,"out_stock_days":1490,"lost_sales":0,"has_location":false,"update_date":"2026-01-28T23:10:41","atum_locations":[],"atum_stock_status":"outofstock","restock_status":false,"low_stock_amount":"","sales_update_date":"2026-01-28T23:10:41","calc_backorders":null,"acf":{"publisher":{"ID":2817,"post_author":"1","post_date":"2021-02-27 00:00:35","post_date_gmt":"2021-02-26 22:00:35","post_content":"","post_title":"Alpha Books","post_excerpt":"","post_status":"publish","comment_status":"closed","ping_status":"closed","post_password":"","post_name":"alpha-books","to_ping":"","pinged":"","post_modified":"2021-02-27 00:00:35","post_modified_gmt":"2021-02-26 22:00:35","post_content_filtered":"","post_parent":0,"guid":"https:\/\/sachviet.eu\/nha-phat-hanh\/alpha-books\/","menu_order":0,"post_type":"publisher","post_mime_type":"","comment_count":"0","filter":"raw"}},"_links":{"self":[{"href":"https:\/\/sachviet.eu\/en\/wp-json\/wp\/v2\/product\/7329","targetHints":{"allow":["GET"]}}],"collection":[{"href":"https:\/\/sachviet.eu\/en\/wp-json\/wp\/v2\/product"}],"about":[{"href":"https:\/\/sachviet.eu\/en\/wp-json\/wp\/v2\/types\/product"}],"wp:featuredmedia":[{"embeddable":true,"href":"https:\/\/sachviet.eu\/en\/wp-json\/wp\/v2\/media\/7328"}],"wp:attachment":[{"href":"https:\/\/sachviet.eu\/en\/wp-json\/wp\/v2\/media?parent=7329"}],"wp:term":[{"taxonomy":"product_brand","embeddable":true,"href":"https:\/\/sachviet.eu\/en\/wp-json\/wp\/v2\/product_brand?post=7329"},{"taxonomy":"product_cat","embeddable":true,"href":"https:\/\/sachviet.eu\/en\/wp-json\/wp\/v2\/product_cat?post=7329"},{"taxonomy":"product_tag","embeddable":true,"href":"https:\/\/sachviet.eu\/en\/wp-json\/wp\/v2\/product_tag?post=7329"}],"curies":[{"name":"wp","href":"https:\/\/api.w.org\/{rel}","templated":true}]}}