{"id":7327,"date":"2021-03-30T12:04:38","date_gmt":"2021-03-30T09:04:38","guid":{"rendered":"https:\/\/sachviet.eu\/shop\/bai-hoc-vuong-tron\/"},"modified":"2021-05-17T18:01:02","modified_gmt":"2021-05-17T15:01:02","slug":"bai-hoc-vuong-tron","status":"publish","type":"product","link":"https:\/\/sachviet.eu\/en\/shop\/bai-hoc-vuong-tron\/","title":{"rendered":"B\u00e0i H\u1ecdc Vu\u00f4ng Tr\u00f2n"},"content":{"rendered":"<p>B\u00e0i H\u1ecdc Vu\u00f4ng Tr\u00f2n &#8211; h\u1ea1nh ph\u00fac c\u1ee7a \u0111\u1eddi ng\u01b0\u1eddi, m\u1ed9t n\u1eeda n\u00ean tranh, n\u1eeda kia n\u00ean thu\u1eadn.<\/p>\n<p>Vu\u00f4ng &#8211; l\u00e0 c\u1ee9ng c\u1ecfi, ki\u00ean c\u01b0\u1eddng, quy t\u1eafc r\u00f5 r\u00e0ng, l\u00fd tr\u00ed \u0111\u00fang l\u00fac<\/p>\n<p>Tr\u00f2n &#8211; l\u00e0 m\u1ec1m d\u1ebbo, kh\u00e9o l\u00e9o, th\u1ea5u hi\u1ec3u nh\u00e2n sinh, c\u00f3 l\u00f2ng tr\u1eafc \u1ea9n.<\/p>\n<p>Con ng\u01b0\u1eddi, s\u1ed1ng \u201cvu\u00f4ng\u201d qu\u00e1, duy l\u00fd qu\u00e1 th\u00ec d\u1ec5 b\u1ecb c\u00e1i t\u00f4i v\u00e0 khu\u00f4n m\u1eabu c\u1ee9ng nh\u1eafc t\u1ef1 gi\u1edbi h\u1ea1n b\u1ea3n th\u00e2n, c\u00f2n \u0111\u1ec3 g\u00f3c c\u1ea1nh s\u1eafc nh\u1ecdn c\u1ee7a m\u00ecnh l\u00e0m t\u1ed5n th\u01b0\u01a1ng ng\u01b0\u1eddi kh\u00e1c. S\u1ed1ng \u201ctr\u00f2n\u201c qu\u00e1 l\u1ea1i d\u1ec5 b\u1ecb c\u1ea3m x\u00fac \u0111\u00e1nh l\u1eeba l\u00fd tr\u00ed, m\u1eb7c ng\u01b0\u1eddi \u0111i\u1ec1u khi\u1ec3n.<\/p>\n<p>Tr\u00ean \u0111\u1eddi kh\u00f4ng c\u00f3 l\u1ed1i s\u1ed1ng n\u00e0o l\u00e0m m\u1eabu s\u1ed1 chung cho t\u1ea5t c\u1ea3, ch\u1ec9 c\u00f3 c\u00e1ch m\u1ed7i ng\u01b0\u1eddi t\u1ef1 l\u1ef1a ch\u1ecdn con \u0111\u01b0\u1eddng c\u1ee7a m\u00ecnh ra sao, dung h\u1ee3p vu\u00f4ng &#8211; tr\u00f2n th\u1ebf n\u00e0o, \u0111\u1ec3 tranh \u0111\u00fang th\u1ee9 cho m\u00ecnh m\u00e0 kh\u00f4ng ng\u00e1ng \u0111\u01b0\u1eddng ng\u01b0\u1eddi kh\u00e1c, thu\u1eadn theo t\u1ef1 nhi\u00ean m\u00e0 kh\u00f4ng ph\u00f3 m\u1eb7c s\u1ed1 ph\u1eadn.<\/p>\n<p>\u201cB\u00e0i h\u1ecdc vu\u00f4ng tr\u00f2n &#8211; Bi\u1ebft m\u00ecnh \u0111\u1ec3 tranh, hi\u1ec3u \u0111\u1eddi \u0111\u1ec3 thu\u1eadn\u201d l\u00e0 t\u1eadp h\u1ee3p nh\u1eefng b\u00e0i h\u1ecdc v\u1ec1 l\u1ed1i c\u01b0 x\u1eed kh\u00e9o l\u00e9o, vu\u00f4ng &#8211; tr\u00f2n h\u00f2a h\u1ee3p, \u0111\u1ec3 b\u1ea1n bi\u1ebft ti\u1ebfn lui \u0111\u00fang l\u00fac, h\u00e0i l\u00f2ng v\u1edbi b\u1ea3n th\u00e2n m\u00e0 kh\u00f4ng g\u00e2y th\u00f9 o\u00e1n v\u1edbi th\u1ebf gi\u1edbi.<\/p>\n<p>Cu\u1ed9c s\u1ed1ng l\u00e0 s\u1ef1 t\u1ed5ng h\u00f2a c\u1ee7a nh\u1eefng th\u1eddi kh\u1eafc t\u01b0\u01a1i \u0111\u1eb9p v\u00e0 \u0111en t\u1ed1i. Nh\u01b0ng tr\u00ean \u0111\u1eddi kho\u0302ng co\u0301 su\u031b\u0323 pha\u0302n bie\u0323\u0302t \u027eo\u0303 \u027ea\u0300ng giu\u031b\u0303a bi ki\u0323ch va\u0300 hi\u0309 ki\u0323ch, ne\u0304\u0301\u1d1c ba\u0323n co\u0301 the\u0302\u0309 bu\u031bo\u031b\u0301c \u027ea tu\u031b\u0300 bi ki\u0323ch, \u0111o\u0301 la\u0300 hi\u0309 ki\u0323ch. Ne\u0304\u0301\u1d1c ba\u0323n chi\u0300m \u0111a\u0306\u0301m ma\u0303i t\u027eong hi\u0309 ki\u0323ch, \u0111o\u0301 la\u0300 bi ki\u0323ch.<\/p>\n<p>Tr\u1eddi tr\u00f2n \u0111\u1ea5t vu\u00f4ng, mong b\u1ea1n thong dong gi\u1eefa \u0111\u00f4i d\u00f2ng thu\u1eadn ngh\u1ecbch.<\/p>\n<p>Mong cho t\u00e2m h\u1ed3n b\u1ea1n \u00f4n h\u00f2a, nh\u01b0ng kh\u00f4ng bao gi\u1edd th\u1ecfa hi\u1ec7p.<\/p>\n<p>Mong b\u1ea1n kh\u00f4ng m\u01a1 m\u1ed9ng h\u00e3o huy\u1ec1n nh\u01b0ng l\u00f2ng lu\u00f4n h\u01b0\u1edbng v\u1ec1 ph\u01b0\u01a1ng xa.<\/p>\n<p>Mong b\u1ea1n lu\u00f4n c\u00f3 m\u1ee5c ti\u00eau \u0111\u1ec3 theo \u0111u\u1ed5i, s\u1ed1ng t\u1ed1t m\u1ed7i ng\u00e0y v\u00e0 lu\u00f4n l\u00e0m h\u1ebft s\u1ee9c m\u00ecnh.<\/p>\n<p>Mong b\u1ea1n gi\u1eef \u0111\u01b0\u1ee3c t\u00e2m l\u01b0\u01a1ng thi\u1ec7n nh\u01b0ng kh\u00f4ng \u0111\u00e1nh m\u1ea5t nguy\u00ean t\u1eafc c\u1ee7a b\u1ea3n th\u00e2n.<\/p>\n<p>Mong b\u1ea1n d\u00f9 c\u00f3 th\u1ec3 hi\u1ec7n t\u00e0i n\u0103ng c\u0169ng kh\u00f4ng qu\u00ean khi\u00eam t\u1ed1n.<\/p>\n","protected":false},"excerpt":{"rendered":"<p>B\u00e0i H\u1ecdc Vu\u00f4ng Tr\u00f2n &#8211; h\u1ea1nh ph\u00fac c\u1ee7a \u0111\u1eddi ng\u01b0\u1eddi, m\u1ed9t n\u1eeda n\u00ean tranh, n\u1eeda kia n\u00ean thu\u1eadn.<\/p>\n<p>Vu\u00f4ng &#8211; l\u00e0 c\u1ee9ng c\u1ecfi, ki\u00ean c\u01b0\u1eddng, quy t\u1eafc r\u00f5 r\u00e0ng, l\u00fd tr\u00ed \u0111\u00fang l\u00fac<\/p>\n<p>Tr\u00f2n &#8211; l\u00e0 m\u1ec1m d\u1ebbo, kh\u00e9o l\u00e9o, th\u1ea5u hi\u1ec3u nh\u00e2n sinh, c\u00f3 l\u00f2ng tr\u1eafc \u1ea9n.<\/p>\n<p>Con ng\u01b0\u1eddi, s\u1ed1ng \u201cvu\u00f4ng\u201d qu\u00e1, duy l\u00fd qu\u00e1 th\u00ec d\u1ec5 b\u1ecb c\u00e1i t\u00f4i v\u00e0 khu\u00f4n m\u1eabu c\u1ee9ng nh\u1eafc t\u1ef1 gi\u1edbi h\u1ea1n b\u1ea3n th\u00e2n, c\u00f2n \u0111\u1ec3 g\u00f3c c\u1ea1nh s\u1eafc nh\u1ecdn c\u1ee7a m\u00ecnh l\u00e0m t\u1ed5n th\u01b0\u01a1ng ng\u01b0\u1eddi kh\u00e1c. S\u1ed1ng \u201ctr\u00f2n\u201c qu\u00e1 l\u1ea1i d\u1ec5 b\u1ecb c\u1ea3m x\u00fac \u0111\u00e1nh l\u1eeba l\u00fd tr\u00ed, m\u1eb7c ng\u01b0\u1eddi \u0111i\u1ec1u khi\u1ec3n.<\/p>\n<p>Tr\u00ean \u0111\u1eddi kh\u00f4ng c\u00f3 l\u1ed1i s\u1ed1ng n\u00e0o l\u00e0m m\u1eabu s\u1ed1 chung cho t\u1ea5t c\u1ea3, ch\u1ec9 c\u00f3 c\u00e1ch m\u1ed7i ng\u01b0\u1eddi t\u1ef1 l\u1ef1a ch\u1ecdn con \u0111\u01b0\u1eddng c\u1ee7a m\u00ecnh ra sao, dung h\u1ee3p vu\u00f4ng &#8211; tr\u00f2n th\u1ebf n\u00e0o, \u0111\u1ec3 tranh \u0111\u00fang th\u1ee9 cho m\u00ecnh m\u00e0 kh\u00f4ng ng\u00e1ng \u0111\u01b0\u1eddng ng\u01b0\u1eddi kh\u00e1c, thu\u1eadn theo t\u1ef1 nhi\u00ean m\u00e0 kh\u00f4ng ph\u00f3 m\u1eb7c s\u1ed1 ph\u1eadn.<\/p>\n<p>\u201cB\u00e0i h\u1ecdc vu\u00f4ng tr\u00f2n &#8211; Bi\u1ebft m\u00ecnh \u0111\u1ec3 tranh, hi\u1ec3u \u0111\u1eddi \u0111\u1ec3 thu\u1eadn\u201d l\u00e0 t\u1eadp h\u1ee3p nh\u1eefng b\u00e0i h\u1ecdc v\u1ec1 l\u1ed1i c\u01b0 x\u1eed kh\u00e9o l\u00e9o, vu\u00f4ng &#8211; tr\u00f2n h\u00f2a h\u1ee3p, \u0111\u1ec3 b\u1ea1n bi\u1ebft ti\u1ebfn lui \u0111\u00fang l\u00fac, h\u00e0i l\u00f2ng v\u1edbi b\u1ea3n th\u00e2n m\u00e0 kh\u00f4ng g\u00e2y th\u00f9 o\u00e1n v\u1edbi th\u1ebf gi\u1edbi.<\/p>\n<p>Cu\u1ed9c s\u1ed1ng l\u00e0 s\u1ef1 t\u1ed5ng h\u00f2a c\u1ee7a nh\u1eefng th\u1eddi kh\u1eafc t\u01b0\u01a1i \u0111\u1eb9p v\u00e0 \u0111en t\u1ed1i. Nh\u01b0ng tr\u00ean \u0111\u1eddi kho\u0302ng co\u0301 su\u031b\u0323 pha\u0302n bie\u0323\u0302t \u027eo\u0303 \u027ea\u0300ng giu\u031b\u0303a bi ki\u0323ch va\u0300 hi\u0309 ki\u0323ch, ne\u0304\u0301\u1d1c ba\u0323n co\u0301 the\u0302\u0309 bu\u031bo\u031b\u0301c \u027ea tu\u031b\u0300 bi ki\u0323ch, \u0111o\u0301 la\u0300 hi\u0309 ki\u0323ch. Ne\u0304\u0301\u1d1c ba\u0323n chi\u0300m \u0111a\u0306\u0301m ma\u0303i t\u027eong hi\u0309 ki\u0323ch, \u0111o\u0301 la\u0300 bi ki\u0323ch.<\/p>\n<p>Tr\u1eddi tr\u00f2n \u0111\u1ea5t vu\u00f4ng, mong b\u1ea1n thong dong gi\u1eefa \u0111\u00f4i d\u00f2ng thu\u1eadn ngh\u1ecbch.<\/p>\n<p>Mong cho t\u00e2m h\u1ed3n b\u1ea1n \u00f4n h\u00f2a, nh\u01b0ng kh\u00f4ng bao gi\u1edd th\u1ecfa hi\u1ec7p.<\/p>\n<p>Mong b\u1ea1n kh\u00f4ng m\u01a1 m\u1ed9ng h\u00e3o huy\u1ec1n nh\u01b0ng l\u00f2ng lu\u00f4n h\u01b0\u1edbng v\u1ec1 ph\u01b0\u01a1ng xa.<\/p>\n<p>Mong b\u1ea1n lu\u00f4n c\u00f3 m\u1ee5c ti\u00eau \u0111\u1ec3 theo \u0111u\u1ed5i, s\u1ed1ng t\u1ed1t m\u1ed7i ng\u00e0y v\u00e0 lu\u00f4n l\u00e0m h\u1ebft s\u1ee9c m\u00ecnh.<\/p>\n<p>Mong b\u1ea1n gi\u1eef \u0111\u01b0\u1ee3c t\u00e2m l\u01b0\u01a1ng thi\u1ec7n nh\u01b0ng kh\u00f4ng \u0111\u00e1nh m\u1ea5t nguy\u00ean t\u1eafc c\u1ee7a b\u1ea3n th\u00e2n.<\/p>\n<p>Mong b\u1ea1n d\u00f9 c\u00f3 th\u1ec3 hi\u1ec7n t\u00e0i n\u0103ng c\u0169ng kh\u00f4ng qu\u00ean khi\u00eam t\u1ed1n.<\/p>\n","protected":false},"featured_media":7326,"template":"","meta":{"_acf_changed":false},"product_brand":[],"product_cat":[15,46],"product_tag":[],"class_list":{"0":"post-7327","1":"product","2":"type-product","3":"status-publish","4":"has-post-thumbnail","6":"product_cat-sach-danh-cho-nguoi-lon","7":"product_cat-ky-nang-song","9":"first","10":"outofstock","11":"taxable","12":"shipping-taxable","13":"purchasable","14":"product-type-simple"},"supplier_id":null,"supplier_sku":"","barcode":null,"atum_controlled":true,"out_stock_date":"2021-05-01 06:45:47","out_stock_threshold":null,"inheritable":false,"inbound_stock":0,"stock_on_hold":0,"sold_today":0,"sales_last_days":0,"reserved_stock":0,"customer_returns":0,"warehouse_damage":0,"lost_in_post":0,"other_logs":0,"out_stock_days":1733,"lost_sales":0,"has_location":false,"update_date":"2026-01-28T23:10:41","atum_locations":[],"atum_stock_status":"outofstock","restock_status":false,"low_stock_amount":"","sales_update_date":"2026-01-28T23:10:41","calc_backorders":null,"acf":{"publisher":{"ID":1460,"post_author":"1","post_date":"2021-02-17 01:12:24","post_date_gmt":"2021-02-16 23:12:24","post_content":"<!-- wp:flatsome\/uxbuilder -->\n<h1 style=\"text-align: center;\"><strong>Skybooks<\/strong><\/h1>\n[row]\n\n[col span=\"7\" span__sm=\"12\"]\n\n<p>C\u00f4ng ty ph\u00e1t h\u00e0nh s\u00e1ch Skybooks. \"T\u00f4i tr\u1ebb, t\u00f4i \u0111am m\u00ea\" v\u1edbi s\u1ee9 m\u1ec7nh lan to\u1ea3 c\u1ea3m x\u00fac v\u00e0 k\u1ebft n\u1ed1i t\u00e2m h\u1ed3n<\/p>\n<p><strong>Skybooks l\u00e0 c\u00e2u chuy\u1ec7n k\u1ec3 v\u1ec1:<\/strong><br \/>M\u1ed9t th\u1ebf h\u1ec7 ng\u01b0\u1eddi vi\u1ebft tr\u1ebb, \u0111am m\u00ea v\u0103n ch\u01b0\u01a1ng v\u00e0 t\u00f4n tr\u1ecdng, g\u00ecn gi\u1eef, s\u00e1ng t\u1ea1o Ti\u1ebfng Vi\u1ec7t. M\u1ed9t th\u1ebf h\u1ec7 \u0111\u1ed9c gi\u1ea3 tr\u1ebb, \u0111am m\u00ea kh\u00e1m ph\u00e1 ng\u00f4n ng\u1eef v\u00e0 say m\u00ea \u0111\u1ebfn v\u1edbi th\u1ebf gi\u1edbi c\u1ee7a nh\u1eefng quy\u1ec3n s\u00e1ch. M\u1ed9t th\u1ebf h\u1ec7 ng\u01b0\u1eddi l\u00e0m s\u00e1ch tr\u1ebb, \u0111am m\u00ea mang nh\u1eefng gi\u00e1 tr\u1ecb tinh th\u1ea7n l\u1ea1i g\u1ea7n ng\u01b0\u1eddi \u0111\u1ecdc.<br \/>Trong b\u1ed9 nh\u1eadn d\u1ea1ng th\u01b0\u01a1ng hi\u1ec7u:<br \/>Skybooks v\u1edbi ch\u1eef Sky m\u00e0u xanh da tr\u1eddi c\u00f3 \u00fd ngh\u0129a l\u00e0 c\u00f4ng ty B\u1ea7u Tr\u1eddi - n\u01a1i t\u1ea5t c\u1ea3 \u01b0\u1edbc m\u01a1 \u0111\u01b0\u1ee3c t\u1ef1 do tung c\u00e1nh.<br \/>V\u1edbi logo h\u00ecnh hoa b\u1ed3 c\u00f4ng anh \u0111ang bay t\u01b0\u1ee3ng tr\u01b0ng cho s\u1ef1 lan to\u1ea3 c\u1ea3m x\u00fac v\u00e0 kh\u00e1t v\u1ecdng bay cao.<br \/>K\u1ebb v\u1ea1ch logo c\u00f3 n\u1ec1n m\u00e0u ghi x\u00e1m xu\u1ea5t hi\u1ec7n tr\u00ean b\u00eca m\u1ecdi \u1ea5n ph\u1ea9m th\u1ec3 hi\u1ec7n con \u0111\u01b0\u1eddng b\u01b0\u1edbc v\u00e0o th\u1ecb tr\u01b0\u1eddng s\u00e1ch v\u00e0 chinh ph\u1ee5c \u0111\u1ed9c gi\u1ea3 l\u00e0 m\u1ed9t h\u00e0nh tr\u00ecnh d\u00e0i, \u0111\u1ea7y gian kh\u00f3, c\u00f3 nhi\u1ec1u b\u00e3o t\u1ed1, nh\u01b0ng ch\u1ec9 c\u1ea7n n\u1ed7 l\u1ef1c c\u1ed1 g\u1eafng nh\u1ea5t \u0111\u1ecbnh s\u1ebd ngo\u1ea1n m\u1ee5c v\u01b0\u1ee3t qua. \u0110\u1ec3 kh\u1eb3ng \u0111\u1ecbnh v\u00e0 ch\u1ee9ng minh ch\u00ednh m\u00ecnh!<\/p>\n\n[\/col]\n[col span=\"5\" span__sm=\"12\"]\n\n[ux_image id=\"1825\" image_size=\"medium\"]\n\n\n[\/col]\n\n[\/row]\n\n<!-- \/wp:flatsome\/uxbuilder -->","post_title":"Skybooks","post_excerpt":"","post_status":"publish","comment_status":"closed","ping_status":"closed","post_password":"","post_name":"skybooks","to_ping":"","pinged":"","post_modified":"2021-02-17 01:57:31","post_modified_gmt":"2021-02-16 23:57:31","post_content_filtered":"","post_parent":0,"guid":"https:\/\/sachviet.eu\/nha-phat-hanh\/skybooks\/","menu_order":0,"post_type":"publisher","post_mime_type":"","comment_count":"0","filter":"raw"}},"_links":{"self":[{"href":"https:\/\/sachviet.eu\/en\/wp-json\/wp\/v2\/product\/7327","targetHints":{"allow":["GET"]}}],"collection":[{"href":"https:\/\/sachviet.eu\/en\/wp-json\/wp\/v2\/product"}],"about":[{"href":"https:\/\/sachviet.eu\/en\/wp-json\/wp\/v2\/types\/product"}],"wp:featuredmedia":[{"embeddable":true,"href":"https:\/\/sachviet.eu\/en\/wp-json\/wp\/v2\/media\/7326"}],"wp:attachment":[{"href":"https:\/\/sachviet.eu\/en\/wp-json\/wp\/v2\/media?parent=7327"}],"wp:term":[{"taxonomy":"product_brand","embeddable":true,"href":"https:\/\/sachviet.eu\/en\/wp-json\/wp\/v2\/product_brand?post=7327"},{"taxonomy":"product_cat","embeddable":true,"href":"https:\/\/sachviet.eu\/en\/wp-json\/wp\/v2\/product_cat?post=7327"},{"taxonomy":"product_tag","embeddable":true,"href":"https:\/\/sachviet.eu\/en\/wp-json\/wp\/v2\/product_tag?post=7327"}],"curies":[{"name":"wp","href":"https:\/\/api.w.org\/{rel}","templated":true}]}}