{"id":7325,"date":"2021-03-30T12:04:34","date_gmt":"2021-03-30T09:04:34","guid":{"rendered":"https:\/\/sachviet.eu\/shop\/song-cham-25-chi-dan-tim-minh-trong-yen-a-song-mot-doi-thong-dong\/"},"modified":"2021-09-02T22:42:58","modified_gmt":"2021-09-02T19:42:58","slug":"song-cham-25-chi-dan-tim-minh-trong-yen-a-song-mot-doi-thong-dong","status":"publish","type":"product","link":"https:\/\/sachviet.eu\/en\/shop\/song-cham-25-chi-dan-tim-minh-trong-yen-a-song-mot-doi-thong-dong\/","title":{"rendered":"S\u1ed1ng Ch\u1eadm &#8211; 25 Ch\u1ec9 D\u1eabn T\u00ecm M\u00ecnh Trong Y\u00ean \u1ea2, S\u1ed1ng M\u1ed9t \u0110\u1eddi Thong Dong"},"content":{"rendered":"<p>S\u1ed1ng Ch\u1eadm c\u1ee7a Melanie Barnes l\u00e0 m\u1ed9t cu\u1ed1n s\u00e1ch d\u00e0nh cho t\u1ea5t c\u1ea3 nh\u1eefng ai \u0111ang mong mu\u1ed1n t\u00ecm v\u1ec1 gi\u00e1 tr\u1ecb \u0111\u00edch th\u1ef1c trong m\u1ed7i ch\u00fang ta, s\u1ed1ng ch\u1eadm l\u1ea1i gi\u1eefa nh\u1ecbp \u0111i\u1ec7u h\u1ed1i h\u1ea3 c\u1ee7a th\u1eddi \u0111\u1ea1i \u0111\u1ec3 bi\u1ebft y\u00eau th\u01b0\u01a1ng nhi\u1ec1u h\u01a1n.<\/p>\n<p>M\u1ed9t l\u1ed1i s\u1ed1ng h\u01b0\u1edbng \u0111\u1ebfn gi\u00e1 tr\u1ecb b\u00ean trong, tr\u00e2n tr\u1ecdng nh\u1eefng \u0111i\u1ec1u b\u00e9 nh\u1ecf th\u01b0\u1eddng ng\u00e0y v\u00e0 c\u1ea3m nh\u1eadn t\u1eebng ph\u00fat gi\u00e2y tr\u1ecdn v\u1eb9n nh\u1ea5t.<\/p>\n<p>\u0110\u00f3 l\u00e0 \u0111\u1ecbnh ngh\u0129a trong S\u1ed1ng Ch\u1eadm c\u1ee7a Melanie Barnes, ngu\u1ed3n c\u1ea3m h\u1ee9ng tuy\u1ec7t v\u1eddi \u0111\u1ec3 b\u1ea1n c\u00f3 th\u1ec3 b\u1eaft \u0111\u1ea7u l\u1ed1i s\u1ed1ng n\u00e0y theo c\u00e1ch m\u00ecnh mong mu\u1ed1n.<\/p>\n<p>B\u1eb1ng 25 ch\u1ec9 d\u1eabn s\u1ed1ng ch\u1eadm r\u00e3i v\u00e0 gi\u1ea3n \u0111\u01a1n, b\u1ea1n c\u00f3 th\u1ec3 t\u1ea1o th\u00eam nhi\u1ec1u kh\u00f4ng gian cho nh\u1eefng kho\u1ea3ng ngh\u1ec9 t\u0129nh t\u00e2m v\u00e0 nh\u1eefng kho\u1ea3nh kh\u1eafc b\u00ecnh y\u00ean. \u0110\u1ec3 t\u1eeb \u0111\u00f3, b\u1ea1n th\u1ea5u hi\u1ec3u ch\u00ednh m\u00ecnh, hi\u1ec3u h\u01a1n v\u1ec1 nh\u1eefng kh\u00e1t khao v\u00e0 t\u01b0\u01a1ng lai m\u00ecnh mong \u0111\u1ee3i. H\u00e3y y\u00eau th\u01b0\u01a1ng c\u01a1 th\u1ec3, h\u1ecdc c\u00e1ch l\u1eafng nghe nh\u1eefng th\u00f4ng \u0111i\u1ec7p l\u1edbn lao v\u00e0 l\u1eddi th\u00ec th\u1ea7m \u0111\u1ebfn t\u1eeb t\u00e2m h\u1ed3n.<\/p>\n<p>B\u1edfi, \u201ckhi ta ch\u1eadm r\u00e3i s\u1ed1ng l\u00e0 l\u00fac ta \u0111ang s\u1ed1ng m\u1ed9t cu\u1ed9c \u0111\u1eddi t\u1ed1t h\u01a1n.\u201d<\/p>\n<p>Melanie Barnes l\u00e0 t\u00e1c gi\u1ea3 v\u00e0 nhi\u1ebfp \u1ea3nh gia c\u1ee7a trang blog Geoffrey and Grace v\u00e0 trang Instagram @geoffreyandgrace \u2013 \u0110i\u1ec3m \u0111\u1ebfn cho c\u1ea3m h\u1ee9ng s\u1ed1ng ch\u1eadm v\u00e0 s\u1ed1ng t\u1ed1i gi\u1ea3n. V\u1edbi h\u01a1n 15 n\u0103m kinh nghi\u1ec7m trong vi\u1ec7c d\u1ea1y yoga, h\u01b0\u1edbng d\u1eabn thi\u1ec1n v\u00e0 m\u00e1t-xa tr\u1ecb li\u1ec7u, c\u00f4 chia s\u1ebb nh\u1eefng b\u00ed quy\u1ebft v\u00e0 \u0111\u01b0a ra l\u1eddi khuy\u00ean v\u1ec1 vi\u1ec7c s\u1ed1ng ch\u1eadm l\u1ea1i, c\u1ea3m nh\u1eadn nhi\u1ec1u h\u01a1n tr\u00ean trang blog c\u1ee7a m\u00ecnh, \u0111\u1ed3ng th\u1eddi cung c\u1ea5p nh\u1eefng b\u00e0i t\u1eadp online, nh\u1eefng kh\u00f3a tr\u1ecb li\u1ec7u qua nh\u1eefng b\u00e0i vi\u1ebft tr\u00ean t\u1ea1p ch\u00ed. C\u00f4 hi\u1ec7n \u0111ang s\u1ed1ng c\u00f9ng ch\u1ed3ng, con g\u00e1i v\u00e0 m\u1ed9t ch\u00fa m\u00e8o nh\u1ecf t\u1ea1i v\u00f9ng bi\u1ec3n \u1edf Sussex, Anh.<\/p>\n","protected":false},"excerpt":{"rendered":"<p>S\u1ed1ng Ch\u1eadm c\u1ee7a Melanie Barnes l\u00e0 m\u1ed9t cu\u1ed1n s\u00e1ch d\u00e0nh cho t\u1ea5t c\u1ea3 nh\u1eefng ai \u0111ang mong mu\u1ed1n t\u00ecm v\u1ec1 gi\u00e1 tr\u1ecb \u0111\u00edch th\u1ef1c trong m\u1ed7i ch\u00fang ta, s\u1ed1ng ch\u1eadm l\u1ea1i gi\u1eefa nh\u1ecbp \u0111i\u1ec7u h\u1ed1i h\u1ea3 c\u1ee7a th\u1eddi \u0111\u1ea1i \u0111\u1ec3 bi\u1ebft y\u00eau th\u01b0\u01a1ng nhi\u1ec1u h\u01a1n.<\/p>\n<p>M\u1ed9t l\u1ed1i s\u1ed1ng h\u01b0\u1edbng \u0111\u1ebfn gi\u00e1 tr\u1ecb b\u00ean trong, tr\u00e2n tr\u1ecdng nh\u1eefng \u0111i\u1ec1u b\u00e9 nh\u1ecf th\u01b0\u1eddng ng\u00e0y v\u00e0 c\u1ea3m nh\u1eadn t\u1eebng ph\u00fat gi\u00e2y tr\u1ecdn v\u1eb9n nh\u1ea5t.<\/p>\n<p>\u0110\u00f3 l\u00e0 \u0111\u1ecbnh ngh\u0129a trong S\u1ed1ng Ch\u1eadm c\u1ee7a Melanie Barnes, ngu\u1ed3n c\u1ea3m h\u1ee9ng tuy\u1ec7t v\u1eddi \u0111\u1ec3 b\u1ea1n c\u00f3 th\u1ec3 b\u1eaft \u0111\u1ea7u l\u1ed1i s\u1ed1ng n\u00e0y theo c\u00e1ch m\u00ecnh mong mu\u1ed1n.<\/p>\n<p>B\u1eb1ng 25 ch\u1ec9 d\u1eabn s\u1ed1ng ch\u1eadm r\u00e3i v\u00e0 gi\u1ea3n \u0111\u01a1n, b\u1ea1n c\u00f3 th\u1ec3 t\u1ea1o th\u00eam nhi\u1ec1u kh\u00f4ng gian cho nh\u1eefng kho\u1ea3ng ngh\u1ec9 t\u0129nh t\u00e2m v\u00e0 nh\u1eefng kho\u1ea3nh kh\u1eafc b\u00ecnh y\u00ean. \u0110\u1ec3 t\u1eeb \u0111\u00f3, b\u1ea1n th\u1ea5u hi\u1ec3u ch\u00ednh m\u00ecnh, hi\u1ec3u h\u01a1n v\u1ec1 nh\u1eefng kh\u00e1t khao v\u00e0 t\u01b0\u01a1ng lai m\u00ecnh mong \u0111\u1ee3i. H\u00e3y y\u00eau th\u01b0\u01a1ng c\u01a1 th\u1ec3, h\u1ecdc c\u00e1ch l\u1eafng nghe nh\u1eefng th\u00f4ng \u0111i\u1ec7p l\u1edbn lao v\u00e0 l\u1eddi th\u00ec th\u1ea7m \u0111\u1ebfn t\u1eeb t\u00e2m h\u1ed3n.<\/p>\n<p>B\u1edfi, \u201ckhi ta ch\u1eadm r\u00e3i s\u1ed1ng l\u00e0 l\u00fac ta \u0111ang s\u1ed1ng m\u1ed9t cu\u1ed9c \u0111\u1eddi t\u1ed1t h\u01a1n.\u201d<\/p>\n<p>Melanie Barnes l\u00e0 t\u00e1c gi\u1ea3 v\u00e0 nhi\u1ebfp \u1ea3nh gia c\u1ee7a trang blog Geoffrey and Grace v\u00e0 trang Instagram @geoffreyandgrace \u2013 \u0110i\u1ec3m \u0111\u1ebfn cho c\u1ea3m h\u1ee9ng s\u1ed1ng ch\u1eadm v\u00e0 s\u1ed1ng t\u1ed1i gi\u1ea3n. V\u1edbi h\u01a1n 15 n\u0103m kinh nghi\u1ec7m trong vi\u1ec7c d\u1ea1y yoga, h\u01b0\u1edbng d\u1eabn thi\u1ec1n v\u00e0 m\u00e1t-xa tr\u1ecb li\u1ec7u, c\u00f4 chia s\u1ebb nh\u1eefng b\u00ed quy\u1ebft v\u00e0 \u0111\u01b0a ra l\u1eddi khuy\u00ean v\u1ec1 vi\u1ec7c s\u1ed1ng ch\u1eadm l\u1ea1i, c\u1ea3m nh\u1eadn nhi\u1ec1u h\u01a1n tr\u00ean trang blog c\u1ee7a m\u00ecnh, \u0111\u1ed3ng th\u1eddi cung c\u1ea5p nh\u1eefng b\u00e0i t\u1eadp online, nh\u1eefng kh\u00f3a tr\u1ecb li\u1ec7u qua nh\u1eefng b\u00e0i vi\u1ebft tr\u00ean t\u1ea1p ch\u00ed. C\u00f4 hi\u1ec7n \u0111ang s\u1ed1ng c\u00f9ng ch\u1ed3ng, con g\u00e1i v\u00e0 m\u1ed9t ch\u00fa m\u00e8o nh\u1ecf t\u1ea1i v\u00f9ng bi\u1ec3n \u1edf Sussex, Anh.<\/p>\n","protected":false},"featured_media":7324,"template":"","meta":{"_acf_changed":false},"product_brand":[],"product_cat":[15,46],"product_tag":[],"class_list":{"0":"post-7325","1":"product","2":"type-product","3":"status-publish","4":"has-post-thumbnail","6":"product_cat-sach-danh-cho-nguoi-lon","7":"product_cat-ky-nang-song","9":"first","10":"outofstock","11":"taxable","12":"shipping-taxable","13":"purchasable","14":"product-type-simple"},"supplier_id":null,"supplier_sku":"","barcode":null,"atum_controlled":true,"out_stock_date":"2021-09-02 19:42:58","out_stock_threshold":null,"inheritable":false,"inbound_stock":0,"stock_on_hold":0,"sold_today":0,"sales_last_days":0,"reserved_stock":0,"customer_returns":0,"warehouse_damage":0,"lost_in_post":0,"other_logs":0,"out_stock_days":1609,"lost_sales":0,"has_location":false,"update_date":"2026-01-28T23:10:41","atum_locations":[],"atum_stock_status":"outofstock","restock_status":false,"low_stock_amount":"","sales_update_date":"2026-01-28T23:10:41","calc_backorders":null,"acf":{"publisher":{"ID":1785,"post_author":"1","post_date":"2021-02-17 01:54:46","post_date_gmt":"2021-02-16 23:54:46","post_content":"<!-- wp:flatsome\/uxbuilder -->\n<h1 style=\"text-align: center;\"><strong>AZ VIETNAM<\/strong><\/h1>\n[row]\n\n[col span=\"8\" span__sm=\"12\"]\n\n<p>Th\u00e0nh l\u1eadp n\u0103m: 2015<br \/>V\u1ed1n \u0111\u1ea7u t\u01b0: 4,000,000,000 \u0111\u1ed3ng<br \/><strong>L\u0129nh v\u1ef1c:<\/strong><br \/>- Xu\u1ea5t b\u1ea3n v\u00e0 ph\u00e1t h\u00e0nh v\u0103n h\u00f3a ph\u1ea9m<br \/>- Cung c\u1ea5p v\u0103n h\u00f3a ph\u1ea9m, c\u00e1c s\u1ea3n ph\u1ea9m cho in \u1ea5n, trang thi\u1ebft b\u1ecb cho c\u00e1c th\u01b0 vi\u1ec7n v\u00e0 trung t\u00e2m s\u00e1ch tr\u00ean c\u1ea3 n\u01b0\u1edbc.<br \/>- Th\u1eddi trang v\u00e0 c\u00e1c s\u1ea3n ph\u1ea9m li\u00ean quan \u0111\u1ebfn l\u0129nh v\u1ef1c th\u1eddi trang<br \/>- Xu\u1ea5t nh\u1eadp kh\u1ea9u c\u00e1c s\u1ea3n ph\u1ea9m v\u0103n h\u00f3a<\/p>\n<p><strong>Quy m\u00f4:<\/strong> 60 nh\u00e2n vi\u00ean<br \/>Kh\u1edfi ngu\u1ed3n c\u1ee7a AZ Vi\u1ec7t Nam ng\u00e0y nay l\u00e0 C\u00f4ng ty TNHH Trung t\u00e2m S\u00e1ch v\u00e0 Thi\u1ebft b\u1ecb Th\u01b0 vi\u1ec7n, v\u1edbi ho\u1ea1t \u0111\u1ed9ng \u0111\u1ea7u ti\u00ean l\u00e0 cung c\u1ea5p s\u00e1ch, trang thi\u1ebft b\u1ecb, v\u0103n h\u00f3a ph\u1ea9m cho c\u00e1c th\u01b0 vi\u1ec7n v\u00e0 trung t\u00e2m s\u00e1ch tr\u00ean c\u1ea3 n\u01b0\u1edbc. T\u1eeb cu\u1ed1i n\u0103m 2010 \u0111\u1ebfn nay, ch\u00fang t\u00f4i \u0111\u00e3 kh\u00f4ng ng\u1eebng n\u1ed7 l\u1ef1c khai ph\u00e1 v\u00e0 ph\u00e1t tri\u1ec3n c\u00e1c d\u00f2ng s\u1ea3n ph\u1ea9m m\u1edbi v\u1edbi 8 th\u01b0\u01a1ng hi\u1ec7u uy t\u00edn. \u0110\u1ec3 \u0111\u00e1p \u1ee9ng nhu c\u1ea7u ph\u00e1t tri\u1ec3n ng\u00e0y m\u1ed9t l\u1edbn m\u1ea1nh v\u00e0 t\u1eadp h\u1ee3p c\u00e1c th\u01b0\u01a1ng hi\u1ec7u \u0111\u00e3 \u0111\u01b0\u1ee3c ch\u00fang t\u00f4i x\u00e2y d\u1ef1ng, 2015 C\u00f4ng ty TNHH AZ Vi\u1ec7t Nam \u0111\u00e3 ra \u0111\u1eddi v\u1edbi s\u1ee9 m\u1ec7nh mang \u0111\u1ebfn nhi\u1ec1u h\u01a1n n\u1eefa nh\u1eefng gi\u00e1 tr\u1ecb tinh th\u1ea7n, tri th\u1ee9c ti\u00ean ti\u1ebfn cho ng\u01b0\u1eddi ti\u00eau d\u00f9ng b\u1eb1ng vi\u1ec7c cung c\u1ea5p nh\u1eefng s\u1ea3n ph\u1ea9m c\u00f3 ch\u1ea5t l\u01b0\u1ee3ng.<\/p>\n\n[\/col]\n[col span=\"4\" span__sm=\"12\"]\n\n[ux_image id=\"1836\" image_size=\"medium\"]\n\n\n[\/col]\n\n[\/row]\n\n<!-- \/wp:flatsome\/uxbuilder -->","post_title":"AZ Vi\u1ec7t Nam","post_excerpt":"","post_status":"publish","comment_status":"closed","ping_status":"closed","post_password":"","post_name":"az-viet-nam","to_ping":"","pinged":"","post_modified":"2021-02-17 22:07:10","post_modified_gmt":"2021-02-17 20:07:10","post_content_filtered":"","post_parent":0,"guid":"https:\/\/sachviet.eu\/nha-phat-hanh\/az-viet-nam\/","menu_order":0,"post_type":"publisher","post_mime_type":"","comment_count":"0","filter":"raw"}},"_links":{"self":[{"href":"https:\/\/sachviet.eu\/en\/wp-json\/wp\/v2\/product\/7325","targetHints":{"allow":["GET"]}}],"collection":[{"href":"https:\/\/sachviet.eu\/en\/wp-json\/wp\/v2\/product"}],"about":[{"href":"https:\/\/sachviet.eu\/en\/wp-json\/wp\/v2\/types\/product"}],"wp:featuredmedia":[{"embeddable":true,"href":"https:\/\/sachviet.eu\/en\/wp-json\/wp\/v2\/media\/7324"}],"wp:attachment":[{"href":"https:\/\/sachviet.eu\/en\/wp-json\/wp\/v2\/media?parent=7325"}],"wp:term":[{"taxonomy":"product_brand","embeddable":true,"href":"https:\/\/sachviet.eu\/en\/wp-json\/wp\/v2\/product_brand?post=7325"},{"taxonomy":"product_cat","embeddable":true,"href":"https:\/\/sachviet.eu\/en\/wp-json\/wp\/v2\/product_cat?post=7325"},{"taxonomy":"product_tag","embeddable":true,"href":"https:\/\/sachviet.eu\/en\/wp-json\/wp\/v2\/product_tag?post=7325"}],"curies":[{"name":"wp","href":"https:\/\/api.w.org\/{rel}","templated":true}]}}